{"id":8168,"date":"2021-08-11T19:12:57","date_gmt":"2021-08-11T19:12:57","guid":{"rendered":"https:\/\/amnromania.ro\/?page_id=8168"},"modified":"2022-03-31T20:58:12","modified_gmt":"2022-03-31T18:58:12","slug":"az-ayurveda-tanfolyamok-felepitese","status":"publish","type":"page","link":"https:\/\/amnromania.ro\/hu\/az-ayurveda-tanfolyamok-felepitese\/","title":{"rendered":"Az Ayurveda tanfolyamok fel\u00e9p\u00edt\u00e9se"},"content":{"rendered":"<div data-elementor-type=\"wp-page\" data-elementor-id=\"8168\" class=\"elementor elementor-8168\" data-elementor-post-type=\"page\">\n\t\t\t\t\t\t<section class=\"elementor-section elementor-top-section elementor-element elementor-element-1327fb3 elementor-section-boxed elementor-section-height-default elementor-section-height-default\" data-id=\"1327fb3\" data-element_type=\"section\">\n\t\t\t\t\t\t<div class=\"elementor-container elementor-column-gap-default\">\n\t\t\t\t\t<div class=\"elementor-column elementor-col-50 elementor-top-column elementor-element elementor-element-0031825\" data-id=\"0031825\" data-element_type=\"column\">\n\t\t\t<div class=\"elementor-widget-wrap elementor-element-populated\">\n\t\t\t\t\t\t<div class=\"elementor-element elementor-element-abc3667 elementor-nav-menu__align-start elementor-nav-menu__text-align-center elementor-nav-menu--dropdown-tablet elementor-nav-menu--toggle elementor-nav-menu--burger elementor-widget elementor-widget-global elementor-global-4259 elementor-widget-nav-menu\" data-id=\"abc3667\" data-element_type=\"widget\" data-settings=\"{&quot;layout&quot;:&quot;vertical&quot;,&quot;submenu_icon&quot;:{&quot;value&quot;:&quot;fas fa-caret-down&quot;,&quot;library&quot;:&quot;fa-solid&quot;},&quot;toggle&quot;:&quot;burger&quot;}\" data-widget_type=\"nav-menu.default\">\n\t\t\t\t<div class=\"elementor-widget-container\">\n\t\t\t\t\t\t\t\t<nav aria-label=\"Men\u00fc\" class=\"elementor-nav-menu--main elementor-nav-menu__container elementor-nav-menu--layout-vertical e--pointer-background e--animation-fade\">\n\t\t\t\t<ul id=\"menu-1-abc3667\" class=\"elementor-nav-menu sm-vertical\"><li class=\"menu-item menu-item-type-post_type menu-item-object-page menu-item-4237\"><a href=\"https:\/\/amnromania.ro\/hu\/tevekenyseg\/ayurveda-tanfolyamok\/\" class=\"elementor-item\">Ayurveda tanfolyamok<\/a><\/li>\n<li class=\"menu-item menu-item-type-post_type menu-item-object-page menu-item-4234\"><a href=\"https:\/\/amnromania.ro\/hu\/tevekenyseg\/ayurveda-versenyek\/\" class=\"elementor-item\">Ayurveda versenyek<\/a><\/li>\n<li class=\"menu-item menu-item-type-post_type menu-item-object-page menu-item-4235\"><a href=\"https:\/\/amnromania.ro\/hu\/tevekenyseg\/ayurveda-konferencia\/\" class=\"elementor-item\">Ayurveda konferenci\u00e1k<\/a><\/li>\n<li class=\"menu-item menu-item-type-post_type menu-item-object-page menu-item-4236\"><a href=\"https:\/\/amnromania.ro\/hu\/tevekenyseg\/ayurveda-kongresszus\/\" class=\"elementor-item\">Ayurveda kongresszus<\/a><\/li>\n<li class=\"menu-item menu-item-type-post_type menu-item-object-page menu-item-5535\"><a href=\"https:\/\/amnromania.ro\/hu\/tevekenyseg\/ayurveda-taborok\/\" class=\"elementor-item\">Ayurveda t\u00e1borok<\/a><\/li>\n<\/ul>\t\t\t<\/nav>\n\t\t\t\t\t<div class=\"elementor-menu-toggle\" role=\"button\" tabindex=\"0\" aria-label=\"Toggle men\u00fc\" aria-expanded=\"false\">\n\t\t\t<i aria-hidden=\"true\" role=\"presentation\" class=\"elementor-menu-toggle__icon--open eicon-menu-bar\"><\/i><i aria-hidden=\"true\" role=\"presentation\" class=\"elementor-menu-toggle__icon--close eicon-close\"><\/i>\t\t<\/div>\n\t\t\t\t\t<nav class=\"elementor-nav-menu--dropdown elementor-nav-menu__container\" aria-hidden=\"true\">\n\t\t\t\t<ul id=\"menu-2-abc3667\" class=\"elementor-nav-menu sm-vertical\"><li class=\"menu-item menu-item-type-post_type menu-item-object-page menu-item-4237\"><a href=\"https:\/\/amnromania.ro\/hu\/tevekenyseg\/ayurveda-tanfolyamok\/\" class=\"elementor-item\" tabindex=\"-1\">Ayurveda tanfolyamok<\/a><\/li>\n<li class=\"menu-item menu-item-type-post_type menu-item-object-page menu-item-4234\"><a href=\"https:\/\/amnromania.ro\/hu\/tevekenyseg\/ayurveda-versenyek\/\" class=\"elementor-item\" tabindex=\"-1\">Ayurveda versenyek<\/a><\/li>\n<li class=\"menu-item menu-item-type-post_type menu-item-object-page menu-item-4235\"><a href=\"https:\/\/amnromania.ro\/hu\/tevekenyseg\/ayurveda-konferencia\/\" class=\"elementor-item\" tabindex=\"-1\">Ayurveda konferenci\u00e1k<\/a><\/li>\n<li class=\"menu-item menu-item-type-post_type menu-item-object-page menu-item-4236\"><a href=\"https:\/\/amnromania.ro\/hu\/tevekenyseg\/ayurveda-kongresszus\/\" class=\"elementor-item\" tabindex=\"-1\">Ayurveda kongresszus<\/a><\/li>\n<li class=\"menu-item menu-item-type-post_type menu-item-object-page menu-item-5535\"><a href=\"https:\/\/amnromania.ro\/hu\/tevekenyseg\/ayurveda-taborok\/\" class=\"elementor-item\" tabindex=\"-1\">Ayurveda t\u00e1borok<\/a><\/li>\n<\/ul>\t\t\t<\/nav>\n\t\t\t\t\t\t<\/div>\n\t\t\t\t<\/div>\n\t\t\t\t\t<\/div>\n\t\t<\/div>\n\t\t\t\t<div class=\"elementor-column elementor-col-50 elementor-top-column elementor-element elementor-element-91fd2b0\" data-id=\"91fd2b0\" data-element_type=\"column\">\n\t\t\t<div class=\"elementor-widget-wrap elementor-element-populated\">\n\t\t\t\t\t\t<div class=\"elementor-element elementor-element-faeef18 elementor-widget elementor-widget-text-editor\" data-id=\"faeef18\" data-element_type=\"widget\" data-widget_type=\"text-editor.default\">\n\t\t\t\t<div class=\"elementor-widget-container\">\n\t\t\t\t\t\t\t\t\t<h1 style=\"text-align: center;\"><strong><span style=\"color: #ffcc00;\">AZ AMN-ROMANIA AYURVEDA TANFOLYAM FEL\u00c9P\u00cdT\u00c9SE<\/span><\/strong><\/h1><p>Az AMN Ayurveda tanfolyam alapvet\u0151 fel\u00e9p\u00edt\u00e9se a k\u00f6vetkez\u0151k szerint alakul <strong>triplett elm\u00e9let - gyakorlati alkalmaz\u00e1sok - szemin\u00e1rium.<\/strong><\/p><p>A k\u00fcl\u00f6nb\u00f6z\u0151 Ayurveda tanfolyami t\u00e9m\u00e1k tanterve a k\u00f6vetkez\u0151kre \u00e9p\u00fcl <a href=\"https:\/\/amnromania.ro\/hu\/tevekenyseg\/ayurveda-tanfolyamok\/temak-cimezve\/\">szakaszok<\/a>. Ezeket a szakaszokat \u00e1ltal\u00e1ban a heti ayurv\u00e9da tanfolyamrendszerben t\u00e1rgyalj\u00e1k a szeptemberben kezd\u0151d\u0151 \u00e9s a k\u00f6vetkez\u0151 napt\u00e1ri \u00e9v j\u00falius\u00e1ig tart\u00f3 tan\u00e9v sor\u00e1n. Az egyes r\u00e9sztvev\u0151k v\u00e1laszt\u00e1s\u00e1t\u00f3l f\u00fcgg\u0151en a temp\u00f3 a konkr\u00e9t tanul\u00e1si lehet\u0151s\u00e9gekhez igaz\u00edthat\u00f3. A hangs\u00falyt az el\u0151ad\u00f3 \u00e9s a tanul\u00f3k k\u00f6z\u00f6tti gy\u00fcm\u00f6lcs\u00f6z\u0151 p\u00e1rbesz\u00e9dre helyezik.<\/p><p>Az \u00e1jurv\u00e9da tanfolyam els\u0151 h\u00e1rom \u00e9ve az \u00e1jurv\u00e9da kompetenci\u00e1k \u00fagynevezett els\u0151 szintj\u00e9t ny\u00fajtja a r\u00e9sztvev\u0151knek, amely az \u00e1ltal\u00e1nos kompetenciaszabv\u00e1nyok rendszer\u00e9ben megfelel a k\u00e9pes\u00edt\u00e9s 1. szintj\u00e9nek, az alapszintnek, amelyet az \u00e1jurv\u00e9d\u00e1ban \u00e1jurv\u00e9dikus gyakorl\u00f3 szintnek neveznek. Ez az els\u0151 ayurv\u00e9dikus k\u00e9pzetts\u00e9gi szint mag\u00e1ban foglalja az ayurv\u00e9dikus alkotm\u00e1nyok \u00e9s sz\u00e1mos kapcsol\u00f3d\u00f3 gyakorlati alkalmaz\u00e1s (Dosha-parkriti) ismeret\u00e9nek alapvet\u0151 szempontjait, az \u00e9letm\u00f3d alak\u00edt\u00e1s\u00e1nak \u00e9s j\u00f3t\u00e9kony alkalmazkod\u00e1s\u00e1nak szempontjait (Svasthavritta), valamint a term\u00e9szetes \u00e9lelmiszerek \u00e9s gy\u00f3gyn\u00f6v\u00e9nyek - mind a r\u00f3mai, mind az indiai - ayurv\u00e9dikus alapelvekkel \u00e9s m\u00f3dozatokkal \u00f6sszhangban t\u00f6rt\u00e9n\u0151 ayurv\u00e9dikus felhaszn\u00e1l\u00e1s\u00e1nak szempontjait (Dravyaguna).\u00a0<\/p><p>Ez a h\u00e1rom alapszakasz alkotja az AMN-Rom\u00e1nia Ayurveda tanfolyam els\u0151 3 \u00e9v\u00e9nek tananyag\u00e1t, \u00edgy ezek elv\u00e9gz\u00e9se biztos\u00edtja az ayurv\u00e9da alapk\u00e9pes\u00edt\u00e9s megszerz\u00e9s\u00e9t, ami \u00f6sszesen 360-450 \u00f3ra ayurv\u00e9dikus tanulm\u00e1nyi \u00e9s gyakorlati \u00f3r\u00e1t jelent.<\/p><p>L\u00e1sd m\u00e9g: <a href=\"https:\/\/amnromania.ro\/hu\/tevekenyseg\/ayurveda-tanfolyamok\/temak-cimezve\/\">Az AMN-Rom\u00e1nia kurzus sor\u00e1n tanult hagyom\u00e1nyos ayurv\u00e9da rendszer szakter\u00fcletei \u00e9s specialit\u00e1sai<\/a><\/p>\t\t\t\t\t\t\t\t<\/div>\n\t\t\t\t<\/div>\n\t\t\t\t<div class=\"elementor-element elementor-element-a83c4e2 elementor-align-center elementor-widget elementor-widget-global elementor-global-10369 elementor-widget-button\" data-id=\"a83c4e2\" data-element_type=\"widget\" data-widget_type=\"button.default\">\n\t\t\t\t<div class=\"elementor-widget-container\">\n\t\t\t\t\t\t\t\t\t<div class=\"elementor-button-wrapper\">\n\t\t\t\t\t<a class=\"elementor-button elementor-button-link elementor-size-lg\" href=\"https:\/\/amnromania.ro\/hu\/tevekenyseg\/ayurveda-tanfolyamok\/regisztracio\/\">\n\t\t\t\t\t\t<span class=\"elementor-button-content-wrapper\">\n\t\t\t\t\t\t\t\t\t<span class=\"elementor-button-text\">AYURVEDA TANFOLYAMOK REGISZTR\u00c1CI\u00d3<\/span>\n\t\t\t\t\t<\/span>\n\t\t\t\t\t<\/a>\n\t\t\t\t<\/div>\n\t\t\t\t\t\t\t\t<\/div>\n\t\t\t\t<\/div>\n\t\t\t\t\t<\/div>\n\t\t<\/div>\n\t\t\t\t\t<\/div>\n\t\t<\/section>\n\t\t\t\t<\/div>","protected":false},"excerpt":{"rendered":"<p>AZ AMN-ROMANIA AYURVEDA TANFOLYAM SZERKEZETE Az AMN Ayurveda tanfolyam alapvet\u0151 fel\u00e9p\u00edt\u00e9se az elm\u00e9let - gyakorlati alkalmaz\u00e1sok - szemin\u00e1rium h\u00e1rmas kombin\u00e1ci\u00f3ja szerint van kialak\u00edtva. A k\u00fcl\u00f6nb\u00f6z\u0151 ayurv\u00e9da tanfolyami t\u00e9m\u00e1k tanterve szakaszokra tagol\u00f3dik. Ezeket a szakaszokat \u00e1ltal\u00e1ban a heti Ayurveda tanfolyamok rendszer\u00e9ben egy [...]<\/p>","protected":false},"author":1,"featured_media":0,"parent":0,"menu_order":0,"comment_status":"closed","ping_status":"closed","template":"","meta":{"_mi_skip_tracking":false,"_analytify_skip_tracking":false,"footnotes":""},"class_list":["post-8168","page","type-page","status-publish","hentry"],"aioseo_notices":[],"aioseo_head":"\n\t\t<!-- All in One SEO Pro 4.7.0 - aioseo.com -->\n\t\t<meta name=\"description\" content=\"Cursuri de Ayurveda Concursuri de Ayurveda Conferinte de Ayurveda Congrese de Ayurveda Tabere de Ayurveda Cursuri de Ayurveda Concursuri de Ayurveda Conferinte de Ayurveda Congrese de Ayurveda Tabere de Ayurveda STRUCTURA CURSULUI DE AYURVEDA AMN-ROM\u00c2NIAStructura de baz\u0103 a unui curs de Ayurveda AMN este adaptat\u0103 \u00een func\u0163ie de tripletul teorie \u2013 aplica\u0163ii practice \u2013 seminar.Programa\" \/>\n\t\t<meta name=\"robots\" content=\"max-image-preview:large\" \/>\n\t\t<meta name=\"google-site-verification\" content=\"G-391X30D2FS\" \/>\n\t\t<link rel=\"canonical\" href=\"https:\/\/amnromania.ro\/hu\/az-ayurveda-tanfolyamok-felepitese\/\" \/>\n\t\t<meta name=\"generator\" content=\"All in One SEO Pro (AIOSEO) 4.7.0\" \/>\n\t\t<meta property=\"og:locale\" content=\"hu_HU\" \/>\n\t\t<meta property=\"og:site_name\" content=\"AMN Ayurveda ROM\u00c2NIA | Asociatia Nationala pentru Promovarea Medicinelor Neconventionale\" \/>\n\t\t<meta property=\"og:type\" content=\"article\" \/>\n\t\t<meta property=\"og:title\" content=\"Structura cursurilor de Ayurveda | AMN Ayurveda ROM\u00c2NIA\" \/>\n\t\t<meta property=\"og:description\" content=\"Cursuri de Ayurveda Concursuri de Ayurveda Conferinte de Ayurveda Congrese de Ayurveda Tabere de Ayurveda Cursuri de Ayurveda Concursuri de Ayurveda Conferinte de Ayurveda Congrese de Ayurveda Tabere de Ayurveda STRUCTURA CURSULUI DE AYURVEDA AMN-ROM\u00c2NIAStructura de baz\u0103 a unui curs de Ayurveda AMN este adaptat\u0103 \u00een func\u0163ie de tripletul teorie \u2013 aplica\u0163ii practice \u2013 seminar.Programa\" \/>\n\t\t<meta property=\"og:url\" content=\"https:\/\/amnromania.ro\/hu\/az-ayurveda-tanfolyamok-felepitese\/\" \/>\n\t\t<meta property=\"og:image\" content=\"https:\/\/amnromania.ro\/ynorsyju\/2021\/06\/Ayurveda-in-Romania-Vol.-2-Ro.jpg\" \/>\n\t\t<meta property=\"og:image:secure_url\" content=\"https:\/\/amnromania.ro\/ynorsyju\/2021\/06\/Ayurveda-in-Romania-Vol.-2-Ro.jpg\" \/>\n\t\t<meta property=\"article:published_time\" content=\"2021-08-11T19:12:57+00:00\" \/>\n\t\t<meta property=\"article:modified_time\" content=\"2022-03-31T18:58:12+00:00\" \/>\n\t\t<meta property=\"article:publisher\" content=\"https:\/\/www.facebook.com\/AMNRomania\" \/>\n\t\t<script type=\"application\/ld+json\" class=\"aioseo-schema\">\n\t\t\t{\"@context\":\"https:\\\/\\\/schema.org\",\"@graph\":[{\"@type\":\"BreadcrumbList\",\"@id\":\"https:\\\/\\\/amnromania.ro\\\/hu\\\/az-ayurveda-tanfolyamok-felepitese\\\/#breadcrumblist\",\"itemListElement\":[{\"@type\":\"ListItem\",\"@id\":\"https:\\\/\\\/amnromania.ro\\\/hu\\\/#listItem\",\"position\":1,\"name\":\"Home\",\"item\":\"https:\\\/\\\/amnromania.ro\\\/hu\\\/\",\"nextItem\":\"https:\\\/\\\/amnromania.ro\\\/hu\\\/az-ayurveda-tanfolyamok-felepitese\\\/#listItem\"},{\"@type\":\"ListItem\",\"@id\":\"https:\\\/\\\/amnromania.ro\\\/hu\\\/az-ayurveda-tanfolyamok-felepitese\\\/#listItem\",\"position\":2,\"name\":\"Structura cursurilor de Ayurveda\",\"previousItem\":\"https:\\\/\\\/amnromania.ro\\\/hu\\\/#listItem\"}]},{\"@type\":\"Organization\",\"@id\":\"https:\\\/\\\/amnromania.ro\\\/hu\\\/#organization\",\"name\":\"AMN Ayurveda Romania\",\"url\":\"https:\\\/\\\/amnromania.ro\\\/hu\\\/\",\"logo\":{\"@type\":\"ImageObject\",\"url\":\"https:\\\/\\\/amnromania.ro\\\/ynorsyju\\\/2020\\\/10\\\/amn.png\",\"@id\":\"https:\\\/\\\/amnromania.ro\\\/hu\\\/az-ayurveda-tanfolyamok-felepitese\\\/#organizationLogo\"},\"image\":{\"@id\":\"https:\\\/\\\/amnromania.ro\\\/hu\\\/az-ayurveda-tanfolyamok-felepitese\\\/#organizationLogo\"},\"sameAs\":[\"https:\\\/\\\/www.facebook.com\\\/AMNRomania\",\"https:\\\/\\\/www.youtube.com\\\/channel\\\/UClfqKxiq_uZ11rthDIT3-BQ\\\/videos\"]},{\"@type\":\"WebPage\",\"@id\":\"https:\\\/\\\/amnromania.ro\\\/hu\\\/az-ayurveda-tanfolyamok-felepitese\\\/#webpage\",\"url\":\"https:\\\/\\\/amnromania.ro\\\/hu\\\/az-ayurveda-tanfolyamok-felepitese\\\/\",\"name\":\"Structura cursurilor de Ayurveda | AMN Ayurveda ROM\\u00c2NIA\",\"description\":\"Cursuri de Ayurveda Concursuri de Ayurveda Conferinte de Ayurveda Congrese de Ayurveda Tabere de Ayurveda Cursuri de Ayurveda Concursuri de Ayurveda Conferinte de Ayurveda Congrese de Ayurveda Tabere de Ayurveda STRUCTURA CURSULUI DE AYURVEDA AMN-ROM\\u00c2NIAStructura de baz\\u0103 a unui curs de Ayurveda AMN este adaptat\\u0103 \\u00een func\\u0163ie de tripletul teorie \\u2013 aplica\\u0163ii practice \\u2013 seminar.Programa\",\"inLanguage\":\"hu-HU\",\"isPartOf\":{\"@id\":\"https:\\\/\\\/amnromania.ro\\\/hu\\\/#website\"},\"breadcrumb\":{\"@id\":\"https:\\\/\\\/amnromania.ro\\\/hu\\\/az-ayurveda-tanfolyamok-felepitese\\\/#breadcrumblist\"},\"datePublished\":\"2021-08-11T19:12:57+02:00\",\"dateModified\":\"2022-03-31T20:58:12+02:00\"},{\"@type\":\"WebSite\",\"@id\":\"https:\\\/\\\/amnromania.ro\\\/hu\\\/#website\",\"url\":\"https:\\\/\\\/amnromania.ro\\\/hu\\\/\",\"name\":\"AMN Ayurveda ROM\\u00c2NIA\",\"description\":\"Asociatia Nationala pentru Promovarea Medicinelor Neconventionale\",\"inLanguage\":\"hu-HU\",\"publisher\":{\"@id\":\"https:\\\/\\\/amnromania.ro\\\/hu\\\/#organization\"}}]}\n\t\t<\/script>\n\t\t<!-- All in One SEO Pro -->\r\n\t\t<title>Structura cursurilor de Ayurveda | AMN Ayurveda ROM\u00c2NIA<\/title>\n\n","aioseo_head_json":{"title":"Structura cursurilor de Ayurveda | AMN Ayurveda ROM\u00c2NIA","description":"Cursuri de Ayurveda Concursuri de Ayurveda Conferinte de Ayurveda Congrese de Ayurveda Tabere de Ayurveda Cursuri de Ayurveda Concursuri de Ayurveda Conferinte de Ayurveda Congrese de Ayurveda Tabere de Ayurveda STRUCTURA CURSULUI DE AYURVEDA AMN-ROM\u00c2NIAStructura de baz\u0103 a unui curs de Ayurveda AMN este adaptat\u0103 \u00een func\u0163ie de tripletul teorie \u2013 aplica\u0163ii practice \u2013 seminar.Programa","canonical_url":"https:\/\/amnromania.ro\/hu\/az-ayurveda-tanfolyamok-felepitese\/","robots":"max-image-preview:large","keywords":"","webmasterTools":{"google-site-verification":"G-391X30D2FS","miscellaneous":""},"og:locale":"hu_HU","og:site_name":"AMN Ayurveda ROM\u00c2NIA | Asociatia Nationala pentru Promovarea Medicinelor Neconventionale","og:type":"article","og:title":"Structura cursurilor de Ayurveda | AMN Ayurveda ROM\u00c2NIA","og:description":"Cursuri de Ayurveda Concursuri de Ayurveda Conferinte de Ayurveda Congrese de Ayurveda Tabere de Ayurveda Cursuri de Ayurveda Concursuri de Ayurveda Conferinte de Ayurveda Congrese de Ayurveda Tabere de Ayurveda STRUCTURA CURSULUI DE AYURVEDA AMN-ROM\u00c2NIAStructura de baz\u0103 a unui curs de Ayurveda AMN este adaptat\u0103 \u00een func\u0163ie de tripletul teorie \u2013 aplica\u0163ii practice \u2013 seminar.Programa","og:url":"https:\/\/amnromania.ro\/hu\/az-ayurveda-tanfolyamok-felepitese\/","og:image":"https:\/\/amnromania.ro\/ynorsyju\/2021\/06\/Ayurveda-in-Romania-Vol.-2-Ro.jpg","og:image:secure_url":"https:\/\/amnromania.ro\/ynorsyju\/2021\/06\/Ayurveda-in-Romania-Vol.-2-Ro.jpg","article:published_time":"2021-08-11T19:12:57+00:00","article:modified_time":"2022-03-31T18:58:12+00:00","article:publisher":"https:\/\/www.facebook.com\/AMNRomania","schema":{"@context":"https:\/\/schema.org","@graph":[{"@type":"BreadcrumbList","@id":"https:\/\/amnromania.ro\/hu\/az-ayurveda-tanfolyamok-felepitese\/#breadcrumblist","itemListElement":[{"@type":"ListItem","@id":"https:\/\/amnromania.ro\/hu\/#listItem","position":1,"name":"Home","item":"https:\/\/amnromania.ro\/hu\/","nextItem":"https:\/\/amnromania.ro\/hu\/az-ayurveda-tanfolyamok-felepitese\/#listItem"},{"@type":"ListItem","@id":"https:\/\/amnromania.ro\/hu\/az-ayurveda-tanfolyamok-felepitese\/#listItem","position":2,"name":"Structura cursurilor de Ayurveda","previousItem":"https:\/\/amnromania.ro\/hu\/#listItem"}]},{"@type":"Organization","@id":"https:\/\/amnromania.ro\/hu\/#organization","name":"AMN Ayurveda Romania","url":"https:\/\/amnromania.ro\/hu\/","logo":{"@type":"ImageObject","url":"https:\/\/amnromania.ro\/ynorsyju\/2020\/10\/amn.png","@id":"https:\/\/amnromania.ro\/hu\/az-ayurveda-tanfolyamok-felepitese\/#organizationLogo"},"image":{"@id":"https:\/\/amnromania.ro\/hu\/az-ayurveda-tanfolyamok-felepitese\/#organizationLogo"},"sameAs":["https:\/\/www.facebook.com\/AMNRomania","https:\/\/www.youtube.com\/channel\/UClfqKxiq_uZ11rthDIT3-BQ\/videos"]},{"@type":"WebPage","@id":"https:\/\/amnromania.ro\/hu\/az-ayurveda-tanfolyamok-felepitese\/#webpage","url":"https:\/\/amnromania.ro\/hu\/az-ayurveda-tanfolyamok-felepitese\/","name":"Structura cursurilor de Ayurveda | AMN Ayurveda ROM\u00c2NIA","description":"Cursuri de Ayurveda Concursuri de Ayurveda Conferinte de Ayurveda Congrese de Ayurveda Tabere de Ayurveda Cursuri de Ayurveda Concursuri de Ayurveda Conferinte de Ayurveda Congrese de Ayurveda Tabere de Ayurveda STRUCTURA CURSULUI DE AYURVEDA AMN-ROM\u00c2NIAStructura de baz\u0103 a unui curs de Ayurveda AMN este adaptat\u0103 \u00een func\u0163ie de tripletul teorie \u2013 aplica\u0163ii practice \u2013 seminar.Programa","inLanguage":"hu-HU","isPartOf":{"@id":"https:\/\/amnromania.ro\/hu\/#website"},"breadcrumb":{"@id":"https:\/\/amnromania.ro\/hu\/az-ayurveda-tanfolyamok-felepitese\/#breadcrumblist"},"datePublished":"2021-08-11T19:12:57+02:00","dateModified":"2022-03-31T20:58:12+02:00"},{"@type":"WebSite","@id":"https:\/\/amnromania.ro\/hu\/#website","url":"https:\/\/amnromania.ro\/hu\/","name":"AMN Ayurveda ROM\u00c2NIA","description":"Asociatia Nationala pentru Promovarea Medicinelor Neconventionale","inLanguage":"hu-HU","publisher":{"@id":"https:\/\/amnromania.ro\/hu\/#organization"}}]}},"aioseo_meta_data":{"post_id":"8168","title":null,"description":null,"keywords":"[]","keyphrases":"{\"focus\":[],\"additional\":[]}","primary_term":null,"canonical_url":null,"og_title":null,"og_description":null,"og_object_type":"default","og_image_type":"default","og_image_url":null,"og_image_width":null,"og_image_height":null,"og_image_custom_url":null,"og_image_custom_fields":null,"og_video":"","og_custom_url":null,"og_article_section":null,"og_article_tags":"[]","twitter_use_og":false,"twitter_card":"default","twitter_image_type":"default","twitter_image_url":null,"twitter_image_custom_url":null,"twitter_image_custom_fields":null,"twitter_title":null,"twitter_description":null,"schema":{"blockGraphs":[],"customGraphs":[],"default":{"data":{"Article":[],"Course":[],"Dataset":[],"FAQPage":[],"Movie":[],"Person":[],"Product":[],"Recipe":[],"Service":[],"SoftwareApplication":[],"WebPage":{"id":"#aioseo-web-page-65b632ba5829d","slug":"web-page","graphName":"WebPage","label":"Web Page","properties":{"type":"WebPage","name":"","description":""}}},"graphName":"WebPage","isEnabled":true},"graphs":[]},"schema_type":"default","schema_type_options":"{\"article\":{\"articleType\":\"BlogPosting\"},\"course\":{\"name\":\"\",\"description\":\"\",\"provider\":\"\"},\"faq\":{\"pages\":[]},\"product\":{\"reviews\":[]},\"recipe\":{\"ingredients\":[],\"instructions\":[],\"keywords\":[]},\"software\":{\"reviews\":[],\"operatingSystems\":[]},\"webPage\":{\"webPageType\":\"WebPage\"}}","pillar_content":false,"robots_default":true,"robots_noindex":false,"robots_noarchive":false,"robots_nosnippet":false,"robots_nofollow":false,"robots_noimageindex":false,"robots_noodp":false,"robots_notranslate":false,"robots_max_snippet":"-1","robots_max_videopreview":"-1","robots_max_imagepreview":"large","priority":null,"frequency":"default","local_seo":{"businessInfo":{"name":"","urls":{"website":"","aboutPage":"","contactPage":""},"address":{"line1":"","line2":"","zip":"","city":"","state":"","country":""},"contact":{"email":"","phone":"","fax":""},"ids":{"vatID":"","taxID":"","chamberID":""},"payment":{"priceIndication":"","currenciesAccepted":"","methodsAccepted":""},"areaServed":""},"openingHours":{"show":false,"closedLabel":"","open24h":false,"open24hLabel":"","open247":false,"use24hFormat":false,"twoSets":false,"timezone":"","hours":[]}},"limit_modified_date":false,"open_ai":null,"created":"2021-08-11 19:11:59","updated":"2024-01-28 10:55:54"},"aioseo_breadcrumb":"<div class=\"aioseo-breadcrumbs\"><span class=\"aioseo-breadcrumb\">\n\t<a href=\"https:\/\/amnromania.ro\/hu\" title=\"Home\">Home<\/a>\n<\/span><span class=\"aioseo-breadcrumb-separator\">&raquo;<\/span><span class=\"aioseo-breadcrumb\">\n\tStructura cursurilor de Ayurveda\n<\/span><\/div>","aioseo_breadcrumb_json":[{"label":"Home","link":"https:\/\/amnromania.ro\/hu"},{"label":"Structura cursurilor de Ayurveda","link":"https:\/\/amnromania.ro\/hu\/az-ayurveda-tanfolyamok-felepitese\/"}],"_links":{"self":[{"href":"https:\/\/amnromania.ro\/hu\/wp-json\/wp\/v2\/pages\/8168","targetHints":{"allow":["GET"]}}],"collection":[{"href":"https:\/\/amnromania.ro\/hu\/wp-json\/wp\/v2\/pages"}],"about":[{"href":"https:\/\/amnromania.ro\/hu\/wp-json\/wp\/v2\/types\/page"}],"author":[{"embeddable":true,"href":"https:\/\/amnromania.ro\/hu\/wp-json\/wp\/v2\/users\/1"}],"replies":[{"embeddable":true,"href":"https:\/\/amnromania.ro\/hu\/wp-json\/wp\/v2\/comments?post=8168"}],"version-history":[{"count":0,"href":"https:\/\/amnromania.ro\/hu\/wp-json\/wp\/v2\/pages\/8168\/revisions"}],"wp:attachment":[{"href":"https:\/\/amnromania.ro\/hu\/wp-json\/wp\/v2\/media?parent=8168"}],"curies":[{"name":"wp","href":"https:\/\/api.w.org\/{rel}","templated":true}]}}