{"id":7885,"date":"2021-08-05T20:56:16","date_gmt":"2021-08-05T20:56:16","guid":{"rendered":"https:\/\/amnromania.ro\/?page_id=7885"},"modified":"2021-08-05T21:49:07","modified_gmt":"2021-08-05T21:49:07","slug":"ayurveda-in-romania-cluj","status":"publish","type":"page","link":"https:\/\/amnromania.ro\/hu\/ayurveda-in-romania-cluj\/","title":{"rendered":"\"Ayurveda Rom\u00e1ni\u00e1ban\" Kolozsv\u00e1ron"},"content":{"rendered":"<div data-elementor-type=\"wp-page\" data-elementor-id=\"7885\" class=\"elementor elementor-7885\" data-elementor-post-type=\"page\">\n\t\t\t\t\t\t<section class=\"elementor-section elementor-top-section elementor-element elementor-element-54df7bb elementor-section-boxed elementor-section-height-default elementor-section-height-default\" data-id=\"54df7bb\" data-element_type=\"section\">\n\t\t\t\t\t\t<div class=\"elementor-container elementor-column-gap-default\">\n\t\t\t\t\t<div class=\"elementor-column elementor-col-50 elementor-top-column elementor-element elementor-element-64dae72\" data-id=\"64dae72\" data-element_type=\"column\">\n\t\t\t<div class=\"elementor-widget-wrap elementor-element-populated\">\n\t\t\t\t\t\t<div class=\"elementor-element elementor-element-ea8e05b elementor-nav-menu__align-start elementor-nav-menu__text-align-center elementor-nav-menu--dropdown-tablet elementor-nav-menu--toggle elementor-nav-menu--burger elementor-widget elementor-widget-global elementor-global-5200 elementor-widget-nav-menu\" data-id=\"ea8e05b\" data-element_type=\"widget\" data-settings=\"{&quot;layout&quot;:&quot;vertical&quot;,&quot;submenu_icon&quot;:{&quot;value&quot;:&quot;fas fa-caret-down&quot;,&quot;library&quot;:&quot;fa-solid&quot;},&quot;toggle&quot;:&quot;burger&quot;}\" data-widget_type=\"nav-menu.default\">\n\t\t\t\t<div class=\"elementor-widget-container\">\n\t\t\t\t\t\t\t\t<nav aria-label=\"Men\u00fc\" class=\"elementor-nav-menu--main elementor-nav-menu__container elementor-nav-menu--layout-vertical e--pointer-background e--animation-fade\">\n\t\t\t\t<ul id=\"menu-1-ea8e05b\" class=\"elementor-nav-menu sm-vertical\"><li class=\"menu-item menu-item-type-post_type menu-item-object-page menu-item-6419\"><a href=\"https:\/\/amnromania.ro\/hu\/day-ayurveda\/\" class=\"elementor-item\">Ayurveda nap<\/a><\/li>\n<li class=\"menu-item menu-item-type-post_type menu-item-object-page menu-item-11894\"><a href=\"https:\/\/amnromania.ro\/hu\/eloadasok\/\" class=\"elementor-item\">El\u0151ad\u00e1sok<\/a><\/li>\n<li class=\"menu-item menu-item-type-post_type menu-item-object-page menu-item-11880\"><a href=\"https:\/\/amnromania.ro\/hu\/unnepsegek\/\" class=\"elementor-item\">\u00dcnneps\u00e9gek<\/a><\/li>\n<li class=\"menu-item menu-item-type-post_type menu-item-object-page menu-item-11893\"><a href=\"https:\/\/amnromania.ro\/hu\/konferenciak\/\" class=\"elementor-item\">Konferenci\u00e1k<\/a><\/li>\n<\/ul>\t\t\t<\/nav>\n\t\t\t\t\t<div class=\"elementor-menu-toggle\" role=\"button\" tabindex=\"0\" aria-label=\"Toggle men\u00fc\" aria-expanded=\"false\">\n\t\t\t<i aria-hidden=\"true\" role=\"presentation\" class=\"elementor-menu-toggle__icon--open eicon-menu-bar\"><\/i><i aria-hidden=\"true\" role=\"presentation\" class=\"elementor-menu-toggle__icon--close eicon-close\"><\/i>\t\t<\/div>\n\t\t\t\t\t<nav class=\"elementor-nav-menu--dropdown elementor-nav-menu__container\" aria-hidden=\"true\">\n\t\t\t\t<ul id=\"menu-2-ea8e05b\" class=\"elementor-nav-menu sm-vertical\"><li class=\"menu-item menu-item-type-post_type menu-item-object-page menu-item-6419\"><a href=\"https:\/\/amnromania.ro\/hu\/day-ayurveda\/\" class=\"elementor-item\" tabindex=\"-1\">Ayurveda nap<\/a><\/li>\n<li class=\"menu-item menu-item-type-post_type menu-item-object-page menu-item-11894\"><a href=\"https:\/\/amnromania.ro\/hu\/eloadasok\/\" class=\"elementor-item\" tabindex=\"-1\">El\u0151ad\u00e1sok<\/a><\/li>\n<li class=\"menu-item menu-item-type-post_type menu-item-object-page menu-item-11880\"><a href=\"https:\/\/amnromania.ro\/hu\/unnepsegek\/\" class=\"elementor-item\" tabindex=\"-1\">\u00dcnneps\u00e9gek<\/a><\/li>\n<li class=\"menu-item menu-item-type-post_type menu-item-object-page menu-item-11893\"><a href=\"https:\/\/amnromania.ro\/hu\/konferenciak\/\" class=\"elementor-item\" tabindex=\"-1\">Konferenci\u00e1k<\/a><\/li>\n<\/ul>\t\t\t<\/nav>\n\t\t\t\t\t\t<\/div>\n\t\t\t\t<\/div>\n\t\t\t\t\t<\/div>\n\t\t<\/div>\n\t\t\t\t<div class=\"elementor-column elementor-col-50 elementor-top-column elementor-element elementor-element-55602ec\" data-id=\"55602ec\" data-element_type=\"column\">\n\t\t\t<div class=\"elementor-widget-wrap elementor-element-populated\">\n\t\t\t\t\t\t<div class=\"elementor-element elementor-element-f340269 elementor-widget elementor-widget-text-editor\" data-id=\"f340269\" data-element_type=\"widget\" data-widget_type=\"text-editor.default\">\n\t\t\t\t<div class=\"elementor-widget-container\">\n\t\t\t\t\t\t\t\t\t<h1 style=\"text-align: center;\"><span style=\"color: #ff9900;\"><strong>\"Ayurveda Rom\u00e1ni\u00e1ban\" prezent\u00e1ci\u00f3 Kolozsv\u00e1ron<\/strong><\/span><\/h1><p>\u00a0<\/p><p>A kolozsv\u00e1ri Octavian Goga Megyei K\u00f6nyvt\u00e1rban 2021. j\u00falius 22-\u00e9n megtartott \"Ayurveda Rom\u00e1ni\u00e1ban\" c\u00edm\u0171 m\u0171 bemutat\u00e1s\u00e1t c\u00e9lz\u00f3 kultur\u00e1lis rendezv\u00e9nyen Sorina Stanca asszony, a BJC vezet\u0151je bemutatta \u0150excellenci\u00e1j\u00e1nak, Rahul Shrivastava \u00farnak, India rom\u00e1niai nagyk\u00f6vet\u00e9nek a Kolozs Megyei K\u00f6nyvt\u00e1r \u00e1ltal befogadott ritka dokumentumok k\u00fcl\u00f6nleges gy\u0171jtem\u00e9ny\u00e9t. A kultur\u00e1lis esem\u00e9nyt a Nem Hagyom\u00e1nyos Orvostudom\u00e1nyt T\u00e1mogat\u00f3 Orsz\u00e1gos Egyes\u00fclet - AMN-Rom\u00e1nia kezdem\u00e9nyez\u00e9s\u00e9re szervezt\u00e9k. A l\u00e1togat\u00e1s alkalm\u00e1val Rahul Shrivastava nagyk\u00f6vet egy sor javaslatot terjesztett el\u0151 India rom\u00e1niai nagyk\u00f6vets\u00e9ge, a BJC \u00e9s az AMN-Rom\u00e1nia k\u00f6z\u00f6tti egy\u00fcttm\u0171k\u00f6d\u00e9sre a h\u00e1rom int\u00e9zm\u00e9ny k\u00f6z\u00f6s \u00e9rdekelts\u00e9gi ter\u00fcletein.<\/p>\t\t\t\t\t\t\t\t<\/div>\n\t\t\t\t<\/div>\n\t\t\t\t<div class=\"elementor-element elementor-element-6aefbe2 elementor-widget elementor-widget-image\" data-id=\"6aefbe2\" data-element_type=\"widget\" data-widget_type=\"image.default\">\n\t\t\t\t<div class=\"elementor-widget-container\">\n\t\t\t\t\t\t\t\t\t\t\t\t\t\t\t<img fetchpriority=\"high\" decoding=\"async\" width=\"1024\" height=\"576\" src=\"https:\/\/amnromania.ro\/wp-content\/uploads\/2021\/08\/Cluj-2-1024x576.jpg\" class=\"attachment-large size-large wp-image-7888\" alt=\"\" srcset=\"https:\/\/amnromania.ro\/wp-content\/uploads\/2021\/08\/Cluj-2-1024x576.jpg 1024w, https:\/\/amnromania.ro\/wp-content\/uploads\/2021\/08\/Cluj-2-300x169.jpg 300w, https:\/\/amnromania.ro\/wp-content\/uploads\/2021\/08\/Cluj-2-768x432.jpg 768w, https:\/\/amnromania.ro\/wp-content\/uploads\/2021\/08\/Cluj-2.jpg 1280w\" sizes=\"(max-width: 1024px) 100vw, 1024px\" \/>\t\t\t\t\t\t\t\t\t\t\t\t\t\t\t<\/div>\n\t\t\t\t<\/div>\n\t\t\t\t<div class=\"elementor-element elementor-element-49ad10a elementor-widget elementor-widget-image\" data-id=\"49ad10a\" data-element_type=\"widget\" data-widget_type=\"image.default\">\n\t\t\t\t<div class=\"elementor-widget-container\">\n\t\t\t\t\t\t\t\t\t\t\t\t\t\t\t<img decoding=\"async\" width=\"1280\" height=\"720\" src=\"https:\/\/amnromania.ro\/wp-content\/uploads\/2021\/08\/Cluj-1.jpg\" class=\"attachment-full size-full wp-image-7887\" alt=\"\" srcset=\"https:\/\/amnromania.ro\/wp-content\/uploads\/2021\/08\/Cluj-1.jpg 1280w, https:\/\/amnromania.ro\/wp-content\/uploads\/2021\/08\/Cluj-1-300x169.jpg 300w, https:\/\/amnromania.ro\/wp-content\/uploads\/2021\/08\/Cluj-1-1024x576.jpg 1024w, https:\/\/amnromania.ro\/wp-content\/uploads\/2021\/08\/Cluj-1-768x432.jpg 768w\" sizes=\"(max-width: 1280px) 100vw, 1280px\" \/>\t\t\t\t\t\t\t\t\t\t\t\t\t\t\t<\/div>\n\t\t\t\t<\/div>\n\t\t\t\t<div class=\"elementor-element elementor-element-21443bd elementor-widget elementor-widget-image\" data-id=\"21443bd\" data-element_type=\"widget\" data-widget_type=\"image.default\">\n\t\t\t\t<div class=\"elementor-widget-container\">\n\t\t\t\t\t\t\t\t\t\t\t\t\t\t\t<img decoding=\"async\" width=\"1024\" height=\"576\" src=\"https:\/\/amnromania.ro\/wp-content\/uploads\/2021\/08\/Cluj-5-1024x576.jpg\" class=\"attachment-large size-large wp-image-7891\" alt=\"\" srcset=\"https:\/\/amnromania.ro\/wp-content\/uploads\/2021\/08\/Cluj-5-1024x576.jpg 1024w, https:\/\/amnromania.ro\/wp-content\/uploads\/2021\/08\/Cluj-5-300x169.jpg 300w, https:\/\/amnromania.ro\/wp-content\/uploads\/2021\/08\/Cluj-5-768x432.jpg 768w, https:\/\/amnromania.ro\/wp-content\/uploads\/2021\/08\/Cluj-5.jpg 1280w\" sizes=\"(max-width: 1024px) 100vw, 1024px\" \/>\t\t\t\t\t\t\t\t\t\t\t\t\t\t\t<\/div>\n\t\t\t\t<\/div>\n\t\t\t\t<div class=\"elementor-element elementor-element-40d100a elementor-widget elementor-widget-image\" data-id=\"40d100a\" data-element_type=\"widget\" data-widget_type=\"image.default\">\n\t\t\t\t<div class=\"elementor-widget-container\">\n\t\t\t\t\t\t\t\t\t\t\t\t\t\t\t<img loading=\"lazy\" decoding=\"async\" width=\"1024\" height=\"576\" src=\"https:\/\/amnromania.ro\/wp-content\/uploads\/2021\/08\/Cluj-4-1024x576.jpg\" class=\"attachment-large size-large wp-image-7890\" alt=\"\" srcset=\"https:\/\/amnromania.ro\/wp-content\/uploads\/2021\/08\/Cluj-4-1024x576.jpg 1024w, https:\/\/amnromania.ro\/wp-content\/uploads\/2021\/08\/Cluj-4-300x169.jpg 300w, https:\/\/amnromania.ro\/wp-content\/uploads\/2021\/08\/Cluj-4-768x432.jpg 768w, https:\/\/amnromania.ro\/wp-content\/uploads\/2021\/08\/Cluj-4.jpg 1280w\" sizes=\"(max-width: 1024px) 100vw, 1024px\" \/>\t\t\t\t\t\t\t\t\t\t\t\t\t\t\t<\/div>\n\t\t\t\t<\/div>\n\t\t\t\t<div class=\"elementor-element elementor-element-bf687bc elementor-widget elementor-widget-image\" data-id=\"bf687bc\" data-element_type=\"widget\" data-widget_type=\"image.default\">\n\t\t\t\t<div class=\"elementor-widget-container\">\n\t\t\t\t\t\t\t\t\t\t\t\t\t\t\t<img loading=\"lazy\" decoding=\"async\" width=\"1024\" height=\"576\" src=\"https:\/\/amnromania.ro\/wp-content\/uploads\/2021\/08\/Cluj-3-1024x576.jpg\" class=\"attachment-large size-large wp-image-7889\" alt=\"\" srcset=\"https:\/\/amnromania.ro\/wp-content\/uploads\/2021\/08\/Cluj-3-1024x576.jpg 1024w, https:\/\/amnromania.ro\/wp-content\/uploads\/2021\/08\/Cluj-3-300x169.jpg 300w, https:\/\/amnromania.ro\/wp-content\/uploads\/2021\/08\/Cluj-3-768x432.jpg 768w, https:\/\/amnromania.ro\/wp-content\/uploads\/2021\/08\/Cluj-3.jpg 1280w\" sizes=\"(max-width: 1024px) 100vw, 1024px\" \/>\t\t\t\t\t\t\t\t\t\t\t\t\t\t\t<\/div>\n\t\t\t\t<\/div>\n\t\t\t\t\t<\/div>\n\t\t<\/div>\n\t\t\t\t\t<\/div>\n\t\t<\/section>\n\t\t\t\t<\/div>","protected":false},"excerpt":{"rendered":"<p>Az \"Ayurveda Rom\u00e1ni\u00e1ban\" bemutat\u00e1sa Kolozsv\u00e1ron Az \"Ayurveda Rom\u00e1ni\u00e1ban\" c\u00edm\u0171 m\u0171 bemutat\u00e1s\u00e1nak kultur\u00e1lis rendezv\u00e9ny\u00e9n, amelyet 2021. j\u00falius 22-\u00e9n tartottak a kolozsv\u00e1ri Octavian Goga Megyei K\u00f6nyvt\u00e1rban, Sorina Stanca asszony, a BJC vezet\u0151je bemutatta \u0150excellenci\u00e1j\u00e1nak, Rahul Shrivastava \u00farnak, India rom\u00e1niai nagyk\u00f6vet\u00e9nek a dokumentumok k\u00fcl\u00f6nleges gy\u0171jtem\u00e9ny\u00e9t, amely a [...]<\/p>","protected":false},"author":1,"featured_media":0,"parent":0,"menu_order":0,"comment_status":"closed","ping_status":"closed","template":"","meta":{"_mi_skip_tracking":false,"_analytify_skip_tracking":false,"footnotes":""},"class_list":["post-7885","page","type-page","status-publish","hentry"],"aioseo_notices":[],"aioseo_head":"\n\t\t<!-- All in One SEO Pro 4.7.0 - aioseo.com -->\n\t\t<meta name=\"description\" content=\"Ziua Ayurveda Prezentari Festivitati Conferinte Ziua Ayurveda Prezentari Festivitati Conferinte Prezentare \u201dAyurveda in Romania\u201d la Cluj \u00cen cadrul evenimentului cultural de prezentare a lucr\u0103rii intitulate \u201dAyurveda in Romania\u201d, realizat \u00een data de 22 iulie 2021 la Biblioteca Jude\u021bean\u0103 Octavian Goga din Cluj, doamna Sorina Stanca, manager al BJC, a prezentat Excelen\u021bei Sale domnul Rahul Shrivastava, Ambasador\" \/>\n\t\t<meta name=\"robots\" content=\"max-image-preview:large\" \/>\n\t\t<meta name=\"google-site-verification\" content=\"G-391X30D2FS\" \/>\n\t\t<link rel=\"canonical\" href=\"https:\/\/amnromania.ro\/hu\/ayurveda-in-romania-cluj\/\" \/>\n\t\t<meta name=\"generator\" content=\"All in One SEO Pro (AIOSEO) 4.7.0\" \/>\n\t\t<meta property=\"og:locale\" content=\"hu_HU\" \/>\n\t\t<meta property=\"og:site_name\" content=\"AMN Ayurveda ROM\u00c2NIA | Asociatia Nationala pentru Promovarea Medicinelor Neconventionale\" \/>\n\t\t<meta property=\"og:type\" content=\"article\" \/>\n\t\t<meta property=\"og:title\" content=\"\u201cAyurveda in Romania\u201d la Cluj | AMN Ayurveda ROM\u00c2NIA\" \/>\n\t\t<meta property=\"og:description\" content=\"Ziua Ayurveda Prezentari Festivitati Conferinte Ziua Ayurveda Prezentari Festivitati Conferinte Prezentare \u201dAyurveda in Romania\u201d la Cluj \u00cen cadrul evenimentului cultural de prezentare a lucr\u0103rii intitulate \u201dAyurveda in Romania\u201d, realizat \u00een data de 22 iulie 2021 la Biblioteca Jude\u021bean\u0103 Octavian Goga din Cluj, doamna Sorina Stanca, manager al BJC, a prezentat Excelen\u021bei Sale domnul Rahul Shrivastava, Ambasador\" \/>\n\t\t<meta property=\"og:url\" content=\"https:\/\/amnromania.ro\/hu\/ayurveda-in-romania-cluj\/\" \/>\n\t\t<meta property=\"og:image\" content=\"https:\/\/amnromania.ro\/ynorsyju\/2021\/06\/Ayurveda-in-Romania-Vol.-2-Ro.jpg\" \/>\n\t\t<meta property=\"og:image:secure_url\" content=\"https:\/\/amnromania.ro\/ynorsyju\/2021\/06\/Ayurveda-in-Romania-Vol.-2-Ro.jpg\" \/>\n\t\t<meta property=\"article:published_time\" content=\"2021-08-05T20:56:16+00:00\" \/>\n\t\t<meta property=\"article:modified_time\" content=\"2021-08-05T21:49:07+00:00\" \/>\n\t\t<meta property=\"article:publisher\" content=\"https:\/\/www.facebook.com\/AMNRomania\" \/>\n\t\t<script type=\"application\/ld+json\" class=\"aioseo-schema\">\n\t\t\t{\"@context\":\"https:\\\/\\\/schema.org\",\"@graph\":[{\"@type\":\"BreadcrumbList\",\"@id\":\"https:\\\/\\\/amnromania.ro\\\/hu\\\/ayurveda-in-romania-cluj\\\/#breadcrumblist\",\"itemListElement\":[{\"@type\":\"ListItem\",\"@id\":\"https:\\\/\\\/amnromania.ro\\\/hu\\\/#listItem\",\"position\":1,\"name\":\"Home\",\"item\":\"https:\\\/\\\/amnromania.ro\\\/hu\\\/\",\"nextItem\":\"https:\\\/\\\/amnromania.ro\\\/hu\\\/ayurveda-in-romania-cluj\\\/#listItem\"},{\"@type\":\"ListItem\",\"@id\":\"https:\\\/\\\/amnromania.ro\\\/hu\\\/ayurveda-in-romania-cluj\\\/#listItem\",\"position\":2,\"name\":\"\\\"Ayurveda in Romania\\\" la Cluj\",\"previousItem\":\"https:\\\/\\\/amnromania.ro\\\/hu\\\/#listItem\"}]},{\"@type\":\"Organization\",\"@id\":\"https:\\\/\\\/amnromania.ro\\\/hu\\\/#organization\",\"name\":\"AMN Ayurveda Romania\",\"url\":\"https:\\\/\\\/amnromania.ro\\\/hu\\\/\",\"logo\":{\"@type\":\"ImageObject\",\"url\":\"https:\\\/\\\/amnromania.ro\\\/ynorsyju\\\/2020\\\/10\\\/amn.png\",\"@id\":\"https:\\\/\\\/amnromania.ro\\\/hu\\\/ayurveda-in-romania-cluj\\\/#organizationLogo\"},\"image\":{\"@id\":\"https:\\\/\\\/amnromania.ro\\\/hu\\\/ayurveda-in-romania-cluj\\\/#organizationLogo\"},\"sameAs\":[\"https:\\\/\\\/www.facebook.com\\\/AMNRomania\",\"https:\\\/\\\/www.youtube.com\\\/channel\\\/UClfqKxiq_uZ11rthDIT3-BQ\\\/videos\"]},{\"@type\":\"WebPage\",\"@id\":\"https:\\\/\\\/amnromania.ro\\\/hu\\\/ayurveda-in-romania-cluj\\\/#webpage\",\"url\":\"https:\\\/\\\/amnromania.ro\\\/hu\\\/ayurveda-in-romania-cluj\\\/\",\"name\":\"\\u201cAyurveda in Romania\\u201d la Cluj | AMN Ayurveda ROM\\u00c2NIA\",\"description\":\"Ziua Ayurveda Prezentari Festivitati Conferinte Ziua Ayurveda Prezentari Festivitati Conferinte Prezentare \\u201dAyurveda in Romania\\u201d la Cluj \\u00cen cadrul evenimentului cultural de prezentare a lucr\\u0103rii intitulate \\u201dAyurveda in Romania\\u201d, realizat \\u00een data de 22 iulie 2021 la Biblioteca Jude\\u021bean\\u0103 Octavian Goga din Cluj, doamna Sorina Stanca, manager al BJC, a prezentat Excelen\\u021bei Sale domnul Rahul Shrivastava, Ambasador\",\"inLanguage\":\"hu-HU\",\"isPartOf\":{\"@id\":\"https:\\\/\\\/amnromania.ro\\\/hu\\\/#website\"},\"breadcrumb\":{\"@id\":\"https:\\\/\\\/amnromania.ro\\\/hu\\\/ayurveda-in-romania-cluj\\\/#breadcrumblist\"},\"datePublished\":\"2021-08-05T20:56:16+02:00\",\"dateModified\":\"2021-08-05T21:49:07+02:00\"},{\"@type\":\"WebSite\",\"@id\":\"https:\\\/\\\/amnromania.ro\\\/hu\\\/#website\",\"url\":\"https:\\\/\\\/amnromania.ro\\\/hu\\\/\",\"name\":\"AMN Ayurveda ROM\\u00c2NIA\",\"description\":\"Asociatia Nationala pentru Promovarea Medicinelor Neconventionale\",\"inLanguage\":\"hu-HU\",\"publisher\":{\"@id\":\"https:\\\/\\\/amnromania.ro\\\/hu\\\/#organization\"}}]}\n\t\t<\/script>\n\t\t<!-- All in One SEO Pro -->\r\n\t\t<title>\u201cAyurveda in Romania\u201d la Cluj | AMN Ayurveda ROM\u00c2NIA<\/title>\n\n","aioseo_head_json":{"title":"\u201cAyurveda in Romania\u201d la Cluj | AMN Ayurveda ROM\u00c2NIA","description":"Ziua Ayurveda Prezentari Festivitati Conferinte Ziua Ayurveda Prezentari Festivitati Conferinte Prezentare \u201dAyurveda in Romania\u201d la Cluj \u00cen cadrul evenimentului cultural de prezentare a lucr\u0103rii intitulate \u201dAyurveda in Romania\u201d, realizat \u00een data de 22 iulie 2021 la Biblioteca Jude\u021bean\u0103 Octavian Goga din Cluj, doamna Sorina Stanca, manager al BJC, a prezentat Excelen\u021bei Sale domnul Rahul Shrivastava, Ambasador","canonical_url":"https:\/\/amnromania.ro\/hu\/ayurveda-in-romania-cluj\/","robots":"max-image-preview:large","keywords":"","webmasterTools":{"google-site-verification":"G-391X30D2FS","miscellaneous":""},"og:locale":"hu_HU","og:site_name":"AMN Ayurveda ROM\u00c2NIA | Asociatia Nationala pentru Promovarea Medicinelor Neconventionale","og:type":"article","og:title":"\u201cAyurveda in Romania\u201d la Cluj | AMN Ayurveda ROM\u00c2NIA","og:description":"Ziua Ayurveda Prezentari Festivitati Conferinte Ziua Ayurveda Prezentari Festivitati Conferinte Prezentare \u201dAyurveda in Romania\u201d la Cluj \u00cen cadrul evenimentului cultural de prezentare a lucr\u0103rii intitulate \u201dAyurveda in Romania\u201d, realizat \u00een data de 22 iulie 2021 la Biblioteca Jude\u021bean\u0103 Octavian Goga din Cluj, doamna Sorina Stanca, manager al BJC, a prezentat Excelen\u021bei Sale domnul Rahul Shrivastava, Ambasador","og:url":"https:\/\/amnromania.ro\/hu\/ayurveda-in-romania-cluj\/","og:image":"https:\/\/amnromania.ro\/ynorsyju\/2021\/06\/Ayurveda-in-Romania-Vol.-2-Ro.jpg","og:image:secure_url":"https:\/\/amnromania.ro\/ynorsyju\/2021\/06\/Ayurveda-in-Romania-Vol.-2-Ro.jpg","article:published_time":"2021-08-05T20:56:16+00:00","article:modified_time":"2021-08-05T21:49:07+00:00","article:publisher":"https:\/\/www.facebook.com\/AMNRomania","schema":{"@context":"https:\/\/schema.org","@graph":[{"@type":"BreadcrumbList","@id":"https:\/\/amnromania.ro\/hu\/ayurveda-in-romania-cluj\/#breadcrumblist","itemListElement":[{"@type":"ListItem","@id":"https:\/\/amnromania.ro\/hu\/#listItem","position":1,"name":"Home","item":"https:\/\/amnromania.ro\/hu\/","nextItem":"https:\/\/amnromania.ro\/hu\/ayurveda-in-romania-cluj\/#listItem"},{"@type":"ListItem","@id":"https:\/\/amnromania.ro\/hu\/ayurveda-in-romania-cluj\/#listItem","position":2,"name":"\"Ayurveda in Romania\" la Cluj","previousItem":"https:\/\/amnromania.ro\/hu\/#listItem"}]},{"@type":"Organization","@id":"https:\/\/amnromania.ro\/hu\/#organization","name":"AMN Ayurveda Romania","url":"https:\/\/amnromania.ro\/hu\/","logo":{"@type":"ImageObject","url":"https:\/\/amnromania.ro\/ynorsyju\/2020\/10\/amn.png","@id":"https:\/\/amnromania.ro\/hu\/ayurveda-in-romania-cluj\/#organizationLogo"},"image":{"@id":"https:\/\/amnromania.ro\/hu\/ayurveda-in-romania-cluj\/#organizationLogo"},"sameAs":["https:\/\/www.facebook.com\/AMNRomania","https:\/\/www.youtube.com\/channel\/UClfqKxiq_uZ11rthDIT3-BQ\/videos"]},{"@type":"WebPage","@id":"https:\/\/amnromania.ro\/hu\/ayurveda-in-romania-cluj\/#webpage","url":"https:\/\/amnromania.ro\/hu\/ayurveda-in-romania-cluj\/","name":"\u201cAyurveda in Romania\u201d la Cluj | AMN Ayurveda ROM\u00c2NIA","description":"Ziua Ayurveda Prezentari Festivitati Conferinte Ziua Ayurveda Prezentari Festivitati Conferinte Prezentare \u201dAyurveda in Romania\u201d la Cluj \u00cen cadrul evenimentului cultural de prezentare a lucr\u0103rii intitulate \u201dAyurveda in Romania\u201d, realizat \u00een data de 22 iulie 2021 la Biblioteca Jude\u021bean\u0103 Octavian Goga din Cluj, doamna Sorina Stanca, manager al BJC, a prezentat Excelen\u021bei Sale domnul Rahul Shrivastava, Ambasador","inLanguage":"hu-HU","isPartOf":{"@id":"https:\/\/amnromania.ro\/hu\/#website"},"breadcrumb":{"@id":"https:\/\/amnromania.ro\/hu\/ayurveda-in-romania-cluj\/#breadcrumblist"},"datePublished":"2021-08-05T20:56:16+02:00","dateModified":"2021-08-05T21:49:07+02:00"},{"@type":"WebSite","@id":"https:\/\/amnromania.ro\/hu\/#website","url":"https:\/\/amnromania.ro\/hu\/","name":"AMN Ayurveda ROM\u00c2NIA","description":"Asociatia Nationala pentru Promovarea Medicinelor Neconventionale","inLanguage":"hu-HU","publisher":{"@id":"https:\/\/amnromania.ro\/hu\/#organization"}}]}},"aioseo_meta_data":{"post_id":"7885","title":null,"description":null,"keywords":"[]","keyphrases":"{\"focus\":[],\"additional\":[]}","primary_term":null,"canonical_url":null,"og_title":null,"og_description":null,"og_object_type":"default","og_image_type":"default","og_image_url":null,"og_image_width":null,"og_image_height":null,"og_image_custom_url":null,"og_image_custom_fields":null,"og_video":"","og_custom_url":null,"og_article_section":null,"og_article_tags":"[]","twitter_use_og":false,"twitter_card":"default","twitter_image_type":"default","twitter_image_url":null,"twitter_image_custom_url":null,"twitter_image_custom_fields":null,"twitter_title":null,"twitter_description":null,"schema":{"blockGraphs":[],"customGraphs":[],"default":{"data":{"Article":[],"Course":[],"Dataset":[],"FAQPage":[],"Movie":[],"Person":[],"Product":[],"Recipe":[],"Service":[],"SoftwareApplication":[],"WebPage":{"id":"#aioseo-web-page-65b632f045c98","slug":"web-page","graphName":"WebPage","label":"Web Page","properties":{"type":"WebPage","name":"","description":""}}},"graphName":"WebPage","isEnabled":true},"graphs":[]},"schema_type":"default","schema_type_options":"{\"article\":{\"articleType\":\"BlogPosting\"},\"course\":{\"name\":\"\",\"description\":\"\",\"provider\":\"\"},\"faq\":{\"pages\":[]},\"product\":{\"reviews\":[]},\"recipe\":{\"ingredients\":[],\"instructions\":[],\"keywords\":[]},\"software\":{\"reviews\":[],\"operatingSystems\":[]},\"webPage\":{\"webPageType\":\"WebPage\"}}","pillar_content":false,"robots_default":true,"robots_noindex":false,"robots_noarchive":false,"robots_nosnippet":false,"robots_nofollow":false,"robots_noimageindex":false,"robots_noodp":false,"robots_notranslate":false,"robots_max_snippet":"-1","robots_max_videopreview":"-1","robots_max_imagepreview":"large","priority":null,"frequency":"default","local_seo":{"businessInfo":{"name":"","urls":{"website":"","aboutPage":"","contactPage":""},"address":{"line1":"","line2":"","zip":"","city":"","state":"","country":""},"contact":{"email":"","phone":"","fax":""},"ids":{"vatID":"","taxID":"","chamberID":""},"payment":{"priceIndication":"","currenciesAccepted":"","methodsAccepted":""},"areaServed":""},"openingHours":{"show":false,"closedLabel":"","open24h":false,"open24hLabel":"","open247":false,"use24hFormat":false,"twoSets":false,"timezone":"","hours":[]}},"limit_modified_date":false,"open_ai":null,"created":"2021-08-05 20:55:29","updated":"2024-01-28 10:56:48"},"aioseo_breadcrumb":"<div class=\"aioseo-breadcrumbs\"><span class=\"aioseo-breadcrumb\">\n\t<a href=\"https:\/\/amnromania.ro\/hu\" title=\"Home\">Home<\/a>\n<\/span><span class=\"aioseo-breadcrumb-separator\">&raquo;<\/span><span class=\"aioseo-breadcrumb\">\n\t\u201cAyurveda in Romania\u201d la Cluj\n<\/span><\/div>","aioseo_breadcrumb_json":[{"label":"Home","link":"https:\/\/amnromania.ro\/hu"},{"label":"&#8220;Ayurveda in Romania&#8221; la Cluj","link":"https:\/\/amnromania.ro\/hu\/ayurveda-in-romania-cluj\/"}],"_links":{"self":[{"href":"https:\/\/amnromania.ro\/hu\/wp-json\/wp\/v2\/pages\/7885","targetHints":{"allow":["GET"]}}],"collection":[{"href":"https:\/\/amnromania.ro\/hu\/wp-json\/wp\/v2\/pages"}],"about":[{"href":"https:\/\/amnromania.ro\/hu\/wp-json\/wp\/v2\/types\/page"}],"author":[{"embeddable":true,"href":"https:\/\/amnromania.ro\/hu\/wp-json\/wp\/v2\/users\/1"}],"replies":[{"embeddable":true,"href":"https:\/\/amnromania.ro\/hu\/wp-json\/wp\/v2\/comments?post=7885"}],"version-history":[{"count":0,"href":"https:\/\/amnromania.ro\/hu\/wp-json\/wp\/v2\/pages\/7885\/revisions"}],"wp:attachment":[{"href":"https:\/\/amnromania.ro\/hu\/wp-json\/wp\/v2\/media?parent=7885"}],"curies":[{"name":"wp","href":"https:\/\/api.w.org\/{rel}","templated":true}]}}