{"id":6477,"date":"2020-11-11T22:59:34","date_gmt":"2020-11-11T22:59:34","guid":{"rendered":"https:\/\/amnromania.ro\/?page_id=6477"},"modified":"2020-11-16T16:45:38","modified_gmt":"2020-11-16T16:45:38","slug":"day-ayurveda-2020","status":"publish","type":"page","link":"https:\/\/amnromania.ro\/hu\/day-ayurveda\/day-ayurveda-2020\/","title":{"rendered":"Ayurveda nap 2020"},"content":{"rendered":"<div data-elementor-type=\"wp-page\" data-elementor-id=\"6477\" class=\"elementor elementor-6477\" data-elementor-post-type=\"page\">\n\t\t\t\t\t\t<section class=\"elementor-section elementor-top-section elementor-element elementor-element-27ddf79 elementor-section-boxed elementor-section-height-default elementor-section-height-default\" data-id=\"27ddf79\" data-element_type=\"section\">\n\t\t\t\t\t\t<div class=\"elementor-container elementor-column-gap-default\">\n\t\t\t\t\t<div class=\"elementor-column elementor-col-50 elementor-top-column elementor-element elementor-element-41e3dc1\" data-id=\"41e3dc1\" data-element_type=\"column\">\n\t\t\t<div class=\"elementor-widget-wrap elementor-element-populated\">\n\t\t\t\t\t\t<div class=\"elementor-element elementor-element-1a350b0 elementor-nav-menu__align-start elementor-nav-menu__text-align-center elementor-nav-menu--dropdown-tablet elementor-nav-menu--toggle elementor-nav-menu--burger elementor-widget elementor-widget-global elementor-global-5200 elementor-widget-nav-menu\" data-id=\"1a350b0\" data-element_type=\"widget\" data-settings=\"{&quot;layout&quot;:&quot;vertical&quot;,&quot;submenu_icon&quot;:{&quot;value&quot;:&quot;fas fa-caret-down&quot;,&quot;library&quot;:&quot;fa-solid&quot;},&quot;toggle&quot;:&quot;burger&quot;}\" data-widget_type=\"nav-menu.default\">\n\t\t\t\t<div class=\"elementor-widget-container\">\n\t\t\t\t\t\t\t\t<nav aria-label=\"Men\u00fc\" class=\"elementor-nav-menu--main elementor-nav-menu__container elementor-nav-menu--layout-vertical e--pointer-background e--animation-fade\">\n\t\t\t\t<ul id=\"menu-1-1a350b0\" class=\"elementor-nav-menu sm-vertical\"><li class=\"menu-item menu-item-type-post_type menu-item-object-page menu-item-6419\"><a href=\"https:\/\/amnromania.ro\/hu\/day-ayurveda\/\" class=\"elementor-item\">Ayurveda nap<\/a><\/li>\n<li class=\"menu-item menu-item-type-post_type menu-item-object-page menu-item-11894\"><a href=\"https:\/\/amnromania.ro\/hu\/eloadasok\/\" class=\"elementor-item\">El\u0151ad\u00e1sok<\/a><\/li>\n<li class=\"menu-item menu-item-type-post_type menu-item-object-page menu-item-11880\"><a href=\"https:\/\/amnromania.ro\/hu\/unnepsegek\/\" class=\"elementor-item\">\u00dcnneps\u00e9gek<\/a><\/li>\n<li class=\"menu-item menu-item-type-post_type menu-item-object-page menu-item-11893\"><a href=\"https:\/\/amnromania.ro\/hu\/konferenciak\/\" class=\"elementor-item\">Konferenci\u00e1k<\/a><\/li>\n<\/ul>\t\t\t<\/nav>\n\t\t\t\t\t<div class=\"elementor-menu-toggle\" role=\"button\" tabindex=\"0\" aria-label=\"Toggle men\u00fc\" aria-expanded=\"false\">\n\t\t\t<i aria-hidden=\"true\" role=\"presentation\" class=\"elementor-menu-toggle__icon--open eicon-menu-bar\"><\/i><i aria-hidden=\"true\" role=\"presentation\" class=\"elementor-menu-toggle__icon--close eicon-close\"><\/i>\t\t<\/div>\n\t\t\t\t\t<nav class=\"elementor-nav-menu--dropdown elementor-nav-menu__container\" aria-hidden=\"true\">\n\t\t\t\t<ul id=\"menu-2-1a350b0\" class=\"elementor-nav-menu sm-vertical\"><li class=\"menu-item menu-item-type-post_type menu-item-object-page menu-item-6419\"><a href=\"https:\/\/amnromania.ro\/hu\/day-ayurveda\/\" class=\"elementor-item\" tabindex=\"-1\">Ayurveda nap<\/a><\/li>\n<li class=\"menu-item menu-item-type-post_type menu-item-object-page menu-item-11894\"><a href=\"https:\/\/amnromania.ro\/hu\/eloadasok\/\" class=\"elementor-item\" tabindex=\"-1\">El\u0151ad\u00e1sok<\/a><\/li>\n<li class=\"menu-item menu-item-type-post_type menu-item-object-page menu-item-11880\"><a href=\"https:\/\/amnromania.ro\/hu\/unnepsegek\/\" class=\"elementor-item\" tabindex=\"-1\">\u00dcnneps\u00e9gek<\/a><\/li>\n<li class=\"menu-item menu-item-type-post_type menu-item-object-page menu-item-11893\"><a href=\"https:\/\/amnromania.ro\/hu\/konferenciak\/\" class=\"elementor-item\" tabindex=\"-1\">Konferenci\u00e1k<\/a><\/li>\n<\/ul>\t\t\t<\/nav>\n\t\t\t\t\t\t<\/div>\n\t\t\t\t<\/div>\n\t\t\t\t\t<\/div>\n\t\t<\/div>\n\t\t\t\t<div class=\"elementor-column elementor-col-50 elementor-top-column elementor-element elementor-element-b334d1a\" data-id=\"b334d1a\" data-element_type=\"column\">\n\t\t\t<div class=\"elementor-widget-wrap elementor-element-populated\">\n\t\t\t\t\t\t<div class=\"elementor-element elementor-element-4eafdee elementor-widget elementor-widget-text-editor\" data-id=\"4eafdee\" data-element_type=\"widget\" data-widget_type=\"text-editor.default\">\n\t\t\t\t<div class=\"elementor-widget-container\">\n\t\t\t\t\t\t\t\t\t<h1 style=\"text-align: center;\"><span style=\"color: #ff9900;\"><b>AYURVEDA NAP 2020<\/b><\/span><\/h1>\t\t\t\t\t\t\t\t<\/div>\n\t\t\t\t<\/div>\n\t\t\t\t<section class=\"elementor-section elementor-inner-section elementor-element elementor-element-6d0a7eb elementor-section-boxed elementor-section-height-default elementor-section-height-default\" data-id=\"6d0a7eb\" data-element_type=\"section\">\n\t\t\t\t\t\t<div class=\"elementor-container elementor-column-gap-default\">\n\t\t\t\t\t<div class=\"elementor-column elementor-col-50 elementor-inner-column elementor-element elementor-element-9b38422\" data-id=\"9b38422\" data-element_type=\"column\">\n\t\t\t<div class=\"elementor-widget-wrap elementor-element-populated\">\n\t\t\t\t\t\t<div class=\"elementor-element elementor-element-fb6145f elementor-widget elementor-widget-text-editor\" data-id=\"fb6145f\" data-element_type=\"widget\" data-widget_type=\"text-editor.default\">\n\t\t\t\t<div class=\"elementor-widget-container\">\n\t\t\t\t\t\t\t\t\t<p>Id\u00e9n (2020) az \"Ayurveda Napot\" 2020. november 13-\u00e1n \u00fcnnepelj\u00fck. Az esem\u00e9nyt az AMN- online szervezi.<wbr \/>Rom\u00e1nia a DMIMS(DU)-val egy\u00fcttm\u0171k\u00f6d\u00e9sben.<wbr \/>India \u00e9s az Indiai Nagyk\u00f6vets\u00e9g rendk\u00edv\u00fcli r\u00e9szv\u00e9tel\u00e9vel.<\/p>\t\t\t\t\t\t\t\t<\/div>\n\t\t\t\t<\/div>\n\t\t\t\t\t<\/div>\n\t\t<\/div>\n\t\t\t\t<div class=\"elementor-column elementor-col-50 elementor-inner-column elementor-element elementor-element-e3bc472\" data-id=\"e3bc472\" data-element_type=\"column\">\n\t\t\t<div class=\"elementor-widget-wrap elementor-element-populated\">\n\t\t\t\t\t\t<div class=\"elementor-element elementor-element-7a75118 elementor-widget elementor-widget-video\" data-id=\"7a75118\" data-element_type=\"widget\" data-settings=\"{&quot;youtube_url&quot;:&quot;https:\\\/\\\/youtu.be\\\/xibQPgE2EiA&quot;,&quot;video_type&quot;:&quot;youtube&quot;,&quot;controls&quot;:&quot;yes&quot;}\" data-widget_type=\"video.default\">\n\t\t\t\t<div class=\"elementor-widget-container\">\n\t\t\t\t\t\t\t<div class=\"elementor-wrapper elementor-open-inline\">\n\t\t\t<div class=\"elementor-video\"><\/div>\t\t<\/div>\n\t\t\t\t\t\t<\/div>\n\t\t\t\t<\/div>\n\t\t\t\t\t<\/div>\n\t\t<\/div>\n\t\t\t\t\t<\/div>\n\t\t<\/section>\n\t\t\t\t<div class=\"elementor-element elementor-element-d7ac30f elementor-widget elementor-widget-image\" data-id=\"d7ac30f\" data-element_type=\"widget\" data-widget_type=\"image.default\">\n\t\t\t\t<div class=\"elementor-widget-container\">\n\t\t\t\t\t\t\t\t\t\t\t\t\t\t\t<img decoding=\"async\" width=\"230\" height=\"198\" src=\"https:\/\/amnromania.ro\/wp-content\/uploads\/2020\/11\/Ayurveda-day-2019.jpg\" class=\"attachment-full size-full wp-image-6535\" alt=\"\" \/>\t\t\t\t\t\t\t\t\t\t\t\t\t\t\t<\/div>\n\t\t\t\t<\/div>\n\t\t\t\t<div class=\"elementor-element elementor-element-ff15975 elementor-widget elementor-widget-text-editor\" data-id=\"ff15975\" data-element_type=\"widget\" data-widget_type=\"text-editor.default\">\n\t\t\t\t<div class=\"elementor-widget-container\">\n\t\t\t\t\t\t\t\t\t<p><span style=\"color: var( --e-global-color-text ); font-family: var( --e-global-typography-text-font-family ), Sans-serif; font-size: var( --e-global-typography-text-font-size ); font-weight: var( --e-global-typography-text-font-weight );\">A program a ZOOM platformon fog futni.<\/span><br><\/p>\n<p><a href=\"https:\/\/us02web.zoom.us\/j\/87259729040?pwd=cVZvdW9zakhZMlVUTTlqYW8wcnV3UT09\">https:\/\/us02web.zoom.us\/j\/87259729040?pwd=cVZvdW9zakhZMlVUTTlqYW8wcnV3UT09<\/a><br>T\u00e1rgyal\u00e1s azonos\u00edt\u00f3ja: 872 5972 9040, jelsz\u00f3: 363312<\/p>\n<p><\/p><h2>AZ ONLINE ESEM\u00c9NY PROGRAMJA<\/h2>\n<div><br><\/div>\n<p>\"2020-AS AYURVEDA NAP ROM\u00c1NI\u00c1BAN\"<\/p>\n<p><br>10:15 El\u0151k\u00e9sz\u00fcletek - csatlakoz\u00e1s a Zoom platformhoz \u00e9s bevezet\u0151 filmek megtekint\u00e9se<br>10:30 A program bemutat\u00e1sa - Andrei Gamulea, az AMN-Rom\u00e1nia eln\u00f6ke<br>10:35 \u0150excellenci\u00e1ja bevezet\u0151 besz\u00e9de az Ayurveda Day 2020 Rom\u00e1ni\u00e1ban online rendezv\u00e9nyen<br>Rahul Shrivastava \u00far, India rom\u00e1niai nagyk\u00f6vete<br>10:45 Hon. Dr. Vedprakash Mishra, a kiv\u00e1l\u00f3s\u00e1g professzora, az Eminenci\u00e1s professzor \u00e9s<br>Professzor emeritus, a Datta Meghe Institute of Medical Sciences rektorhelyettese.<br>University), Nagpur, India (DMIMS(DU)-India)<br>11:00 Andrei Gamulea \u00far, az AMN-Rom\u00e1nia eln\u00f6ke besz\u00e9de<br>11:10 Hon. Bhaskar Bhatt \u00far, India Rom\u00e1niai Nagyk\u00f6vets\u00e9g\u00e9nek els\u0151 titk\u00e1ra<br>11:20 Hon. Dr. Rajiv Borle, alkancell\u00e1r, DMIMS(DU)-India<br>11:30 Hon. Chitra Suresh asszony, az \"Ayurveda Rom\u00e1ni\u00e1ban\" projekt kezdem\u00e9nyez\u0151j\u00e9nek felsz\u00f3lal\u00e1sa<br>11:40 Aurora Nicolae asszony, az AMN-Rom\u00e1nia aleln\u00f6ke besz\u00e9de<br>11:50 Hon. Dr. Lalit Waghmare, a DMIMS(DU)-India aleln\u00f6k\u00e9nek felsz\u00f3lal\u00e1sa<br>12:00 Hon. Dr. S. S. Patel, vezet\u0151 koordin\u00e1tor, DMIMS(DU) - India<br>12:10 Dr. Cristina C\u00eempean asszony, ayurv\u00e9da el\u0151ad\u00f3, vezet\u0151 orvosi tan\u00e1csad\u00f3, AMN-Rom\u00e1nia el\u0151ad\u00e1sa<br>12:20 Dr. Vaishali Kuchwar, d\u00e9k\u00e1n, Mahatma Gandhi Ayurved College, India, el\u0151ad\u00e1sa<br>12:30 Dr. Manish P. Deshmukh, igazgat\u00f3helyettes, interdiszciplin\u00e1ris kutat\u00e1s, DMIMS(DU)- India besz\u00e9de<br>12:40 Dr. Mirela Strant asszony, ayurv\u00e9da el\u0151ad\u00f3, orvosi tan\u00e1csad\u00f3, AMN-Rom\u00e1nia el\u0151ad\u00e1sa<br>12:50 A t\u00e9m\u00e1k \u00f6sszefoglal\u00f3j\u00e1nak bemutat\u00e1sa - Andrei Gamulea, az AMN-Rom\u00e1nia eln\u00f6ke<br>13:00 Tematikus el\u0151ad\u00e1s, Dr. Ina Petrea asszony, Ayurveda el\u0151ad\u00f3 AMN-Rom\u00e1nia - Ia\u015fi<br>13:05 Tematikus el\u0151ad\u00e1s, Dr. Aurora Repede asszony, Ayurveda el\u0151ad\u00f3 AMN-Rom\u00e1nia - Kolozsv\u00e1r<br>13:10 Tematikus el\u0151ad\u00e1s, Dr. Dalia Faur asszony, ayurv\u00e9da el\u0151ad\u00f3 AMN-Rom\u00e1nia - D\u00e9va<br>13:15 Tematikus el\u0151ad\u00e1s, Dr. Monica Pascal\u0103u asszony, Ayurveda el\u0151ad\u00f3 AMN-Rom\u00e1nia - Kolozsv\u00e1r<br>13:20 Tematikus el\u0151ad\u00e1s, Ionu\u021b Costin \u00far, Ayurveda el\u0151ad\u00f3, AMN-Rom\u00e1nia - Brass\u00f3<br>13:25 Tematikus el\u0151ad\u00e1s, Dr. Nadia Todericiu asszony, Ayurveda el\u0151ad\u00f3 AMN-Rom\u00e1nia - Kolozsv\u00e1r<br>13:30 Tematikus el\u0151ad\u00e1s, Dr. Victor Modval \u00far, AMN-Rom\u00e1nia - Marosv\u00e1s\u00e1rhelyi Ayurveda el\u0151ad\u00f3ja<br>13:35 Tematikus el\u0151ad\u00e1s, Florentina Baciu asszony, Ayurveda el\u0151ad\u00f3, AMN-Rom\u00e1nia - Baia Mare<br>13:40 Tematikus el\u0151ad\u00e1s, Dr. Cristina Dumitrescu asszony, Ayurveda el\u0151ad\u00f3 AMN-Rom\u00e1nia - Ploiesti<br>13:45 Tematikus el\u0151ad\u00e1s, Dr. Amalia Somanescu asszony, ayurv\u00e9da el\u0151ad\u00f3 AMN-Rom\u00e1nia - Bukarest<br>13:50 Tematikus el\u0151ad\u00e1s, Dr. Papp Zsigmond \u00far, AMN-Rom\u00e1nia - Temesv\u00e1r, Ayurveda el\u0151ad\u00f3ja<br>13:55 Tematikus el\u0151ad\u00e1s, Paula Florea asszony, Ayurveda el\u0151ad\u00f3 AMN-Rom\u00e1nia - Kolozsv\u00e1r<br>14:00 Tematikus el\u0151ad\u00e1s, Carmen Munteanu asszony, ayurv\u00e9da el\u0151ad\u00f3 AMN-Rom\u00e1nia - Bukarest<br>14:05 Tematikus el\u0151ad\u00e1s, Constantin Aioanei \u00far, Ayurveda el\u0151ad\u00f3, AMN-Rom\u00e1nia - Piatra Neamt<br>14:10 Z\u00e1r\u00f3 megjegyz\u00e9sek, Andrei Gamulea \u00far, az AMN-Rom\u00e1nia eln\u00f6ke<\/p>\n<p><br><\/p>\t\t\t\t\t\t\t\t<\/div>\n\t\t\t\t<\/div>\n\t\t\t\t\t<\/div>\n\t\t<\/div>\n\t\t\t\t\t<\/div>\n\t\t<\/section>\n\t\t\t\t<\/div>","protected":false},"excerpt":{"rendered":"<p>AYURVEDA NAP 2020 Id\u00e9n (2020) 2020. november 13-\u00e1n \u00fcnnepelj\u00fck az \"Ayurveda Napj\u00e1t\", amelyet az AMN-Rom\u00e1nia online szervez a DMIMS(DU)-Indi\u00e1val egy\u00fcttm\u0171k\u00f6dve \u00e9s India Rom\u00e1niai Nagyk\u00f6vets\u00e9g\u00e9nek rendk\u00edv\u00fcli r\u00e9szv\u00e9tel\u00e9vel. https:\/\/youtu.be\/xibQPgE2EiA A program a ZOOM platformon ker\u00fcl megrendez\u00e9sre https:\/\/us02web.zoom.us\/j\/87259729040?pwd=cVZvdW9zakhZMlVUTTlqYW8wcnV3UT09Meeting ID: 872 5972 9040, Passcode: 363312 A [...]<\/p>","protected":false},"author":1,"featured_media":0,"parent":6414,"menu_order":0,"comment_status":"closed","ping_status":"closed","template":"","meta":{"_mi_skip_tracking":false,"_analytify_skip_tracking":false,"footnotes":""},"class_list":["post-6477","page","type-page","status-publish","hentry"],"aioseo_notices":[],"aioseo_head":"\n\t\t<!-- All in One SEO Pro 4.7.0 - aioseo.com -->\n\t\t<meta name=\"description\" content=\"Evenimentul va fi organizat \u00een mediul online de AMN-Romania \u00een colaborare cu DMIMS(DU)-India \u0219i cu participarea excep\u021bional\u0103 a Ambasadei Indiei \u00een Rom\u00e2nia.\" \/>\n\t\t<meta name=\"robots\" content=\"max-image-preview:large\" \/>\n\t\t<meta name=\"google-site-verification\" content=\"G-391X30D2FS\" \/>\n\t\t<link rel=\"canonical\" href=\"https:\/\/amnromania.ro\/hu\/day-ayurveda\/day-ayurveda-2020\/\" \/>\n\t\t<meta name=\"generator\" content=\"All in One SEO Pro (AIOSEO) 4.7.0\" \/>\n\t\t<meta property=\"og:locale\" content=\"hu_HU\" \/>\n\t\t<meta property=\"og:site_name\" content=\"AMN Ayurveda ROM\u00c2NIA | Asociatia Nationala pentru Promovarea Medicinelor Neconventionale\" \/>\n\t\t<meta property=\"og:type\" content=\"article\" \/>\n\t\t<meta property=\"og:title\" content=\"Ziua Ayurveda 2020 | AMN Ayurveda ROM\u00c2NIA\" \/>\n\t\t<meta property=\"og:description\" content=\"Evenimentul va fi organizat \u00een mediul online de AMN-Romania \u00een colaborare cu DMIMS(DU)-India \u0219i cu participarea excep\u021bional\u0103 a Ambasadei Indiei \u00een Rom\u00e2nia.\" \/>\n\t\t<meta property=\"og:url\" content=\"https:\/\/amnromania.ro\/hu\/day-ayurveda\/day-ayurveda-2020\/\" \/>\n\t\t<meta property=\"og:image\" content=\"https:\/\/amnromania.ro\/ynorsyju\/2021\/06\/Ayurveda-in-Romania-Vol.-2-Ro.jpg\" \/>\n\t\t<meta property=\"og:image:secure_url\" content=\"https:\/\/amnromania.ro\/ynorsyju\/2021\/06\/Ayurveda-in-Romania-Vol.-2-Ro.jpg\" \/>\n\t\t<meta property=\"article:published_time\" content=\"2020-11-11T22:59:34+00:00\" \/>\n\t\t<meta property=\"article:modified_time\" content=\"2020-11-16T16:45:38+00:00\" \/>\n\t\t<meta property=\"article:publisher\" content=\"https:\/\/www.facebook.com\/AMNRomania\" \/>\n\t\t<script type=\"application\/ld+json\" class=\"aioseo-schema\">\n\t\t\t{\"@context\":\"https:\\\/\\\/schema.org\",\"@graph\":[{\"@type\":\"BreadcrumbList\",\"@id\":\"https:\\\/\\\/amnromania.ro\\\/hu\\\/day-ayurveda\\\/day-ayurveda-2020\\\/#breadcrumblist\",\"itemListElement\":[{\"@type\":\"ListItem\",\"@id\":\"https:\\\/\\\/amnromania.ro\\\/hu\\\/#listItem\",\"position\":1,\"name\":\"Home\",\"item\":\"https:\\\/\\\/amnromania.ro\\\/hu\\\/\",\"nextItem\":\"https:\\\/\\\/amnromania.ro\\\/hu\\\/day-ayurveda\\\/#listItem\"},{\"@type\":\"ListItem\",\"@id\":\"https:\\\/\\\/amnromania.ro\\\/hu\\\/day-ayurveda\\\/#listItem\",\"position\":2,\"name\":\"Ziua Ayurveda\",\"item\":\"https:\\\/\\\/amnromania.ro\\\/hu\\\/day-ayurveda\\\/\",\"nextItem\":\"https:\\\/\\\/amnromania.ro\\\/hu\\\/day-ayurveda\\\/day-ayurveda-2020\\\/#listItem\",\"previousItem\":\"https:\\\/\\\/amnromania.ro\\\/hu\\\/#listItem\"},{\"@type\":\"ListItem\",\"@id\":\"https:\\\/\\\/amnromania.ro\\\/hu\\\/day-ayurveda\\\/day-ayurveda-2020\\\/#listItem\",\"position\":3,\"name\":\"Ziua Ayurveda 2020\",\"previousItem\":\"https:\\\/\\\/amnromania.ro\\\/hu\\\/day-ayurveda\\\/#listItem\"}]},{\"@type\":\"Organization\",\"@id\":\"https:\\\/\\\/amnromania.ro\\\/hu\\\/#organization\",\"name\":\"AMN Ayurveda Romania\",\"url\":\"https:\\\/\\\/amnromania.ro\\\/hu\\\/\",\"logo\":{\"@type\":\"ImageObject\",\"url\":\"https:\\\/\\\/amnromania.ro\\\/ynorsyju\\\/2020\\\/10\\\/amn.png\",\"@id\":\"https:\\\/\\\/amnromania.ro\\\/hu\\\/day-ayurveda\\\/day-ayurveda-2020\\\/#organizationLogo\"},\"image\":{\"@id\":\"https:\\\/\\\/amnromania.ro\\\/hu\\\/day-ayurveda\\\/day-ayurveda-2020\\\/#organizationLogo\"},\"sameAs\":[\"https:\\\/\\\/www.facebook.com\\\/AMNRomania\",\"https:\\\/\\\/www.youtube.com\\\/channel\\\/UClfqKxiq_uZ11rthDIT3-BQ\\\/videos\"]},{\"@type\":\"WebPage\",\"@id\":\"https:\\\/\\\/amnromania.ro\\\/hu\\\/day-ayurveda\\\/day-ayurveda-2020\\\/#webpage\",\"url\":\"https:\\\/\\\/amnromania.ro\\\/hu\\\/day-ayurveda\\\/day-ayurveda-2020\\\/\",\"name\":\"Ziua Ayurveda 2020 | AMN Ayurveda ROM\\u00c2NIA\",\"description\":\"Evenimentul va fi organizat \\u00een mediul online de AMN-Romania \\u00een colaborare cu DMIMS(DU)-India \\u0219i cu participarea excep\\u021bional\\u0103 a Ambasadei Indiei \\u00een Rom\\u00e2nia.\",\"inLanguage\":\"hu-HU\",\"isPartOf\":{\"@id\":\"https:\\\/\\\/amnromania.ro\\\/hu\\\/#website\"},\"breadcrumb\":{\"@id\":\"https:\\\/\\\/amnromania.ro\\\/hu\\\/day-ayurveda\\\/day-ayurveda-2020\\\/#breadcrumblist\"},\"datePublished\":\"2020-11-11T22:59:34+02:00\",\"dateModified\":\"2020-11-16T16:45:38+02:00\"},{\"@type\":\"WebSite\",\"@id\":\"https:\\\/\\\/amnromania.ro\\\/hu\\\/#website\",\"url\":\"https:\\\/\\\/amnromania.ro\\\/hu\\\/\",\"name\":\"AMN Ayurveda ROM\\u00c2NIA\",\"description\":\"Asociatia Nationala pentru Promovarea Medicinelor Neconventionale\",\"inLanguage\":\"hu-HU\",\"publisher\":{\"@id\":\"https:\\\/\\\/amnromania.ro\\\/hu\\\/#organization\"}}]}\n\t\t<\/script>\n\t\t<!-- All in One SEO Pro -->\r\n\t\t<title>Ziua Ayurveda 2020 | AMN Ayurveda ROM\u00c2NIA<\/title>\n\n","aioseo_head_json":{"title":"Ziua Ayurveda 2020 | AMN Ayurveda ROM\u00c2NIA","description":"Evenimentul va fi organizat \u00een mediul online de AMN-Romania \u00een colaborare cu DMIMS(DU)-India \u0219i cu participarea excep\u021bional\u0103 a Ambasadei Indiei \u00een Rom\u00e2nia.","canonical_url":"https:\/\/amnromania.ro\/hu\/day-ayurveda\/day-ayurveda-2020\/","robots":"max-image-preview:large","keywords":"","webmasterTools":{"google-site-verification":"G-391X30D2FS","miscellaneous":""},"og:locale":"hu_HU","og:site_name":"AMN Ayurveda ROM\u00c2NIA | Asociatia Nationala pentru Promovarea Medicinelor Neconventionale","og:type":"article","og:title":"Ziua Ayurveda 2020 | AMN Ayurveda ROM\u00c2NIA","og:description":"Evenimentul va fi organizat \u00een mediul online de AMN-Romania \u00een colaborare cu DMIMS(DU)-India \u0219i cu participarea excep\u021bional\u0103 a Ambasadei Indiei \u00een Rom\u00e2nia.","og:url":"https:\/\/amnromania.ro\/hu\/day-ayurveda\/day-ayurveda-2020\/","og:image":"https:\/\/amnromania.ro\/ynorsyju\/2021\/06\/Ayurveda-in-Romania-Vol.-2-Ro.jpg","og:image:secure_url":"https:\/\/amnromania.ro\/ynorsyju\/2021\/06\/Ayurveda-in-Romania-Vol.-2-Ro.jpg","article:published_time":"2020-11-11T22:59:34+00:00","article:modified_time":"2020-11-16T16:45:38+00:00","article:publisher":"https:\/\/www.facebook.com\/AMNRomania","schema":{"@context":"https:\/\/schema.org","@graph":[{"@type":"BreadcrumbList","@id":"https:\/\/amnromania.ro\/hu\/day-ayurveda\/day-ayurveda-2020\/#breadcrumblist","itemListElement":[{"@type":"ListItem","@id":"https:\/\/amnromania.ro\/hu\/#listItem","position":1,"name":"Home","item":"https:\/\/amnromania.ro\/hu\/","nextItem":"https:\/\/amnromania.ro\/hu\/day-ayurveda\/#listItem"},{"@type":"ListItem","@id":"https:\/\/amnromania.ro\/hu\/day-ayurveda\/#listItem","position":2,"name":"Ziua Ayurveda","item":"https:\/\/amnromania.ro\/hu\/day-ayurveda\/","nextItem":"https:\/\/amnromania.ro\/hu\/day-ayurveda\/day-ayurveda-2020\/#listItem","previousItem":"https:\/\/amnromania.ro\/hu\/#listItem"},{"@type":"ListItem","@id":"https:\/\/amnromania.ro\/hu\/day-ayurveda\/day-ayurveda-2020\/#listItem","position":3,"name":"Ziua Ayurveda 2020","previousItem":"https:\/\/amnromania.ro\/hu\/day-ayurveda\/#listItem"}]},{"@type":"Organization","@id":"https:\/\/amnromania.ro\/hu\/#organization","name":"AMN Ayurveda Romania","url":"https:\/\/amnromania.ro\/hu\/","logo":{"@type":"ImageObject","url":"https:\/\/amnromania.ro\/ynorsyju\/2020\/10\/amn.png","@id":"https:\/\/amnromania.ro\/hu\/day-ayurveda\/day-ayurveda-2020\/#organizationLogo"},"image":{"@id":"https:\/\/amnromania.ro\/hu\/day-ayurveda\/day-ayurveda-2020\/#organizationLogo"},"sameAs":["https:\/\/www.facebook.com\/AMNRomania","https:\/\/www.youtube.com\/channel\/UClfqKxiq_uZ11rthDIT3-BQ\/videos"]},{"@type":"WebPage","@id":"https:\/\/amnromania.ro\/hu\/day-ayurveda\/day-ayurveda-2020\/#webpage","url":"https:\/\/amnromania.ro\/hu\/day-ayurveda\/day-ayurveda-2020\/","name":"Ziua Ayurveda 2020 | AMN Ayurveda ROM\u00c2NIA","description":"Evenimentul va fi organizat \u00een mediul online de AMN-Romania \u00een colaborare cu DMIMS(DU)-India \u0219i cu participarea excep\u021bional\u0103 a Ambasadei Indiei \u00een Rom\u00e2nia.","inLanguage":"hu-HU","isPartOf":{"@id":"https:\/\/amnromania.ro\/hu\/#website"},"breadcrumb":{"@id":"https:\/\/amnromania.ro\/hu\/day-ayurveda\/day-ayurveda-2020\/#breadcrumblist"},"datePublished":"2020-11-11T22:59:34+02:00","dateModified":"2020-11-16T16:45:38+02:00"},{"@type":"WebSite","@id":"https:\/\/amnromania.ro\/hu\/#website","url":"https:\/\/amnromania.ro\/hu\/","name":"AMN Ayurveda ROM\u00c2NIA","description":"Asociatia Nationala pentru Promovarea Medicinelor Neconventionale","inLanguage":"hu-HU","publisher":{"@id":"https:\/\/amnromania.ro\/hu\/#organization"}}]}},"aioseo_meta_data":{"post_id":"6477","title":null,"description":"Evenimentul va fi organizat \u00een mediul online de AMN-Romania \u00een colaborare cu DMIMS(DU)-India \u0219i cu participarea excep\u021bional\u0103 a Ambasadei Indiei \u00een Rom\u00e2nia.","keywords":"","keyphrases":null,"primary_term":null,"canonical_url":"","og_title":null,"og_description":null,"og_object_type":"default","og_image_type":"default","og_image_url":null,"og_image_width":null,"og_image_height":null,"og_image_custom_url":null,"og_image_custom_fields":null,"og_video":null,"og_custom_url":null,"og_article_section":null,"og_article_tags":null,"twitter_use_og":false,"twitter_card":"default","twitter_image_type":"default","twitter_image_url":null,"twitter_image_custom_url":null,"twitter_image_custom_fields":null,"twitter_title":null,"twitter_description":null,"schema":{"blockGraphs":[],"customGraphs":[],"default":{"data":{"Article":[],"Course":[],"Dataset":[],"FAQPage":[],"Movie":[],"Person":[],"Product":[],"Recipe":[],"Service":[],"SoftwareApplication":[],"WebPage":[]},"graphName":"WebPage","isEnabled":true},"graphs":[]},"schema_type":null,"schema_type_options":null,"pillar_content":false,"robots_default":true,"robots_noindex":false,"robots_noarchive":false,"robots_nosnippet":false,"robots_nofollow":false,"robots_noimageindex":false,"robots_noodp":false,"robots_notranslate":false,"robots_max_snippet":null,"robots_max_videopreview":null,"robots_max_imagepreview":"large","priority":null,"frequency":null,"local_seo":null,"limit_modified_date":false,"open_ai":null,"created":"2020-12-21 07:24:32","updated":"2024-01-28 10:45:42"},"aioseo_breadcrumb":"<div class=\"aioseo-breadcrumbs\"><span class=\"aioseo-breadcrumb\">\n\t<a href=\"https:\/\/amnromania.ro\/hu\" title=\"Home\">Home<\/a>\n<\/span><span class=\"aioseo-breadcrumb-separator\">&raquo;<\/span><span class=\"aioseo-breadcrumb\">\n\t<a href=\"https:\/\/amnromania.ro\/hu\/day-ayurveda\/\" title=\"Ziua Ayurveda\">Ziua Ayurveda<\/a>\n<\/span><span class=\"aioseo-breadcrumb-separator\">&raquo;<\/span><span class=\"aioseo-breadcrumb\">\n\tZiua Ayurveda 2020\n<\/span><\/div>","aioseo_breadcrumb_json":[{"label":"Home","link":"https:\/\/amnromania.ro\/hu"},{"label":"Ziua Ayurveda","link":"https:\/\/amnromania.ro\/hu\/day-ayurveda\/"},{"label":"Ziua Ayurveda 2020","link":"https:\/\/amnromania.ro\/hu\/day-ayurveda\/day-ayurveda-2020\/"}],"_links":{"self":[{"href":"https:\/\/amnromania.ro\/hu\/wp-json\/wp\/v2\/pages\/6477","targetHints":{"allow":["GET"]}}],"collection":[{"href":"https:\/\/amnromania.ro\/hu\/wp-json\/wp\/v2\/pages"}],"about":[{"href":"https:\/\/amnromania.ro\/hu\/wp-json\/wp\/v2\/types\/page"}],"author":[{"embeddable":true,"href":"https:\/\/amnromania.ro\/hu\/wp-json\/wp\/v2\/users\/1"}],"replies":[{"embeddable":true,"href":"https:\/\/amnromania.ro\/hu\/wp-json\/wp\/v2\/comments?post=6477"}],"version-history":[{"count":0,"href":"https:\/\/amnromania.ro\/hu\/wp-json\/wp\/v2\/pages\/6477\/revisions"}],"up":[{"embeddable":true,"href":"https:\/\/amnromania.ro\/hu\/wp-json\/wp\/v2\/pages\/6414"}],"wp:attachment":[{"href":"https:\/\/amnromania.ro\/hu\/wp-json\/wp\/v2\/media?parent=6477"}],"curies":[{"name":"wp","href":"https:\/\/api.w.org\/{rel}","templated":true}]}}