{"id":6475,"date":"2020-11-11T22:59:13","date_gmt":"2020-11-11T22:59:13","guid":{"rendered":"https:\/\/amnromania.ro\/?page_id=6475"},"modified":"2021-06-16T06:56:37","modified_gmt":"2021-06-16T06:56:37","slug":"day-ayurveda-2019-2","status":"publish","type":"page","link":"https:\/\/amnromania.ro\/hu\/day-ayurveda\/day-ayurveda-2019-2\/","title":{"rendered":"Ayurveda napja 2019"},"content":{"rendered":"<div data-elementor-type=\"wp-page\" data-elementor-id=\"6475\" class=\"elementor elementor-6475\" data-elementor-post-type=\"page\">\n\t\t\t\t\t\t<section class=\"elementor-section elementor-top-section elementor-element elementor-element-b2fca40 elementor-section-boxed elementor-section-height-default elementor-section-height-default\" data-id=\"b2fca40\" data-element_type=\"section\">\n\t\t\t\t\t\t<div class=\"elementor-container elementor-column-gap-default\">\n\t\t\t\t\t<div class=\"elementor-column elementor-col-50 elementor-top-column elementor-element elementor-element-e7a372b\" data-id=\"e7a372b\" data-element_type=\"column\">\n\t\t\t<div class=\"elementor-widget-wrap elementor-element-populated\">\n\t\t\t\t\t\t<div class=\"elementor-element elementor-element-4f15b42 elementor-nav-menu__align-start elementor-nav-menu__text-align-center elementor-nav-menu--dropdown-tablet elementor-nav-menu--toggle elementor-nav-menu--burger elementor-widget elementor-widget-global elementor-global-5200 elementor-widget-nav-menu\" data-id=\"4f15b42\" data-element_type=\"widget\" data-settings=\"{&quot;layout&quot;:&quot;vertical&quot;,&quot;submenu_icon&quot;:{&quot;value&quot;:&quot;fas fa-caret-down&quot;,&quot;library&quot;:&quot;fa-solid&quot;},&quot;toggle&quot;:&quot;burger&quot;}\" data-widget_type=\"nav-menu.default\">\n\t\t\t\t<div class=\"elementor-widget-container\">\n\t\t\t\t\t\t\t\t<nav aria-label=\"Men\u00fc\" class=\"elementor-nav-menu--main elementor-nav-menu__container elementor-nav-menu--layout-vertical e--pointer-background e--animation-fade\">\n\t\t\t\t<ul id=\"menu-1-4f15b42\" class=\"elementor-nav-menu sm-vertical\"><li class=\"menu-item menu-item-type-post_type menu-item-object-page menu-item-6419\"><a href=\"https:\/\/amnromania.ro\/hu\/day-ayurveda\/\" class=\"elementor-item\">Ayurveda nap<\/a><\/li>\n<li class=\"menu-item menu-item-type-post_type menu-item-object-page menu-item-11894\"><a href=\"https:\/\/amnromania.ro\/hu\/eloadasok\/\" class=\"elementor-item\">El\u0151ad\u00e1sok<\/a><\/li>\n<li class=\"menu-item menu-item-type-post_type menu-item-object-page menu-item-11880\"><a href=\"https:\/\/amnromania.ro\/hu\/unnepsegek\/\" class=\"elementor-item\">\u00dcnneps\u00e9gek<\/a><\/li>\n<li class=\"menu-item menu-item-type-post_type menu-item-object-page menu-item-11893\"><a href=\"https:\/\/amnromania.ro\/hu\/konferenciak\/\" class=\"elementor-item\">Konferenci\u00e1k<\/a><\/li>\n<\/ul>\t\t\t<\/nav>\n\t\t\t\t\t<div class=\"elementor-menu-toggle\" role=\"button\" tabindex=\"0\" aria-label=\"Toggle men\u00fc\" aria-expanded=\"false\">\n\t\t\t<i aria-hidden=\"true\" role=\"presentation\" class=\"elementor-menu-toggle__icon--open eicon-menu-bar\"><\/i><i aria-hidden=\"true\" role=\"presentation\" class=\"elementor-menu-toggle__icon--close eicon-close\"><\/i>\t\t<\/div>\n\t\t\t\t\t<nav class=\"elementor-nav-menu--dropdown elementor-nav-menu__container\" aria-hidden=\"true\">\n\t\t\t\t<ul id=\"menu-2-4f15b42\" class=\"elementor-nav-menu sm-vertical\"><li class=\"menu-item menu-item-type-post_type menu-item-object-page menu-item-6419\"><a href=\"https:\/\/amnromania.ro\/hu\/day-ayurveda\/\" class=\"elementor-item\" tabindex=\"-1\">Ayurveda nap<\/a><\/li>\n<li class=\"menu-item menu-item-type-post_type menu-item-object-page menu-item-11894\"><a href=\"https:\/\/amnromania.ro\/hu\/eloadasok\/\" class=\"elementor-item\" tabindex=\"-1\">El\u0151ad\u00e1sok<\/a><\/li>\n<li class=\"menu-item menu-item-type-post_type menu-item-object-page menu-item-11880\"><a href=\"https:\/\/amnromania.ro\/hu\/unnepsegek\/\" class=\"elementor-item\" tabindex=\"-1\">\u00dcnneps\u00e9gek<\/a><\/li>\n<li class=\"menu-item menu-item-type-post_type menu-item-object-page menu-item-11893\"><a href=\"https:\/\/amnromania.ro\/hu\/konferenciak\/\" class=\"elementor-item\" tabindex=\"-1\">Konferenci\u00e1k<\/a><\/li>\n<\/ul>\t\t\t<\/nav>\n\t\t\t\t\t\t<\/div>\n\t\t\t\t<\/div>\n\t\t\t\t\t<\/div>\n\t\t<\/div>\n\t\t\t\t<div class=\"elementor-column elementor-col-50 elementor-top-column elementor-element elementor-element-bdfaf1d\" data-id=\"bdfaf1d\" data-element_type=\"column\">\n\t\t\t<div class=\"elementor-widget-wrap elementor-element-populated\">\n\t\t\t\t\t\t<div class=\"elementor-element elementor-element-d03bba4 elementor-widget elementor-widget-text-editor\" data-id=\"d03bba4\" data-element_type=\"widget\" data-widget_type=\"text-editor.default\">\n\t\t\t\t<div class=\"elementor-widget-container\">\n\t\t\t\t\t\t\t\t\t<h1>\u00a0<\/h1><h1 class=\"Titlu-12 P-15\" style=\"text-align: center;\"><strong><span style=\"color: #ffcc00;\">AYURVEDA NAP 2019<\/span><\/strong><\/h1><div><strong><span style=\"color: #ffcc00;\">\u00a0<\/span><\/strong><\/div><h2 class=\"Text2 P-16\" style=\"text-align: center;\"><strong>AZ AYURVEDA RENDSZERT BEMUTAT\u00d3 KONFERENCI\u00c1K<\/strong><\/h2><div><strong>\u00a0<\/strong><\/div><p class=\"Text2\">A 2019-es Nemzetk\u00f6zi Ayurveda Nap egy Rom\u00e1ni\u00e1ban t\u00f6bb helysz\u00ednen is jelen l\u00e9v\u0151 esem\u00e9ny. Az esem\u00e9nyt az AMN- szervezi.<wbr \/>Rom\u00e1nia a DMIMS(DU)-val egy\u00fcttm\u0171k\u00f6d\u00e9sben.<wbr \/>India. Bukarestben, Kolozsv\u00e1ron, Brass\u00f3ban, Marosv\u00e1s\u00e1rhelyen, Ramnicu Valce\u00e1ban \u00e9s Drobeta Turnui Severinben vagyunk.<wbr \/>nyilv\u00e1nos el\u0151ad\u00e1sokat tartott, hogy bemutassa a hagyom\u00e1nyos indiai \u00e9letismereti rendszert -<wbr \/>\u00a0Ayurveda.<\/p><p>\u00a0<\/p><p><img fetchpriority=\"high\" decoding=\"async\" class=\"aligncenter wp-image-6520 size-full\" src=\"https:\/\/amnromania.ro\/wp-content\/uploads\/2020\/11\/Ziua-Ayurvedei-2019.jpg\" alt=\"\" width=\"610\" height=\"117\" srcset=\"https:\/\/amnromania.ro\/wp-content\/uploads\/2020\/11\/Ziua-Ayurvedei-2019.jpg 610w, https:\/\/amnromania.ro\/wp-content\/uploads\/2020\/11\/Ziua-Ayurvedei-2019-300x58.jpg 300w\" sizes=\"(max-width: 610px) 100vw, 610px\" \/><\/p><p class=\"Titlu-12 P-15\" style=\"text-align: center;\"><strong>\u00a0<\/strong><\/p><p class=\"Titlu-12 P-15\" style=\"text-align: center;\"><strong>NYILV\u00c1NOS EL\u0150AD\u00c1SOK AZ AYURVEDA NAPJA 2019 ALKALM\u00c1B\u00d3L ROM\u00c1NI\u00c1BAN SZERVEZETT RENDEZV\u00c9NYSOROZAT KERET\u00c9BEN<\/strong><\/p><p class=\"Titlu-12 P-15\" style=\"text-align: center;\"><strong>\u00a0<\/strong><\/p><p class=\"Titlu-12 P-18\" style=\"text-align: center;\"><strong>OKT\u00d3BER 26. -<wbr \/>\u00a02019. NOVEMBER 8.<\/strong><\/p><p class=\"Normal P-19\" style=\"text-align: center;\"><strong><span class=\"C-14\">2019. NOVEMBER 5.<\/span><\/strong><\/p><p class=\"Normal P-20\" style=\"text-align: center;\"><strong><span class=\"C-15\">Bukarest, Otesani utca 16, 0749.079.619 -<wbr \/>\u00a015.00h<\/span><\/strong><\/p><p class=\"Normal P-20\" style=\"text-align: center;\"><strong><span class=\"C-15\">Brass\u00f3, Crinului utca 9, 0744.201.401 -<wbr \/>\u00a0\u00a017.00h<\/span><\/strong><\/p><p class=\"Normal P-20\" style=\"text-align: center;\"><strong><span class=\"C-15\">Kolozsv\u00e1r, Balea utca 9K, 0751.079.222 -<wbr \/>\u00a015.00h<\/span><\/strong><\/p><p class=\"Normal P-20\" style=\"text-align: center;\"><strong><span class=\"C-15\">Ramnicu Valcea, 26 Carol I utca, 0773.986.095 -<wbr \/>15.00h<\/span><\/strong><\/p><p class=\"Normal P-20\" style=\"text-align: center;\"><strong><span class=\"C-15\">Sangiogiu de Mures, 76 Petki David utca, 0740.886.541 -<wbr \/>\u00a015.00h<\/span><\/strong><\/p><p class=\"Normal P-20\" style=\"text-align: center;\"><strong><span class=\"C-15\">\u00a0<\/span><\/strong><\/p><p class=\"Normal P-20\" style=\"text-align: right;\"><a href=\"https:\/\/amnromania.ro\/hu\/day-ayurveda\/day-ayurveda-2020\/\"><strong><span class=\"C-15\">L\u00e1sd m\u00e9g: Ayurveda Day 2020<\/span><\/strong><\/a><\/p>\t\t\t\t\t\t\t\t<\/div>\n\t\t\t\t<\/div>\n\t\t\t\t\t<\/div>\n\t\t<\/div>\n\t\t\t\t\t<\/div>\n\t\t<\/section>\n\t\t\t\t<\/div>","protected":false},"excerpt":{"rendered":"<p>\u00a0 AYURVEDA NAP 2019 AYURVEDA RENDSZER EL\u0150AD\u00c1SA KONFERENCIA A Nemzetk\u00f6zi Ayurveda Nap 2019 egy Rom\u00e1ni\u00e1ban t\u00f6bb helysz\u00ednen is jelen l\u00e9v\u0151 esem\u00e9ny. A rendezv\u00e9nyt az AMN-Rom\u00e1nia szervezi a DMIMS(DU)-Indi\u00e1val egy\u00fcttm\u0171k\u00f6dve. Bukarestben, Kolozsv\u00e1ron, Brass\u00f3ban, Marosv\u00e1s\u00e1rhelyen, Ramnicu Valce\u00e1ban \u00e9s Drobeta Turnui Severinben nyilv\u00e1nos konferenci\u00e1kat tartottak, hogy bemutass\u00e1k a [...]<\/p>","protected":false},"author":1,"featured_media":0,"parent":6414,"menu_order":0,"comment_status":"closed","ping_status":"closed","template":"","meta":{"_mi_skip_tracking":false,"_analytify_skip_tracking":false,"footnotes":""},"class_list":["post-6475","page","type-page","status-publish","hentry"],"aioseo_notices":[],"aioseo_head":"\n\t\t<!-- All in One SEO Pro 4.7.0 - aioseo.com -->\n\t\t<meta name=\"description\" content=\"In Bucuresti, Cluj, Brasov, Targu Mures, Ramnicu Valcea si Drobeta Turnui Severin s-au desfasurat conferinte publice de prezentare a sistemului traditional indian de cunoastere asupra vietii \u2013 Ayurveda.\" \/>\n\t\t<meta name=\"robots\" content=\"max-image-preview:large\" \/>\n\t\t<meta name=\"google-site-verification\" content=\"G-391X30D2FS\" \/>\n\t\t<link rel=\"canonical\" href=\"https:\/\/amnromania.ro\/hu\/day-ayurveda\/day-ayurveda-2019-2\/\" \/>\n\t\t<meta name=\"generator\" content=\"All in One SEO Pro (AIOSEO) 4.7.0\" \/>\n\t\t<meta property=\"og:locale\" content=\"hu_HU\" \/>\n\t\t<meta property=\"og:site_name\" content=\"AMN Ayurveda ROM\u00c2NIA | Asociatia Nationala pentru Promovarea Medicinelor Neconventionale\" \/>\n\t\t<meta property=\"og:type\" content=\"article\" \/>\n\t\t<meta property=\"og:title\" content=\"Ziua Ayurveda 2019 | AMN Ayurveda ROM\u00c2NIA\" \/>\n\t\t<meta property=\"og:description\" content=\"In Bucuresti, Cluj, Brasov, Targu Mures, Ramnicu Valcea si Drobeta Turnui Severin s-au desfasurat conferinte publice de prezentare a sistemului traditional indian de cunoastere asupra vietii \u2013 Ayurveda.\" \/>\n\t\t<meta property=\"og:url\" content=\"https:\/\/amnromania.ro\/hu\/day-ayurveda\/day-ayurveda-2019-2\/\" \/>\n\t\t<meta property=\"og:image\" content=\"https:\/\/amnromania.ro\/ynorsyju\/2021\/06\/Ayurveda-in-Romania-Vol.-2-Ro.jpg\" \/>\n\t\t<meta property=\"og:image:secure_url\" content=\"https:\/\/amnromania.ro\/ynorsyju\/2021\/06\/Ayurveda-in-Romania-Vol.-2-Ro.jpg\" \/>\n\t\t<meta property=\"article:published_time\" content=\"2020-11-11T22:59:13+00:00\" \/>\n\t\t<meta property=\"article:modified_time\" content=\"2021-06-16T06:56:37+00:00\" \/>\n\t\t<meta property=\"article:publisher\" content=\"https:\/\/www.facebook.com\/AMNRomania\" \/>\n\t\t<script type=\"application\/ld+json\" class=\"aioseo-schema\">\n\t\t\t{\"@context\":\"https:\\\/\\\/schema.org\",\"@graph\":[{\"@type\":\"BreadcrumbList\",\"@id\":\"https:\\\/\\\/amnromania.ro\\\/hu\\\/day-ayurveda\\\/day-ayurveda-2019-2\\\/#breadcrumblist\",\"itemListElement\":[{\"@type\":\"ListItem\",\"@id\":\"https:\\\/\\\/amnromania.ro\\\/hu\\\/#listItem\",\"position\":1,\"name\":\"Home\",\"item\":\"https:\\\/\\\/amnromania.ro\\\/hu\\\/\",\"nextItem\":\"https:\\\/\\\/amnromania.ro\\\/hu\\\/day-ayurveda\\\/#listItem\"},{\"@type\":\"ListItem\",\"@id\":\"https:\\\/\\\/amnromania.ro\\\/hu\\\/day-ayurveda\\\/#listItem\",\"position\":2,\"name\":\"Ziua Ayurveda\",\"item\":\"https:\\\/\\\/amnromania.ro\\\/hu\\\/day-ayurveda\\\/\",\"nextItem\":\"https:\\\/\\\/amnromania.ro\\\/hu\\\/day-ayurveda\\\/day-ayurveda-2019-2\\\/#listItem\",\"previousItem\":\"https:\\\/\\\/amnromania.ro\\\/hu\\\/#listItem\"},{\"@type\":\"ListItem\",\"@id\":\"https:\\\/\\\/amnromania.ro\\\/hu\\\/day-ayurveda\\\/day-ayurveda-2019-2\\\/#listItem\",\"position\":3,\"name\":\"Ziua Ayurveda 2019\",\"previousItem\":\"https:\\\/\\\/amnromania.ro\\\/hu\\\/day-ayurveda\\\/#listItem\"}]},{\"@type\":\"Organization\",\"@id\":\"https:\\\/\\\/amnromania.ro\\\/hu\\\/#organization\",\"name\":\"AMN Ayurveda Romania\",\"url\":\"https:\\\/\\\/amnromania.ro\\\/hu\\\/\",\"logo\":{\"@type\":\"ImageObject\",\"url\":\"https:\\\/\\\/amnromania.ro\\\/ynorsyju\\\/2020\\\/10\\\/amn.png\",\"@id\":\"https:\\\/\\\/amnromania.ro\\\/hu\\\/day-ayurveda\\\/day-ayurveda-2019-2\\\/#organizationLogo\"},\"image\":{\"@id\":\"https:\\\/\\\/amnromania.ro\\\/hu\\\/day-ayurveda\\\/day-ayurveda-2019-2\\\/#organizationLogo\"},\"sameAs\":[\"https:\\\/\\\/www.facebook.com\\\/AMNRomania\",\"https:\\\/\\\/www.youtube.com\\\/channel\\\/UClfqKxiq_uZ11rthDIT3-BQ\\\/videos\"]},{\"@type\":\"WebPage\",\"@id\":\"https:\\\/\\\/amnromania.ro\\\/hu\\\/day-ayurveda\\\/day-ayurveda-2019-2\\\/#webpage\",\"url\":\"https:\\\/\\\/amnromania.ro\\\/hu\\\/day-ayurveda\\\/day-ayurveda-2019-2\\\/\",\"name\":\"Ziua Ayurveda 2019 | AMN Ayurveda ROM\\u00c2NIA\",\"description\":\"In Bucuresti, Cluj, Brasov, Targu Mures, Ramnicu Valcea si Drobeta Turnui Severin s-au desfasurat conferinte publice de prezentare a sistemului traditional indian de cunoastere asupra vietii \\u2013 Ayurveda.\",\"inLanguage\":\"hu-HU\",\"isPartOf\":{\"@id\":\"https:\\\/\\\/amnromania.ro\\\/hu\\\/#website\"},\"breadcrumb\":{\"@id\":\"https:\\\/\\\/amnromania.ro\\\/hu\\\/day-ayurveda\\\/day-ayurveda-2019-2\\\/#breadcrumblist\"},\"datePublished\":\"2020-11-11T22:59:13+02:00\",\"dateModified\":\"2021-06-16T06:56:37+02:00\"},{\"@type\":\"WebSite\",\"@id\":\"https:\\\/\\\/amnromania.ro\\\/hu\\\/#website\",\"url\":\"https:\\\/\\\/amnromania.ro\\\/hu\\\/\",\"name\":\"AMN Ayurveda ROM\\u00c2NIA\",\"description\":\"Asociatia Nationala pentru Promovarea Medicinelor Neconventionale\",\"inLanguage\":\"hu-HU\",\"publisher\":{\"@id\":\"https:\\\/\\\/amnromania.ro\\\/hu\\\/#organization\"}}]}\n\t\t<\/script>\n\t\t<!-- All in One SEO Pro -->\r\n\t\t<title>Ziua Ayurveda 2019 | AMN Ayurveda ROM\u00c2NIA<\/title>\n\n","aioseo_head_json":{"title":"Ziua Ayurveda 2019 | AMN Ayurveda ROM\u00c2NIA","description":"In Bucuresti, Cluj, Brasov, Targu Mures, Ramnicu Valcea si Drobeta Turnui Severin s-au desfasurat conferinte publice de prezentare a sistemului traditional indian de cunoastere asupra vietii \u2013 Ayurveda.","canonical_url":"https:\/\/amnromania.ro\/hu\/day-ayurveda\/day-ayurveda-2019-2\/","robots":"max-image-preview:large","keywords":"","webmasterTools":{"google-site-verification":"G-391X30D2FS","miscellaneous":""},"og:locale":"hu_HU","og:site_name":"AMN Ayurveda ROM\u00c2NIA | Asociatia Nationala pentru Promovarea Medicinelor Neconventionale","og:type":"article","og:title":"Ziua Ayurveda 2019 | AMN Ayurveda ROM\u00c2NIA","og:description":"In Bucuresti, Cluj, Brasov, Targu Mures, Ramnicu Valcea si Drobeta Turnui Severin s-au desfasurat conferinte publice de prezentare a sistemului traditional indian de cunoastere asupra vietii \u2013 Ayurveda.","og:url":"https:\/\/amnromania.ro\/hu\/day-ayurveda\/day-ayurveda-2019-2\/","og:image":"https:\/\/amnromania.ro\/ynorsyju\/2021\/06\/Ayurveda-in-Romania-Vol.-2-Ro.jpg","og:image:secure_url":"https:\/\/amnromania.ro\/ynorsyju\/2021\/06\/Ayurveda-in-Romania-Vol.-2-Ro.jpg","article:published_time":"2020-11-11T22:59:13+00:00","article:modified_time":"2021-06-16T06:56:37+00:00","article:publisher":"https:\/\/www.facebook.com\/AMNRomania","schema":{"@context":"https:\/\/schema.org","@graph":[{"@type":"BreadcrumbList","@id":"https:\/\/amnromania.ro\/hu\/day-ayurveda\/day-ayurveda-2019-2\/#breadcrumblist","itemListElement":[{"@type":"ListItem","@id":"https:\/\/amnromania.ro\/hu\/#listItem","position":1,"name":"Home","item":"https:\/\/amnromania.ro\/hu\/","nextItem":"https:\/\/amnromania.ro\/hu\/day-ayurveda\/#listItem"},{"@type":"ListItem","@id":"https:\/\/amnromania.ro\/hu\/day-ayurveda\/#listItem","position":2,"name":"Ziua Ayurveda","item":"https:\/\/amnromania.ro\/hu\/day-ayurveda\/","nextItem":"https:\/\/amnromania.ro\/hu\/day-ayurveda\/day-ayurveda-2019-2\/#listItem","previousItem":"https:\/\/amnromania.ro\/hu\/#listItem"},{"@type":"ListItem","@id":"https:\/\/amnromania.ro\/hu\/day-ayurveda\/day-ayurveda-2019-2\/#listItem","position":3,"name":"Ziua Ayurveda 2019","previousItem":"https:\/\/amnromania.ro\/hu\/day-ayurveda\/#listItem"}]},{"@type":"Organization","@id":"https:\/\/amnromania.ro\/hu\/#organization","name":"AMN Ayurveda Romania","url":"https:\/\/amnromania.ro\/hu\/","logo":{"@type":"ImageObject","url":"https:\/\/amnromania.ro\/ynorsyju\/2020\/10\/amn.png","@id":"https:\/\/amnromania.ro\/hu\/day-ayurveda\/day-ayurveda-2019-2\/#organizationLogo"},"image":{"@id":"https:\/\/amnromania.ro\/hu\/day-ayurveda\/day-ayurveda-2019-2\/#organizationLogo"},"sameAs":["https:\/\/www.facebook.com\/AMNRomania","https:\/\/www.youtube.com\/channel\/UClfqKxiq_uZ11rthDIT3-BQ\/videos"]},{"@type":"WebPage","@id":"https:\/\/amnromania.ro\/hu\/day-ayurveda\/day-ayurveda-2019-2\/#webpage","url":"https:\/\/amnromania.ro\/hu\/day-ayurveda\/day-ayurveda-2019-2\/","name":"Ziua Ayurveda 2019 | AMN Ayurveda ROM\u00c2NIA","description":"In Bucuresti, Cluj, Brasov, Targu Mures, Ramnicu Valcea si Drobeta Turnui Severin s-au desfasurat conferinte publice de prezentare a sistemului traditional indian de cunoastere asupra vietii \u2013 Ayurveda.","inLanguage":"hu-HU","isPartOf":{"@id":"https:\/\/amnromania.ro\/hu\/#website"},"breadcrumb":{"@id":"https:\/\/amnromania.ro\/hu\/day-ayurveda\/day-ayurveda-2019-2\/#breadcrumblist"},"datePublished":"2020-11-11T22:59:13+02:00","dateModified":"2021-06-16T06:56:37+02:00"},{"@type":"WebSite","@id":"https:\/\/amnromania.ro\/hu\/#website","url":"https:\/\/amnromania.ro\/hu\/","name":"AMN Ayurveda ROM\u00c2NIA","description":"Asociatia Nationala pentru Promovarea Medicinelor Neconventionale","inLanguage":"hu-HU","publisher":{"@id":"https:\/\/amnromania.ro\/hu\/#organization"}}]}},"aioseo_meta_data":{"post_id":"6475","title":null,"description":"In Bucuresti, Cluj, Brasov, Targu Mures, Ramnicu Valcea si Drobeta Turnui Severin s-au desfasurat conferinte publice de prezentare a sistemului traditional indian de cunoastere asupra vietii \u2013 Ayurveda.","keywords":"","keyphrases":"{\"focus\":[],\"additional\":[]}","primary_term":null,"canonical_url":"","og_title":null,"og_description":null,"og_object_type":"default","og_image_type":"default","og_image_url":null,"og_image_width":null,"og_image_height":null,"og_image_custom_url":null,"og_image_custom_fields":null,"og_video":"","og_custom_url":null,"og_article_section":null,"og_article_tags":"[]","twitter_use_og":false,"twitter_card":"default","twitter_image_type":"default","twitter_image_url":null,"twitter_image_custom_url":null,"twitter_image_custom_fields":null,"twitter_title":null,"twitter_description":null,"schema":{"blockGraphs":[],"customGraphs":[],"default":{"data":{"Article":[],"Course":[],"Dataset":[],"FAQPage":[],"Movie":[],"Person":[],"Product":[],"Recipe":[],"Service":[],"SoftwareApplication":[],"WebPage":{"id":"#aioseo-web-page-65b6305604e07","slug":"web-page","graphName":"WebPage","label":"Web Page","properties":{"type":"WebPage","name":"","description":""}}},"graphName":"WebPage","isEnabled":true},"graphs":[]},"schema_type":"default","schema_type_options":"{\"article\":{\"articleType\":\"BlogPosting\"},\"course\":{\"name\":\"\",\"description\":\"\",\"provider\":\"\"},\"faq\":{\"pages\":[]},\"product\":{\"reviews\":[]},\"recipe\":{\"ingredients\":[],\"instructions\":[],\"keywords\":[]},\"software\":{\"reviews\":[],\"operatingSystems\":[]},\"webPage\":{\"webPageType\":\"WebPage\"}}","pillar_content":false,"robots_default":true,"robots_noindex":false,"robots_noarchive":false,"robots_nosnippet":false,"robots_nofollow":false,"robots_noimageindex":false,"robots_noodp":false,"robots_notranslate":false,"robots_max_snippet":"-1","robots_max_videopreview":"-1","robots_max_imagepreview":"large","priority":null,"frequency":"default","local_seo":{"businessInfo":{"name":"","urls":{"website":"","aboutPage":"","contactPage":""},"address":{"line1":"","line2":"","zip":"","city":"","state":"","country":""},"contact":{"email":"","phone":"","fax":""},"ids":{"vatID":"","taxID":"","chamberID":""},"payment":{"priceIndication":"","currenciesAccepted":"","methodsAccepted":""},"areaServed":""},"openingHours":{"show":false,"closedLabel":"","open24h":false,"open24hLabel":"","open247":false,"use24hFormat":false,"twoSets":false,"timezone":"","hours":[]}},"limit_modified_date":false,"open_ai":null,"created":"2020-12-21 07:24:32","updated":"2024-01-28 10:45:42"},"aioseo_breadcrumb":"<div class=\"aioseo-breadcrumbs\"><span class=\"aioseo-breadcrumb\">\n\t<a href=\"https:\/\/amnromania.ro\/hu\" title=\"Home\">Home<\/a>\n<\/span><span class=\"aioseo-breadcrumb-separator\">&raquo;<\/span><span class=\"aioseo-breadcrumb\">\n\t<a href=\"https:\/\/amnromania.ro\/hu\/day-ayurveda\/\" title=\"Ziua Ayurveda\">Ziua Ayurveda<\/a>\n<\/span><span class=\"aioseo-breadcrumb-separator\">&raquo;<\/span><span class=\"aioseo-breadcrumb\">\n\tZiua Ayurveda 2019\n<\/span><\/div>","aioseo_breadcrumb_json":[{"label":"Home","link":"https:\/\/amnromania.ro\/hu"},{"label":"Ziua Ayurveda","link":"https:\/\/amnromania.ro\/hu\/day-ayurveda\/"},{"label":"Ziua Ayurveda 2019","link":"https:\/\/amnromania.ro\/hu\/day-ayurveda\/day-ayurveda-2019-2\/"}],"_links":{"self":[{"href":"https:\/\/amnromania.ro\/hu\/wp-json\/wp\/v2\/pages\/6475","targetHints":{"allow":["GET"]}}],"collection":[{"href":"https:\/\/amnromania.ro\/hu\/wp-json\/wp\/v2\/pages"}],"about":[{"href":"https:\/\/amnromania.ro\/hu\/wp-json\/wp\/v2\/types\/page"}],"author":[{"embeddable":true,"href":"https:\/\/amnromania.ro\/hu\/wp-json\/wp\/v2\/users\/1"}],"replies":[{"embeddable":true,"href":"https:\/\/amnromania.ro\/hu\/wp-json\/wp\/v2\/comments?post=6475"}],"version-history":[{"count":0,"href":"https:\/\/amnromania.ro\/hu\/wp-json\/wp\/v2\/pages\/6475\/revisions"}],"up":[{"embeddable":true,"href":"https:\/\/amnromania.ro\/hu\/wp-json\/wp\/v2\/pages\/6414"}],"wp:attachment":[{"href":"https:\/\/amnromania.ro\/hu\/wp-json\/wp\/v2\/media?parent=6475"}],"curies":[{"name":"wp","href":"https:\/\/api.w.org\/{rel}","templated":true}]}}