{"id":6426,"date":"2020-11-11T22:32:35","date_gmt":"2020-11-11T22:32:35","guid":{"rendered":"https:\/\/amnromania.ro\/?page_id=6426"},"modified":"2024-01-30T19:14:36","modified_gmt":"2024-01-30T17:14:36","slug":"konferencia-ccir","status":"publish","type":"page","link":"https:\/\/amnromania.ro\/hu\/konferencia-ccir\/","title":{"rendered":"CCIR konferencia"},"content":{"rendered":"<div data-elementor-type=\"wp-page\" data-elementor-id=\"6426\" class=\"elementor elementor-6426\" data-elementor-post-type=\"page\">\n\t\t\t\t\t\t<section class=\"elementor-section elementor-top-section elementor-element elementor-element-c7a08e2 elementor-section-boxed elementor-section-height-default elementor-section-height-default\" data-id=\"c7a08e2\" data-element_type=\"section\">\n\t\t\t\t\t\t<div class=\"elementor-container elementor-column-gap-default\">\n\t\t\t\t\t<div class=\"elementor-column elementor-col-50 elementor-top-column elementor-element elementor-element-fb29a97\" data-id=\"fb29a97\" data-element_type=\"column\">\n\t\t\t<div class=\"elementor-widget-wrap elementor-element-populated\">\n\t\t\t\t\t\t<div class=\"elementor-element elementor-element-9eaacf3 elementor-nav-menu__align-start elementor-nav-menu__text-align-center elementor-nav-menu--dropdown-tablet elementor-nav-menu--toggle elementor-nav-menu--burger elementor-widget elementor-widget-global elementor-global-5200 elementor-widget-nav-menu\" data-id=\"9eaacf3\" data-element_type=\"widget\" data-settings=\"{&quot;layout&quot;:&quot;vertical&quot;,&quot;submenu_icon&quot;:{&quot;value&quot;:&quot;fas fa-caret-down&quot;,&quot;library&quot;:&quot;fa-solid&quot;},&quot;toggle&quot;:&quot;burger&quot;}\" data-widget_type=\"nav-menu.default\">\n\t\t\t\t<div class=\"elementor-widget-container\">\n\t\t\t\t\t\t\t\t<nav aria-label=\"Men\u00fc\" class=\"elementor-nav-menu--main elementor-nav-menu__container elementor-nav-menu--layout-vertical e--pointer-background e--animation-fade\">\n\t\t\t\t<ul id=\"menu-1-9eaacf3\" class=\"elementor-nav-menu sm-vertical\"><li class=\"menu-item menu-item-type-post_type menu-item-object-page menu-item-6419\"><a href=\"https:\/\/amnromania.ro\/hu\/day-ayurveda\/\" class=\"elementor-item\">Ayurveda nap<\/a><\/li>\n<li class=\"menu-item menu-item-type-post_type menu-item-object-page menu-item-11894\"><a href=\"https:\/\/amnromania.ro\/hu\/eloadasok\/\" class=\"elementor-item\">El\u0151ad\u00e1sok<\/a><\/li>\n<li class=\"menu-item menu-item-type-post_type menu-item-object-page menu-item-11880\"><a href=\"https:\/\/amnromania.ro\/hu\/unnepsegek\/\" class=\"elementor-item\">\u00dcnneps\u00e9gek<\/a><\/li>\n<li class=\"menu-item menu-item-type-post_type menu-item-object-page menu-item-11893\"><a href=\"https:\/\/amnromania.ro\/hu\/konferenciak\/\" class=\"elementor-item\">Konferenci\u00e1k<\/a><\/li>\n<\/ul>\t\t\t<\/nav>\n\t\t\t\t\t<div class=\"elementor-menu-toggle\" role=\"button\" tabindex=\"0\" aria-label=\"Toggle men\u00fc\" aria-expanded=\"false\">\n\t\t\t<i aria-hidden=\"true\" role=\"presentation\" class=\"elementor-menu-toggle__icon--open eicon-menu-bar\"><\/i><i aria-hidden=\"true\" role=\"presentation\" class=\"elementor-menu-toggle__icon--close eicon-close\"><\/i>\t\t<\/div>\n\t\t\t\t\t<nav class=\"elementor-nav-menu--dropdown elementor-nav-menu__container\" aria-hidden=\"true\">\n\t\t\t\t<ul id=\"menu-2-9eaacf3\" class=\"elementor-nav-menu sm-vertical\"><li class=\"menu-item menu-item-type-post_type menu-item-object-page menu-item-6419\"><a href=\"https:\/\/amnromania.ro\/hu\/day-ayurveda\/\" class=\"elementor-item\" tabindex=\"-1\">Ayurveda nap<\/a><\/li>\n<li class=\"menu-item menu-item-type-post_type menu-item-object-page menu-item-11894\"><a href=\"https:\/\/amnromania.ro\/hu\/eloadasok\/\" class=\"elementor-item\" tabindex=\"-1\">El\u0151ad\u00e1sok<\/a><\/li>\n<li class=\"menu-item menu-item-type-post_type menu-item-object-page menu-item-11880\"><a href=\"https:\/\/amnromania.ro\/hu\/unnepsegek\/\" class=\"elementor-item\" tabindex=\"-1\">\u00dcnneps\u00e9gek<\/a><\/li>\n<li class=\"menu-item menu-item-type-post_type menu-item-object-page menu-item-11893\"><a href=\"https:\/\/amnromania.ro\/hu\/konferenciak\/\" class=\"elementor-item\" tabindex=\"-1\">Konferenci\u00e1k<\/a><\/li>\n<\/ul>\t\t\t<\/nav>\n\t\t\t\t\t\t<\/div>\n\t\t\t\t<\/div>\n\t\t\t\t\t<\/div>\n\t\t<\/div>\n\t\t\t\t<div class=\"elementor-column elementor-col-50 elementor-top-column elementor-element elementor-element-7902708\" data-id=\"7902708\" data-element_type=\"column\">\n\t\t\t<div class=\"elementor-widget-wrap elementor-element-populated\">\n\t\t\t\t\t\t<div class=\"elementor-element elementor-element-7a4de35 elementor-widget elementor-widget-text-editor\" data-id=\"7a4de35\" data-element_type=\"widget\" data-widget_type=\"text-editor.default\">\n\t\t\t\t<div class=\"elementor-widget-container\">\n\t\t\t\t\t\t\t\t\t<h1 style=\"text-align: center;\"><span style=\"color: #ff9900;\"><strong>AYURVEDA KONFERENCIA -<wbr \/>\u00a0CCIR<\/strong><\/span><\/h1><p>\u00a0<\/p><div><h2><strong>J\u00daNIUS 15. 2018<\/strong><\/h2><p>\u00a0<\/p><p>India Rom\u00e1niai Nagyk\u00f6vets\u00e9ge a Rom\u00e1n Kereskedelmi \u00e9s Iparkamar\u00e1val egy\u00fcttm\u0171k\u00f6dve 2018. j\u00fanius 15-\u00e9n, p\u00e9nteken, az Octavian Goga Boulevard 2. sz\u00e1m alatti CCIR Business Centerben rendezte meg az els\u0151 alkalommal megrendezett \"Ayurveda -<wbr \/>\u00a0\u00a0multidiszciplin\u00e1ris megk\u00f6zel\u00edt\u00e9s az India \u00e9s Rom\u00e1nia k\u00f6z\u00f6tti gy\u00fcm\u00f6lcs\u00f6z\u0151 egy\u00fcttm\u0171k\u00f6d\u00e9shez\". Az esem\u00e9nyen r\u00e9szt vettek a rom\u00e1niai nem hagyom\u00e1nyos gy\u00f3gyszereket n\u00e9pszer\u0171s\u00edt\u0151 orsz\u00e1gos sz\u00f6vets\u00e9g (AMN-<wbr \/>Rom\u00e1nia). A ki\u00e1ll\u00edt\u00e1sok c\u00e9lja a hagyom\u00e1nyos indiai \u00e9letismeretben (Ayurveda) rejl\u0151 kiv\u00e9teles lehet\u0151s\u00e9gek n\u00e9pszer\u0171s\u00edt\u00e9se volt. Az esem\u00e9nyen r\u00e9szt vettek a rom\u00e1n Eg\u00e9szs\u00e9g\u00fcgyi Miniszt\u00e9rium \u00e9s a Mez\u0151gazdas\u00e1gi Miniszt\u00e9rium k\u00e9pvisel\u0151i.<\/p><p>Rekordok:<\/p><p><a href=\"https:\/\/youtu.be\/RSeN4S8BjpM?feature=shared\" target=\"_blank\" rel=\"noopener\">https:\/\/youtu.be\/RSeN4S8BjpM?feature=shared<\/a><\/p><p><a href=\"https:\/\/youtu.be\/IHJ3vf3V8Q4?feature=shared\" target=\"_blank\" rel=\"noopener\">https:\/\/youtu.be\/IHJ3vf3V8Q4?feature=shared<\/a><\/p><p>\u00a0<\/p><p>\u00a0<\/p><\/div><div><p>India Rom\u00e1niai Nagyk\u00f6vets\u00e9ge a Rom\u00e1n Kereskedelmi \u00e9s Ipari Kamar\u00e1val egy\u00fcttm\u0171k\u00f6dve megszervezte az els\u0151 Ayurveda Konferenci\u00e1t -<wbr \/>\u00a0multidiszciplin\u00e1ris megk\u00f6zel\u00edt\u00e9s az India \u00e9s Rom\u00e1nia k\u00f6z\u00f6tti gy\u00fcm\u00f6lcs\u00f6z\u0151 egy\u00fcttm\u0171k\u00f6d\u00e9s \u00e9rdek\u00e9ben 2018. j\u00fanius 15-\u00e9n, p\u00e9nteken a CCIR Business Centerben. Az esem\u00e9nyt a rom\u00e1niai nem hagyom\u00e1nyos orvosl\u00e1s n\u00e9pszer\u0171s\u00edt\u00e9s\u00e9re l\u00e9trehozott Orsz\u00e1gos Sz\u00f6vets\u00e9ggel (AMN-<wbr \/>Az expoz\u00edci\u00f3k r\u00e1vil\u00e1g\u00edtottak az \u00e9letr\u0151l sz\u00f3l\u00f3 hagyom\u00e1nyos indiai tud\u00e1s (Ayurveda) kiv\u00e9teles multidiszciplin\u00e1ris potenci\u00e1lj\u00e1ra. Jelen voltak az Eg\u00e9szs\u00e9g\u00fcgyi Miniszt\u00e9rium \u00e9s a Mez\u0151gazdas\u00e1gi Miniszt\u00e9rium k\u00e9pvisel\u0151i.<\/p><p><img fetchpriority=\"high\" decoding=\"async\" src=\"https:\/\/amnromania.ro\/wp-content\/uploads\/2020\/11\/CCIR1.jpg\" alt=\"\" width=\"600\" height=\"496\" \/><\/p><p>\u00a0<\/p><\/div><p><img decoding=\"async\" src=\"https:\/\/amnromania.ro\/wp-content\/uploads\/2020\/11\/CCIR2.jpg\" alt=\"\" width=\"597\" height=\"347\" \/><\/p><p>\u00a0<\/p><p><img decoding=\"async\" src=\"https:\/\/amnromania.ro\/wp-content\/uploads\/2020\/11\/CCIR3.jpg\" alt=\"\" width=\"597\" height=\"311\" \/><\/p><p>\u00a0<\/p><p><img loading=\"lazy\" decoding=\"async\" src=\"https:\/\/amnromania.ro\/wp-content\/uploads\/2020\/11\/CCIR4.jpg\" alt=\"\" width=\"597\" height=\"407\" \/><\/p>\t\t\t\t\t\t\t\t<\/div>\n\t\t\t\t<\/div>\n\t\t\t\t\t<\/div>\n\t\t<\/div>\n\t\t\t\t\t<\/div>\n\t\t<\/section>\n\t\t\t\t<\/div>","protected":false},"excerpt":{"rendered":"<p>AYURVEDA KONFERENCIA - CCIR 2018. J\u00daNIUS 15. India Rom\u00e1niai Nagyk\u00f6vets\u00e9ge a Rom\u00e1n Kereskedelmi \u00e9s Iparkamar\u00e1val egy\u00fcttm\u0171k\u00f6dve 2018. j\u00fanius 15-\u00e9n, p\u00e9nteken, az Octavian Goga Boulevard 2. sz\u00e1m alatti CCIR Business Centerben rendezte meg az els\u0151 alkalommal megrendezett \"Ayurveda - multidiszciplin\u00e1ris megk\u00f6zel\u00edt\u00e9s az India \u00e9s Rom\u00e1nia k\u00f6z\u00f6tti gy\u00fcm\u00f6lcs\u00f6z\u0151 egy\u00fcttm\u0171k\u00f6d\u00e9shez\" c\u00edm\u0171 konferenci\u00e1t. Az esem\u00e9nyen [...]<\/p>","protected":false},"author":1,"featured_media":0,"parent":0,"menu_order":0,"comment_status":"closed","ping_status":"closed","template":"","meta":{"_mi_skip_tracking":false,"_analytify_skip_tracking":false,"footnotes":""},"class_list":["post-6426","page","type-page","status-publish","hentry"],"aioseo_notices":[],"aioseo_head":"\n\t\t<!-- All in One SEO Pro 4.7.0 - aioseo.com -->\n\t\t<meta name=\"description\" content=\"Ambasada Indiei \u00een Rom\u00e2nia \u00een colaborare cu Camera de Comer\u0163 \u015fi Industrie a Rom\u00e2niei a organizat vineri, 15 iunie 2018, la sediul CCIR Business Center din bulevardul Octavian Goga nr. 2 prima edi\u0163ie a conferin\u0163ei intitulate \u201cAyurveda \u2013 o abordare multidisciplinar\u0103 a colabor\u0103rii fructuoase dintre India \u015fi Rom\u00e2nia\u201d\" \/>\n\t\t<meta name=\"robots\" content=\"max-image-preview:large\" \/>\n\t\t<meta name=\"google-site-verification\" content=\"G-391X30D2FS\" \/>\n\t\t<link rel=\"canonical\" href=\"https:\/\/amnromania.ro\/hu\/konferencia-ccir\/\" \/>\n\t\t<meta name=\"generator\" content=\"All in One SEO Pro (AIOSEO) 4.7.0\" \/>\n\t\t<meta property=\"og:locale\" content=\"hu_HU\" \/>\n\t\t<meta property=\"og:site_name\" content=\"AMN Ayurveda ROM\u00c2NIA | Asociatia Nationala pentru Promovarea Medicinelor Neconventionale\" \/>\n\t\t<meta property=\"og:type\" content=\"article\" \/>\n\t\t<meta property=\"og:title\" content=\"Conferinta CCIR | AMN Ayurveda ROM\u00c2NIA\" \/>\n\t\t<meta property=\"og:description\" content=\"Ambasada Indiei \u00een Rom\u00e2nia \u00een colaborare cu Camera de Comer\u0163 \u015fi Industrie a Rom\u00e2niei a organizat vineri, 15 iunie 2018, la sediul CCIR Business Center din bulevardul Octavian Goga nr. 2 prima edi\u0163ie a conferin\u0163ei intitulate \u201cAyurveda \u2013 o abordare multidisciplinar\u0103 a colabor\u0103rii fructuoase dintre India \u015fi Rom\u00e2nia\u201d\" \/>\n\t\t<meta property=\"og:url\" content=\"https:\/\/amnromania.ro\/hu\/konferencia-ccir\/\" \/>\n\t\t<meta property=\"og:image\" content=\"https:\/\/amnromania.ro\/ynorsyju\/2021\/06\/Ayurveda-in-Romania-Vol.-2-Ro.jpg\" \/>\n\t\t<meta property=\"og:image:secure_url\" content=\"https:\/\/amnromania.ro\/ynorsyju\/2021\/06\/Ayurveda-in-Romania-Vol.-2-Ro.jpg\" \/>\n\t\t<meta property=\"article:published_time\" content=\"2020-11-11T22:32:35+00:00\" \/>\n\t\t<meta property=\"article:modified_time\" content=\"2024-01-30T17:14:36+00:00\" \/>\n\t\t<meta property=\"article:publisher\" content=\"https:\/\/www.facebook.com\/AMNRomania\" \/>\n\t\t<script type=\"application\/ld+json\" class=\"aioseo-schema\">\n\t\t\t{\"@context\":\"https:\\\/\\\/schema.org\",\"@graph\":[{\"@type\":\"BreadcrumbList\",\"@id\":\"https:\\\/\\\/amnromania.ro\\\/hu\\\/konferencia-ccir\\\/#breadcrumblist\",\"itemListElement\":[{\"@type\":\"ListItem\",\"@id\":\"https:\\\/\\\/amnromania.ro\\\/hu\\\/#listItem\",\"position\":1,\"name\":\"Home\",\"item\":\"https:\\\/\\\/amnromania.ro\\\/hu\\\/\",\"nextItem\":\"https:\\\/\\\/amnromania.ro\\\/hu\\\/konferencia-ccir\\\/#listItem\"},{\"@type\":\"ListItem\",\"@id\":\"https:\\\/\\\/amnromania.ro\\\/hu\\\/konferencia-ccir\\\/#listItem\",\"position\":2,\"name\":\"Conferinta CCIR\",\"previousItem\":\"https:\\\/\\\/amnromania.ro\\\/hu\\\/#listItem\"}]},{\"@type\":\"Organization\",\"@id\":\"https:\\\/\\\/amnromania.ro\\\/hu\\\/#organization\",\"name\":\"AMN Ayurveda Romania\",\"url\":\"https:\\\/\\\/amnromania.ro\\\/hu\\\/\",\"logo\":{\"@type\":\"ImageObject\",\"url\":\"https:\\\/\\\/amnromania.ro\\\/ynorsyju\\\/2020\\\/10\\\/amn.png\",\"@id\":\"https:\\\/\\\/amnromania.ro\\\/hu\\\/konferencia-ccir\\\/#organizationLogo\"},\"image\":{\"@id\":\"https:\\\/\\\/amnromania.ro\\\/hu\\\/konferencia-ccir\\\/#organizationLogo\"},\"sameAs\":[\"https:\\\/\\\/www.facebook.com\\\/AMNRomania\",\"https:\\\/\\\/www.youtube.com\\\/channel\\\/UClfqKxiq_uZ11rthDIT3-BQ\\\/videos\"]},{\"@type\":\"WebPage\",\"@id\":\"https:\\\/\\\/amnromania.ro\\\/hu\\\/konferencia-ccir\\\/#webpage\",\"url\":\"https:\\\/\\\/amnromania.ro\\\/hu\\\/konferencia-ccir\\\/\",\"name\":\"Conferinta CCIR | AMN Ayurveda ROM\\u00c2NIA\",\"description\":\"Ambasada Indiei \\u00een Rom\\u00e2nia \\u00een colaborare cu Camera de Comer\\u0163 \\u015fi Industrie a Rom\\u00e2niei a organizat vineri, 15 iunie 2018, la sediul CCIR Business Center din bulevardul Octavian Goga nr. 2 prima edi\\u0163ie a conferin\\u0163ei intitulate \\u201cAyurveda \\u2013 o abordare multidisciplinar\\u0103 a colabor\\u0103rii fructuoase dintre India \\u015fi Rom\\u00e2nia\\u201d\",\"inLanguage\":\"hu-HU\",\"isPartOf\":{\"@id\":\"https:\\\/\\\/amnromania.ro\\\/hu\\\/#website\"},\"breadcrumb\":{\"@id\":\"https:\\\/\\\/amnromania.ro\\\/hu\\\/konferencia-ccir\\\/#breadcrumblist\"},\"datePublished\":\"2020-11-11T22:32:35+02:00\",\"dateModified\":\"2024-01-30T19:14:36+02:00\"},{\"@type\":\"WebSite\",\"@id\":\"https:\\\/\\\/amnromania.ro\\\/hu\\\/#website\",\"url\":\"https:\\\/\\\/amnromania.ro\\\/hu\\\/\",\"name\":\"AMN Ayurveda ROM\\u00c2NIA\",\"description\":\"Asociatia Nationala pentru Promovarea Medicinelor Neconventionale\",\"inLanguage\":\"hu-HU\",\"publisher\":{\"@id\":\"https:\\\/\\\/amnromania.ro\\\/hu\\\/#organization\"}}]}\n\t\t<\/script>\n\t\t<!-- All in One SEO Pro -->\r\n\t\t<title>Conferinta CCIR | AMN Ayurveda ROM\u00c2NIA<\/title>\n\n","aioseo_head_json":{"title":"Conferinta CCIR | AMN Ayurveda ROM\u00c2NIA","description":"Ambasada Indiei \u00een Rom\u00e2nia \u00een colaborare cu Camera de Comer\u0163 \u015fi Industrie a Rom\u00e2niei a organizat vineri, 15 iunie 2018, la sediul CCIR Business Center din bulevardul Octavian Goga nr. 2 prima edi\u0163ie a conferin\u0163ei intitulate \u201cAyurveda \u2013 o abordare multidisciplinar\u0103 a colabor\u0103rii fructuoase dintre India \u015fi Rom\u00e2nia\u201d","canonical_url":"https:\/\/amnromania.ro\/hu\/konferencia-ccir\/","robots":"max-image-preview:large","keywords":"","webmasterTools":{"google-site-verification":"G-391X30D2FS","miscellaneous":""},"og:locale":"hu_HU","og:site_name":"AMN Ayurveda ROM\u00c2NIA | Asociatia Nationala pentru Promovarea Medicinelor Neconventionale","og:type":"article","og:title":"Conferinta CCIR | AMN Ayurveda ROM\u00c2NIA","og:description":"Ambasada Indiei \u00een Rom\u00e2nia \u00een colaborare cu Camera de Comer\u0163 \u015fi Industrie a Rom\u00e2niei a organizat vineri, 15 iunie 2018, la sediul CCIR Business Center din bulevardul Octavian Goga nr. 2 prima edi\u0163ie a conferin\u0163ei intitulate \u201cAyurveda \u2013 o abordare multidisciplinar\u0103 a colabor\u0103rii fructuoase dintre India \u015fi Rom\u00e2nia\u201d","og:url":"https:\/\/amnromania.ro\/hu\/konferencia-ccir\/","og:image":"https:\/\/amnromania.ro\/ynorsyju\/2021\/06\/Ayurveda-in-Romania-Vol.-2-Ro.jpg","og:image:secure_url":"https:\/\/amnromania.ro\/ynorsyju\/2021\/06\/Ayurveda-in-Romania-Vol.-2-Ro.jpg","article:published_time":"2020-11-11T22:32:35+00:00","article:modified_time":"2024-01-30T17:14:36+00:00","article:publisher":"https:\/\/www.facebook.com\/AMNRomania","schema":{"@context":"https:\/\/schema.org","@graph":[{"@type":"BreadcrumbList","@id":"https:\/\/amnromania.ro\/hu\/konferencia-ccir\/#breadcrumblist","itemListElement":[{"@type":"ListItem","@id":"https:\/\/amnromania.ro\/hu\/#listItem","position":1,"name":"Home","item":"https:\/\/amnromania.ro\/hu\/","nextItem":"https:\/\/amnromania.ro\/hu\/konferencia-ccir\/#listItem"},{"@type":"ListItem","@id":"https:\/\/amnromania.ro\/hu\/konferencia-ccir\/#listItem","position":2,"name":"Conferinta CCIR","previousItem":"https:\/\/amnromania.ro\/hu\/#listItem"}]},{"@type":"Organization","@id":"https:\/\/amnromania.ro\/hu\/#organization","name":"AMN Ayurveda Romania","url":"https:\/\/amnromania.ro\/hu\/","logo":{"@type":"ImageObject","url":"https:\/\/amnromania.ro\/ynorsyju\/2020\/10\/amn.png","@id":"https:\/\/amnromania.ro\/hu\/konferencia-ccir\/#organizationLogo"},"image":{"@id":"https:\/\/amnromania.ro\/hu\/konferencia-ccir\/#organizationLogo"},"sameAs":["https:\/\/www.facebook.com\/AMNRomania","https:\/\/www.youtube.com\/channel\/UClfqKxiq_uZ11rthDIT3-BQ\/videos"]},{"@type":"WebPage","@id":"https:\/\/amnromania.ro\/hu\/konferencia-ccir\/#webpage","url":"https:\/\/amnromania.ro\/hu\/konferencia-ccir\/","name":"Conferinta CCIR | AMN Ayurveda ROM\u00c2NIA","description":"Ambasada Indiei \u00een Rom\u00e2nia \u00een colaborare cu Camera de Comer\u0163 \u015fi Industrie a Rom\u00e2niei a organizat vineri, 15 iunie 2018, la sediul CCIR Business Center din bulevardul Octavian Goga nr. 2 prima edi\u0163ie a conferin\u0163ei intitulate \u201cAyurveda \u2013 o abordare multidisciplinar\u0103 a colabor\u0103rii fructuoase dintre India \u015fi Rom\u00e2nia\u201d","inLanguage":"hu-HU","isPartOf":{"@id":"https:\/\/amnromania.ro\/hu\/#website"},"breadcrumb":{"@id":"https:\/\/amnromania.ro\/hu\/konferencia-ccir\/#breadcrumblist"},"datePublished":"2020-11-11T22:32:35+02:00","dateModified":"2024-01-30T19:14:36+02:00"},{"@type":"WebSite","@id":"https:\/\/amnromania.ro\/hu\/#website","url":"https:\/\/amnromania.ro\/hu\/","name":"AMN Ayurveda ROM\u00c2NIA","description":"Asociatia Nationala pentru Promovarea Medicinelor Neconventionale","inLanguage":"hu-HU","publisher":{"@id":"https:\/\/amnromania.ro\/hu\/#organization"}}]}},"aioseo_meta_data":{"post_id":"6426","title":null,"description":"Ambasada Indiei \u00een Rom\u00e2nia \u00een colaborare cu Camera de Comer\u0163 \u015fi Industrie a Rom\u00e2niei a organizat vineri, 15 iunie 2018, la sediul CCIR Business Center din bulevardul Octavian Goga nr. 2 prima edi\u0163ie a conferin\u0163ei intitulate \u201cAyurveda \u2013 o abordare multidisciplinar\u0103 a colabor\u0103rii fructuoase dintre India \u015fi Rom\u00e2nia\u201d","keywords":"","keyphrases":null,"primary_term":null,"canonical_url":"","og_title":null,"og_description":null,"og_object_type":"default","og_image_type":"default","og_image_url":null,"og_image_width":null,"og_image_height":null,"og_image_custom_url":null,"og_image_custom_fields":null,"og_video":null,"og_custom_url":null,"og_article_section":null,"og_article_tags":null,"twitter_use_og":false,"twitter_card":"default","twitter_image_type":"default","twitter_image_url":null,"twitter_image_custom_url":null,"twitter_image_custom_fields":null,"twitter_title":null,"twitter_description":null,"schema":{"blockGraphs":[],"customGraphs":[],"default":{"data":{"Article":[],"Course":[],"Dataset":[],"FAQPage":[],"Movie":[],"Person":[],"Product":[],"Recipe":[],"Service":[],"SoftwareApplication":[],"WebPage":[]},"graphName":"WebPage","isEnabled":true},"graphs":[]},"schema_type":null,"schema_type_options":null,"pillar_content":false,"robots_default":true,"robots_noindex":false,"robots_noarchive":false,"robots_nosnippet":false,"robots_nofollow":false,"robots_noimageindex":false,"robots_noodp":false,"robots_notranslate":false,"robots_max_snippet":null,"robots_max_videopreview":null,"robots_max_imagepreview":"large","priority":null,"frequency":null,"local_seo":null,"limit_modified_date":false,"open_ai":null,"created":"2020-12-21 07:24:32","updated":"2024-01-30 17:15:58"},"aioseo_breadcrumb":"<div class=\"aioseo-breadcrumbs\"><span class=\"aioseo-breadcrumb\">\n\t<a href=\"https:\/\/amnromania.ro\/hu\" title=\"Home\">Home<\/a>\n<\/span><span class=\"aioseo-breadcrumb-separator\">&raquo;<\/span><span class=\"aioseo-breadcrumb\">\n\tConferinta CCIR\n<\/span><\/div>","aioseo_breadcrumb_json":[{"label":"Home","link":"https:\/\/amnromania.ro\/hu"},{"label":"Conferinta CCIR","link":"https:\/\/amnromania.ro\/hu\/konferencia-ccir\/"}],"_links":{"self":[{"href":"https:\/\/amnromania.ro\/hu\/wp-json\/wp\/v2\/pages\/6426","targetHints":{"allow":["GET"]}}],"collection":[{"href":"https:\/\/amnromania.ro\/hu\/wp-json\/wp\/v2\/pages"}],"about":[{"href":"https:\/\/amnromania.ro\/hu\/wp-json\/wp\/v2\/types\/page"}],"author":[{"embeddable":true,"href":"https:\/\/amnromania.ro\/hu\/wp-json\/wp\/v2\/users\/1"}],"replies":[{"embeddable":true,"href":"https:\/\/amnromania.ro\/hu\/wp-json\/wp\/v2\/comments?post=6426"}],"version-history":[{"count":4,"href":"https:\/\/amnromania.ro\/hu\/wp-json\/wp\/v2\/pages\/6426\/revisions"}],"predecessor-version":[{"id":11957,"href":"https:\/\/amnromania.ro\/hu\/wp-json\/wp\/v2\/pages\/6426\/revisions\/11957"}],"wp:attachment":[{"href":"https:\/\/amnromania.ro\/hu\/wp-json\/wp\/v2\/media?parent=6426"}],"curies":[{"name":"wp","href":"https:\/\/api.w.org\/{rel}","templated":true}]}}