{"id":6414,"date":"2020-11-11T22:24:52","date_gmt":"2020-11-11T22:24:52","guid":{"rendered":"https:\/\/amnromania.ro\/?page_id=6414"},"modified":"2020-11-12T00:45:42","modified_gmt":"2020-11-12T00:45:42","slug":"day-ayurveda","status":"publish","type":"page","link":"https:\/\/amnromania.ro\/hu\/day-ayurveda\/","title":{"rendered":"Ayurveda nap"},"content":{"rendered":"<div data-elementor-type=\"wp-page\" data-elementor-id=\"6414\" class=\"elementor elementor-6414\" data-elementor-post-type=\"page\">\n\t\t\t\t\t\t<section class=\"elementor-section elementor-top-section elementor-element elementor-element-d1d3f7f elementor-section-boxed elementor-section-height-default elementor-section-height-default\" data-id=\"d1d3f7f\" data-element_type=\"section\">\n\t\t\t\t\t\t<div class=\"elementor-container elementor-column-gap-default\">\n\t\t\t\t\t<div class=\"elementor-column elementor-col-50 elementor-top-column elementor-element elementor-element-078c8c8\" data-id=\"078c8c8\" data-element_type=\"column\">\n\t\t\t<div class=\"elementor-widget-wrap elementor-element-populated\">\n\t\t\t\t\t\t<div class=\"elementor-element elementor-element-1739aeb elementor-nav-menu__align-start elementor-nav-menu__text-align-center elementor-nav-menu--dropdown-tablet elementor-nav-menu--toggle elementor-nav-menu--burger elementor-widget elementor-widget-global elementor-global-5200 elementor-widget-nav-menu\" data-id=\"1739aeb\" data-element_type=\"widget\" data-settings=\"{&quot;layout&quot;:&quot;vertical&quot;,&quot;submenu_icon&quot;:{&quot;value&quot;:&quot;fas fa-caret-down&quot;,&quot;library&quot;:&quot;fa-solid&quot;},&quot;toggle&quot;:&quot;burger&quot;}\" data-widget_type=\"nav-menu.default\">\n\t\t\t\t<div class=\"elementor-widget-container\">\n\t\t\t\t\t\t\t\t<nav aria-label=\"Men\u00fc\" class=\"elementor-nav-menu--main elementor-nav-menu__container elementor-nav-menu--layout-vertical e--pointer-background e--animation-fade\">\n\t\t\t\t<ul id=\"menu-1-1739aeb\" class=\"elementor-nav-menu sm-vertical\"><li class=\"menu-item menu-item-type-post_type menu-item-object-page menu-item-6419\"><a href=\"https:\/\/amnromania.ro\/hu\/day-ayurveda\/\" class=\"elementor-item\">Ayurveda nap<\/a><\/li>\n<li class=\"menu-item menu-item-type-post_type menu-item-object-page menu-item-11894\"><a href=\"https:\/\/amnromania.ro\/hu\/eloadasok\/\" class=\"elementor-item\">El\u0151ad\u00e1sok<\/a><\/li>\n<li class=\"menu-item menu-item-type-post_type menu-item-object-page menu-item-11880\"><a href=\"https:\/\/amnromania.ro\/hu\/unnepsegek\/\" class=\"elementor-item\">\u00dcnneps\u00e9gek<\/a><\/li>\n<li class=\"menu-item menu-item-type-post_type menu-item-object-page menu-item-11893\"><a href=\"https:\/\/amnromania.ro\/hu\/konferenciak\/\" class=\"elementor-item\">Konferenci\u00e1k<\/a><\/li>\n<\/ul>\t\t\t<\/nav>\n\t\t\t\t\t<div class=\"elementor-menu-toggle\" role=\"button\" tabindex=\"0\" aria-label=\"Toggle men\u00fc\" aria-expanded=\"false\">\n\t\t\t<i aria-hidden=\"true\" role=\"presentation\" class=\"elementor-menu-toggle__icon--open eicon-menu-bar\"><\/i><i aria-hidden=\"true\" role=\"presentation\" class=\"elementor-menu-toggle__icon--close eicon-close\"><\/i>\t\t<\/div>\n\t\t\t\t\t<nav class=\"elementor-nav-menu--dropdown elementor-nav-menu__container\" aria-hidden=\"true\">\n\t\t\t\t<ul id=\"menu-2-1739aeb\" class=\"elementor-nav-menu sm-vertical\"><li class=\"menu-item menu-item-type-post_type menu-item-object-page menu-item-6419\"><a href=\"https:\/\/amnromania.ro\/hu\/day-ayurveda\/\" class=\"elementor-item\" tabindex=\"-1\">Ayurveda nap<\/a><\/li>\n<li class=\"menu-item menu-item-type-post_type menu-item-object-page menu-item-11894\"><a href=\"https:\/\/amnromania.ro\/hu\/eloadasok\/\" class=\"elementor-item\" tabindex=\"-1\">El\u0151ad\u00e1sok<\/a><\/li>\n<li class=\"menu-item menu-item-type-post_type menu-item-object-page menu-item-11880\"><a href=\"https:\/\/amnromania.ro\/hu\/unnepsegek\/\" class=\"elementor-item\" tabindex=\"-1\">\u00dcnneps\u00e9gek<\/a><\/li>\n<li class=\"menu-item menu-item-type-post_type menu-item-object-page menu-item-11893\"><a href=\"https:\/\/amnromania.ro\/hu\/konferenciak\/\" class=\"elementor-item\" tabindex=\"-1\">Konferenci\u00e1k<\/a><\/li>\n<\/ul>\t\t\t<\/nav>\n\t\t\t\t\t\t<\/div>\n\t\t\t\t<\/div>\n\t\t\t\t\t<\/div>\n\t\t<\/div>\n\t\t\t\t<div class=\"elementor-column elementor-col-50 elementor-top-column elementor-element elementor-element-b95facd\" data-id=\"b95facd\" data-element_type=\"column\">\n\t\t\t<div class=\"elementor-widget-wrap elementor-element-populated\">\n\t\t\t\t\t\t<div class=\"elementor-element elementor-element-93030ab elementor-widget elementor-widget-text-editor\" data-id=\"93030ab\" data-element_type=\"widget\" data-widget_type=\"text-editor.default\">\n\t\t\t\t<div class=\"elementor-widget-container\">\n\t\t\t\t\t\t\t\t\t<h1 style=\"text-align: center;\"><span style=\"color: #ff6600;\"><b><br><\/b><\/span><\/h1><h1 style=\"text-align: center;\"><span style=\"color: #ff6600;\"><b>AYURVEDA NAP<\/b><\/span><\/h1>\t\t\t\t\t\t\t\t<\/div>\n\t\t\t\t<\/div>\n\t\t\t\t<section class=\"elementor-section elementor-inner-section elementor-element elementor-element-3c2d1e1 elementor-section-boxed elementor-section-height-default elementor-section-height-default\" data-id=\"3c2d1e1\" data-element_type=\"section\">\n\t\t\t\t\t\t<div class=\"elementor-container elementor-column-gap-default\">\n\t\t\t\t\t<div class=\"elementor-column elementor-col-100 elementor-inner-column elementor-element elementor-element-ce566ba\" data-id=\"ce566ba\" data-element_type=\"column\">\n\t\t\t<div class=\"elementor-widget-wrap elementor-element-populated\">\n\t\t\t\t\t\t<div class=\"elementor-element elementor-element-3264ba7 elementor-widget elementor-widget-text-editor\" data-id=\"3264ba7\" data-element_type=\"widget\" data-widget_type=\"text-editor.default\">\n\t\t\t\t<div class=\"elementor-widget-container\">\n\t\t\t\t\t\t\t\t\t<p>\u00a0<\/p><p><img decoding=\"async\" class=\"wp-image-6535 alignleft\" src=\"https:\/\/amnromania.ro\/wp-content\/uploads\/2020\/11\/Ayurveda-day-2019.jpg\" alt=\"\" width=\"235\" height=\"202\" \/><\/p><p>Az \u00e1jurv\u00e9da az eg\u00e9szs\u00e9g szempontj\u00e1b\u00f3l hasznos m\u00f3dszerek \u00e9s term\u00e9szetes gy\u00f3gym\u00f3dok hatalmas kincsest\u00e1r\u00e1t k\u00edn\u00e1lja. Az Ayurveda hagyom\u00e1nyos tudom\u00e1nya lehet\u0151s\u00e9get k\u00edn\u00e1l a modern ember sz\u00e1m\u00e1ra, hogy megtanulja, hogyan lehet a j\u00f3 szok\u00e1sokon alapul\u00f3 eg\u00e9szs\u00e9ges \u00e9letm\u00f3dot \u00e1polni.<\/p><p>India az emberis\u00e9get olyan \u00e9letismereti rendszerrel l\u00e1tta el, amely \u00e1ltal\u00e1nosan \u00e9rv\u00e9nyes. Az Ayurveda nem csup\u00e1n egy gy\u00f3gy\u00edt\u00f3 hagyom\u00e1ny, hanem az eg\u00e9sz emberis\u00e9g sz\u00e1m\u00e1ra a tud\u00e1s val\u00f3s\u00e1gos kincsesb\u00e1ny\u00e1ja.<\/p><p>2020-ban az Ayurveda-nap az \u00f6t\u00f6dik \u00e9ves \u00fcnnep Indi\u00e1ban \u00e9s a harmadik \u00e9ves \u00fcnnep Rom\u00e1ni\u00e1ban.<\/p><p>Az Ayurveda Nap meg\u00fcnnepl\u00e9se Rom\u00e1ni\u00e1ban India bukaresti nagyk\u00f6vets\u00e9g\u00e9nek kezdem\u00e9nyez\u00e9s\u00e9re kezd\u0151d\u00f6tt, \u00e9s az AMN-Rom\u00e1nia \u00e9vente szervezi meg az \"Ayurveda Rom\u00e1ni\u00e1ban\" elnevez\u00e9s\u0171 k\u00e9toldal\u00fa projekt keret\u00e9ben, amelyet 2018-ban az AMN-Rom\u00e1nia kezdem\u00e9nyezett \u0150excellenci\u00e1ja Muppavarapu Venkaiah Naidu, az Indiai K\u00f6zt\u00e1rsas\u00e1g aleln\u00f6ke l\u00e1togat\u00e1s\u00e1t k\u00f6vet\u0151en.<\/p>\t\t\t\t\t\t\t\t<\/div>\n\t\t\t\t<\/div>\n\t\t\t\t\t<\/div>\n\t\t<\/div>\n\t\t\t\t\t<\/div>\n\t\t<\/section>\n\t\t\t\t\t<\/div>\n\t\t<\/div>\n\t\t\t\t\t<\/div>\n\t\t<\/section>\n\t\t\t\t<\/div>","protected":false},"excerpt":{"rendered":"<p>AYURVEDA NAP Az Ayurveda az eg\u00e9szs\u00e9g szempontj\u00e1b\u00f3l hasznos m\u00f3dszerek \u00e9s term\u00e9szetes gy\u00f3gym\u00f3dok hatalmas kincsest\u00e1r\u00e1t k\u00edn\u00e1lja. Az Ayurveda hagyom\u00e1nyos tudom\u00e1nya lehet\u0151s\u00e9get k\u00edn\u00e1l a modern embernek, hogy megtanulja, hogyan lehet a j\u00f3 szok\u00e1sokon alapul\u00f3 eg\u00e9szs\u00e9ges \u00e9letm\u00f3dot \u00e1polni. India az emberis\u00e9get az \u00e9letre vonatkoz\u00f3 ismeretek rendszer\u00e9vel l\u00e1tta el [...]<\/p>","protected":false},"author":1,"featured_media":0,"parent":0,"menu_order":0,"comment_status":"closed","ping_status":"closed","template":"","meta":{"_mi_skip_tracking":false,"_analytify_skip_tracking":false,"footnotes":""},"class_list":["post-6414","page","type-page","status-publish","hentry"],"aioseo_notices":[],"aioseo_head":"\n\t\t<!-- All in One SEO Pro 4.7.0 - aioseo.com -->\n\t\t<meta name=\"description\" content=\"Ayurveda ofer\u0103 o un vast tezaur de metode \u0219i de remedii naturale utile pentru s\u0103n\u0103tate. \u0218tiin\u021ba tradi\u021bional\u0103 a Ayurvedei ofer\u0103 omului modern posibilitatea de a \u00eenv\u0103\u021ba cum s\u0103 cultive un stil de via\u021b\u0103 s\u0103n\u0103tos, alc\u0103tuit pe baza unor obi\u021bnuin\u021be de via\u021b\u0103 bune.\" \/>\n\t\t<meta name=\"robots\" content=\"max-image-preview:large\" \/>\n\t\t<meta name=\"google-site-verification\" content=\"G-391X30D2FS\" \/>\n\t\t<link rel=\"canonical\" href=\"https:\/\/amnromania.ro\/hu\/day-ayurveda\/\" \/>\n\t\t<meta name=\"generator\" content=\"All in One SEO Pro (AIOSEO) 4.7.0\" \/>\n\t\t<meta property=\"og:locale\" content=\"hu_HU\" \/>\n\t\t<meta property=\"og:site_name\" content=\"AMN Ayurveda ROM\u00c2NIA | Asociatia Nationala pentru Promovarea Medicinelor Neconventionale\" \/>\n\t\t<meta property=\"og:type\" content=\"article\" \/>\n\t\t<meta property=\"og:title\" content=\"Ziua Ayurveda | AMN Ayurveda ROM\u00c2NIA\" \/>\n\t\t<meta property=\"og:description\" content=\"Ayurveda ofer\u0103 o un vast tezaur de metode \u0219i de remedii naturale utile pentru s\u0103n\u0103tate. \u0218tiin\u021ba tradi\u021bional\u0103 a Ayurvedei ofer\u0103 omului modern posibilitatea de a \u00eenv\u0103\u021ba cum s\u0103 cultive un stil de via\u021b\u0103 s\u0103n\u0103tos, alc\u0103tuit pe baza unor obi\u021bnuin\u021be de via\u021b\u0103 bune.\" \/>\n\t\t<meta property=\"og:url\" content=\"https:\/\/amnromania.ro\/hu\/day-ayurveda\/\" \/>\n\t\t<meta property=\"og:image\" content=\"https:\/\/amnromania.ro\/ynorsyju\/2021\/06\/Ayurveda-in-Romania-Vol.-2-Ro.jpg\" \/>\n\t\t<meta property=\"og:image:secure_url\" content=\"https:\/\/amnromania.ro\/ynorsyju\/2021\/06\/Ayurveda-in-Romania-Vol.-2-Ro.jpg\" \/>\n\t\t<meta property=\"article:published_time\" content=\"2020-11-11T22:24:52+00:00\" \/>\n\t\t<meta property=\"article:modified_time\" content=\"2020-11-12T00:45:42+00:00\" \/>\n\t\t<meta property=\"article:publisher\" content=\"https:\/\/www.facebook.com\/AMNRomania\" \/>\n\t\t<script type=\"application\/ld+json\" class=\"aioseo-schema\">\n\t\t\t{\"@context\":\"https:\\\/\\\/schema.org\",\"@graph\":[{\"@type\":\"BreadcrumbList\",\"@id\":\"https:\\\/\\\/amnromania.ro\\\/hu\\\/day-ayurveda\\\/#breadcrumblist\",\"itemListElement\":[{\"@type\":\"ListItem\",\"@id\":\"https:\\\/\\\/amnromania.ro\\\/hu\\\/#listItem\",\"position\":1,\"name\":\"Home\",\"item\":\"https:\\\/\\\/amnromania.ro\\\/hu\\\/\",\"nextItem\":\"https:\\\/\\\/amnromania.ro\\\/hu\\\/day-ayurveda\\\/#listItem\"},{\"@type\":\"ListItem\",\"@id\":\"https:\\\/\\\/amnromania.ro\\\/hu\\\/day-ayurveda\\\/#listItem\",\"position\":2,\"name\":\"Ziua Ayurveda\",\"previousItem\":\"https:\\\/\\\/amnromania.ro\\\/hu\\\/#listItem\"}]},{\"@type\":\"Organization\",\"@id\":\"https:\\\/\\\/amnromania.ro\\\/hu\\\/#organization\",\"name\":\"AMN Ayurveda Romania\",\"url\":\"https:\\\/\\\/amnromania.ro\\\/hu\\\/\",\"logo\":{\"@type\":\"ImageObject\",\"url\":\"https:\\\/\\\/amnromania.ro\\\/ynorsyju\\\/2020\\\/10\\\/amn.png\",\"@id\":\"https:\\\/\\\/amnromania.ro\\\/hu\\\/day-ayurveda\\\/#organizationLogo\"},\"image\":{\"@id\":\"https:\\\/\\\/amnromania.ro\\\/hu\\\/day-ayurveda\\\/#organizationLogo\"},\"sameAs\":[\"https:\\\/\\\/www.facebook.com\\\/AMNRomania\",\"https:\\\/\\\/www.youtube.com\\\/channel\\\/UClfqKxiq_uZ11rthDIT3-BQ\\\/videos\"]},{\"@type\":\"WebPage\",\"@id\":\"https:\\\/\\\/amnromania.ro\\\/hu\\\/day-ayurveda\\\/#webpage\",\"url\":\"https:\\\/\\\/amnromania.ro\\\/hu\\\/day-ayurveda\\\/\",\"name\":\"Ziua Ayurveda | AMN Ayurveda ROM\\u00c2NIA\",\"description\":\"Ayurveda ofer\\u0103 o un vast tezaur de metode \\u0219i de remedii naturale utile pentru s\\u0103n\\u0103tate. \\u0218tiin\\u021ba tradi\\u021bional\\u0103 a Ayurvedei ofer\\u0103 omului modern posibilitatea de a \\u00eenv\\u0103\\u021ba cum s\\u0103 cultive un stil de via\\u021b\\u0103 s\\u0103n\\u0103tos, alc\\u0103tuit pe baza unor obi\\u021bnuin\\u021be de via\\u021b\\u0103 bune.\",\"inLanguage\":\"hu-HU\",\"isPartOf\":{\"@id\":\"https:\\\/\\\/amnromania.ro\\\/hu\\\/#website\"},\"breadcrumb\":{\"@id\":\"https:\\\/\\\/amnromania.ro\\\/hu\\\/day-ayurveda\\\/#breadcrumblist\"},\"datePublished\":\"2020-11-11T22:24:52+02:00\",\"dateModified\":\"2020-11-12T00:45:42+02:00\"},{\"@type\":\"WebSite\",\"@id\":\"https:\\\/\\\/amnromania.ro\\\/hu\\\/#website\",\"url\":\"https:\\\/\\\/amnromania.ro\\\/hu\\\/\",\"name\":\"AMN Ayurveda ROM\\u00c2NIA\",\"description\":\"Asociatia Nationala pentru Promovarea Medicinelor Neconventionale\",\"inLanguage\":\"hu-HU\",\"publisher\":{\"@id\":\"https:\\\/\\\/amnromania.ro\\\/hu\\\/#organization\"}}]}\n\t\t<\/script>\n\t\t<!-- All in One SEO Pro -->\r\n\t\t<title>Ziua Ayurveda | AMN Ayurveda ROM\u00c2NIA<\/title>\n\n","aioseo_head_json":{"title":"Ziua Ayurveda | AMN Ayurveda ROM\u00c2NIA","description":"Ayurveda ofer\u0103 o un vast tezaur de metode \u0219i de remedii naturale utile pentru s\u0103n\u0103tate. \u0218tiin\u021ba tradi\u021bional\u0103 a Ayurvedei ofer\u0103 omului modern posibilitatea de a \u00eenv\u0103\u021ba cum s\u0103 cultive un stil de via\u021b\u0103 s\u0103n\u0103tos, alc\u0103tuit pe baza unor obi\u021bnuin\u021be de via\u021b\u0103 bune.","canonical_url":"https:\/\/amnromania.ro\/hu\/day-ayurveda\/","robots":"max-image-preview:large","keywords":"","webmasterTools":{"google-site-verification":"G-391X30D2FS","miscellaneous":""},"og:locale":"hu_HU","og:site_name":"AMN Ayurveda ROM\u00c2NIA | Asociatia Nationala pentru Promovarea Medicinelor Neconventionale","og:type":"article","og:title":"Ziua Ayurveda | AMN Ayurveda ROM\u00c2NIA","og:description":"Ayurveda ofer\u0103 o un vast tezaur de metode \u0219i de remedii naturale utile pentru s\u0103n\u0103tate. \u0218tiin\u021ba tradi\u021bional\u0103 a Ayurvedei ofer\u0103 omului modern posibilitatea de a \u00eenv\u0103\u021ba cum s\u0103 cultive un stil de via\u021b\u0103 s\u0103n\u0103tos, alc\u0103tuit pe baza unor obi\u021bnuin\u021be de via\u021b\u0103 bune.","og:url":"https:\/\/amnromania.ro\/hu\/day-ayurveda\/","og:image":"https:\/\/amnromania.ro\/ynorsyju\/2021\/06\/Ayurveda-in-Romania-Vol.-2-Ro.jpg","og:image:secure_url":"https:\/\/amnromania.ro\/ynorsyju\/2021\/06\/Ayurveda-in-Romania-Vol.-2-Ro.jpg","article:published_time":"2020-11-11T22:24:52+00:00","article:modified_time":"2020-11-12T00:45:42+00:00","article:publisher":"https:\/\/www.facebook.com\/AMNRomania","schema":{"@context":"https:\/\/schema.org","@graph":[{"@type":"BreadcrumbList","@id":"https:\/\/amnromania.ro\/hu\/day-ayurveda\/#breadcrumblist","itemListElement":[{"@type":"ListItem","@id":"https:\/\/amnromania.ro\/hu\/#listItem","position":1,"name":"Home","item":"https:\/\/amnromania.ro\/hu\/","nextItem":"https:\/\/amnromania.ro\/hu\/day-ayurveda\/#listItem"},{"@type":"ListItem","@id":"https:\/\/amnromania.ro\/hu\/day-ayurveda\/#listItem","position":2,"name":"Ziua Ayurveda","previousItem":"https:\/\/amnromania.ro\/hu\/#listItem"}]},{"@type":"Organization","@id":"https:\/\/amnromania.ro\/hu\/#organization","name":"AMN Ayurveda Romania","url":"https:\/\/amnromania.ro\/hu\/","logo":{"@type":"ImageObject","url":"https:\/\/amnromania.ro\/ynorsyju\/2020\/10\/amn.png","@id":"https:\/\/amnromania.ro\/hu\/day-ayurveda\/#organizationLogo"},"image":{"@id":"https:\/\/amnromania.ro\/hu\/day-ayurveda\/#organizationLogo"},"sameAs":["https:\/\/www.facebook.com\/AMNRomania","https:\/\/www.youtube.com\/channel\/UClfqKxiq_uZ11rthDIT3-BQ\/videos"]},{"@type":"WebPage","@id":"https:\/\/amnromania.ro\/hu\/day-ayurveda\/#webpage","url":"https:\/\/amnromania.ro\/hu\/day-ayurveda\/","name":"Ziua Ayurveda | AMN Ayurveda ROM\u00c2NIA","description":"Ayurveda ofer\u0103 o un vast tezaur de metode \u0219i de remedii naturale utile pentru s\u0103n\u0103tate. \u0218tiin\u021ba tradi\u021bional\u0103 a Ayurvedei ofer\u0103 omului modern posibilitatea de a \u00eenv\u0103\u021ba cum s\u0103 cultive un stil de via\u021b\u0103 s\u0103n\u0103tos, alc\u0103tuit pe baza unor obi\u021bnuin\u021be de via\u021b\u0103 bune.","inLanguage":"hu-HU","isPartOf":{"@id":"https:\/\/amnromania.ro\/hu\/#website"},"breadcrumb":{"@id":"https:\/\/amnromania.ro\/hu\/day-ayurveda\/#breadcrumblist"},"datePublished":"2020-11-11T22:24:52+02:00","dateModified":"2020-11-12T00:45:42+02:00"},{"@type":"WebSite","@id":"https:\/\/amnromania.ro\/hu\/#website","url":"https:\/\/amnromania.ro\/hu\/","name":"AMN Ayurveda ROM\u00c2NIA","description":"Asociatia Nationala pentru Promovarea Medicinelor Neconventionale","inLanguage":"hu-HU","publisher":{"@id":"https:\/\/amnromania.ro\/hu\/#organization"}}]}},"aioseo_meta_data":{"post_id":"6414","title":null,"description":"Ayurveda ofer\u0103 o un vast tezaur de metode \u0219i de remedii naturale utile pentru s\u0103n\u0103tate. \u0218tiin\u021ba tradi\u021bional\u0103 a Ayurvedei ofer\u0103 omului modern posibilitatea de a \u00eenv\u0103\u021ba cum s\u0103 cultive un stil de via\u021b\u0103 s\u0103n\u0103tos, alc\u0103tuit pe baza unor obi\u021bnuin\u021be de via\u021b\u0103 bune.","keywords":"","keyphrases":null,"primary_term":null,"canonical_url":"","og_title":null,"og_description":null,"og_object_type":"default","og_image_type":"default","og_image_url":null,"og_image_width":null,"og_image_height":null,"og_image_custom_url":null,"og_image_custom_fields":null,"og_video":null,"og_custom_url":null,"og_article_section":null,"og_article_tags":null,"twitter_use_og":false,"twitter_card":"default","twitter_image_type":"default","twitter_image_url":null,"twitter_image_custom_url":null,"twitter_image_custom_fields":null,"twitter_title":null,"twitter_description":null,"schema":{"blockGraphs":[],"customGraphs":[],"default":{"data":{"Article":[],"Course":[],"Dataset":[],"FAQPage":[],"Movie":[],"Person":[],"Product":[],"Recipe":[],"Service":[],"SoftwareApplication":[],"WebPage":[]},"graphName":"WebPage","isEnabled":true},"graphs":[]},"schema_type":null,"schema_type_options":null,"pillar_content":false,"robots_default":true,"robots_noindex":false,"robots_noarchive":false,"robots_nosnippet":false,"robots_nofollow":false,"robots_noimageindex":false,"robots_noodp":false,"robots_notranslate":false,"robots_max_snippet":null,"robots_max_videopreview":null,"robots_max_imagepreview":"large","priority":null,"frequency":null,"local_seo":null,"limit_modified_date":false,"open_ai":null,"created":"2020-12-21 07:24:32","updated":"2024-01-28 10:45:42"},"aioseo_breadcrumb":"<div class=\"aioseo-breadcrumbs\"><span class=\"aioseo-breadcrumb\">\n\t<a href=\"https:\/\/amnromania.ro\/hu\" title=\"Home\">Home<\/a>\n<\/span><span class=\"aioseo-breadcrumb-separator\">&raquo;<\/span><span class=\"aioseo-breadcrumb\">\n\tZiua Ayurveda\n<\/span><\/div>","aioseo_breadcrumb_json":[{"label":"Home","link":"https:\/\/amnromania.ro\/hu"},{"label":"Ziua Ayurveda","link":"https:\/\/amnromania.ro\/hu\/day-ayurveda\/"}],"_links":{"self":[{"href":"https:\/\/amnromania.ro\/hu\/wp-json\/wp\/v2\/pages\/6414","targetHints":{"allow":["GET"]}}],"collection":[{"href":"https:\/\/amnromania.ro\/hu\/wp-json\/wp\/v2\/pages"}],"about":[{"href":"https:\/\/amnromania.ro\/hu\/wp-json\/wp\/v2\/types\/page"}],"author":[{"embeddable":true,"href":"https:\/\/amnromania.ro\/hu\/wp-json\/wp\/v2\/users\/1"}],"replies":[{"embeddable":true,"href":"https:\/\/amnromania.ro\/hu\/wp-json\/wp\/v2\/comments?post=6414"}],"version-history":[{"count":0,"href":"https:\/\/amnromania.ro\/hu\/wp-json\/wp\/v2\/pages\/6414\/revisions"}],"wp:attachment":[{"href":"https:\/\/amnromania.ro\/hu\/wp-json\/wp\/v2\/media?parent=6414"}],"curies":[{"name":"wp","href":"https:\/\/api.w.org\/{rel}","templated":true}]}}