{"id":5153,"date":"2020-11-09T17:05:46","date_gmt":"2020-11-09T17:05:46","guid":{"rendered":"https:\/\/amnromania.ro\/?page_id=5153"},"modified":"2020-11-09T21:20:37","modified_gmt":"2020-11-09T21:20:37","slug":"verseny-2016","status":"publish","type":"page","link":"https:\/\/amnromania.ro\/hu\/tevekenyseg\/ayurveda-versenyek\/verseny-2016\/","title":{"rendered":"Verseny 2016"},"content":{"rendered":"<div data-elementor-type=\"wp-page\" data-elementor-id=\"5153\" class=\"elementor elementor-5153\" data-elementor-post-type=\"page\">\n\t\t\t\t\t\t<section class=\"elementor-section elementor-top-section elementor-element elementor-element-bd724f8 elementor-section-boxed elementor-section-height-default elementor-section-height-default\" data-id=\"bd724f8\" data-element_type=\"section\">\n\t\t\t\t\t\t<div class=\"elementor-container elementor-column-gap-default\">\n\t\t\t\t\t<div class=\"elementor-column elementor-col-50 elementor-top-column elementor-element elementor-element-744b057\" data-id=\"744b057\" data-element_type=\"column\">\n\t\t\t<div class=\"elementor-widget-wrap elementor-element-populated\">\n\t\t\t\t\t\t<div class=\"elementor-element elementor-element-eccb937 elementor-nav-menu__align-start elementor-nav-menu__text-align-center elementor-nav-menu--dropdown-tablet elementor-nav-menu--toggle elementor-nav-menu--burger elementor-widget elementor-widget-global elementor-global-4259 elementor-widget-nav-menu\" data-id=\"eccb937\" data-element_type=\"widget\" data-settings=\"{&quot;layout&quot;:&quot;vertical&quot;,&quot;submenu_icon&quot;:{&quot;value&quot;:&quot;fas fa-caret-down&quot;,&quot;library&quot;:&quot;fa-solid&quot;},&quot;toggle&quot;:&quot;burger&quot;}\" data-widget_type=\"nav-menu.default\">\n\t\t\t\t<div class=\"elementor-widget-container\">\n\t\t\t\t\t\t\t\t<nav aria-label=\"Men\u00fc\" class=\"elementor-nav-menu--main elementor-nav-menu__container elementor-nav-menu--layout-vertical e--pointer-background e--animation-fade\">\n\t\t\t\t<ul id=\"menu-1-eccb937\" class=\"elementor-nav-menu sm-vertical\"><li class=\"menu-item menu-item-type-post_type menu-item-object-page menu-item-4237\"><a href=\"https:\/\/amnromania.ro\/hu\/tevekenyseg\/ayurveda-tanfolyamok\/\" class=\"elementor-item\">Ayurveda tanfolyamok<\/a><\/li>\n<li class=\"menu-item menu-item-type-post_type menu-item-object-page menu-item-4234\"><a href=\"https:\/\/amnromania.ro\/hu\/tevekenyseg\/ayurveda-versenyek\/\" class=\"elementor-item\">Ayurveda versenyek<\/a><\/li>\n<li class=\"menu-item menu-item-type-post_type menu-item-object-page menu-item-4235\"><a href=\"https:\/\/amnromania.ro\/hu\/tevekenyseg\/ayurveda-konferencia\/\" class=\"elementor-item\">Ayurveda konferenci\u00e1k<\/a><\/li>\n<li class=\"menu-item menu-item-type-post_type menu-item-object-page menu-item-4236\"><a href=\"https:\/\/amnromania.ro\/hu\/tevekenyseg\/ayurveda-kongresszus\/\" class=\"elementor-item\">Ayurveda kongresszus<\/a><\/li>\n<li class=\"menu-item menu-item-type-post_type menu-item-object-page menu-item-5535\"><a href=\"https:\/\/amnromania.ro\/hu\/tevekenyseg\/ayurveda-taborok\/\" class=\"elementor-item\">Ayurveda t\u00e1borok<\/a><\/li>\n<\/ul>\t\t\t<\/nav>\n\t\t\t\t\t<div class=\"elementor-menu-toggle\" role=\"button\" tabindex=\"0\" aria-label=\"Toggle men\u00fc\" aria-expanded=\"false\">\n\t\t\t<i aria-hidden=\"true\" role=\"presentation\" class=\"elementor-menu-toggle__icon--open eicon-menu-bar\"><\/i><i aria-hidden=\"true\" role=\"presentation\" class=\"elementor-menu-toggle__icon--close eicon-close\"><\/i>\t\t<\/div>\n\t\t\t\t\t<nav class=\"elementor-nav-menu--dropdown elementor-nav-menu__container\" aria-hidden=\"true\">\n\t\t\t\t<ul id=\"menu-2-eccb937\" class=\"elementor-nav-menu sm-vertical\"><li class=\"menu-item menu-item-type-post_type menu-item-object-page menu-item-4237\"><a href=\"https:\/\/amnromania.ro\/hu\/tevekenyseg\/ayurveda-tanfolyamok\/\" class=\"elementor-item\" tabindex=\"-1\">Ayurveda tanfolyamok<\/a><\/li>\n<li class=\"menu-item menu-item-type-post_type menu-item-object-page menu-item-4234\"><a href=\"https:\/\/amnromania.ro\/hu\/tevekenyseg\/ayurveda-versenyek\/\" class=\"elementor-item\" tabindex=\"-1\">Ayurveda versenyek<\/a><\/li>\n<li class=\"menu-item menu-item-type-post_type menu-item-object-page menu-item-4235\"><a href=\"https:\/\/amnromania.ro\/hu\/tevekenyseg\/ayurveda-konferencia\/\" class=\"elementor-item\" tabindex=\"-1\">Ayurveda konferenci\u00e1k<\/a><\/li>\n<li class=\"menu-item menu-item-type-post_type menu-item-object-page menu-item-4236\"><a href=\"https:\/\/amnromania.ro\/hu\/tevekenyseg\/ayurveda-kongresszus\/\" class=\"elementor-item\" tabindex=\"-1\">Ayurveda kongresszus<\/a><\/li>\n<li class=\"menu-item menu-item-type-post_type menu-item-object-page menu-item-5535\"><a href=\"https:\/\/amnromania.ro\/hu\/tevekenyseg\/ayurveda-taborok\/\" class=\"elementor-item\" tabindex=\"-1\">Ayurveda t\u00e1borok<\/a><\/li>\n<\/ul>\t\t\t<\/nav>\n\t\t\t\t\t\t<\/div>\n\t\t\t\t<\/div>\n\t\t\t\t\t<\/div>\n\t\t<\/div>\n\t\t\t\t<div class=\"elementor-column elementor-col-50 elementor-top-column elementor-element elementor-element-759d757\" data-id=\"759d757\" data-element_type=\"column\">\n\t\t\t<div class=\"elementor-widget-wrap elementor-element-populated\">\n\t\t\t\t\t\t<div class=\"elementor-element elementor-element-4cbaf1f elementor-widget elementor-widget-text-editor\" data-id=\"4cbaf1f\" data-element_type=\"widget\" data-widget_type=\"text-editor.default\">\n\t\t\t\t<div class=\"elementor-widget-container\">\n\t\t\t\t\t\t\t\t\t<h1 class=\"Normal P-17\" style=\"text-align: center;\"><strong><span class=\"C-15\" style=\"color: #ffcc00;\">\u00c9VES AYURVEDA VERSENY 2016 FEBRU\u00c1R<\/span><\/strong><\/h1><p>\u00a0<\/p><p class=\"Normal-_Web_ P-18\"><span class=\"C-16\">2016. febru\u00e1r 13-\u00e1n, szombaton, 15.00 \u00f3rai kezdettel Rom\u00e1ni\u00e1ban \u00e9s m\u00e1s orsz\u00e1gokban t\u00f6bb helysz\u00ednen is megrendez\u00e9sre ker\u00fcl a Nemzetk\u00f6zi Ayurveda Verseny 2016. Bukarestben az Obor Tanteremben (Ote\u0219ani 16, 2. szektor) ker\u00fcl megrendez\u00e9sre az Ayurveda Verseny 2016.<\/span><\/p><p class=\"Normal-_Web_ P-18\"><span class=\"C-16\">A Nemzetk\u00f6zi Ayurv\u00e9da Verseny 6 speci\u00e1lis tesztb\u0151l \u00e1ll, amelyek mindegyike egyn\u00e9l t\u00f6bb dolgozatb\u00f3l \u00e1ll, \u00e9s az \u00e9vezredes ayurv\u00e9da hagyom\u00e1nyban le\u00edrt h\u00e1rom f\u0151 tud\u00e1sm\u00f3d elsaj\u00e1t\u00edt\u00e1s\u00e1t vizsg\u00e1lja: elm\u00e9leti tud\u00e1s (apta), \u00e9rz\u00e9kel\u00e9sen kereszt\u00fcl t\u00f6rt\u00e9n\u0151 tud\u00e1s (pratyaksha) \u00e9s k\u00f6vetkeztet\u00e9sen kereszt\u00fcl t\u00f6rt\u00e9n\u0151 tud\u00e1s (anumana).<\/span><\/p><h2><span style=\"color: #ffcc00;\"><strong><span class=\"C-17\">A 2016-os Nemzetk\u00f6zi Ayurveda Verseny programja a k\u00f6vetkez\u0151:<\/span><\/strong><\/span><\/h2><p class=\"Normal P-20\">15.00-15.30 Bej\u00e1rat a termekbe (Bukarestben a bej\u00e1rat az Obor el\u0151ad\u00f3teremn\u00e9l lesz).<br \/>15.30-16.30 Regisztr\u00e1ci\u00f3 a versenyre (a regisztr\u00e1ci\u00f3 az egyes telep\u00fcl\u00e9sek list\u00e1in t\u00f6rt\u00e9nik)<br \/>16.30-16.35 \u00c1ltal\u00e1nos felszentel\u00e9s \u00a0<br \/>16.35-16.45 A 2016-os Ayurveda verseny lebonyol\u00edt\u00e1s\u00e1nak bemutat\u00e1sa<br \/>16.45-17.15 1. teszt (30 perc): Ayurv\u00e9dikus ismeretek tesztje (apta)<br \/>17.15-17.30 Sz\u00fcnet<br \/>17.30-18.00 2. teszt (30 perc): Ayurv\u00e9dikus tud\u00e1s \u00e9s k\u00f6vetkeztet\u00e9s tesztje (apta-anumana)<br \/>18.00-18.15 Sz\u00fcnet<br \/>18.15-18.45 3. teszt (30 perc): Ayurv\u00e9dikus tud\u00e1s \u00e9s felfog\u00e1s tesztje (apta-pratyaksha)<br \/>18.45-19.00 Sz\u00fcnet<br \/>19.00-19.30 4. teszt (30 perc): Az \u00e9rz\u00e9kel\u00e9s \u00e9s az intelligencia tesztje (pratyaksha-anumana)<br \/>19.30-19.45 Sz\u00fcnet<br \/>19.45-20.15 5. teszt (30 perc): intelligencia- \u00e9s k\u00f6vetkeztet\u00e9si teszt (anumana)<br \/>20.15-20.30 Sz\u00fcnet<br \/>20.30-21.00 6. teszt (30 perc): Telepatikus \u00e9rz\u00e9kel\u00e9s tesztje (pratyaksha)<br \/>21.00-21.15 Sz\u00fcnet<br \/>21.15-22.00 Az eredm\u00e9nyek bemutat\u00e1sa<\/p><p class=\"Normal P-19\"><span class=\"C-17\">A versenyre az ayurv\u00e9da kurzusok minden hallgat\u00f3j\u00e1t megh\u00edvjuk.<span class=\"C-19\">,<span class=\"C-16\">\u00a0a k\u00e9pz\u00e9s els\u0151 \u00e9vfolyam\u00e1r\u00f3l, bele\u00e9rtve azokat is, akik<wbr \/>a 2015-\u00f6s tan\u00e9vben a tanfolyam els\u0151 \u00e9vfolyam\u00e1ra beiratkozottak<wbr \/>2016.<\/span><\/span><\/span><\/p><p class=\"Normal P-18\"><span class=\"C-16\">A 4., 5. \u00e9s 6. fordul\u00f3ban mindazok r\u00e9szt vehetnek, akik r\u00e9szt k\u00edv\u00e1nnak venni, \u00e9s akik rendelkeznek minim\u00e1lis alapismeretekkel az Ayurv\u00e9d\u00e1r\u00f3l, m\u00e9g akkor is, ha jelenleg nem vesznek r\u00e9szt Ayurv\u00e9da tanfolyamokon.<\/span><\/p><p class=\"Normal P-18\"><span class=\"C-16\">A 4., 5. \u00e9s 6. fordul\u00f3ra a regisztr\u00e1ci\u00f3 a verseny kezdet\u00e9n, k\u00f6zvetlen\u00fcl a teremben, illetve a fordul\u00f3k el\u0151tti sz\u00fcnetekben t\u00f6rt\u00e9nik. A regisztr\u00e1ci\u00f3kat e-mailben is lehet fogadni<wbr \/>a k\u00f6vetkez\u0151 c\u00edmre\u00a0<span class=\"C-18\">ayurveda_romania@yahoo.com<\/span>. A negyedik, \u00f6t\u00f6dik \u00e9s hatodik fordul\u00f3t \u00e9l\u0151ben k\u00f6zvet\u00edti a...<wbr \/>vonal\u00a0<a class=\"C-20\" href=\"http:\/\/misatv.ro\/sambata-13-februarie-concurs-de-ayurveda-online\/\" target=\"_blank\" rel=\"noopener\">MISA\u00ae-<wbr \/>TV.<\/a><\/span><\/p><h2 class=\"Normal P-19\"><strong><span class=\"C-17\" style=\"color: #ffcc00;\">A verseny n\u00e9gy r\u00e9sztvev\u0151i csoportra oszlik:<\/span><\/strong><\/h2><p class=\"Normal P-19\"><span class=\"C-17\">1. csoport<span class=\"C-18\">:<span class=\"C-16\">\u00a0Ayurveda 1. \u00e9vfolyam hallgat\u00f3i, akik 2015 augusztus\u00e1ban v\u00e9geztek az Ayurveda 1. \u00e9vfolyam\u00e1n, valamint azok, akik m\u00e1r elv\u00e9gezt\u00e9k az Ayurveda els\u0151 \u00e9vfolyam\u00e1t.<wbr \/>2015 \u0151sz\u00e9n beiratkozott az Ayurveda 1. \u00e9vfolyam\u00e1ra.<\/span><\/span><\/span><\/p><p class=\"Normal P-19\"><span class=\"C-17\">2. csoport<span class=\"C-18\">:<span class=\"C-16\">\u00a02. \u00e9ves ayurv\u00e9da hallgat\u00f3k, akik 2015 augusztus\u00e1ban v\u00e9geztek az ayurv\u00e9da 2. \u00e9vfolyam\u00e1n, vagy akik az el\u0151z\u0151 \u00e9vekben k\u00e9t \u00e9vet v\u00e9geztek ayurv\u00e9d\u00e1b\u00f3l.<\/span><\/span><\/span><\/p><p class=\"Normal P-19\"><span class=\"C-17\">3. csoport<span class=\"C-18\">:<span class=\"C-16\">\u00a03. \u00e9ves ayurv\u00e9dikus hallgat\u00f3k, akik 2015 augusztus\u00e1ban v\u00e9geztek az ayurv\u00e9da 3. \u00e9vfolyam\u00e1n, vagy akik az el\u0151z\u0151 \u00e9vekben h\u00e1rom \u00e9vet v\u00e9geztek ayurv\u00e9d\u00e1b\u00f3l.<\/span><\/span><\/span><\/p><p class=\"Normal P-19\"><span class=\"C-17\">4. csoport<span class=\"C-18\">:<span class=\"C-16\">\u00a0A 4. \u00e9vfolyamn\u00e1l id\u0151sebb ayurv\u00e9dikus hallgat\u00f3k, akik 2015 augusztus\u00e1ban fejezt\u00e9k be az ayurv\u00e9dikus tanfolyam megfelel\u0151 \u00e9vfolyam\u00e1t, valamint azok, akik a kor\u00e1bbi \u00e9vekben legal\u00e1bb n\u00e9gy \u00e9v ayurv\u00e9dikus tanfolyamot v\u00e9geztek.<\/span><\/span><\/span><\/p><p class=\"Normal P-25\"><span class=\"C-16\">Sok sikert k\u00edv\u00e1nunk!<\/span><\/p>\t\t\t\t\t\t\t\t<\/div>\n\t\t\t\t<\/div>\n\t\t\t\t\t<\/div>\n\t\t<\/div>\n\t\t\t\t\t<\/div>\n\t\t<\/section>\n\t\t\t\t<\/div>","protected":false},"excerpt":{"rendered":"<p>\u00c9VI AYURVEDA VERSENY 2016 FEBRU\u00c1R 2016 Szombaton, 2016. febru\u00e1r 13-\u00e1n, 15.00 \u00f3rai kezdettel ker\u00fcl megrendez\u00e9sre a 2016. \u00e9vi Nemzetk\u00f6zi Ayurveda Verseny, amely egy id\u0151ben t\u00f6bb rom\u00e1niai \u00e9s m\u00e1s orsz\u00e1gbeli helysz\u00ednen ker\u00fcl megrendez\u00e9sre. Bukarestben a 2016. \u00e9vi Ayurveda Verseny helysz\u00edne az Obor Tanoda, Ote\u0219ani 16, 2. szektor. A verseny [...]<\/p>","protected":false},"author":1,"featured_media":0,"parent":3530,"menu_order":0,"comment_status":"closed","ping_status":"closed","template":"","meta":{"_mi_skip_tracking":false,"_analytify_skip_tracking":false,"footnotes":""},"class_list":["post-5153","page","type-page","status-publish","hentry"],"aioseo_notices":[],"aioseo_head":"\n\t\t<!-- All in One SEO Pro 4.7.0 - aioseo.com -->\n\t\t<meta name=\"description\" content=\"\u00censcrierile se primesc \u015fi prin e-mail pe adresa ayurveda_romania@yahoo.com. Probele cu numerele 4, 5 \u015fi 6 vor fi difuzate live \u00een cadrul programului postului de televiziune on-line MISA\u00ae-TV.\" \/>\n\t\t<meta name=\"robots\" content=\"max-image-preview:large\" \/>\n\t\t<meta name=\"google-site-verification\" content=\"G-391X30D2FS\" \/>\n\t\t<link rel=\"canonical\" href=\"https:\/\/amnromania.ro\/hu\/tevekenyseg\/ayurveda-versenyek\/verseny-2016\/\" \/>\n\t\t<meta name=\"generator\" content=\"All in One SEO Pro (AIOSEO) 4.7.0\" \/>\n\t\t<meta property=\"og:locale\" content=\"hu_HU\" \/>\n\t\t<meta property=\"og:site_name\" content=\"AMN Ayurveda ROM\u00c2NIA | Asociatia Nationala pentru Promovarea Medicinelor Neconventionale\" \/>\n\t\t<meta property=\"og:type\" content=\"article\" \/>\n\t\t<meta property=\"og:title\" content=\"Concurs 2016 | AMN Ayurveda ROM\u00c2NIA\" \/>\n\t\t<meta property=\"og:description\" content=\"\u00censcrierile se primesc \u015fi prin e-mail pe adresa ayurveda_romania@yahoo.com. Probele cu numerele 4, 5 \u015fi 6 vor fi difuzate live \u00een cadrul programului postului de televiziune on-line MISA\u00ae-TV.\" \/>\n\t\t<meta property=\"og:url\" content=\"https:\/\/amnromania.ro\/hu\/tevekenyseg\/ayurveda-versenyek\/verseny-2016\/\" \/>\n\t\t<meta property=\"og:image\" content=\"https:\/\/amnromania.ro\/ynorsyju\/2021\/06\/Ayurveda-in-Romania-Vol.-2-Ro.jpg\" \/>\n\t\t<meta property=\"og:image:secure_url\" content=\"https:\/\/amnromania.ro\/ynorsyju\/2021\/06\/Ayurveda-in-Romania-Vol.-2-Ro.jpg\" \/>\n\t\t<meta property=\"article:published_time\" content=\"2020-11-09T17:05:46+00:00\" \/>\n\t\t<meta property=\"article:modified_time\" content=\"2020-11-09T21:20:37+00:00\" \/>\n\t\t<meta property=\"article:publisher\" content=\"https:\/\/www.facebook.com\/AMNRomania\" \/>\n\t\t<script type=\"application\/ld+json\" class=\"aioseo-schema\">\n\t\t\t{\"@context\":\"https:\\\/\\\/schema.org\",\"@graph\":[{\"@type\":\"BreadcrumbList\",\"@id\":\"https:\\\/\\\/amnromania.ro\\\/hu\\\/tevekenyseg\\\/ayurveda-versenyek\\\/verseny-2016\\\/#breadcrumblist\",\"itemListElement\":[{\"@type\":\"ListItem\",\"@id\":\"https:\\\/\\\/amnromania.ro\\\/hu\\\/#listItem\",\"position\":1,\"name\":\"Home\",\"item\":\"https:\\\/\\\/amnromania.ro\\\/hu\\\/\",\"nextItem\":\"https:\\\/\\\/amnromania.ro\\\/hu\\\/tevekenyseg\\\/#listItem\"},{\"@type\":\"ListItem\",\"@id\":\"https:\\\/\\\/amnromania.ro\\\/hu\\\/tevekenyseg\\\/#listItem\",\"position\":2,\"name\":\"Activitate\",\"item\":\"https:\\\/\\\/amnromania.ro\\\/hu\\\/tevekenyseg\\\/\",\"nextItem\":\"https:\\\/\\\/amnromania.ro\\\/hu\\\/tevekenyseg\\\/ayurveda-versenyek\\\/#listItem\",\"previousItem\":\"https:\\\/\\\/amnromania.ro\\\/hu\\\/#listItem\"},{\"@type\":\"ListItem\",\"@id\":\"https:\\\/\\\/amnromania.ro\\\/hu\\\/tevekenyseg\\\/ayurveda-versenyek\\\/#listItem\",\"position\":3,\"name\":\"Concursuri de Ayurveda\",\"item\":\"https:\\\/\\\/amnromania.ro\\\/hu\\\/tevekenyseg\\\/ayurveda-versenyek\\\/\",\"nextItem\":\"https:\\\/\\\/amnromania.ro\\\/hu\\\/tevekenyseg\\\/ayurveda-versenyek\\\/verseny-2016\\\/#listItem\",\"previousItem\":\"https:\\\/\\\/amnromania.ro\\\/hu\\\/tevekenyseg\\\/#listItem\"},{\"@type\":\"ListItem\",\"@id\":\"https:\\\/\\\/amnromania.ro\\\/hu\\\/tevekenyseg\\\/ayurveda-versenyek\\\/verseny-2016\\\/#listItem\",\"position\":4,\"name\":\"Concurs 2016\",\"previousItem\":\"https:\\\/\\\/amnromania.ro\\\/hu\\\/tevekenyseg\\\/ayurveda-versenyek\\\/#listItem\"}]},{\"@type\":\"Organization\",\"@id\":\"https:\\\/\\\/amnromania.ro\\\/hu\\\/#organization\",\"name\":\"AMN Ayurveda Romania\",\"url\":\"https:\\\/\\\/amnromania.ro\\\/hu\\\/\",\"logo\":{\"@type\":\"ImageObject\",\"url\":\"https:\\\/\\\/amnromania.ro\\\/ynorsyju\\\/2020\\\/10\\\/amn.png\",\"@id\":\"https:\\\/\\\/amnromania.ro\\\/hu\\\/tevekenyseg\\\/ayurveda-versenyek\\\/verseny-2016\\\/#organizationLogo\"},\"image\":{\"@id\":\"https:\\\/\\\/amnromania.ro\\\/hu\\\/tevekenyseg\\\/ayurveda-versenyek\\\/verseny-2016\\\/#organizationLogo\"},\"sameAs\":[\"https:\\\/\\\/www.facebook.com\\\/AMNRomania\",\"https:\\\/\\\/www.youtube.com\\\/channel\\\/UClfqKxiq_uZ11rthDIT3-BQ\\\/videos\"]},{\"@type\":\"WebPage\",\"@id\":\"https:\\\/\\\/amnromania.ro\\\/hu\\\/tevekenyseg\\\/ayurveda-versenyek\\\/verseny-2016\\\/#webpage\",\"url\":\"https:\\\/\\\/amnromania.ro\\\/hu\\\/tevekenyseg\\\/ayurveda-versenyek\\\/verseny-2016\\\/\",\"name\":\"Concurs 2016 | AMN Ayurveda ROM\\u00c2NIA\",\"description\":\"\\u00censcrierile se primesc \\u015fi prin e-mail pe adresa ayurveda_romania@yahoo.com. Probele cu numerele 4, 5 \\u015fi 6 vor fi difuzate live \\u00een cadrul programului postului de televiziune on-line MISA\\u00ae-TV.\",\"inLanguage\":\"hu-HU\",\"isPartOf\":{\"@id\":\"https:\\\/\\\/amnromania.ro\\\/hu\\\/#website\"},\"breadcrumb\":{\"@id\":\"https:\\\/\\\/amnromania.ro\\\/hu\\\/tevekenyseg\\\/ayurveda-versenyek\\\/verseny-2016\\\/#breadcrumblist\"},\"datePublished\":\"2020-11-09T17:05:46+02:00\",\"dateModified\":\"2020-11-09T21:20:37+02:00\"},{\"@type\":\"WebSite\",\"@id\":\"https:\\\/\\\/amnromania.ro\\\/hu\\\/#website\",\"url\":\"https:\\\/\\\/amnromania.ro\\\/hu\\\/\",\"name\":\"AMN Ayurveda ROM\\u00c2NIA\",\"description\":\"Asociatia Nationala pentru Promovarea Medicinelor Neconventionale\",\"inLanguage\":\"hu-HU\",\"publisher\":{\"@id\":\"https:\\\/\\\/amnromania.ro\\\/hu\\\/#organization\"}}]}\n\t\t<\/script>\n\t\t<!-- All in One SEO Pro -->\r\n\t\t<title>Concurs 2016 | AMN Ayurveda ROM\u00c2NIA<\/title>\n\n","aioseo_head_json":{"title":"Concurs 2016 | AMN Ayurveda ROM\u00c2NIA","description":"\u00censcrierile se primesc \u015fi prin e-mail pe adresa ayurveda_romania@yahoo.com. Probele cu numerele 4, 5 \u015fi 6 vor fi difuzate live \u00een cadrul programului postului de televiziune on-line MISA\u00ae-TV.","canonical_url":"https:\/\/amnromania.ro\/hu\/tevekenyseg\/ayurveda-versenyek\/verseny-2016\/","robots":"max-image-preview:large","keywords":"","webmasterTools":{"google-site-verification":"G-391X30D2FS","miscellaneous":""},"og:locale":"hu_HU","og:site_name":"AMN Ayurveda ROM\u00c2NIA | Asociatia Nationala pentru Promovarea Medicinelor Neconventionale","og:type":"article","og:title":"Concurs 2016 | AMN Ayurveda ROM\u00c2NIA","og:description":"\u00censcrierile se primesc \u015fi prin e-mail pe adresa ayurveda_romania@yahoo.com. Probele cu numerele 4, 5 \u015fi 6 vor fi difuzate live \u00een cadrul programului postului de televiziune on-line MISA\u00ae-TV.","og:url":"https:\/\/amnromania.ro\/hu\/tevekenyseg\/ayurveda-versenyek\/verseny-2016\/","og:image":"https:\/\/amnromania.ro\/ynorsyju\/2021\/06\/Ayurveda-in-Romania-Vol.-2-Ro.jpg","og:image:secure_url":"https:\/\/amnromania.ro\/ynorsyju\/2021\/06\/Ayurveda-in-Romania-Vol.-2-Ro.jpg","article:published_time":"2020-11-09T17:05:46+00:00","article:modified_time":"2020-11-09T21:20:37+00:00","article:publisher":"https:\/\/www.facebook.com\/AMNRomania","schema":{"@context":"https:\/\/schema.org","@graph":[{"@type":"BreadcrumbList","@id":"https:\/\/amnromania.ro\/hu\/tevekenyseg\/ayurveda-versenyek\/verseny-2016\/#breadcrumblist","itemListElement":[{"@type":"ListItem","@id":"https:\/\/amnromania.ro\/hu\/#listItem","position":1,"name":"Home","item":"https:\/\/amnromania.ro\/hu\/","nextItem":"https:\/\/amnromania.ro\/hu\/tevekenyseg\/#listItem"},{"@type":"ListItem","@id":"https:\/\/amnromania.ro\/hu\/tevekenyseg\/#listItem","position":2,"name":"Activitate","item":"https:\/\/amnromania.ro\/hu\/tevekenyseg\/","nextItem":"https:\/\/amnromania.ro\/hu\/tevekenyseg\/ayurveda-versenyek\/#listItem","previousItem":"https:\/\/amnromania.ro\/hu\/#listItem"},{"@type":"ListItem","@id":"https:\/\/amnromania.ro\/hu\/tevekenyseg\/ayurveda-versenyek\/#listItem","position":3,"name":"Concursuri de Ayurveda","item":"https:\/\/amnromania.ro\/hu\/tevekenyseg\/ayurveda-versenyek\/","nextItem":"https:\/\/amnromania.ro\/hu\/tevekenyseg\/ayurveda-versenyek\/verseny-2016\/#listItem","previousItem":"https:\/\/amnromania.ro\/hu\/tevekenyseg\/#listItem"},{"@type":"ListItem","@id":"https:\/\/amnromania.ro\/hu\/tevekenyseg\/ayurveda-versenyek\/verseny-2016\/#listItem","position":4,"name":"Concurs 2016","previousItem":"https:\/\/amnromania.ro\/hu\/tevekenyseg\/ayurveda-versenyek\/#listItem"}]},{"@type":"Organization","@id":"https:\/\/amnromania.ro\/hu\/#organization","name":"AMN Ayurveda Romania","url":"https:\/\/amnromania.ro\/hu\/","logo":{"@type":"ImageObject","url":"https:\/\/amnromania.ro\/ynorsyju\/2020\/10\/amn.png","@id":"https:\/\/amnromania.ro\/hu\/tevekenyseg\/ayurveda-versenyek\/verseny-2016\/#organizationLogo"},"image":{"@id":"https:\/\/amnromania.ro\/hu\/tevekenyseg\/ayurveda-versenyek\/verseny-2016\/#organizationLogo"},"sameAs":["https:\/\/www.facebook.com\/AMNRomania","https:\/\/www.youtube.com\/channel\/UClfqKxiq_uZ11rthDIT3-BQ\/videos"]},{"@type":"WebPage","@id":"https:\/\/amnromania.ro\/hu\/tevekenyseg\/ayurveda-versenyek\/verseny-2016\/#webpage","url":"https:\/\/amnromania.ro\/hu\/tevekenyseg\/ayurveda-versenyek\/verseny-2016\/","name":"Concurs 2016 | AMN Ayurveda ROM\u00c2NIA","description":"\u00censcrierile se primesc \u015fi prin e-mail pe adresa ayurveda_romania@yahoo.com. Probele cu numerele 4, 5 \u015fi 6 vor fi difuzate live \u00een cadrul programului postului de televiziune on-line MISA\u00ae-TV.","inLanguage":"hu-HU","isPartOf":{"@id":"https:\/\/amnromania.ro\/hu\/#website"},"breadcrumb":{"@id":"https:\/\/amnromania.ro\/hu\/tevekenyseg\/ayurveda-versenyek\/verseny-2016\/#breadcrumblist"},"datePublished":"2020-11-09T17:05:46+02:00","dateModified":"2020-11-09T21:20:37+02:00"},{"@type":"WebSite","@id":"https:\/\/amnromania.ro\/hu\/#website","url":"https:\/\/amnromania.ro\/hu\/","name":"AMN Ayurveda ROM\u00c2NIA","description":"Asociatia Nationala pentru Promovarea Medicinelor Neconventionale","inLanguage":"hu-HU","publisher":{"@id":"https:\/\/amnromania.ro\/hu\/#organization"}}]}},"aioseo_meta_data":{"post_id":"5153","title":null,"description":"\u00censcrierile se primesc \u015fi prin e-mail pe adresa ayurveda_romania@yahoo.com. Probele cu numerele 4, 5 \u015fi 6 vor fi difuzate live \u00een cadrul programului postului de televiziune on-line MISA\u00ae-TV.","keywords":null,"keyphrases":null,"primary_term":null,"canonical_url":null,"og_title":null,"og_description":null,"og_object_type":"default","og_image_type":"default","og_image_url":null,"og_image_width":null,"og_image_height":null,"og_image_custom_url":null,"og_image_custom_fields":null,"og_video":null,"og_custom_url":null,"og_article_section":null,"og_article_tags":null,"twitter_use_og":false,"twitter_card":"default","twitter_image_type":"default","twitter_image_url":null,"twitter_image_custom_url":null,"twitter_image_custom_fields":null,"twitter_title":null,"twitter_description":null,"schema":{"blockGraphs":[],"customGraphs":[],"default":{"data":{"Article":[],"Course":[],"Dataset":[],"FAQPage":[],"Movie":[],"Person":[],"Product":[],"Recipe":[],"Service":[],"SoftwareApplication":[],"WebPage":[]},"graphName":"WebPage","isEnabled":true},"graphs":[]},"schema_type":null,"schema_type_options":null,"pillar_content":false,"robots_default":true,"robots_noindex":false,"robots_noarchive":false,"robots_nosnippet":false,"robots_nofollow":false,"robots_noimageindex":false,"robots_noodp":false,"robots_notranslate":false,"robots_max_snippet":null,"robots_max_videopreview":null,"robots_max_imagepreview":"large","priority":null,"frequency":null,"local_seo":null,"limit_modified_date":false,"open_ai":null,"created":"2020-12-21 07:24:38","updated":"2024-01-28 10:47:43"},"aioseo_breadcrumb":"<div class=\"aioseo-breadcrumbs\"><span class=\"aioseo-breadcrumb\">\n\t<a href=\"https:\/\/amnromania.ro\/hu\" title=\"Home\">Home<\/a>\n<\/span><span class=\"aioseo-breadcrumb-separator\">&raquo;<\/span><span class=\"aioseo-breadcrumb\">\n\t<a href=\"https:\/\/amnromania.ro\/hu\/tevekenyseg\/\" title=\"Activitate\">Activitate<\/a>\n<\/span><span class=\"aioseo-breadcrumb-separator\">&raquo;<\/span><span class=\"aioseo-breadcrumb\">\n\t<a href=\"https:\/\/amnromania.ro\/hu\/tevekenyseg\/ayurveda-versenyek\/\" title=\"Concursuri de Ayurveda\">Concursuri de Ayurveda<\/a>\n<\/span><span class=\"aioseo-breadcrumb-separator\">&raquo;<\/span><span class=\"aioseo-breadcrumb\">\n\tConcurs 2016\n<\/span><\/div>","aioseo_breadcrumb_json":[{"label":"Home","link":"https:\/\/amnromania.ro\/hu"},{"label":"Activitate","link":"https:\/\/amnromania.ro\/hu\/tevekenyseg\/"},{"label":"Concursuri de Ayurveda","link":"https:\/\/amnromania.ro\/hu\/tevekenyseg\/ayurveda-versenyek\/"},{"label":"Concurs 2016","link":"https:\/\/amnromania.ro\/hu\/tevekenyseg\/ayurveda-versenyek\/verseny-2016\/"}],"_links":{"self":[{"href":"https:\/\/amnromania.ro\/hu\/wp-json\/wp\/v2\/pages\/5153","targetHints":{"allow":["GET"]}}],"collection":[{"href":"https:\/\/amnromania.ro\/hu\/wp-json\/wp\/v2\/pages"}],"about":[{"href":"https:\/\/amnromania.ro\/hu\/wp-json\/wp\/v2\/types\/page"}],"author":[{"embeddable":true,"href":"https:\/\/amnromania.ro\/hu\/wp-json\/wp\/v2\/users\/1"}],"replies":[{"embeddable":true,"href":"https:\/\/amnromania.ro\/hu\/wp-json\/wp\/v2\/comments?post=5153"}],"version-history":[{"count":0,"href":"https:\/\/amnromania.ro\/hu\/wp-json\/wp\/v2\/pages\/5153\/revisions"}],"up":[{"embeddable":true,"href":"https:\/\/amnromania.ro\/hu\/wp-json\/wp\/v2\/pages\/3530"}],"wp:attachment":[{"href":"https:\/\/amnromania.ro\/hu\/wp-json\/wp\/v2\/media?parent=5153"}],"curies":[{"name":"wp","href":"https:\/\/api.w.org\/{rel}","templated":true}]}}