{"id":3232,"date":"2020-11-06T22:38:19","date_gmt":"2020-11-06T22:38:19","guid":{"rendered":"https:\/\/amnromania.ro\/?page_id=3232"},"modified":"2020-11-11T21:22:50","modified_gmt":"2020-11-11T21:22:50","slug":"fitoterapia","status":"publish","type":"page","link":"https:\/\/amnromania.ro\/hu\/mezok\/fitoterapia\/","title":{"rendered":"Fitoter\u00e1pia"},"content":{"rendered":"<div data-elementor-type=\"wp-page\" data-elementor-id=\"3232\" class=\"elementor elementor-3232\" data-elementor-post-type=\"page\">\n\t\t\t\t\t\t<section class=\"elementor-section elementor-top-section elementor-element elementor-element-a168605 elementor-section-boxed elementor-section-height-default elementor-section-height-default\" data-id=\"a168605\" data-element_type=\"section\">\n\t\t\t\t\t\t<div class=\"elementor-container elementor-column-gap-default\">\n\t\t\t\t\t<div class=\"elementor-column elementor-col-50 elementor-top-column elementor-element elementor-element-a021a19\" data-id=\"a021a19\" data-element_type=\"column\">\n\t\t\t<div class=\"elementor-widget-wrap elementor-element-populated\">\n\t\t\t\t\t\t<div class=\"elementor-element elementor-element-d1737fc elementor-nav-menu__align-start elementor-nav-menu__text-align-center elementor-nav-menu--dropdown-tablet elementor-nav-menu--toggle elementor-nav-menu--burger elementor-widget elementor-widget-global elementor-global-2418 elementor-widget-nav-menu\" data-id=\"d1737fc\" data-element_type=\"widget\" data-settings=\"{&quot;layout&quot;:&quot;vertical&quot;,&quot;submenu_icon&quot;:{&quot;value&quot;:&quot;fas fa-caret-down&quot;,&quot;library&quot;:&quot;fa-solid&quot;},&quot;toggle&quot;:&quot;burger&quot;}\" data-widget_type=\"nav-menu.default\">\n\t\t\t\t<div class=\"elementor-widget-container\">\n\t\t\t\t\t\t\t\t<nav aria-label=\"Men\u00fc\" class=\"elementor-nav-menu--main elementor-nav-menu__container elementor-nav-menu--layout-vertical e--pointer-background e--animation-fade\">\n\t\t\t\t<ul id=\"menu-1-d1737fc\" class=\"elementor-nav-menu sm-vertical\"><li class=\"menu-item menu-item-type-post_type menu-item-object-page menu-item-2414\"><a href=\"https:\/\/amnromania.ro\/hu\/mezok\/aromaterapia-2\/\" class=\"elementor-item\">Aromater\u00e1pia<\/a><\/li>\n<li class=\"menu-item menu-item-type-post_type menu-item-object-page menu-item-3268\"><a href=\"https:\/\/amnromania.ro\/hu\/mezok\/apiterapia\/\" class=\"elementor-item\">Apiter\u00e1pia<\/a><\/li>\n<li class=\"menu-item menu-item-type-post_type menu-item-object-page menu-item-2412\"><a href=\"https:\/\/amnromania.ro\/hu\/mezok\/kristalyterapia\/\" class=\"elementor-item\">Krist\u00e1ly ter\u00e1pia<\/a><\/li>\n<li class=\"menu-item menu-item-type-post_type menu-item-object-page menu-item-2413\"><a href=\"https:\/\/amnromania.ro\/hu\/mezok\/kromoterapia\/\" class=\"elementor-item\">Kromoter\u00e1pia<\/a><\/li>\n<li class=\"menu-item menu-item-type-post_type menu-item-object-page menu-item-3269\"><a href=\"https:\/\/amnromania.ro\/hu\/mezok\/dermoterapia\/\" class=\"elementor-item\">Dermoter\u00e1pia<\/a><\/li>\n<li class=\"menu-item menu-item-type-post_type menu-item-object-page menu-item-3267\"><a href=\"https:\/\/amnromania.ro\/hu\/mezok\/dietas-kezeles\/\" class=\"elementor-item\">Dietoter\u00e1pia<\/a><\/li>\n<li class=\"menu-item menu-item-type-post_type menu-item-object-page menu-item-3266\"><a href=\"https:\/\/amnromania.ro\/hu\/mezok\/fitoterapia\/\" class=\"elementor-item\">Fitoter\u00e1pia<\/a><\/li>\n<li class=\"menu-item menu-item-type-post_type menu-item-object-page menu-item-3265\"><a href=\"https:\/\/amnromania.ro\/hu\/mezok\/floriterapia\/\" class=\"elementor-item\">Floritherapy<\/a><\/li>\n<li class=\"menu-item menu-item-type-post_type menu-item-object-page menu-item-3264\"><a href=\"https:\/\/amnromania.ro\/hu\/mezok\/hidroterapia\/\" class=\"elementor-item\">Hidroter\u00e1pia<\/a><\/li>\n<li class=\"menu-item menu-item-type-post_type menu-item-object-page menu-item-3263\"><a href=\"https:\/\/amnromania.ro\/hu\/mezok\/idojaras-terapia\/\" class=\"elementor-item\">Meteoroter\u00e1pia<\/a><\/li>\n<li class=\"menu-item menu-item-type-post_type menu-item-object-page menu-item-3262\"><a href=\"https:\/\/amnromania.ro\/hu\/mezok\/zeneterapia\/\" class=\"elementor-item\">Zeneter\u00e1pia<\/a><\/li>\n<li class=\"menu-item menu-item-type-post_type menu-item-object-page menu-item-3261\"><a href=\"https:\/\/amnromania.ro\/hu\/mezok\/pszichoterapia\/\" class=\"elementor-item\">Pszichoter\u00e1pia<\/a><\/li>\n<li class=\"menu-item menu-item-type-post_type menu-item-object-page menu-item-3260\"><a href=\"https:\/\/amnromania.ro\/hu\/mezok\/termoterapia\/\" class=\"elementor-item\">Termoter\u00e1pia<\/a><\/li>\n<li class=\"menu-item menu-item-type-post_type menu-item-object-page menu-item-3259\"><a href=\"https:\/\/amnromania.ro\/hu\/mezok\/humorterapia\/\" class=\"elementor-item\">Humor ter\u00e1pia<\/a><\/li>\n<\/ul>\t\t\t<\/nav>\n\t\t\t\t\t<div class=\"elementor-menu-toggle\" role=\"button\" tabindex=\"0\" aria-label=\"Toggle men\u00fc\" aria-expanded=\"false\">\n\t\t\t<i aria-hidden=\"true\" role=\"presentation\" class=\"elementor-menu-toggle__icon--open eicon-menu-bar\"><\/i><i aria-hidden=\"true\" role=\"presentation\" class=\"elementor-menu-toggle__icon--close eicon-close\"><\/i>\t\t<\/div>\n\t\t\t\t\t<nav class=\"elementor-nav-menu--dropdown elementor-nav-menu__container\" aria-hidden=\"true\">\n\t\t\t\t<ul id=\"menu-2-d1737fc\" class=\"elementor-nav-menu sm-vertical\"><li class=\"menu-item menu-item-type-post_type menu-item-object-page menu-item-2414\"><a href=\"https:\/\/amnromania.ro\/hu\/mezok\/aromaterapia-2\/\" class=\"elementor-item\" tabindex=\"-1\">Aromater\u00e1pia<\/a><\/li>\n<li class=\"menu-item menu-item-type-post_type menu-item-object-page menu-item-3268\"><a href=\"https:\/\/amnromania.ro\/hu\/mezok\/apiterapia\/\" class=\"elementor-item\" tabindex=\"-1\">Apiter\u00e1pia<\/a><\/li>\n<li class=\"menu-item menu-item-type-post_type menu-item-object-page menu-item-2412\"><a href=\"https:\/\/amnromania.ro\/hu\/mezok\/kristalyterapia\/\" class=\"elementor-item\" tabindex=\"-1\">Krist\u00e1ly ter\u00e1pia<\/a><\/li>\n<li class=\"menu-item menu-item-type-post_type menu-item-object-page menu-item-2413\"><a href=\"https:\/\/amnromania.ro\/hu\/mezok\/kromoterapia\/\" class=\"elementor-item\" tabindex=\"-1\">Kromoter\u00e1pia<\/a><\/li>\n<li class=\"menu-item menu-item-type-post_type menu-item-object-page menu-item-3269\"><a href=\"https:\/\/amnromania.ro\/hu\/mezok\/dermoterapia\/\" class=\"elementor-item\" tabindex=\"-1\">Dermoter\u00e1pia<\/a><\/li>\n<li class=\"menu-item menu-item-type-post_type menu-item-object-page menu-item-3267\"><a href=\"https:\/\/amnromania.ro\/hu\/mezok\/dietas-kezeles\/\" class=\"elementor-item\" tabindex=\"-1\">Dietoter\u00e1pia<\/a><\/li>\n<li class=\"menu-item menu-item-type-post_type menu-item-object-page menu-item-3266\"><a href=\"https:\/\/amnromania.ro\/hu\/mezok\/fitoterapia\/\" class=\"elementor-item\" tabindex=\"-1\">Fitoter\u00e1pia<\/a><\/li>\n<li class=\"menu-item menu-item-type-post_type menu-item-object-page menu-item-3265\"><a href=\"https:\/\/amnromania.ro\/hu\/mezok\/floriterapia\/\" class=\"elementor-item\" tabindex=\"-1\">Floritherapy<\/a><\/li>\n<li class=\"menu-item menu-item-type-post_type menu-item-object-page menu-item-3264\"><a href=\"https:\/\/amnromania.ro\/hu\/mezok\/hidroterapia\/\" class=\"elementor-item\" tabindex=\"-1\">Hidroter\u00e1pia<\/a><\/li>\n<li class=\"menu-item menu-item-type-post_type menu-item-object-page menu-item-3263\"><a href=\"https:\/\/amnromania.ro\/hu\/mezok\/idojaras-terapia\/\" class=\"elementor-item\" tabindex=\"-1\">Meteoroter\u00e1pia<\/a><\/li>\n<li class=\"menu-item menu-item-type-post_type menu-item-object-page menu-item-3262\"><a href=\"https:\/\/amnromania.ro\/hu\/mezok\/zeneterapia\/\" class=\"elementor-item\" tabindex=\"-1\">Zeneter\u00e1pia<\/a><\/li>\n<li class=\"menu-item menu-item-type-post_type menu-item-object-page menu-item-3261\"><a href=\"https:\/\/amnromania.ro\/hu\/mezok\/pszichoterapia\/\" class=\"elementor-item\" tabindex=\"-1\">Pszichoter\u00e1pia<\/a><\/li>\n<li class=\"menu-item menu-item-type-post_type menu-item-object-page menu-item-3260\"><a href=\"https:\/\/amnromania.ro\/hu\/mezok\/termoterapia\/\" class=\"elementor-item\" tabindex=\"-1\">Termoter\u00e1pia<\/a><\/li>\n<li class=\"menu-item menu-item-type-post_type menu-item-object-page menu-item-3259\"><a href=\"https:\/\/amnromania.ro\/hu\/mezok\/humorterapia\/\" class=\"elementor-item\" tabindex=\"-1\">Humor ter\u00e1pia<\/a><\/li>\n<\/ul>\t\t\t<\/nav>\n\t\t\t\t\t\t<\/div>\n\t\t\t\t<\/div>\n\t\t\t\t\t<\/div>\n\t\t<\/div>\n\t\t\t\t<div class=\"elementor-column elementor-col-50 elementor-top-column elementor-element elementor-element-3c8f1e7\" data-id=\"3c8f1e7\" data-element_type=\"column\">\n\t\t\t<div class=\"elementor-widget-wrap elementor-element-populated\">\n\t\t\t\t\t\t<div class=\"elementor-element elementor-element-a697548 elementor-widget elementor-widget-text-editor\" data-id=\"a697548\" data-element_type=\"widget\" data-widget_type=\"text-editor.default\">\n\t\t\t\t<div class=\"elementor-widget-container\">\n\t\t\t\t\t\t\t\t\t<div id=\"txt_53\"><h1 class=\"Heading-1 P-15\" style=\"text-align: center;\"><strong><span class=\"C-13\" style=\"color: #008000;\"><img fetchpriority=\"high\" decoding=\"async\" class=\"aligncenter wp-image-4711 size-full\" src=\"https:\/\/amnromania.ro\/wp-content\/uploads\/2020\/11\/fitoterapie.jpg\" alt=\"\" width=\"760\" height=\"428\" srcset=\"https:\/\/amnromania.ro\/wp-content\/uploads\/2020\/11\/fitoterapie.jpg 760w, https:\/\/amnromania.ro\/wp-content\/uploads\/2020\/11\/fitoterapie-300x169.jpg 300w\" sizes=\"(max-width: 760px) 100vw, 760px\" \/><\/span><\/strong><\/h1><h1>\u00a0<\/h1><h1 class=\"Heading-1 P-15\" style=\"text-align: center;\"><strong><span class=\"C-13\" style=\"color: #008000;\">FITOTER\u00c1PIA<\/span><\/strong><\/h1><\/div><div id=\"txt_50\">\u00a0<\/div><p class=\"Titlu-1\">Gyakorlati tan\u00e1csok a gy\u00f3gy- \u00e9s aroman\u00f6v\u00e9nyek hat\u00e9kony haszn\u00e1lat\u00e1hoz<\/p><p class=\"Text2\">A bolyg\u00f3 gy\u00f3gy\u00edt\u00f3 hagyom\u00e1nyaiban \u00e9vezredek \u00f3ta ismert gy\u00f3gy- \u00e9s aroman\u00f6v\u00e9nyek szublingv\u00e1lis por form\u00e1j\u00e1ban t\u00f6rt\u00e9n\u0151 bead\u00e1sa ma m\u00e1r nagyon hat\u00e9kony, egyszer\u0171 \u00e9s praktikus m\u00f3dszernek tekinthet\u0151.<\/p><p class=\"Text2\">Ha teljes m\u00e9rt\u00e9kben ki akarjuk haszn\u00e1lni egyes gy\u00f3gy- \u00e9s f\u0171szern\u00f6v\u00e9nyek ter\u00e1pi\u00e1s hat\u00e1sait, valamint kellemes \u00e9s eg\u00e9szs\u00e9ges \u00edz\u00e9t, akkor aj\u00e1nlatos azokat elektromos dar\u00e1l\u00f3val porr\u00e1 \u0151r\u00f6lni, vagy a sz\u00e1r\u00edtott n\u00f6v\u00e9nyekb\u0151l k\u00e9sz\u00fclt finom port haszn\u00e1lni, amelyet \u00e1ltal\u00e1ban mechanikus centrifug\u00e1l\u00e1ssal nyer\u00fcnk.<\/p><p class=\"Text2\">Ezut\u00e1n a n\u00f6v\u00e9ny por\u00e1t a nyelv\u00fcnk al\u00e1 tessz\u00fck vagy n\u00e9h\u00e1ny percig r\u00e1gjuk, majd egy kis sima v\u00edzzel vagy \u00e1sv\u00e1nyv\u00edzzel lenyelj\u00fck. Ezt az egyszer\u0171 elj\u00e1r\u00e1st megism\u00e9telhetj\u00fck, \u00e1ltal\u00e1ban naponta 2-4 alkalommal, lehet\u0151leg \u00e9tkez\u00e9s el\u0151tt, \u00e9hgyomorra.<\/p><p class=\"Text2\">Em\u00e9szt\u00e9s\u00fcnk jav\u00edt\u00e1s\u00e1ra p\u00e9ld\u00e1ul minden \u00e9tkez\u00e9s el\u0151tt haszn\u00e1lhatunk egy te\u00e1skan\u00e1lnyi bazsalikomlev\u00e9l-port, zs\u00e1lyalevelet, mentalevelet, kakukkf\u00fcvet, major\u00e1nn\u00e1t, v\u00edzitorma- vagy orb\u00e1ncf\u0171port. Egy vagy t\u00f6bb ilyen gy\u00f3gyn\u00f6v\u00e9ny por\u00e1t tartsuk a nyelv\u00fcnk alatt, vagy r\u00e1gjuk meg n\u00e9h\u00e1ny percig. Ha \u00edgy tesz\u00fcnk, azonnal megn\u0151 az \u00e9tv\u00e1gyunk, \u00e9s nem sokkal k\u00e9s\u0151bb jelent\u0151sen javul az em\u00e9szt\u00e9s\u00fcnk.<\/p><p class=\"Text2\">Javasoljuk, hogy bizonyos term\u00e9szetes gy\u00f3gym\u00f3dokban szerepl\u0151 gy\u00f3gym\u00f3dok eset\u00e9ben, ha egyn\u00e9l t\u00f6bb gy\u00f3gyn\u00f6v\u00e9ny vagy gy\u00f3gyn\u00f6v\u00e9nyes gy\u00f3gyszer alkalmaz\u00e1sa javasolt, egy adagol\u00e1s sor\u00e1n legfeljebb 5 gy\u00f3gyn\u00f6v\u00e9nyt kombin\u00e1ljanak. A maxim\u00e1lis hat\u00e9konys\u00e1g \u00e9rdek\u00e9ben a gy\u00f3gyn\u00f6v\u00e9nyeket 5 n\u00f6v\u00e9nyb\u0151l \u00e1ll\u00f3 kombin\u00e1ci\u00f3kban aj\u00e1nlott egym\u00e1s ut\u00e1n beadni.<\/p><p class=\"Text2\">Teh\u00e1t p\u00e9ld\u00e1ul, ha van egy 10 n\u00f6v\u00e9nyb\u0151l \u00e1ll\u00f3 kombin\u00e1ci\u00f3nk, akkor el\u0151sz\u00f6r 5 n\u00f6v\u00e9nyb\u0151l \u00e1ll\u00f3 kever\u00e9ket haszn\u00e1lunk, majd k\u00f6r\u00fclbel\u00fcl 10-<wbr \/>15 perc m\u00falva beadunk egy m\u00e1sik kever\u00e9ket, amely az eredeti 10-es list\u00e1b\u00f3l megmaradt 5 n\u00f6v\u00e9nyb\u0151l \u00e1ll. A k\u00e9t kombin\u00e1ci\u00f3t minden alkalommal egym\u00e1s ut\u00e1n adjuk be, \u00edgy korrel\u00e1lt kumulat\u00edv hat\u00e1st hozva l\u00e9tre.<\/p>\t\t\t\t\t\t\t\t<\/div>\n\t\t\t\t<\/div>\n\t\t\t\t\t<\/div>\n\t\t<\/div>\n\t\t\t\t\t<\/div>\n\t\t<\/section>\n\t\t\t\t<\/div>","protected":false},"excerpt":{"rendered":"<p>\u00a0 A gy\u00f3gy- \u00e9s aroman\u00f6v\u00e9nyek hat\u00e9kony haszn\u00e1lat\u00e1ra vonatkoz\u00f3 gyakorlati tan\u00e1csok A bolyg\u00f3 gy\u00f3gy\u00edt\u00f3 hagyom\u00e1nyaiban \u00e9vezredek \u00f3ta ismert gy\u00f3gy- \u00e9s aroman\u00f6v\u00e9nyek szublingv\u00e1lis por form\u00e1j\u00e1ban t\u00f6rt\u00e9n\u0151 alkalmaz\u00e1sa ma m\u00e1r nagyon hat\u00e9kony, egyszer\u0171 \u00e9s praktikus m\u00f3dszernek tekinthet\u0151. Amikor hasznot akarunk h\u00fazni a [...]<\/p>","protected":false},"author":1,"featured_media":0,"parent":148,"menu_order":0,"comment_status":"closed","ping_status":"closed","template":"","meta":{"_mi_skip_tracking":false,"_analytify_skip_tracking":false,"footnotes":""},"class_list":["post-3232","page","type-page","status-publish","hentry"],"aioseo_notices":[],"aioseo_head":"\n\t\t<!-- All in One SEO Pro 4.7.0 - aioseo.com -->\n\t\t<meta name=\"description\" content=\"Pentru a ne \u00eembun\u0103t\u0103\u0163i digestia, putem folosi \u00eenainte de fiecare mas\u0103 o cantitate egal\u0103 cu o linguri\u0163\u0103 de pulbere de frunze de busuioc, frunze de salvie, frunze de ment\u0103, cimbru, m\u0103t\u0103ciune, creson sau iarba Sf\u00e2ntului Ion.\" \/>\n\t\t<meta name=\"robots\" content=\"max-image-preview:large\" \/>\n\t\t<meta name=\"google-site-verification\" content=\"G-391X30D2FS\" \/>\n\t\t<link rel=\"canonical\" href=\"https:\/\/amnromania.ro\/hu\/mezok\/fitoterapia\/\" \/>\n\t\t<meta name=\"generator\" content=\"All in One SEO Pro (AIOSEO) 4.7.0\" \/>\n\t\t<meta property=\"og:locale\" content=\"hu_HU\" \/>\n\t\t<meta property=\"og:site_name\" content=\"AMN Ayurveda ROM\u00c2NIA | Asociatia Nationala pentru Promovarea Medicinelor Neconventionale\" \/>\n\t\t<meta property=\"og:type\" content=\"article\" \/>\n\t\t<meta property=\"og:title\" content=\"Fitoterapie | AMN Ayurveda ROM\u00c2NIA\" \/>\n\t\t<meta property=\"og:description\" content=\"Pentru a ne \u00eembun\u0103t\u0103\u0163i digestia, putem folosi \u00eenainte de fiecare mas\u0103 o cantitate egal\u0103 cu o linguri\u0163\u0103 de pulbere de frunze de busuioc, frunze de salvie, frunze de ment\u0103, cimbru, m\u0103t\u0103ciune, creson sau iarba Sf\u00e2ntului Ion.\" \/>\n\t\t<meta property=\"og:url\" content=\"https:\/\/amnromania.ro\/hu\/mezok\/fitoterapia\/\" \/>\n\t\t<meta property=\"og:image\" content=\"https:\/\/amnromania.ro\/ynorsyju\/2021\/06\/Ayurveda-in-Romania-Vol.-2-Ro.jpg\" \/>\n\t\t<meta property=\"og:image:secure_url\" content=\"https:\/\/amnromania.ro\/ynorsyju\/2021\/06\/Ayurveda-in-Romania-Vol.-2-Ro.jpg\" \/>\n\t\t<meta property=\"article:published_time\" content=\"2020-11-06T22:38:19+00:00\" \/>\n\t\t<meta property=\"article:modified_time\" content=\"2020-11-11T21:22:50+00:00\" \/>\n\t\t<meta property=\"article:publisher\" content=\"https:\/\/www.facebook.com\/AMNRomania\" \/>\n\t\t<script type=\"application\/ld+json\" class=\"aioseo-schema\">\n\t\t\t{\"@context\":\"https:\\\/\\\/schema.org\",\"@graph\":[{\"@type\":\"BreadcrumbList\",\"@id\":\"https:\\\/\\\/amnromania.ro\\\/hu\\\/mezok\\\/fitoterapia\\\/#breadcrumblist\",\"itemListElement\":[{\"@type\":\"ListItem\",\"@id\":\"https:\\\/\\\/amnromania.ro\\\/hu\\\/#listItem\",\"position\":1,\"name\":\"Home\",\"item\":\"https:\\\/\\\/amnromania.ro\\\/hu\\\/\",\"nextItem\":\"https:\\\/\\\/amnromania.ro\\\/hu\\\/mezok\\\/#listItem\"},{\"@type\":\"ListItem\",\"@id\":\"https:\\\/\\\/amnromania.ro\\\/hu\\\/mezok\\\/#listItem\",\"position\":2,\"name\":\"Domenii\",\"item\":\"https:\\\/\\\/amnromania.ro\\\/hu\\\/mezok\\\/\",\"nextItem\":\"https:\\\/\\\/amnromania.ro\\\/hu\\\/mezok\\\/fitoterapia\\\/#listItem\",\"previousItem\":\"https:\\\/\\\/amnromania.ro\\\/hu\\\/#listItem\"},{\"@type\":\"ListItem\",\"@id\":\"https:\\\/\\\/amnromania.ro\\\/hu\\\/mezok\\\/fitoterapia\\\/#listItem\",\"position\":3,\"name\":\"Fitoterapie\",\"previousItem\":\"https:\\\/\\\/amnromania.ro\\\/hu\\\/mezok\\\/#listItem\"}]},{\"@type\":\"Organization\",\"@id\":\"https:\\\/\\\/amnromania.ro\\\/hu\\\/#organization\",\"name\":\"AMN Ayurveda Romania\",\"url\":\"https:\\\/\\\/amnromania.ro\\\/hu\\\/\",\"logo\":{\"@type\":\"ImageObject\",\"url\":\"https:\\\/\\\/amnromania.ro\\\/ynorsyju\\\/2020\\\/10\\\/amn.png\",\"@id\":\"https:\\\/\\\/amnromania.ro\\\/hu\\\/mezok\\\/fitoterapia\\\/#organizationLogo\"},\"image\":{\"@id\":\"https:\\\/\\\/amnromania.ro\\\/hu\\\/mezok\\\/fitoterapia\\\/#organizationLogo\"},\"sameAs\":[\"https:\\\/\\\/www.facebook.com\\\/AMNRomania\",\"https:\\\/\\\/www.youtube.com\\\/channel\\\/UClfqKxiq_uZ11rthDIT3-BQ\\\/videos\"]},{\"@type\":\"WebPage\",\"@id\":\"https:\\\/\\\/amnromania.ro\\\/hu\\\/mezok\\\/fitoterapia\\\/#webpage\",\"url\":\"https:\\\/\\\/amnromania.ro\\\/hu\\\/mezok\\\/fitoterapia\\\/\",\"name\":\"Fitoterapie | AMN Ayurveda ROM\\u00c2NIA\",\"description\":\"Pentru a ne \\u00eembun\\u0103t\\u0103\\u0163i digestia, putem folosi \\u00eenainte de fiecare mas\\u0103 o cantitate egal\\u0103 cu o linguri\\u0163\\u0103 de pulbere de frunze de busuioc, frunze de salvie, frunze de ment\\u0103, cimbru, m\\u0103t\\u0103ciune, creson sau iarba Sf\\u00e2ntului Ion.\",\"inLanguage\":\"hu-HU\",\"isPartOf\":{\"@id\":\"https:\\\/\\\/amnromania.ro\\\/hu\\\/#website\"},\"breadcrumb\":{\"@id\":\"https:\\\/\\\/amnromania.ro\\\/hu\\\/mezok\\\/fitoterapia\\\/#breadcrumblist\"},\"datePublished\":\"2020-11-06T22:38:19+02:00\",\"dateModified\":\"2020-11-11T21:22:50+02:00\"},{\"@type\":\"WebSite\",\"@id\":\"https:\\\/\\\/amnromania.ro\\\/hu\\\/#website\",\"url\":\"https:\\\/\\\/amnromania.ro\\\/hu\\\/\",\"name\":\"AMN Ayurveda ROM\\u00c2NIA\",\"description\":\"Asociatia Nationala pentru Promovarea Medicinelor Neconventionale\",\"inLanguage\":\"hu-HU\",\"publisher\":{\"@id\":\"https:\\\/\\\/amnromania.ro\\\/hu\\\/#organization\"}}]}\n\t\t<\/script>\n\t\t<!-- All in One SEO Pro -->\r\n\t\t<title>Fitoterapie | AMN Ayurveda ROM\u00c2NIA<\/title>\n\n","aioseo_head_json":{"title":"Fitoterapie | AMN Ayurveda ROM\u00c2NIA","description":"Pentru a ne \u00eembun\u0103t\u0103\u0163i digestia, putem folosi \u00eenainte de fiecare mas\u0103 o cantitate egal\u0103 cu o linguri\u0163\u0103 de pulbere de frunze de busuioc, frunze de salvie, frunze de ment\u0103, cimbru, m\u0103t\u0103ciune, creson sau iarba Sf\u00e2ntului Ion.","canonical_url":"https:\/\/amnromania.ro\/hu\/mezok\/fitoterapia\/","robots":"max-image-preview:large","keywords":"","webmasterTools":{"google-site-verification":"G-391X30D2FS","miscellaneous":""},"og:locale":"hu_HU","og:site_name":"AMN Ayurveda ROM\u00c2NIA | Asociatia Nationala pentru Promovarea Medicinelor Neconventionale","og:type":"article","og:title":"Fitoterapie | AMN Ayurveda ROM\u00c2NIA","og:description":"Pentru a ne \u00eembun\u0103t\u0103\u0163i digestia, putem folosi \u00eenainte de fiecare mas\u0103 o cantitate egal\u0103 cu o linguri\u0163\u0103 de pulbere de frunze de busuioc, frunze de salvie, frunze de ment\u0103, cimbru, m\u0103t\u0103ciune, creson sau iarba Sf\u00e2ntului Ion.","og:url":"https:\/\/amnromania.ro\/hu\/mezok\/fitoterapia\/","og:image":"https:\/\/amnromania.ro\/ynorsyju\/2021\/06\/Ayurveda-in-Romania-Vol.-2-Ro.jpg","og:image:secure_url":"https:\/\/amnromania.ro\/ynorsyju\/2021\/06\/Ayurveda-in-Romania-Vol.-2-Ro.jpg","article:published_time":"2020-11-06T22:38:19+00:00","article:modified_time":"2020-11-11T21:22:50+00:00","article:publisher":"https:\/\/www.facebook.com\/AMNRomania","schema":{"@context":"https:\/\/schema.org","@graph":[{"@type":"BreadcrumbList","@id":"https:\/\/amnromania.ro\/hu\/mezok\/fitoterapia\/#breadcrumblist","itemListElement":[{"@type":"ListItem","@id":"https:\/\/amnromania.ro\/hu\/#listItem","position":1,"name":"Home","item":"https:\/\/amnromania.ro\/hu\/","nextItem":"https:\/\/amnromania.ro\/hu\/mezok\/#listItem"},{"@type":"ListItem","@id":"https:\/\/amnromania.ro\/hu\/mezok\/#listItem","position":2,"name":"Domenii","item":"https:\/\/amnromania.ro\/hu\/mezok\/","nextItem":"https:\/\/amnromania.ro\/hu\/mezok\/fitoterapia\/#listItem","previousItem":"https:\/\/amnromania.ro\/hu\/#listItem"},{"@type":"ListItem","@id":"https:\/\/amnromania.ro\/hu\/mezok\/fitoterapia\/#listItem","position":3,"name":"Fitoterapie","previousItem":"https:\/\/amnromania.ro\/hu\/mezok\/#listItem"}]},{"@type":"Organization","@id":"https:\/\/amnromania.ro\/hu\/#organization","name":"AMN Ayurveda Romania","url":"https:\/\/amnromania.ro\/hu\/","logo":{"@type":"ImageObject","url":"https:\/\/amnromania.ro\/ynorsyju\/2020\/10\/amn.png","@id":"https:\/\/amnromania.ro\/hu\/mezok\/fitoterapia\/#organizationLogo"},"image":{"@id":"https:\/\/amnromania.ro\/hu\/mezok\/fitoterapia\/#organizationLogo"},"sameAs":["https:\/\/www.facebook.com\/AMNRomania","https:\/\/www.youtube.com\/channel\/UClfqKxiq_uZ11rthDIT3-BQ\/videos"]},{"@type":"WebPage","@id":"https:\/\/amnromania.ro\/hu\/mezok\/fitoterapia\/#webpage","url":"https:\/\/amnromania.ro\/hu\/mezok\/fitoterapia\/","name":"Fitoterapie | AMN Ayurveda ROM\u00c2NIA","description":"Pentru a ne \u00eembun\u0103t\u0103\u0163i digestia, putem folosi \u00eenainte de fiecare mas\u0103 o cantitate egal\u0103 cu o linguri\u0163\u0103 de pulbere de frunze de busuioc, frunze de salvie, frunze de ment\u0103, cimbru, m\u0103t\u0103ciune, creson sau iarba Sf\u00e2ntului Ion.","inLanguage":"hu-HU","isPartOf":{"@id":"https:\/\/amnromania.ro\/hu\/#website"},"breadcrumb":{"@id":"https:\/\/amnromania.ro\/hu\/mezok\/fitoterapia\/#breadcrumblist"},"datePublished":"2020-11-06T22:38:19+02:00","dateModified":"2020-11-11T21:22:50+02:00"},{"@type":"WebSite","@id":"https:\/\/amnromania.ro\/hu\/#website","url":"https:\/\/amnromania.ro\/hu\/","name":"AMN Ayurveda ROM\u00c2NIA","description":"Asociatia Nationala pentru Promovarea Medicinelor Neconventionale","inLanguage":"hu-HU","publisher":{"@id":"https:\/\/amnromania.ro\/hu\/#organization"}}]}},"aioseo_meta_data":{"post_id":"3232","title":null,"description":"Pentru a ne \u00eembun\u0103t\u0103\u0163i digestia, putem folosi \u00eenainte de fiecare mas\u0103 o cantitate egal\u0103 cu o linguri\u0163\u0103 de pulbere de frunze de busuioc, frunze de salvie, frunze de ment\u0103, cimbru, m\u0103t\u0103ciune, creson sau iarba Sf\u00e2ntului Ion.","keywords":null,"keyphrases":null,"primary_term":null,"canonical_url":null,"og_title":null,"og_description":null,"og_object_type":"default","og_image_type":"default","og_image_url":null,"og_image_width":null,"og_image_height":null,"og_image_custom_url":null,"og_image_custom_fields":null,"og_video":null,"og_custom_url":null,"og_article_section":null,"og_article_tags":null,"twitter_use_og":false,"twitter_card":"default","twitter_image_type":"default","twitter_image_url":null,"twitter_image_custom_url":null,"twitter_image_custom_fields":null,"twitter_title":null,"twitter_description":null,"schema":{"blockGraphs":[],"customGraphs":[],"default":{"data":{"Article":[],"Course":[],"Dataset":[],"FAQPage":[],"Movie":[],"Person":[],"Product":[],"Recipe":[],"Service":[],"SoftwareApplication":[],"WebPage":[]},"graphName":"WebPage","isEnabled":true},"graphs":[]},"schema_type":null,"schema_type_options":null,"pillar_content":false,"robots_default":true,"robots_noindex":false,"robots_noarchive":false,"robots_nosnippet":false,"robots_nofollow":false,"robots_noimageindex":false,"robots_noodp":false,"robots_notranslate":false,"robots_max_snippet":null,"robots_max_videopreview":null,"robots_max_imagepreview":"large","priority":null,"frequency":null,"local_seo":null,"limit_modified_date":false,"open_ai":null,"created":"2020-12-21 07:24:50","updated":"2024-01-28 10:51:30"},"aioseo_breadcrumb":"<div class=\"aioseo-breadcrumbs\"><span class=\"aioseo-breadcrumb\">\n\t<a href=\"https:\/\/amnromania.ro\/hu\" title=\"Home\">Home<\/a>\n<\/span><span class=\"aioseo-breadcrumb-separator\">&raquo;<\/span><span class=\"aioseo-breadcrumb\">\n\t<a href=\"https:\/\/amnromania.ro\/hu\/mezok\/\" title=\"Domenii\">Domenii<\/a>\n<\/span><span class=\"aioseo-breadcrumb-separator\">&raquo;<\/span><span class=\"aioseo-breadcrumb\">\n\tFitoterapie\n<\/span><\/div>","aioseo_breadcrumb_json":[{"label":"Home","link":"https:\/\/amnromania.ro\/hu"},{"label":"Domenii","link":"https:\/\/amnromania.ro\/hu\/mezok\/"},{"label":"Fitoterapie","link":"https:\/\/amnromania.ro\/hu\/mezok\/fitoterapia\/"}],"_links":{"self":[{"href":"https:\/\/amnromania.ro\/hu\/wp-json\/wp\/v2\/pages\/3232","targetHints":{"allow":["GET"]}}],"collection":[{"href":"https:\/\/amnromania.ro\/hu\/wp-json\/wp\/v2\/pages"}],"about":[{"href":"https:\/\/amnromania.ro\/hu\/wp-json\/wp\/v2\/types\/page"}],"author":[{"embeddable":true,"href":"https:\/\/amnromania.ro\/hu\/wp-json\/wp\/v2\/users\/1"}],"replies":[{"embeddable":true,"href":"https:\/\/amnromania.ro\/hu\/wp-json\/wp\/v2\/comments?post=3232"}],"version-history":[{"count":0,"href":"https:\/\/amnromania.ro\/hu\/wp-json\/wp\/v2\/pages\/3232\/revisions"}],"up":[{"embeddable":true,"href":"https:\/\/amnromania.ro\/hu\/wp-json\/wp\/v2\/pages\/148"}],"wp:attachment":[{"href":"https:\/\/amnromania.ro\/hu\/wp-json\/wp\/v2\/media?parent=3232"}],"curies":[{"name":"wp","href":"https:\/\/api.w.org\/{rel}","templated":true}]}}