{"id":2901,"date":"2020-11-06T14:02:06","date_gmt":"2020-11-06T14:02:06","guid":{"rendered":"https:\/\/amnromania.ro\/?page_id=2901"},"modified":"2020-11-07T00:18:58","modified_gmt":"2020-11-07T00:18:58","slug":"charaka","status":"publish","type":"page","link":"https:\/\/amnromania.ro\/hu\/ayurveda\/dimenzio-ezoterikus\/charaka\/","title":{"rendered":"Charaka"},"content":{"rendered":"<div data-elementor-type=\"wp-page\" data-elementor-id=\"2901\" class=\"elementor elementor-2901\" data-elementor-post-type=\"page\">\n\t\t\t\t\t\t<section class=\"elementor-section elementor-top-section elementor-element elementor-element-c558c25 elementor-section-boxed elementor-section-height-default elementor-section-height-default\" data-id=\"c558c25\" data-element_type=\"section\">\n\t\t\t\t\t\t<div class=\"elementor-container elementor-column-gap-default\">\n\t\t\t\t\t<div class=\"elementor-column elementor-col-50 elementor-top-column elementor-element elementor-element-b9804d6\" data-id=\"b9804d6\" data-element_type=\"column\">\n\t\t\t<div class=\"elementor-widget-wrap elementor-element-populated\">\n\t\t\t\t\t\t<div class=\"elementor-element elementor-element-d9ac4d2 elementor-nav-menu__align-start elementor-nav-menu__text-align-center elementor-nav-menu--dropdown-tablet elementor-nav-menu--toggle elementor-nav-menu--burger elementor-widget elementor-widget-global elementor-global-2579 elementor-widget-nav-menu\" data-id=\"d9ac4d2\" data-element_type=\"widget\" data-settings=\"{&quot;layout&quot;:&quot;vertical&quot;,&quot;submenu_icon&quot;:{&quot;value&quot;:&quot;fas fa-chevron-down&quot;,&quot;library&quot;:&quot;fa-solid&quot;},&quot;toggle&quot;:&quot;burger&quot;}\" data-widget_type=\"nav-menu.default\">\n\t\t\t\t<div class=\"elementor-widget-container\">\n\t\t\t\t\t\t\t\t<nav aria-label=\"Men\u00fc\" class=\"elementor-nav-menu--main elementor-nav-menu__container elementor-nav-menu--layout-vertical e--pointer-background e--animation-fade\">\n\t\t\t\t<ul id=\"menu-1-d9ac4d2\" class=\"elementor-nav-menu sm-vertical\"><li class=\"menu-item menu-item-type-post_type menu-item-object-page menu-item-2034\"><a href=\"https:\/\/amnromania.ro\/hu\/ayurveda\/dimenzio-ezoterikus\/\" class=\"elementor-item\">Az ezoterikus dimenzi\u00f3<\/a><\/li>\n<li class=\"menu-item menu-item-type-post_type menu-item-object-page menu-item-2026\"><a href=\"https:\/\/amnromania.ro\/hu\/ayurveda\/o-life-boldogsag\/\" class=\"elementor-item\">Boldog \u00e9let<\/a><\/li>\n<li class=\"menu-item menu-item-type-post_type menu-item-object-page menu-item-2027\"><a href=\"https:\/\/amnromania.ro\/hu\/ayurveda\/szepseg-noies\/\" class=\"elementor-item\">N\u0151i sz\u00e9ps\u00e9g<\/a><\/li>\n<li class=\"menu-item menu-item-type-post_type menu-item-object-page menu-item-2028\"><a href=\"https:\/\/amnromania.ro\/hu\/ayurveda\/kiegyensulyozott-taplalkozas-az-ajurvedaban\/\" class=\"elementor-item\">Kiegyens\u00falyozott t\u00e1pl\u00e1lkoz\u00e1s az ayurv\u00e9d\u00e1ban<\/a><\/li>\n<li class=\"menu-item menu-item-type-post_type menu-item-object-page menu-item-2029\"><a href=\"https:\/\/amnromania.ro\/hu\/ayurveda\/natural-foods-and-longevity\/\" class=\"elementor-item\">Term\u00e9szetes t\u00e1pl\u00e1lkoz\u00e1s \u00e9s hossz\u00fa \u00e9let<\/a><\/li>\n<li class=\"menu-item menu-item-type-post_type menu-item-object-page menu-item-2030\"><a href=\"https:\/\/amnromania.ro\/hu\/ayurveda\/ayurveda-es-egeszseg\/\" class=\"elementor-item\">Ayurveda \u00e9s eg\u00e9szs\u00e9g<\/a><\/li>\n<li class=\"menu-item menu-item-type-post_type menu-item-object-page menu-item-2031\"><a href=\"https:\/\/amnromania.ro\/hu\/ayurveda\/ayurveda-gyogyito-rendszer\/\" class=\"elementor-item\">Ayurveda - gy\u00f3gy\u00edt\u00f3 rendszer<\/a><\/li>\n<li class=\"menu-item menu-item-type-post_type menu-item-object-page menu-item-2032\"><a href=\"https:\/\/amnromania.ro\/hu\/ayurveda\/egyediseg-perspektiva-ayurvedikus\/\" class=\"elementor-item\">Az ayurv\u00e9dikus szeml\u00e9let egyedis\u00e9ge<\/a><\/li>\n<li class=\"menu-item menu-item-type-post_type menu-item-object-page menu-item-2033\"><a href=\"https:\/\/amnromania.ro\/hu\/ayurveda\/ayurvedikus-tudas\/\" class=\"elementor-item\">Ayurv\u00e9dikus tud\u00e1s<\/a><\/li>\n<li class=\"menu-item menu-item-type-post_type menu-item-object-page menu-item-2058\"><a href=\"https:\/\/amnromania.ro\/hu\/ayurveda\/how-to\/\" class=\"elementor-item\">Gyakorlati int\u00e9zked\u00e9sek<\/a><\/li>\n<\/ul>\t\t\t<\/nav>\n\t\t\t\t\t<div class=\"elementor-menu-toggle\" role=\"button\" tabindex=\"0\" aria-label=\"Toggle men\u00fc\" aria-expanded=\"false\">\n\t\t\t<i aria-hidden=\"true\" role=\"presentation\" class=\"elementor-menu-toggle__icon--open eicon-menu-bar\"><\/i><i aria-hidden=\"true\" role=\"presentation\" class=\"elementor-menu-toggle__icon--close eicon-close\"><\/i>\t\t<\/div>\n\t\t\t\t\t<nav class=\"elementor-nav-menu--dropdown elementor-nav-menu__container\" aria-hidden=\"true\">\n\t\t\t\t<ul id=\"menu-2-d9ac4d2\" class=\"elementor-nav-menu sm-vertical\"><li class=\"menu-item menu-item-type-post_type menu-item-object-page menu-item-2034\"><a href=\"https:\/\/amnromania.ro\/hu\/ayurveda\/dimenzio-ezoterikus\/\" class=\"elementor-item\" tabindex=\"-1\">Az ezoterikus dimenzi\u00f3<\/a><\/li>\n<li class=\"menu-item menu-item-type-post_type menu-item-object-page menu-item-2026\"><a href=\"https:\/\/amnromania.ro\/hu\/ayurveda\/o-life-boldogsag\/\" class=\"elementor-item\" tabindex=\"-1\">Boldog \u00e9let<\/a><\/li>\n<li class=\"menu-item menu-item-type-post_type menu-item-object-page menu-item-2027\"><a href=\"https:\/\/amnromania.ro\/hu\/ayurveda\/szepseg-noies\/\" class=\"elementor-item\" tabindex=\"-1\">N\u0151i sz\u00e9ps\u00e9g<\/a><\/li>\n<li class=\"menu-item menu-item-type-post_type menu-item-object-page menu-item-2028\"><a href=\"https:\/\/amnromania.ro\/hu\/ayurveda\/kiegyensulyozott-taplalkozas-az-ajurvedaban\/\" class=\"elementor-item\" tabindex=\"-1\">Kiegyens\u00falyozott t\u00e1pl\u00e1lkoz\u00e1s az ayurv\u00e9d\u00e1ban<\/a><\/li>\n<li class=\"menu-item menu-item-type-post_type menu-item-object-page menu-item-2029\"><a href=\"https:\/\/amnromania.ro\/hu\/ayurveda\/natural-foods-and-longevity\/\" class=\"elementor-item\" tabindex=\"-1\">Term\u00e9szetes t\u00e1pl\u00e1lkoz\u00e1s \u00e9s hossz\u00fa \u00e9let<\/a><\/li>\n<li class=\"menu-item menu-item-type-post_type menu-item-object-page menu-item-2030\"><a href=\"https:\/\/amnromania.ro\/hu\/ayurveda\/ayurveda-es-egeszseg\/\" class=\"elementor-item\" tabindex=\"-1\">Ayurveda \u00e9s eg\u00e9szs\u00e9g<\/a><\/li>\n<li class=\"menu-item menu-item-type-post_type menu-item-object-page menu-item-2031\"><a href=\"https:\/\/amnromania.ro\/hu\/ayurveda\/ayurveda-gyogyito-rendszer\/\" class=\"elementor-item\" tabindex=\"-1\">Ayurveda - gy\u00f3gy\u00edt\u00f3 rendszer<\/a><\/li>\n<li class=\"menu-item menu-item-type-post_type menu-item-object-page menu-item-2032\"><a href=\"https:\/\/amnromania.ro\/hu\/ayurveda\/egyediseg-perspektiva-ayurvedikus\/\" class=\"elementor-item\" tabindex=\"-1\">Az ayurv\u00e9dikus szeml\u00e9let egyedis\u00e9ge<\/a><\/li>\n<li class=\"menu-item menu-item-type-post_type menu-item-object-page menu-item-2033\"><a href=\"https:\/\/amnromania.ro\/hu\/ayurveda\/ayurvedikus-tudas\/\" class=\"elementor-item\" tabindex=\"-1\">Ayurv\u00e9dikus tud\u00e1s<\/a><\/li>\n<li class=\"menu-item menu-item-type-post_type menu-item-object-page menu-item-2058\"><a href=\"https:\/\/amnromania.ro\/hu\/ayurveda\/how-to\/\" class=\"elementor-item\" tabindex=\"-1\">Gyakorlati int\u00e9zked\u00e9sek<\/a><\/li>\n<\/ul>\t\t\t<\/nav>\n\t\t\t\t\t\t<\/div>\n\t\t\t\t<\/div>\n\t\t\t\t\t<\/div>\n\t\t<\/div>\n\t\t\t\t<div class=\"elementor-column elementor-col-50 elementor-top-column elementor-element elementor-element-f512a31\" data-id=\"f512a31\" data-element_type=\"column\">\n\t\t\t<div class=\"elementor-widget-wrap elementor-element-populated\">\n\t\t\t\t\t\t<div class=\"elementor-element elementor-element-6d93f28 elementor-widget elementor-widget-text-editor\" data-id=\"6d93f28\" data-element_type=\"widget\" data-widget_type=\"text-editor.default\">\n\t\t\t\t<div class=\"elementor-widget-container\">\n\t\t\t\t\t\t\t\t\t<h1 style=\"text-align: center;\"><span class=\"C-13\" style=\"color: #3366ff;\"><b>Charaka<\/b><\/span><\/h1><p><img fetchpriority=\"high\" decoding=\"async\" class=\"wp-image-2969 size-full aligncenter\" src=\"https:\/\/amnromania.ro\/wp-content\/uploads\/2020\/11\/Charaka_.jpg\" alt=\"\" width=\"768\" height=\"432\" srcset=\"https:\/\/amnromania.ro\/wp-content\/uploads\/2020\/11\/Charaka_.jpg 768w, https:\/\/amnromania.ro\/wp-content\/uploads\/2020\/11\/Charaka_-300x169.jpg 300w\" sizes=\"(max-width: 768px) 100vw, 768px\" \/><\/p><p class=\"Normal P-17\"><span class=\"C-14\">Charaka a szerz\u0151je az Ayurveda legfontosabb titkos sz\u00f6veg\u00e9nek, amely a \"Charaka-<wbr \/>szamhita\", amely egyben India legr\u00e9gebbi gy\u00f3gy\u00e1szati \u00e9rtekez\u00e9se. Charaka s-<wbr \/>egy Vishuddha nev\u0171 nagy b\u00f6lcs fiak\u00e9nt sz\u00fcletett, \u00e9s kiv\u00e1l\u00f3 gy\u00f3gy\u00edt\u00f3ja lett az egyszer\u0171 embereknek, akiknek term\u00e9szetes gy\u00f3gym\u00f3dokat k\u00edn\u00e1lt, amelyeket \u0151 maga k\u00e9sz\u00edtett k\u00fcl\u00f6nb\u00f6z\u0151 gy\u00f3gyn\u00f6v\u00e9nyekb\u0151l.<\/span><\/p><p class=\"Normal P-17\"><span class=\"C-14\">A b\u00f6lcs Charaka szinte \u00e1lland\u00f3an utazott k\u00fcl\u00f6nb\u00f6z\u0151 helyekre, hogy seg\u00edtsen a szenved\u0151 \u00e9s seg\u00edts\u00e9gre szorul\u00f3 embereken, ez\u00e9rt v\u00e1lt \"utaz\u00f3 gy\u00f3gy\u00edt\u00f3\" (Charaka) n\u00e9ven ismertt\u00e9. A b\u00f6lcs Charaka neve ut\u00e1n Charaka-nak nevezt\u00e9k el.<wbr \/>\u00e9s az Ayurveda \u0151si tudom\u00e1ny\u00e1nak minden gyakorl\u00f3 tan\u00edtv\u00e1nya...<wbr \/>\u0151k, akik az ayurv\u00e9d\u00e1t egy beavatott ayurv\u00e9dikus gyakorl\u00f3t\u00f3l tanult\u00e1k, majd az orsz\u00e1got j\u00e1rva t\u00f6k\u00e9letes\u00edtett\u00e9k ayurv\u00e9dikus tud\u00e1sukat.<wbr \/>id\u0151szakosan r\u00f6vid id\u0151re k\u00fcl\u00f6nb\u00f6z\u0151 m\u00e1s helyekre mennek, hogy gyakorolj\u00e1k a tanultakat, \u00e9s egy\u00fattal tanuljanak, tanulva.<wbr \/>\u00e9s a t\u00f6bbiek.<\/span><\/p><p class=\"Normal P-17\"><span class=\"C-14\">A di\u00e1kok lelki k\u00e9pz\u00e9s\u00e9nek ez az \u0151si modellje ma \u00fajra\u00e9ledt. A b\u00f6lcs Charaka p\u00e9ld\u00e1t ny\u00fajt nek\u00fcnk az egy\u00fctt\u00e9rz\u0151 k\u00e9szs\u00e9g \u00e9s a p\u00e9lda\u00e9rt\u00e9k\u0171 \u00f6n\u00e1tad\u00e1s mintaszer\u0171 \u00e1llapot\u00e1ra minden bajba jutott l\u00e9ny sz\u00e1m\u00e1ra.<\/span><\/p>\t\t\t\t\t\t\t\t<\/div>\n\t\t\t\t<\/div>\n\t\t\t\t\t<\/div>\n\t\t<\/div>\n\t\t\t\t\t<\/div>\n\t\t<\/section>\n\t\t\t\t<\/div>","protected":false},"excerpt":{"rendered":"<p>Charaka Charaka az Ayurveda legfontosabb titkos sz\u00f6veg\u00e9nek, a \"Charaka-samhita\"-nak a szerz\u0151je, amely egyben India legr\u00e9gebbi gy\u00f3gy\u00e1szati \u00e9rtekez\u00e9se is. Charaka egy Vishuddha nev\u0171 nagy b\u00f6lcs fiak\u00e9nt sz\u00fcletett, \u00e9s kiv\u00e1l\u00f3 gy\u00f3gy\u00edt\u00f3ja lett az egyszer\u0171 embereknek, akiknek term\u00e9szetes gy\u00f3gym\u00f3dokat aj\u00e1nlott, [...]<\/p>","protected":false},"author":1,"featured_media":0,"parent":1999,"menu_order":0,"comment_status":"closed","ping_status":"closed","template":"","meta":{"_mi_skip_tracking":false,"_analytify_skip_tracking":false,"footnotes":""},"class_list":["post-2901","page","type-page","status-publish","hentry"],"aioseo_notices":[],"aioseo_head":"\n\t\t<!-- All in One SEO Pro 4.7.0 - aioseo.com -->\n\t\t<meta name=\"description\" content=\"Charaka este autorul celui mai important text secret de Ayurveda, cunoscut sub numele de \u201eCharaka-samhita\u201d, care este totodat\u0103 \u015fi cel mai vechi tratat de vindecare din India.\" \/>\n\t\t<meta name=\"robots\" content=\"max-image-preview:large\" \/>\n\t\t<meta name=\"google-site-verification\" content=\"G-391X30D2FS\" \/>\n\t\t<link rel=\"canonical\" href=\"https:\/\/amnromania.ro\/hu\/ayurveda\/dimenzio-ezoterikus\/charaka\/\" \/>\n\t\t<meta name=\"generator\" content=\"All in One SEO Pro (AIOSEO) 4.7.0\" \/>\n\t\t<meta property=\"og:locale\" content=\"hu_HU\" \/>\n\t\t<meta property=\"og:site_name\" content=\"AMN Ayurveda ROM\u00c2NIA | Asociatia Nationala pentru Promovarea Medicinelor Neconventionale\" \/>\n\t\t<meta property=\"og:type\" content=\"article\" \/>\n\t\t<meta property=\"og:title\" content=\"Charaka | AMN Ayurveda ROM\u00c2NIA\" \/>\n\t\t<meta property=\"og:description\" content=\"Charaka este autorul celui mai important text secret de Ayurveda, cunoscut sub numele de \u201eCharaka-samhita\u201d, care este totodat\u0103 \u015fi cel mai vechi tratat de vindecare din India.\" \/>\n\t\t<meta property=\"og:url\" content=\"https:\/\/amnromania.ro\/hu\/ayurveda\/dimenzio-ezoterikus\/charaka\/\" \/>\n\t\t<meta property=\"og:image\" content=\"https:\/\/amnromania.ro\/ynorsyju\/2021\/06\/Ayurveda-in-Romania-Vol.-2-Ro.jpg\" \/>\n\t\t<meta property=\"og:image:secure_url\" content=\"https:\/\/amnromania.ro\/ynorsyju\/2021\/06\/Ayurveda-in-Romania-Vol.-2-Ro.jpg\" \/>\n\t\t<meta property=\"article:published_time\" content=\"2020-11-06T14:02:06+00:00\" \/>\n\t\t<meta property=\"article:modified_time\" content=\"2020-11-07T00:18:58+00:00\" \/>\n\t\t<meta property=\"article:publisher\" content=\"https:\/\/www.facebook.com\/AMNRomania\" \/>\n\t\t<script type=\"application\/ld+json\" class=\"aioseo-schema\">\n\t\t\t{\"@context\":\"https:\\\/\\\/schema.org\",\"@graph\":[{\"@type\":\"BreadcrumbList\",\"@id\":\"https:\\\/\\\/amnromania.ro\\\/hu\\\/ayurveda\\\/dimenzio-ezoterikus\\\/charaka\\\/#breadcrumblist\",\"itemListElement\":[{\"@type\":\"ListItem\",\"@id\":\"https:\\\/\\\/amnromania.ro\\\/hu\\\/#listItem\",\"position\":1,\"name\":\"Home\",\"item\":\"https:\\\/\\\/amnromania.ro\\\/hu\\\/\",\"nextItem\":\"https:\\\/\\\/amnromania.ro\\\/hu\\\/ayurveda\\\/#listItem\"},{\"@type\":\"ListItem\",\"@id\":\"https:\\\/\\\/amnromania.ro\\\/hu\\\/ayurveda\\\/#listItem\",\"position\":2,\"name\":\"Ayurveda\",\"item\":\"https:\\\/\\\/amnromania.ro\\\/hu\\\/ayurveda\\\/\",\"nextItem\":\"https:\\\/\\\/amnromania.ro\\\/hu\\\/ayurveda\\\/dimenzio-ezoterikus\\\/#listItem\",\"previousItem\":\"https:\\\/\\\/amnromania.ro\\\/hu\\\/#listItem\"},{\"@type\":\"ListItem\",\"@id\":\"https:\\\/\\\/amnromania.ro\\\/hu\\\/ayurveda\\\/dimenzio-ezoterikus\\\/#listItem\",\"position\":3,\"name\":\"Dimensiunea esoterica\",\"item\":\"https:\\\/\\\/amnromania.ro\\\/hu\\\/ayurveda\\\/dimenzio-ezoterikus\\\/\",\"nextItem\":\"https:\\\/\\\/amnromania.ro\\\/hu\\\/ayurveda\\\/dimenzio-ezoterikus\\\/charaka\\\/#listItem\",\"previousItem\":\"https:\\\/\\\/amnromania.ro\\\/hu\\\/ayurveda\\\/#listItem\"},{\"@type\":\"ListItem\",\"@id\":\"https:\\\/\\\/amnromania.ro\\\/hu\\\/ayurveda\\\/dimenzio-ezoterikus\\\/charaka\\\/#listItem\",\"position\":4,\"name\":\"Charaka\",\"previousItem\":\"https:\\\/\\\/amnromania.ro\\\/hu\\\/ayurveda\\\/dimenzio-ezoterikus\\\/#listItem\"}]},{\"@type\":\"Organization\",\"@id\":\"https:\\\/\\\/amnromania.ro\\\/hu\\\/#organization\",\"name\":\"AMN Ayurveda Romania\",\"url\":\"https:\\\/\\\/amnromania.ro\\\/hu\\\/\",\"logo\":{\"@type\":\"ImageObject\",\"url\":\"https:\\\/\\\/amnromania.ro\\\/ynorsyju\\\/2020\\\/10\\\/amn.png\",\"@id\":\"https:\\\/\\\/amnromania.ro\\\/hu\\\/ayurveda\\\/dimenzio-ezoterikus\\\/charaka\\\/#organizationLogo\"},\"image\":{\"@id\":\"https:\\\/\\\/amnromania.ro\\\/hu\\\/ayurveda\\\/dimenzio-ezoterikus\\\/charaka\\\/#organizationLogo\"},\"sameAs\":[\"https:\\\/\\\/www.facebook.com\\\/AMNRomania\",\"https:\\\/\\\/www.youtube.com\\\/channel\\\/UClfqKxiq_uZ11rthDIT3-BQ\\\/videos\"]},{\"@type\":\"WebPage\",\"@id\":\"https:\\\/\\\/amnromania.ro\\\/hu\\\/ayurveda\\\/dimenzio-ezoterikus\\\/charaka\\\/#webpage\",\"url\":\"https:\\\/\\\/amnromania.ro\\\/hu\\\/ayurveda\\\/dimenzio-ezoterikus\\\/charaka\\\/\",\"name\":\"Charaka | AMN Ayurveda ROM\\u00c2NIA\",\"description\":\"Charaka este autorul celui mai important text secret de Ayurveda, cunoscut sub numele de \\u201eCharaka-samhita\\u201d, care este totodat\\u0103 \\u015fi cel mai vechi tratat de vindecare din India.\",\"inLanguage\":\"hu-HU\",\"isPartOf\":{\"@id\":\"https:\\\/\\\/amnromania.ro\\\/hu\\\/#website\"},\"breadcrumb\":{\"@id\":\"https:\\\/\\\/amnromania.ro\\\/hu\\\/ayurveda\\\/dimenzio-ezoterikus\\\/charaka\\\/#breadcrumblist\"},\"datePublished\":\"2020-11-06T14:02:06+02:00\",\"dateModified\":\"2020-11-07T00:18:58+02:00\"},{\"@type\":\"WebSite\",\"@id\":\"https:\\\/\\\/amnromania.ro\\\/hu\\\/#website\",\"url\":\"https:\\\/\\\/amnromania.ro\\\/hu\\\/\",\"name\":\"AMN Ayurveda ROM\\u00c2NIA\",\"description\":\"Asociatia Nationala pentru Promovarea Medicinelor Neconventionale\",\"inLanguage\":\"hu-HU\",\"publisher\":{\"@id\":\"https:\\\/\\\/amnromania.ro\\\/hu\\\/#organization\"}}]}\n\t\t<\/script>\n\t\t<!-- All in One SEO Pro -->\r\n\t\t<title>Charaka | AMN Ayurveda ROM\u00c2NIA<\/title>\n\n","aioseo_head_json":{"title":"Charaka | AMN Ayurveda ROM\u00c2NIA","description":"Charaka este autorul celui mai important text secret de Ayurveda, cunoscut sub numele de \u201eCharaka-samhita\u201d, care este totodat\u0103 \u015fi cel mai vechi tratat de vindecare din India.","canonical_url":"https:\/\/amnromania.ro\/hu\/ayurveda\/dimenzio-ezoterikus\/charaka\/","robots":"max-image-preview:large","keywords":"","webmasterTools":{"google-site-verification":"G-391X30D2FS","miscellaneous":""},"og:locale":"hu_HU","og:site_name":"AMN Ayurveda ROM\u00c2NIA | Asociatia Nationala pentru Promovarea Medicinelor Neconventionale","og:type":"article","og:title":"Charaka | AMN Ayurveda ROM\u00c2NIA","og:description":"Charaka este autorul celui mai important text secret de Ayurveda, cunoscut sub numele de \u201eCharaka-samhita\u201d, care este totodat\u0103 \u015fi cel mai vechi tratat de vindecare din India.","og:url":"https:\/\/amnromania.ro\/hu\/ayurveda\/dimenzio-ezoterikus\/charaka\/","og:image":"https:\/\/amnromania.ro\/ynorsyju\/2021\/06\/Ayurveda-in-Romania-Vol.-2-Ro.jpg","og:image:secure_url":"https:\/\/amnromania.ro\/ynorsyju\/2021\/06\/Ayurveda-in-Romania-Vol.-2-Ro.jpg","article:published_time":"2020-11-06T14:02:06+00:00","article:modified_time":"2020-11-07T00:18:58+00:00","article:publisher":"https:\/\/www.facebook.com\/AMNRomania","schema":{"@context":"https:\/\/schema.org","@graph":[{"@type":"BreadcrumbList","@id":"https:\/\/amnromania.ro\/hu\/ayurveda\/dimenzio-ezoterikus\/charaka\/#breadcrumblist","itemListElement":[{"@type":"ListItem","@id":"https:\/\/amnromania.ro\/hu\/#listItem","position":1,"name":"Home","item":"https:\/\/amnromania.ro\/hu\/","nextItem":"https:\/\/amnromania.ro\/hu\/ayurveda\/#listItem"},{"@type":"ListItem","@id":"https:\/\/amnromania.ro\/hu\/ayurveda\/#listItem","position":2,"name":"Ayurveda","item":"https:\/\/amnromania.ro\/hu\/ayurveda\/","nextItem":"https:\/\/amnromania.ro\/hu\/ayurveda\/dimenzio-ezoterikus\/#listItem","previousItem":"https:\/\/amnromania.ro\/hu\/#listItem"},{"@type":"ListItem","@id":"https:\/\/amnromania.ro\/hu\/ayurveda\/dimenzio-ezoterikus\/#listItem","position":3,"name":"Dimensiunea esoterica","item":"https:\/\/amnromania.ro\/hu\/ayurveda\/dimenzio-ezoterikus\/","nextItem":"https:\/\/amnromania.ro\/hu\/ayurveda\/dimenzio-ezoterikus\/charaka\/#listItem","previousItem":"https:\/\/amnromania.ro\/hu\/ayurveda\/#listItem"},{"@type":"ListItem","@id":"https:\/\/amnromania.ro\/hu\/ayurveda\/dimenzio-ezoterikus\/charaka\/#listItem","position":4,"name":"Charaka","previousItem":"https:\/\/amnromania.ro\/hu\/ayurveda\/dimenzio-ezoterikus\/#listItem"}]},{"@type":"Organization","@id":"https:\/\/amnromania.ro\/hu\/#organization","name":"AMN Ayurveda Romania","url":"https:\/\/amnromania.ro\/hu\/","logo":{"@type":"ImageObject","url":"https:\/\/amnromania.ro\/ynorsyju\/2020\/10\/amn.png","@id":"https:\/\/amnromania.ro\/hu\/ayurveda\/dimenzio-ezoterikus\/charaka\/#organizationLogo"},"image":{"@id":"https:\/\/amnromania.ro\/hu\/ayurveda\/dimenzio-ezoterikus\/charaka\/#organizationLogo"},"sameAs":["https:\/\/www.facebook.com\/AMNRomania","https:\/\/www.youtube.com\/channel\/UClfqKxiq_uZ11rthDIT3-BQ\/videos"]},{"@type":"WebPage","@id":"https:\/\/amnromania.ro\/hu\/ayurveda\/dimenzio-ezoterikus\/charaka\/#webpage","url":"https:\/\/amnromania.ro\/hu\/ayurveda\/dimenzio-ezoterikus\/charaka\/","name":"Charaka | AMN Ayurveda ROM\u00c2NIA","description":"Charaka este autorul celui mai important text secret de Ayurveda, cunoscut sub numele de \u201eCharaka-samhita\u201d, care este totodat\u0103 \u015fi cel mai vechi tratat de vindecare din India.","inLanguage":"hu-HU","isPartOf":{"@id":"https:\/\/amnromania.ro\/hu\/#website"},"breadcrumb":{"@id":"https:\/\/amnromania.ro\/hu\/ayurveda\/dimenzio-ezoterikus\/charaka\/#breadcrumblist"},"datePublished":"2020-11-06T14:02:06+02:00","dateModified":"2020-11-07T00:18:58+02:00"},{"@type":"WebSite","@id":"https:\/\/amnromania.ro\/hu\/#website","url":"https:\/\/amnromania.ro\/hu\/","name":"AMN Ayurveda ROM\u00c2NIA","description":"Asociatia Nationala pentru Promovarea Medicinelor Neconventionale","inLanguage":"hu-HU","publisher":{"@id":"https:\/\/amnromania.ro\/hu\/#organization"}}]}},"aioseo_meta_data":{"post_id":"2901","title":null,"description":"Charaka este autorul celui mai important text secret de Ayurveda, cunoscut sub numele de \u201eCharaka-samhita\u201d, care este totodat\u0103 \u015fi cel mai vechi tratat de vindecare din India.","keywords":null,"keyphrases":null,"primary_term":null,"canonical_url":null,"og_title":null,"og_description":null,"og_object_type":"default","og_image_type":"default","og_image_url":null,"og_image_width":null,"og_image_height":null,"og_image_custom_url":null,"og_image_custom_fields":null,"og_video":null,"og_custom_url":null,"og_article_section":null,"og_article_tags":null,"twitter_use_og":false,"twitter_card":"default","twitter_image_type":"default","twitter_image_url":null,"twitter_image_custom_url":null,"twitter_image_custom_fields":null,"twitter_title":null,"twitter_description":null,"schema":{"blockGraphs":[],"customGraphs":[],"default":{"data":{"Article":[],"Course":[],"Dataset":[],"FAQPage":[],"Movie":[],"Person":[],"Product":[],"Recipe":[],"Service":[],"SoftwareApplication":[],"WebPage":[]},"graphName":"WebPage","isEnabled":true},"graphs":[]},"schema_type":null,"schema_type_options":null,"pillar_content":false,"robots_default":true,"robots_noindex":false,"robots_noarchive":false,"robots_nosnippet":false,"robots_nofollow":false,"robots_noimageindex":false,"robots_noodp":false,"robots_notranslate":false,"robots_max_snippet":null,"robots_max_videopreview":null,"robots_max_imagepreview":"large","priority":null,"frequency":null,"local_seo":null,"limit_modified_date":false,"open_ai":null,"created":"2020-12-21 07:24:50","updated":"2024-01-28 10:51:30"},"aioseo_breadcrumb":"<div class=\"aioseo-breadcrumbs\"><span class=\"aioseo-breadcrumb\">\n\t<a href=\"https:\/\/amnromania.ro\/hu\" title=\"Home\">Home<\/a>\n<\/span><span class=\"aioseo-breadcrumb-separator\">&raquo;<\/span><span class=\"aioseo-breadcrumb\">\n\t<a href=\"https:\/\/amnromania.ro\/hu\/ayurveda\/\" title=\"Ayurveda\">Ayurveda<\/a>\n<\/span><span class=\"aioseo-breadcrumb-separator\">&raquo;<\/span><span class=\"aioseo-breadcrumb\">\n\t<a href=\"https:\/\/amnromania.ro\/hu\/ayurveda\/dimenzio-ezoterikus\/\" title=\"Dimensiunea esoterica\">Dimensiunea esoterica<\/a>\n<\/span><span class=\"aioseo-breadcrumb-separator\">&raquo;<\/span><span class=\"aioseo-breadcrumb\">\n\tCharaka\n<\/span><\/div>","aioseo_breadcrumb_json":[{"label":"Home","link":"https:\/\/amnromania.ro\/hu"},{"label":"Ayurveda","link":"https:\/\/amnromania.ro\/hu\/ayurveda\/"},{"label":"Dimensiunea esoterica","link":"https:\/\/amnromania.ro\/hu\/ayurveda\/dimenzio-ezoterikus\/"},{"label":"Charaka","link":"https:\/\/amnromania.ro\/hu\/ayurveda\/dimenzio-ezoterikus\/charaka\/"}],"_links":{"self":[{"href":"https:\/\/amnromania.ro\/hu\/wp-json\/wp\/v2\/pages\/2901","targetHints":{"allow":["GET"]}}],"collection":[{"href":"https:\/\/amnromania.ro\/hu\/wp-json\/wp\/v2\/pages"}],"about":[{"href":"https:\/\/amnromania.ro\/hu\/wp-json\/wp\/v2\/types\/page"}],"author":[{"embeddable":true,"href":"https:\/\/amnromania.ro\/hu\/wp-json\/wp\/v2\/users\/1"}],"replies":[{"embeddable":true,"href":"https:\/\/amnromania.ro\/hu\/wp-json\/wp\/v2\/comments?post=2901"}],"version-history":[{"count":0,"href":"https:\/\/amnromania.ro\/hu\/wp-json\/wp\/v2\/pages\/2901\/revisions"}],"up":[{"embeddable":true,"href":"https:\/\/amnromania.ro\/hu\/wp-json\/wp\/v2\/pages\/1999"}],"wp:attachment":[{"href":"https:\/\/amnromania.ro\/hu\/wp-json\/wp\/v2\/media?parent=2901"}],"curies":[{"name":"wp","href":"https:\/\/api.w.org\/{rel}","templated":true}]}}