{"id":2408,"date":"2020-11-05T21:01:41","date_gmt":"2020-11-05T21:01:41","guid":{"rendered":"https:\/\/amnromania.ro\/?page_id=2408"},"modified":"2020-11-08T19:18:10","modified_gmt":"2020-11-08T19:18:10","slug":"kromoterapia","status":"publish","type":"page","link":"https:\/\/amnromania.ro\/hu\/mezok\/kromoterapia\/","title":{"rendered":"Kromoter\u00e1pia"},"content":{"rendered":"<div data-elementor-type=\"wp-page\" data-elementor-id=\"2408\" class=\"elementor elementor-2408\" data-elementor-post-type=\"page\">\n\t\t\t\t\t\t<section class=\"elementor-section elementor-top-section elementor-element elementor-element-d0ac621 elementor-section-boxed elementor-section-height-default elementor-section-height-default\" data-id=\"d0ac621\" data-element_type=\"section\">\n\t\t\t\t\t\t<div class=\"elementor-container elementor-column-gap-default\">\n\t\t\t\t\t<div class=\"elementor-column elementor-col-50 elementor-top-column elementor-element elementor-element-20b84c2\" data-id=\"20b84c2\" data-element_type=\"column\">\n\t\t\t<div class=\"elementor-widget-wrap elementor-element-populated\">\n\t\t\t\t\t\t<div class=\"elementor-element elementor-element-102297e elementor-nav-menu__align-start elementor-nav-menu__text-align-center elementor-nav-menu--dropdown-tablet elementor-nav-menu--toggle elementor-nav-menu--burger elementor-widget elementor-widget-global elementor-global-2418 elementor-widget-nav-menu\" data-id=\"102297e\" data-element_type=\"widget\" data-settings=\"{&quot;layout&quot;:&quot;vertical&quot;,&quot;submenu_icon&quot;:{&quot;value&quot;:&quot;fas fa-caret-down&quot;,&quot;library&quot;:&quot;fa-solid&quot;},&quot;toggle&quot;:&quot;burger&quot;}\" data-widget_type=\"nav-menu.default\">\n\t\t\t\t<div class=\"elementor-widget-container\">\n\t\t\t\t\t\t\t\t<nav aria-label=\"Men\u00fc\" class=\"elementor-nav-menu--main elementor-nav-menu__container elementor-nav-menu--layout-vertical e--pointer-background e--animation-fade\">\n\t\t\t\t<ul id=\"menu-1-102297e\" class=\"elementor-nav-menu sm-vertical\"><li class=\"menu-item menu-item-type-post_type menu-item-object-page menu-item-2414\"><a href=\"https:\/\/amnromania.ro\/hu\/mezok\/aromaterapia-2\/\" class=\"elementor-item\">Aromater\u00e1pia<\/a><\/li>\n<li class=\"menu-item menu-item-type-post_type menu-item-object-page menu-item-3268\"><a href=\"https:\/\/amnromania.ro\/hu\/mezok\/apiterapia\/\" class=\"elementor-item\">Apiter\u00e1pia<\/a><\/li>\n<li class=\"menu-item menu-item-type-post_type menu-item-object-page menu-item-2412\"><a href=\"https:\/\/amnromania.ro\/hu\/mezok\/kristalyterapia\/\" class=\"elementor-item\">Krist\u00e1ly ter\u00e1pia<\/a><\/li>\n<li class=\"menu-item menu-item-type-post_type menu-item-object-page menu-item-2413\"><a href=\"https:\/\/amnromania.ro\/hu\/mezok\/kromoterapia\/\" class=\"elementor-item\">Kromoter\u00e1pia<\/a><\/li>\n<li class=\"menu-item menu-item-type-post_type menu-item-object-page menu-item-3269\"><a href=\"https:\/\/amnromania.ro\/hu\/mezok\/dermoterapia\/\" class=\"elementor-item\">Dermoter\u00e1pia<\/a><\/li>\n<li class=\"menu-item menu-item-type-post_type menu-item-object-page menu-item-3267\"><a href=\"https:\/\/amnromania.ro\/hu\/mezok\/dietas-kezeles\/\" class=\"elementor-item\">Dietoter\u00e1pia<\/a><\/li>\n<li class=\"menu-item menu-item-type-post_type menu-item-object-page menu-item-3266\"><a href=\"https:\/\/amnromania.ro\/hu\/mezok\/fitoterapia\/\" class=\"elementor-item\">Fitoter\u00e1pia<\/a><\/li>\n<li class=\"menu-item menu-item-type-post_type menu-item-object-page menu-item-3265\"><a href=\"https:\/\/amnromania.ro\/hu\/mezok\/floriterapia\/\" class=\"elementor-item\">Floritherapy<\/a><\/li>\n<li class=\"menu-item menu-item-type-post_type menu-item-object-page menu-item-3264\"><a href=\"https:\/\/amnromania.ro\/hu\/mezok\/hidroterapia\/\" class=\"elementor-item\">Hidroter\u00e1pia<\/a><\/li>\n<li class=\"menu-item menu-item-type-post_type menu-item-object-page menu-item-3263\"><a href=\"https:\/\/amnromania.ro\/hu\/mezok\/idojaras-terapia\/\" class=\"elementor-item\">Meteoroter\u00e1pia<\/a><\/li>\n<li class=\"menu-item menu-item-type-post_type menu-item-object-page menu-item-3262\"><a href=\"https:\/\/amnromania.ro\/hu\/mezok\/zeneterapia\/\" class=\"elementor-item\">Zeneter\u00e1pia<\/a><\/li>\n<li class=\"menu-item menu-item-type-post_type menu-item-object-page menu-item-3261\"><a href=\"https:\/\/amnromania.ro\/hu\/mezok\/pszichoterapia\/\" class=\"elementor-item\">Pszichoter\u00e1pia<\/a><\/li>\n<li class=\"menu-item menu-item-type-post_type menu-item-object-page menu-item-3260\"><a href=\"https:\/\/amnromania.ro\/hu\/mezok\/termoterapia\/\" class=\"elementor-item\">Termoter\u00e1pia<\/a><\/li>\n<li class=\"menu-item menu-item-type-post_type menu-item-object-page menu-item-3259\"><a href=\"https:\/\/amnromania.ro\/hu\/mezok\/humorterapia\/\" class=\"elementor-item\">Humor ter\u00e1pia<\/a><\/li>\n<\/ul>\t\t\t<\/nav>\n\t\t\t\t\t<div class=\"elementor-menu-toggle\" role=\"button\" tabindex=\"0\" aria-label=\"Toggle men\u00fc\" aria-expanded=\"false\">\n\t\t\t<i aria-hidden=\"true\" role=\"presentation\" class=\"elementor-menu-toggle__icon--open eicon-menu-bar\"><\/i><i aria-hidden=\"true\" role=\"presentation\" class=\"elementor-menu-toggle__icon--close eicon-close\"><\/i>\t\t<\/div>\n\t\t\t\t\t<nav class=\"elementor-nav-menu--dropdown elementor-nav-menu__container\" aria-hidden=\"true\">\n\t\t\t\t<ul id=\"menu-2-102297e\" class=\"elementor-nav-menu sm-vertical\"><li class=\"menu-item menu-item-type-post_type menu-item-object-page menu-item-2414\"><a href=\"https:\/\/amnromania.ro\/hu\/mezok\/aromaterapia-2\/\" class=\"elementor-item\" tabindex=\"-1\">Aromater\u00e1pia<\/a><\/li>\n<li class=\"menu-item menu-item-type-post_type menu-item-object-page menu-item-3268\"><a href=\"https:\/\/amnromania.ro\/hu\/mezok\/apiterapia\/\" class=\"elementor-item\" tabindex=\"-1\">Apiter\u00e1pia<\/a><\/li>\n<li class=\"menu-item menu-item-type-post_type menu-item-object-page menu-item-2412\"><a href=\"https:\/\/amnromania.ro\/hu\/mezok\/kristalyterapia\/\" class=\"elementor-item\" tabindex=\"-1\">Krist\u00e1ly ter\u00e1pia<\/a><\/li>\n<li class=\"menu-item menu-item-type-post_type menu-item-object-page menu-item-2413\"><a href=\"https:\/\/amnromania.ro\/hu\/mezok\/kromoterapia\/\" class=\"elementor-item\" tabindex=\"-1\">Kromoter\u00e1pia<\/a><\/li>\n<li class=\"menu-item menu-item-type-post_type menu-item-object-page menu-item-3269\"><a href=\"https:\/\/amnromania.ro\/hu\/mezok\/dermoterapia\/\" class=\"elementor-item\" tabindex=\"-1\">Dermoter\u00e1pia<\/a><\/li>\n<li class=\"menu-item menu-item-type-post_type menu-item-object-page menu-item-3267\"><a href=\"https:\/\/amnromania.ro\/hu\/mezok\/dietas-kezeles\/\" class=\"elementor-item\" tabindex=\"-1\">Dietoter\u00e1pia<\/a><\/li>\n<li class=\"menu-item menu-item-type-post_type menu-item-object-page menu-item-3266\"><a href=\"https:\/\/amnromania.ro\/hu\/mezok\/fitoterapia\/\" class=\"elementor-item\" tabindex=\"-1\">Fitoter\u00e1pia<\/a><\/li>\n<li class=\"menu-item menu-item-type-post_type menu-item-object-page menu-item-3265\"><a href=\"https:\/\/amnromania.ro\/hu\/mezok\/floriterapia\/\" class=\"elementor-item\" tabindex=\"-1\">Floritherapy<\/a><\/li>\n<li class=\"menu-item menu-item-type-post_type menu-item-object-page menu-item-3264\"><a href=\"https:\/\/amnromania.ro\/hu\/mezok\/hidroterapia\/\" class=\"elementor-item\" tabindex=\"-1\">Hidroter\u00e1pia<\/a><\/li>\n<li class=\"menu-item menu-item-type-post_type menu-item-object-page menu-item-3263\"><a href=\"https:\/\/amnromania.ro\/hu\/mezok\/idojaras-terapia\/\" class=\"elementor-item\" tabindex=\"-1\">Meteoroter\u00e1pia<\/a><\/li>\n<li class=\"menu-item menu-item-type-post_type menu-item-object-page menu-item-3262\"><a href=\"https:\/\/amnromania.ro\/hu\/mezok\/zeneterapia\/\" class=\"elementor-item\" tabindex=\"-1\">Zeneter\u00e1pia<\/a><\/li>\n<li class=\"menu-item menu-item-type-post_type menu-item-object-page menu-item-3261\"><a href=\"https:\/\/amnromania.ro\/hu\/mezok\/pszichoterapia\/\" class=\"elementor-item\" tabindex=\"-1\">Pszichoter\u00e1pia<\/a><\/li>\n<li class=\"menu-item menu-item-type-post_type menu-item-object-page menu-item-3260\"><a href=\"https:\/\/amnromania.ro\/hu\/mezok\/termoterapia\/\" class=\"elementor-item\" tabindex=\"-1\">Termoter\u00e1pia<\/a><\/li>\n<li class=\"menu-item menu-item-type-post_type menu-item-object-page menu-item-3259\"><a href=\"https:\/\/amnromania.ro\/hu\/mezok\/humorterapia\/\" class=\"elementor-item\" tabindex=\"-1\">Humor ter\u00e1pia<\/a><\/li>\n<\/ul>\t\t\t<\/nav>\n\t\t\t\t\t\t<\/div>\n\t\t\t\t<\/div>\n\t\t\t\t\t<\/div>\n\t\t<\/div>\n\t\t\t\t<div class=\"elementor-column elementor-col-50 elementor-top-column elementor-element elementor-element-c1994e6\" data-id=\"c1994e6\" data-element_type=\"column\">\n\t\t\t<div class=\"elementor-widget-wrap elementor-element-populated\">\n\t\t\t\t\t\t<div class=\"elementor-element elementor-element-b69488c elementor-widget elementor-widget-text-editor\" data-id=\"b69488c\" data-element_type=\"widget\" data-widget_type=\"text-editor.default\">\n\t\t\t\t<div class=\"elementor-widget-container\">\n\t\t\t\t\t\t\t\t\t<div id=\"txt_53\" style=\"text-align: center;\"><strong><span class=\"C-13\" style=\"color: #008000;\"><img fetchpriority=\"high\" decoding=\"async\" class=\"wp-image-4636 size-full aligncenter\" src=\"https:\/\/amnromania.ro\/wp-content\/uploads\/2020\/11\/natural-pigments-hero.jpg\" alt=\"\" width=\"1340\" height=\"880\" srcset=\"https:\/\/amnromania.ro\/wp-content\/uploads\/2020\/11\/natural-pigments-hero.jpg 1340w, https:\/\/amnromania.ro\/wp-content\/uploads\/2020\/11\/natural-pigments-hero-300x197.jpg 300w, https:\/\/amnromania.ro\/wp-content\/uploads\/2020\/11\/natural-pigments-hero-1024x672.jpg 1024w, https:\/\/amnromania.ro\/wp-content\/uploads\/2020\/11\/natural-pigments-hero-768x504.jpg 768w\" sizes=\"(max-width: 1340px) 100vw, 1340px\" \/><\/span><\/strong><\/div><div>\u00a0<\/div><div style=\"text-align: center;\"><strong><span class=\"C-13\" style=\"color: #008000;\">KROMOTER\u00c1PIA<\/span><\/strong><\/div><div id=\"txt_50\">\u00a0<\/div><p class=\"Normal P-21\"><span class=\"C-19\">Sz\u00ednszab\u00e1lyok a<wbr \/>a term\u00e9szet eg\u00e9sz\u00e9nek bizonyos jelent\u00e9startalma, \u00e9s sz\u00e1munkra, emberek sz\u00e1m\u00e1ra a sz\u00ednek mag\u00e1val az \u00e9lettel azonosulnak. A sz\u00ednek \u00e9s a bels\u0151 \u00e9let\u00fcnk, a ment\u00e1lis \u00e9s pszichol\u00f3giai \u00e9let\u00fcnk k\u00f6z\u00f6tt bens\u0151s\u00e9ges, l\u00e1thatatlan kapcsolat van.<\/span><\/p><p class=\"Normal P-21\"><span class=\"C-19\">A sz\u00ednek pszichol\u00f3giai hat\u00e1sait az elm\u00falt \u00e9vekben sz\u00e1mos szakember bizony\u00edtotta. \u00cdgy a piros akt\u00edv, dinamikus sz\u00edn, lelkesed\u00e9st kelt, a narancss\u00e1rga vid\u00e1ms\u00e1got \u00e9s j\u00f3 kedvet \u00e9breszt, a z\u00f6ld nyugtat\u00f3 hat\u00e1s\u00fa, a s\u00f6t\u00e9tsz\u00fcrke szomor\u00fas\u00e1got \u00e9s egyhang\u00fas\u00e1got kelt.<\/span><\/p><p class=\"Normal P-21\"><span class=\"C-19\">A sz\u00ednek gyan\u00fatlan m\u00f3don befoly\u00e1solj\u00e1k fiziol\u00f3gi\u00e1nkat. A pulzus, a v\u00e9rnyom\u00e1s, s\u0151t a testh\u0151m\u00e9rs\u00e9klet is v\u00e1ltozik a sz\u00ednek hat\u00e1s\u00e1ra. A sz\u00ednek vil\u00e1ga hat\u00e1ssal van az \u00f6lt\u00f6zk\u00f6d\u00e9s\u00fcnkre, az \u00e9trend\u00fcnkre, \u00e9s k\u00f6zvetlen\u00fcl r\u00e9szt vesz a bels\u0151\u00e9p\u00edt\u00e9szetben, az \u00e9p\u00edt\u00e9szetben, a formatervez\u00e9sben, az orvostudom\u00e1nyban \u00e9s a tudom\u00e1nyban.<\/span><\/p><p class=\"Normal P-21\"><span class=\"C-19\">Az egyens\u00falyi \u00e1llapot fenntart\u00e1s\u00e1hoz az emberi pszich\u00e9nek sz\u00fcks\u00e9ge van a term\u00e9szet \u00e1ltal k\u00edn\u00e1lt sz\u00edn\u00e1rnyalatok teljes sk\u00e1l\u00e1j\u00e1ra. A sz\u00edneket b\u00f6lcsen haszn\u00e1lhatj\u00e1k azok, akik ismerik hat\u00e1sukat, hogy az \u00f6r\u00f6m, a boldogs\u00e1g, a vid\u00e1ms\u00e1g, a j\u00f3kedv, a humor, a lelkesed\u00e9s vagy a t\u00e1vols\u00e1gtart\u00e1s j\u00f3t\u00e9kony, sztyeppei \u00e1llapot\u00e1t hozz\u00e1k l\u00e9tre.<\/span><\/p><p class=\"Normal P-21\"><span class=\"C-19\">B\u00f6lcsen haszn\u00e1lva a sz\u00ednek seg\u00edthetnek helyre\u00e1ll\u00edtani a felborult energiaegyens\u00falyt. A j\u00f3l megv\u00e1lasztott sz\u00ednek j\u00f3t\u00e9konyan hozz\u00e1j\u00e1rulhatnak a szenved\u0151 ember egyens\u00faly\u00e1nak helyre\u00e1ll\u00edt\u00e1s\u00e1hoz, j\u00f3t\u00e9kony v\u00e1ltoz\u00e1sokat hozva fiziol\u00f3giai, pszichol\u00f3giai \u00e9s ment\u00e1lis szinten.<\/span><\/p>\t\t\t\t\t\t\t\t<\/div>\n\t\t\t\t<\/div>\n\t\t\t\t\t<\/div>\n\t\t<\/div>\n\t\t\t\t\t<\/div>\n\t\t<\/section>\n\t\t\t\t<\/div>","protected":false},"excerpt":{"rendered":"<p>\u00a0KROMOTER\u00c1PIA A sz\u00edn bizonyos \u00e9rtelemben uralja az eg\u00e9sz term\u00e9szetet, \u00e9s sz\u00e1munkra, emberek sz\u00e1m\u00e1ra a sz\u00edneket mag\u00e1val az \u00e9lettel azonos\u00edtjuk. A sz\u00ednek \u00e9s bels\u0151 \u00e9let\u00fcnk, ment\u00e1lis \u00e9s pszichol\u00f3giai \u00e9let\u00fcnk k\u00f6z\u00f6tt bens\u0151s\u00e9ges, l\u00e1thatatlan kapcsolat van. A sz\u00ednek pszichol\u00f3giai hat\u00e1sait az ut\u00f3bbi \u00e9vekben sz\u00e1mos szakember bizony\u00edtotta. \u00cdgy a piros egy akt\u00edv, dinamikus sz\u00edn, amely lelkesed\u00e9st gener\u00e1l, a narancss\u00e1rga [...]<\/p>","protected":false},"author":1,"featured_media":0,"parent":148,"menu_order":0,"comment_status":"closed","ping_status":"closed","template":"","meta":{"_mi_skip_tracking":false,"_analytify_skip_tracking":false,"footnotes":""},"class_list":["post-2408","page","type-page","status-publish","hentry"],"aioseo_notices":[],"aioseo_head":"\n\t\t<!-- All in One SEO Pro 4.7.0 - aioseo.com -->\n\t\t<meta name=\"description\" content=\"Efectele psihologice ale culorilor au fost demonstrate \u00een ultimii ani de mul\u0163i speciali\u015fti. Astfel ro\u015ful este o culoare activ\u0103, dinamic\u0103, gener\u00e2nd entuziasm, portocaliul treze\u015fte veselia \u015fi buna dispozi\u0163ie, verdele are efect calmant, griul \u00eenchis genereaz\u0103 triste\u0163e \u015fi monotonie.\" \/>\n\t\t<meta name=\"robots\" content=\"max-image-preview:large\" \/>\n\t\t<meta name=\"google-site-verification\" content=\"G-391X30D2FS\" \/>\n\t\t<link rel=\"canonical\" href=\"https:\/\/amnromania.ro\/hu\/mezok\/kromoterapia\/\" \/>\n\t\t<meta name=\"generator\" content=\"All in One SEO Pro (AIOSEO) 4.7.0\" \/>\n\t\t<meta property=\"og:locale\" content=\"hu_HU\" \/>\n\t\t<meta property=\"og:site_name\" content=\"AMN Ayurveda ROM\u00c2NIA | Asociatia Nationala pentru Promovarea Medicinelor Neconventionale\" \/>\n\t\t<meta property=\"og:type\" content=\"article\" \/>\n\t\t<meta property=\"og:title\" content=\"Cromoterapie | AMN Ayurveda ROM\u00c2NIA\" \/>\n\t\t<meta property=\"og:description\" content=\"Efectele psihologice ale culorilor au fost demonstrate \u00een ultimii ani de mul\u0163i speciali\u015fti. Astfel ro\u015ful este o culoare activ\u0103, dinamic\u0103, gener\u00e2nd entuziasm, portocaliul treze\u015fte veselia \u015fi buna dispozi\u0163ie, verdele are efect calmant, griul \u00eenchis genereaz\u0103 triste\u0163e \u015fi monotonie.\" \/>\n\t\t<meta property=\"og:url\" content=\"https:\/\/amnromania.ro\/hu\/mezok\/kromoterapia\/\" \/>\n\t\t<meta property=\"og:image\" content=\"https:\/\/amnromania.ro\/ynorsyju\/2021\/06\/Ayurveda-in-Romania-Vol.-2-Ro.jpg\" \/>\n\t\t<meta property=\"og:image:secure_url\" content=\"https:\/\/amnromania.ro\/ynorsyju\/2021\/06\/Ayurveda-in-Romania-Vol.-2-Ro.jpg\" \/>\n\t\t<meta property=\"article:published_time\" content=\"2020-11-05T21:01:41+00:00\" \/>\n\t\t<meta property=\"article:modified_time\" content=\"2020-11-08T19:18:10+00:00\" \/>\n\t\t<meta property=\"article:publisher\" content=\"https:\/\/www.facebook.com\/AMNRomania\" \/>\n\t\t<script type=\"application\/ld+json\" class=\"aioseo-schema\">\n\t\t\t{\"@context\":\"https:\\\/\\\/schema.org\",\"@graph\":[{\"@type\":\"BreadcrumbList\",\"@id\":\"https:\\\/\\\/amnromania.ro\\\/hu\\\/mezok\\\/kromoterapia\\\/#breadcrumblist\",\"itemListElement\":[{\"@type\":\"ListItem\",\"@id\":\"https:\\\/\\\/amnromania.ro\\\/hu\\\/#listItem\",\"position\":1,\"name\":\"Home\",\"item\":\"https:\\\/\\\/amnromania.ro\\\/hu\\\/\",\"nextItem\":\"https:\\\/\\\/amnromania.ro\\\/hu\\\/mezok\\\/#listItem\"},{\"@type\":\"ListItem\",\"@id\":\"https:\\\/\\\/amnromania.ro\\\/hu\\\/mezok\\\/#listItem\",\"position\":2,\"name\":\"Domenii\",\"item\":\"https:\\\/\\\/amnromania.ro\\\/hu\\\/mezok\\\/\",\"nextItem\":\"https:\\\/\\\/amnromania.ro\\\/hu\\\/mezok\\\/kromoterapia\\\/#listItem\",\"previousItem\":\"https:\\\/\\\/amnromania.ro\\\/hu\\\/#listItem\"},{\"@type\":\"ListItem\",\"@id\":\"https:\\\/\\\/amnromania.ro\\\/hu\\\/mezok\\\/kromoterapia\\\/#listItem\",\"position\":3,\"name\":\"Cromoterapie\",\"previousItem\":\"https:\\\/\\\/amnromania.ro\\\/hu\\\/mezok\\\/#listItem\"}]},{\"@type\":\"Organization\",\"@id\":\"https:\\\/\\\/amnromania.ro\\\/hu\\\/#organization\",\"name\":\"AMN Ayurveda Romania\",\"url\":\"https:\\\/\\\/amnromania.ro\\\/hu\\\/\",\"logo\":{\"@type\":\"ImageObject\",\"url\":\"https:\\\/\\\/amnromania.ro\\\/ynorsyju\\\/2020\\\/10\\\/amn.png\",\"@id\":\"https:\\\/\\\/amnromania.ro\\\/hu\\\/mezok\\\/kromoterapia\\\/#organizationLogo\"},\"image\":{\"@id\":\"https:\\\/\\\/amnromania.ro\\\/hu\\\/mezok\\\/kromoterapia\\\/#organizationLogo\"},\"sameAs\":[\"https:\\\/\\\/www.facebook.com\\\/AMNRomania\",\"https:\\\/\\\/www.youtube.com\\\/channel\\\/UClfqKxiq_uZ11rthDIT3-BQ\\\/videos\"]},{\"@type\":\"WebPage\",\"@id\":\"https:\\\/\\\/amnromania.ro\\\/hu\\\/mezok\\\/kromoterapia\\\/#webpage\",\"url\":\"https:\\\/\\\/amnromania.ro\\\/hu\\\/mezok\\\/kromoterapia\\\/\",\"name\":\"Cromoterapie | AMN Ayurveda ROM\\u00c2NIA\",\"description\":\"Efectele psihologice ale culorilor au fost demonstrate \\u00een ultimii ani de mul\\u0163i speciali\\u015fti. Astfel ro\\u015ful este o culoare activ\\u0103, dinamic\\u0103, gener\\u00e2nd entuziasm, portocaliul treze\\u015fte veselia \\u015fi buna dispozi\\u0163ie, verdele are efect calmant, griul \\u00eenchis genereaz\\u0103 triste\\u0163e \\u015fi monotonie.\",\"inLanguage\":\"hu-HU\",\"isPartOf\":{\"@id\":\"https:\\\/\\\/amnromania.ro\\\/hu\\\/#website\"},\"breadcrumb\":{\"@id\":\"https:\\\/\\\/amnromania.ro\\\/hu\\\/mezok\\\/kromoterapia\\\/#breadcrumblist\"},\"datePublished\":\"2020-11-05T21:01:41+02:00\",\"dateModified\":\"2020-11-08T19:18:10+02:00\"},{\"@type\":\"WebSite\",\"@id\":\"https:\\\/\\\/amnromania.ro\\\/hu\\\/#website\",\"url\":\"https:\\\/\\\/amnromania.ro\\\/hu\\\/\",\"name\":\"AMN Ayurveda ROM\\u00c2NIA\",\"description\":\"Asociatia Nationala pentru Promovarea Medicinelor Neconventionale\",\"inLanguage\":\"hu-HU\",\"publisher\":{\"@id\":\"https:\\\/\\\/amnromania.ro\\\/hu\\\/#organization\"}}]}\n\t\t<\/script>\n\t\t<!-- All in One SEO Pro -->\r\n\t\t<title>Cromoterapie | AMN Ayurveda ROM\u00c2NIA<\/title>\n\n","aioseo_head_json":{"title":"Cromoterapie | AMN Ayurveda ROM\u00c2NIA","description":"Efectele psihologice ale culorilor au fost demonstrate \u00een ultimii ani de mul\u0163i speciali\u015fti. Astfel ro\u015ful este o culoare activ\u0103, dinamic\u0103, gener\u00e2nd entuziasm, portocaliul treze\u015fte veselia \u015fi buna dispozi\u0163ie, verdele are efect calmant, griul \u00eenchis genereaz\u0103 triste\u0163e \u015fi monotonie.","canonical_url":"https:\/\/amnromania.ro\/hu\/mezok\/kromoterapia\/","robots":"max-image-preview:large","keywords":"","webmasterTools":{"google-site-verification":"G-391X30D2FS","miscellaneous":""},"og:locale":"hu_HU","og:site_name":"AMN Ayurveda ROM\u00c2NIA | Asociatia Nationala pentru Promovarea Medicinelor Neconventionale","og:type":"article","og:title":"Cromoterapie | AMN Ayurveda ROM\u00c2NIA","og:description":"Efectele psihologice ale culorilor au fost demonstrate \u00een ultimii ani de mul\u0163i speciali\u015fti. Astfel ro\u015ful este o culoare activ\u0103, dinamic\u0103, gener\u00e2nd entuziasm, portocaliul treze\u015fte veselia \u015fi buna dispozi\u0163ie, verdele are efect calmant, griul \u00eenchis genereaz\u0103 triste\u0163e \u015fi monotonie.","og:url":"https:\/\/amnromania.ro\/hu\/mezok\/kromoterapia\/","og:image":"https:\/\/amnromania.ro\/ynorsyju\/2021\/06\/Ayurveda-in-Romania-Vol.-2-Ro.jpg","og:image:secure_url":"https:\/\/amnromania.ro\/ynorsyju\/2021\/06\/Ayurveda-in-Romania-Vol.-2-Ro.jpg","article:published_time":"2020-11-05T21:01:41+00:00","article:modified_time":"2020-11-08T19:18:10+00:00","article:publisher":"https:\/\/www.facebook.com\/AMNRomania","schema":{"@context":"https:\/\/schema.org","@graph":[{"@type":"BreadcrumbList","@id":"https:\/\/amnromania.ro\/hu\/mezok\/kromoterapia\/#breadcrumblist","itemListElement":[{"@type":"ListItem","@id":"https:\/\/amnromania.ro\/hu\/#listItem","position":1,"name":"Home","item":"https:\/\/amnromania.ro\/hu\/","nextItem":"https:\/\/amnromania.ro\/hu\/mezok\/#listItem"},{"@type":"ListItem","@id":"https:\/\/amnromania.ro\/hu\/mezok\/#listItem","position":2,"name":"Domenii","item":"https:\/\/amnromania.ro\/hu\/mezok\/","nextItem":"https:\/\/amnromania.ro\/hu\/mezok\/kromoterapia\/#listItem","previousItem":"https:\/\/amnromania.ro\/hu\/#listItem"},{"@type":"ListItem","@id":"https:\/\/amnromania.ro\/hu\/mezok\/kromoterapia\/#listItem","position":3,"name":"Cromoterapie","previousItem":"https:\/\/amnromania.ro\/hu\/mezok\/#listItem"}]},{"@type":"Organization","@id":"https:\/\/amnromania.ro\/hu\/#organization","name":"AMN Ayurveda Romania","url":"https:\/\/amnromania.ro\/hu\/","logo":{"@type":"ImageObject","url":"https:\/\/amnromania.ro\/ynorsyju\/2020\/10\/amn.png","@id":"https:\/\/amnromania.ro\/hu\/mezok\/kromoterapia\/#organizationLogo"},"image":{"@id":"https:\/\/amnromania.ro\/hu\/mezok\/kromoterapia\/#organizationLogo"},"sameAs":["https:\/\/www.facebook.com\/AMNRomania","https:\/\/www.youtube.com\/channel\/UClfqKxiq_uZ11rthDIT3-BQ\/videos"]},{"@type":"WebPage","@id":"https:\/\/amnromania.ro\/hu\/mezok\/kromoterapia\/#webpage","url":"https:\/\/amnromania.ro\/hu\/mezok\/kromoterapia\/","name":"Cromoterapie | AMN Ayurveda ROM\u00c2NIA","description":"Efectele psihologice ale culorilor au fost demonstrate \u00een ultimii ani de mul\u0163i speciali\u015fti. Astfel ro\u015ful este o culoare activ\u0103, dinamic\u0103, gener\u00e2nd entuziasm, portocaliul treze\u015fte veselia \u015fi buna dispozi\u0163ie, verdele are efect calmant, griul \u00eenchis genereaz\u0103 triste\u0163e \u015fi monotonie.","inLanguage":"hu-HU","isPartOf":{"@id":"https:\/\/amnromania.ro\/hu\/#website"},"breadcrumb":{"@id":"https:\/\/amnromania.ro\/hu\/mezok\/kromoterapia\/#breadcrumblist"},"datePublished":"2020-11-05T21:01:41+02:00","dateModified":"2020-11-08T19:18:10+02:00"},{"@type":"WebSite","@id":"https:\/\/amnromania.ro\/hu\/#website","url":"https:\/\/amnromania.ro\/hu\/","name":"AMN Ayurveda ROM\u00c2NIA","description":"Asociatia Nationala pentru Promovarea Medicinelor Neconventionale","inLanguage":"hu-HU","publisher":{"@id":"https:\/\/amnromania.ro\/hu\/#organization"}}]}},"aioseo_meta_data":{"post_id":"2408","title":null,"description":"Efectele psihologice ale culorilor au fost demonstrate \u00een ultimii ani de mul\u0163i speciali\u015fti. Astfel ro\u015ful este o culoare activ\u0103, dinamic\u0103, gener\u00e2nd entuziasm, portocaliul treze\u015fte veselia \u015fi buna dispozi\u0163ie, verdele are efect calmant, griul \u00eenchis genereaz\u0103 triste\u0163e \u015fi monotonie.","keywords":null,"keyphrases":null,"primary_term":null,"canonical_url":null,"og_title":null,"og_description":null,"og_object_type":"default","og_image_type":"default","og_image_url":null,"og_image_width":null,"og_image_height":null,"og_image_custom_url":null,"og_image_custom_fields":null,"og_video":null,"og_custom_url":null,"og_article_section":null,"og_article_tags":null,"twitter_use_og":false,"twitter_card":"default","twitter_image_type":"default","twitter_image_url":null,"twitter_image_custom_url":null,"twitter_image_custom_fields":null,"twitter_title":null,"twitter_description":null,"schema":{"blockGraphs":[],"customGraphs":[],"default":{"data":{"Article":[],"Course":[],"Dataset":[],"FAQPage":[],"Movie":[],"Person":[],"Product":[],"Recipe":[],"Service":[],"SoftwareApplication":[],"WebPage":[]},"graphName":"WebPage","isEnabled":true},"graphs":[]},"schema_type":null,"schema_type_options":null,"pillar_content":false,"robots_default":true,"robots_noindex":false,"robots_noarchive":false,"robots_nosnippet":false,"robots_nofollow":false,"robots_noimageindex":false,"robots_noodp":false,"robots_notranslate":false,"robots_max_snippet":null,"robots_max_videopreview":null,"robots_max_imagepreview":"large","priority":null,"frequency":null,"local_seo":null,"limit_modified_date":false,"open_ai":null,"created":"2020-12-21 07:24:50","updated":"2024-01-28 10:52:43"},"aioseo_breadcrumb":"<div class=\"aioseo-breadcrumbs\"><span class=\"aioseo-breadcrumb\">\n\t<a href=\"https:\/\/amnromania.ro\/hu\" title=\"Home\">Home<\/a>\n<\/span><span class=\"aioseo-breadcrumb-separator\">&raquo;<\/span><span class=\"aioseo-breadcrumb\">\n\t<a href=\"https:\/\/amnromania.ro\/hu\/mezok\/\" title=\"Domenii\">Domenii<\/a>\n<\/span><span class=\"aioseo-breadcrumb-separator\">&raquo;<\/span><span class=\"aioseo-breadcrumb\">\n\tCromoterapie\n<\/span><\/div>","aioseo_breadcrumb_json":[{"label":"Home","link":"https:\/\/amnromania.ro\/hu"},{"label":"Domenii","link":"https:\/\/amnromania.ro\/hu\/mezok\/"},{"label":"Cromoterapie","link":"https:\/\/amnromania.ro\/hu\/mezok\/kromoterapia\/"}],"_links":{"self":[{"href":"https:\/\/amnromania.ro\/hu\/wp-json\/wp\/v2\/pages\/2408","targetHints":{"allow":["GET"]}}],"collection":[{"href":"https:\/\/amnromania.ro\/hu\/wp-json\/wp\/v2\/pages"}],"about":[{"href":"https:\/\/amnromania.ro\/hu\/wp-json\/wp\/v2\/types\/page"}],"author":[{"embeddable":true,"href":"https:\/\/amnromania.ro\/hu\/wp-json\/wp\/v2\/users\/1"}],"replies":[{"embeddable":true,"href":"https:\/\/amnromania.ro\/hu\/wp-json\/wp\/v2\/comments?post=2408"}],"version-history":[{"count":0,"href":"https:\/\/amnromania.ro\/hu\/wp-json\/wp\/v2\/pages\/2408\/revisions"}],"up":[{"embeddable":true,"href":"https:\/\/amnromania.ro\/hu\/wp-json\/wp\/v2\/pages\/148"}],"wp:attachment":[{"href":"https:\/\/amnromania.ro\/hu\/wp-json\/wp\/v2\/media?parent=2408"}],"curies":[{"name":"wp","href":"https:\/\/api.w.org\/{rel}","templated":true}]}}