{"id":2056,"date":"2020-11-05T17:09:30","date_gmt":"2020-11-05T17:09:30","guid":{"rendered":"https:\/\/amnromania.ro\/?page_id=2056"},"modified":"2020-11-08T17:46:53","modified_gmt":"2020-11-08T17:46:53","slug":"how-to","status":"publish","type":"page","link":"https:\/\/amnromania.ro\/hu\/ayurveda\/how-to\/","title":{"rendered":"Gyakorlati int\u00e9zked\u00e9sek"},"content":{"rendered":"<div data-elementor-type=\"wp-page\" data-elementor-id=\"2056\" class=\"elementor elementor-2056\" data-elementor-post-type=\"page\">\n\t\t\t\t\t\t<section class=\"elementor-section elementor-top-section elementor-element elementor-element-639868c elementor-section-boxed elementor-section-height-default elementor-section-height-default\" data-id=\"639868c\" data-element_type=\"section\">\n\t\t\t\t\t\t<div class=\"elementor-container elementor-column-gap-default\">\n\t\t\t\t\t<div class=\"elementor-column elementor-col-50 elementor-top-column elementor-element elementor-element-8b06af1\" data-id=\"8b06af1\" data-element_type=\"column\">\n\t\t\t<div class=\"elementor-widget-wrap elementor-element-populated\">\n\t\t\t\t\t\t<div class=\"elementor-element elementor-element-7942e02 elementor-nav-menu__align-start elementor-nav-menu__text-align-center elementor-nav-menu--dropdown-tablet elementor-nav-menu--toggle elementor-nav-menu--burger elementor-widget elementor-widget-global elementor-global-2579 elementor-widget-nav-menu\" data-id=\"7942e02\" data-element_type=\"widget\" data-settings=\"{&quot;layout&quot;:&quot;vertical&quot;,&quot;submenu_icon&quot;:{&quot;value&quot;:&quot;fas fa-chevron-down&quot;,&quot;library&quot;:&quot;fa-solid&quot;},&quot;toggle&quot;:&quot;burger&quot;}\" data-widget_type=\"nav-menu.default\">\n\t\t\t\t<div class=\"elementor-widget-container\">\n\t\t\t\t\t\t\t\t<nav aria-label=\"Men\u00fc\" class=\"elementor-nav-menu--main elementor-nav-menu__container elementor-nav-menu--layout-vertical e--pointer-background e--animation-fade\">\n\t\t\t\t<ul id=\"menu-1-7942e02\" class=\"elementor-nav-menu sm-vertical\"><li class=\"menu-item menu-item-type-post_type menu-item-object-page menu-item-2034\"><a href=\"https:\/\/amnromania.ro\/hu\/ayurveda\/dimenzio-ezoterikus\/\" class=\"elementor-item\">Az ezoterikus dimenzi\u00f3<\/a><\/li>\n<li class=\"menu-item menu-item-type-post_type menu-item-object-page menu-item-2026\"><a href=\"https:\/\/amnromania.ro\/hu\/ayurveda\/o-life-boldogsag\/\" class=\"elementor-item\">Boldog \u00e9let<\/a><\/li>\n<li class=\"menu-item menu-item-type-post_type menu-item-object-page menu-item-2027\"><a href=\"https:\/\/amnromania.ro\/hu\/ayurveda\/szepseg-noies\/\" class=\"elementor-item\">N\u0151i sz\u00e9ps\u00e9g<\/a><\/li>\n<li class=\"menu-item menu-item-type-post_type menu-item-object-page menu-item-2028\"><a href=\"https:\/\/amnromania.ro\/hu\/ayurveda\/kiegyensulyozott-taplalkozas-az-ajurvedaban\/\" class=\"elementor-item\">Kiegyens\u00falyozott t\u00e1pl\u00e1lkoz\u00e1s az ayurv\u00e9d\u00e1ban<\/a><\/li>\n<li class=\"menu-item menu-item-type-post_type menu-item-object-page menu-item-2029\"><a href=\"https:\/\/amnromania.ro\/hu\/ayurveda\/natural-foods-and-longevity\/\" class=\"elementor-item\">Term\u00e9szetes t\u00e1pl\u00e1lkoz\u00e1s \u00e9s hossz\u00fa \u00e9let<\/a><\/li>\n<li class=\"menu-item menu-item-type-post_type menu-item-object-page menu-item-2030\"><a href=\"https:\/\/amnromania.ro\/hu\/ayurveda\/ayurveda-es-egeszseg\/\" class=\"elementor-item\">Ayurveda \u00e9s eg\u00e9szs\u00e9g<\/a><\/li>\n<li class=\"menu-item menu-item-type-post_type menu-item-object-page menu-item-2031\"><a href=\"https:\/\/amnromania.ro\/hu\/ayurveda\/ayurveda-gyogyito-rendszer\/\" class=\"elementor-item\">Ayurveda - gy\u00f3gy\u00edt\u00f3 rendszer<\/a><\/li>\n<li class=\"menu-item menu-item-type-post_type menu-item-object-page menu-item-2032\"><a href=\"https:\/\/amnromania.ro\/hu\/ayurveda\/egyediseg-perspektiva-ayurvedikus\/\" class=\"elementor-item\">Az ayurv\u00e9dikus szeml\u00e9let egyedis\u00e9ge<\/a><\/li>\n<li class=\"menu-item menu-item-type-post_type menu-item-object-page menu-item-2033\"><a href=\"https:\/\/amnromania.ro\/hu\/ayurveda\/ayurvedikus-tudas\/\" class=\"elementor-item\">Ayurv\u00e9dikus tud\u00e1s<\/a><\/li>\n<li class=\"menu-item menu-item-type-post_type menu-item-object-page menu-item-2058\"><a href=\"https:\/\/amnromania.ro\/hu\/ayurveda\/how-to\/\" class=\"elementor-item\">Gyakorlati int\u00e9zked\u00e9sek<\/a><\/li>\n<\/ul>\t\t\t<\/nav>\n\t\t\t\t\t<div class=\"elementor-menu-toggle\" role=\"button\" tabindex=\"0\" aria-label=\"Toggle men\u00fc\" aria-expanded=\"false\">\n\t\t\t<i aria-hidden=\"true\" role=\"presentation\" class=\"elementor-menu-toggle__icon--open eicon-menu-bar\"><\/i><i aria-hidden=\"true\" role=\"presentation\" class=\"elementor-menu-toggle__icon--close eicon-close\"><\/i>\t\t<\/div>\n\t\t\t\t\t<nav class=\"elementor-nav-menu--dropdown elementor-nav-menu__container\" aria-hidden=\"true\">\n\t\t\t\t<ul id=\"menu-2-7942e02\" class=\"elementor-nav-menu sm-vertical\"><li class=\"menu-item menu-item-type-post_type menu-item-object-page menu-item-2034\"><a href=\"https:\/\/amnromania.ro\/hu\/ayurveda\/dimenzio-ezoterikus\/\" class=\"elementor-item\" tabindex=\"-1\">Az ezoterikus dimenzi\u00f3<\/a><\/li>\n<li class=\"menu-item menu-item-type-post_type menu-item-object-page menu-item-2026\"><a href=\"https:\/\/amnromania.ro\/hu\/ayurveda\/o-life-boldogsag\/\" class=\"elementor-item\" tabindex=\"-1\">Boldog \u00e9let<\/a><\/li>\n<li class=\"menu-item menu-item-type-post_type menu-item-object-page menu-item-2027\"><a href=\"https:\/\/amnromania.ro\/hu\/ayurveda\/szepseg-noies\/\" class=\"elementor-item\" tabindex=\"-1\">N\u0151i sz\u00e9ps\u00e9g<\/a><\/li>\n<li class=\"menu-item menu-item-type-post_type menu-item-object-page menu-item-2028\"><a href=\"https:\/\/amnromania.ro\/hu\/ayurveda\/kiegyensulyozott-taplalkozas-az-ajurvedaban\/\" class=\"elementor-item\" tabindex=\"-1\">Kiegyens\u00falyozott t\u00e1pl\u00e1lkoz\u00e1s az ayurv\u00e9d\u00e1ban<\/a><\/li>\n<li class=\"menu-item menu-item-type-post_type menu-item-object-page menu-item-2029\"><a href=\"https:\/\/amnromania.ro\/hu\/ayurveda\/natural-foods-and-longevity\/\" class=\"elementor-item\" tabindex=\"-1\">Term\u00e9szetes t\u00e1pl\u00e1lkoz\u00e1s \u00e9s hossz\u00fa \u00e9let<\/a><\/li>\n<li class=\"menu-item menu-item-type-post_type menu-item-object-page menu-item-2030\"><a href=\"https:\/\/amnromania.ro\/hu\/ayurveda\/ayurveda-es-egeszseg\/\" class=\"elementor-item\" tabindex=\"-1\">Ayurveda \u00e9s eg\u00e9szs\u00e9g<\/a><\/li>\n<li class=\"menu-item menu-item-type-post_type menu-item-object-page menu-item-2031\"><a href=\"https:\/\/amnromania.ro\/hu\/ayurveda\/ayurveda-gyogyito-rendszer\/\" class=\"elementor-item\" tabindex=\"-1\">Ayurveda - gy\u00f3gy\u00edt\u00f3 rendszer<\/a><\/li>\n<li class=\"menu-item menu-item-type-post_type menu-item-object-page menu-item-2032\"><a href=\"https:\/\/amnromania.ro\/hu\/ayurveda\/egyediseg-perspektiva-ayurvedikus\/\" class=\"elementor-item\" tabindex=\"-1\">Az ayurv\u00e9dikus szeml\u00e9let egyedis\u00e9ge<\/a><\/li>\n<li class=\"menu-item menu-item-type-post_type menu-item-object-page menu-item-2033\"><a href=\"https:\/\/amnromania.ro\/hu\/ayurveda\/ayurvedikus-tudas\/\" class=\"elementor-item\" tabindex=\"-1\">Ayurv\u00e9dikus tud\u00e1s<\/a><\/li>\n<li class=\"menu-item menu-item-type-post_type menu-item-object-page menu-item-2058\"><a href=\"https:\/\/amnromania.ro\/hu\/ayurveda\/how-to\/\" class=\"elementor-item\" tabindex=\"-1\">Gyakorlati int\u00e9zked\u00e9sek<\/a><\/li>\n<\/ul>\t\t\t<\/nav>\n\t\t\t\t\t\t<\/div>\n\t\t\t\t<\/div>\n\t\t\t\t\t<\/div>\n\t\t<\/div>\n\t\t\t\t<div class=\"elementor-column elementor-col-50 elementor-top-column elementor-element elementor-element-58cd236\" data-id=\"58cd236\" data-element_type=\"column\">\n\t\t\t<div class=\"elementor-widget-wrap elementor-element-populated\">\n\t\t\t\t\t\t<div class=\"elementor-element elementor-element-92558a6 elementor-widget elementor-widget-text-editor\" data-id=\"92558a6\" data-element_type=\"widget\" data-widget_type=\"text-editor.default\">\n\t\t\t\t<div class=\"elementor-widget-container\">\n\t\t\t\t\t\t\t\t\t<h1>\u00a0<\/h1><h1 style=\"text-align: center;\"><span style=\"color: #00ccff;\"><strong>Az Ayurveda gyakorlati m\u00f3dszerei<\/strong><\/span><\/h1><p>\u00a0<\/p><h2><span style=\"color: #00ccff;\">Az Ayurveda jellemz\u0151i<\/span><\/h2><p>Az \u00e1jurv\u00e9da az eg\u00e9szs\u00e9gmeg\u0151rz\u00e9s \u00e9s a gy\u00f3gyul\u00e1s nagyon gyakorlatias rendszere. M\u00f3dszerei hozz\u00e1f\u00e9rhet\u0151ek \u00e9s k\u00f6nnyen alkalmazhat\u00f3ak, \u00e9s nem utols\u00f3sorban olcs\u00f3k. Emellett az \u00e1jurv\u00e9dikus tud\u00e1snak objekt\u00edv tartalma van, amelyet csak a k\u00f6zvetlen tapasztalat t\u00e1rhat fel. Az ayurv\u00e9dikus modalit\u00e1sok nem traumatikusak, nem invaz\u00edvak \u00e9s nem zavarj\u00e1k a kezel\u00e9s m\u00e1s form\u00e1it. Szinte b\u00e1rmilyen gy\u00f3gy\u00edt\u00e1si forma hat\u00e1s\u00e1t k\u00e9pesek feler\u0151s\u00edteni, ez\u00e9rt minden probl\u00e9ma \u00e9s mell\u00e9khat\u00e1s n\u00e9lk\u00fcl alkalmazhat\u00f3ak m\u00e1s hagyom\u00e1nyos kezel\u00e9sekkel egy\u00fctt.<\/p><h2><span style=\"color: #00ccff;\">Az ayurv\u00e9dikus elj\u00e1r\u00e1sok t\u00edpusai<\/span><\/h2><p>Ebb\u0151l a szempontb\u00f3l j\u00f3 tudni, hogy az Ayurv\u00e9d\u00e1ban vannak:<\/p><p>1. Ayurv\u00e9dikus elj\u00e1r\u00e1sok, amelyek viszonylag norm\u00e1lis eg\u00e9szs\u00e9gi \u00e1llapotban l\u00e9v\u0151 (nem s\u00falyos betegs\u00e9gben szenved\u0151) emberek sz\u00e1m\u00e1ra javallottak. Ezeknek az elj\u00e1r\u00e1soknak a c\u00e9lja egyr\u00e9szt az, hogy megv\u00e9dj\u00e9k az \u0151ket alkalmaz\u00f3 embert (nem engedve, hogy betegs\u00e9g alakuljon ki), m\u00e1sr\u00e9szt pedig az, hogy seg\u00edts\u00e9k \u0151t egyre harmonikusabb\u00e1 v\u00e1lni.<\/p><p>2. Ayurv\u00e9dikus elj\u00e1r\u00e1sok bizonyos betegs\u00e9gekben szenved\u0151 emberek sz\u00e1m\u00e1ra. Ezeknek az elj\u00e1r\u00e1soknak a c\u00e9lja els\u0151sorban a betegs\u00e9g(ek) megsz\u00fcntet\u00e9se. Az ilyen t\u00edpus\u00fa ayurv\u00e9dikus elj\u00e1r\u00e1sok alkalmaz\u00e1sa alapos ayurv\u00e9dikus ismereteket ig\u00e9nyel.<\/p><h2><span style=\"color: #00ccff;\">Ayurveda c\u00e9lok<\/span><\/h2><p>Mint ismeretes, minden orvostudom\u00e1nynak k\u00e9t c\u00e9lja van: az els\u0151 a betegs\u00e9gek megel\u0151z\u00e9se (bele\u00e9rtve az eg\u00e9szs\u00e9gfejleszt\u00e9st is), a m\u00e1sodik pedig a betegs\u00e9gek kezel\u00e9se a m\u00e1r kialakult betegs\u00e9gek gy\u00f3gy\u00edt\u00e1sa c\u00e9lj\u00e1b\u00f3l. Ezek k\u00f6z\u00fcl az el\u0151bbi mindig jobb \u00e9s el\u0151ny\u00f6sebb, ahogyan sokkal b\u00f6lcsebb t\u00e1vol maradni a s\u00e1rt\u00f3l, mint magunknak lemosni azt.<\/p><p>Sajnos azonban az orvostudom\u00e1ny manaps\u00e1g - mind sokak fej\u00e9ben, mind a gyakorlatban - t\u00f6bbnyire a betegs\u00e9gek gy\u00f3gy\u00edt\u00e1s\u00e1nak tudom\u00e1nya. Ha m\u00e9g nem vagy igaz\u00e1n beteg, a legt\u00f6bbek v\u00e9lem\u00e9nye szerint nincs sz\u00fcks\u00e9ged orvosra. \u00cdgy l\u00e1thatjuk, hogy az emberek m\u00e1ra elvesztett\u00e9k az eg\u00e9szs\u00e9ges \u00e9letm\u00f3d fogalm\u00e1t. A legt\u00f6bb ember \"v\u00e9letlenszer\u0171en\" \u00e9l, \u00e9s amikor valamikor bek\u00f6vetkezik egy betegs\u00e9g (mert a test\u00fcnk nem \"v\u00e9letlenszer\u0171en\" m\u0171k\u00f6dik, hanem mindig nagyon pontos t\u00f6rv\u00e9nyek szerint), azt gyakran a sors igazs\u00e1gtalan csap\u00e1s\u00e1nak, vagy balszerencs\u00e9nek tekintik, \u00e9s nem az elk\u00f6vetett hib\u00e1k term\u00e9szetes k\u00f6vetkezm\u00e9ny\u00e9nek.<\/p><p>Ezen t\u00falmen\u0151en, a m\u00faltban az Ayurveda gyakorl\u00f3j\u00e1t csak akkor tekintett\u00e9k igazi ayurv\u00e9dikusnak, ha az \u00e1ltala gondozottak nem betegedtek meg. Aki az \u00e1jurv\u00e9dikus tud\u00e1st alkalmazni k\u00edv\u00e1nja, az azzal kezdi, hogy tudja, milyen megel\u0151z\u0151 m\u00f3dszerekkel lehet megel\u0151zni a betegs\u00e9geket, \u00e9s ha a betegs\u00e9g m\u00e9gis hajlamos kialakulni, akkor azt kor\u00e1n \"el lehet kapni\", amikor m\u00e9g nem alakult ki a fizikai testben.<\/p><h2><span style=\"color: #00ccff;\">Svasthavritta<\/span><\/h2><p>Az Ayurv\u00e9d\u00e1ban a SVASTHAVRITTA nev\u0171 \u00e1gba tartozik minden olyan megel\u0151z\u0151 elj\u00e1r\u00e1s, amelynek c\u00e9lja az eg\u00e9szs\u00e9g meg\u0151rz\u00e9se \u00e9s a betegs\u00e9gek megel\u0151z\u00e9se.<\/p><p>Az \u00e1jurv\u00e9d\u00e1ban sz\u00e1mos, gyakran megel\u0151z\u00e9sre is haszn\u00e1lt gy\u00f3gy\u00edt\u00f3 m\u00f3dszer l\u00e9tezik, amelyeket alkotm\u00e1nyos t\u00edpust\u00f3l f\u00fcgg\u0151en k\u00fcl\u00f6nb\u00f6z\u0151k\u00e9ppen alkalmaznak.<\/p>\t\t\t\t\t\t\t\t<\/div>\n\t\t\t\t<\/div>\n\t\t\t\t\t<\/div>\n\t\t<\/div>\n\t\t\t\t\t<\/div>\n\t\t<\/section>\n\t\t\t\t<\/div>","protected":false},"excerpt":{"rendered":"<p>\u00a0 Az Ayurveda gyakorlati m\u00f3dszerei Az Ayurveda az eg\u00e9szs\u00e9gmeg\u0151rz\u00e9s \u00e9s a gy\u00f3gyul\u00e1s nagyon gyakorlatias rendszere. M\u00f3dszerei hozz\u00e1f\u00e9rhet\u0151ek \u00e9s k\u00f6nnyen alkalmazhat\u00f3ak, \u00e9s nem utols\u00f3sorban olcs\u00f3ak. Emellett az \u00e1jurv\u00e9dikus tud\u00e1snak objekt\u00edv tartalma van, amelyet csak a k\u00f6zvetlen tapasztalat t\u00e1rhat fel. Az ayurv\u00e9dikus gyakorlati m\u00f3dok nem traum\u00e1s, nem invaz\u00edv [...]<\/p>","protected":false},"author":1,"featured_media":0,"parent":114,"menu_order":0,"comment_status":"closed","ping_status":"closed","template":"","meta":{"_mi_skip_tracking":false,"_analytify_skip_tracking":false,"footnotes":""},"class_list":["post-2056","page","type-page","status-publish","hentry"],"aioseo_notices":[],"aioseo_head":"\n\t\t<!-- All in One SEO Pro 4.7.0 - aioseo.com -->\n\t\t<meta name=\"description\" content=\"Ayurveda este un sistem foarte practic de ocrotire \u015fi recuperare a s\u0103n\u0103t\u0103\u0163ii. Modalit\u0103\u0163ile sale sunt accesibile \u015fi u\u015for aplicabile \u015fi nu \u00een ultimul r\u00e2nd, ieftine.\" \/>\n\t\t<meta name=\"robots\" content=\"max-image-preview:large\" \/>\n\t\t<meta name=\"google-site-verification\" content=\"G-391X30D2FS\" \/>\n\t\t<link rel=\"canonical\" href=\"https:\/\/amnromania.ro\/hu\/ayurveda\/how-to\/\" \/>\n\t\t<meta name=\"generator\" content=\"All in One SEO Pro (AIOSEO) 4.7.0\" \/>\n\t\t<meta property=\"og:locale\" content=\"hu_HU\" \/>\n\t\t<meta property=\"og:site_name\" content=\"AMN Ayurveda ROM\u00c2NIA | Asociatia Nationala pentru Promovarea Medicinelor Neconventionale\" \/>\n\t\t<meta property=\"og:type\" content=\"article\" \/>\n\t\t<meta property=\"og:title\" content=\"Modalitati practice | AMN Ayurveda ROM\u00c2NIA\" \/>\n\t\t<meta property=\"og:description\" content=\"Ayurveda este un sistem foarte practic de ocrotire \u015fi recuperare a s\u0103n\u0103t\u0103\u0163ii. Modalit\u0103\u0163ile sale sunt accesibile \u015fi u\u015for aplicabile \u015fi nu \u00een ultimul r\u00e2nd, ieftine.\" \/>\n\t\t<meta property=\"og:url\" content=\"https:\/\/amnromania.ro\/hu\/ayurveda\/how-to\/\" \/>\n\t\t<meta property=\"og:image\" content=\"https:\/\/amnromania.ro\/ynorsyju\/2021\/06\/Ayurveda-in-Romania-Vol.-2-Ro.jpg\" \/>\n\t\t<meta property=\"og:image:secure_url\" content=\"https:\/\/amnromania.ro\/ynorsyju\/2021\/06\/Ayurveda-in-Romania-Vol.-2-Ro.jpg\" \/>\n\t\t<meta property=\"article:published_time\" content=\"2020-11-05T17:09:30+00:00\" \/>\n\t\t<meta property=\"article:modified_time\" content=\"2020-11-08T17:46:53+00:00\" \/>\n\t\t<meta property=\"article:publisher\" content=\"https:\/\/www.facebook.com\/AMNRomania\" \/>\n\t\t<script type=\"application\/ld+json\" class=\"aioseo-schema\">\n\t\t\t{\"@context\":\"https:\\\/\\\/schema.org\",\"@graph\":[{\"@type\":\"BreadcrumbList\",\"@id\":\"https:\\\/\\\/amnromania.ro\\\/hu\\\/ayurveda\\\/how-to\\\/#breadcrumblist\",\"itemListElement\":[{\"@type\":\"ListItem\",\"@id\":\"https:\\\/\\\/amnromania.ro\\\/hu\\\/#listItem\",\"position\":1,\"name\":\"Home\",\"item\":\"https:\\\/\\\/amnromania.ro\\\/hu\\\/\",\"nextItem\":\"https:\\\/\\\/amnromania.ro\\\/hu\\\/ayurveda\\\/#listItem\"},{\"@type\":\"ListItem\",\"@id\":\"https:\\\/\\\/amnromania.ro\\\/hu\\\/ayurveda\\\/#listItem\",\"position\":2,\"name\":\"Ayurveda\",\"item\":\"https:\\\/\\\/amnromania.ro\\\/hu\\\/ayurveda\\\/\",\"nextItem\":\"https:\\\/\\\/amnromania.ro\\\/hu\\\/ayurveda\\\/how-to\\\/#listItem\",\"previousItem\":\"https:\\\/\\\/amnromania.ro\\\/hu\\\/#listItem\"},{\"@type\":\"ListItem\",\"@id\":\"https:\\\/\\\/amnromania.ro\\\/hu\\\/ayurveda\\\/how-to\\\/#listItem\",\"position\":3,\"name\":\"Modalitati practice\",\"previousItem\":\"https:\\\/\\\/amnromania.ro\\\/hu\\\/ayurveda\\\/#listItem\"}]},{\"@type\":\"Organization\",\"@id\":\"https:\\\/\\\/amnromania.ro\\\/hu\\\/#organization\",\"name\":\"AMN Ayurveda Romania\",\"url\":\"https:\\\/\\\/amnromania.ro\\\/hu\\\/\",\"logo\":{\"@type\":\"ImageObject\",\"url\":\"https:\\\/\\\/amnromania.ro\\\/ynorsyju\\\/2020\\\/10\\\/amn.png\",\"@id\":\"https:\\\/\\\/amnromania.ro\\\/hu\\\/ayurveda\\\/how-to\\\/#organizationLogo\"},\"image\":{\"@id\":\"https:\\\/\\\/amnromania.ro\\\/hu\\\/ayurveda\\\/how-to\\\/#organizationLogo\"},\"sameAs\":[\"https:\\\/\\\/www.facebook.com\\\/AMNRomania\",\"https:\\\/\\\/www.youtube.com\\\/channel\\\/UClfqKxiq_uZ11rthDIT3-BQ\\\/videos\"]},{\"@type\":\"WebPage\",\"@id\":\"https:\\\/\\\/amnromania.ro\\\/hu\\\/ayurveda\\\/how-to\\\/#webpage\",\"url\":\"https:\\\/\\\/amnromania.ro\\\/hu\\\/ayurveda\\\/how-to\\\/\",\"name\":\"Modalitati practice | AMN Ayurveda ROM\\u00c2NIA\",\"description\":\"Ayurveda este un sistem foarte practic de ocrotire \\u015fi recuperare a s\\u0103n\\u0103t\\u0103\\u0163ii. Modalit\\u0103\\u0163ile sale sunt accesibile \\u015fi u\\u015for aplicabile \\u015fi nu \\u00een ultimul r\\u00e2nd, ieftine.\",\"inLanguage\":\"hu-HU\",\"isPartOf\":{\"@id\":\"https:\\\/\\\/amnromania.ro\\\/hu\\\/#website\"},\"breadcrumb\":{\"@id\":\"https:\\\/\\\/amnromania.ro\\\/hu\\\/ayurveda\\\/how-to\\\/#breadcrumblist\"},\"datePublished\":\"2020-11-05T17:09:30+02:00\",\"dateModified\":\"2020-11-08T17:46:53+02:00\"},{\"@type\":\"WebSite\",\"@id\":\"https:\\\/\\\/amnromania.ro\\\/hu\\\/#website\",\"url\":\"https:\\\/\\\/amnromania.ro\\\/hu\\\/\",\"name\":\"AMN Ayurveda ROM\\u00c2NIA\",\"description\":\"Asociatia Nationala pentru Promovarea Medicinelor Neconventionale\",\"inLanguage\":\"hu-HU\",\"publisher\":{\"@id\":\"https:\\\/\\\/amnromania.ro\\\/hu\\\/#organization\"}}]}\n\t\t<\/script>\n\t\t<!-- All in One SEO Pro -->\r\n\t\t<title>Modalitati practice | AMN Ayurveda ROM\u00c2NIA<\/title>\n\n","aioseo_head_json":{"title":"Modalitati practice | AMN Ayurveda ROM\u00c2NIA","description":"Ayurveda este un sistem foarte practic de ocrotire \u015fi recuperare a s\u0103n\u0103t\u0103\u0163ii. Modalit\u0103\u0163ile sale sunt accesibile \u015fi u\u015for aplicabile \u015fi nu \u00een ultimul r\u00e2nd, ieftine.","canonical_url":"https:\/\/amnromania.ro\/hu\/ayurveda\/how-to\/","robots":"max-image-preview:large","keywords":"","webmasterTools":{"google-site-verification":"G-391X30D2FS","miscellaneous":""},"og:locale":"hu_HU","og:site_name":"AMN Ayurveda ROM\u00c2NIA | Asociatia Nationala pentru Promovarea Medicinelor Neconventionale","og:type":"article","og:title":"Modalitati practice | AMN Ayurveda ROM\u00c2NIA","og:description":"Ayurveda este un sistem foarte practic de ocrotire \u015fi recuperare a s\u0103n\u0103t\u0103\u0163ii. Modalit\u0103\u0163ile sale sunt accesibile \u015fi u\u015for aplicabile \u015fi nu \u00een ultimul r\u00e2nd, ieftine.","og:url":"https:\/\/amnromania.ro\/hu\/ayurveda\/how-to\/","og:image":"https:\/\/amnromania.ro\/ynorsyju\/2021\/06\/Ayurveda-in-Romania-Vol.-2-Ro.jpg","og:image:secure_url":"https:\/\/amnromania.ro\/ynorsyju\/2021\/06\/Ayurveda-in-Romania-Vol.-2-Ro.jpg","article:published_time":"2020-11-05T17:09:30+00:00","article:modified_time":"2020-11-08T17:46:53+00:00","article:publisher":"https:\/\/www.facebook.com\/AMNRomania","schema":{"@context":"https:\/\/schema.org","@graph":[{"@type":"BreadcrumbList","@id":"https:\/\/amnromania.ro\/hu\/ayurveda\/how-to\/#breadcrumblist","itemListElement":[{"@type":"ListItem","@id":"https:\/\/amnromania.ro\/hu\/#listItem","position":1,"name":"Home","item":"https:\/\/amnromania.ro\/hu\/","nextItem":"https:\/\/amnromania.ro\/hu\/ayurveda\/#listItem"},{"@type":"ListItem","@id":"https:\/\/amnromania.ro\/hu\/ayurveda\/#listItem","position":2,"name":"Ayurveda","item":"https:\/\/amnromania.ro\/hu\/ayurveda\/","nextItem":"https:\/\/amnromania.ro\/hu\/ayurveda\/how-to\/#listItem","previousItem":"https:\/\/amnromania.ro\/hu\/#listItem"},{"@type":"ListItem","@id":"https:\/\/amnromania.ro\/hu\/ayurveda\/how-to\/#listItem","position":3,"name":"Modalitati practice","previousItem":"https:\/\/amnromania.ro\/hu\/ayurveda\/#listItem"}]},{"@type":"Organization","@id":"https:\/\/amnromania.ro\/hu\/#organization","name":"AMN Ayurveda Romania","url":"https:\/\/amnromania.ro\/hu\/","logo":{"@type":"ImageObject","url":"https:\/\/amnromania.ro\/ynorsyju\/2020\/10\/amn.png","@id":"https:\/\/amnromania.ro\/hu\/ayurveda\/how-to\/#organizationLogo"},"image":{"@id":"https:\/\/amnromania.ro\/hu\/ayurveda\/how-to\/#organizationLogo"},"sameAs":["https:\/\/www.facebook.com\/AMNRomania","https:\/\/www.youtube.com\/channel\/UClfqKxiq_uZ11rthDIT3-BQ\/videos"]},{"@type":"WebPage","@id":"https:\/\/amnromania.ro\/hu\/ayurveda\/how-to\/#webpage","url":"https:\/\/amnromania.ro\/hu\/ayurveda\/how-to\/","name":"Modalitati practice | AMN Ayurveda ROM\u00c2NIA","description":"Ayurveda este un sistem foarte practic de ocrotire \u015fi recuperare a s\u0103n\u0103t\u0103\u0163ii. Modalit\u0103\u0163ile sale sunt accesibile \u015fi u\u015for aplicabile \u015fi nu \u00een ultimul r\u00e2nd, ieftine.","inLanguage":"hu-HU","isPartOf":{"@id":"https:\/\/amnromania.ro\/hu\/#website"},"breadcrumb":{"@id":"https:\/\/amnromania.ro\/hu\/ayurveda\/how-to\/#breadcrumblist"},"datePublished":"2020-11-05T17:09:30+02:00","dateModified":"2020-11-08T17:46:53+02:00"},{"@type":"WebSite","@id":"https:\/\/amnromania.ro\/hu\/#website","url":"https:\/\/amnromania.ro\/hu\/","name":"AMN Ayurveda ROM\u00c2NIA","description":"Asociatia Nationala pentru Promovarea Medicinelor Neconventionale","inLanguage":"hu-HU","publisher":{"@id":"https:\/\/amnromania.ro\/hu\/#organization"}}]}},"aioseo_meta_data":{"post_id":"2056","title":null,"description":"Ayurveda este un sistem foarte practic de ocrotire \u015fi recuperare a s\u0103n\u0103t\u0103\u0163ii. Modalit\u0103\u0163ile sale sunt accesibile \u015fi u\u015for aplicabile \u015fi nu \u00een ultimul r\u00e2nd, ieftine.","keywords":null,"keyphrases":null,"primary_term":null,"canonical_url":null,"og_title":null,"og_description":null,"og_object_type":"default","og_image_type":"default","og_image_url":null,"og_image_width":null,"og_image_height":null,"og_image_custom_url":null,"og_image_custom_fields":null,"og_video":null,"og_custom_url":null,"og_article_section":null,"og_article_tags":null,"twitter_use_og":false,"twitter_card":"default","twitter_image_type":"default","twitter_image_url":null,"twitter_image_custom_url":null,"twitter_image_custom_fields":null,"twitter_title":null,"twitter_description":null,"schema":{"blockGraphs":[],"customGraphs":[],"default":{"data":{"Article":[],"Course":[],"Dataset":[],"FAQPage":[],"Movie":[],"Person":[],"Product":[],"Recipe":[],"Service":[],"SoftwareApplication":[],"WebPage":[]},"graphName":"WebPage","isEnabled":true},"graphs":[]},"schema_type":null,"schema_type_options":null,"pillar_content":false,"robots_default":true,"robots_noindex":false,"robots_noarchive":false,"robots_nosnippet":false,"robots_nofollow":false,"robots_noimageindex":false,"robots_noodp":false,"robots_notranslate":false,"robots_max_snippet":null,"robots_max_videopreview":null,"robots_max_imagepreview":"large","priority":null,"frequency":null,"local_seo":null,"limit_modified_date":false,"open_ai":null,"created":"2020-12-21 07:24:50","updated":"2024-01-28 10:52:43"},"aioseo_breadcrumb":"<div class=\"aioseo-breadcrumbs\"><span class=\"aioseo-breadcrumb\">\n\t<a href=\"https:\/\/amnromania.ro\/hu\" title=\"Home\">Home<\/a>\n<\/span><span class=\"aioseo-breadcrumb-separator\">&raquo;<\/span><span class=\"aioseo-breadcrumb\">\n\t<a href=\"https:\/\/amnromania.ro\/hu\/ayurveda\/\" title=\"Ayurveda\">Ayurveda<\/a>\n<\/span><span class=\"aioseo-breadcrumb-separator\">&raquo;<\/span><span class=\"aioseo-breadcrumb\">\n\tModalitati practice\n<\/span><\/div>","aioseo_breadcrumb_json":[{"label":"Home","link":"https:\/\/amnromania.ro\/hu"},{"label":"Ayurveda","link":"https:\/\/amnromania.ro\/hu\/ayurveda\/"},{"label":"Modalitati practice","link":"https:\/\/amnromania.ro\/hu\/ayurveda\/how-to\/"}],"_links":{"self":[{"href":"https:\/\/amnromania.ro\/hu\/wp-json\/wp\/v2\/pages\/2056","targetHints":{"allow":["GET"]}}],"collection":[{"href":"https:\/\/amnromania.ro\/hu\/wp-json\/wp\/v2\/pages"}],"about":[{"href":"https:\/\/amnromania.ro\/hu\/wp-json\/wp\/v2\/types\/page"}],"author":[{"embeddable":true,"href":"https:\/\/amnromania.ro\/hu\/wp-json\/wp\/v2\/users\/1"}],"replies":[{"embeddable":true,"href":"https:\/\/amnromania.ro\/hu\/wp-json\/wp\/v2\/comments?post=2056"}],"version-history":[{"count":0,"href":"https:\/\/amnromania.ro\/hu\/wp-json\/wp\/v2\/pages\/2056\/revisions"}],"up":[{"embeddable":true,"href":"https:\/\/amnromania.ro\/hu\/wp-json\/wp\/v2\/pages\/114"}],"wp:attachment":[{"href":"https:\/\/amnromania.ro\/hu\/wp-json\/wp\/v2\/media?parent=2056"}],"curies":[{"name":"wp","href":"https:\/\/api.w.org\/{rel}","templated":true}]}}