{"id":2023,"date":"2020-11-05T16:50:47","date_gmt":"2020-11-05T16:50:47","guid":{"rendered":"https:\/\/amnromania.ro\/?page_id=2023"},"modified":"2020-11-08T19:34:34","modified_gmt":"2020-11-08T19:34:34","slug":"o-life-boldogsag","status":"publish","type":"page","link":"https:\/\/amnromania.ro\/hu\/ayurveda\/o-life-boldogsag\/","title":{"rendered":"Boldog \u00e9let"},"content":{"rendered":"<div data-elementor-type=\"wp-page\" data-elementor-id=\"2023\" class=\"elementor elementor-2023\" data-elementor-post-type=\"page\">\n\t\t\t\t\t\t<section class=\"elementor-section elementor-top-section elementor-element elementor-element-b67bd32 elementor-section-boxed elementor-section-height-default elementor-section-height-default\" data-id=\"b67bd32\" data-element_type=\"section\">\n\t\t\t\t\t\t<div class=\"elementor-container elementor-column-gap-default\">\n\t\t\t\t\t<div class=\"elementor-column elementor-col-50 elementor-top-column elementor-element elementor-element-137f553\" data-id=\"137f553\" data-element_type=\"column\">\n\t\t\t<div class=\"elementor-widget-wrap elementor-element-populated\">\n\t\t\t\t\t\t<div class=\"elementor-element elementor-element-afbdbf9 elementor-nav-menu__align-start elementor-nav-menu__text-align-center elementor-nav-menu--dropdown-tablet elementor-nav-menu--toggle elementor-nav-menu--burger elementor-widget elementor-widget-global elementor-global-2579 elementor-widget-nav-menu\" data-id=\"afbdbf9\" data-element_type=\"widget\" data-settings=\"{&quot;layout&quot;:&quot;vertical&quot;,&quot;submenu_icon&quot;:{&quot;value&quot;:&quot;fas fa-chevron-down&quot;,&quot;library&quot;:&quot;fa-solid&quot;},&quot;toggle&quot;:&quot;burger&quot;}\" data-widget_type=\"nav-menu.default\">\n\t\t\t\t<div class=\"elementor-widget-container\">\n\t\t\t\t\t\t\t\t<nav aria-label=\"Men\u00fc\" class=\"elementor-nav-menu--main elementor-nav-menu__container elementor-nav-menu--layout-vertical e--pointer-background e--animation-fade\">\n\t\t\t\t<ul id=\"menu-1-afbdbf9\" class=\"elementor-nav-menu sm-vertical\"><li class=\"menu-item menu-item-type-post_type menu-item-object-page menu-item-2034\"><a href=\"https:\/\/amnromania.ro\/hu\/ayurveda\/dimenzio-ezoterikus\/\" class=\"elementor-item\">Az ezoterikus dimenzi\u00f3<\/a><\/li>\n<li class=\"menu-item menu-item-type-post_type menu-item-object-page menu-item-2026\"><a href=\"https:\/\/amnromania.ro\/hu\/ayurveda\/o-life-boldogsag\/\" class=\"elementor-item\">Boldog \u00e9let<\/a><\/li>\n<li class=\"menu-item menu-item-type-post_type menu-item-object-page menu-item-2027\"><a href=\"https:\/\/amnromania.ro\/hu\/ayurveda\/szepseg-noies\/\" class=\"elementor-item\">N\u0151i sz\u00e9ps\u00e9g<\/a><\/li>\n<li class=\"menu-item menu-item-type-post_type menu-item-object-page menu-item-2028\"><a href=\"https:\/\/amnromania.ro\/hu\/ayurveda\/kiegyensulyozott-taplalkozas-az-ajurvedaban\/\" class=\"elementor-item\">Kiegyens\u00falyozott t\u00e1pl\u00e1lkoz\u00e1s az ayurv\u00e9d\u00e1ban<\/a><\/li>\n<li class=\"menu-item menu-item-type-post_type menu-item-object-page menu-item-2029\"><a href=\"https:\/\/amnromania.ro\/hu\/ayurveda\/natural-foods-and-longevity\/\" class=\"elementor-item\">Term\u00e9szetes t\u00e1pl\u00e1lkoz\u00e1s \u00e9s hossz\u00fa \u00e9let<\/a><\/li>\n<li class=\"menu-item menu-item-type-post_type menu-item-object-page menu-item-2030\"><a href=\"https:\/\/amnromania.ro\/hu\/ayurveda\/ayurveda-es-egeszseg\/\" class=\"elementor-item\">Ayurveda \u00e9s eg\u00e9szs\u00e9g<\/a><\/li>\n<li class=\"menu-item menu-item-type-post_type menu-item-object-page menu-item-2031\"><a href=\"https:\/\/amnromania.ro\/hu\/ayurveda\/ayurveda-gyogyito-rendszer\/\" class=\"elementor-item\">Ayurveda - gy\u00f3gy\u00edt\u00f3 rendszer<\/a><\/li>\n<li class=\"menu-item menu-item-type-post_type menu-item-object-page menu-item-2032\"><a href=\"https:\/\/amnromania.ro\/hu\/ayurveda\/egyediseg-perspektiva-ayurvedikus\/\" class=\"elementor-item\">Az ayurv\u00e9dikus szeml\u00e9let egyedis\u00e9ge<\/a><\/li>\n<li class=\"menu-item menu-item-type-post_type menu-item-object-page menu-item-2033\"><a href=\"https:\/\/amnromania.ro\/hu\/ayurveda\/ayurvedikus-tudas\/\" class=\"elementor-item\">Ayurv\u00e9dikus tud\u00e1s<\/a><\/li>\n<li class=\"menu-item menu-item-type-post_type menu-item-object-page menu-item-2058\"><a href=\"https:\/\/amnromania.ro\/hu\/ayurveda\/how-to\/\" class=\"elementor-item\">Gyakorlati int\u00e9zked\u00e9sek<\/a><\/li>\n<\/ul>\t\t\t<\/nav>\n\t\t\t\t\t<div class=\"elementor-menu-toggle\" role=\"button\" tabindex=\"0\" aria-label=\"Toggle men\u00fc\" aria-expanded=\"false\">\n\t\t\t<i aria-hidden=\"true\" role=\"presentation\" class=\"elementor-menu-toggle__icon--open eicon-menu-bar\"><\/i><i aria-hidden=\"true\" role=\"presentation\" class=\"elementor-menu-toggle__icon--close eicon-close\"><\/i>\t\t<\/div>\n\t\t\t\t\t<nav class=\"elementor-nav-menu--dropdown elementor-nav-menu__container\" aria-hidden=\"true\">\n\t\t\t\t<ul id=\"menu-2-afbdbf9\" class=\"elementor-nav-menu sm-vertical\"><li class=\"menu-item menu-item-type-post_type menu-item-object-page menu-item-2034\"><a href=\"https:\/\/amnromania.ro\/hu\/ayurveda\/dimenzio-ezoterikus\/\" class=\"elementor-item\" tabindex=\"-1\">Az ezoterikus dimenzi\u00f3<\/a><\/li>\n<li class=\"menu-item menu-item-type-post_type menu-item-object-page menu-item-2026\"><a href=\"https:\/\/amnromania.ro\/hu\/ayurveda\/o-life-boldogsag\/\" class=\"elementor-item\" tabindex=\"-1\">Boldog \u00e9let<\/a><\/li>\n<li class=\"menu-item menu-item-type-post_type menu-item-object-page menu-item-2027\"><a href=\"https:\/\/amnromania.ro\/hu\/ayurveda\/szepseg-noies\/\" class=\"elementor-item\" tabindex=\"-1\">N\u0151i sz\u00e9ps\u00e9g<\/a><\/li>\n<li class=\"menu-item menu-item-type-post_type menu-item-object-page menu-item-2028\"><a href=\"https:\/\/amnromania.ro\/hu\/ayurveda\/kiegyensulyozott-taplalkozas-az-ajurvedaban\/\" class=\"elementor-item\" tabindex=\"-1\">Kiegyens\u00falyozott t\u00e1pl\u00e1lkoz\u00e1s az ayurv\u00e9d\u00e1ban<\/a><\/li>\n<li class=\"menu-item menu-item-type-post_type menu-item-object-page menu-item-2029\"><a href=\"https:\/\/amnromania.ro\/hu\/ayurveda\/natural-foods-and-longevity\/\" class=\"elementor-item\" tabindex=\"-1\">Term\u00e9szetes t\u00e1pl\u00e1lkoz\u00e1s \u00e9s hossz\u00fa \u00e9let<\/a><\/li>\n<li class=\"menu-item menu-item-type-post_type menu-item-object-page menu-item-2030\"><a href=\"https:\/\/amnromania.ro\/hu\/ayurveda\/ayurveda-es-egeszseg\/\" class=\"elementor-item\" tabindex=\"-1\">Ayurveda \u00e9s eg\u00e9szs\u00e9g<\/a><\/li>\n<li class=\"menu-item menu-item-type-post_type menu-item-object-page menu-item-2031\"><a href=\"https:\/\/amnromania.ro\/hu\/ayurveda\/ayurveda-gyogyito-rendszer\/\" class=\"elementor-item\" tabindex=\"-1\">Ayurveda - gy\u00f3gy\u00edt\u00f3 rendszer<\/a><\/li>\n<li class=\"menu-item menu-item-type-post_type menu-item-object-page menu-item-2032\"><a href=\"https:\/\/amnromania.ro\/hu\/ayurveda\/egyediseg-perspektiva-ayurvedikus\/\" class=\"elementor-item\" tabindex=\"-1\">Az ayurv\u00e9dikus szeml\u00e9let egyedis\u00e9ge<\/a><\/li>\n<li class=\"menu-item menu-item-type-post_type menu-item-object-page menu-item-2033\"><a href=\"https:\/\/amnromania.ro\/hu\/ayurveda\/ayurvedikus-tudas\/\" class=\"elementor-item\" tabindex=\"-1\">Ayurv\u00e9dikus tud\u00e1s<\/a><\/li>\n<li class=\"menu-item menu-item-type-post_type menu-item-object-page menu-item-2058\"><a href=\"https:\/\/amnromania.ro\/hu\/ayurveda\/how-to\/\" class=\"elementor-item\" tabindex=\"-1\">Gyakorlati int\u00e9zked\u00e9sek<\/a><\/li>\n<\/ul>\t\t\t<\/nav>\n\t\t\t\t\t\t<\/div>\n\t\t\t\t<\/div>\n\t\t\t\t\t<\/div>\n\t\t<\/div>\n\t\t\t\t<div class=\"elementor-column elementor-col-50 elementor-top-column elementor-element elementor-element-bc317a3\" data-id=\"bc317a3\" data-element_type=\"column\">\n\t\t\t<div class=\"elementor-widget-wrap elementor-element-populated\">\n\t\t\t\t\t\t<div class=\"elementor-element elementor-element-5c7bf77 elementor-widget elementor-widget-text-editor\" data-id=\"5c7bf77\" data-element_type=\"widget\" data-widget_type=\"text-editor.default\">\n\t\t\t\t<div class=\"elementor-widget-container\">\n\t\t\t\t\t\t\t\t\t<h1>\u00a0<\/h1><h1 style=\"text-align: center;\"><span style=\"color: #3366ff;\">H\u00e1rom alapvet\u0151 k\u00f6vetelm\u00e9ny a boldog \u00e9lethez<\/span><\/h1><p>\u00a0<\/p><p>Az \u00e9let \u0151si tudom\u00e1nya (Ayurveda) azt mondja, hogy a lehet\u0151 legjobb eg\u00e9szs\u00e9gi \u00e1llapot \u00e9s harm\u00f3nia el\u00e9r\u00e9se \u00e9s fenntart\u00e1sa \u00e9rdek\u00e9ben az embernek h\u00e1rom alapvet\u0151 k\u00f6vetelm\u00e9nyt kell tiszteletben tartania:<\/p><p>1. eg\u00e9szs\u00e9ges, term\u00e9szetes t\u00e1pl\u00e1lkoz\u00e1s,<\/p><p>2. megfelel\u0151 regener\u00e1l\u00f3 pihen\u00e9s,<\/p><p>3. teljes kontroll a kreat\u00edv-szexu\u00e1lis potenci\u00e1l felett.<\/p><p>Ha ez a h\u00e1rom alapvet\u0151 l\u00e9tfontoss\u00e1g\u00fa k\u00f6vetelm\u00e9ny k\u00f6vetkezetesen teljes\u00fcl, akkor az ember kiv\u00e1l\u00f3 eg\u00e9szs\u00e9get \u00e9rhet el \u00e9s tarthat fenn, \u00e9s \u00edgy hossz\u00fa \u00e9s boldog \u00e9letet \u00e9lhet.<\/p><p>Ahogyan egy h\u00e1roml\u00e1b\u00fa \u00e1llv\u00e1ny sem tud egyenesen \u00e1llni, ha a h\u00e1rom t\u00e1maszt\u00f3 l\u00e1ba nem \u00e9p, \u00fagy az emberi eg\u00e9szs\u00e9g is e h\u00e1rom alapvet\u0151 l\u00e9tfontoss\u00e1g\u00fa k\u00f6vetelm\u00e9ny tiszteletben tart\u00e1s\u00e1n alapul. Ez az \u00e1jurv\u00e9dikus szeml\u00e9let nagyon gyakorlatias, \u00e9s k\u00fcl\u00f6n\u00f6sen hasznos minden ember sz\u00e1m\u00e1ra, kort\u00f3l \u00e9s nemt\u0151l, orsz\u00e1gt\u00f3l \u00e9s szellemi szintt\u0151l f\u00fcggetlen\u00fcl.<\/p><p>Term\u00e9szetesen a j\u00f3 eg\u00e9szs\u00e9g meg\u0151rz\u00e9se, valamint a hossz\u00fa \u00e9s boldog \u00e9let \u00e9rdek\u00e9ben a b\u00f6lcs embernek mindig arra kell t\u00f6rekednie, hogy nagyon j\u00f3l ismerje \u00e9s ugyanakkor tiszteletben tartsa a boldog \u00e9let MINDEN h\u00e1rom alapvet\u0151 k\u00f6vetelm\u00e9ny\u00e9t. Ha e k\u00f6vetelm\u00e9nyek k\u00f6z\u00fcl csak egyet is elhanyagolunk, az hajlamos lesz gyeng\u00edteni az \u00e9bers\u00e9g\u00fcnket a m\u00e1sik kett\u0151 betart\u00e1s\u00e1ra.<\/p><p>Ha nem t\u00f6r\u0151d\u00fcnk azzal, hogy mit esz\u00fcnk, ha kaotikusan esz\u00fcnk, b\u00e1rmit \u00e9s b\u00e1rmit, an\u00e9lk\u00fcl, hogy figyelembe venn\u00e9nk az eg\u00e9szs\u00e9ges t\u00e1pl\u00e1lkoz\u00e1s alapelveit, ut\u00e1na r\u00f6vid id\u0151n bel\u00fcl azt fogjuk tapasztalni, hogy m\u00e9g a pihen\u00e9s sem kiel\u00e9g\u00edt\u0151 t\u00f6bb\u00e9, vagy azt fogjuk l\u00e1tni, hogy nem lesz\u00fcnk k\u00e9pesek nyugodtan aludni, vagy azt fogjuk tapasztalni, hogy sokkal nehezebb lesz a v\u00e1gyaink \u00e9s szexu\u00e1lis lehet\u0151s\u00e9geink feletti kontrollt gyakorolni.<\/p><p>Hasonl\u00f3k\u00e9ppen, ha nem kapunk pihentet\u0151 alv\u00e1st, vagy ha folyamatosan elhanyagoljuk a pihen\u00e9s sz\u00fcks\u00e9gess\u00e9g\u00e9t, amikor sz\u00fcks\u00e9g\u00fcnk van r\u00e1, az fokozatosan az eg\u00e9szs\u00e9ges t\u00e1pl\u00e1lkoz\u00e1si szok\u00e1sok deregul\u00e1ci\u00f3j\u00e1hoz \u00e9s a szexu\u00e1lis potenci\u00e1l szab\u00e1lyoz\u00e1s\u00e1nak cs\u00f6kkent k\u00e9pess\u00e9g\u00e9hez vezet.<\/p><p>Emellett minden alkalommal, amikor az \u00f6nkontroll ment\u00e1lis \u00e1llapota megv\u00e1ltozik, neh\u00e9zs\u00e9gekbe \u00fctk\u00f6z\u00fcnk a szexu\u00e1lis el\u00e9gedetts\u00e9g el\u00e9r\u00e9s\u00e9ben, \u00e9s ennek k\u00f6vetkezt\u00e9ben hajlamosak vagyunk egyens\u00falytalans\u00e1gokkal szembes\u00fclni mind az eg\u00e9szs\u00e9ges t\u00e1pl\u00e1lkoz\u00e1s, mind a megfelel\u0151 pihen\u00e9s tekintet\u00e9ben.<\/p><p>Ez\u00e9rt fontos, hogy ha \u00e9hs\u00e9get \u00e9rz\u00fcnk (\u00e9s tudjuk, hogy eg\u00e9szs\u00e9ges az em\u00e9szt\u0151rendszer\u00fcnk), akkor kiegyens\u00falyozottan \u00e9s term\u00e9szetesen fogunk enni, vagy ha kem\u00e9ny munka ut\u00e1n (legyen az fizikai vagy szellemi) el\u00e9gg\u00e9 kipihenj\u00fck magunkat, hogy regener\u00e1l\u00f3djunk, \u00e9s ha folyamatosan igyeksz\u00fcnk kontroll\u00e1lni az \u00e9rz\u00e9keinket, mik\u00f6zben ellen\u0151rz\u00f6tt \u00e9s eg\u00e9szs\u00e9ges szexu\u00e1lis tev\u00e9kenys\u00e9get folytatunk, akkor mindez er\u0151s alapot fog jelenteni ahhoz, hogy el\u00e9rj\u00fck \u00e9s min\u00e9l tov\u00e1bb meg\u0151rizz\u00fck t\u00f6k\u00e9letes eg\u00e9szs\u00e9gi \u00e1llapotunkat.<\/p>\t\t\t\t\t\t\t\t<\/div>\n\t\t\t\t<\/div>\n\t\t\t\t\t<\/div>\n\t\t<\/div>\n\t\t\t\t\t<\/div>\n\t\t<\/section>\n\t\t\t\t<\/div>","protected":false},"excerpt":{"rendered":"<p>\u00a0 H\u00e1rom alapvet\u0151 k\u00f6vetelm\u00e9ny a boldog \u00e9lethez Az \u00e9let \u0151si tudom\u00e1nya (Ayurveda) azt mondja nek\u00fcnk, hogy a lehet\u0151 legjobb eg\u00e9szs\u00e9gi \u00e1llapot \u00e9s harm\u00f3nia el\u00e9r\u00e9se \u00e9s fenntart\u00e1sa \u00e9rdek\u00e9ben az embernek h\u00e1rom alapvet\u0151 k\u00f6vetelm\u00e9nyt kell tiszteletben tartania: 1. eg\u00e9szs\u00e9ges term\u00e9szetes t\u00e1pl\u00e1lkoz\u00e1s, 2. megfelel\u0151 regener\u00e1l\u00f3 pihen\u00e9s, 3. teljes ellen\u0151rz\u00e9s a [...]<\/p>","protected":false},"author":1,"featured_media":0,"parent":114,"menu_order":0,"comment_status":"closed","ping_status":"closed","template":"","meta":{"_mi_skip_tracking":false,"_analytify_skip_tracking":false,"footnotes":""},"class_list":["post-2023","page","type-page","status-publish","hentry"],"aioseo_notices":[],"aioseo_head":"\n\t\t<!-- All in One SEO Pro 4.7.0 - aioseo.com -->\n\t\t<meta name=\"description\" content=\"In mod natural, pentru a-si putea mentine nealterata starea de sanatate si pentru a putea trai o viata lunga si fericita, omul intelept trebuie intotdeauna sa urmareasca sa cunoasca foarte bine si totodata sa respecte TOATE aceste trei cerinte esentiale ale unei vieti fericite.\" \/>\n\t\t<meta name=\"robots\" content=\"max-image-preview:large\" \/>\n\t\t<meta name=\"google-site-verification\" content=\"G-391X30D2FS\" \/>\n\t\t<link rel=\"canonical\" href=\"https:\/\/amnromania.ro\/hu\/ayurveda\/o-life-boldogsag\/\" \/>\n\t\t<meta name=\"generator\" content=\"All in One SEO Pro (AIOSEO) 4.7.0\" \/>\n\t\t<meta property=\"og:locale\" content=\"hu_HU\" \/>\n\t\t<meta property=\"og:site_name\" content=\"AMN Ayurveda ROM\u00c2NIA | Asociatia Nationala pentru Promovarea Medicinelor Neconventionale\" \/>\n\t\t<meta property=\"og:type\" content=\"article\" \/>\n\t\t<meta property=\"og:title\" content=\"O viata fericita | AMN Ayurveda ROM\u00c2NIA\" \/>\n\t\t<meta property=\"og:description\" content=\"In mod natural, pentru a-si putea mentine nealterata starea de sanatate si pentru a putea trai o viata lunga si fericita, omul intelept trebuie intotdeauna sa urmareasca sa cunoasca foarte bine si totodata sa respecte TOATE aceste trei cerinte esentiale ale unei vieti fericite.\" \/>\n\t\t<meta property=\"og:url\" content=\"https:\/\/amnromania.ro\/hu\/ayurveda\/o-life-boldogsag\/\" \/>\n\t\t<meta property=\"og:image\" content=\"https:\/\/amnromania.ro\/ynorsyju\/2021\/06\/Ayurveda-in-Romania-Vol.-2-Ro.jpg\" \/>\n\t\t<meta property=\"og:image:secure_url\" content=\"https:\/\/amnromania.ro\/ynorsyju\/2021\/06\/Ayurveda-in-Romania-Vol.-2-Ro.jpg\" \/>\n\t\t<meta property=\"article:published_time\" content=\"2020-11-05T16:50:47+00:00\" \/>\n\t\t<meta property=\"article:modified_time\" content=\"2020-11-08T19:34:34+00:00\" \/>\n\t\t<meta property=\"article:publisher\" content=\"https:\/\/www.facebook.com\/AMNRomania\" \/>\n\t\t<script type=\"application\/ld+json\" class=\"aioseo-schema\">\n\t\t\t{\"@context\":\"https:\\\/\\\/schema.org\",\"@graph\":[{\"@type\":\"BreadcrumbList\",\"@id\":\"https:\\\/\\\/amnromania.ro\\\/hu\\\/ayurveda\\\/o-life-boldogsag\\\/#breadcrumblist\",\"itemListElement\":[{\"@type\":\"ListItem\",\"@id\":\"https:\\\/\\\/amnromania.ro\\\/hu\\\/#listItem\",\"position\":1,\"name\":\"Home\",\"item\":\"https:\\\/\\\/amnromania.ro\\\/hu\\\/\",\"nextItem\":\"https:\\\/\\\/amnromania.ro\\\/hu\\\/ayurveda\\\/#listItem\"},{\"@type\":\"ListItem\",\"@id\":\"https:\\\/\\\/amnromania.ro\\\/hu\\\/ayurveda\\\/#listItem\",\"position\":2,\"name\":\"Ayurveda\",\"item\":\"https:\\\/\\\/amnromania.ro\\\/hu\\\/ayurveda\\\/\",\"nextItem\":\"https:\\\/\\\/amnromania.ro\\\/hu\\\/ayurveda\\\/o-life-boldogsag\\\/#listItem\",\"previousItem\":\"https:\\\/\\\/amnromania.ro\\\/hu\\\/#listItem\"},{\"@type\":\"ListItem\",\"@id\":\"https:\\\/\\\/amnromania.ro\\\/hu\\\/ayurveda\\\/o-life-boldogsag\\\/#listItem\",\"position\":3,\"name\":\"O viata fericita\",\"previousItem\":\"https:\\\/\\\/amnromania.ro\\\/hu\\\/ayurveda\\\/#listItem\"}]},{\"@type\":\"Organization\",\"@id\":\"https:\\\/\\\/amnromania.ro\\\/hu\\\/#organization\",\"name\":\"AMN Ayurveda Romania\",\"url\":\"https:\\\/\\\/amnromania.ro\\\/hu\\\/\",\"logo\":{\"@type\":\"ImageObject\",\"url\":\"https:\\\/\\\/amnromania.ro\\\/ynorsyju\\\/2020\\\/10\\\/amn.png\",\"@id\":\"https:\\\/\\\/amnromania.ro\\\/hu\\\/ayurveda\\\/o-life-boldogsag\\\/#organizationLogo\"},\"image\":{\"@id\":\"https:\\\/\\\/amnromania.ro\\\/hu\\\/ayurveda\\\/o-life-boldogsag\\\/#organizationLogo\"},\"sameAs\":[\"https:\\\/\\\/www.facebook.com\\\/AMNRomania\",\"https:\\\/\\\/www.youtube.com\\\/channel\\\/UClfqKxiq_uZ11rthDIT3-BQ\\\/videos\"]},{\"@type\":\"WebPage\",\"@id\":\"https:\\\/\\\/amnromania.ro\\\/hu\\\/ayurveda\\\/o-life-boldogsag\\\/#webpage\",\"url\":\"https:\\\/\\\/amnromania.ro\\\/hu\\\/ayurveda\\\/o-life-boldogsag\\\/\",\"name\":\"O viata fericita | AMN Ayurveda ROM\\u00c2NIA\",\"description\":\"In mod natural, pentru a-si putea mentine nealterata starea de sanatate si pentru a putea trai o viata lunga si fericita, omul intelept trebuie intotdeauna sa urmareasca sa cunoasca foarte bine si totodata sa respecte TOATE aceste trei cerinte esentiale ale unei vieti fericite.\",\"inLanguage\":\"hu-HU\",\"isPartOf\":{\"@id\":\"https:\\\/\\\/amnromania.ro\\\/hu\\\/#website\"},\"breadcrumb\":{\"@id\":\"https:\\\/\\\/amnromania.ro\\\/hu\\\/ayurveda\\\/o-life-boldogsag\\\/#breadcrumblist\"},\"datePublished\":\"2020-11-05T16:50:47+02:00\",\"dateModified\":\"2020-11-08T19:34:34+02:00\"},{\"@type\":\"WebSite\",\"@id\":\"https:\\\/\\\/amnromania.ro\\\/hu\\\/#website\",\"url\":\"https:\\\/\\\/amnromania.ro\\\/hu\\\/\",\"name\":\"AMN Ayurveda ROM\\u00c2NIA\",\"description\":\"Asociatia Nationala pentru Promovarea Medicinelor Neconventionale\",\"inLanguage\":\"hu-HU\",\"publisher\":{\"@id\":\"https:\\\/\\\/amnromania.ro\\\/hu\\\/#organization\"}}]}\n\t\t<\/script>\n\t\t<!-- All in One SEO Pro -->\r\n\t\t<title>O viata fericita | AMN Ayurveda ROM\u00c2NIA<\/title>\n\n","aioseo_head_json":{"title":"O viata fericita | AMN Ayurveda ROM\u00c2NIA","description":"In mod natural, pentru a-si putea mentine nealterata starea de sanatate si pentru a putea trai o viata lunga si fericita, omul intelept trebuie intotdeauna sa urmareasca sa cunoasca foarte bine si totodata sa respecte TOATE aceste trei cerinte esentiale ale unei vieti fericite.","canonical_url":"https:\/\/amnromania.ro\/hu\/ayurveda\/o-life-boldogsag\/","robots":"max-image-preview:large","keywords":"","webmasterTools":{"google-site-verification":"G-391X30D2FS","miscellaneous":""},"og:locale":"hu_HU","og:site_name":"AMN Ayurveda ROM\u00c2NIA | Asociatia Nationala pentru Promovarea Medicinelor Neconventionale","og:type":"article","og:title":"O viata fericita | AMN Ayurveda ROM\u00c2NIA","og:description":"In mod natural, pentru a-si putea mentine nealterata starea de sanatate si pentru a putea trai o viata lunga si fericita, omul intelept trebuie intotdeauna sa urmareasca sa cunoasca foarte bine si totodata sa respecte TOATE aceste trei cerinte esentiale ale unei vieti fericite.","og:url":"https:\/\/amnromania.ro\/hu\/ayurveda\/o-life-boldogsag\/","og:image":"https:\/\/amnromania.ro\/ynorsyju\/2021\/06\/Ayurveda-in-Romania-Vol.-2-Ro.jpg","og:image:secure_url":"https:\/\/amnromania.ro\/ynorsyju\/2021\/06\/Ayurveda-in-Romania-Vol.-2-Ro.jpg","article:published_time":"2020-11-05T16:50:47+00:00","article:modified_time":"2020-11-08T19:34:34+00:00","article:publisher":"https:\/\/www.facebook.com\/AMNRomania","schema":{"@context":"https:\/\/schema.org","@graph":[{"@type":"BreadcrumbList","@id":"https:\/\/amnromania.ro\/hu\/ayurveda\/o-life-boldogsag\/#breadcrumblist","itemListElement":[{"@type":"ListItem","@id":"https:\/\/amnromania.ro\/hu\/#listItem","position":1,"name":"Home","item":"https:\/\/amnromania.ro\/hu\/","nextItem":"https:\/\/amnromania.ro\/hu\/ayurveda\/#listItem"},{"@type":"ListItem","@id":"https:\/\/amnromania.ro\/hu\/ayurveda\/#listItem","position":2,"name":"Ayurveda","item":"https:\/\/amnromania.ro\/hu\/ayurveda\/","nextItem":"https:\/\/amnromania.ro\/hu\/ayurveda\/o-life-boldogsag\/#listItem","previousItem":"https:\/\/amnromania.ro\/hu\/#listItem"},{"@type":"ListItem","@id":"https:\/\/amnromania.ro\/hu\/ayurveda\/o-life-boldogsag\/#listItem","position":3,"name":"O viata fericita","previousItem":"https:\/\/amnromania.ro\/hu\/ayurveda\/#listItem"}]},{"@type":"Organization","@id":"https:\/\/amnromania.ro\/hu\/#organization","name":"AMN Ayurveda Romania","url":"https:\/\/amnromania.ro\/hu\/","logo":{"@type":"ImageObject","url":"https:\/\/amnromania.ro\/ynorsyju\/2020\/10\/amn.png","@id":"https:\/\/amnromania.ro\/hu\/ayurveda\/o-life-boldogsag\/#organizationLogo"},"image":{"@id":"https:\/\/amnromania.ro\/hu\/ayurveda\/o-life-boldogsag\/#organizationLogo"},"sameAs":["https:\/\/www.facebook.com\/AMNRomania","https:\/\/www.youtube.com\/channel\/UClfqKxiq_uZ11rthDIT3-BQ\/videos"]},{"@type":"WebPage","@id":"https:\/\/amnromania.ro\/hu\/ayurveda\/o-life-boldogsag\/#webpage","url":"https:\/\/amnromania.ro\/hu\/ayurveda\/o-life-boldogsag\/","name":"O viata fericita | AMN Ayurveda ROM\u00c2NIA","description":"In mod natural, pentru a-si putea mentine nealterata starea de sanatate si pentru a putea trai o viata lunga si fericita, omul intelept trebuie intotdeauna sa urmareasca sa cunoasca foarte bine si totodata sa respecte TOATE aceste trei cerinte esentiale ale unei vieti fericite.","inLanguage":"hu-HU","isPartOf":{"@id":"https:\/\/amnromania.ro\/hu\/#website"},"breadcrumb":{"@id":"https:\/\/amnromania.ro\/hu\/ayurveda\/o-life-boldogsag\/#breadcrumblist"},"datePublished":"2020-11-05T16:50:47+02:00","dateModified":"2020-11-08T19:34:34+02:00"},{"@type":"WebSite","@id":"https:\/\/amnromania.ro\/hu\/#website","url":"https:\/\/amnromania.ro\/hu\/","name":"AMN Ayurveda ROM\u00c2NIA","description":"Asociatia Nationala pentru Promovarea Medicinelor Neconventionale","inLanguage":"hu-HU","publisher":{"@id":"https:\/\/amnromania.ro\/hu\/#organization"}}]}},"aioseo_meta_data":{"post_id":"2023","title":null,"description":"In mod natural, pentru a-si putea mentine nealterata starea de sanatate si pentru a putea trai o viata lunga si fericita, omul intelept trebuie intotdeauna sa urmareasca sa cunoasca foarte bine si totodata sa respecte TOATE aceste trei cerinte esentiale ale unei vieti fericite.","keywords":null,"keyphrases":null,"primary_term":null,"canonical_url":null,"og_title":null,"og_description":null,"og_object_type":"default","og_image_type":"default","og_image_url":null,"og_image_width":null,"og_image_height":null,"og_image_custom_url":null,"og_image_custom_fields":null,"og_video":null,"og_custom_url":null,"og_article_section":null,"og_article_tags":null,"twitter_use_og":false,"twitter_card":"default","twitter_image_type":"default","twitter_image_url":null,"twitter_image_custom_url":null,"twitter_image_custom_fields":null,"twitter_title":null,"twitter_description":null,"schema":{"blockGraphs":[],"customGraphs":[],"default":{"data":{"Article":[],"Course":[],"Dataset":[],"FAQPage":[],"Movie":[],"Person":[],"Product":[],"Recipe":[],"Service":[],"SoftwareApplication":[],"WebPage":[]},"graphName":"WebPage","isEnabled":true},"graphs":[]},"schema_type":null,"schema_type_options":null,"pillar_content":false,"robots_default":true,"robots_noindex":false,"robots_noarchive":false,"robots_nosnippet":false,"robots_nofollow":false,"robots_noimageindex":false,"robots_noodp":false,"robots_notranslate":false,"robots_max_snippet":null,"robots_max_videopreview":null,"robots_max_imagepreview":"large","priority":null,"frequency":null,"local_seo":null,"limit_modified_date":false,"open_ai":null,"created":"2020-12-21 07:26:24","updated":"2024-01-28 10:53:51"},"aioseo_breadcrumb":"<div class=\"aioseo-breadcrumbs\"><span class=\"aioseo-breadcrumb\">\n\t<a href=\"https:\/\/amnromania.ro\/hu\" title=\"Home\">Home<\/a>\n<\/span><span class=\"aioseo-breadcrumb-separator\">&raquo;<\/span><span class=\"aioseo-breadcrumb\">\n\t<a href=\"https:\/\/amnromania.ro\/hu\/ayurveda\/\" title=\"Ayurveda\">Ayurveda<\/a>\n<\/span><span class=\"aioseo-breadcrumb-separator\">&raquo;<\/span><span class=\"aioseo-breadcrumb\">\n\tO viata fericita\n<\/span><\/div>","aioseo_breadcrumb_json":[{"label":"Home","link":"https:\/\/amnromania.ro\/hu"},{"label":"Ayurveda","link":"https:\/\/amnromania.ro\/hu\/ayurveda\/"},{"label":"O viata fericita","link":"https:\/\/amnromania.ro\/hu\/ayurveda\/o-life-boldogsag\/"}],"_links":{"self":[{"href":"https:\/\/amnromania.ro\/hu\/wp-json\/wp\/v2\/pages\/2023","targetHints":{"allow":["GET"]}}],"collection":[{"href":"https:\/\/amnromania.ro\/hu\/wp-json\/wp\/v2\/pages"}],"about":[{"href":"https:\/\/amnromania.ro\/hu\/wp-json\/wp\/v2\/types\/page"}],"author":[{"embeddable":true,"href":"https:\/\/amnromania.ro\/hu\/wp-json\/wp\/v2\/users\/1"}],"replies":[{"embeddable":true,"href":"https:\/\/amnromania.ro\/hu\/wp-json\/wp\/v2\/comments?post=2023"}],"version-history":[{"count":0,"href":"https:\/\/amnromania.ro\/hu\/wp-json\/wp\/v2\/pages\/2023\/revisions"}],"up":[{"embeddable":true,"href":"https:\/\/amnromania.ro\/hu\/wp-json\/wp\/v2\/pages\/114"}],"wp:attachment":[{"href":"https:\/\/amnromania.ro\/hu\/wp-json\/wp\/v2\/media?parent=2023"}],"curies":[{"name":"wp","href":"https:\/\/api.w.org\/{rel}","templated":true}]}}