{"id":157,"date":"2020-10-26T21:52:14","date_gmt":"2020-10-26T21:52:14","guid":{"rendered":"http:\/\/amnromania.ro\/?page_id=157"},"modified":"2021-08-25T22:39:53","modified_gmt":"2021-08-25T20:39:53","slug":"aktualitas","status":"publish","type":"page","link":"https:\/\/amnromania.ro\/hu\/aktualitas\/","title":{"rendered":"H\u00edrek"},"content":{"rendered":"<div data-elementor-type=\"wp-page\" data-elementor-id=\"157\" class=\"elementor elementor-157\" data-elementor-post-type=\"page\">\n\t\t\t\t\t\t<section class=\"elementor-section elementor-top-section elementor-element elementor-element-1d6cef6 elementor-section-boxed elementor-section-height-default elementor-section-height-default\" data-id=\"1d6cef6\" data-element_type=\"section\">\n\t\t\t\t\t\t<div class=\"elementor-container elementor-column-gap-default\">\n\t\t\t\t\t<div class=\"elementor-column elementor-col-50 elementor-top-column elementor-element elementor-element-94ac861\" data-id=\"94ac861\" data-element_type=\"column\">\n\t\t\t<div class=\"elementor-widget-wrap elementor-element-populated\">\n\t\t\t\t\t\t<div class=\"elementor-element elementor-element-2525864 elementor-nav-menu__align-start elementor-nav-menu__text-align-center elementor-nav-menu--dropdown-tablet elementor-nav-menu--toggle elementor-nav-menu--burger elementor-widget elementor-widget-global elementor-global-5773 elementor-widget-nav-menu\" data-id=\"2525864\" data-element_type=\"widget\" data-settings=\"{&quot;layout&quot;:&quot;vertical&quot;,&quot;submenu_icon&quot;:{&quot;value&quot;:&quot;fas fa-caret-down&quot;,&quot;library&quot;:&quot;fa-solid&quot;},&quot;toggle&quot;:&quot;burger&quot;}\" data-widget_type=\"nav-menu.default\">\n\t\t\t\t<div class=\"elementor-widget-container\">\n\t\t\t\t\t\t\t\t<nav aria-label=\"Men\u00fc\" class=\"elementor-nav-menu--main elementor-nav-menu__container elementor-nav-menu--layout-vertical e--pointer-background e--animation-fade\">\n\t\t\t\t<ul id=\"menu-1-2525864\" class=\"elementor-nav-menu sm-vertical\"><li class=\"menu-item menu-item-type-post_type menu-item-object-page menu-item-5758\"><a href=\"https:\/\/amnromania.ro\/hu\/aktualitas\/devitalizacio\/\" class=\"elementor-item\">Devitaliz\u00e1ci\u00f3<\/a><\/li>\n<li class=\"menu-item menu-item-type-post_type menu-item-object-page menu-item-5759\"><a href=\"https:\/\/amnromania.ro\/hu\/aktualitas\/jogorvoslatok-gyerekeknek-2\/\" class=\"elementor-item\">Gy\u00f3gym\u00f3dok gyermekeknek - 2<\/a><\/li>\n<li class=\"menu-item menu-item-type-post_type menu-item-object-page menu-item-5760\"><a href=\"https:\/\/amnromania.ro\/hu\/aktualitas\/gyogymodok-a-gyerekeknek-1\/\" class=\"elementor-item\">Gy\u00f3gym\u00f3dok gyermekeknek - 1<\/a><\/li>\n<li class=\"menu-item menu-item-type-post_type menu-item-object-page menu-item-5761\"><a href=\"https:\/\/amnromania.ro\/hu\/aktualitas\/transzmutacio-es-szublimacio\/\" class=\"elementor-item\">Transzmut\u00e1ci\u00f3 \u00e9s szublim\u00e1ci\u00f3<\/a><\/li>\n<li class=\"menu-item menu-item-type-post_type menu-item-object-page menu-item-5762\"><a href=\"https:\/\/amnromania.ro\/hu\/aktualitas\/elmelet-morfogenetika\/\" class=\"elementor-item\">Morfogenetikai elm\u00e9let<\/a><\/li>\n<li class=\"menu-item menu-item-type-post_type menu-item-object-page menu-item-5763\"><a href=\"https:\/\/amnromania.ro\/hu\/aktualitas\/univerzum-vibrator\/\" class=\"elementor-item\">A vibr\u00e1ci\u00f3s univerzum<\/a><\/li>\n<li class=\"menu-item menu-item-type-post_type menu-item-object-page menu-item-5764\"><a href=\"https:\/\/amnromania.ro\/hu\/aktualitas\/hagyomany\/\" class=\"elementor-item\">Hagyom\u00e1ny<\/a><\/li>\n<li class=\"menu-item menu-item-type-post_type menu-item-object-page menu-item-5765\"><a href=\"https:\/\/amnromania.ro\/hu\/mezok\/pszichoterapia\/leszokas-a-dohanyzasrol\/\" class=\"elementor-item\">A doh\u00e1nyz\u00e1sr\u00f3l val\u00f3 leszok\u00e1s<\/a><\/li>\n<li class=\"menu-item menu-item-type-post_type menu-item-object-page menu-item-5766\"><a href=\"https:\/\/amnromania.ro\/hu\/aktualitas\/szezon-betegseg\/\" class=\"elementor-item\">Szezon\u00e1lis betegs\u00e9gek<\/a><\/li>\n<li class=\"menu-item menu-item-type-post_type menu-item-object-page menu-item-5767\"><a href=\"https:\/\/amnromania.ro\/hu\/aktualitas\/termeszetes-gyogyulas\/\" class=\"elementor-item\">Term\u00e9szetes gy\u00f3gyul\u00e1s<\/a><\/li>\n<li class=\"menu-item menu-item-type-post_type menu-item-object-page menu-item-5768\"><a href=\"https:\/\/amnromania.ro\/hu\/aktualitas\/egeszseg-talaj\/\" class=\"elementor-item\">A talaj eg\u00e9szs\u00e9ge<\/a><\/li>\n<li class=\"menu-item menu-item-type-post_type menu-item-object-page menu-item-5769\"><a href=\"https:\/\/amnromania.ro\/hu\/aktualitas\/nem-hagyomanyos-megkozelitesu\/\" class=\"elementor-item\">A nem hagyom\u00e1nyos megk\u00f6zel\u00edt\u00e9s<\/a><\/li>\n<li class=\"menu-item menu-item-type-post_type menu-item-object-page menu-item-6434\"><a href=\"https:\/\/amnromania.ro\/hu\/aktualitas\/hirek\/\" class=\"elementor-item\">H\u00edrek<\/a><\/li>\n<\/ul>\t\t\t<\/nav>\n\t\t\t\t\t<div class=\"elementor-menu-toggle\" role=\"button\" tabindex=\"0\" aria-label=\"Toggle men\u00fc\" aria-expanded=\"false\">\n\t\t\t<i aria-hidden=\"true\" role=\"presentation\" class=\"elementor-menu-toggle__icon--open eicon-menu-bar\"><\/i><i aria-hidden=\"true\" role=\"presentation\" class=\"elementor-menu-toggle__icon--close eicon-close\"><\/i>\t\t<\/div>\n\t\t\t\t\t<nav class=\"elementor-nav-menu--dropdown elementor-nav-menu__container\" aria-hidden=\"true\">\n\t\t\t\t<ul id=\"menu-2-2525864\" class=\"elementor-nav-menu sm-vertical\"><li class=\"menu-item menu-item-type-post_type menu-item-object-page menu-item-5758\"><a href=\"https:\/\/amnromania.ro\/hu\/aktualitas\/devitalizacio\/\" class=\"elementor-item\" tabindex=\"-1\">Devitaliz\u00e1ci\u00f3<\/a><\/li>\n<li class=\"menu-item menu-item-type-post_type menu-item-object-page menu-item-5759\"><a href=\"https:\/\/amnromania.ro\/hu\/aktualitas\/jogorvoslatok-gyerekeknek-2\/\" class=\"elementor-item\" tabindex=\"-1\">Gy\u00f3gym\u00f3dok gyermekeknek - 2<\/a><\/li>\n<li class=\"menu-item menu-item-type-post_type menu-item-object-page menu-item-5760\"><a href=\"https:\/\/amnromania.ro\/hu\/aktualitas\/gyogymodok-a-gyerekeknek-1\/\" class=\"elementor-item\" tabindex=\"-1\">Gy\u00f3gym\u00f3dok gyermekeknek - 1<\/a><\/li>\n<li class=\"menu-item menu-item-type-post_type menu-item-object-page menu-item-5761\"><a href=\"https:\/\/amnromania.ro\/hu\/aktualitas\/transzmutacio-es-szublimacio\/\" class=\"elementor-item\" tabindex=\"-1\">Transzmut\u00e1ci\u00f3 \u00e9s szublim\u00e1ci\u00f3<\/a><\/li>\n<li class=\"menu-item menu-item-type-post_type menu-item-object-page menu-item-5762\"><a href=\"https:\/\/amnromania.ro\/hu\/aktualitas\/elmelet-morfogenetika\/\" class=\"elementor-item\" tabindex=\"-1\">Morfogenetikai elm\u00e9let<\/a><\/li>\n<li class=\"menu-item menu-item-type-post_type menu-item-object-page menu-item-5763\"><a href=\"https:\/\/amnromania.ro\/hu\/aktualitas\/univerzum-vibrator\/\" class=\"elementor-item\" tabindex=\"-1\">A vibr\u00e1ci\u00f3s univerzum<\/a><\/li>\n<li class=\"menu-item menu-item-type-post_type menu-item-object-page menu-item-5764\"><a href=\"https:\/\/amnromania.ro\/hu\/aktualitas\/hagyomany\/\" class=\"elementor-item\" tabindex=\"-1\">Hagyom\u00e1ny<\/a><\/li>\n<li class=\"menu-item menu-item-type-post_type menu-item-object-page menu-item-5765\"><a href=\"https:\/\/amnromania.ro\/hu\/mezok\/pszichoterapia\/leszokas-a-dohanyzasrol\/\" class=\"elementor-item\" tabindex=\"-1\">A doh\u00e1nyz\u00e1sr\u00f3l val\u00f3 leszok\u00e1s<\/a><\/li>\n<li class=\"menu-item menu-item-type-post_type menu-item-object-page menu-item-5766\"><a href=\"https:\/\/amnromania.ro\/hu\/aktualitas\/szezon-betegseg\/\" class=\"elementor-item\" tabindex=\"-1\">Szezon\u00e1lis betegs\u00e9gek<\/a><\/li>\n<li class=\"menu-item menu-item-type-post_type menu-item-object-page menu-item-5767\"><a href=\"https:\/\/amnromania.ro\/hu\/aktualitas\/termeszetes-gyogyulas\/\" class=\"elementor-item\" tabindex=\"-1\">Term\u00e9szetes gy\u00f3gyul\u00e1s<\/a><\/li>\n<li class=\"menu-item menu-item-type-post_type menu-item-object-page menu-item-5768\"><a href=\"https:\/\/amnromania.ro\/hu\/aktualitas\/egeszseg-talaj\/\" class=\"elementor-item\" tabindex=\"-1\">A talaj eg\u00e9szs\u00e9ge<\/a><\/li>\n<li class=\"menu-item menu-item-type-post_type menu-item-object-page menu-item-5769\"><a href=\"https:\/\/amnromania.ro\/hu\/aktualitas\/nem-hagyomanyos-megkozelitesu\/\" class=\"elementor-item\" tabindex=\"-1\">A nem hagyom\u00e1nyos megk\u00f6zel\u00edt\u00e9s<\/a><\/li>\n<li class=\"menu-item menu-item-type-post_type menu-item-object-page menu-item-6434\"><a href=\"https:\/\/amnromania.ro\/hu\/aktualitas\/hirek\/\" class=\"elementor-item\" tabindex=\"-1\">H\u00edrek<\/a><\/li>\n<\/ul>\t\t\t<\/nav>\n\t\t\t\t\t\t<\/div>\n\t\t\t\t<\/div>\n\t\t\t\t\t<\/div>\n\t\t<\/div>\n\t\t\t\t<div class=\"elementor-column elementor-col-50 elementor-top-column elementor-element elementor-element-7bdf4ce\" data-id=\"7bdf4ce\" data-element_type=\"column\">\n\t\t\t<div class=\"elementor-widget-wrap elementor-element-populated\">\n\t\t\t\t\t\t<div class=\"elementor-element elementor-element-8bd5aed elementor-widget elementor-widget-text-editor\" data-id=\"8bd5aed\" data-element_type=\"widget\" data-widget_type=\"text-editor.default\">\n\t\t\t\t<div class=\"elementor-widget-container\">\n\t\t\t\t\t\t\t\t\t<h1>\u00a0<\/h1><h1 style=\"text-align: center;\"><span style=\"color: #000000;\"><strong>INDIA- EGY\u00dcTTM\u0170K\u00d6D\u00c9S<wbr \/>ROM\u00c1NIA<\/strong><\/span><\/h1><p>\u00a0<\/p>\t\t\t\t\t\t\t\t<\/div>\n\t\t\t\t<\/div>\n\t\t\t\t<div class=\"elementor-element elementor-element-9c48b6d elementor-widget elementor-widget-text-editor\" data-id=\"9c48b6d\" data-element_type=\"widget\" data-widget_type=\"text-editor.default\">\n\t\t\t\t<div class=\"elementor-widget-container\">\n\t\t\t\t\t\t\t\t\t<h2 style=\"text-align: center;\">Nemzeti klinikai adminisztr\u00e1ci\u00f3s protokoll az Ayurv\u00e9d\u00e1r\u00f3l \u00e9s a j\u00f3g\u00e1r\u00f3l<\/h2><h2 style=\"text-align: center;\">a Covid-<wbr \/>19<\/h2>\t\t\t\t\t\t\t\t<\/div>\n\t\t\t\t<\/div>\n\t\t\t\t<div class=\"elementor-element elementor-element-3d2e985 elementor-widget elementor-widget-text-editor\" data-id=\"3d2e985\" data-element_type=\"widget\" data-widget_type=\"text-editor.default\">\n\t\t\t\t<div class=\"elementor-widget-container\">\n\t\t\t\t\t\t\t\t\t<p class=\"Text22\">A k\u00f6zelm\u00faltban India rom\u00e1niai nagyk\u00f6vets\u00e9ge, \u0150excellenci\u00e1ja, Shri Rahul Shrivastava nagyk\u00f6vet szem\u00e9ly\u00e9n kereszt\u00fcl, az AMN-<wbr \/>Rom\u00e1nia Az indiai Nemzeti Klinikai Adminisztr\u00e1ci\u00f3 protokollja az Ayurv\u00e9d\u00e1r\u00f3l \u00e9s a j\u00f3g\u00e1r\u00f3l a Covid- kezel\u00e9s\u00e9ben.<wbr \/>19.<\/p><p class=\"Text2\">Ez a dokumentum neves indiai int\u00e9zm\u00e9nyek, nemzeti \u00e9s kutat\u00e1si szervezetek, k\u00f6zt\u00fck az AIIA, az IPGTRA, az NIA \u00e9s a CCRYN sz\u00e1mos szak\u00e9rt\u0151i bizotts\u00e1g\u00e1nak egy\u00fcttm\u0171k\u00f6d\u00e9s\u00e9vel k\u00e9sz\u00fclt.<\/p><p class=\"Text2\"><img decoding=\"async\" class=\"size-medium wp-image-445 aligncenter\" src=\"https:\/\/amnromania.ro\/wp-content\/uploads\/2020\/10\/ministry-of-ayush-government-of-indiajpg-300x166.jpg\" alt=\"\" width=\"300\" height=\"166\" srcset=\"https:\/\/amnromania.ro\/wp-content\/uploads\/2020\/10\/ministry-of-ayush-government-of-indiajpg-300x166.jpg 300w, https:\/\/amnromania.ro\/wp-content\/uploads\/2020\/10\/ministry-of-ayush-government-of-indiajpg.jpg 670w\" sizes=\"(max-width: 300px) 100vw, 300px\" \/><\/p><p class=\"Text2\"><b>A protokoll a COVID enyhe form\u00e1inak kezel\u00e9s\u00e9vel foglalkozik.<wbr \/>19.<\/b>\u00a0Ezt a jegyz\u0151k\u00f6nyvet \u00e9s mell\u00e9kleteit az indiai AYUSH-miniszt\u00e9rium hagyta j\u00f3v\u00e1.<\/p><h3><a href=\"https:\/\/amnromania.ro\/wp-content\/uploads\/2020\/11\/COVID-Protocol-Anexe.pdf\"><strong>A COVID-19 enyhe form\u00e1inak kezel\u00e9s\u00e9re vonatkoz\u00f3 protokoll let\u00f6lthet\u0151 innen!<\/strong><\/a><\/h3><p class=\"Text2\">AMN-<wbr \/>Rom\u00e1nia a dokumentum tartalm\u00e1t a hagyom\u00e1nyos \u00e1jurv\u00e9da rendszer rom\u00e1niai n\u00e9pszer\u0171s\u00edt\u00e9s\u00e9re ir\u00e1nyul\u00f3 nemzeti tev\u00e9kenys\u00e9g keret\u00e9ben, valamint az AMN-<wbr \/>Rom\u00e1nia \u00e9s DMIMS(DU)-<wbr \/>India.<\/p>\t\t\t\t\t\t\t\t<\/div>\n\t\t\t\t<\/div>\n\t\t\t\t\t<\/div>\n\t\t<\/div>\n\t\t\t\t\t<\/div>\n\t\t<\/section>\n\t\t\t\t<\/div>","protected":false},"excerpt":{"rendered":"<p>\u00a0 INDIA-ROM\u00c1NIA EGY\u00dcTTM\u0170K\u00d6D\u00c9S Nemzeti klinikai adminisztr\u00e1ci\u00f3s protokoll az ayurv\u00e9d\u00e1r\u00f3l \u00e9s a j\u00f3g\u00e1r\u00f3l a Covid-19 kezel\u00e9s\u00e9ben A k\u00f6zelm\u00faltban India rom\u00e1niai nagyk\u00f6vets\u00e9ge, \u0150excellenci\u00e1ja, Shri Rahul Shrivastava nagyk\u00f6vet r\u00e9v\u00e9n az AMN-Rom\u00e1nia rendelkez\u00e9s\u00e9re bocs\u00e1totta az ayurv\u00e9d\u00e1r\u00f3l \u00e9s a j\u00f3g\u00e1r\u00f3l sz\u00f3l\u00f3 nemzeti klinikai adminisztr\u00e1ci\u00f3s protokollt a Covid-19 kezel\u00e9s\u00e9ben. Ez a dokumentum [...]<\/p>","protected":false},"author":1,"featured_media":0,"parent":0,"menu_order":6,"comment_status":"closed","ping_status":"closed","template":"","meta":{"_mi_skip_tracking":false,"_analytify_skip_tracking":false,"footnotes":""},"class_list":["post-157","page","type-page","status-publish","hentry"],"aioseo_notices":[],"aioseo_head":"\n\t\t<!-- All in One SEO Pro 4.7.0 - aioseo.com -->\n\t\t<meta name=\"description\" content=\"Protocolul Administra\u021biei Clinice Na\u021bionale cu privire la Ayurveda \u0219i Yoga pentru gestionarea Covid-19\" \/>\n\t\t<meta name=\"robots\" content=\"max-image-preview:large\" \/>\n\t\t<meta name=\"google-site-verification\" content=\"G-391X30D2FS\" \/>\n\t\t<link rel=\"canonical\" href=\"https:\/\/amnromania.ro\/hu\/aktualitas\/\" \/>\n\t\t<meta name=\"generator\" content=\"All in One SEO Pro (AIOSEO) 4.7.0\" \/>\n\t\t<meta property=\"og:locale\" content=\"hu_HU\" \/>\n\t\t<meta property=\"og:site_name\" content=\"AMN Ayurveda ROM\u00c2NIA | Asociatia Nationala pentru Promovarea Medicinelor Neconventionale\" \/>\n\t\t<meta property=\"og:type\" content=\"article\" \/>\n\t\t<meta property=\"og:title\" content=\"Protocol Ayurveda Covid 19 | AMN Ayurveda ROM\u00c2NIA\" \/>\n\t\t<meta property=\"og:description\" content=\"Protocolul Administra\u021biei Clinice Na\u021bionale cu privire la Ayurveda \u0219i Yoga pentru gestionarea Covid-19\" \/>\n\t\t<meta property=\"og:url\" content=\"https:\/\/amnromania.ro\/hu\/aktualitas\/\" \/>\n\t\t<meta property=\"og:image\" content=\"https:\/\/amnromania.ro\/ynorsyju\/2021\/06\/Ayurveda-in-Romania-Vol.-2-Ro.jpg\" \/>\n\t\t<meta property=\"og:image:secure_url\" content=\"https:\/\/amnromania.ro\/ynorsyju\/2021\/06\/Ayurveda-in-Romania-Vol.-2-Ro.jpg\" \/>\n\t\t<meta property=\"article:published_time\" content=\"2020-10-26T21:52:14+00:00\" \/>\n\t\t<meta property=\"article:modified_time\" content=\"2021-08-25T20:39:53+00:00\" \/>\n\t\t<meta property=\"article:publisher\" content=\"https:\/\/www.facebook.com\/AMNRomania\" \/>\n\t\t<script type=\"application\/ld+json\" class=\"aioseo-schema\">\n\t\t\t{\"@context\":\"https:\\\/\\\/schema.org\",\"@graph\":[{\"@type\":\"BreadcrumbList\",\"@id\":\"https:\\\/\\\/amnromania.ro\\\/hu\\\/aktualitas\\\/#breadcrumblist\",\"itemListElement\":[{\"@type\":\"ListItem\",\"@id\":\"https:\\\/\\\/amnromania.ro\\\/hu\\\/#listItem\",\"position\":1,\"name\":\"Home\",\"item\":\"https:\\\/\\\/amnromania.ro\\\/hu\\\/\",\"nextItem\":\"https:\\\/\\\/amnromania.ro\\\/hu\\\/aktualitas\\\/#listItem\"},{\"@type\":\"ListItem\",\"@id\":\"https:\\\/\\\/amnromania.ro\\\/hu\\\/aktualitas\\\/#listItem\",\"position\":2,\"name\":\"Actualitate\",\"previousItem\":\"https:\\\/\\\/amnromania.ro\\\/hu\\\/#listItem\"}]},{\"@type\":\"Organization\",\"@id\":\"https:\\\/\\\/amnromania.ro\\\/hu\\\/#organization\",\"name\":\"AMN Ayurveda Romania\",\"url\":\"https:\\\/\\\/amnromania.ro\\\/hu\\\/\",\"logo\":{\"@type\":\"ImageObject\",\"url\":\"https:\\\/\\\/amnromania.ro\\\/ynorsyju\\\/2020\\\/10\\\/amn.png\",\"@id\":\"https:\\\/\\\/amnromania.ro\\\/hu\\\/aktualitas\\\/#organizationLogo\"},\"image\":{\"@id\":\"https:\\\/\\\/amnromania.ro\\\/hu\\\/aktualitas\\\/#organizationLogo\"},\"sameAs\":[\"https:\\\/\\\/www.facebook.com\\\/AMNRomania\",\"https:\\\/\\\/www.youtube.com\\\/channel\\\/UClfqKxiq_uZ11rthDIT3-BQ\\\/videos\"]},{\"@type\":\"WebPage\",\"@id\":\"https:\\\/\\\/amnromania.ro\\\/hu\\\/aktualitas\\\/#webpage\",\"url\":\"https:\\\/\\\/amnromania.ro\\\/hu\\\/aktualitas\\\/\",\"name\":\"Protocol Ayurveda Covid 19 | AMN Ayurveda ROM\\u00c2NIA\",\"description\":\"Protocolul Administra\\u021biei Clinice Na\\u021bionale cu privire la Ayurveda \\u0219i Yoga pentru gestionarea Covid-19\",\"inLanguage\":\"hu-HU\",\"isPartOf\":{\"@id\":\"https:\\\/\\\/amnromania.ro\\\/hu\\\/#website\"},\"breadcrumb\":{\"@id\":\"https:\\\/\\\/amnromania.ro\\\/hu\\\/aktualitas\\\/#breadcrumblist\"},\"datePublished\":\"2020-10-26T21:52:14+02:00\",\"dateModified\":\"2021-08-25T22:39:53+02:00\"},{\"@type\":\"WebSite\",\"@id\":\"https:\\\/\\\/amnromania.ro\\\/hu\\\/#website\",\"url\":\"https:\\\/\\\/amnromania.ro\\\/hu\\\/\",\"name\":\"AMN Ayurveda ROM\\u00c2NIA\",\"description\":\"Asociatia Nationala pentru Promovarea Medicinelor Neconventionale\",\"inLanguage\":\"hu-HU\",\"publisher\":{\"@id\":\"https:\\\/\\\/amnromania.ro\\\/hu\\\/#organization\"}}]}\n\t\t<\/script>\n\t\t<!-- All in One SEO Pro -->\r\n\t\t<title>Protocol Ayurveda Covid 19 | AMN Ayurveda ROM\u00c2NIA<\/title>\n\n","aioseo_head_json":{"title":"Protocol Ayurveda Covid 19 | AMN Ayurveda ROM\u00c2NIA","description":"Protocolul Administra\u021biei Clinice Na\u021bionale cu privire la Ayurveda \u0219i Yoga pentru gestionarea Covid-19","canonical_url":"https:\/\/amnromania.ro\/hu\/aktualitas\/","robots":"max-image-preview:large","keywords":"","webmasterTools":{"google-site-verification":"G-391X30D2FS","miscellaneous":""},"og:locale":"hu_HU","og:site_name":"AMN Ayurveda ROM\u00c2NIA | Asociatia Nationala pentru Promovarea Medicinelor Neconventionale","og:type":"article","og:title":"Protocol Ayurveda Covid 19 | AMN Ayurveda ROM\u00c2NIA","og:description":"Protocolul Administra\u021biei Clinice Na\u021bionale cu privire la Ayurveda \u0219i Yoga pentru gestionarea Covid-19","og:url":"https:\/\/amnromania.ro\/hu\/aktualitas\/","og:image":"https:\/\/amnromania.ro\/ynorsyju\/2021\/06\/Ayurveda-in-Romania-Vol.-2-Ro.jpg","og:image:secure_url":"https:\/\/amnromania.ro\/ynorsyju\/2021\/06\/Ayurveda-in-Romania-Vol.-2-Ro.jpg","article:published_time":"2020-10-26T21:52:14+00:00","article:modified_time":"2021-08-25T20:39:53+00:00","article:publisher":"https:\/\/www.facebook.com\/AMNRomania","schema":{"@context":"https:\/\/schema.org","@graph":[{"@type":"BreadcrumbList","@id":"https:\/\/amnromania.ro\/hu\/aktualitas\/#breadcrumblist","itemListElement":[{"@type":"ListItem","@id":"https:\/\/amnromania.ro\/hu\/#listItem","position":1,"name":"Home","item":"https:\/\/amnromania.ro\/hu\/","nextItem":"https:\/\/amnromania.ro\/hu\/aktualitas\/#listItem"},{"@type":"ListItem","@id":"https:\/\/amnromania.ro\/hu\/aktualitas\/#listItem","position":2,"name":"Actualitate","previousItem":"https:\/\/amnromania.ro\/hu\/#listItem"}]},{"@type":"Organization","@id":"https:\/\/amnromania.ro\/hu\/#organization","name":"AMN Ayurveda Romania","url":"https:\/\/amnromania.ro\/hu\/","logo":{"@type":"ImageObject","url":"https:\/\/amnromania.ro\/ynorsyju\/2020\/10\/amn.png","@id":"https:\/\/amnromania.ro\/hu\/aktualitas\/#organizationLogo"},"image":{"@id":"https:\/\/amnromania.ro\/hu\/aktualitas\/#organizationLogo"},"sameAs":["https:\/\/www.facebook.com\/AMNRomania","https:\/\/www.youtube.com\/channel\/UClfqKxiq_uZ11rthDIT3-BQ\/videos"]},{"@type":"WebPage","@id":"https:\/\/amnromania.ro\/hu\/aktualitas\/#webpage","url":"https:\/\/amnromania.ro\/hu\/aktualitas\/","name":"Protocol Ayurveda Covid 19 | AMN Ayurveda ROM\u00c2NIA","description":"Protocolul Administra\u021biei Clinice Na\u021bionale cu privire la Ayurveda \u0219i Yoga pentru gestionarea Covid-19","inLanguage":"hu-HU","isPartOf":{"@id":"https:\/\/amnromania.ro\/hu\/#website"},"breadcrumb":{"@id":"https:\/\/amnromania.ro\/hu\/aktualitas\/#breadcrumblist"},"datePublished":"2020-10-26T21:52:14+02:00","dateModified":"2021-08-25T22:39:53+02:00"},{"@type":"WebSite","@id":"https:\/\/amnromania.ro\/hu\/#website","url":"https:\/\/amnromania.ro\/hu\/","name":"AMN Ayurveda ROM\u00c2NIA","description":"Asociatia Nationala pentru Promovarea Medicinelor Neconventionale","inLanguage":"hu-HU","publisher":{"@id":"https:\/\/amnromania.ro\/hu\/#organization"}}]}},"aioseo_meta_data":{"post_id":"157","title":"Protocol Ayurveda Covid 19 | #site_title","description":"Protocolul Administra\u021biei Clinice Na\u021bionale cu privire la Ayurveda \u0219i Yoga pentru gestionarea Covid-19","keywords":"","keyphrases":null,"primary_term":null,"canonical_url":"","og_title":null,"og_description":null,"og_object_type":"default","og_image_type":"default","og_image_url":null,"og_image_width":null,"og_image_height":null,"og_image_custom_url":null,"og_image_custom_fields":null,"og_video":null,"og_custom_url":null,"og_article_section":null,"og_article_tags":null,"twitter_use_og":false,"twitter_card":"default","twitter_image_type":"default","twitter_image_url":null,"twitter_image_custom_url":null,"twitter_image_custom_fields":null,"twitter_title":null,"twitter_description":null,"schema":{"blockGraphs":[],"customGraphs":[],"default":{"data":{"Article":[],"Course":[],"Dataset":[],"FAQPage":[],"Movie":[],"Person":[],"Product":[],"Recipe":[],"Service":[],"SoftwareApplication":[],"WebPage":[]},"graphName":"WebPage","isEnabled":true},"graphs":[]},"schema_type":null,"schema_type_options":null,"pillar_content":false,"robots_default":true,"robots_noindex":false,"robots_noarchive":false,"robots_nosnippet":false,"robots_nofollow":false,"robots_noimageindex":false,"robots_noodp":false,"robots_notranslate":false,"robots_max_snippet":null,"robots_max_videopreview":null,"robots_max_imagepreview":"large","priority":null,"frequency":null,"local_seo":null,"limit_modified_date":false,"open_ai":null,"created":"2020-12-21 07:26:24","updated":"2024-01-28 10:52:16"},"aioseo_breadcrumb":"<div class=\"aioseo-breadcrumbs\"><span class=\"aioseo-breadcrumb\">\n\t<a href=\"https:\/\/amnromania.ro\/hu\" title=\"Home\">Home<\/a>\n<\/span><span class=\"aioseo-breadcrumb-separator\">&raquo;<\/span><span class=\"aioseo-breadcrumb\">\n\tActualitate\n<\/span><\/div>","aioseo_breadcrumb_json":[{"label":"Home","link":"https:\/\/amnromania.ro\/hu"},{"label":"Actualitate","link":"https:\/\/amnromania.ro\/hu\/aktualitas\/"}],"_links":{"self":[{"href":"https:\/\/amnromania.ro\/hu\/wp-json\/wp\/v2\/pages\/157","targetHints":{"allow":["GET"]}}],"collection":[{"href":"https:\/\/amnromania.ro\/hu\/wp-json\/wp\/v2\/pages"}],"about":[{"href":"https:\/\/amnromania.ro\/hu\/wp-json\/wp\/v2\/types\/page"}],"author":[{"embeddable":true,"href":"https:\/\/amnromania.ro\/hu\/wp-json\/wp\/v2\/users\/1"}],"replies":[{"embeddable":true,"href":"https:\/\/amnromania.ro\/hu\/wp-json\/wp\/v2\/comments?post=157"}],"version-history":[{"count":0,"href":"https:\/\/amnromania.ro\/hu\/wp-json\/wp\/v2\/pages\/157\/revisions"}],"wp:attachment":[{"href":"https:\/\/amnromania.ro\/hu\/wp-json\/wp\/v2\/media?parent=157"}],"curies":[{"name":"wp","href":"https:\/\/api.w.org\/{rel}","templated":true}]}}