{"id":11932,"date":"2024-01-28T12:22:23","date_gmt":"2024-01-28T10:22:23","guid":{"rendered":"https:\/\/amnromania.ro\/?page_id=11932"},"modified":"2024-01-28T12:31:26","modified_gmt":"2024-01-28T10:31:26","slug":"day-hindi-2021","status":"publish","type":"page","link":"https:\/\/amnromania.ro\/hu\/day-hindi-2021\/","title":{"rendered":"Hindi nap 2021"},"content":{"rendered":"<div data-elementor-type=\"wp-page\" data-elementor-id=\"11932\" class=\"elementor elementor-11932\" data-elementor-post-type=\"page\">\n\t\t\t\t\t\t<section class=\"elementor-section elementor-top-section elementor-element elementor-element-36f52bb elementor-section-boxed elementor-section-height-default elementor-section-height-default\" data-id=\"36f52bb\" data-element_type=\"section\">\n\t\t\t\t\t\t<div class=\"elementor-container elementor-column-gap-default\">\n\t\t\t\t\t<div class=\"elementor-column elementor-col-50 elementor-top-column elementor-element elementor-element-f537d60\" data-id=\"f537d60\" data-element_type=\"column\">\n\t\t\t<div class=\"elementor-widget-wrap elementor-element-populated\">\n\t\t\t\t\t\t<div class=\"elementor-element elementor-element-aaa69f9 elementor-nav-menu__align-start elementor-nav-menu__text-align-center elementor-nav-menu--dropdown-tablet elementor-nav-menu--toggle elementor-nav-menu--burger elementor-widget elementor-widget-global elementor-global-5200 elementor-widget-nav-menu\" data-id=\"aaa69f9\" data-element_type=\"widget\" data-settings=\"{&quot;layout&quot;:&quot;vertical&quot;,&quot;submenu_icon&quot;:{&quot;value&quot;:&quot;fas fa-caret-down&quot;,&quot;library&quot;:&quot;fa-solid&quot;},&quot;toggle&quot;:&quot;burger&quot;}\" data-widget_type=\"nav-menu.default\">\n\t\t\t\t<div class=\"elementor-widget-container\">\n\t\t\t\t\t\t\t\t<nav aria-label=\"Men\u00fc\" class=\"elementor-nav-menu--main elementor-nav-menu__container elementor-nav-menu--layout-vertical e--pointer-background e--animation-fade\">\n\t\t\t\t<ul id=\"menu-1-aaa69f9\" class=\"elementor-nav-menu sm-vertical\"><li class=\"menu-item menu-item-type-post_type menu-item-object-page menu-item-6419\"><a href=\"https:\/\/amnromania.ro\/hu\/day-ayurveda\/\" class=\"elementor-item\">Ayurveda nap<\/a><\/li>\n<li class=\"menu-item menu-item-type-post_type menu-item-object-page menu-item-11894\"><a href=\"https:\/\/amnromania.ro\/hu\/eloadasok\/\" class=\"elementor-item\">El\u0151ad\u00e1sok<\/a><\/li>\n<li class=\"menu-item menu-item-type-post_type menu-item-object-page menu-item-11880\"><a href=\"https:\/\/amnromania.ro\/hu\/unnepsegek\/\" class=\"elementor-item\">\u00dcnneps\u00e9gek<\/a><\/li>\n<li class=\"menu-item menu-item-type-post_type menu-item-object-page menu-item-11893\"><a href=\"https:\/\/amnromania.ro\/hu\/konferenciak\/\" class=\"elementor-item\">Konferenci\u00e1k<\/a><\/li>\n<\/ul>\t\t\t<\/nav>\n\t\t\t\t\t<div class=\"elementor-menu-toggle\" role=\"button\" tabindex=\"0\" aria-label=\"Toggle men\u00fc\" aria-expanded=\"false\">\n\t\t\t<i aria-hidden=\"true\" role=\"presentation\" class=\"elementor-menu-toggle__icon--open eicon-menu-bar\"><\/i><i aria-hidden=\"true\" role=\"presentation\" class=\"elementor-menu-toggle__icon--close eicon-close\"><\/i>\t\t<\/div>\n\t\t\t\t\t<nav class=\"elementor-nav-menu--dropdown elementor-nav-menu__container\" aria-hidden=\"true\">\n\t\t\t\t<ul id=\"menu-2-aaa69f9\" class=\"elementor-nav-menu sm-vertical\"><li class=\"menu-item menu-item-type-post_type menu-item-object-page menu-item-6419\"><a href=\"https:\/\/amnromania.ro\/hu\/day-ayurveda\/\" class=\"elementor-item\" tabindex=\"-1\">Ayurveda nap<\/a><\/li>\n<li class=\"menu-item menu-item-type-post_type menu-item-object-page menu-item-11894\"><a href=\"https:\/\/amnromania.ro\/hu\/eloadasok\/\" class=\"elementor-item\" tabindex=\"-1\">El\u0151ad\u00e1sok<\/a><\/li>\n<li class=\"menu-item menu-item-type-post_type menu-item-object-page menu-item-11880\"><a href=\"https:\/\/amnromania.ro\/hu\/unnepsegek\/\" class=\"elementor-item\" tabindex=\"-1\">\u00dcnneps\u00e9gek<\/a><\/li>\n<li class=\"menu-item menu-item-type-post_type menu-item-object-page menu-item-11893\"><a href=\"https:\/\/amnromania.ro\/hu\/konferenciak\/\" class=\"elementor-item\" tabindex=\"-1\">Konferenci\u00e1k<\/a><\/li>\n<\/ul>\t\t\t<\/nav>\n\t\t\t\t\t\t<\/div>\n\t\t\t\t<\/div>\n\t\t\t\t\t<\/div>\n\t\t<\/div>\n\t\t\t\t<div class=\"elementor-column elementor-col-50 elementor-top-column elementor-element elementor-element-8fd16cd\" data-id=\"8fd16cd\" data-element_type=\"column\">\n\t\t\t<div class=\"elementor-widget-wrap elementor-element-populated\">\n\t\t\t\t\t\t<div class=\"elementor-element elementor-element-727d2a8 elementor-widget elementor-widget-text-editor\" data-id=\"727d2a8\" data-element_type=\"widget\" data-widget_type=\"text-editor.default\">\n\t\t\t\t<div class=\"elementor-widget-container\">\n\t\t\t\t\t\t\t\t\t<h1 style=\"text-align: center;\">Hindi nap - Hindi Diwas<\/h1><div style=\"text-align: center;\">2021. szeptember 14.<\/div><div>\u00a0<\/div><p>A hindi diwas, amelyet minden \u00e9vben szeptember 14-\u00e9n \u00fcnnepelnek, a hindi nyelv tisztelet\u00e9nek \u00e9s elismer\u00e9s\u00e9nek napja az indiai k\u00f6z\u00f6ss\u00e9gekben vil\u00e1gszerte. Ez a jeles nap azt a t\u00f6rt\u00e9nelmi pillanatot jelzi, amikor 1949. szeptember 14-\u00e9n India Alkotm\u00e1nyoz\u00f3 Gy\u0171l\u00e9se a devanagari \u00e1b\u00e9c\u00e9vel \u00edrt hindit v\u00e1lasztotta a f\u00fcggetlen India egyik hivatalos nyelv\u00e9v\u00e9. 1949. szeptember 14-\u00e9n \u00fcnnepelte 50. sz\u00fclet\u00e9snapj\u00e1t Beohar Rajendra Simha hindi tud\u00f3s \u00e9s n\u00e9pszer\u0171s\u00edt\u0151, akinek folyamatos er\u0151fesz\u00edt\u00e9sei hozz\u00e1j\u00e1rultak ahhoz, hogy a hindi nyelv India 22 hivatalos nyelv\u00e9nek egyik\u00e9v\u00e9 v\u00e1ljon. Ez a d\u00f6nt\u00e9s kiemelte a hindi nyelv fontoss\u00e1g\u00e1t India nemzeti identit\u00e1s\u00e1nak kialak\u00edt\u00e1s\u00e1ban, t\u00fckr\u00f6zve az orsz\u00e1g nyelvi \u00e9s kultur\u00e1lis soksz\u00edn\u0171s\u00e9g\u00e9t.<\/p><p>A hindi dialektusok anyanyelvi besz\u00e9l\u0151i India lakoss\u00e1g\u00e1nak becsl\u00e9sek szerint 30%-41%-\u00e9t teszik ki (360 milli\u00f3 besz\u00e9l\u0151). A hindi jelenleg az indiai alkotm\u00e1nyban szerepl\u0151 k\u00e9t hivatalos nyelv egyike, az angol a m\u00e1sodik.<\/p><p><img fetchpriority=\"high\" decoding=\"async\" class=\"size-medium wp-image-11934 alignleft\" src=\"https:\/\/amnromania.ro\/wp-content\/uploads\/2024\/01\/20210914_180856-300x169.jpg\" alt=\"Hindi nap - Hindi Diwas\" width=\"300\" height=\"169\" srcset=\"https:\/\/amnromania.ro\/wp-content\/uploads\/2024\/01\/20210914_180856-300x169.jpg 300w, https:\/\/amnromania.ro\/wp-content\/uploads\/2024\/01\/20210914_180856-1024x576.jpg 1024w, https:\/\/amnromania.ro\/wp-content\/uploads\/2024\/01\/20210914_180856-768x432.jpg 768w, https:\/\/amnromania.ro\/wp-content\/uploads\/2024\/01\/20210914_180856-1536x864.jpg 1536w, https:\/\/amnromania.ro\/wp-content\/uploads\/2024\/01\/20210914_180856-2048x1152.jpg 2048w, https:\/\/amnromania.ro\/wp-content\/uploads\/2024\/01\/20210914_180856-18x10.jpg 18w\" sizes=\"(max-width: 300px) 100vw, 300px\" \/><\/p><p>A szanszkrit eredet\u0171 hindi az egyik legr\u00e9gebbi indoeur\u00f3pai nyelvnek sz\u00e1m\u00edt, \u00e9s a negyedik legelterjedtebb nyelv a vil\u00e1gon. A hindi m\u00e1s nyelvekre, k\u00f6zt\u00fck az angolra is hat\u00e1ssal volt, olyan szavakkal, mint az avat\u00e1r, dzsungel, guru, karma, mantra, j\u00f3ga, ayurveda \u00e9s sampon.<\/p><p>A k\u00f6zelm\u00faltban megrendezett Hindi Diwas alkalm\u00e1b\u00f3l India rom\u00e1niai, moldovai \u00e9s alb\u00e1niai nagyk\u00f6vets\u00e9ge k\u00fcl\u00f6nleges esem\u00e9nyt szervezett, amely a hindi nyelv nemzetek k\u00f6z\u00f6tti kultur\u00e1lis h\u00eddk\u00e9nt bet\u00f6lt\u00f6tt szerep\u00e9t emelte ki. \u0150excellenci\u00e1ja Rahul Shrivastava, India rom\u00e1niai nagyk\u00f6vete bemutatta a nyelv t\u00f6rt\u00e9net\u00e9nek fontos aspektusait, \u00e9s bejelentette a Rom\u00e1nia \u00e9s India k\u00f6z\u00f6tti kultur\u00e1lis meg\u00e1llapod\u00e1st a k\u00e9t orsz\u00e1g nyelv\u00e9nek \u00e9s kult\u00far\u00e1j\u00e1nak n\u00e9pszer\u0171s\u00edt\u00e9se \u00e9rdek\u00e9ben.<\/p><p>\u00a0<\/p><div id=\"attachment_11935\" style=\"width: 310px\" class=\"wp-caption alignright\"><img decoding=\"async\" aria-describedby=\"caption-attachment-11935\" class=\"size-medium wp-image-11935\" src=\"https:\/\/amnromania.ro\/wp-content\/uploads\/2024\/01\/20210914_191452-300x169.jpg\" alt=\"\" width=\"300\" height=\"169\" srcset=\"https:\/\/amnromania.ro\/wp-content\/uploads\/2024\/01\/20210914_191452-300x169.jpg 300w, https:\/\/amnromania.ro\/wp-content\/uploads\/2024\/01\/20210914_191452-1024x576.jpg 1024w, https:\/\/amnromania.ro\/wp-content\/uploads\/2024\/01\/20210914_191452-768x432.jpg 768w, https:\/\/amnromania.ro\/wp-content\/uploads\/2024\/01\/20210914_191452-1536x864.jpg 1536w, https:\/\/amnromania.ro\/wp-content\/uploads\/2024\/01\/20210914_191452-2048x1152.jpg 2048w, https:\/\/amnromania.ro\/wp-content\/uploads\/2024\/01\/20210914_191452-18x10.jpg 18w\" sizes=\"(max-width: 300px) 100vw, 300px\" \/><p id=\"caption-attachment-11935\" class=\"wp-caption-text\">Hindi nap<\/p><\/div><p>Az esem\u00e9nyen hindi nyelv\u0171 vers- \u00e9s zenei el\u0151ad\u00e1sok hangzottak el, bemutatva az indiai kult\u00fara soksz\u00edn\u0171s\u00e9g\u00e9t \u00e9s gazdags\u00e1g\u00e1t. Andrei Gamulea, a nem hagyom\u00e1nyos orvosl\u00e1st n\u00e9pszer\u0171s\u00edt\u0151 rom\u00e1niai egyes\u00fclet eln\u00f6ke volt az egyik k\u00fcl\u00f6nleges vend\u00e9g.<\/p><p>A Hindi Diwas teh\u00e1t t\u00f6bb mint a hindi nyelv \u00fcnnepl\u00e9se, hanem az indiai \u00e9s a vil\u00e1g kultur\u00e1lis soksz\u00edn\u0171s\u00e9g\u00e9nek \u00e9s pluralizmus\u00e1nak szimb\u00f3luma, amely el\u0151seg\u00edti a kult\u00far\u00e1k k\u00f6z\u00f6tti meg\u00e9rt\u00e9st \u00e9s tiszteletet. Ez a nap megism\u00e9tli a hindi nyelv fontoss\u00e1g\u00e1t, ahogyan azt Mahatma Gandhi meg\u00e1lmodta, aki a hindit a \"t\u00f6megek nyelv\u00e9nek\" tekintette, \u00e9s India nemzeti nyelvek\u00e9nt val\u00f3 elismer\u00e9s\u00e9t szorgalmazta.<\/p>\t\t\t\t\t\t\t\t<\/div>\n\t\t\t\t<\/div>\n\t\t\t\t\t<\/div>\n\t\t<\/div>\n\t\t\t\t\t<\/div>\n\t\t<\/section>\n\t\t\t\t<\/div>","protected":false},"excerpt":{"rendered":"<p>Hindi nap - Hindi Diwas 2021. szeptember 14. A hindi diwas, amelyet minden \u00e9vben szeptember 14-\u00e9n \u00fcnnepelnek, a hindi nyelv tisztelet\u00e9nek \u00e9s elismer\u00e9s\u00e9nek napja az indiai k\u00f6z\u00f6ss\u00e9gekben vil\u00e1gszerte. Ez a jeles nap azt a t\u00f6rt\u00e9nelmi pillanatot jelzi, amikor 1949. szeptember 14-\u00e9n India Alkotm\u00e1nyoz\u00f3 Gy\u0171l\u00e9se a devanagari \u00e1b\u00e9c\u00e9vel \u00edrt hindi nyelvet v\u00e1lasztotta a [...]<\/p>","protected":false},"author":1,"featured_media":11935,"parent":0,"menu_order":0,"comment_status":"closed","ping_status":"closed","template":"","meta":{"_mi_skip_tracking":false,"_analytify_skip_tracking":false,"footnotes":""},"class_list":["post-11932","page","type-page","status-publish","has-post-thumbnail","hentry"],"aioseo_notices":[],"aioseo_head":"\n\t\t<!-- All in One SEO Pro 4.7.0 - aioseo.com -->\n\t\t<meta name=\"description\" content=\"Ziua Ayurveda Prezentari Festivitati Conferinte Ziua Ayurveda Prezentari Festivitati Conferinte Ziua Hindi \u2013 Hindi Diwas14 septembrie 2021 Hindi Diwas, s\u0103rb\u0103torit\u0103 anual pe 14 septembrie, reprezint\u0103 o zi de omagiu \u0219i recunoa\u0219tere a limbii Hindi \u00een comunit\u0103\u021bile indiene din \u00eentreaga lume. Aceast\u0103 zi semnificativ\u0103 marcheaz\u0103 momentul istoric din 14 septembrie 1949, c\u00e2nd Adunarea Constituant\u0103 a Indiei a\" \/>\n\t\t<meta name=\"robots\" content=\"max-image-preview:large\" \/>\n\t\t<meta name=\"google-site-verification\" content=\"G-391X30D2FS\" \/>\n\t\t<link rel=\"canonical\" href=\"https:\/\/amnromania.ro\/hu\/day-hindi-2021\/\" \/>\n\t\t<meta name=\"generator\" content=\"All in One SEO Pro (AIOSEO) 4.7.0\" \/>\n\t\t<meta property=\"og:locale\" content=\"hu_HU\" \/>\n\t\t<meta property=\"og:site_name\" content=\"AMN Ayurveda ROM\u00c2NIA | Asociatia Nationala pentru Promovarea Medicinelor Neconventionale\" \/>\n\t\t<meta property=\"og:type\" content=\"article\" \/>\n\t\t<meta property=\"og:title\" content=\"Ziua Hindi 2021 | AMN Ayurveda ROM\u00c2NIA\" \/>\n\t\t<meta property=\"og:description\" content=\"Ziua Ayurveda Prezentari Festivitati Conferinte Ziua Ayurveda Prezentari Festivitati Conferinte Ziua Hindi \u2013 Hindi Diwas14 septembrie 2021 Hindi Diwas, s\u0103rb\u0103torit\u0103 anual pe 14 septembrie, reprezint\u0103 o zi de omagiu \u0219i recunoa\u0219tere a limbii Hindi \u00een comunit\u0103\u021bile indiene din \u00eentreaga lume. Aceast\u0103 zi semnificativ\u0103 marcheaz\u0103 momentul istoric din 14 septembrie 1949, c\u00e2nd Adunarea Constituant\u0103 a Indiei a\" \/>\n\t\t<meta property=\"og:url\" content=\"https:\/\/amnromania.ro\/hu\/day-hindi-2021\/\" \/>\n\t\t<meta property=\"og:image\" content=\"https:\/\/amnromania.ro\/wp-content\/uploads\/2024\/01\/20210914_191452-scaled.jpg\" \/>\n\t\t<meta property=\"og:image:secure_url\" content=\"https:\/\/amnromania.ro\/wp-content\/uploads\/2024\/01\/20210914_191452-scaled.jpg\" \/>\n\t\t<meta property=\"og:image:width\" content=\"2560\" \/>\n\t\t<meta property=\"og:image:height\" content=\"1440\" \/>\n\t\t<meta property=\"article:published_time\" content=\"2024-01-28T10:22:23+00:00\" \/>\n\t\t<meta property=\"article:modified_time\" content=\"2024-01-28T10:31:26+00:00\" \/>\n\t\t<meta property=\"article:publisher\" content=\"https:\/\/www.facebook.com\/AMNRomania\" \/>\n\t\t<script type=\"application\/ld+json\" class=\"aioseo-schema\">\n\t\t\t{\"@context\":\"https:\\\/\\\/schema.org\",\"@graph\":[{\"@type\":\"BreadcrumbList\",\"@id\":\"https:\\\/\\\/amnromania.ro\\\/hu\\\/day-hindi-2021\\\/#breadcrumblist\",\"itemListElement\":[{\"@type\":\"ListItem\",\"@id\":\"https:\\\/\\\/amnromania.ro\\\/hu\\\/#listItem\",\"position\":1,\"name\":\"Home\",\"item\":\"https:\\\/\\\/amnromania.ro\\\/hu\\\/\",\"nextItem\":\"https:\\\/\\\/amnromania.ro\\\/hu\\\/day-hindi-2021\\\/#listItem\"},{\"@type\":\"ListItem\",\"@id\":\"https:\\\/\\\/amnromania.ro\\\/hu\\\/day-hindi-2021\\\/#listItem\",\"position\":2,\"name\":\"Ziua Hindi 2021\",\"previousItem\":\"https:\\\/\\\/amnromania.ro\\\/hu\\\/#listItem\"}]},{\"@type\":\"Organization\",\"@id\":\"https:\\\/\\\/amnromania.ro\\\/hu\\\/#organization\",\"name\":\"AMN Ayurveda Romania\",\"url\":\"https:\\\/\\\/amnromania.ro\\\/hu\\\/\",\"logo\":{\"@type\":\"ImageObject\",\"url\":\"https:\\\/\\\/amnromania.ro\\\/ynorsyju\\\/2020\\\/10\\\/amn.png\",\"@id\":\"https:\\\/\\\/amnromania.ro\\\/hu\\\/day-hindi-2021\\\/#organizationLogo\"},\"image\":{\"@id\":\"https:\\\/\\\/amnromania.ro\\\/hu\\\/day-hindi-2021\\\/#organizationLogo\"},\"sameAs\":[\"https:\\\/\\\/www.facebook.com\\\/AMNRomania\",\"https:\\\/\\\/www.youtube.com\\\/channel\\\/UClfqKxiq_uZ11rthDIT3-BQ\\\/videos\"]},{\"@type\":\"WebPage\",\"@id\":\"https:\\\/\\\/amnromania.ro\\\/hu\\\/day-hindi-2021\\\/#webpage\",\"url\":\"https:\\\/\\\/amnromania.ro\\\/hu\\\/day-hindi-2021\\\/\",\"name\":\"Ziua Hindi 2021 | AMN Ayurveda ROM\\u00c2NIA\",\"description\":\"Ziua Ayurveda Prezentari Festivitati Conferinte Ziua Ayurveda Prezentari Festivitati Conferinte Ziua Hindi \\u2013 Hindi Diwas14 septembrie 2021 Hindi Diwas, s\\u0103rb\\u0103torit\\u0103 anual pe 14 septembrie, reprezint\\u0103 o zi de omagiu \\u0219i recunoa\\u0219tere a limbii Hindi \\u00een comunit\\u0103\\u021bile indiene din \\u00eentreaga lume. Aceast\\u0103 zi semnificativ\\u0103 marcheaz\\u0103 momentul istoric din 14 septembrie 1949, c\\u00e2nd Adunarea Constituant\\u0103 a Indiei a\",\"inLanguage\":\"hu-HU\",\"isPartOf\":{\"@id\":\"https:\\\/\\\/amnromania.ro\\\/hu\\\/#website\"},\"breadcrumb\":{\"@id\":\"https:\\\/\\\/amnromania.ro\\\/hu\\\/day-hindi-2021\\\/#breadcrumblist\"},\"image\":{\"@type\":\"ImageObject\",\"url\":\"https:\\\/\\\/amnromania.ro\\\/wp-content\\\/uploads\\\/2024\\\/01\\\/20210914_191452-scaled.jpg\",\"@id\":\"https:\\\/\\\/amnromania.ro\\\/hu\\\/day-hindi-2021\\\/#mainImage\",\"width\":2560,\"height\":1440,\"caption\":\"Hindi day - Ziua Hindi\"},\"primaryImageOfPage\":{\"@id\":\"https:\\\/\\\/amnromania.ro\\\/hu\\\/day-hindi-2021\\\/#mainImage\"},\"datePublished\":\"2024-01-28T12:22:23+02:00\",\"dateModified\":\"2024-01-28T12:31:26+02:00\"},{\"@type\":\"WebSite\",\"@id\":\"https:\\\/\\\/amnromania.ro\\\/hu\\\/#website\",\"url\":\"https:\\\/\\\/amnromania.ro\\\/hu\\\/\",\"name\":\"AMN Ayurveda ROM\\u00c2NIA\",\"description\":\"Asociatia Nationala pentru Promovarea Medicinelor Neconventionale\",\"inLanguage\":\"hu-HU\",\"publisher\":{\"@id\":\"https:\\\/\\\/amnromania.ro\\\/hu\\\/#organization\"}}]}\n\t\t<\/script>\n\t\t<!-- All in One SEO Pro -->\r\n\t\t<title>Ziua Hindi 2021 | AMN Ayurveda ROM\u00c2NIA<\/title>\n\n","aioseo_head_json":{"title":"Ziua Hindi 2021 | AMN Ayurveda ROM\u00c2NIA","description":"Ziua Ayurveda Prezentari Festivitati Conferinte Ziua Ayurveda Prezentari Festivitati Conferinte Ziua Hindi \u2013 Hindi Diwas14 septembrie 2021 Hindi Diwas, s\u0103rb\u0103torit\u0103 anual pe 14 septembrie, reprezint\u0103 o zi de omagiu \u0219i recunoa\u0219tere a limbii Hindi \u00een comunit\u0103\u021bile indiene din \u00eentreaga lume. Aceast\u0103 zi semnificativ\u0103 marcheaz\u0103 momentul istoric din 14 septembrie 1949, c\u00e2nd Adunarea Constituant\u0103 a Indiei a","canonical_url":"https:\/\/amnromania.ro\/hu\/day-hindi-2021\/","robots":"max-image-preview:large","keywords":"","webmasterTools":{"google-site-verification":"G-391X30D2FS","miscellaneous":""},"og:locale":"hu_HU","og:site_name":"AMN Ayurveda ROM\u00c2NIA | Asociatia Nationala pentru Promovarea Medicinelor Neconventionale","og:type":"article","og:title":"Ziua Hindi 2021 | AMN Ayurveda ROM\u00c2NIA","og:description":"Ziua Ayurveda Prezentari Festivitati Conferinte Ziua Ayurveda Prezentari Festivitati Conferinte Ziua Hindi \u2013 Hindi Diwas14 septembrie 2021 Hindi Diwas, s\u0103rb\u0103torit\u0103 anual pe 14 septembrie, reprezint\u0103 o zi de omagiu \u0219i recunoa\u0219tere a limbii Hindi \u00een comunit\u0103\u021bile indiene din \u00eentreaga lume. Aceast\u0103 zi semnificativ\u0103 marcheaz\u0103 momentul istoric din 14 septembrie 1949, c\u00e2nd Adunarea Constituant\u0103 a Indiei a","og:url":"https:\/\/amnromania.ro\/hu\/day-hindi-2021\/","og:image":"https:\/\/amnromania.ro\/wp-content\/uploads\/2024\/01\/20210914_191452-scaled.jpg","og:image:secure_url":"https:\/\/amnromania.ro\/wp-content\/uploads\/2024\/01\/20210914_191452-scaled.jpg","og:image:width":"2560","og:image:height":"1440","article:published_time":"2024-01-28T10:22:23+00:00","article:modified_time":"2024-01-28T10:31:26+00:00","article:publisher":"https:\/\/www.facebook.com\/AMNRomania","schema":{"@context":"https:\/\/schema.org","@graph":[{"@type":"BreadcrumbList","@id":"https:\/\/amnromania.ro\/hu\/day-hindi-2021\/#breadcrumblist","itemListElement":[{"@type":"ListItem","@id":"https:\/\/amnromania.ro\/hu\/#listItem","position":1,"name":"Home","item":"https:\/\/amnromania.ro\/hu\/","nextItem":"https:\/\/amnromania.ro\/hu\/day-hindi-2021\/#listItem"},{"@type":"ListItem","@id":"https:\/\/amnromania.ro\/hu\/day-hindi-2021\/#listItem","position":2,"name":"Ziua Hindi 2021","previousItem":"https:\/\/amnromania.ro\/hu\/#listItem"}]},{"@type":"Organization","@id":"https:\/\/amnromania.ro\/hu\/#organization","name":"AMN Ayurveda Romania","url":"https:\/\/amnromania.ro\/hu\/","logo":{"@type":"ImageObject","url":"https:\/\/amnromania.ro\/ynorsyju\/2020\/10\/amn.png","@id":"https:\/\/amnromania.ro\/hu\/day-hindi-2021\/#organizationLogo"},"image":{"@id":"https:\/\/amnromania.ro\/hu\/day-hindi-2021\/#organizationLogo"},"sameAs":["https:\/\/www.facebook.com\/AMNRomania","https:\/\/www.youtube.com\/channel\/UClfqKxiq_uZ11rthDIT3-BQ\/videos"]},{"@type":"WebPage","@id":"https:\/\/amnromania.ro\/hu\/day-hindi-2021\/#webpage","url":"https:\/\/amnromania.ro\/hu\/day-hindi-2021\/","name":"Ziua Hindi 2021 | AMN Ayurveda ROM\u00c2NIA","description":"Ziua Ayurveda Prezentari Festivitati Conferinte Ziua Ayurveda Prezentari Festivitati Conferinte Ziua Hindi \u2013 Hindi Diwas14 septembrie 2021 Hindi Diwas, s\u0103rb\u0103torit\u0103 anual pe 14 septembrie, reprezint\u0103 o zi de omagiu \u0219i recunoa\u0219tere a limbii Hindi \u00een comunit\u0103\u021bile indiene din \u00eentreaga lume. Aceast\u0103 zi semnificativ\u0103 marcheaz\u0103 momentul istoric din 14 septembrie 1949, c\u00e2nd Adunarea Constituant\u0103 a Indiei a","inLanguage":"hu-HU","isPartOf":{"@id":"https:\/\/amnromania.ro\/hu\/#website"},"breadcrumb":{"@id":"https:\/\/amnromania.ro\/hu\/day-hindi-2021\/#breadcrumblist"},"image":{"@type":"ImageObject","url":"https:\/\/amnromania.ro\/wp-content\/uploads\/2024\/01\/20210914_191452-scaled.jpg","@id":"https:\/\/amnromania.ro\/hu\/day-hindi-2021\/#mainImage","width":2560,"height":1440,"caption":"Hindi day - Ziua Hindi"},"primaryImageOfPage":{"@id":"https:\/\/amnromania.ro\/hu\/day-hindi-2021\/#mainImage"},"datePublished":"2024-01-28T12:22:23+02:00","dateModified":"2024-01-28T12:31:26+02:00"},{"@type":"WebSite","@id":"https:\/\/amnromania.ro\/hu\/#website","url":"https:\/\/amnromania.ro\/hu\/","name":"AMN Ayurveda ROM\u00c2NIA","description":"Asociatia Nationala pentru Promovarea Medicinelor Neconventionale","inLanguage":"hu-HU","publisher":{"@id":"https:\/\/amnromania.ro\/hu\/#organization"}}]}},"aioseo_meta_data":{"post_id":"11932","title":null,"description":null,"keywords":"[]","keyphrases":"{\"focus\":{\"keyphrase\":\"Ziua Hindi\",\"score\":88,\"analysis\":{\"keyphraseInTitle\":{\"title\":\"Focus keyphrase in SEO title\",\"description\":\"Focus keyphrase found in SEO title.\",\"score\":9,\"maxScore\":9,\"error\":0},\"keyphraseInDescription\":{\"title\":\"Focus keyphrase in meta description\",\"description\":\"Focus keyphrase found in meta description.\",\"score\":9,\"maxScore\":9,\"error\":0},\"keyphraseLength\":{\"title\":\"Focus keyphrase length\",\"description\":\"Good job!\",\"score\":9,\"maxScore\":9,\"error\":0,\"length\":2},\"keyphraseInURL\":{\"title\":\"Focus keyphrase in URL\",\"description\":\"Focus keyphrase used in the URL.\",\"score\":5,\"maxScore\":5,\"error\":0},\"keyphraseInIntroduction\":{\"title\":\"Focus keyphrase in introduction\",\"description\":\"Your Focus keyphrase does not appear in the first paragraph. Make sure the topic is clear immediately.\",\"score\":3,\"maxScore\":9,\"error\":1},\"keyphraseInSubHeadings\":[],\"keyphraseInImageAlt\":{\"title\":\"Focus keyphrase in image alt attributes\",\"description\":\"Focus keyphrase found in image alt attribute(s).\",\"score\":9,\"maxScore\":9,\"error\":0}}},\"additional\":[{\"keyphrase\":\"Hindi Diwas\",\"score\":100,\"analysis\":{\"keyphraseInDescription\":{\"title\":\"Keyphrase in meta description\",\"description\":\"Keyphrase found in meta description.\",\"score\":9,\"maxScore\":9,\"error\":0},\"keyphraseLength\":{\"title\":\"Keyphrase length\",\"description\":\"Good job!\",\"score\":9,\"maxScore\":9,\"error\":0,\"length\":2},\"keyphraseInIntroduction\":{\"title\":\"Keyphrase in introduction\",\"description\":\"Your Keyphrase appears in the first paragraph. Well done!\",\"score\":9,\"maxScore\":9,\"error\":0},\"keyphraseInImageAlt\":{\"title\":\"Keyphrase in image alt attributes\",\"description\":\"Keyphrase found in image alt attribute(s).\",\"score\":9,\"maxScore\":9,\"error\":0}}}]}","primary_term":null,"canonical_url":null,"og_title":null,"og_description":null,"og_object_type":"default","og_image_type":"featured","og_image_url":"https:\/\/amnromania.ro\/wp-content\/uploads\/2024\/01\/20210914_191452-scaled.jpg","og_image_width":"2560","og_image_height":"1440","og_image_custom_url":null,"og_image_custom_fields":null,"og_video":"","og_custom_url":null,"og_article_section":null,"og_article_tags":"[]","twitter_use_og":false,"twitter_card":"default","twitter_image_type":"featured","twitter_image_url":"https:\/\/amnromania.ro\/wp-content\/uploads\/2024\/01\/20210914_191452-scaled.jpg","twitter_image_custom_url":null,"twitter_image_custom_fields":null,"twitter_title":null,"twitter_description":null,"schema":{"blockGraphs":[],"customGraphs":[],"default":{"data":{"Article":[],"Course":[],"Dataset":[],"FAQPage":[],"Movie":[],"Person":[],"Product":[],"Recipe":[],"Service":[],"SoftwareApplication":[],"WebPage":{"id":"#aioseo-web-page-65b6315e9b280","slug":"web-page","graphName":"WebPage","label":"Web Page","properties":{"type":"WebPage","name":"","description":""}}},"graphName":"WebPage","isEnabled":true},"graphs":[]},"schema_type":"default","schema_type_options":"{\"article\":{\"articleType\":\"BlogPosting\"},\"course\":{\"name\":\"\",\"description\":\"\",\"provider\":\"\"},\"faq\":{\"pages\":[]},\"product\":{\"reviews\":[]},\"recipe\":{\"ingredients\":[],\"instructions\":[],\"keywords\":[]},\"software\":{\"reviews\":[],\"operatingSystems\":[]},\"webPage\":{\"webPageType\":\"WebPage\"},\"blockGraphs\":[]}","pillar_content":false,"robots_default":true,"robots_noindex":false,"robots_noarchive":false,"robots_nosnippet":false,"robots_nofollow":false,"robots_noimageindex":false,"robots_noodp":false,"robots_notranslate":false,"robots_max_snippet":"-1","robots_max_videopreview":"-1","robots_max_imagepreview":"large","priority":null,"frequency":"default","local_seo":null,"limit_modified_date":false,"open_ai":null,"created":"2024-01-28 10:16:12","updated":"2024-01-28 10:50:06"},"aioseo_breadcrumb":"<div class=\"aioseo-breadcrumbs\"><span class=\"aioseo-breadcrumb\">\n\t<a href=\"https:\/\/amnromania.ro\/hu\" title=\"Home\">Home<\/a>\n<\/span><span class=\"aioseo-breadcrumb-separator\">&raquo;<\/span><span class=\"aioseo-breadcrumb\">\n\tZiua Hindi 2021\n<\/span><\/div>","aioseo_breadcrumb_json":[{"label":"Home","link":"https:\/\/amnromania.ro\/hu"},{"label":"Ziua Hindi 2021","link":"https:\/\/amnromania.ro\/hu\/day-hindi-2021\/"}],"_links":{"self":[{"href":"https:\/\/amnromania.ro\/hu\/wp-json\/wp\/v2\/pages\/11932","targetHints":{"allow":["GET"]}}],"collection":[{"href":"https:\/\/amnromania.ro\/hu\/wp-json\/wp\/v2\/pages"}],"about":[{"href":"https:\/\/amnromania.ro\/hu\/wp-json\/wp\/v2\/types\/page"}],"author":[{"embeddable":true,"href":"https:\/\/amnromania.ro\/hu\/wp-json\/wp\/v2\/users\/1"}],"replies":[{"embeddable":true,"href":"https:\/\/amnromania.ro\/hu\/wp-json\/wp\/v2\/comments?post=11932"}],"version-history":[{"count":5,"href":"https:\/\/amnromania.ro\/hu\/wp-json\/wp\/v2\/pages\/11932\/revisions"}],"predecessor-version":[{"id":11939,"href":"https:\/\/amnromania.ro\/hu\/wp-json\/wp\/v2\/pages\/11932\/revisions\/11939"}],"wp:featuredmedia":[{"embeddable":true,"href":"https:\/\/amnromania.ro\/hu\/wp-json\/wp\/v2\/media\/11935"}],"wp:attachment":[{"href":"https:\/\/amnromania.ro\/hu\/wp-json\/wp\/v2\/media?parent=11932"}],"curies":[{"name":"wp","href":"https:\/\/api.w.org\/{rel}","templated":true}]}}