{"id":11618,"date":"2023-10-16T11:25:07","date_gmt":"2023-10-16T09:25:07","guid":{"rendered":"https:\/\/amnromania.ro\/?page_id=11618"},"modified":"2023-10-16T11:33:26","modified_gmt":"2023-10-16T09:33:26","slug":"szomatometria-ayurveda","status":"publish","type":"page","link":"https:\/\/amnromania.ro\/hu\/szomatometria-ayurveda\/","title":{"rendered":"Szomatoter\u00e1pia \u00e9s Ayurveda"},"content":{"rendered":"<div data-elementor-type=\"wp-page\" data-elementor-id=\"11618\" class=\"elementor elementor-11618\" data-elementor-post-type=\"page\">\n\t\t\t\t\t\t<section class=\"elementor-section elementor-top-section elementor-element elementor-element-53bc744 elementor-section-boxed elementor-section-height-default elementor-section-height-default\" data-id=\"53bc744\" data-element_type=\"section\">\n\t\t\t\t\t\t<div class=\"elementor-container elementor-column-gap-default\">\n\t\t\t\t\t<div class=\"elementor-column elementor-col-50 elementor-top-column elementor-element elementor-element-7bb8325\" data-id=\"7bb8325\" data-element_type=\"column\">\n\t\t\t<div class=\"elementor-widget-wrap elementor-element-populated\">\n\t\t\t\t\t\t<div class=\"elementor-element elementor-element-55cf0fd elementor-nav-menu__align-start elementor-nav-menu__text-align-center elementor-nav-menu--dropdown-tablet elementor-nav-menu--toggle elementor-nav-menu--burger elementor-widget elementor-widget-global elementor-global-4259 elementor-widget-nav-menu\" data-id=\"55cf0fd\" data-element_type=\"widget\" data-settings=\"{&quot;layout&quot;:&quot;vertical&quot;,&quot;submenu_icon&quot;:{&quot;value&quot;:&quot;fas fa-caret-down&quot;,&quot;library&quot;:&quot;fa-solid&quot;},&quot;toggle&quot;:&quot;burger&quot;}\" data-widget_type=\"nav-menu.default\">\n\t\t\t\t<div class=\"elementor-widget-container\">\n\t\t\t\t\t\t\t\t<nav aria-label=\"Men\u00fc\" class=\"elementor-nav-menu--main elementor-nav-menu__container elementor-nav-menu--layout-vertical e--pointer-background e--animation-fade\">\n\t\t\t\t<ul id=\"menu-1-55cf0fd\" class=\"elementor-nav-menu sm-vertical\"><li class=\"menu-item menu-item-type-post_type menu-item-object-page menu-item-4237\"><a href=\"https:\/\/amnromania.ro\/hu\/tevekenyseg\/ayurveda-tanfolyamok\/\" class=\"elementor-item\">Ayurveda tanfolyamok<\/a><\/li>\n<li class=\"menu-item menu-item-type-post_type menu-item-object-page menu-item-4234\"><a href=\"https:\/\/amnromania.ro\/hu\/tevekenyseg\/ayurveda-versenyek\/\" class=\"elementor-item\">Ayurveda versenyek<\/a><\/li>\n<li class=\"menu-item menu-item-type-post_type menu-item-object-page menu-item-4235\"><a href=\"https:\/\/amnromania.ro\/hu\/tevekenyseg\/ayurveda-konferencia\/\" class=\"elementor-item\">Ayurveda konferenci\u00e1k<\/a><\/li>\n<li class=\"menu-item menu-item-type-post_type menu-item-object-page menu-item-4236\"><a href=\"https:\/\/amnromania.ro\/hu\/tevekenyseg\/ayurveda-kongresszus\/\" class=\"elementor-item\">Ayurveda kongresszus<\/a><\/li>\n<li class=\"menu-item menu-item-type-post_type menu-item-object-page menu-item-5535\"><a href=\"https:\/\/amnromania.ro\/hu\/tevekenyseg\/ayurveda-taborok\/\" class=\"elementor-item\">Ayurveda t\u00e1borok<\/a><\/li>\n<\/ul>\t\t\t<\/nav>\n\t\t\t\t\t<div class=\"elementor-menu-toggle\" role=\"button\" tabindex=\"0\" aria-label=\"Toggle men\u00fc\" aria-expanded=\"false\">\n\t\t\t<i aria-hidden=\"true\" role=\"presentation\" class=\"elementor-menu-toggle__icon--open eicon-menu-bar\"><\/i><i aria-hidden=\"true\" role=\"presentation\" class=\"elementor-menu-toggle__icon--close eicon-close\"><\/i>\t\t<\/div>\n\t\t\t\t\t<nav class=\"elementor-nav-menu--dropdown elementor-nav-menu__container\" aria-hidden=\"true\">\n\t\t\t\t<ul id=\"menu-2-55cf0fd\" class=\"elementor-nav-menu sm-vertical\"><li class=\"menu-item menu-item-type-post_type menu-item-object-page menu-item-4237\"><a href=\"https:\/\/amnromania.ro\/hu\/tevekenyseg\/ayurveda-tanfolyamok\/\" class=\"elementor-item\" tabindex=\"-1\">Ayurveda tanfolyamok<\/a><\/li>\n<li class=\"menu-item menu-item-type-post_type menu-item-object-page menu-item-4234\"><a href=\"https:\/\/amnromania.ro\/hu\/tevekenyseg\/ayurveda-versenyek\/\" class=\"elementor-item\" tabindex=\"-1\">Ayurveda versenyek<\/a><\/li>\n<li class=\"menu-item menu-item-type-post_type menu-item-object-page menu-item-4235\"><a href=\"https:\/\/amnromania.ro\/hu\/tevekenyseg\/ayurveda-konferencia\/\" class=\"elementor-item\" tabindex=\"-1\">Ayurveda konferenci\u00e1k<\/a><\/li>\n<li class=\"menu-item menu-item-type-post_type menu-item-object-page menu-item-4236\"><a href=\"https:\/\/amnromania.ro\/hu\/tevekenyseg\/ayurveda-kongresszus\/\" class=\"elementor-item\" tabindex=\"-1\">Ayurveda kongresszus<\/a><\/li>\n<li class=\"menu-item menu-item-type-post_type menu-item-object-page menu-item-5535\"><a href=\"https:\/\/amnromania.ro\/hu\/tevekenyseg\/ayurveda-taborok\/\" class=\"elementor-item\" tabindex=\"-1\">Ayurveda t\u00e1borok<\/a><\/li>\n<\/ul>\t\t\t<\/nav>\n\t\t\t\t\t\t<\/div>\n\t\t\t\t<\/div>\n\t\t\t\t\t<\/div>\n\t\t<\/div>\n\t\t\t\t<div class=\"elementor-column elementor-col-50 elementor-top-column elementor-element elementor-element-e4cf0bd\" data-id=\"e4cf0bd\" data-element_type=\"column\">\n\t\t\t<div class=\"elementor-widget-wrap elementor-element-populated\">\n\t\t\t\t\t\t<div class=\"elementor-element elementor-element-6aeb2ff elementor-widget elementor-widget-text-editor\" data-id=\"6aeb2ff\" data-element_type=\"widget\" data-widget_type=\"text-editor.default\">\n\t\t\t\t<div class=\"elementor-widget-container\">\n\t\t\t\t\t\t\t\t\t<h1 style=\"text-align: center;\"><span style=\"color: #ffcc00;\">SZOMATOMETRIA \u00c9S AYURVEDA<\/span><\/h1><h2 style=\"text-align: center;\"><span style=\"color: #ffcc00;\">AZ EMBERI TEST M\u00c9R\u00c9SE<\/span><\/h2><div>\u00a0<\/div><p>A szomatometria egyszer\u0171en \u00fagy hat\u00e1rozhat\u00f3 meg, mint az a tudom\u00e1ny\u00e1g, amely az emberi test \u00e9s alkot\u00f3r\u00e9szei m\u00e9reteinek m\u00e9r\u00e9s\u00e9vel foglalkozik. A szomatometria tudom\u00e1nya \u00e1ltal szolg\u00e1ltatott inform\u00e1ci\u00f3kat manaps\u00e1g f\u0151k\u00e9nt olyan ter\u00fcleteken haszn\u00e1lj\u00e1k fel, ahol az orvostudom\u00e1ny a m\u0171v\u00e9szettel, a kult\u00far\u00e1val, a pszichol\u00f3gi\u00e1val vagy a technol\u00f3gi\u00e1val \u00e9rintkezik, mint p\u00e9ld\u00e1ul a m\u0171v\u00e9szeti anat\u00f3mia, az antropol\u00f3gia, a fiziogn\u00f3mia vagy az ergon\u00f3mia.<\/p><p>A szomatometria objekt\u00edv, megb\u00edzhat\u00f3, reproduk\u00e1lhat\u00f3 adatokat szolg\u00e1ltat az egym\u00e1st k\u00f6vet\u0151, pontos m\u00e9r\u00e9sekhez, amelyeket azt\u00e1n a k\u00e9palkot\u00f3 orvostudom\u00e1nyban haszn\u00e1lnak fel, pl. a bels\u0151 szervek m\u00e9retei az ultrahangvizsg\u00e1latban, az anat\u00f3miai topogr\u00e1fiai metszetek a komputertomogr\u00e1fi\u00e1ban, a k\u00e9pm\u00e9r\u00e9s a tumorpatol\u00f3gi\u00e1ban, a ciszt\u00e1s patol\u00f3gi\u00e1ban vagy a litiazisban.<\/p><p><img fetchpriority=\"high\" decoding=\"async\" class=\"size-medium wp-image-11624 alignleft\" src=\"https:\/\/amnromania.ro\/wp-content\/uploads\/2023\/10\/padure-300x225.jpg\" alt=\"\" width=\"300\" height=\"225\" srcset=\"https:\/\/amnromania.ro\/wp-content\/uploads\/2023\/10\/padure-300x225.jpg 300w, https:\/\/amnromania.ro\/wp-content\/uploads\/2023\/10\/padure-1024x768.jpg 1024w, https:\/\/amnromania.ro\/wp-content\/uploads\/2023\/10\/padure-768x576.jpg 768w, https:\/\/amnromania.ro\/wp-content\/uploads\/2023\/10\/padure-16x12.jpg 16w, https:\/\/amnromania.ro\/wp-content\/uploads\/2023\/10\/padure.jpg 1280w\" sizes=\"(max-width: 300px) 100vw, 300px\" \/>M\u00e1sr\u00e9szt a szomatometria az adatok korrelat\u00edv-intuit\u00edv-statisztikai \u00e9rtelmez\u00e9s\u00e9t alkalmazza, mint a fiziogn\u00f3mia. P\u00e9ld\u00e1ul azt tal\u00e1lt\u00e1k, hogy a nagyobb f\u00fcl\u0171 vagy magasabb emberek \u00e1ltal\u00e1ban magasabb l\u00e1tens hossz\u00fa \u00e9let\u0171 potenci\u00e1llal rendelkeznek. Az ut\u00f3bb eml\u00edtett \u00e9rtelmez\u00e9s, b\u00e1r viszonylag szubjekt\u00edv, tal\u00e1n m\u00e9g szubjekt\u00edvebb, mint a jelenlegi k\u00e9palkot\u00e1sban haszn\u00e1lt objekt\u00edv adatok, \u00e9s a szubjektivit\u00e1s \u00e9ppen a predikt\u00edv jelleg\u00e9b\u0151l ad\u00f3dik, m\u00e9gis fontos a klinikai gyakorlat sz\u00e1m\u00e1ra, \u00e9s konkr\u00e9t helyzetekben bizony\u00edtotta \u00e9rv\u00e9nyess\u00e9g\u00e9t.<\/p><p>A modern hagyom\u00e1nyos orvosl\u00e1sban a diagn\u00f3zist gyakran szomatometriai elemz\u00e9s alapj\u00e1n \u00e1ll\u00edtj\u00e1k fel, amely relev\u00e1ns \u00e9s k\u00fcl\u00f6n\u00f6sen hasznos lehet.<\/p><p>A t\u00fcd\u0151t\u00e1gulat klinikailag diagnosztiz\u00e1lhat\u00f3 a \"hord\u00f3 mellkas\" plasztikai k\u00e9p\u00e9b\u0151l, megn\u00f6vekedett \u00e1tm\u00e9r\u0151vel, nyitottabb subcostalis sz\u00f6ggel, besz\u0171k\u00fclt bordak\u00f6zi terekkel \u00e9s a g\u00e9ge pajzsmirigyporc \u00e9s a szegycsont k\u00f6z\u00f6tti cs\u00f6kkent t\u00e1vols\u00e1ggal. A szomatometria tov\u00e1bbi felhaszn\u00e1l\u00e1si ter\u00fcletei a t\u00f6rt\u00e9nelem, a r\u00e9g\u00e9szet \u00e9s az antropol\u00f3gia (az \u0151si n\u00e9pess\u00e9g magass\u00e1g\u00e1nak becsl\u00e9se a csontv\u00e1zak m\u00e9ret\u00e9nek m\u00e9r\u00e9s\u00e9vel). A fiziogn\u00f3mia gondos \u00f6sszef\u00fcgg\u00e9se a pszichol\u00f3gi\u00e1val \u00e9s a statisztikai adatfeldolgoz\u00e1ssal lehet\u0151v\u00e9 tette olyan sz\u00e1m\u00edt\u00f3g\u00e9pes programok kifejleszt\u00e9s\u00e9t, amelyek r\u00e9szletes pszichol\u00f3giai tesztekben felismerik vagy meger\u0151s\u00edtik a szem\u00e9lyes k\u00e9pess\u00e9gek megl\u00e9t\u00e9t. Amint azt az \u00e1jurv\u00e9dikus rendszer hagyom\u00e1nya pontosan jelzi, a test ar\u00e1nyai bizonyos fizikai adotts\u00e1gok megl\u00e9t\u00e9re utalnak.<\/p><p>A szomatometria betekint\u00e9st ny\u00fajthat az ember l\u00e9tfontoss\u00e1g\u00fa dinamikai \u00e9s energetikai aspektusaiba, amelyek hasznosak az eg\u00e9szs\u00e9gi \u00e1llapot \u00e9s a testi fizikai teljes\u00edtm\u00e9ny meghat\u00e1roz\u00e1s\u00e1ban.<\/p><p>A hagyom\u00e1nyos \u00e1jurv\u00e9dikus adatok \u00f6sszekapcsol\u00e1sa a szomatometri\u00e1val jav\u00edthatja ezeket a hagyom\u00e1nyos adatokat, ahogyan azt m\u00e1r megtett\u00e9k p\u00e9ld\u00e1ul a sportban vagy az \u0171rhaj\u00f3z\u00e1si orvosl\u00e1sban.<\/p><p>A test \u00e9s szegmenseinek az \u00e1jurv\u00e9dikus tipol\u00f3gi\u00e1k (dosha-prakriti) tudom\u00e1nya \u00e1ltal jelzett dimenzi\u00f3i nagyon fontos adatokat jelezhetnek a term\u00e9szetes gy\u00f3gy\u00edt\u00e1s szempontj\u00e1b\u00f3l, olyan adatokat, amelyek hasznosak a pontos szem\u00e9lyes saj\u00e1toss\u00e1gok meghat\u00e1roz\u00e1s\u00e1ban, az ember vitalit\u00e1s\u00e1nak felm\u00e9r\u00e9s\u00e9ben, az egyes potenci\u00e1lis zavar\u00f3 t\u00e9nyez\u0151kre val\u00f3 reakci\u00f3 val\u00f3sz\u00edn\u0171s\u00edthet\u0151 m\u00e9rt\u00e9k\u00e9nek becsl\u00e9s\u00e9ben, a gy\u00f3gyul\u00e1si folyamat sor\u00e1n mozg\u00f3s\u00edthat\u00f3 \u00e9leter\u0151 potenci\u00e1lj\u00e1nak felm\u00e9r\u00e9s\u00e9ben.<\/p><p>Az Ayurveda \u0151si tudom\u00e1nya, valamint az Indi\u00e1ban \u00e9s a hagyom\u00e1nyos k\u00ednai gy\u00f3gy\u00edt\u00f3 rendszerben egyar\u00e1nt alkalmazott akupunkt\u00fara \u00e9s akupressz\u00fara a szomatometria gyakorlati szempontjain alapul. Az \u00e1jurv\u00e9dikus rendszer \u00e9vezredes gyakorlati b\u00f6lcsess\u00e9ge vezetett el az egyes emberekre vonatkoz\u00f3 konkr\u00e9t, ar\u00e1nyos testm\u00e9retek meg\u00e1llap\u00edt\u00e1s\u00e1hoz, akiket nagy \u00e9s \u00f6sszetett, t\u00f6bb ar\u00e1nyoss\u00e1gb\u00f3l \u00e1ll\u00f3 eg\u00e9sznek tekint\u00fcnk. A term\u00e9szetes gy\u00f3gy\u00edt\u00e1s ter\u00fclet\u00e9n az Ayurveda a szomatometriai m\u00f3dszerek \u00e1ltal ny\u00fajtott inform\u00e1ci\u00f3kat haszn\u00e1lja fel, \u00e9s az Ayurveda \u00f6n\u00e1ll\u00f3 eg\u00e9szs\u00e9g\u00fcgyi diszcipl\u00ednak\u00e9nt v\u00e1lt ismertt\u00e9.<\/p><p>Az Ayurv\u00e9d\u00e1ban haszn\u00e1lt alapvet\u0151 m\u00e9rt\u00e9kegys\u00e9g az angula, az akupunkt\u00far\u00e1ban haszn\u00e1lt m\u00e9rt\u00e9kegys\u00e9g pedig a cun. Mind az ayurv\u00e9da, mind a k\u00ednai hagyom\u00e1ny szerinti akupunkt\u00fara \u00e9s akupressz\u00fara rutinszer\u0171en haszn\u00e1lja a szomatometri\u00e1ra jellemz\u0151 gyakorlati szempontokat a bels\u0151 szervek m\u00e9ret\u00e9nek felm\u00e9r\u00e9s\u00e9re a test bizonyos t\u00e1j\u00e9koz\u00f3d\u00e1si pontjai k\u00f6z\u00f6tti t\u00e1vols\u00e1gok m\u00e9r\u00e9s\u00e9vel.<\/p><p>A hagyom\u00e1nyos m\u00f3don v\u00e9gzett testm\u00e9r\u00e9sek a test\u00f6sszet\u00e9tel ar\u00e1nyoss\u00e1g\u00e1nak sz\u00e1mos l\u00e9nyeges szempontj\u00e1t emelik ki, \u00e9s \u00edgy \u00e9rt\u00e9kes adatokat szolg\u00e1ltatnak, amelyek k\u00fcl\u00f6n\u00f6sen hasznosnak bizonyulnak az ember eg\u00e9szs\u00e9gi \u00e1llapot\u00e1nak \u00e9rt\u00e9kel\u00e9s\u00e9hez.<\/p>\t\t\t\t\t\t\t\t<\/div>\n\t\t\t\t<\/div>\n\t\t\t\t\t<\/div>\n\t\t<\/div>\n\t\t\t\t\t<\/div>\n\t\t<\/section>\n\t\t\t\t<\/div>","protected":false},"excerpt":{"rendered":"<p>SZOMATOMETRIA \u00c9S AYURVEDA AZ EMBERI TEST M\u00c9R\u00c9SE A szomatometria egyszer\u0171en \u00fagy hat\u00e1rozhat\u00f3 meg, mint az a tudom\u00e1ny\u00e1g, amely az emberi test \u00e9s alkot\u00f3r\u00e9szei m\u00e9reteinek m\u00e9r\u00e9s\u00e9vel foglalkozik. A szomatometria tudom\u00e1nya \u00e1ltal szolg\u00e1ltatott inform\u00e1ci\u00f3kat manaps\u00e1g f\u0151k\u00e9nt olyan ter\u00fcleteken haszn\u00e1lj\u00e1k fel, ahol az orvostudom\u00e1ny a m\u0171v\u00e9szettel, a kult\u00far\u00e1val, a pszichol\u00f3gi\u00e1val vagy a technol\u00f3gi\u00e1val keveredik, mint p\u00e9ld\u00e1ul [...].<\/p>","protected":false},"author":1,"featured_media":0,"parent":0,"menu_order":0,"comment_status":"closed","ping_status":"closed","template":"","meta":{"_mi_skip_tracking":false,"_analytify_skip_tracking":false,"footnotes":""},"class_list":["post-11618","page","type-page","status-publish","hentry"],"aioseo_notices":[],"aioseo_head":"\n\t\t<!-- All in One SEO Pro 4.7.0 - aioseo.com -->\n\t\t<meta name=\"description\" content=\"Cursuri de Ayurveda Concursuri de Ayurveda Conferinte de Ayurveda Congrese de Ayurveda Tabere de Ayurveda Cursuri de Ayurveda Concursuri de Ayurveda Conferinte de Ayurveda Congrese de Ayurveda Tabere de Ayurveda SOMATOMETRIA \u015eI AYURVEDAM\u0102SURAREA TRUPULUI UMAN Somatometria poate fi definit\u0103 simplu ca fiind disciplina care se ocup\u0103 cu m\u0103surarea dimensiunilor trupului uman \u015fi ale p\u0103r\u021bilor sale constitutive.\" \/>\n\t\t<meta name=\"robots\" content=\"max-image-preview:large\" \/>\n\t\t<meta name=\"google-site-verification\" content=\"G-391X30D2FS\" \/>\n\t\t<link rel=\"canonical\" href=\"https:\/\/amnromania.ro\/hu\/szomatometria-ayurveda\/\" \/>\n\t\t<meta name=\"generator\" content=\"All in One SEO Pro (AIOSEO) 4.7.0\" \/>\n\t\t<meta property=\"og:locale\" content=\"hu_HU\" \/>\n\t\t<meta property=\"og:site_name\" content=\"AMN Ayurveda ROM\u00c2NIA | Asociatia Nationala pentru Promovarea Medicinelor Neconventionale\" \/>\n\t\t<meta property=\"og:type\" content=\"article\" \/>\n\t\t<meta property=\"og:title\" content=\"Somatoterapia si Ayurveda | AMN Ayurveda ROM\u00c2NIA\" \/>\n\t\t<meta property=\"og:description\" content=\"Cursuri de Ayurveda Concursuri de Ayurveda Conferinte de Ayurveda Congrese de Ayurveda Tabere de Ayurveda Cursuri de Ayurveda Concursuri de Ayurveda Conferinte de Ayurveda Congrese de Ayurveda Tabere de Ayurveda SOMATOMETRIA \u015eI AYURVEDAM\u0102SURAREA TRUPULUI UMAN Somatometria poate fi definit\u0103 simplu ca fiind disciplina care se ocup\u0103 cu m\u0103surarea dimensiunilor trupului uman \u015fi ale p\u0103r\u021bilor sale constitutive.\" \/>\n\t\t<meta property=\"og:url\" content=\"https:\/\/amnromania.ro\/hu\/szomatometria-ayurveda\/\" \/>\n\t\t<meta property=\"og:image\" content=\"https:\/\/amnromania.ro\/ynorsyju\/2021\/06\/Ayurveda-in-Romania-Vol.-2-Ro.jpg\" \/>\n\t\t<meta property=\"og:image:secure_url\" content=\"https:\/\/amnromania.ro\/ynorsyju\/2021\/06\/Ayurveda-in-Romania-Vol.-2-Ro.jpg\" \/>\n\t\t<meta property=\"article:published_time\" content=\"2023-10-16T09:25:07+00:00\" \/>\n\t\t<meta property=\"article:modified_time\" content=\"2023-10-16T09:33:26+00:00\" \/>\n\t\t<meta property=\"article:publisher\" content=\"https:\/\/www.facebook.com\/AMNRomania\" \/>\n\t\t<script type=\"application\/ld+json\" class=\"aioseo-schema\">\n\t\t\t{\"@context\":\"https:\\\/\\\/schema.org\",\"@graph\":[{\"@type\":\"BreadcrumbList\",\"@id\":\"https:\\\/\\\/amnromania.ro\\\/hu\\\/szomatometria-ayurveda\\\/#breadcrumblist\",\"itemListElement\":[{\"@type\":\"ListItem\",\"@id\":\"https:\\\/\\\/amnromania.ro\\\/hu\\\/#listItem\",\"position\":1,\"name\":\"Home\",\"item\":\"https:\\\/\\\/amnromania.ro\\\/hu\\\/\",\"nextItem\":\"https:\\\/\\\/amnromania.ro\\\/hu\\\/szomatometria-ayurveda\\\/#listItem\"},{\"@type\":\"ListItem\",\"@id\":\"https:\\\/\\\/amnromania.ro\\\/hu\\\/szomatometria-ayurveda\\\/#listItem\",\"position\":2,\"name\":\"Somatoterapia si Ayurveda\",\"previousItem\":\"https:\\\/\\\/amnromania.ro\\\/hu\\\/#listItem\"}]},{\"@type\":\"Organization\",\"@id\":\"https:\\\/\\\/amnromania.ro\\\/hu\\\/#organization\",\"name\":\"AMN Ayurveda Romania\",\"url\":\"https:\\\/\\\/amnromania.ro\\\/hu\\\/\",\"logo\":{\"@type\":\"ImageObject\",\"url\":\"https:\\\/\\\/amnromania.ro\\\/ynorsyju\\\/2020\\\/10\\\/amn.png\",\"@id\":\"https:\\\/\\\/amnromania.ro\\\/hu\\\/szomatometria-ayurveda\\\/#organizationLogo\"},\"image\":{\"@id\":\"https:\\\/\\\/amnromania.ro\\\/hu\\\/szomatometria-ayurveda\\\/#organizationLogo\"},\"sameAs\":[\"https:\\\/\\\/www.facebook.com\\\/AMNRomania\",\"https:\\\/\\\/www.youtube.com\\\/channel\\\/UClfqKxiq_uZ11rthDIT3-BQ\\\/videos\"]},{\"@type\":\"WebPage\",\"@id\":\"https:\\\/\\\/amnromania.ro\\\/hu\\\/szomatometria-ayurveda\\\/#webpage\",\"url\":\"https:\\\/\\\/amnromania.ro\\\/hu\\\/szomatometria-ayurveda\\\/\",\"name\":\"Somatoterapia si Ayurveda | AMN Ayurveda ROM\\u00c2NIA\",\"description\":\"Cursuri de Ayurveda Concursuri de Ayurveda Conferinte de Ayurveda Congrese de Ayurveda Tabere de Ayurveda Cursuri de Ayurveda Concursuri de Ayurveda Conferinte de Ayurveda Congrese de Ayurveda Tabere de Ayurveda SOMATOMETRIA \\u015eI AYURVEDAM\\u0102SURAREA TRUPULUI UMAN Somatometria poate fi definit\\u0103 simplu ca fiind disciplina care se ocup\\u0103 cu m\\u0103surarea dimensiunilor trupului uman \\u015fi ale p\\u0103r\\u021bilor sale constitutive.\",\"inLanguage\":\"hu-HU\",\"isPartOf\":{\"@id\":\"https:\\\/\\\/amnromania.ro\\\/hu\\\/#website\"},\"breadcrumb\":{\"@id\":\"https:\\\/\\\/amnromania.ro\\\/hu\\\/szomatometria-ayurveda\\\/#breadcrumblist\"},\"datePublished\":\"2023-10-16T11:25:07+02:00\",\"dateModified\":\"2023-10-16T11:33:26+02:00\"},{\"@type\":\"WebSite\",\"@id\":\"https:\\\/\\\/amnromania.ro\\\/hu\\\/#website\",\"url\":\"https:\\\/\\\/amnromania.ro\\\/hu\\\/\",\"name\":\"AMN Ayurveda ROM\\u00c2NIA\",\"description\":\"Asociatia Nationala pentru Promovarea Medicinelor Neconventionale\",\"inLanguage\":\"hu-HU\",\"publisher\":{\"@id\":\"https:\\\/\\\/amnromania.ro\\\/hu\\\/#organization\"}}]}\n\t\t<\/script>\n\t\t<!-- All in One SEO Pro -->\r\n\t\t<title>Somatoterapia si Ayurveda | AMN Ayurveda ROM\u00c2NIA<\/title>\n\n","aioseo_head_json":{"title":"Somatoterapia si Ayurveda | AMN Ayurveda ROM\u00c2NIA","description":"Cursuri de Ayurveda Concursuri de Ayurveda Conferinte de Ayurveda Congrese de Ayurveda Tabere de Ayurveda Cursuri de Ayurveda Concursuri de Ayurveda Conferinte de Ayurveda Congrese de Ayurveda Tabere de Ayurveda SOMATOMETRIA \u015eI AYURVEDAM\u0102SURAREA TRUPULUI UMAN Somatometria poate fi definit\u0103 simplu ca fiind disciplina care se ocup\u0103 cu m\u0103surarea dimensiunilor trupului uman \u015fi ale p\u0103r\u021bilor sale constitutive.","canonical_url":"https:\/\/amnromania.ro\/hu\/szomatometria-ayurveda\/","robots":"max-image-preview:large","keywords":"","webmasterTools":{"google-site-verification":"G-391X30D2FS","miscellaneous":""},"og:locale":"hu_HU","og:site_name":"AMN Ayurveda ROM\u00c2NIA | Asociatia Nationala pentru Promovarea Medicinelor Neconventionale","og:type":"article","og:title":"Somatoterapia si Ayurveda | AMN Ayurveda ROM\u00c2NIA","og:description":"Cursuri de Ayurveda Concursuri de Ayurveda Conferinte de Ayurveda Congrese de Ayurveda Tabere de Ayurveda Cursuri de Ayurveda Concursuri de Ayurveda Conferinte de Ayurveda Congrese de Ayurveda Tabere de Ayurveda SOMATOMETRIA \u015eI AYURVEDAM\u0102SURAREA TRUPULUI UMAN Somatometria poate fi definit\u0103 simplu ca fiind disciplina care se ocup\u0103 cu m\u0103surarea dimensiunilor trupului uman \u015fi ale p\u0103r\u021bilor sale constitutive.","og:url":"https:\/\/amnromania.ro\/hu\/szomatometria-ayurveda\/","og:image":"https:\/\/amnromania.ro\/ynorsyju\/2021\/06\/Ayurveda-in-Romania-Vol.-2-Ro.jpg","og:image:secure_url":"https:\/\/amnromania.ro\/ynorsyju\/2021\/06\/Ayurveda-in-Romania-Vol.-2-Ro.jpg","article:published_time":"2023-10-16T09:25:07+00:00","article:modified_time":"2023-10-16T09:33:26+00:00","article:publisher":"https:\/\/www.facebook.com\/AMNRomania","schema":{"@context":"https:\/\/schema.org","@graph":[{"@type":"BreadcrumbList","@id":"https:\/\/amnromania.ro\/hu\/szomatometria-ayurveda\/#breadcrumblist","itemListElement":[{"@type":"ListItem","@id":"https:\/\/amnromania.ro\/hu\/#listItem","position":1,"name":"Home","item":"https:\/\/amnromania.ro\/hu\/","nextItem":"https:\/\/amnromania.ro\/hu\/szomatometria-ayurveda\/#listItem"},{"@type":"ListItem","@id":"https:\/\/amnromania.ro\/hu\/szomatometria-ayurveda\/#listItem","position":2,"name":"Somatoterapia si Ayurveda","previousItem":"https:\/\/amnromania.ro\/hu\/#listItem"}]},{"@type":"Organization","@id":"https:\/\/amnromania.ro\/hu\/#organization","name":"AMN Ayurveda Romania","url":"https:\/\/amnromania.ro\/hu\/","logo":{"@type":"ImageObject","url":"https:\/\/amnromania.ro\/ynorsyju\/2020\/10\/amn.png","@id":"https:\/\/amnromania.ro\/hu\/szomatometria-ayurveda\/#organizationLogo"},"image":{"@id":"https:\/\/amnromania.ro\/hu\/szomatometria-ayurveda\/#organizationLogo"},"sameAs":["https:\/\/www.facebook.com\/AMNRomania","https:\/\/www.youtube.com\/channel\/UClfqKxiq_uZ11rthDIT3-BQ\/videos"]},{"@type":"WebPage","@id":"https:\/\/amnromania.ro\/hu\/szomatometria-ayurveda\/#webpage","url":"https:\/\/amnromania.ro\/hu\/szomatometria-ayurveda\/","name":"Somatoterapia si Ayurveda | AMN Ayurveda ROM\u00c2NIA","description":"Cursuri de Ayurveda Concursuri de Ayurveda Conferinte de Ayurveda Congrese de Ayurveda Tabere de Ayurveda Cursuri de Ayurveda Concursuri de Ayurveda Conferinte de Ayurveda Congrese de Ayurveda Tabere de Ayurveda SOMATOMETRIA \u015eI AYURVEDAM\u0102SURAREA TRUPULUI UMAN Somatometria poate fi definit\u0103 simplu ca fiind disciplina care se ocup\u0103 cu m\u0103surarea dimensiunilor trupului uman \u015fi ale p\u0103r\u021bilor sale constitutive.","inLanguage":"hu-HU","isPartOf":{"@id":"https:\/\/amnromania.ro\/hu\/#website"},"breadcrumb":{"@id":"https:\/\/amnromania.ro\/hu\/szomatometria-ayurveda\/#breadcrumblist"},"datePublished":"2023-10-16T11:25:07+02:00","dateModified":"2023-10-16T11:33:26+02:00"},{"@type":"WebSite","@id":"https:\/\/amnromania.ro\/hu\/#website","url":"https:\/\/amnromania.ro\/hu\/","name":"AMN Ayurveda ROM\u00c2NIA","description":"Asociatia Nationala pentru Promovarea Medicinelor Neconventionale","inLanguage":"hu-HU","publisher":{"@id":"https:\/\/amnromania.ro\/hu\/#organization"}}]}},"aioseo_meta_data":{"post_id":"11618","title":null,"description":null,"keywords":"[]","keyphrases":"{\"focus\":{\"keyphrase\":\"\",\"score\":0,\"analysis\":{\"keyphraseInTitle\":{\"score\":0,\"maxScore\":9,\"error\":1}}},\"additional\":[]}","primary_term":null,"canonical_url":null,"og_title":null,"og_description":null,"og_object_type":"default","og_image_type":"default","og_image_url":null,"og_image_width":null,"og_image_height":null,"og_image_custom_url":null,"og_image_custom_fields":null,"og_video":"","og_custom_url":null,"og_article_section":null,"og_article_tags":"[]","twitter_use_og":false,"twitter_card":"default","twitter_image_type":"default","twitter_image_url":null,"twitter_image_custom_url":null,"twitter_image_custom_fields":null,"twitter_title":null,"twitter_description":null,"schema":{"blockGraphs":[],"customGraphs":[],"default":{"data":{"Article":[],"Course":[],"Dataset":[],"FAQPage":[],"Movie":[],"Person":[],"Product":[],"Recipe":[],"Service":[],"SoftwareApplication":[],"WebPage":{"id":"#aioseo-web-page-65b635887d8fc","slug":"web-page","graphName":"WebPage","label":"Web Page","properties":{"type":"WebPage","name":"","description":""}}},"graphName":"WebPage","isEnabled":true},"graphs":[]},"schema_type":"default","schema_type_options":"{\"article\":{\"articleType\":\"BlogPosting\"},\"course\":{\"name\":\"\",\"description\":\"\",\"provider\":\"\"},\"faq\":{\"pages\":[]},\"product\":{\"reviews\":[]},\"recipe\":{\"ingredients\":[],\"instructions\":[],\"keywords\":[]},\"software\":{\"reviews\":[],\"operatingSystems\":[]},\"webPage\":{\"webPageType\":\"WebPage\"},\"blockGraphs\":[]}","pillar_content":false,"robots_default":true,"robots_noindex":false,"robots_noarchive":false,"robots_nosnippet":false,"robots_nofollow":false,"robots_noimageindex":false,"robots_noodp":false,"robots_notranslate":false,"robots_max_snippet":"-1","robots_max_videopreview":"-1","robots_max_imagepreview":"large","priority":null,"frequency":"default","local_seo":null,"limit_modified_date":false,"open_ai":null,"created":"2023-10-16 09:24:47","updated":"2024-01-28 11:07:52"},"aioseo_breadcrumb":"<div class=\"aioseo-breadcrumbs\"><span class=\"aioseo-breadcrumb\">\n\t<a href=\"https:\/\/amnromania.ro\/hu\" title=\"Home\">Home<\/a>\n<\/span><span class=\"aioseo-breadcrumb-separator\">&raquo;<\/span><span class=\"aioseo-breadcrumb\">\n\tSomatoterapia si Ayurveda\n<\/span><\/div>","aioseo_breadcrumb_json":[{"label":"Home","link":"https:\/\/amnromania.ro\/hu"},{"label":"Somatoterapia si Ayurveda","link":"https:\/\/amnromania.ro\/hu\/szomatometria-ayurveda\/"}],"_links":{"self":[{"href":"https:\/\/amnromania.ro\/hu\/wp-json\/wp\/v2\/pages\/11618","targetHints":{"allow":["GET"]}}],"collection":[{"href":"https:\/\/amnromania.ro\/hu\/wp-json\/wp\/v2\/pages"}],"about":[{"href":"https:\/\/amnromania.ro\/hu\/wp-json\/wp\/v2\/types\/page"}],"author":[{"embeddable":true,"href":"https:\/\/amnromania.ro\/hu\/wp-json\/wp\/v2\/users\/1"}],"replies":[{"embeddable":true,"href":"https:\/\/amnromania.ro\/hu\/wp-json\/wp\/v2\/comments?post=11618"}],"version-history":[{"count":8,"href":"https:\/\/amnromania.ro\/hu\/wp-json\/wp\/v2\/pages\/11618\/revisions"}],"predecessor-version":[{"id":11627,"href":"https:\/\/amnromania.ro\/hu\/wp-json\/wp\/v2\/pages\/11618\/revisions\/11627"}],"wp:attachment":[{"href":"https:\/\/amnromania.ro\/hu\/wp-json\/wp\/v2\/media?parent=11618"}],"curies":[{"name":"wp","href":"https:\/\/api.w.org\/{rel}","templated":true}]}}