{"id":110,"date":"2020-10-26T21:00:43","date_gmt":"2020-10-26T21:00:43","guid":{"rendered":"http:\/\/amnromania.ro\/?page_id=110"},"modified":"2021-08-26T09:10:03","modified_gmt":"2021-08-26T07:10:03","slug":"tevekenyseg","status":"publish","type":"page","link":"https:\/\/amnromania.ro\/hu\/tevekenyseg\/","title":{"rendered":"Tev\u00e9kenys\u00e9g"},"content":{"rendered":"<div data-elementor-type=\"wp-page\" data-elementor-id=\"110\" class=\"elementor elementor-110\" data-elementor-post-type=\"page\">\n\t\t\t\t\t\t<section class=\"elementor-section elementor-top-section elementor-element elementor-element-7c8ed8e elementor-section-boxed elementor-section-height-default elementor-section-height-default\" data-id=\"7c8ed8e\" data-element_type=\"section\">\n\t\t\t\t\t\t<div class=\"elementor-container elementor-column-gap-default\">\n\t\t\t\t\t<div class=\"elementor-column elementor-col-50 elementor-top-column elementor-element elementor-element-6242e80\" data-id=\"6242e80\" data-element_type=\"column\">\n\t\t\t<div class=\"elementor-widget-wrap elementor-element-populated\">\n\t\t\t\t\t\t<div class=\"elementor-element elementor-element-359f7dc elementor-nav-menu__align-start elementor-nav-menu__text-align-center elementor-nav-menu--dropdown-tablet elementor-nav-menu--toggle elementor-nav-menu--burger elementor-widget elementor-widget-global elementor-global-4259 elementor-widget-nav-menu\" data-id=\"359f7dc\" data-element_type=\"widget\" data-settings=\"{&quot;layout&quot;:&quot;vertical&quot;,&quot;submenu_icon&quot;:{&quot;value&quot;:&quot;fas fa-caret-down&quot;,&quot;library&quot;:&quot;fa-solid&quot;},&quot;toggle&quot;:&quot;burger&quot;}\" data-widget_type=\"nav-menu.default\">\n\t\t\t\t<div class=\"elementor-widget-container\">\n\t\t\t\t\t\t\t\t<nav aria-label=\"Men\u00fc\" class=\"elementor-nav-menu--main elementor-nav-menu__container elementor-nav-menu--layout-vertical e--pointer-background e--animation-fade\">\n\t\t\t\t<ul id=\"menu-1-359f7dc\" class=\"elementor-nav-menu sm-vertical\"><li class=\"menu-item menu-item-type-post_type menu-item-object-page menu-item-4237\"><a href=\"https:\/\/amnromania.ro\/hu\/tevekenyseg\/ayurveda-tanfolyamok\/\" class=\"elementor-item\">Ayurveda tanfolyamok<\/a><\/li>\n<li class=\"menu-item menu-item-type-post_type menu-item-object-page menu-item-4234\"><a href=\"https:\/\/amnromania.ro\/hu\/tevekenyseg\/ayurveda-versenyek\/\" class=\"elementor-item\">Ayurveda versenyek<\/a><\/li>\n<li class=\"menu-item menu-item-type-post_type menu-item-object-page menu-item-4235\"><a href=\"https:\/\/amnromania.ro\/hu\/tevekenyseg\/ayurveda-konferencia\/\" class=\"elementor-item\">Ayurveda konferenci\u00e1k<\/a><\/li>\n<li class=\"menu-item menu-item-type-post_type menu-item-object-page menu-item-4236\"><a href=\"https:\/\/amnromania.ro\/hu\/tevekenyseg\/ayurveda-kongresszus\/\" class=\"elementor-item\">Ayurveda kongresszus<\/a><\/li>\n<li class=\"menu-item menu-item-type-post_type menu-item-object-page menu-item-5535\"><a href=\"https:\/\/amnromania.ro\/hu\/tevekenyseg\/ayurveda-taborok\/\" class=\"elementor-item\">Ayurveda t\u00e1borok<\/a><\/li>\n<\/ul>\t\t\t<\/nav>\n\t\t\t\t\t<div class=\"elementor-menu-toggle\" role=\"button\" tabindex=\"0\" aria-label=\"Toggle men\u00fc\" aria-expanded=\"false\">\n\t\t\t<i aria-hidden=\"true\" role=\"presentation\" class=\"elementor-menu-toggle__icon--open eicon-menu-bar\"><\/i><i aria-hidden=\"true\" role=\"presentation\" class=\"elementor-menu-toggle__icon--close eicon-close\"><\/i>\t\t<\/div>\n\t\t\t\t\t<nav class=\"elementor-nav-menu--dropdown elementor-nav-menu__container\" aria-hidden=\"true\">\n\t\t\t\t<ul id=\"menu-2-359f7dc\" class=\"elementor-nav-menu sm-vertical\"><li class=\"menu-item menu-item-type-post_type menu-item-object-page menu-item-4237\"><a href=\"https:\/\/amnromania.ro\/hu\/tevekenyseg\/ayurveda-tanfolyamok\/\" class=\"elementor-item\" tabindex=\"-1\">Ayurveda tanfolyamok<\/a><\/li>\n<li class=\"menu-item menu-item-type-post_type menu-item-object-page menu-item-4234\"><a href=\"https:\/\/amnromania.ro\/hu\/tevekenyseg\/ayurveda-versenyek\/\" class=\"elementor-item\" tabindex=\"-1\">Ayurveda versenyek<\/a><\/li>\n<li class=\"menu-item menu-item-type-post_type menu-item-object-page menu-item-4235\"><a href=\"https:\/\/amnromania.ro\/hu\/tevekenyseg\/ayurveda-konferencia\/\" class=\"elementor-item\" tabindex=\"-1\">Ayurveda konferenci\u00e1k<\/a><\/li>\n<li class=\"menu-item menu-item-type-post_type menu-item-object-page menu-item-4236\"><a href=\"https:\/\/amnromania.ro\/hu\/tevekenyseg\/ayurveda-kongresszus\/\" class=\"elementor-item\" tabindex=\"-1\">Ayurveda kongresszus<\/a><\/li>\n<li class=\"menu-item menu-item-type-post_type menu-item-object-page menu-item-5535\"><a href=\"https:\/\/amnromania.ro\/hu\/tevekenyseg\/ayurveda-taborok\/\" class=\"elementor-item\" tabindex=\"-1\">Ayurveda t\u00e1borok<\/a><\/li>\n<\/ul>\t\t\t<\/nav>\n\t\t\t\t\t\t<\/div>\n\t\t\t\t<\/div>\n\t\t\t\t<div class=\"elementor-element elementor-element-9d02a09 elementor-cta--skin-classic elementor-animated-content elementor-bg-transform elementor-bg-transform-zoom-in elementor-widget elementor-widget-global elementor-global-3577 elementor-widget-call-to-action\" data-id=\"9d02a09\" data-element_type=\"widget\" data-widget_type=\"call-to-action.default\">\n\t\t\t\t<div class=\"elementor-widget-container\">\n\t\t\t\t\t\t\t<a class=\"elementor-cta\" href=\"https:\/\/amnromania.ro\/hu\/ayurveda-romaniaban-kotet-3\/\">\n\t\t\t\t\t<div class=\"elementor-cta__bg-wrapper\">\n\t\t\t\t<div class=\"elementor-cta__bg elementor-bg\" style=\"background-image: url(https:\/\/amnromania.ro\/wp-content\/uploads\/2023\/11\/ayurveda-in-romania-vol-3-ro.jpg.webp);\" role=\"img\" aria-label=\"ayurveda-rom\u00e1ni\u00e1ban-vol-3-ro.jpg\"><\/div>\n\t\t\t\t<div class=\"elementor-cta__bg-overlay\"><\/div>\n\t\t\t<\/div>\n\t\t\t\t\t\t\t<div class=\"elementor-cta__content\">\n\t\t\t\t\n\t\t\t\t\t\t\t\t\t<h2 class=\"elementor-cta__title elementor-cta__content-item elementor-content-item\">\n\t\t\t\t\t\tAyurveda in Romania Vol. 3\t\t\t\t\t<\/h2>\n\t\t\t\t\n\t\t\t\t\t\t\t\t\t<div class=\"elementor-cta__description elementor-cta__content-item elementor-content-item\">\n\t\t\t\t\t\tA tanulm\u00e1ny kiemeli az Ayurveda n\u00e9pszer\u0171s\u00e9g\u00e9t Rom\u00e1ni\u00e1ban, valamint azt a fejlett szintet, amelyen az Ayurveda rendszer az elm\u00falt 30 \u00e9vben az AMN-Rom\u00e1nia r\u00e9v\u00e9n Rom\u00e1ni\u00e1ban ismert \u00e9s n\u00e9pszer\u0171s\u00edtett.\t\t\t\t\t<\/div>\n\t\t\t\t\n\t\t\t\t\t\t\t\t\t<div class=\"elementor-cta__button-wrapper elementor-cta__content-item elementor-content-item\">\n\t\t\t\t\t<span class=\"elementor-cta__button elementor-button elementor-size-\">\n\t\t\t\t\t\tR\u00e9szletek\t\t\t\t\t<\/span>\n\t\t\t\t\t<\/div>\n\t\t\t\t\t\t\t<\/div>\n\t\t\t\t\t\t<\/a>\n\t\t\t\t\t\t<\/div>\n\t\t\t\t<\/div>\n\t\t\t\t\t<\/div>\n\t\t<\/div>\n\t\t\t\t<div class=\"elementor-column elementor-col-50 elementor-top-column elementor-element elementor-element-63b544f\" data-id=\"63b544f\" data-element_type=\"column\">\n\t\t\t<div class=\"elementor-widget-wrap elementor-element-populated\">\n\t\t\t\t\t\t<div class=\"elementor-element elementor-element-0fd717e elementor-widget elementor-widget-text-editor\" data-id=\"0fd717e\" data-element_type=\"widget\" data-widget_type=\"text-editor.default\">\n\t\t\t\t<div class=\"elementor-widget-container\">\n\t\t\t\t\t\t\t\t\t<p>\u00a0<\/p><h1 style=\"text-align: center;\"><span style=\"color: #e4af16;\"><strong>A nem hagyom\u00e1nyos gy\u00f3gyszerek n\u00e9pszer\u0171s\u00edt\u00e9s\u00e9re ir\u00e1nyul\u00f3 munka<\/strong><\/span><\/h1><p>\u00a0<\/p><p class=\"Text2\">Az Orsz\u00e1gos Sz\u00f6vets\u00e9g a Nem Hagyom\u00e1nyos Orvosl\u00e1s T\u00e1mogat\u00e1s\u00e1ra c\u00e9lja a nem hagyom\u00e1nyos gy\u00f3gy\u00e1szati m\u00f3dszerek tanulm\u00e1nyoz\u00e1s\u00e1nak, kutat\u00e1s\u00e1nak \u00e9s ter\u00e1pi\u00e1j\u00e1nak el\u0151mozd\u00edt\u00e1sa \u00e9s \u00f6szt\u00f6nz\u00e9se: A hagyom\u00e1nyos gy\u00f3gy\u00e1szati rendszerhez tartoz\u00f3 ayurveda, fitoter\u00e1pia, di\u00e9tater\u00e1pia, akupressz\u00fara, massz\u00e1zs, reflexter\u00e1pia, kromoter\u00e1pia, orvosi asztrol\u00f3gia, meloter\u00e1pia, homeop\u00e1tia, hidroter\u00e1pia, apiter\u00e1pia, aromater\u00e1pia, j\u00f3gater\u00e1pia, kinezioter\u00e1pia, helioter\u00e1pia, magnetoter\u00e1pia, pszichoter\u00e1pia, \u00e1sv\u00e1nyter\u00e1pia, krenoter\u00e1pia stb.<\/p><p class=\"Text2\">Tev\u00e9kenys\u00e9ge sor\u00e1n az egyes\u00fclet c\u00e9lja az eg\u00e9szs\u00e9gmeg\u0151rz\u00e9s n\u00e9pszer\u0171s\u00edt\u00e9se, amelyet rekl\u00e1mkamp\u00e1nyok t\u00e1mogatnak, hogy t\u00e1j\u00e9koztass\u00e1k a lakoss\u00e1got a nem hagyom\u00e1nyos gy\u00f3gyszerek nagyszer\u0171 j\u00f3t\u00e9kony lehet\u0151s\u00e9geir\u0151l, amelyekkel minden ember testi, szellemi, lelki \u00e9s szellemi egyens\u00faly\u00e1t meg\u0151rizheti.<\/p><p>\u00a0<\/p><h2><span style=\"color: #e4af16;\">Ayurveda - hagyom\u00e1nyos indiai \u00e9letismeret<\/span><\/h2><p>\u00a0<\/p><p class=\"Text2 C-14\">Az AYURVEDA mindig \u00f6sszetett \u00e9s dinamikus eg\u00e9szk\u00e9nt vizsg\u00e1lja az embert. Az eg\u00e9sz harm\u00f3ni\u00e1ja \u00edgy az alkot\u00f3elemek j\u00f3l\u00e9t\u00e9ben t\u00fckr\u00f6z\u0151dik. Az AYURVEDA tan\u00edt\u00e1sa m\u00e9lys\u00e9gesen holisztikus, mert nem tekint k\u00fcl\u00f6n egyetlen szervet vagy szervcsoportot sem, amelyet a l\u00e9ny t\u00f6bbi r\u00e9sz\u00e9t\u0151l elk\u00fcl\u00f6n\u00edtve vizsg\u00e1l, \u00e9s l\u00e1t\u00e1sm\u00f3dj\u00e1ban nem v\u00e1lasztja el a fizikai testet a finomabb, l\u00e1thatatlanabb strukt\u00far\u00e1kt\u00f3l.<\/p><p class=\"Text2 C-14\">Ha objekt\u00edven tekint\u00fcnk a m\u00faltba, v\u00e9gigmegy\u00fcnk az emberis\u00e9g teljes ismert t\u00f6rt\u00e9nelm\u00e9n, akkor r\u00e1j\u00f6v\u00fcnk, hogy val\u00f3j\u00e1ban (az emberis\u00e9g) nem<wbr \/>alapvet\u0151en sokat v\u00e1ltozott ez id\u0151 alatt. A<wbr \/>Val\u00f3ban, a technol\u00f3gia \u00e9s az ipar, amelyet az eg\u00e9sz emberis\u00e9g fejlesztett \u00e9s folyamatosan b\u0151v\u00edt, ma m\u00e1r el\u00e9g fejlett szintet \u00e9rt el, de az biztos, hogy az emberi fizikai test fel\u00e9p\u00edt\u00e9se, valamint az ember ment\u00e1lis szerkezete szinte azonos azzal, amilyen volt....<wbr \/>o \u00e9s az emberek \u00e9vezredekkel ezel\u0151tt, ugyanolyan betegs\u00e9gekre vagy betegs\u00e9gekre hajlamosak voltak, mint ma, \u00e9s (az id\u0151 m\u00fal\u00e1sa ellen\u00e9re) ugyanazokkal a csod\u00e1latra m\u00e9lt\u00f3 tulajdons\u00e1gokkal vagy el\u00edt\u00e9lend\u0151 hib\u00e1kkal rendelkeztek, amelyeket minden ember ma is mutat, egy<wbr \/>egy bizonyos kisebb vagy nagyobb ar\u00e1nyban.<\/p><p class=\"Text2 C-14\">Ez\u00e9rt az AYURVEDA rendszer t\u00f6bb ezer \u00e9ves, t\u00f6retlen hagyom\u00e1nya, amelyet az AYURVEDA rendszer t\u00e1mogat...<wbr \/>az elveivel \u00e9s m\u00f3dszereivel v\u00e9gzett sz\u00e1mtalan gyakorlati k\u00eds\u00e9rlet r\u00e9v\u00e9n ma m\u00e1r fontos szavakat mondhat el, \u00e9s ez\u00e9rt tal\u00e1n a k\u00f6zelj\u00f6v\u0151ben rendk\u00edv\u00fcl fontos szerepet fog j\u00e1tszani a modern ember eg\u00e9szs\u00e9g\u00e9nek v\u00e9delm\u00e9ben \u00e9s minden ember mindennapi \u00e9let\u00e9nek harmoniz\u00e1l\u00e1s\u00e1ban. Az azurv\u00e9dikus gy\u00f3gym\u00f3dokat, valamint az egyes helyzeteknek megfelel\u0151 meghat\u00e1roz\u00e1suk gyakorlati m\u00f3djait a gyakorlatban gondosan kipr\u00f3b\u00e1lt\u00e1k \u00e9s kipr\u00f3b\u00e1lt\u00e1k, a-<wbr \/>id\u0151vel ezrek \u00e9s ezrek, akik gyakorolj\u00e1k ezt a teljes gy\u00f3gy\u00edt\u00f3 rendszert. Ilyen k\u00f6r\u00fclm\u00e9nyek k\u00f6z\u00f6tt az AYURVEDA rendszer elvei \u00e9s m\u00f3dszerei sikeresen ki\u00e1llt\u00e1k a legnehezebb pr\u00f3b\u00e1t, az id\u0151 pr\u00f3b\u00e1j\u00e1t.<\/p><p class=\"Text2 C-14\">Az AYURVEDEI korai napjaiban (az \u0151si Indi\u00e1ban, t\u00f6bb ezer \u00e9vvel ezel\u0151tt) az emberek nem rendelkeztek olyan k\u00e9pess\u00e9ggel a k\u00f6rnyezet\u00fck szab\u00e1lyoz\u00e1s\u00e1ra, mint manaps\u00e1g. Mivel nem rendelkeztek a maihoz hasonl\u00f3 technol\u00f3gi\u00e1val, az embereknek azokban az \u0151si id\u0151kben nem volt m\u00e1s v\u00e1laszt\u00e1suk, mint a TERM\u00c9SZETRE hagyatkozni. Mivel nem rendelkeztek olyan kifinomult eszk\u00f6z\u00f6kkel, mint amilyenekkel ma rendelkez\u00fcnk, arra t\u00f6rekedtek.<wbr \/>\u00e9s mindenekel\u0151tt az intuit\u00edv \u00e9s \u00e9rz\u00e9kel\u0151 k\u00e9pess\u00e9geiket, amelyeket ma paranorm\u00e1lisnak nevez\u00fcnk. \u00c9s pontosan az\u00e9rt, mert a TERM\u00c9SZET k\u00f6zep\u00e9n \u00e9ltek, \u0151k...<wbr \/>sokkal k\u00f6nnyebb volt meghat\u00e1rozni azon n\u00f6v\u00e9nyek, f\u00e1k vagy \u00e1sv\u00e1nyi anyagok gy\u00f3gy\u00edt\u00f3 hat\u00e1s\u00e1t, amelyek alkot\u00f3elemeit t\u00e1pl\u00e1l\u00e9kk\u00e9nt vagy gy\u00f3gy\u00edt\u00e1sk\u00e9nt haszn\u00e1lt\u00e1k. Mindezek a TERM\u00c9SZET b\u00f6lcsei maguk k\u00eds\u00e9rleteztek ezekkel a term\u00e9szetes gy\u00f3gym\u00f3dokkal, \u00e9s az \u00edgy kapott eredm\u00e9nyeket azt\u00e1n \u0151k maguk adt\u00e1k tov\u00e1bb, hol sz\u00f3beli, hol \u00edr\u00e1sbeli form\u00e1ban, egyik nemzed\u00e9kr\u0151l a m\u00e1sikra. Mindezt a felbecs\u00fclhetetlen \u00e9rt\u00e9k\u0171 tud\u00e1sgy\u0171jtem\u00e9nyt azt\u00e1n \u00e9vezredekkel kor\u00e1bban rendszerezt\u00e9k \u00e9s kodifik\u00e1lt\u00e1k az AYURVEDA rendszer form\u00e1j\u00e1ban.<\/p>\t\t\t\t\t\t\t\t<\/div>\n\t\t\t\t<\/div>\n\t\t\t\t\t<\/div>\n\t\t<\/div>\n\t\t\t\t\t<\/div>\n\t\t<\/section>\n\t\t\t\t<\/div>","protected":false},"excerpt":{"rendered":"<p>Ayurveda Rom\u00e1ni\u00e1ban A tanulm\u00e1ny kiemeli az Ayurveda n\u00e9pszer\u0171s\u00e9g\u00e9t Rom\u00e1ni\u00e1ban, valamint azt a fejlett szintet, amelyen az Ayurveda rendszer az AMN-Romania r\u00e9v\u00e9n az elm\u00falt 25 \u00e9vben Rom\u00e1ni\u00e1ban ismert \u00e9s n\u00e9pszer\u0171s\u00edtett. B\u0151vebben A nem hagyom\u00e1nyos gy\u00f3gym\u00f3dok n\u00e9pszer\u0171s\u00edt\u00e9s\u00e9nek munk\u00e1ja A Nem Hagyom\u00e1nyos Gy\u00f3gym\u00f3dokat T\u00e1mogat\u00f3 Orsz\u00e1gos Egyes\u00fclet c\u00e9lja a [...]<\/p>","protected":false},"author":1,"featured_media":0,"parent":0,"menu_order":4,"comment_status":"closed","ping_status":"closed","template":"","meta":{"_mi_skip_tracking":false,"_analytify_skip_tracking":false,"footnotes":""},"class_list":["post-110","page","type-page","status-publish","hentry"],"aioseo_notices":[],"aioseo_head":"\n\t\t<!-- All in One SEO Pro 4.7.0 - aioseo.com -->\n\t\t<meta name=\"description\" content=\"AMN Romania are drept scop promovarea \u015fi \u00eencurajarea studiului, cercet\u0103rii \u015fi terapiei prin metodele medicinei neconven\u0163ionale:\" \/>\n\t\t<meta name=\"robots\" content=\"max-image-preview:large\" \/>\n\t\t<meta name=\"google-site-verification\" content=\"G-391X30D2FS\" \/>\n\t\t<link rel=\"canonical\" href=\"https:\/\/amnromania.ro\/hu\/tevekenyseg\/\" \/>\n\t\t<meta name=\"generator\" content=\"All in One SEO Pro (AIOSEO) 4.7.0\" \/>\n\t\t<meta property=\"og:locale\" content=\"hu_HU\" \/>\n\t\t<meta property=\"og:site_name\" content=\"AMN Ayurveda ROM\u00c2NIA | Asociatia Nationala pentru Promovarea Medicinelor Neconventionale\" \/>\n\t\t<meta property=\"og:type\" content=\"article\" \/>\n\t\t<meta property=\"og:title\" content=\"Activitate | AMN Ayurveda ROM\u00c2NIA\" \/>\n\t\t<meta property=\"og:description\" content=\"AMN Romania are drept scop promovarea \u015fi \u00eencurajarea studiului, cercet\u0103rii \u015fi terapiei prin metodele medicinei neconven\u0163ionale:\" \/>\n\t\t<meta property=\"og:url\" content=\"https:\/\/amnromania.ro\/hu\/tevekenyseg\/\" \/>\n\t\t<meta property=\"og:image\" content=\"https:\/\/amnromania.ro\/ynorsyju\/2021\/06\/Ayurveda-in-Romania-Vol.-2-Ro.jpg\" \/>\n\t\t<meta property=\"og:image:secure_url\" content=\"https:\/\/amnromania.ro\/ynorsyju\/2021\/06\/Ayurveda-in-Romania-Vol.-2-Ro.jpg\" \/>\n\t\t<meta property=\"article:published_time\" content=\"2020-10-26T21:00:43+00:00\" \/>\n\t\t<meta property=\"article:modified_time\" content=\"2021-08-26T07:10:03+00:00\" \/>\n\t\t<meta property=\"article:publisher\" content=\"https:\/\/www.facebook.com\/AMNRomania\" \/>\n\t\t<script type=\"application\/ld+json\" class=\"aioseo-schema\">\n\t\t\t{\"@context\":\"https:\\\/\\\/schema.org\",\"@graph\":[{\"@type\":\"BreadcrumbList\",\"@id\":\"https:\\\/\\\/amnromania.ro\\\/hu\\\/tevekenyseg\\\/#breadcrumblist\",\"itemListElement\":[{\"@type\":\"ListItem\",\"@id\":\"https:\\\/\\\/amnromania.ro\\\/hu\\\/#listItem\",\"position\":1,\"name\":\"Home\",\"item\":\"https:\\\/\\\/amnromania.ro\\\/hu\\\/\",\"nextItem\":\"https:\\\/\\\/amnromania.ro\\\/hu\\\/tevekenyseg\\\/#listItem\"},{\"@type\":\"ListItem\",\"@id\":\"https:\\\/\\\/amnromania.ro\\\/hu\\\/tevekenyseg\\\/#listItem\",\"position\":2,\"name\":\"Activitate\",\"previousItem\":\"https:\\\/\\\/amnromania.ro\\\/hu\\\/#listItem\"}]},{\"@type\":\"Organization\",\"@id\":\"https:\\\/\\\/amnromania.ro\\\/hu\\\/#organization\",\"name\":\"AMN Ayurveda Romania\",\"url\":\"https:\\\/\\\/amnromania.ro\\\/hu\\\/\",\"logo\":{\"@type\":\"ImageObject\",\"url\":\"https:\\\/\\\/amnromania.ro\\\/ynorsyju\\\/2020\\\/10\\\/amn.png\",\"@id\":\"https:\\\/\\\/amnromania.ro\\\/hu\\\/tevekenyseg\\\/#organizationLogo\"},\"image\":{\"@id\":\"https:\\\/\\\/amnromania.ro\\\/hu\\\/tevekenyseg\\\/#organizationLogo\"},\"sameAs\":[\"https:\\\/\\\/www.facebook.com\\\/AMNRomania\",\"https:\\\/\\\/www.youtube.com\\\/channel\\\/UClfqKxiq_uZ11rthDIT3-BQ\\\/videos\"]},{\"@type\":\"WebPage\",\"@id\":\"https:\\\/\\\/amnromania.ro\\\/hu\\\/tevekenyseg\\\/#webpage\",\"url\":\"https:\\\/\\\/amnromania.ro\\\/hu\\\/tevekenyseg\\\/\",\"name\":\"Activitate | AMN Ayurveda ROM\\u00c2NIA\",\"description\":\"AMN Romania are drept scop promovarea \\u015fi \\u00eencurajarea studiului, cercet\\u0103rii \\u015fi terapiei prin metodele medicinei neconven\\u0163ionale:\",\"inLanguage\":\"hu-HU\",\"isPartOf\":{\"@id\":\"https:\\\/\\\/amnromania.ro\\\/hu\\\/#website\"},\"breadcrumb\":{\"@id\":\"https:\\\/\\\/amnromania.ro\\\/hu\\\/tevekenyseg\\\/#breadcrumblist\"},\"datePublished\":\"2020-10-26T21:00:43+02:00\",\"dateModified\":\"2021-08-26T09:10:03+02:00\"},{\"@type\":\"WebSite\",\"@id\":\"https:\\\/\\\/amnromania.ro\\\/hu\\\/#website\",\"url\":\"https:\\\/\\\/amnromania.ro\\\/hu\\\/\",\"name\":\"AMN Ayurveda ROM\\u00c2NIA\",\"description\":\"Asociatia Nationala pentru Promovarea Medicinelor Neconventionale\",\"inLanguage\":\"hu-HU\",\"publisher\":{\"@id\":\"https:\\\/\\\/amnromania.ro\\\/hu\\\/#organization\"}}]}\n\t\t<\/script>\n\t\t<!-- All in One SEO Pro -->\r\n\t\t<title>Activitate | AMN Ayurveda ROM\u00c2NIA<\/title>\n\n","aioseo_head_json":{"title":"Activitate | AMN Ayurveda ROM\u00c2NIA","description":"AMN Romania are drept scop promovarea \u015fi \u00eencurajarea studiului, cercet\u0103rii \u015fi terapiei prin metodele medicinei neconven\u0163ionale:","canonical_url":"https:\/\/amnromania.ro\/hu\/tevekenyseg\/","robots":"max-image-preview:large","keywords":"","webmasterTools":{"google-site-verification":"G-391X30D2FS","miscellaneous":""},"og:locale":"hu_HU","og:site_name":"AMN Ayurveda ROM\u00c2NIA | Asociatia Nationala pentru Promovarea Medicinelor Neconventionale","og:type":"article","og:title":"Activitate | AMN Ayurveda ROM\u00c2NIA","og:description":"AMN Romania are drept scop promovarea \u015fi \u00eencurajarea studiului, cercet\u0103rii \u015fi terapiei prin metodele medicinei neconven\u0163ionale:","og:url":"https:\/\/amnromania.ro\/hu\/tevekenyseg\/","og:image":"https:\/\/amnromania.ro\/ynorsyju\/2021\/06\/Ayurveda-in-Romania-Vol.-2-Ro.jpg","og:image:secure_url":"https:\/\/amnromania.ro\/ynorsyju\/2021\/06\/Ayurveda-in-Romania-Vol.-2-Ro.jpg","article:published_time":"2020-10-26T21:00:43+00:00","article:modified_time":"2021-08-26T07:10:03+00:00","article:publisher":"https:\/\/www.facebook.com\/AMNRomania","schema":{"@context":"https:\/\/schema.org","@graph":[{"@type":"BreadcrumbList","@id":"https:\/\/amnromania.ro\/hu\/tevekenyseg\/#breadcrumblist","itemListElement":[{"@type":"ListItem","@id":"https:\/\/amnromania.ro\/hu\/#listItem","position":1,"name":"Home","item":"https:\/\/amnromania.ro\/hu\/","nextItem":"https:\/\/amnromania.ro\/hu\/tevekenyseg\/#listItem"},{"@type":"ListItem","@id":"https:\/\/amnromania.ro\/hu\/tevekenyseg\/#listItem","position":2,"name":"Activitate","previousItem":"https:\/\/amnromania.ro\/hu\/#listItem"}]},{"@type":"Organization","@id":"https:\/\/amnromania.ro\/hu\/#organization","name":"AMN Ayurveda Romania","url":"https:\/\/amnromania.ro\/hu\/","logo":{"@type":"ImageObject","url":"https:\/\/amnromania.ro\/ynorsyju\/2020\/10\/amn.png","@id":"https:\/\/amnromania.ro\/hu\/tevekenyseg\/#organizationLogo"},"image":{"@id":"https:\/\/amnromania.ro\/hu\/tevekenyseg\/#organizationLogo"},"sameAs":["https:\/\/www.facebook.com\/AMNRomania","https:\/\/www.youtube.com\/channel\/UClfqKxiq_uZ11rthDIT3-BQ\/videos"]},{"@type":"WebPage","@id":"https:\/\/amnromania.ro\/hu\/tevekenyseg\/#webpage","url":"https:\/\/amnromania.ro\/hu\/tevekenyseg\/","name":"Activitate | AMN Ayurveda ROM\u00c2NIA","description":"AMN Romania are drept scop promovarea \u015fi \u00eencurajarea studiului, cercet\u0103rii \u015fi terapiei prin metodele medicinei neconven\u0163ionale:","inLanguage":"hu-HU","isPartOf":{"@id":"https:\/\/amnromania.ro\/hu\/#website"},"breadcrumb":{"@id":"https:\/\/amnromania.ro\/hu\/tevekenyseg\/#breadcrumblist"},"datePublished":"2020-10-26T21:00:43+02:00","dateModified":"2021-08-26T09:10:03+02:00"},{"@type":"WebSite","@id":"https:\/\/amnromania.ro\/hu\/#website","url":"https:\/\/amnromania.ro\/hu\/","name":"AMN Ayurveda ROM\u00c2NIA","description":"Asociatia Nationala pentru Promovarea Medicinelor Neconventionale","inLanguage":"hu-HU","publisher":{"@id":"https:\/\/amnromania.ro\/hu\/#organization"}}]}},"aioseo_meta_data":{"post_id":"110","title":null,"description":"AMN Romania are drept scop promovarea \u015fi \u00eencurajarea studiului, cercet\u0103rii \u015fi terapiei prin metodele medicinei neconven\u0163ionale:","keywords":"","keyphrases":null,"primary_term":null,"canonical_url":"","og_title":null,"og_description":null,"og_object_type":"default","og_image_type":"default","og_image_url":null,"og_image_width":null,"og_image_height":null,"og_image_custom_url":null,"og_image_custom_fields":null,"og_video":null,"og_custom_url":null,"og_article_section":null,"og_article_tags":null,"twitter_use_og":false,"twitter_card":"default","twitter_image_type":"default","twitter_image_url":null,"twitter_image_custom_url":null,"twitter_image_custom_fields":null,"twitter_title":null,"twitter_description":null,"schema":{"blockGraphs":[],"customGraphs":[],"default":{"data":{"Article":[],"Course":[],"Dataset":[],"FAQPage":[],"Movie":[],"Person":[],"Product":[],"Recipe":[],"Service":[],"SoftwareApplication":[],"WebPage":[]},"graphName":"WebPage","isEnabled":true},"graphs":[]},"schema_type":null,"schema_type_options":null,"pillar_content":false,"robots_default":true,"robots_noindex":false,"robots_noarchive":false,"robots_nosnippet":false,"robots_nofollow":false,"robots_noimageindex":false,"robots_noodp":false,"robots_notranslate":false,"robots_max_snippet":null,"robots_max_videopreview":null,"robots_max_imagepreview":"large","priority":null,"frequency":null,"local_seo":null,"limit_modified_date":false,"open_ai":null,"created":"2020-12-21 07:26:24","updated":"2024-01-28 10:52:43"},"aioseo_breadcrumb":"<div class=\"aioseo-breadcrumbs\"><span class=\"aioseo-breadcrumb\">\n\t<a href=\"https:\/\/amnromania.ro\/hu\" title=\"Home\">Home<\/a>\n<\/span><span class=\"aioseo-breadcrumb-separator\">&raquo;<\/span><span class=\"aioseo-breadcrumb\">\n\tActivitate\n<\/span><\/div>","aioseo_breadcrumb_json":[{"label":"Home","link":"https:\/\/amnromania.ro\/hu"},{"label":"Activitate","link":"https:\/\/amnromania.ro\/hu\/tevekenyseg\/"}],"_links":{"self":[{"href":"https:\/\/amnromania.ro\/hu\/wp-json\/wp\/v2\/pages\/110","targetHints":{"allow":["GET"]}}],"collection":[{"href":"https:\/\/amnromania.ro\/hu\/wp-json\/wp\/v2\/pages"}],"about":[{"href":"https:\/\/amnromania.ro\/hu\/wp-json\/wp\/v2\/types\/page"}],"author":[{"embeddable":true,"href":"https:\/\/amnromania.ro\/hu\/wp-json\/wp\/v2\/users\/1"}],"replies":[{"embeddable":true,"href":"https:\/\/amnromania.ro\/hu\/wp-json\/wp\/v2\/comments?post=110"}],"version-history":[{"count":0,"href":"https:\/\/amnromania.ro\/hu\/wp-json\/wp\/v2\/pages\/110\/revisions"}],"wp:attachment":[{"href":"https:\/\/amnromania.ro\/hu\/wp-json\/wp\/v2\/media?parent=110"}],"curies":[{"name":"wp","href":"https:\/\/api.w.org\/{rel}","templated":true}]}}