{"id":10983,"date":"2022-10-21T09:43:10","date_gmt":"2022-10-21T07:43:10","guid":{"rendered":"https:\/\/amnromania.ro\/?page_id=10983"},"modified":"2022-12-08T09:44:05","modified_gmt":"2022-12-08T07:44:05","slug":"day-ayurveda-2022","status":"publish","type":"page","link":"https:\/\/amnromania.ro\/hu\/day-ayurveda-2022\/","title":{"rendered":"Ayurveda nap 2022"},"content":{"rendered":"<div data-elementor-type=\"wp-page\" data-elementor-id=\"10983\" class=\"elementor elementor-10983\" data-elementor-post-type=\"page\">\n\t\t\t\t\t\t<section class=\"elementor-section elementor-top-section elementor-element elementor-element-d16a96b elementor-section-boxed elementor-section-height-default elementor-section-height-default\" data-id=\"d16a96b\" data-element_type=\"section\">\n\t\t\t\t\t\t<div class=\"elementor-container elementor-column-gap-default\">\n\t\t\t\t\t<div class=\"elementor-column elementor-col-50 elementor-top-column elementor-element elementor-element-554260c\" data-id=\"554260c\" data-element_type=\"column\">\n\t\t\t<div class=\"elementor-widget-wrap elementor-element-populated\">\n\t\t\t\t\t\t<div class=\"elementor-element elementor-element-bfdeae8 elementor-nav-menu__align-start elementor-nav-menu__text-align-center elementor-nav-menu--dropdown-tablet elementor-nav-menu--toggle elementor-nav-menu--burger elementor-widget elementor-widget-global elementor-global-5200 elementor-widget-nav-menu\" data-id=\"bfdeae8\" data-element_type=\"widget\" data-settings=\"{&quot;layout&quot;:&quot;vertical&quot;,&quot;submenu_icon&quot;:{&quot;value&quot;:&quot;fas fa-caret-down&quot;,&quot;library&quot;:&quot;fa-solid&quot;},&quot;toggle&quot;:&quot;burger&quot;}\" data-widget_type=\"nav-menu.default\">\n\t\t\t\t<div class=\"elementor-widget-container\">\n\t\t\t\t\t\t\t\t<nav aria-label=\"Men\u00fc\" class=\"elementor-nav-menu--main elementor-nav-menu__container elementor-nav-menu--layout-vertical e--pointer-background e--animation-fade\">\n\t\t\t\t<ul id=\"menu-1-bfdeae8\" class=\"elementor-nav-menu sm-vertical\"><li class=\"menu-item menu-item-type-post_type menu-item-object-page menu-item-6419\"><a href=\"https:\/\/amnromania.ro\/hu\/day-ayurveda\/\" class=\"elementor-item\">Ayurveda nap<\/a><\/li>\n<li class=\"menu-item menu-item-type-post_type menu-item-object-page menu-item-11894\"><a href=\"https:\/\/amnromania.ro\/hu\/eloadasok\/\" class=\"elementor-item\">El\u0151ad\u00e1sok<\/a><\/li>\n<li class=\"menu-item menu-item-type-post_type menu-item-object-page menu-item-11880\"><a href=\"https:\/\/amnromania.ro\/hu\/unnepsegek\/\" class=\"elementor-item\">\u00dcnneps\u00e9gek<\/a><\/li>\n<li class=\"menu-item menu-item-type-post_type menu-item-object-page menu-item-11893\"><a href=\"https:\/\/amnromania.ro\/hu\/konferenciak\/\" class=\"elementor-item\">Konferenci\u00e1k<\/a><\/li>\n<\/ul>\t\t\t<\/nav>\n\t\t\t\t\t<div class=\"elementor-menu-toggle\" role=\"button\" tabindex=\"0\" aria-label=\"Toggle men\u00fc\" aria-expanded=\"false\">\n\t\t\t<i aria-hidden=\"true\" role=\"presentation\" class=\"elementor-menu-toggle__icon--open eicon-menu-bar\"><\/i><i aria-hidden=\"true\" role=\"presentation\" class=\"elementor-menu-toggle__icon--close eicon-close\"><\/i>\t\t<\/div>\n\t\t\t\t\t<nav class=\"elementor-nav-menu--dropdown elementor-nav-menu__container\" aria-hidden=\"true\">\n\t\t\t\t<ul id=\"menu-2-bfdeae8\" class=\"elementor-nav-menu sm-vertical\"><li class=\"menu-item menu-item-type-post_type menu-item-object-page menu-item-6419\"><a href=\"https:\/\/amnromania.ro\/hu\/day-ayurveda\/\" class=\"elementor-item\" tabindex=\"-1\">Ayurveda nap<\/a><\/li>\n<li class=\"menu-item menu-item-type-post_type menu-item-object-page menu-item-11894\"><a href=\"https:\/\/amnromania.ro\/hu\/eloadasok\/\" class=\"elementor-item\" tabindex=\"-1\">El\u0151ad\u00e1sok<\/a><\/li>\n<li class=\"menu-item menu-item-type-post_type menu-item-object-page menu-item-11880\"><a href=\"https:\/\/amnromania.ro\/hu\/unnepsegek\/\" class=\"elementor-item\" tabindex=\"-1\">\u00dcnneps\u00e9gek<\/a><\/li>\n<li class=\"menu-item menu-item-type-post_type menu-item-object-page menu-item-11893\"><a href=\"https:\/\/amnromania.ro\/hu\/konferenciak\/\" class=\"elementor-item\" tabindex=\"-1\">Konferenci\u00e1k<\/a><\/li>\n<\/ul>\t\t\t<\/nav>\n\t\t\t\t\t\t<\/div>\n\t\t\t\t<\/div>\n\t\t\t\t\t<\/div>\n\t\t<\/div>\n\t\t\t\t<div class=\"elementor-column elementor-col-50 elementor-top-column elementor-element elementor-element-2dd4f8b\" data-id=\"2dd4f8b\" data-element_type=\"column\">\n\t\t\t<div class=\"elementor-widget-wrap elementor-element-populated\">\n\t\t\t\t\t\t<div class=\"elementor-element elementor-element-03a4fc8 elementor-widget elementor-widget-text-editor\" data-id=\"03a4fc8\" data-element_type=\"widget\" data-widget_type=\"text-editor.default\">\n\t\t\t\t<div class=\"elementor-widget-container\">\n\t\t\t\t\t\t\t\t\t<p>\u00a0<span class=\"fontstyle0\">MEGH\u00cdV\u00d3 AZ ONLINE ESEM\u00c9NYRE<br \/><\/span><\/p><p>\u00a0<\/p><h1 style=\"text-align: center;\"><span class=\"fontstyle0\">\"2022-ES AYURVEDA NAP ROM\u00c1NI\u00c1BAN\"<\/span><\/h1><p>\u00a0<\/p><p><span class=\"fontstyle2\">AMN-Rom\u00e1nia - Orsz\u00e1gos Sz\u00f6vets\u00e9g a nem hagyom\u00e1nyos gy\u00f3gyszerek n\u00e9pszer\u0171s\u00edt\u00e9s\u00e9re Rom\u00e1ni\u00e1ban, Ayush Cell Rom\u00e1nia \u00e9s Ayus Group<br \/>Rom\u00e1nia megh\u00edvja \u00d6nt, hogy vegyen r\u00e9szt az \"Ayurveda Day 2022 in Romania\" c\u00edm\u0171 online esem\u00e9nyen 2022. okt\u00f3ber 23-\u00e1n, 10:30 (rom\u00e1niai id\u0151 szerint), 13:00 (indiai id\u0151 szerint).<\/span><\/p>\t\t\t\t\t\t\t\t<\/div>\n\t\t\t\t<\/div>\n\t\t\t\t\t<\/div>\n\t\t<\/div>\n\t\t\t\t\t<\/div>\n\t\t<\/section>\n\t\t\t\t<\/div>","protected":false},"excerpt":{"rendered":"<p>\u00a0MEGH\u00cdV\u00c1S AZ \"AYURVEDA NAPJA 2022 ROM\u00c1NIABAN\" c\u00edm\u0171 ONLINE ESEM\u00c9NYRE Az AMN-Romania - Orsz\u00e1gos Sz\u00f6vets\u00e9g a nem hagyom\u00e1nyos gy\u00f3gym\u00f3dok n\u00e9pszer\u0171s\u00edt\u00e9s\u00e9re Rom\u00e1ni\u00e1ban, az Ayush Cell Rom\u00e1nia \u00e9s az Ayus GrupRomania megh\u00edvja \u00d6nt az \"Ayurveda Napja 2022 Rom\u00e1ni\u00e1ban\" c\u00edm\u0171 online esem\u00e9nyre 2022. okt\u00f3ber 23-\u00e1n, 10:30 (rom\u00e1niai id\u0151 szerint), 13:00 (indiai id\u0151 szerint).<\/p>","protected":false},"author":1,"featured_media":0,"parent":0,"menu_order":0,"comment_status":"closed","ping_status":"closed","template":"","meta":{"_mi_skip_tracking":false,"_analytify_skip_tracking":false,"footnotes":""},"class_list":["post-10983","page","type-page","status-publish","hentry"],"aioseo_notices":[],"aioseo_head":"\n\t\t<!-- All in One SEO Pro 4.7.0 - aioseo.com -->\n\t\t<meta name=\"description\" content=\"Ziua Ayurveda Prezentari Festivitati Conferinte Ziua Ayurveda Prezentari Festivitati Conferinte INVITATIE PENTRU EVENIMENTUL ONLINE \u201dAYURVEDA DAY 2022 IN ROMANIA\u201d AMN-Rom\u00e2nia \u2013 Asocia\u021bia Na\u021bional\u0103 pentru Promovarea Medicinelor Neconven\u021bionale din Rom\u00e2nia, Ayush Cell Rom\u00e2nia \u0219i Ayus GrupRom\u00e2nia v\u0103 invit\u0103 s\u0103 participa\u021bi la evenimentul online intitulat \u201cAyurveda Day 2022 in Romania\u201d \u00een data de 23 octombrie 2022, ora 10:30 (ora Rom\u00e2niei), 13:00 (ora Indiei).\" \/>\n\t\t<meta name=\"robots\" content=\"max-image-preview:large\" \/>\n\t\t<meta name=\"google-site-verification\" content=\"G-391X30D2FS\" \/>\n\t\t<link rel=\"canonical\" href=\"https:\/\/amnromania.ro\/hu\/day-ayurveda-2022\/\" \/>\n\t\t<meta name=\"generator\" content=\"All in One SEO Pro (AIOSEO) 4.7.0\" \/>\n\t\t<meta property=\"og:locale\" content=\"hu_HU\" \/>\n\t\t<meta property=\"og:site_name\" content=\"AMN Ayurveda ROM\u00c2NIA | Asociatia Nationala pentru Promovarea Medicinelor Neconventionale\" \/>\n\t\t<meta property=\"og:type\" content=\"article\" \/>\n\t\t<meta property=\"og:title\" content=\"Ziua Ayurveda 2022 | AMN Ayurveda ROM\u00c2NIA\" \/>\n\t\t<meta property=\"og:description\" content=\"Ziua Ayurveda Prezentari Festivitati Conferinte Ziua Ayurveda Prezentari Festivitati Conferinte INVITATIE PENTRU EVENIMENTUL ONLINE \u201dAYURVEDA DAY 2022 IN ROMANIA\u201d AMN-Rom\u00e2nia \u2013 Asocia\u021bia Na\u021bional\u0103 pentru Promovarea Medicinelor Neconven\u021bionale din Rom\u00e2nia, Ayush Cell Rom\u00e2nia \u0219i Ayus GrupRom\u00e2nia v\u0103 invit\u0103 s\u0103 participa\u021bi la evenimentul online intitulat \u201cAyurveda Day 2022 in Romania\u201d \u00een data de 23 octombrie 2022, ora 10:30 (ora Rom\u00e2niei), 13:00 (ora Indiei).\" \/>\n\t\t<meta property=\"og:url\" content=\"https:\/\/amnromania.ro\/hu\/day-ayurveda-2022\/\" \/>\n\t\t<meta property=\"og:image\" content=\"https:\/\/amnromania.ro\/ynorsyju\/2021\/06\/Ayurveda-in-Romania-Vol.-2-Ro.jpg\" \/>\n\t\t<meta property=\"og:image:secure_url\" content=\"https:\/\/amnromania.ro\/ynorsyju\/2021\/06\/Ayurveda-in-Romania-Vol.-2-Ro.jpg\" \/>\n\t\t<meta property=\"article:published_time\" content=\"2022-10-21T07:43:10+00:00\" \/>\n\t\t<meta property=\"article:modified_time\" content=\"2022-12-08T07:44:05+00:00\" \/>\n\t\t<meta property=\"article:publisher\" content=\"https:\/\/www.facebook.com\/AMNRomania\" \/>\n\t\t<script type=\"application\/ld+json\" class=\"aioseo-schema\">\n\t\t\t{\"@context\":\"https:\\\/\\\/schema.org\",\"@graph\":[{\"@type\":\"BreadcrumbList\",\"@id\":\"https:\\\/\\\/amnromania.ro\\\/hu\\\/day-ayurveda-2022\\\/#breadcrumblist\",\"itemListElement\":[{\"@type\":\"ListItem\",\"@id\":\"https:\\\/\\\/amnromania.ro\\\/hu\\\/#listItem\",\"position\":1,\"name\":\"Home\",\"item\":\"https:\\\/\\\/amnromania.ro\\\/hu\\\/\",\"nextItem\":\"https:\\\/\\\/amnromania.ro\\\/hu\\\/day-ayurveda-2022\\\/#listItem\"},{\"@type\":\"ListItem\",\"@id\":\"https:\\\/\\\/amnromania.ro\\\/hu\\\/day-ayurveda-2022\\\/#listItem\",\"position\":2,\"name\":\"Ziua Ayurveda 2022\",\"previousItem\":\"https:\\\/\\\/amnromania.ro\\\/hu\\\/#listItem\"}]},{\"@type\":\"Organization\",\"@id\":\"https:\\\/\\\/amnromania.ro\\\/hu\\\/#organization\",\"name\":\"AMN Ayurveda Romania\",\"url\":\"https:\\\/\\\/amnromania.ro\\\/hu\\\/\",\"logo\":{\"@type\":\"ImageObject\",\"url\":\"https:\\\/\\\/amnromania.ro\\\/ynorsyju\\\/2020\\\/10\\\/amn.png\",\"@id\":\"https:\\\/\\\/amnromania.ro\\\/hu\\\/day-ayurveda-2022\\\/#organizationLogo\"},\"image\":{\"@id\":\"https:\\\/\\\/amnromania.ro\\\/hu\\\/day-ayurveda-2022\\\/#organizationLogo\"},\"sameAs\":[\"https:\\\/\\\/www.facebook.com\\\/AMNRomania\",\"https:\\\/\\\/www.youtube.com\\\/channel\\\/UClfqKxiq_uZ11rthDIT3-BQ\\\/videos\"]},{\"@type\":\"WebPage\",\"@id\":\"https:\\\/\\\/amnromania.ro\\\/hu\\\/day-ayurveda-2022\\\/#webpage\",\"url\":\"https:\\\/\\\/amnromania.ro\\\/hu\\\/day-ayurveda-2022\\\/\",\"name\":\"Ziua Ayurveda 2022 | AMN Ayurveda ROM\\u00c2NIA\",\"description\":\"Ziua Ayurveda Prezentari Festivitati Conferinte Ziua Ayurveda Prezentari Festivitati Conferinte INVITATIE PENTRU EVENIMENTUL ONLINE \\u201dAYURVEDA DAY 2022 IN ROMANIA\\u201d AMN-Rom\\u00e2nia \\u2013 Asocia\\u021bia Na\\u021bional\\u0103 pentru Promovarea Medicinelor Neconven\\u021bionale din Rom\\u00e2nia, Ayush Cell Rom\\u00e2nia \\u0219i Ayus GrupRom\\u00e2nia v\\u0103 invit\\u0103 s\\u0103 participa\\u021bi la evenimentul online intitulat \\u201cAyurveda Day 2022 in Romania\\u201d \\u00een data de 23 octombrie 2022, ora 10:30 (ora Rom\\u00e2niei), 13:00 (ora Indiei).\",\"inLanguage\":\"hu-HU\",\"isPartOf\":{\"@id\":\"https:\\\/\\\/amnromania.ro\\\/hu\\\/#website\"},\"breadcrumb\":{\"@id\":\"https:\\\/\\\/amnromania.ro\\\/hu\\\/day-ayurveda-2022\\\/#breadcrumblist\"},\"datePublished\":\"2022-10-21T09:43:10+02:00\",\"dateModified\":\"2022-12-08T09:44:05+02:00\"},{\"@type\":\"WebSite\",\"@id\":\"https:\\\/\\\/amnromania.ro\\\/hu\\\/#website\",\"url\":\"https:\\\/\\\/amnromania.ro\\\/hu\\\/\",\"name\":\"AMN Ayurveda ROM\\u00c2NIA\",\"description\":\"Asociatia Nationala pentru Promovarea Medicinelor Neconventionale\",\"inLanguage\":\"hu-HU\",\"publisher\":{\"@id\":\"https:\\\/\\\/amnromania.ro\\\/hu\\\/#organization\"}}]}\n\t\t<\/script>\n\t\t<!-- All in One SEO Pro -->\r\n\t\t<title>Ziua Ayurveda 2022 | AMN Ayurveda ROM\u00c2NIA<\/title>\n\n","aioseo_head_json":{"title":"Ziua Ayurveda 2022 | AMN Ayurveda ROM\u00c2NIA","description":"Ziua Ayurveda Prezentari Festivitati Conferinte Ziua Ayurveda Prezentari Festivitati Conferinte INVITATIE PENTRU EVENIMENTUL ONLINE \u201dAYURVEDA DAY 2022 IN ROMANIA\u201d AMN-Rom\u00e2nia \u2013 Asocia\u021bia Na\u021bional\u0103 pentru Promovarea Medicinelor Neconven\u021bionale din Rom\u00e2nia, Ayush Cell Rom\u00e2nia \u0219i Ayus GrupRom\u00e2nia v\u0103 invit\u0103 s\u0103 participa\u021bi la evenimentul online intitulat \u201cAyurveda Day 2022 in Romania\u201d \u00een data de 23 octombrie 2022, ora 10:30 (ora Rom\u00e2niei), 13:00 (ora Indiei).","canonical_url":"https:\/\/amnromania.ro\/hu\/day-ayurveda-2022\/","robots":"max-image-preview:large","keywords":"","webmasterTools":{"google-site-verification":"G-391X30D2FS","miscellaneous":""},"og:locale":"hu_HU","og:site_name":"AMN Ayurveda ROM\u00c2NIA | Asociatia Nationala pentru Promovarea Medicinelor Neconventionale","og:type":"article","og:title":"Ziua Ayurveda 2022 | AMN Ayurveda ROM\u00c2NIA","og:description":"Ziua Ayurveda Prezentari Festivitati Conferinte Ziua Ayurveda Prezentari Festivitati Conferinte INVITATIE PENTRU EVENIMENTUL ONLINE \u201dAYURVEDA DAY 2022 IN ROMANIA\u201d AMN-Rom\u00e2nia \u2013 Asocia\u021bia Na\u021bional\u0103 pentru Promovarea Medicinelor Neconven\u021bionale din Rom\u00e2nia, Ayush Cell Rom\u00e2nia \u0219i Ayus GrupRom\u00e2nia v\u0103 invit\u0103 s\u0103 participa\u021bi la evenimentul online intitulat \u201cAyurveda Day 2022 in Romania\u201d \u00een data de 23 octombrie 2022, ora 10:30 (ora Rom\u00e2niei), 13:00 (ora Indiei).","og:url":"https:\/\/amnromania.ro\/hu\/day-ayurveda-2022\/","og:image":"https:\/\/amnromania.ro\/ynorsyju\/2021\/06\/Ayurveda-in-Romania-Vol.-2-Ro.jpg","og:image:secure_url":"https:\/\/amnromania.ro\/ynorsyju\/2021\/06\/Ayurveda-in-Romania-Vol.-2-Ro.jpg","article:published_time":"2022-10-21T07:43:10+00:00","article:modified_time":"2022-12-08T07:44:05+00:00","article:publisher":"https:\/\/www.facebook.com\/AMNRomania","schema":{"@context":"https:\/\/schema.org","@graph":[{"@type":"BreadcrumbList","@id":"https:\/\/amnromania.ro\/hu\/day-ayurveda-2022\/#breadcrumblist","itemListElement":[{"@type":"ListItem","@id":"https:\/\/amnromania.ro\/hu\/#listItem","position":1,"name":"Home","item":"https:\/\/amnromania.ro\/hu\/","nextItem":"https:\/\/amnromania.ro\/hu\/day-ayurveda-2022\/#listItem"},{"@type":"ListItem","@id":"https:\/\/amnromania.ro\/hu\/day-ayurveda-2022\/#listItem","position":2,"name":"Ziua Ayurveda 2022","previousItem":"https:\/\/amnromania.ro\/hu\/#listItem"}]},{"@type":"Organization","@id":"https:\/\/amnromania.ro\/hu\/#organization","name":"AMN Ayurveda Romania","url":"https:\/\/amnromania.ro\/hu\/","logo":{"@type":"ImageObject","url":"https:\/\/amnromania.ro\/ynorsyju\/2020\/10\/amn.png","@id":"https:\/\/amnromania.ro\/hu\/day-ayurveda-2022\/#organizationLogo"},"image":{"@id":"https:\/\/amnromania.ro\/hu\/day-ayurveda-2022\/#organizationLogo"},"sameAs":["https:\/\/www.facebook.com\/AMNRomania","https:\/\/www.youtube.com\/channel\/UClfqKxiq_uZ11rthDIT3-BQ\/videos"]},{"@type":"WebPage","@id":"https:\/\/amnromania.ro\/hu\/day-ayurveda-2022\/#webpage","url":"https:\/\/amnromania.ro\/hu\/day-ayurveda-2022\/","name":"Ziua Ayurveda 2022 | AMN Ayurveda ROM\u00c2NIA","description":"Ziua Ayurveda Prezentari Festivitati Conferinte Ziua Ayurveda Prezentari Festivitati Conferinte INVITATIE PENTRU EVENIMENTUL ONLINE \u201dAYURVEDA DAY 2022 IN ROMANIA\u201d AMN-Rom\u00e2nia \u2013 Asocia\u021bia Na\u021bional\u0103 pentru Promovarea Medicinelor Neconven\u021bionale din Rom\u00e2nia, Ayush Cell Rom\u00e2nia \u0219i Ayus GrupRom\u00e2nia v\u0103 invit\u0103 s\u0103 participa\u021bi la evenimentul online intitulat \u201cAyurveda Day 2022 in Romania\u201d \u00een data de 23 octombrie 2022, ora 10:30 (ora Rom\u00e2niei), 13:00 (ora Indiei).","inLanguage":"hu-HU","isPartOf":{"@id":"https:\/\/amnromania.ro\/hu\/#website"},"breadcrumb":{"@id":"https:\/\/amnromania.ro\/hu\/day-ayurveda-2022\/#breadcrumblist"},"datePublished":"2022-10-21T09:43:10+02:00","dateModified":"2022-12-08T09:44:05+02:00"},{"@type":"WebSite","@id":"https:\/\/amnromania.ro\/hu\/#website","url":"https:\/\/amnromania.ro\/hu\/","name":"AMN Ayurveda ROM\u00c2NIA","description":"Asociatia Nationala pentru Promovarea Medicinelor Neconventionale","inLanguage":"hu-HU","publisher":{"@id":"https:\/\/amnromania.ro\/hu\/#organization"}}]}},"aioseo_meta_data":{"post_id":"10983","title":null,"description":null,"keywords":"[]","keyphrases":"{\"focus\":{\"keyphrase\":\"\",\"score\":0,\"analysis\":{\"keyphraseInTitle\":{\"score\":0,\"maxScore\":9,\"error\":1}}},\"additional\":[]}","primary_term":null,"canonical_url":null,"og_title":null,"og_description":null,"og_object_type":"default","og_image_type":"default","og_image_url":null,"og_image_width":null,"og_image_height":null,"og_image_custom_url":null,"og_image_custom_fields":null,"og_video":"","og_custom_url":null,"og_article_section":null,"og_article_tags":"[]","twitter_use_og":false,"twitter_card":"default","twitter_image_type":"default","twitter_image_url":null,"twitter_image_custom_url":null,"twitter_image_custom_fields":null,"twitter_title":null,"twitter_description":null,"schema":{"blockGraphs":[],"customGraphs":[],"default":{"data":{"Article":[],"Course":[],"Dataset":[],"FAQPage":[],"Movie":[],"Person":[],"Product":[],"Recipe":[],"Service":[],"SoftwareApplication":[],"WebPage":{"id":"#aioseo-web-page-65b63559374e6","slug":"web-page","graphName":"WebPage","label":"Pagina web","properties":{"type":"WebPage","name":"","description":""}}},"graphName":"WebPage","isEnabled":true},"graphs":[]},"schema_type":"default","schema_type_options":"{\"article\":{\"articleType\":\"BlogPosting\"},\"course\":{\"name\":\"\",\"description\":\"\",\"provider\":\"\"},\"faq\":{\"pages\":[]},\"product\":{\"reviews\":[]},\"recipe\":{\"ingredients\":[],\"instructions\":[],\"keywords\":[]},\"software\":{\"reviews\":[],\"operatingSystems\":[]},\"webPage\":{\"webPageType\":\"WebPage\"},\"blockGraphs\":[]}","pillar_content":false,"robots_default":true,"robots_noindex":false,"robots_noarchive":false,"robots_nosnippet":false,"robots_nofollow":false,"robots_noimageindex":false,"robots_noodp":false,"robots_notranslate":false,"robots_max_snippet":"-1","robots_max_videopreview":"-1","robots_max_imagepreview":"large","priority":null,"frequency":"default","local_seo":null,"limit_modified_date":false,"open_ai":null,"created":"2022-10-21 07:42:55","updated":"2024-01-28 11:07:05"},"aioseo_breadcrumb":"<div class=\"aioseo-breadcrumbs\"><span class=\"aioseo-breadcrumb\">\n\t<a href=\"https:\/\/amnromania.ro\/hu\" title=\"Home\">Home<\/a>\n<\/span><span class=\"aioseo-breadcrumb-separator\">&raquo;<\/span><span class=\"aioseo-breadcrumb\">\n\tZiua Ayurveda 2022\n<\/span><\/div>","aioseo_breadcrumb_json":[{"label":"Home","link":"https:\/\/amnromania.ro\/hu"},{"label":"Ziua Ayurveda 2022","link":"https:\/\/amnromania.ro\/hu\/day-ayurveda-2022\/"}],"_links":{"self":[{"href":"https:\/\/amnromania.ro\/hu\/wp-json\/wp\/v2\/pages\/10983","targetHints":{"allow":["GET"]}}],"collection":[{"href":"https:\/\/amnromania.ro\/hu\/wp-json\/wp\/v2\/pages"}],"about":[{"href":"https:\/\/amnromania.ro\/hu\/wp-json\/wp\/v2\/types\/page"}],"author":[{"embeddable":true,"href":"https:\/\/amnromania.ro\/hu\/wp-json\/wp\/v2\/users\/1"}],"replies":[{"embeddable":true,"href":"https:\/\/amnromania.ro\/hu\/wp-json\/wp\/v2\/comments?post=10983"}],"version-history":[{"count":0,"href":"https:\/\/amnromania.ro\/hu\/wp-json\/wp\/v2\/pages\/10983\/revisions"}],"wp:attachment":[{"href":"https:\/\/amnromania.ro\/hu\/wp-json\/wp\/v2\/media?parent=10983"}],"curies":[{"name":"wp","href":"https:\/\/api.w.org\/{rel}","templated":true}]}}