{"id":8168,"date":"2021-08-11T19:12:57","date_gmt":"2021-08-11T19:12:57","guid":{"rendered":"https:\/\/amnromania.ro\/?page_id=8168"},"modified":"2022-03-31T20:58:12","modified_gmt":"2022-03-31T18:58:12","slug":"structure-of-ayurveda-courses","status":"publish","type":"page","link":"https:\/\/amnromania.ro\/en\/structure-of-ayurveda-courses\/","title":{"rendered":"Structure of Ayurveda courses"},"content":{"rendered":"<div data-elementor-type=\"wp-page\" data-elementor-id=\"8168\" class=\"elementor elementor-8168\" data-elementor-post-type=\"page\">\n\t\t\t\t\t\t<section class=\"elementor-section elementor-top-section elementor-element elementor-element-1327fb3 elementor-section-boxed elementor-section-height-default elementor-section-height-default\" data-id=\"1327fb3\" data-element_type=\"section\">\n\t\t\t\t\t\t<div class=\"elementor-container elementor-column-gap-default\">\n\t\t\t\t\t<div class=\"elementor-column elementor-col-50 elementor-top-column elementor-element elementor-element-0031825\" data-id=\"0031825\" data-element_type=\"column\">\n\t\t\t<div class=\"elementor-widget-wrap elementor-element-populated\">\n\t\t\t\t\t\t<div class=\"elementor-element elementor-element-abc3667 elementor-nav-menu__align-start elementor-nav-menu__text-align-center elementor-nav-menu--dropdown-tablet elementor-nav-menu--toggle elementor-nav-menu--burger elementor-widget elementor-widget-global elementor-global-4259 elementor-widget-nav-menu\" data-id=\"abc3667\" data-element_type=\"widget\" data-settings=\"{&quot;layout&quot;:&quot;vertical&quot;,&quot;submenu_icon&quot;:{&quot;value&quot;:&quot;fas fa-caret-down&quot;,&quot;library&quot;:&quot;fa-solid&quot;},&quot;toggle&quot;:&quot;burger&quot;}\" data-widget_type=\"nav-menu.default\">\n\t\t\t\t<div class=\"elementor-widget-container\">\n\t\t\t\t\t\t\t\t<nav aria-label=\"Menu\" class=\"elementor-nav-menu--main elementor-nav-menu__container elementor-nav-menu--layout-vertical e--pointer-background e--animation-fade\">\n\t\t\t\t<ul id=\"menu-1-abc3667\" class=\"elementor-nav-menu sm-vertical\"><li class=\"menu-item menu-item-type-post_type menu-item-object-page menu-item-4237\"><a href=\"https:\/\/amnromania.ro\/en\/activity\/ayurveda-courses\/\" class=\"elementor-item\">Ayurveda Courses<\/a><\/li>\n<li class=\"menu-item menu-item-type-post_type menu-item-object-page menu-item-4234\"><a href=\"https:\/\/amnromania.ro\/en\/activity\/ayurveda-contests\/\" class=\"elementor-item\">Ayurveda competitions<\/a><\/li>\n<li class=\"menu-item menu-item-type-post_type menu-item-object-page menu-item-4235\"><a href=\"https:\/\/amnromania.ro\/en\/activity\/ayurveda-conference\/\" class=\"elementor-item\">Ayurveda Conferences<\/a><\/li>\n<li class=\"menu-item menu-item-type-post_type menu-item-object-page menu-item-4236\"><a href=\"https:\/\/amnromania.ro\/en\/activity\/ayurveda-congress\/\" class=\"elementor-item\">Ayurveda Congress<\/a><\/li>\n<li class=\"menu-item menu-item-type-post_type menu-item-object-page menu-item-5535\"><a href=\"https:\/\/amnromania.ro\/en\/activity\/ayurveda-camps\/\" class=\"elementor-item\">Ayurveda Camps<\/a><\/li>\n<\/ul>\t\t\t<\/nav>\n\t\t\t\t\t<div class=\"elementor-menu-toggle\" role=\"button\" tabindex=\"0\" aria-label=\"Toggle menu\" aria-expanded=\"false\">\n\t\t\t<i aria-hidden=\"true\" role=\"presentation\" class=\"elementor-menu-toggle__icon--open eicon-menu-bar\"><\/i><i aria-hidden=\"true\" role=\"presentation\" class=\"elementor-menu-toggle__icon--close eicon-close\"><\/i>\t\t<\/div>\n\t\t\t\t\t<nav class=\"elementor-nav-menu--dropdown elementor-nav-menu__container\" aria-hidden=\"true\">\n\t\t\t\t<ul id=\"menu-2-abc3667\" class=\"elementor-nav-menu sm-vertical\"><li class=\"menu-item menu-item-type-post_type menu-item-object-page menu-item-4237\"><a href=\"https:\/\/amnromania.ro\/en\/activity\/ayurveda-courses\/\" class=\"elementor-item\" tabindex=\"-1\">Ayurveda Courses<\/a><\/li>\n<li class=\"menu-item menu-item-type-post_type menu-item-object-page menu-item-4234\"><a href=\"https:\/\/amnromania.ro\/en\/activity\/ayurveda-contests\/\" class=\"elementor-item\" tabindex=\"-1\">Ayurveda competitions<\/a><\/li>\n<li class=\"menu-item menu-item-type-post_type menu-item-object-page menu-item-4235\"><a href=\"https:\/\/amnromania.ro\/en\/activity\/ayurveda-conference\/\" class=\"elementor-item\" tabindex=\"-1\">Ayurveda Conferences<\/a><\/li>\n<li class=\"menu-item menu-item-type-post_type menu-item-object-page menu-item-4236\"><a href=\"https:\/\/amnromania.ro\/en\/activity\/ayurveda-congress\/\" class=\"elementor-item\" tabindex=\"-1\">Ayurveda Congress<\/a><\/li>\n<li class=\"menu-item menu-item-type-post_type menu-item-object-page menu-item-5535\"><a href=\"https:\/\/amnromania.ro\/en\/activity\/ayurveda-camps\/\" class=\"elementor-item\" tabindex=\"-1\">Ayurveda Camps<\/a><\/li>\n<\/ul>\t\t\t<\/nav>\n\t\t\t\t\t\t<\/div>\n\t\t\t\t<\/div>\n\t\t\t\t\t<\/div>\n\t\t<\/div>\n\t\t\t\t<div class=\"elementor-column elementor-col-50 elementor-top-column elementor-element elementor-element-91fd2b0\" data-id=\"91fd2b0\" data-element_type=\"column\">\n\t\t\t<div class=\"elementor-widget-wrap elementor-element-populated\">\n\t\t\t\t\t\t<div class=\"elementor-element elementor-element-faeef18 elementor-widget elementor-widget-text-editor\" data-id=\"faeef18\" data-element_type=\"widget\" data-widget_type=\"text-editor.default\">\n\t\t\t\t<div class=\"elementor-widget-container\">\n\t\t\t\t\t\t\t\t\t<h1 style=\"text-align: center;\"><strong><span style=\"color: #ffcc00;\">STRUCTURE OF THE AMN-ROMANIA AYURVEDA COURSE<\/span><\/strong><\/h1><p>The basic structure of an AMN Ayurveda course is adapted according to <strong>triplet theory - practical applications - seminar.<\/strong><\/p><p>The syllabus of the various Ayurveda course topics is structured on <a href=\"https:\/\/amnromania.ro\/en\/activity\/ayurveda-courses\/topics-addressed\/\">sections<\/a>. These sections are usually covered in the weekly Ayurveda course system during a school year starting in September and continuing until July of the following calendar year. Depending on the choices of some participants, the pace can be adapted to the specific study possibilities. Emphasis is placed on a fruitful dialogue between lecturer and learners.<\/p><p>The first three years of the Ayurveda course provide the participants with a so-called first level of competence in Ayurveda, which corresponds in the system of general competence standards to level 1 of qualification, the basic level, which is called in Ayurveda the Ayurvedic practitioner level. This first level of qualification in Ayurveda includes basic aspects of knowledge of Ayurvedic constitutions and a number of related practical applications (Dosha-parkriti), aspects of shaping and beneficially adapting one's lifestyle (Svasthavritta), and aspects of Ayurvedic use of natural foods and medicinal plants, both Roman and Indian, in accordance with Ayurvedic principles and modalities (Dravyaguna).\u00a0<\/p><p>These three basic sections make up the syllabus of the first 3 years of study in the AMN-Romania Ayurveda course, so that their completion ensures the acquisition of the basic qualification in Ayurveda, totalling 360-450 hours of Ayurvedic study and practice.<\/p><p>See also: <a href=\"https:\/\/amnromania.ro\/en\/activity\/ayurveda-courses\/topics-addressed\/\">Disciplines and specialties of the traditional Ayurveda system studied during the AMN-Romania course<\/a><\/p>\t\t\t\t\t\t\t\t<\/div>\n\t\t\t\t<\/div>\n\t\t\t\t<div class=\"elementor-element elementor-element-a83c4e2 elementor-align-center elementor-widget elementor-widget-global elementor-global-10369 elementor-widget-button\" data-id=\"a83c4e2\" data-element_type=\"widget\" data-widget_type=\"button.default\">\n\t\t\t\t<div class=\"elementor-widget-container\">\n\t\t\t\t\t\t\t\t\t<div class=\"elementor-button-wrapper\">\n\t\t\t\t\t<a class=\"elementor-button elementor-button-link elementor-size-lg\" href=\"https:\/\/amnromania.ro\/en\/activity\/ayurveda-courses\/registration\/\">\n\t\t\t\t\t\t<span class=\"elementor-button-content-wrapper\">\n\t\t\t\t\t\t\t\t\t<span class=\"elementor-button-text\">AYURVEDA COURSES REGISTRATION<\/span>\n\t\t\t\t\t<\/span>\n\t\t\t\t\t<\/a>\n\t\t\t\t<\/div>\n\t\t\t\t\t\t\t\t<\/div>\n\t\t\t\t<\/div>\n\t\t\t\t\t<\/div>\n\t\t<\/div>\n\t\t\t\t\t<\/div>\n\t\t<\/section>\n\t\t\t\t<\/div>","protected":false},"excerpt":{"rendered":"<p>STRUCTURE OF THE AMN-ROMANIA AYURVEDA COURSE The basic structure of an AMN Ayurveda course is adapted according to the triple combination of theory - practical applications - seminar. The syllabus of the various Ayurveda course topics is structured in sections. These sections are usually covered in the system of weekly Ayurveda courses during a [...]<\/p>","protected":false},"author":1,"featured_media":0,"parent":0,"menu_order":0,"comment_status":"closed","ping_status":"closed","template":"","meta":{"_mi_skip_tracking":false,"_analytify_skip_tracking":false,"footnotes":""},"class_list":["post-8168","page","type-page","status-publish","hentry"],"aioseo_notices":[],"aioseo_head":"\n\t\t<!-- All in One SEO Pro 4.7.0 - aioseo.com -->\n\t\t<meta name=\"description\" content=\"Cursuri de Ayurveda Concursuri de Ayurveda Conferinte de Ayurveda Congrese de Ayurveda Tabere de Ayurveda Cursuri de Ayurveda Concursuri de Ayurveda Conferinte de Ayurveda Congrese de Ayurveda Tabere de Ayurveda STRUCTURA CURSULUI DE AYURVEDA AMN-ROM\u00c2NIAStructura de baz\u0103 a unui curs de Ayurveda AMN este adaptat\u0103 \u00een func\u0163ie de tripletul teorie \u2013 aplica\u0163ii practice \u2013 seminar.Programa\" \/>\n\t\t<meta name=\"robots\" content=\"max-image-preview:large\" \/>\n\t\t<meta name=\"google-site-verification\" content=\"G-391X30D2FS\" \/>\n\t\t<link rel=\"canonical\" href=\"https:\/\/amnromania.ro\/en\/structure-of-ayurveda-courses\/\" \/>\n\t\t<meta name=\"generator\" content=\"All in One SEO Pro (AIOSEO) 4.7.0\" \/>\n\t\t<meta property=\"og:locale\" content=\"en_US\" \/>\n\t\t<meta property=\"og:site_name\" content=\"AMN Ayurveda ROM\u00c2NIA | Asociatia Nationala pentru Promovarea Medicinelor Neconventionale\" \/>\n\t\t<meta property=\"og:type\" content=\"article\" \/>\n\t\t<meta property=\"og:title\" content=\"Structura cursurilor de Ayurveda | AMN Ayurveda ROM\u00c2NIA\" \/>\n\t\t<meta property=\"og:description\" content=\"Cursuri de Ayurveda Concursuri de Ayurveda Conferinte de Ayurveda Congrese de Ayurveda Tabere de Ayurveda Cursuri de Ayurveda Concursuri de Ayurveda Conferinte de Ayurveda Congrese de Ayurveda Tabere de Ayurveda STRUCTURA CURSULUI DE AYURVEDA AMN-ROM\u00c2NIAStructura de baz\u0103 a unui curs de Ayurveda AMN este adaptat\u0103 \u00een func\u0163ie de tripletul teorie \u2013 aplica\u0163ii practice \u2013 seminar.Programa\" \/>\n\t\t<meta property=\"og:url\" content=\"https:\/\/amnromania.ro\/en\/structure-of-ayurveda-courses\/\" \/>\n\t\t<meta property=\"og:image\" content=\"https:\/\/amnromania.ro\/ynorsyju\/2021\/06\/Ayurveda-in-Romania-Vol.-2-Ro.jpg\" \/>\n\t\t<meta property=\"og:image:secure_url\" content=\"https:\/\/amnromania.ro\/ynorsyju\/2021\/06\/Ayurveda-in-Romania-Vol.-2-Ro.jpg\" \/>\n\t\t<meta property=\"article:published_time\" content=\"2021-08-11T19:12:57+00:00\" \/>\n\t\t<meta property=\"article:modified_time\" content=\"2022-03-31T18:58:12+00:00\" \/>\n\t\t<meta property=\"article:publisher\" content=\"https:\/\/www.facebook.com\/AMNRomania\" \/>\n\t\t<script type=\"application\/ld+json\" class=\"aioseo-schema\">\n\t\t\t{\"@context\":\"https:\\\/\\\/schema.org\",\"@graph\":[{\"@type\":\"BreadcrumbList\",\"@id\":\"https:\\\/\\\/amnromania.ro\\\/en\\\/structure-of-ayurveda-courses\\\/#breadcrumblist\",\"itemListElement\":[{\"@type\":\"ListItem\",\"@id\":\"https:\\\/\\\/amnromania.ro\\\/en\\\/#listItem\",\"position\":1,\"name\":\"Home\",\"item\":\"https:\\\/\\\/amnromania.ro\\\/en\\\/\",\"nextItem\":\"https:\\\/\\\/amnromania.ro\\\/en\\\/structure-of-ayurveda-courses\\\/#listItem\"},{\"@type\":\"ListItem\",\"@id\":\"https:\\\/\\\/amnromania.ro\\\/en\\\/structure-of-ayurveda-courses\\\/#listItem\",\"position\":2,\"name\":\"Structura cursurilor de Ayurveda\",\"previousItem\":\"https:\\\/\\\/amnromania.ro\\\/en\\\/#listItem\"}]},{\"@type\":\"Organization\",\"@id\":\"https:\\\/\\\/amnromania.ro\\\/en\\\/#organization\",\"name\":\"AMN Ayurveda Romania\",\"url\":\"https:\\\/\\\/amnromania.ro\\\/en\\\/\",\"logo\":{\"@type\":\"ImageObject\",\"url\":\"https:\\\/\\\/amnromania.ro\\\/ynorsyju\\\/2020\\\/10\\\/amn.png\",\"@id\":\"https:\\\/\\\/amnromania.ro\\\/en\\\/structure-of-ayurveda-courses\\\/#organizationLogo\"},\"image\":{\"@id\":\"https:\\\/\\\/amnromania.ro\\\/en\\\/structure-of-ayurveda-courses\\\/#organizationLogo\"},\"sameAs\":[\"https:\\\/\\\/www.facebook.com\\\/AMNRomania\",\"https:\\\/\\\/www.youtube.com\\\/channel\\\/UClfqKxiq_uZ11rthDIT3-BQ\\\/videos\"]},{\"@type\":\"WebPage\",\"@id\":\"https:\\\/\\\/amnromania.ro\\\/en\\\/structure-of-ayurveda-courses\\\/#webpage\",\"url\":\"https:\\\/\\\/amnromania.ro\\\/en\\\/structure-of-ayurveda-courses\\\/\",\"name\":\"Structura cursurilor de Ayurveda | AMN Ayurveda ROM\\u00c2NIA\",\"description\":\"Cursuri de Ayurveda Concursuri de Ayurveda Conferinte de Ayurveda Congrese de Ayurveda Tabere de Ayurveda Cursuri de Ayurveda Concursuri de Ayurveda Conferinte de Ayurveda Congrese de Ayurveda Tabere de Ayurveda STRUCTURA CURSULUI DE AYURVEDA AMN-ROM\\u00c2NIAStructura de baz\\u0103 a unui curs de Ayurveda AMN este adaptat\\u0103 \\u00een func\\u0163ie de tripletul teorie \\u2013 aplica\\u0163ii practice \\u2013 seminar.Programa\",\"inLanguage\":\"en-US\",\"isPartOf\":{\"@id\":\"https:\\\/\\\/amnromania.ro\\\/en\\\/#website\"},\"breadcrumb\":{\"@id\":\"https:\\\/\\\/amnromania.ro\\\/en\\\/structure-of-ayurveda-courses\\\/#breadcrumblist\"},\"datePublished\":\"2021-08-11T19:12:57+02:00\",\"dateModified\":\"2022-03-31T20:58:12+02:00\"},{\"@type\":\"WebSite\",\"@id\":\"https:\\\/\\\/amnromania.ro\\\/en\\\/#website\",\"url\":\"https:\\\/\\\/amnromania.ro\\\/en\\\/\",\"name\":\"AMN Ayurveda ROM\\u00c2NIA\",\"description\":\"Asociatia Nationala pentru Promovarea Medicinelor Neconventionale\",\"inLanguage\":\"en-US\",\"publisher\":{\"@id\":\"https:\\\/\\\/amnromania.ro\\\/en\\\/#organization\"}}]}\n\t\t<\/script>\n\t\t<!-- All in One SEO Pro -->\r\n\t\t<title>Structura cursurilor de Ayurveda | AMN Ayurveda ROM\u00c2NIA<\/title>\n\n","aioseo_head_json":{"title":"Structura cursurilor de Ayurveda | AMN Ayurveda ROM\u00c2NIA","description":"Cursuri de Ayurveda Concursuri de Ayurveda Conferinte de Ayurveda Congrese de Ayurveda Tabere de Ayurveda Cursuri de Ayurveda Concursuri de Ayurveda Conferinte de Ayurveda Congrese de Ayurveda Tabere de Ayurveda STRUCTURA CURSULUI DE AYURVEDA AMN-ROM\u00c2NIAStructura de baz\u0103 a unui curs de Ayurveda AMN este adaptat\u0103 \u00een func\u0163ie de tripletul teorie \u2013 aplica\u0163ii practice \u2013 seminar.Programa","canonical_url":"https:\/\/amnromania.ro\/en\/structure-of-ayurveda-courses\/","robots":"max-image-preview:large","keywords":"","webmasterTools":{"google-site-verification":"G-391X30D2FS","miscellaneous":""},"og:locale":"en_US","og:site_name":"AMN Ayurveda ROM\u00c2NIA | Asociatia Nationala pentru Promovarea Medicinelor Neconventionale","og:type":"article","og:title":"Structura cursurilor de Ayurveda | AMN Ayurveda ROM\u00c2NIA","og:description":"Cursuri de Ayurveda Concursuri de Ayurveda Conferinte de Ayurveda Congrese de Ayurveda Tabere de Ayurveda Cursuri de Ayurveda Concursuri de Ayurveda Conferinte de Ayurveda Congrese de Ayurveda Tabere de Ayurveda STRUCTURA CURSULUI DE AYURVEDA AMN-ROM\u00c2NIAStructura de baz\u0103 a unui curs de Ayurveda AMN este adaptat\u0103 \u00een func\u0163ie de tripletul teorie \u2013 aplica\u0163ii practice \u2013 seminar.Programa","og:url":"https:\/\/amnromania.ro\/en\/structure-of-ayurveda-courses\/","og:image":"https:\/\/amnromania.ro\/ynorsyju\/2021\/06\/Ayurveda-in-Romania-Vol.-2-Ro.jpg","og:image:secure_url":"https:\/\/amnromania.ro\/ynorsyju\/2021\/06\/Ayurveda-in-Romania-Vol.-2-Ro.jpg","article:published_time":"2021-08-11T19:12:57+00:00","article:modified_time":"2022-03-31T18:58:12+00:00","article:publisher":"https:\/\/www.facebook.com\/AMNRomania","schema":{"@context":"https:\/\/schema.org","@graph":[{"@type":"BreadcrumbList","@id":"https:\/\/amnromania.ro\/en\/structure-of-ayurveda-courses\/#breadcrumblist","itemListElement":[{"@type":"ListItem","@id":"https:\/\/amnromania.ro\/en\/#listItem","position":1,"name":"Home","item":"https:\/\/amnromania.ro\/en\/","nextItem":"https:\/\/amnromania.ro\/en\/structure-of-ayurveda-courses\/#listItem"},{"@type":"ListItem","@id":"https:\/\/amnromania.ro\/en\/structure-of-ayurveda-courses\/#listItem","position":2,"name":"Structura cursurilor de Ayurveda","previousItem":"https:\/\/amnromania.ro\/en\/#listItem"}]},{"@type":"Organization","@id":"https:\/\/amnromania.ro\/en\/#organization","name":"AMN Ayurveda Romania","url":"https:\/\/amnromania.ro\/en\/","logo":{"@type":"ImageObject","url":"https:\/\/amnromania.ro\/ynorsyju\/2020\/10\/amn.png","@id":"https:\/\/amnromania.ro\/en\/structure-of-ayurveda-courses\/#organizationLogo"},"image":{"@id":"https:\/\/amnromania.ro\/en\/structure-of-ayurveda-courses\/#organizationLogo"},"sameAs":["https:\/\/www.facebook.com\/AMNRomania","https:\/\/www.youtube.com\/channel\/UClfqKxiq_uZ11rthDIT3-BQ\/videos"]},{"@type":"WebPage","@id":"https:\/\/amnromania.ro\/en\/structure-of-ayurveda-courses\/#webpage","url":"https:\/\/amnromania.ro\/en\/structure-of-ayurveda-courses\/","name":"Structura cursurilor de Ayurveda | AMN Ayurveda ROM\u00c2NIA","description":"Cursuri de Ayurveda Concursuri de Ayurveda Conferinte de Ayurveda Congrese de Ayurveda Tabere de Ayurveda Cursuri de Ayurveda Concursuri de Ayurveda Conferinte de Ayurveda Congrese de Ayurveda Tabere de Ayurveda STRUCTURA CURSULUI DE AYURVEDA AMN-ROM\u00c2NIAStructura de baz\u0103 a unui curs de Ayurveda AMN este adaptat\u0103 \u00een func\u0163ie de tripletul teorie \u2013 aplica\u0163ii practice \u2013 seminar.Programa","inLanguage":"en-US","isPartOf":{"@id":"https:\/\/amnromania.ro\/en\/#website"},"breadcrumb":{"@id":"https:\/\/amnromania.ro\/en\/structure-of-ayurveda-courses\/#breadcrumblist"},"datePublished":"2021-08-11T19:12:57+02:00","dateModified":"2022-03-31T20:58:12+02:00"},{"@type":"WebSite","@id":"https:\/\/amnromania.ro\/en\/#website","url":"https:\/\/amnromania.ro\/en\/","name":"AMN Ayurveda ROM\u00c2NIA","description":"Asociatia Nationala pentru Promovarea Medicinelor Neconventionale","inLanguage":"en-US","publisher":{"@id":"https:\/\/amnromania.ro\/en\/#organization"}}]}},"aioseo_meta_data":{"post_id":"8168","title":null,"description":null,"keywords":"[]","keyphrases":"{\"focus\":[],\"additional\":[]}","primary_term":null,"canonical_url":null,"og_title":null,"og_description":null,"og_object_type":"default","og_image_type":"default","og_image_url":null,"og_image_width":null,"og_image_height":null,"og_image_custom_url":null,"og_image_custom_fields":null,"og_video":"","og_custom_url":null,"og_article_section":null,"og_article_tags":"[]","twitter_use_og":false,"twitter_card":"default","twitter_image_type":"default","twitter_image_url":null,"twitter_image_custom_url":null,"twitter_image_custom_fields":null,"twitter_title":null,"twitter_description":null,"schema":{"blockGraphs":[],"customGraphs":[],"default":{"data":{"Article":[],"Course":[],"Dataset":[],"FAQPage":[],"Movie":[],"Person":[],"Product":[],"Recipe":[],"Service":[],"SoftwareApplication":[],"WebPage":{"id":"#aioseo-web-page-65b632ba5829d","slug":"web-page","graphName":"WebPage","label":"Web Page","properties":{"type":"WebPage","name":"","description":""}}},"graphName":"WebPage","isEnabled":true},"graphs":[]},"schema_type":"default","schema_type_options":"{\"article\":{\"articleType\":\"BlogPosting\"},\"course\":{\"name\":\"\",\"description\":\"\",\"provider\":\"\"},\"faq\":{\"pages\":[]},\"product\":{\"reviews\":[]},\"recipe\":{\"ingredients\":[],\"instructions\":[],\"keywords\":[]},\"software\":{\"reviews\":[],\"operatingSystems\":[]},\"webPage\":{\"webPageType\":\"WebPage\"}}","pillar_content":false,"robots_default":true,"robots_noindex":false,"robots_noarchive":false,"robots_nosnippet":false,"robots_nofollow":false,"robots_noimageindex":false,"robots_noodp":false,"robots_notranslate":false,"robots_max_snippet":"-1","robots_max_videopreview":"-1","robots_max_imagepreview":"large","priority":null,"frequency":"default","local_seo":{"businessInfo":{"name":"","urls":{"website":"","aboutPage":"","contactPage":""},"address":{"line1":"","line2":"","zip":"","city":"","state":"","country":""},"contact":{"email":"","phone":"","fax":""},"ids":{"vatID":"","taxID":"","chamberID":""},"payment":{"priceIndication":"","currenciesAccepted":"","methodsAccepted":""},"areaServed":""},"openingHours":{"show":false,"closedLabel":"","open24h":false,"open24hLabel":"","open247":false,"use24hFormat":false,"twoSets":false,"timezone":"","hours":[]}},"limit_modified_date":false,"open_ai":null,"created":"2021-08-11 19:11:59","updated":"2024-01-28 10:55:54"},"aioseo_breadcrumb":"<div class=\"aioseo-breadcrumbs\"><span class=\"aioseo-breadcrumb\">\n\t<a href=\"https:\/\/amnromania.ro\/en\" title=\"Home\">Home<\/a>\n<\/span><span class=\"aioseo-breadcrumb-separator\">&raquo;<\/span><span class=\"aioseo-breadcrumb\">\n\tStructura cursurilor de Ayurveda\n<\/span><\/div>","aioseo_breadcrumb_json":[{"label":"Home","link":"https:\/\/amnromania.ro\/en"},{"label":"Structura cursurilor de Ayurveda","link":"https:\/\/amnromania.ro\/en\/structure-of-ayurveda-courses\/"}],"_links":{"self":[{"href":"https:\/\/amnromania.ro\/en\/wp-json\/wp\/v2\/pages\/8168","targetHints":{"allow":["GET"]}}],"collection":[{"href":"https:\/\/amnromania.ro\/en\/wp-json\/wp\/v2\/pages"}],"about":[{"href":"https:\/\/amnromania.ro\/en\/wp-json\/wp\/v2\/types\/page"}],"author":[{"embeddable":true,"href":"https:\/\/amnromania.ro\/en\/wp-json\/wp\/v2\/users\/1"}],"replies":[{"embeddable":true,"href":"https:\/\/amnromania.ro\/en\/wp-json\/wp\/v2\/comments?post=8168"}],"version-history":[{"count":0,"href":"https:\/\/amnromania.ro\/en\/wp-json\/wp\/v2\/pages\/8168\/revisions"}],"wp:attachment":[{"href":"https:\/\/amnromania.ro\/en\/wp-json\/wp\/v2\/media?parent=8168"}],"curies":[{"name":"wp","href":"https:\/\/api.w.org\/{rel}","templated":true}]}}