{"id":7807,"date":"2021-08-03T05:48:27","date_gmt":"2021-08-03T05:48:27","guid":{"rendered":"https:\/\/amnromania.ro\/?page_id=7807"},"modified":"2021-08-05T21:42:06","modified_gmt":"2021-08-05T21:42:06","slug":"exposure-thematics-shad-padartha-2","status":"publish","type":"page","link":"https:\/\/amnromania.ro\/en\/exposure-thematics-shad-padartha-2\/","title":{"rendered":"Thematic exhibition: Shad-Padartha"},"content":{"rendered":"<div data-elementor-type=\"wp-page\" data-elementor-id=\"7807\" class=\"elementor elementor-7807\" data-elementor-post-type=\"page\">\n\t\t\t\t\t\t<section class=\"elementor-section elementor-top-section elementor-element elementor-element-d536ead elementor-section-boxed elementor-section-height-default elementor-section-height-default\" data-id=\"d536ead\" data-element_type=\"section\">\n\t\t\t\t\t\t<div class=\"elementor-container elementor-column-gap-default\">\n\t\t\t\t\t<div class=\"elementor-column elementor-col-50 elementor-top-column elementor-element elementor-element-88690a8\" data-id=\"88690a8\" data-element_type=\"column\">\n\t\t\t<div class=\"elementor-widget-wrap elementor-element-populated\">\n\t\t\t\t\t\t<div class=\"elementor-element elementor-element-74ff267 elementor-nav-menu__align-start elementor-nav-menu__text-align-center elementor-nav-menu--dropdown-tablet elementor-nav-menu--toggle elementor-nav-menu--burger elementor-widget elementor-widget-global elementor-global-5200 elementor-widget-nav-menu\" data-id=\"74ff267\" data-element_type=\"widget\" data-settings=\"{&quot;layout&quot;:&quot;vertical&quot;,&quot;submenu_icon&quot;:{&quot;value&quot;:&quot;fas fa-caret-down&quot;,&quot;library&quot;:&quot;fa-solid&quot;},&quot;toggle&quot;:&quot;burger&quot;}\" data-widget_type=\"nav-menu.default\">\n\t\t\t\t<div class=\"elementor-widget-container\">\n\t\t\t\t\t\t\t\t<nav aria-label=\"Menu\" class=\"elementor-nav-menu--main elementor-nav-menu__container elementor-nav-menu--layout-vertical e--pointer-background e--animation-fade\">\n\t\t\t\t<ul id=\"menu-1-74ff267\" class=\"elementor-nav-menu sm-vertical\"><li class=\"menu-item menu-item-type-post_type menu-item-object-page menu-item-6419\"><a href=\"https:\/\/amnromania.ro\/en\/day-ayurveda\/\" class=\"elementor-item\">Ayurveda Day<\/a><\/li>\n<li class=\"menu-item menu-item-type-post_type menu-item-object-page menu-item-11894\"><a href=\"https:\/\/amnromania.ro\/en\/presentations\/\" class=\"elementor-item\">Presentations<\/a><\/li>\n<li class=\"menu-item menu-item-type-post_type menu-item-object-page menu-item-11880\"><a href=\"https:\/\/amnromania.ro\/en\/festivities\/\" class=\"elementor-item\">Festivities<\/a><\/li>\n<li class=\"menu-item menu-item-type-post_type menu-item-object-page menu-item-11893\"><a href=\"https:\/\/amnromania.ro\/en\/conferences\/\" class=\"elementor-item\">Conferences<\/a><\/li>\n<\/ul>\t\t\t<\/nav>\n\t\t\t\t\t<div class=\"elementor-menu-toggle\" role=\"button\" tabindex=\"0\" aria-label=\"Toggle menu\" aria-expanded=\"false\">\n\t\t\t<i aria-hidden=\"true\" role=\"presentation\" class=\"elementor-menu-toggle__icon--open eicon-menu-bar\"><\/i><i aria-hidden=\"true\" role=\"presentation\" class=\"elementor-menu-toggle__icon--close eicon-close\"><\/i>\t\t<\/div>\n\t\t\t\t\t<nav class=\"elementor-nav-menu--dropdown elementor-nav-menu__container\" aria-hidden=\"true\">\n\t\t\t\t<ul id=\"menu-2-74ff267\" class=\"elementor-nav-menu sm-vertical\"><li class=\"menu-item menu-item-type-post_type menu-item-object-page menu-item-6419\"><a href=\"https:\/\/amnromania.ro\/en\/day-ayurveda\/\" class=\"elementor-item\" tabindex=\"-1\">Ayurveda Day<\/a><\/li>\n<li class=\"menu-item menu-item-type-post_type menu-item-object-page menu-item-11894\"><a href=\"https:\/\/amnromania.ro\/en\/presentations\/\" class=\"elementor-item\" tabindex=\"-1\">Presentations<\/a><\/li>\n<li class=\"menu-item menu-item-type-post_type menu-item-object-page menu-item-11880\"><a href=\"https:\/\/amnromania.ro\/en\/festivities\/\" class=\"elementor-item\" tabindex=\"-1\">Festivities<\/a><\/li>\n<li class=\"menu-item menu-item-type-post_type menu-item-object-page menu-item-11893\"><a href=\"https:\/\/amnromania.ro\/en\/conferences\/\" class=\"elementor-item\" tabindex=\"-1\">Conferences<\/a><\/li>\n<\/ul>\t\t\t<\/nav>\n\t\t\t\t\t\t<\/div>\n\t\t\t\t<\/div>\n\t\t\t\t\t<\/div>\n\t\t<\/div>\n\t\t\t\t<div class=\"elementor-column elementor-col-50 elementor-top-column elementor-element elementor-element-c010953\" data-id=\"c010953\" data-element_type=\"column\">\n\t\t\t<div class=\"elementor-widget-wrap elementor-element-populated\">\n\t\t\t\t\t\t<div class=\"elementor-element elementor-element-86acfec elementor-widget elementor-widget-image\" data-id=\"86acfec\" data-element_type=\"widget\" data-widget_type=\"image.default\">\n\t\t\t\t<div class=\"elementor-widget-container\">\n\t\t\t\t\t\t\t\t\t\t\t\t\t\t\t<img fetchpriority=\"high\" decoding=\"async\" width=\"720\" height=\"540\" src=\"https:\/\/amnromania.ro\/wp-content\/uploads\/2021\/08\/Expunere-tematica---Shad-Padartha.jpg\" class=\"attachment-full size-full wp-image-7809\" alt=\"\" srcset=\"\" sizes=\"(max-width: 720px) 100vw, 720px\" data-srcset=\"\" \/>\t\t\t\t\t\t\t\t\t\t\t\t\t\t\t<\/div>\n\t\t\t\t<\/div>\n\t\t\t\t<div class=\"elementor-element elementor-element-df5927a elementor-widget elementor-widget-text-editor\" data-id=\"df5927a\" data-element_type=\"widget\" data-widget_type=\"text-editor.default\">\n\t\t\t\t<div class=\"elementor-widget-container\">\n\t\t\t\t\t\t\t\t\t<h1>\u00a0<\/h1><h1 style=\"text-align: center;\"><span style=\"color: #ff9900;\"><strong>Thematic exhibition: Shad-Padartha<\/strong><\/span><\/h1><p>\u00a0<\/p><p>On Thursday 22 July 2021 at 17:00, at the Octavian Goga County Library in Cluj, there was a thematic exhibition with online participation entitled \"Shad-Padartha - the set of principles of esoteric knowledge in Ayurveda\". The event was organized under the aegis of the Ayush Information Centre in Bucharest - Ayus Grup and in collaboration with the National Association for the Promotion of Unconventional Medicine - AMN-Romania. The presentation was made by Mr. Andrei G\u0103mulea and Mrs. Aurora Nicolae, coordinators of the Ayurveda courses within AMN-Romania. His Excellency Mr. Rahul Shrivastava, Ambassador of India to Romania, participated in this event as a guest of honour, who appreciated both the interest and the constant attention of the organizers and participants to the systematic and in-depth study of the Traditional Science of Life (Ayurveda) in the specialized training activities and Ayurveda courses organized in Romania through AMN-Romania.<\/p><p><img decoding=\"async\" class=\"aligncenter wp-image-7866 size-full\" src=\"https:\/\/amnromania.ro\/wp-content\/uploads\/2021\/08\/Expunere-3-scaled.jpg\" alt=\"\" width=\"2560\" height=\"1920\" srcset=\"https:\/\/amnromania.ro\/wp-content\/uploads\/2021\/08\/Expunere-3-scaled.jpg 2560w, https:\/\/amnromania.ro\/wp-content\/uploads\/2021\/08\/Expunere-3-300x225.jpg 300w, https:\/\/amnromania.ro\/wp-content\/uploads\/2021\/08\/Expunere-3-1024x768.jpg 1024w, https:\/\/amnromania.ro\/wp-content\/uploads\/2021\/08\/Expunere-3-768x576.jpg 768w, https:\/\/amnromania.ro\/wp-content\/uploads\/2021\/08\/Expunere-3-1536x1152.jpg 1536w, https:\/\/amnromania.ro\/wp-content\/uploads\/2021\/08\/Expunere-3-2048x1536.jpg 2048w\" sizes=\"(max-width: 2560px) 100vw, 2560px\" \/><img decoding=\"async\" class=\"aligncenter wp-image-7865 size-full\" src=\"https:\/\/amnromania.ro\/wp-content\/uploads\/2021\/08\/Expunere-2-scaled.jpg\" alt=\"\" width=\"2560\" height=\"1920\" srcset=\"https:\/\/amnromania.ro\/wp-content\/uploads\/2021\/08\/Expunere-2-scaled.jpg 2560w, https:\/\/amnromania.ro\/wp-content\/uploads\/2021\/08\/Expunere-2-300x225.jpg 300w, https:\/\/amnromania.ro\/wp-content\/uploads\/2021\/08\/Expunere-2-1024x768.jpg 1024w, https:\/\/amnromania.ro\/wp-content\/uploads\/2021\/08\/Expunere-2-768x576.jpg 768w, https:\/\/amnromania.ro\/wp-content\/uploads\/2021\/08\/Expunere-2-1536x1152.jpg 1536w, https:\/\/amnromania.ro\/wp-content\/uploads\/2021\/08\/Expunere-2-2048x1536.jpg 2048w\" sizes=\"(max-width: 2560px) 100vw, 2560px\" \/><img loading=\"lazy\" decoding=\"async\" class=\"alignnone wp-image-7861 size-full\" src=\"https:\/\/amnromania.ro\/wp-content\/uploads\/2021\/08\/Expunere-1-scaled.jpg\" alt=\"\" width=\"2560\" height=\"1920\" srcset=\"https:\/\/amnromania.ro\/wp-content\/uploads\/2021\/08\/Expunere-1-scaled.jpg 2560w, https:\/\/amnromania.ro\/wp-content\/uploads\/2021\/08\/Expunere-1-300x225.jpg 300w, https:\/\/amnromania.ro\/wp-content\/uploads\/2021\/08\/Expunere-1-1024x768.jpg 1024w, https:\/\/amnromania.ro\/wp-content\/uploads\/2021\/08\/Expunere-1-768x576.jpg 768w, https:\/\/amnromania.ro\/wp-content\/uploads\/2021\/08\/Expunere-1-1536x1152.jpg 1536w, https:\/\/amnromania.ro\/wp-content\/uploads\/2021\/08\/Expunere-1-2048x1536.jpg 2048w\" sizes=\"(max-width: 2560px) 100vw, 2560px\" \/><\/p>\t\t\t\t\t\t\t\t<\/div>\n\t\t\t\t<\/div>\n\t\t\t\t\t<\/div>\n\t\t<\/div>\n\t\t\t\t\t<\/div>\n\t\t<\/section>\n\t\t\t\t<\/div>","protected":false},"excerpt":{"rendered":"<p>\u00a0 Thematic exhibition: Shad-Padartha Thursday, July 22, 2021 at 17:00, at the Octavian Goga County Library in Cluj, a thematic exhibition with online participation was held entitled \"Shad-Padartha - the set of principles of esoteric knowledge in Ayurveda\". The event was organized under the aegis of the Ayush Information Centre in Bucharest - Ayus Grup and in collaboration with [...]<\/p>","protected":false},"author":1,"featured_media":7809,"parent":0,"menu_order":0,"comment_status":"closed","ping_status":"closed","template":"","meta":{"_mi_skip_tracking":false,"_analytify_skip_tracking":false,"footnotes":""},"class_list":["post-7807","page","type-page","status-publish","has-post-thumbnail","hentry"],"aioseo_notices":[],"aioseo_head":"\n\t\t<!-- All in One SEO Pro 4.7.0 - aioseo.com -->\n\t\t<meta name=\"description\" content=\"Ziua Ayurveda Prezentari Festivitati Conferinte Ziua Ayurveda Prezentari Festivitati Conferinte Expunere tematica: Shad-Padartha Joi 22 iulie 2021 ora 17:00, la Biblioteca Jude\u021bean\u0103 Octavian Goga din Cluj a fost realizat\u0103 o expunere tematic\u0103 cu participare online intitulat\u0103 \u201dShad-Padartha \u2013 ansamblul principiilor cunoa\u0219terii ezoterice din Ayurveda\u201d. Evenimentul a fost organizat sub egida Centrului de informare Ayush din Bucure\u0219ti\" \/>\n\t\t<meta name=\"robots\" content=\"max-image-preview:large\" \/>\n\t\t<meta name=\"google-site-verification\" content=\"G-391X30D2FS\" \/>\n\t\t<link rel=\"canonical\" href=\"https:\/\/amnromania.ro\/en\/exposure-thematics-shad-padartha-2\/\" \/>\n\t\t<meta name=\"generator\" content=\"All in One SEO Pro (AIOSEO) 4.7.0\" \/>\n\t\t<meta property=\"og:locale\" content=\"en_US\" \/>\n\t\t<meta property=\"og:site_name\" content=\"AMN Ayurveda ROM\u00c2NIA | Asociatia Nationala pentru Promovarea Medicinelor Neconventionale\" \/>\n\t\t<meta property=\"og:type\" content=\"article\" \/>\n\t\t<meta property=\"og:title\" content=\"Expunere tematica: Shad-Padartha | AMN Ayurveda ROM\u00c2NIA\" \/>\n\t\t<meta property=\"og:description\" content=\"Ziua Ayurveda Prezentari Festivitati Conferinte Ziua Ayurveda Prezentari Festivitati Conferinte Expunere tematica: Shad-Padartha Joi 22 iulie 2021 ora 17:00, la Biblioteca Jude\u021bean\u0103 Octavian Goga din Cluj a fost realizat\u0103 o expunere tematic\u0103 cu participare online intitulat\u0103 \u201dShad-Padartha \u2013 ansamblul principiilor cunoa\u0219terii ezoterice din Ayurveda\u201d. Evenimentul a fost organizat sub egida Centrului de informare Ayush din Bucure\u0219ti\" \/>\n\t\t<meta property=\"og:url\" content=\"https:\/\/amnromania.ro\/en\/exposure-thematics-shad-padartha-2\/\" \/>\n\t\t<meta property=\"og:image\" content=\"https:\/\/amnromania.ro\/wp-content\/uploads\/2021\/08\/Expunere-tematica-\u2013-Shad-Padartha.jpg\" \/>\n\t\t<meta property=\"og:image:secure_url\" content=\"https:\/\/amnromania.ro\/wp-content\/uploads\/2021\/08\/Expunere-tematica-\u2013-Shad-Padartha.jpg\" \/>\n\t\t<meta property=\"og:image:width\" content=\"720\" \/>\n\t\t<meta property=\"og:image:height\" content=\"540\" \/>\n\t\t<meta property=\"article:published_time\" content=\"2021-08-03T05:48:27+00:00\" \/>\n\t\t<meta property=\"article:modified_time\" content=\"2021-08-05T21:42:06+00:00\" \/>\n\t\t<meta property=\"article:publisher\" content=\"https:\/\/www.facebook.com\/AMNRomania\" \/>\n\t\t<script type=\"application\/ld+json\" class=\"aioseo-schema\">\n\t\t\t{\"@context\":\"https:\\\/\\\/schema.org\",\"@graph\":[{\"@type\":\"BreadcrumbList\",\"@id\":\"https:\\\/\\\/amnromania.ro\\\/en\\\/exposure-thematics-shad-padartha-2\\\/#breadcrumblist\",\"itemListElement\":[{\"@type\":\"ListItem\",\"@id\":\"https:\\\/\\\/amnromania.ro\\\/en\\\/#listItem\",\"position\":1,\"name\":\"Home\",\"item\":\"https:\\\/\\\/amnromania.ro\\\/en\\\/\",\"nextItem\":\"https:\\\/\\\/amnromania.ro\\\/en\\\/exposure-thematics-shad-padartha-2\\\/#listItem\"},{\"@type\":\"ListItem\",\"@id\":\"https:\\\/\\\/amnromania.ro\\\/en\\\/exposure-thematics-shad-padartha-2\\\/#listItem\",\"position\":2,\"name\":\"Expunere tematica: Shad-Padartha\",\"previousItem\":\"https:\\\/\\\/amnromania.ro\\\/en\\\/#listItem\"}]},{\"@type\":\"Organization\",\"@id\":\"https:\\\/\\\/amnromania.ro\\\/en\\\/#organization\",\"name\":\"AMN Ayurveda Romania\",\"url\":\"https:\\\/\\\/amnromania.ro\\\/en\\\/\",\"logo\":{\"@type\":\"ImageObject\",\"url\":\"https:\\\/\\\/amnromania.ro\\\/ynorsyju\\\/2020\\\/10\\\/amn.png\",\"@id\":\"https:\\\/\\\/amnromania.ro\\\/en\\\/exposure-thematics-shad-padartha-2\\\/#organizationLogo\"},\"image\":{\"@id\":\"https:\\\/\\\/amnromania.ro\\\/en\\\/exposure-thematics-shad-padartha-2\\\/#organizationLogo\"},\"sameAs\":[\"https:\\\/\\\/www.facebook.com\\\/AMNRomania\",\"https:\\\/\\\/www.youtube.com\\\/channel\\\/UClfqKxiq_uZ11rthDIT3-BQ\\\/videos\"]},{\"@type\":\"WebPage\",\"@id\":\"https:\\\/\\\/amnromania.ro\\\/en\\\/exposure-thematics-shad-padartha-2\\\/#webpage\",\"url\":\"https:\\\/\\\/amnromania.ro\\\/en\\\/exposure-thematics-shad-padartha-2\\\/\",\"name\":\"Expunere tematica: Shad-Padartha | AMN Ayurveda ROM\\u00c2NIA\",\"description\":\"Ziua Ayurveda Prezentari Festivitati Conferinte Ziua Ayurveda Prezentari Festivitati Conferinte Expunere tematica: Shad-Padartha Joi 22 iulie 2021 ora 17:00, la Biblioteca Jude\\u021bean\\u0103 Octavian Goga din Cluj a fost realizat\\u0103 o expunere tematic\\u0103 cu participare online intitulat\\u0103 \\u201dShad-Padartha \\u2013 ansamblul principiilor cunoa\\u0219terii ezoterice din Ayurveda\\u201d. Evenimentul a fost organizat sub egida Centrului de informare Ayush din Bucure\\u0219ti\",\"inLanguage\":\"en-US\",\"isPartOf\":{\"@id\":\"https:\\\/\\\/amnromania.ro\\\/en\\\/#website\"},\"breadcrumb\":{\"@id\":\"https:\\\/\\\/amnromania.ro\\\/en\\\/exposure-thematics-shad-padartha-2\\\/#breadcrumblist\"},\"image\":{\"@type\":\"ImageObject\",\"url\":\"https:\\\/\\\/amnromania.ro\\\/wp-content\\\/uploads\\\/2021\\\/08\\\/Expunere-tematica-\\u2013-Shad-Padartha.jpg\",\"@id\":\"https:\\\/\\\/amnromania.ro\\\/en\\\/exposure-thematics-shad-padartha-2\\\/#mainImage\",\"width\":720,\"height\":540},\"primaryImageOfPage\":{\"@id\":\"https:\\\/\\\/amnromania.ro\\\/en\\\/exposure-thematics-shad-padartha-2\\\/#mainImage\"},\"datePublished\":\"2021-08-03T05:48:27+02:00\",\"dateModified\":\"2021-08-05T21:42:06+02:00\"},{\"@type\":\"WebSite\",\"@id\":\"https:\\\/\\\/amnromania.ro\\\/en\\\/#website\",\"url\":\"https:\\\/\\\/amnromania.ro\\\/en\\\/\",\"name\":\"AMN Ayurveda ROM\\u00c2NIA\",\"description\":\"Asociatia Nationala pentru Promovarea Medicinelor Neconventionale\",\"inLanguage\":\"en-US\",\"publisher\":{\"@id\":\"https:\\\/\\\/amnromania.ro\\\/en\\\/#organization\"}}]}\n\t\t<\/script>\n\t\t<!-- All in One SEO Pro -->\r\n\t\t<title>Expunere tematica: Shad-Padartha | AMN Ayurveda ROM\u00c2NIA<\/title>\n\n","aioseo_head_json":{"title":"Expunere tematica: Shad-Padartha | AMN Ayurveda ROM\u00c2NIA","description":"Ziua Ayurveda Prezentari Festivitati Conferinte Ziua Ayurveda Prezentari Festivitati Conferinte Expunere tematica: Shad-Padartha Joi 22 iulie 2021 ora 17:00, la Biblioteca Jude\u021bean\u0103 Octavian Goga din Cluj a fost realizat\u0103 o expunere tematic\u0103 cu participare online intitulat\u0103 \u201dShad-Padartha \u2013 ansamblul principiilor cunoa\u0219terii ezoterice din Ayurveda\u201d. Evenimentul a fost organizat sub egida Centrului de informare Ayush din Bucure\u0219ti","canonical_url":"https:\/\/amnromania.ro\/en\/exposure-thematics-shad-padartha-2\/","robots":"max-image-preview:large","keywords":"","webmasterTools":{"google-site-verification":"G-391X30D2FS","miscellaneous":""},"og:locale":"en_US","og:site_name":"AMN Ayurveda ROM\u00c2NIA | Asociatia Nationala pentru Promovarea Medicinelor Neconventionale","og:type":"article","og:title":"Expunere tematica: Shad-Padartha | AMN Ayurveda ROM\u00c2NIA","og:description":"Ziua Ayurveda Prezentari Festivitati Conferinte Ziua Ayurveda Prezentari Festivitati Conferinte Expunere tematica: Shad-Padartha Joi 22 iulie 2021 ora 17:00, la Biblioteca Jude\u021bean\u0103 Octavian Goga din Cluj a fost realizat\u0103 o expunere tematic\u0103 cu participare online intitulat\u0103 \u201dShad-Padartha \u2013 ansamblul principiilor cunoa\u0219terii ezoterice din Ayurveda\u201d. Evenimentul a fost organizat sub egida Centrului de informare Ayush din Bucure\u0219ti","og:url":"https:\/\/amnromania.ro\/en\/exposure-thematics-shad-padartha-2\/","og:image":"https:\/\/amnromania.ro\/wp-content\/uploads\/2021\/08\/Expunere-tematica-\u2013-Shad-Padartha.jpg","og:image:secure_url":"https:\/\/amnromania.ro\/wp-content\/uploads\/2021\/08\/Expunere-tematica-\u2013-Shad-Padartha.jpg","og:image:width":720,"og:image:height":540,"article:published_time":"2021-08-03T05:48:27+00:00","article:modified_time":"2021-08-05T21:42:06+00:00","article:publisher":"https:\/\/www.facebook.com\/AMNRomania","schema":{"@context":"https:\/\/schema.org","@graph":[{"@type":"BreadcrumbList","@id":"https:\/\/amnromania.ro\/en\/exposure-thematics-shad-padartha-2\/#breadcrumblist","itemListElement":[{"@type":"ListItem","@id":"https:\/\/amnromania.ro\/en\/#listItem","position":1,"name":"Home","item":"https:\/\/amnromania.ro\/en\/","nextItem":"https:\/\/amnromania.ro\/en\/exposure-thematics-shad-padartha-2\/#listItem"},{"@type":"ListItem","@id":"https:\/\/amnromania.ro\/en\/exposure-thematics-shad-padartha-2\/#listItem","position":2,"name":"Expunere tematica: Shad-Padartha","previousItem":"https:\/\/amnromania.ro\/en\/#listItem"}]},{"@type":"Organization","@id":"https:\/\/amnromania.ro\/en\/#organization","name":"AMN Ayurveda Romania","url":"https:\/\/amnromania.ro\/en\/","logo":{"@type":"ImageObject","url":"https:\/\/amnromania.ro\/ynorsyju\/2020\/10\/amn.png","@id":"https:\/\/amnromania.ro\/en\/exposure-thematics-shad-padartha-2\/#organizationLogo"},"image":{"@id":"https:\/\/amnromania.ro\/en\/exposure-thematics-shad-padartha-2\/#organizationLogo"},"sameAs":["https:\/\/www.facebook.com\/AMNRomania","https:\/\/www.youtube.com\/channel\/UClfqKxiq_uZ11rthDIT3-BQ\/videos"]},{"@type":"WebPage","@id":"https:\/\/amnromania.ro\/en\/exposure-thematics-shad-padartha-2\/#webpage","url":"https:\/\/amnromania.ro\/en\/exposure-thematics-shad-padartha-2\/","name":"Expunere tematica: Shad-Padartha | AMN Ayurveda ROM\u00c2NIA","description":"Ziua Ayurveda Prezentari Festivitati Conferinte Ziua Ayurveda Prezentari Festivitati Conferinte Expunere tematica: Shad-Padartha Joi 22 iulie 2021 ora 17:00, la Biblioteca Jude\u021bean\u0103 Octavian Goga din Cluj a fost realizat\u0103 o expunere tematic\u0103 cu participare online intitulat\u0103 \u201dShad-Padartha \u2013 ansamblul principiilor cunoa\u0219terii ezoterice din Ayurveda\u201d. Evenimentul a fost organizat sub egida Centrului de informare Ayush din Bucure\u0219ti","inLanguage":"en-US","isPartOf":{"@id":"https:\/\/amnromania.ro\/en\/#website"},"breadcrumb":{"@id":"https:\/\/amnromania.ro\/en\/exposure-thematics-shad-padartha-2\/#breadcrumblist"},"image":{"@type":"ImageObject","url":"https:\/\/amnromania.ro\/wp-content\/uploads\/2021\/08\/Expunere-tematica-\u2013-Shad-Padartha.jpg","@id":"https:\/\/amnromania.ro\/en\/exposure-thematics-shad-padartha-2\/#mainImage","width":720,"height":540},"primaryImageOfPage":{"@id":"https:\/\/amnromania.ro\/en\/exposure-thematics-shad-padartha-2\/#mainImage"},"datePublished":"2021-08-03T05:48:27+02:00","dateModified":"2021-08-05T21:42:06+02:00"},{"@type":"WebSite","@id":"https:\/\/amnromania.ro\/en\/#website","url":"https:\/\/amnromania.ro\/en\/","name":"AMN Ayurveda ROM\u00c2NIA","description":"Asociatia Nationala pentru Promovarea Medicinelor Neconventionale","inLanguage":"en-US","publisher":{"@id":"https:\/\/amnromania.ro\/en\/#organization"}}]}},"aioseo_meta_data":{"post_id":"7807","title":null,"description":null,"keywords":"[]","keyphrases":"{\"focus\":[],\"additional\":[]}","primary_term":null,"canonical_url":null,"og_title":null,"og_description":null,"og_object_type":"default","og_image_type":"content","og_image_url":null,"og_image_width":null,"og_image_height":null,"og_image_custom_url":null,"og_image_custom_fields":null,"og_video":"","og_custom_url":null,"og_article_section":null,"og_article_tags":"[]","twitter_use_og":false,"twitter_card":"default","twitter_image_type":"content","twitter_image_url":null,"twitter_image_custom_url":null,"twitter_image_custom_fields":null,"twitter_title":null,"twitter_description":null,"schema":{"blockGraphs":[],"customGraphs":[],"default":{"data":{"Article":[],"Course":[],"Dataset":[],"FAQPage":[],"Movie":[],"Person":[],"Product":[],"Recipe":[],"Service":[],"SoftwareApplication":[],"WebPage":{"id":"#aioseo-web-page-65b632ba6c660","slug":"web-page","graphName":"WebPage","label":"Web Page","properties":{"type":"WebPage","name":"","description":""}}},"graphName":"WebPage","isEnabled":true},"graphs":[]},"schema_type":"default","schema_type_options":"{\"article\":{\"articleType\":\"BlogPosting\"},\"course\":{\"name\":\"\",\"description\":\"\",\"provider\":\"\"},\"faq\":{\"pages\":[]},\"product\":{\"reviews\":[]},\"recipe\":{\"ingredients\":[],\"instructions\":[],\"keywords\":[]},\"software\":{\"reviews\":[],\"operatingSystems\":[]},\"webPage\":{\"webPageType\":\"WebPage\"}}","pillar_content":false,"robots_default":true,"robots_noindex":false,"robots_noarchive":false,"robots_nosnippet":false,"robots_nofollow":false,"robots_noimageindex":false,"robots_noodp":false,"robots_notranslate":false,"robots_max_snippet":"-1","robots_max_videopreview":"-1","robots_max_imagepreview":"large","priority":null,"frequency":"default","local_seo":{"businessInfo":{"name":"","urls":{"website":"","aboutPage":"","contactPage":""},"address":{"line1":"","line2":"","zip":"","city":"","state":"","country":""},"contact":{"email":"","phone":"","fax":""},"ids":{"vatID":"","taxID":"","chamberID":""},"payment":{"priceIndication":"","currenciesAccepted":"","methodsAccepted":""},"areaServed":""},"openingHours":{"show":false,"closedLabel":"","open24h":false,"open24hLabel":"","open247":false,"use24hFormat":false,"twoSets":false,"timezone":"","hours":[]}},"limit_modified_date":false,"open_ai":null,"created":"2021-08-03 05:47:41","updated":"2024-01-28 10:55:54"},"aioseo_breadcrumb":"<div class=\"aioseo-breadcrumbs\"><span class=\"aioseo-breadcrumb\">\n\t<a href=\"https:\/\/amnromania.ro\/en\" title=\"Home\">Home<\/a>\n<\/span><span class=\"aioseo-breadcrumb-separator\">&raquo;<\/span><span class=\"aioseo-breadcrumb\">\n\tExpunere tematica: Shad-Padartha\n<\/span><\/div>","aioseo_breadcrumb_json":[{"label":"Home","link":"https:\/\/amnromania.ro\/en"},{"label":"Expunere tematica: Shad-Padartha","link":"https:\/\/amnromania.ro\/en\/exposure-thematics-shad-padartha-2\/"}],"_links":{"self":[{"href":"https:\/\/amnromania.ro\/en\/wp-json\/wp\/v2\/pages\/7807","targetHints":{"allow":["GET"]}}],"collection":[{"href":"https:\/\/amnromania.ro\/en\/wp-json\/wp\/v2\/pages"}],"about":[{"href":"https:\/\/amnromania.ro\/en\/wp-json\/wp\/v2\/types\/page"}],"author":[{"embeddable":true,"href":"https:\/\/amnromania.ro\/en\/wp-json\/wp\/v2\/users\/1"}],"replies":[{"embeddable":true,"href":"https:\/\/amnromania.ro\/en\/wp-json\/wp\/v2\/comments?post=7807"}],"version-history":[{"count":0,"href":"https:\/\/amnromania.ro\/en\/wp-json\/wp\/v2\/pages\/7807\/revisions"}],"wp:featuredmedia":[{"embeddable":true,"href":"https:\/\/amnromania.ro\/en\/wp-json\/wp\/v2\/media\/7809"}],"wp:attachment":[{"href":"https:\/\/amnromania.ro\/en\/wp-json\/wp\/v2\/media?parent=7807"}],"curies":[{"name":"wp","href":"https:\/\/api.w.org\/{rel}","templated":true}]}}