{"id":6477,"date":"2020-11-11T22:59:34","date_gmt":"2020-11-11T22:59:34","guid":{"rendered":"https:\/\/amnromania.ro\/?page_id=6477"},"modified":"2020-11-16T16:45:38","modified_gmt":"2020-11-16T16:45:38","slug":"day-ayurveda-2020","status":"publish","type":"page","link":"https:\/\/amnromania.ro\/en\/day-ayurveda\/day-ayurveda-2020\/","title":{"rendered":"Ayurveda Day 2020"},"content":{"rendered":"<div data-elementor-type=\"wp-page\" data-elementor-id=\"6477\" class=\"elementor elementor-6477\" data-elementor-post-type=\"page\">\n\t\t\t\t\t\t<section class=\"elementor-section elementor-top-section elementor-element elementor-element-27ddf79 elementor-section-boxed elementor-section-height-default elementor-section-height-default\" data-id=\"27ddf79\" data-element_type=\"section\">\n\t\t\t\t\t\t<div class=\"elementor-container elementor-column-gap-default\">\n\t\t\t\t\t<div class=\"elementor-column elementor-col-50 elementor-top-column elementor-element elementor-element-41e3dc1\" data-id=\"41e3dc1\" data-element_type=\"column\">\n\t\t\t<div class=\"elementor-widget-wrap elementor-element-populated\">\n\t\t\t\t\t\t<div class=\"elementor-element elementor-element-1a350b0 elementor-nav-menu__align-start elementor-nav-menu__text-align-center elementor-nav-menu--dropdown-tablet elementor-nav-menu--toggle elementor-nav-menu--burger elementor-widget elementor-widget-global elementor-global-5200 elementor-widget-nav-menu\" data-id=\"1a350b0\" data-element_type=\"widget\" data-settings=\"{&quot;layout&quot;:&quot;vertical&quot;,&quot;submenu_icon&quot;:{&quot;value&quot;:&quot;fas fa-caret-down&quot;,&quot;library&quot;:&quot;fa-solid&quot;},&quot;toggle&quot;:&quot;burger&quot;}\" data-widget_type=\"nav-menu.default\">\n\t\t\t\t<div class=\"elementor-widget-container\">\n\t\t\t\t\t\t\t\t<nav aria-label=\"Menu\" class=\"elementor-nav-menu--main elementor-nav-menu__container elementor-nav-menu--layout-vertical e--pointer-background e--animation-fade\">\n\t\t\t\t<ul id=\"menu-1-1a350b0\" class=\"elementor-nav-menu sm-vertical\"><li class=\"menu-item menu-item-type-post_type menu-item-object-page menu-item-6419\"><a href=\"https:\/\/amnromania.ro\/en\/day-ayurveda\/\" class=\"elementor-item\">Ayurveda Day<\/a><\/li>\n<li class=\"menu-item menu-item-type-post_type menu-item-object-page menu-item-11894\"><a href=\"https:\/\/amnromania.ro\/en\/presentations\/\" class=\"elementor-item\">Presentations<\/a><\/li>\n<li class=\"menu-item menu-item-type-post_type menu-item-object-page menu-item-11880\"><a href=\"https:\/\/amnromania.ro\/en\/festivities\/\" class=\"elementor-item\">Festivities<\/a><\/li>\n<li class=\"menu-item menu-item-type-post_type menu-item-object-page menu-item-11893\"><a href=\"https:\/\/amnromania.ro\/en\/conferences\/\" class=\"elementor-item\">Conferences<\/a><\/li>\n<\/ul>\t\t\t<\/nav>\n\t\t\t\t\t<div class=\"elementor-menu-toggle\" role=\"button\" tabindex=\"0\" aria-label=\"Toggle menu\" aria-expanded=\"false\">\n\t\t\t<i aria-hidden=\"true\" role=\"presentation\" class=\"elementor-menu-toggle__icon--open eicon-menu-bar\"><\/i><i aria-hidden=\"true\" role=\"presentation\" class=\"elementor-menu-toggle__icon--close eicon-close\"><\/i>\t\t<\/div>\n\t\t\t\t\t<nav class=\"elementor-nav-menu--dropdown elementor-nav-menu__container\" aria-hidden=\"true\">\n\t\t\t\t<ul id=\"menu-2-1a350b0\" class=\"elementor-nav-menu sm-vertical\"><li class=\"menu-item menu-item-type-post_type menu-item-object-page menu-item-6419\"><a href=\"https:\/\/amnromania.ro\/en\/day-ayurveda\/\" class=\"elementor-item\" tabindex=\"-1\">Ayurveda Day<\/a><\/li>\n<li class=\"menu-item menu-item-type-post_type menu-item-object-page menu-item-11894\"><a href=\"https:\/\/amnromania.ro\/en\/presentations\/\" class=\"elementor-item\" tabindex=\"-1\">Presentations<\/a><\/li>\n<li class=\"menu-item menu-item-type-post_type menu-item-object-page menu-item-11880\"><a href=\"https:\/\/amnromania.ro\/en\/festivities\/\" class=\"elementor-item\" tabindex=\"-1\">Festivities<\/a><\/li>\n<li class=\"menu-item menu-item-type-post_type menu-item-object-page menu-item-11893\"><a href=\"https:\/\/amnromania.ro\/en\/conferences\/\" class=\"elementor-item\" tabindex=\"-1\">Conferences<\/a><\/li>\n<\/ul>\t\t\t<\/nav>\n\t\t\t\t\t\t<\/div>\n\t\t\t\t<\/div>\n\t\t\t\t\t<\/div>\n\t\t<\/div>\n\t\t\t\t<div class=\"elementor-column elementor-col-50 elementor-top-column elementor-element elementor-element-b334d1a\" data-id=\"b334d1a\" data-element_type=\"column\">\n\t\t\t<div class=\"elementor-widget-wrap elementor-element-populated\">\n\t\t\t\t\t\t<div class=\"elementor-element elementor-element-4eafdee elementor-widget elementor-widget-text-editor\" data-id=\"4eafdee\" data-element_type=\"widget\" data-widget_type=\"text-editor.default\">\n\t\t\t\t<div class=\"elementor-widget-container\">\n\t\t\t\t\t\t\t\t\t<h1 style=\"text-align: center;\"><span style=\"color: #ff9900;\"><b>AYURVEDA DAY 2020<\/b><\/span><\/h1>\t\t\t\t\t\t\t\t<\/div>\n\t\t\t\t<\/div>\n\t\t\t\t<section class=\"elementor-section elementor-inner-section elementor-element elementor-element-6d0a7eb elementor-section-boxed elementor-section-height-default elementor-section-height-default\" data-id=\"6d0a7eb\" data-element_type=\"section\">\n\t\t\t\t\t\t<div class=\"elementor-container elementor-column-gap-default\">\n\t\t\t\t\t<div class=\"elementor-column elementor-col-50 elementor-inner-column elementor-element elementor-element-9b38422\" data-id=\"9b38422\" data-element_type=\"column\">\n\t\t\t<div class=\"elementor-widget-wrap elementor-element-populated\">\n\t\t\t\t\t\t<div class=\"elementor-element elementor-element-fb6145f elementor-widget elementor-widget-text-editor\" data-id=\"fb6145f\" data-element_type=\"widget\" data-widget_type=\"text-editor.default\">\n\t\t\t\t<div class=\"elementor-widget-container\">\n\t\t\t\t\t\t\t\t\t<p>This year (2020) \"Ayurveda Day\" will be celebrated on 13 November 2020. The event will be organised online by AMN-<wbr \/>Romania in collaboration with DMIMS(DU)-<wbr \/>India and with the exceptional participation of the Embassy of India in Romania.<\/p>\t\t\t\t\t\t\t\t<\/div>\n\t\t\t\t<\/div>\n\t\t\t\t\t<\/div>\n\t\t<\/div>\n\t\t\t\t<div class=\"elementor-column elementor-col-50 elementor-inner-column elementor-element elementor-element-e3bc472\" data-id=\"e3bc472\" data-element_type=\"column\">\n\t\t\t<div class=\"elementor-widget-wrap elementor-element-populated\">\n\t\t\t\t\t\t<div class=\"elementor-element elementor-element-7a75118 elementor-widget elementor-widget-video\" data-id=\"7a75118\" data-element_type=\"widget\" data-settings=\"{&quot;youtube_url&quot;:&quot;https:\\\/\\\/youtu.be\\\/xibQPgE2EiA&quot;,&quot;video_type&quot;:&quot;youtube&quot;,&quot;controls&quot;:&quot;yes&quot;}\" data-widget_type=\"video.default\">\n\t\t\t\t<div class=\"elementor-widget-container\">\n\t\t\t\t\t\t\t<div class=\"elementor-wrapper elementor-open-inline\">\n\t\t\t<div class=\"elementor-video\"><\/div>\t\t<\/div>\n\t\t\t\t\t\t<\/div>\n\t\t\t\t<\/div>\n\t\t\t\t\t<\/div>\n\t\t<\/div>\n\t\t\t\t\t<\/div>\n\t\t<\/section>\n\t\t\t\t<div class=\"elementor-element elementor-element-d7ac30f elementor-widget elementor-widget-image\" data-id=\"d7ac30f\" data-element_type=\"widget\" data-widget_type=\"image.default\">\n\t\t\t\t<div class=\"elementor-widget-container\">\n\t\t\t\t\t\t\t\t\t\t\t\t\t\t\t<img decoding=\"async\" width=\"230\" height=\"198\" src=\"https:\/\/amnromania.ro\/wp-content\/uploads\/2020\/11\/Ayurveda-day-2019.jpg\" class=\"attachment-full size-full wp-image-6535\" alt=\"\" \/>\t\t\t\t\t\t\t\t\t\t\t\t\t\t\t<\/div>\n\t\t\t\t<\/div>\n\t\t\t\t<div class=\"elementor-element elementor-element-ff15975 elementor-widget elementor-widget-text-editor\" data-id=\"ff15975\" data-element_type=\"widget\" data-widget_type=\"text-editor.default\">\n\t\t\t\t<div class=\"elementor-widget-container\">\n\t\t\t\t\t\t\t\t\t<p><span style=\"color: var( --e-global-color-text ); font-family: var( --e-global-typography-text-font-family ), Sans-serif; font-size: var( --e-global-typography-text-font-size ); font-weight: var( --e-global-typography-text-font-weight );\">The programme will run on the ZOOM platform<\/span><br><\/p>\n<p><a href=\"https:\/\/us02web.zoom.us\/j\/87259729040?pwd=cVZvdW9zakhZMlVUTTlqYW8wcnV3UT09\">https:\/\/us02web.zoom.us\/j\/87259729040?pwd=cVZvdW9zakhZMlVUTTlqYW8wcnV3UT09<\/a><br>Meeting ID: 872 5972 9040, Passcode: 363312<\/p>\n<p><\/p><h2>THE PROGRAM OF THE ONLINE EVENT<\/h2>\n<div><br><\/div>\n<p>\"AYURVEDA DAY 2020 IN ROMANIA\"<\/p>\n<p><br>10:15 Preparations - connecting to Zoom platform and watching introductory movies<br>10:30 Presentation of the program - Mr. Andrei Gamulea, president of AMN-Romania<br>10:35 Introductory speech at The Ayurveda Day 2020 in Romania online Event made by His Excellency<br>Mr. Rahul Shrivastava, Ambassador of India in Romania<br>10:45 Speech of Hon. Dr. Vedprakash Mishra, Professor of Excellence, Professor of Eminence and<br>Professor Emeritus, Pro-Chancellor of Datta Meghe Institute of Medical Sciences (Deemed to be<br>University), Nagpur, India (DMIMS(DU)-India)<br>11:00 Speech of Mr. Andrei Gamulea, President of AMN-Romania<br>11:10 Speech of Hon. Mr. Bhaskar Bhatt, First Secretary, Embassy of India in Romania<br>11:20 Speech of Hon. Dr. Rajiv Borle, Vice-Chancellor, DMIMS(DU)-India<br>11:30 Speech of Hon. Mrs. Chitra Suresh, initiator of the \"Ayurveda in Romania\" Project<br>11:40 Speech of Mrs. Aurora Nicolae, Vice-President of AMN-Romania<br>11:50 Speech of Hon. Dr. Lalit Waghmare, Pro-vice chancellor, DMIMS(DU)-India<br>12:00 Speech of Hon. Dr. S. S. Patel, Chief Coordinator, DMIMS(DU) - India<br>12:10 Speech of Mrs. Dr. Cristina C\u00eempean, Ayurveda lecturer, Chief Medical Advisor, AMN-Romania<br>12:20 Speech of Dr. Vaishali Kuchwar, Dean, Mahatma Gandhi Ayurved College, India<br>12:30 Speech of Dr. Manish P. Deshmukh, Deputy Director, Interdisciplinary Research, DMIMS(DU)- India<br>12:40 Speech of Mrs. Dr. Mirela Strant, Ayurveda lecturer, Medical Advisor, AMN-Romania<br>12:50 Presentation of the summary of topics - Mr. Andrei Gamulea, President of AMN-Romania<br>13:00 Thematic presentation, Mrs. Dr. Ina Petrea, Ayurveda lecturer AMN-Romania - Iasi<br>13:05 Thematic presentation, Mrs. Dr. Aurora Repede, Ayurveda lecturer AMN-Romania - Cluj<br>13:10 Thematic presentation, Mrs. Dr. Dalia Faur, Ayurveda lecturer AMN-Romania - Deva<br>13:15 Thematic presentation, Mrs. Dr. Monica Pascal\u0103u, Ayurveda lecturer AMN-Romania - Cluj<br>13:20 Thematic presentation, Mr. Ionu\u021b Costin, Ayurveda lecturer AMN-Romania - Brasov<br>13:25 Thematic presentation, Mrs. Dr. Nadia Todericiu, Ayurveda lecturer AMN-Romania - Cluj<br>13:30 Thematic presentation, Mr. Dr. Victor Modval, Ayurveda lecturer AMN-Romania - Targu Mures<br>13:35 Thematic presentation, Mrs. Florentina Baciu, Ayurveda lecturer AMN-Romania - Baia Mare<br>13:40 Thematic presentation, Mrs. Dr. Cristina Dumitrescu, Ayurveda lecturer AMN-Romania - Ploiesti<br>13:45 Thematic presentation, Mrs. Dr. Amalia Somanescu, Ayurveda lecturer AMN-Romania - Bucharest<br>13:50 Thematic presentation, Mr. Dr. Sigismund Papp, Ayurveda lecturer AMN-Romania - Timisoara<br>13:55 Thematic presentation, Mrs. Paula Florea, Ayurveda lecturer AMN-Romania - Cluj<br>14:00 Thematic presentation, Mrs. Carmen Munteanu, Ayurveda lecturer AMN-Romania - Bucharest<br>14:05 Thematic presentation, Mr. Constantin Aioanei, Ayurveda lecturer AMN-Romania - Piatra Neamt<br>14:10 Concluding remarks, Mr. Andrei Gamulea, president of AMN-Romania<\/p>\n<p><br><\/p>\t\t\t\t\t\t\t\t<\/div>\n\t\t\t\t<\/div>\n\t\t\t\t\t<\/div>\n\t\t<\/div>\n\t\t\t\t\t<\/div>\n\t\t<\/section>\n\t\t\t\t<\/div>","protected":false},"excerpt":{"rendered":"<p>AYURVEDA DAY 2020 This year (2020) \"Ayurveda Day\" will be celebrated on 13 November 2020. The event will be organized online by AMN-Romania in collaboration with DMIMS(DU)-India and with the exceptional participation of the Embassy of India in Romania. https:\/\/youtu.be\/xibQPgE2EiA The program will take place on the ZOOM platform https:\/\/us02web.zoom.us\/j\/87259729040?pwd=cVZvdW9zakhZMlVUTTlqYW8wcnV3UT09Meeting ID: 872 5972 9040, Passcode: 363312 THE [...]<\/p>","protected":false},"author":1,"featured_media":0,"parent":6414,"menu_order":0,"comment_status":"closed","ping_status":"closed","template":"","meta":{"_mi_skip_tracking":false,"_analytify_skip_tracking":false,"footnotes":""},"class_list":["post-6477","page","type-page","status-publish","hentry"],"aioseo_notices":[],"aioseo_head":"\n\t\t<!-- All in One SEO Pro 4.7.0 - aioseo.com -->\n\t\t<meta name=\"description\" content=\"Evenimentul va fi organizat \u00een mediul online de AMN-Romania \u00een colaborare cu DMIMS(DU)-India \u0219i cu participarea excep\u021bional\u0103 a Ambasadei Indiei \u00een Rom\u00e2nia.\" \/>\n\t\t<meta name=\"robots\" content=\"max-image-preview:large\" \/>\n\t\t<meta name=\"google-site-verification\" content=\"G-391X30D2FS\" \/>\n\t\t<link rel=\"canonical\" href=\"https:\/\/amnromania.ro\/en\/day-ayurveda\/day-ayurveda-2020\/\" \/>\n\t\t<meta name=\"generator\" content=\"All in One SEO Pro (AIOSEO) 4.7.0\" \/>\n\t\t<meta property=\"og:locale\" content=\"en_US\" \/>\n\t\t<meta property=\"og:site_name\" content=\"AMN Ayurveda ROM\u00c2NIA | Asociatia Nationala pentru Promovarea Medicinelor Neconventionale\" \/>\n\t\t<meta property=\"og:type\" content=\"article\" \/>\n\t\t<meta property=\"og:title\" content=\"Ziua Ayurveda 2020 | AMN Ayurveda ROM\u00c2NIA\" \/>\n\t\t<meta property=\"og:description\" content=\"Evenimentul va fi organizat \u00een mediul online de AMN-Romania \u00een colaborare cu DMIMS(DU)-India \u0219i cu participarea excep\u021bional\u0103 a Ambasadei Indiei \u00een Rom\u00e2nia.\" \/>\n\t\t<meta property=\"og:url\" content=\"https:\/\/amnromania.ro\/en\/day-ayurveda\/day-ayurveda-2020\/\" \/>\n\t\t<meta property=\"og:image\" content=\"https:\/\/amnromania.ro\/ynorsyju\/2021\/06\/Ayurveda-in-Romania-Vol.-2-Ro.jpg\" \/>\n\t\t<meta property=\"og:image:secure_url\" content=\"https:\/\/amnromania.ro\/ynorsyju\/2021\/06\/Ayurveda-in-Romania-Vol.-2-Ro.jpg\" \/>\n\t\t<meta property=\"article:published_time\" content=\"2020-11-11T22:59:34+00:00\" \/>\n\t\t<meta property=\"article:modified_time\" content=\"2020-11-16T16:45:38+00:00\" \/>\n\t\t<meta property=\"article:publisher\" content=\"https:\/\/www.facebook.com\/AMNRomania\" \/>\n\t\t<script type=\"application\/ld+json\" class=\"aioseo-schema\">\n\t\t\t{\"@context\":\"https:\\\/\\\/schema.org\",\"@graph\":[{\"@type\":\"BreadcrumbList\",\"@id\":\"https:\\\/\\\/amnromania.ro\\\/en\\\/day-ayurveda\\\/day-ayurveda-2020\\\/#breadcrumblist\",\"itemListElement\":[{\"@type\":\"ListItem\",\"@id\":\"https:\\\/\\\/amnromania.ro\\\/en\\\/#listItem\",\"position\":1,\"name\":\"Home\",\"item\":\"https:\\\/\\\/amnromania.ro\\\/en\\\/\",\"nextItem\":\"https:\\\/\\\/amnromania.ro\\\/en\\\/day-ayurveda\\\/#listItem\"},{\"@type\":\"ListItem\",\"@id\":\"https:\\\/\\\/amnromania.ro\\\/en\\\/day-ayurveda\\\/#listItem\",\"position\":2,\"name\":\"Ziua Ayurveda\",\"item\":\"https:\\\/\\\/amnromania.ro\\\/en\\\/day-ayurveda\\\/\",\"nextItem\":\"https:\\\/\\\/amnromania.ro\\\/en\\\/day-ayurveda\\\/day-ayurveda-2020\\\/#listItem\",\"previousItem\":\"https:\\\/\\\/amnromania.ro\\\/en\\\/#listItem\"},{\"@type\":\"ListItem\",\"@id\":\"https:\\\/\\\/amnromania.ro\\\/en\\\/day-ayurveda\\\/day-ayurveda-2020\\\/#listItem\",\"position\":3,\"name\":\"Ziua Ayurveda 2020\",\"previousItem\":\"https:\\\/\\\/amnromania.ro\\\/en\\\/day-ayurveda\\\/#listItem\"}]},{\"@type\":\"Organization\",\"@id\":\"https:\\\/\\\/amnromania.ro\\\/en\\\/#organization\",\"name\":\"AMN Ayurveda Romania\",\"url\":\"https:\\\/\\\/amnromania.ro\\\/en\\\/\",\"logo\":{\"@type\":\"ImageObject\",\"url\":\"https:\\\/\\\/amnromania.ro\\\/ynorsyju\\\/2020\\\/10\\\/amn.png\",\"@id\":\"https:\\\/\\\/amnromania.ro\\\/en\\\/day-ayurveda\\\/day-ayurveda-2020\\\/#organizationLogo\"},\"image\":{\"@id\":\"https:\\\/\\\/amnromania.ro\\\/en\\\/day-ayurveda\\\/day-ayurveda-2020\\\/#organizationLogo\"},\"sameAs\":[\"https:\\\/\\\/www.facebook.com\\\/AMNRomania\",\"https:\\\/\\\/www.youtube.com\\\/channel\\\/UClfqKxiq_uZ11rthDIT3-BQ\\\/videos\"]},{\"@type\":\"WebPage\",\"@id\":\"https:\\\/\\\/amnromania.ro\\\/en\\\/day-ayurveda\\\/day-ayurveda-2020\\\/#webpage\",\"url\":\"https:\\\/\\\/amnromania.ro\\\/en\\\/day-ayurveda\\\/day-ayurveda-2020\\\/\",\"name\":\"Ziua Ayurveda 2020 | AMN Ayurveda ROM\\u00c2NIA\",\"description\":\"Evenimentul va fi organizat \\u00een mediul online de AMN-Romania \\u00een colaborare cu DMIMS(DU)-India \\u0219i cu participarea excep\\u021bional\\u0103 a Ambasadei Indiei \\u00een Rom\\u00e2nia.\",\"inLanguage\":\"en-US\",\"isPartOf\":{\"@id\":\"https:\\\/\\\/amnromania.ro\\\/en\\\/#website\"},\"breadcrumb\":{\"@id\":\"https:\\\/\\\/amnromania.ro\\\/en\\\/day-ayurveda\\\/day-ayurveda-2020\\\/#breadcrumblist\"},\"datePublished\":\"2020-11-11T22:59:34+02:00\",\"dateModified\":\"2020-11-16T16:45:38+02:00\"},{\"@type\":\"WebSite\",\"@id\":\"https:\\\/\\\/amnromania.ro\\\/en\\\/#website\",\"url\":\"https:\\\/\\\/amnromania.ro\\\/en\\\/\",\"name\":\"AMN Ayurveda ROM\\u00c2NIA\",\"description\":\"Asociatia Nationala pentru Promovarea Medicinelor Neconventionale\",\"inLanguage\":\"en-US\",\"publisher\":{\"@id\":\"https:\\\/\\\/amnromania.ro\\\/en\\\/#organization\"}}]}\n\t\t<\/script>\n\t\t<!-- All in One SEO Pro -->\r\n\t\t<title>Ziua Ayurveda 2020 | AMN Ayurveda ROM\u00c2NIA<\/title>\n\n","aioseo_head_json":{"title":"Ziua Ayurveda 2020 | AMN Ayurveda ROM\u00c2NIA","description":"Evenimentul va fi organizat \u00een mediul online de AMN-Romania \u00een colaborare cu DMIMS(DU)-India \u0219i cu participarea excep\u021bional\u0103 a Ambasadei Indiei \u00een Rom\u00e2nia.","canonical_url":"https:\/\/amnromania.ro\/en\/day-ayurveda\/day-ayurveda-2020\/","robots":"max-image-preview:large","keywords":"","webmasterTools":{"google-site-verification":"G-391X30D2FS","miscellaneous":""},"og:locale":"en_US","og:site_name":"AMN Ayurveda ROM\u00c2NIA | Asociatia Nationala pentru Promovarea Medicinelor Neconventionale","og:type":"article","og:title":"Ziua Ayurveda 2020 | AMN Ayurveda ROM\u00c2NIA","og:description":"Evenimentul va fi organizat \u00een mediul online de AMN-Romania \u00een colaborare cu DMIMS(DU)-India \u0219i cu participarea excep\u021bional\u0103 a Ambasadei Indiei \u00een Rom\u00e2nia.","og:url":"https:\/\/amnromania.ro\/en\/day-ayurveda\/day-ayurveda-2020\/","og:image":"https:\/\/amnromania.ro\/ynorsyju\/2021\/06\/Ayurveda-in-Romania-Vol.-2-Ro.jpg","og:image:secure_url":"https:\/\/amnromania.ro\/ynorsyju\/2021\/06\/Ayurveda-in-Romania-Vol.-2-Ro.jpg","article:published_time":"2020-11-11T22:59:34+00:00","article:modified_time":"2020-11-16T16:45:38+00:00","article:publisher":"https:\/\/www.facebook.com\/AMNRomania","schema":{"@context":"https:\/\/schema.org","@graph":[{"@type":"BreadcrumbList","@id":"https:\/\/amnromania.ro\/en\/day-ayurveda\/day-ayurveda-2020\/#breadcrumblist","itemListElement":[{"@type":"ListItem","@id":"https:\/\/amnromania.ro\/en\/#listItem","position":1,"name":"Home","item":"https:\/\/amnromania.ro\/en\/","nextItem":"https:\/\/amnromania.ro\/en\/day-ayurveda\/#listItem"},{"@type":"ListItem","@id":"https:\/\/amnromania.ro\/en\/day-ayurveda\/#listItem","position":2,"name":"Ziua Ayurveda","item":"https:\/\/amnromania.ro\/en\/day-ayurveda\/","nextItem":"https:\/\/amnromania.ro\/en\/day-ayurveda\/day-ayurveda-2020\/#listItem","previousItem":"https:\/\/amnromania.ro\/en\/#listItem"},{"@type":"ListItem","@id":"https:\/\/amnromania.ro\/en\/day-ayurveda\/day-ayurveda-2020\/#listItem","position":3,"name":"Ziua Ayurveda 2020","previousItem":"https:\/\/amnromania.ro\/en\/day-ayurveda\/#listItem"}]},{"@type":"Organization","@id":"https:\/\/amnromania.ro\/en\/#organization","name":"AMN Ayurveda Romania","url":"https:\/\/amnromania.ro\/en\/","logo":{"@type":"ImageObject","url":"https:\/\/amnromania.ro\/ynorsyju\/2020\/10\/amn.png","@id":"https:\/\/amnromania.ro\/en\/day-ayurveda\/day-ayurveda-2020\/#organizationLogo"},"image":{"@id":"https:\/\/amnromania.ro\/en\/day-ayurveda\/day-ayurveda-2020\/#organizationLogo"},"sameAs":["https:\/\/www.facebook.com\/AMNRomania","https:\/\/www.youtube.com\/channel\/UClfqKxiq_uZ11rthDIT3-BQ\/videos"]},{"@type":"WebPage","@id":"https:\/\/amnromania.ro\/en\/day-ayurveda\/day-ayurveda-2020\/#webpage","url":"https:\/\/amnromania.ro\/en\/day-ayurveda\/day-ayurveda-2020\/","name":"Ziua Ayurveda 2020 | AMN Ayurveda ROM\u00c2NIA","description":"Evenimentul va fi organizat \u00een mediul online de AMN-Romania \u00een colaborare cu DMIMS(DU)-India \u0219i cu participarea excep\u021bional\u0103 a Ambasadei Indiei \u00een Rom\u00e2nia.","inLanguage":"en-US","isPartOf":{"@id":"https:\/\/amnromania.ro\/en\/#website"},"breadcrumb":{"@id":"https:\/\/amnromania.ro\/en\/day-ayurveda\/day-ayurveda-2020\/#breadcrumblist"},"datePublished":"2020-11-11T22:59:34+02:00","dateModified":"2020-11-16T16:45:38+02:00"},{"@type":"WebSite","@id":"https:\/\/amnromania.ro\/en\/#website","url":"https:\/\/amnromania.ro\/en\/","name":"AMN Ayurveda ROM\u00c2NIA","description":"Asociatia Nationala pentru Promovarea Medicinelor Neconventionale","inLanguage":"en-US","publisher":{"@id":"https:\/\/amnromania.ro\/en\/#organization"}}]}},"aioseo_meta_data":{"post_id":"6477","title":null,"description":"Evenimentul va fi organizat \u00een mediul online de AMN-Romania \u00een colaborare cu DMIMS(DU)-India \u0219i cu participarea excep\u021bional\u0103 a Ambasadei Indiei \u00een Rom\u00e2nia.","keywords":"","keyphrases":null,"primary_term":null,"canonical_url":"","og_title":null,"og_description":null,"og_object_type":"default","og_image_type":"default","og_image_url":null,"og_image_width":null,"og_image_height":null,"og_image_custom_url":null,"og_image_custom_fields":null,"og_video":null,"og_custom_url":null,"og_article_section":null,"og_article_tags":null,"twitter_use_og":false,"twitter_card":"default","twitter_image_type":"default","twitter_image_url":null,"twitter_image_custom_url":null,"twitter_image_custom_fields":null,"twitter_title":null,"twitter_description":null,"schema":{"blockGraphs":[],"customGraphs":[],"default":{"data":{"Article":[],"Course":[],"Dataset":[],"FAQPage":[],"Movie":[],"Person":[],"Product":[],"Recipe":[],"Service":[],"SoftwareApplication":[],"WebPage":[]},"graphName":"WebPage","isEnabled":true},"graphs":[]},"schema_type":null,"schema_type_options":null,"pillar_content":false,"robots_default":true,"robots_noindex":false,"robots_noarchive":false,"robots_nosnippet":false,"robots_nofollow":false,"robots_noimageindex":false,"robots_noodp":false,"robots_notranslate":false,"robots_max_snippet":null,"robots_max_videopreview":null,"robots_max_imagepreview":"large","priority":null,"frequency":null,"local_seo":null,"limit_modified_date":false,"open_ai":null,"created":"2020-12-21 07:24:32","updated":"2024-01-28 10:45:42"},"aioseo_breadcrumb":"<div class=\"aioseo-breadcrumbs\"><span class=\"aioseo-breadcrumb\">\n\t<a href=\"https:\/\/amnromania.ro\/en\" title=\"Home\">Home<\/a>\n<\/span><span class=\"aioseo-breadcrumb-separator\">&raquo;<\/span><span class=\"aioseo-breadcrumb\">\n\t<a href=\"https:\/\/amnromania.ro\/en\/day-ayurveda\/\" title=\"Ziua Ayurveda\">Ziua Ayurveda<\/a>\n<\/span><span class=\"aioseo-breadcrumb-separator\">&raquo;<\/span><span class=\"aioseo-breadcrumb\">\n\tZiua Ayurveda 2020\n<\/span><\/div>","aioseo_breadcrumb_json":[{"label":"Home","link":"https:\/\/amnromania.ro\/en"},{"label":"Ziua Ayurveda","link":"https:\/\/amnromania.ro\/en\/day-ayurveda\/"},{"label":"Ziua Ayurveda 2020","link":"https:\/\/amnromania.ro\/en\/day-ayurveda\/day-ayurveda-2020\/"}],"_links":{"self":[{"href":"https:\/\/amnromania.ro\/en\/wp-json\/wp\/v2\/pages\/6477","targetHints":{"allow":["GET"]}}],"collection":[{"href":"https:\/\/amnromania.ro\/en\/wp-json\/wp\/v2\/pages"}],"about":[{"href":"https:\/\/amnromania.ro\/en\/wp-json\/wp\/v2\/types\/page"}],"author":[{"embeddable":true,"href":"https:\/\/amnromania.ro\/en\/wp-json\/wp\/v2\/users\/1"}],"replies":[{"embeddable":true,"href":"https:\/\/amnromania.ro\/en\/wp-json\/wp\/v2\/comments?post=6477"}],"version-history":[{"count":0,"href":"https:\/\/amnromania.ro\/en\/wp-json\/wp\/v2\/pages\/6477\/revisions"}],"up":[{"embeddable":true,"href":"https:\/\/amnromania.ro\/en\/wp-json\/wp\/v2\/pages\/6414"}],"wp:attachment":[{"href":"https:\/\/amnromania.ro\/en\/wp-json\/wp\/v2\/media?parent=6477"}],"curies":[{"name":"wp","href":"https:\/\/api.w.org\/{rel}","templated":true}]}}