{"id":6429,"date":"2020-11-11T22:33:56","date_gmt":"2020-11-11T22:33:56","guid":{"rendered":"https:\/\/amnromania.ro\/?page_id=6429"},"modified":"2020-11-11T23:44:52","modified_gmt":"2020-11-11T23:44:52","slug":"exhibition-ramnicu-valcea","status":"publish","type":"page","link":"https:\/\/amnromania.ro\/en\/exhibition-ramnicu-valcea\/","title":{"rendered":"Exhibition Ramnicu Valcea"},"content":{"rendered":"<div data-elementor-type=\"wp-page\" data-elementor-id=\"6429\" class=\"elementor elementor-6429\" data-elementor-post-type=\"page\">\n\t\t\t\t\t\t<section class=\"elementor-section elementor-top-section elementor-element elementor-element-8c9d43b elementor-section-boxed elementor-section-height-default elementor-section-height-default\" data-id=\"8c9d43b\" data-element_type=\"section\">\n\t\t\t\t\t\t<div class=\"elementor-container elementor-column-gap-default\">\n\t\t\t\t\t<div class=\"elementor-column elementor-col-50 elementor-top-column elementor-element elementor-element-dd54a99\" data-id=\"dd54a99\" data-element_type=\"column\">\n\t\t\t<div class=\"elementor-widget-wrap elementor-element-populated\">\n\t\t\t\t\t\t<div class=\"elementor-element elementor-element-e5eeacd elementor-nav-menu__align-start elementor-nav-menu__text-align-center elementor-nav-menu--dropdown-tablet elementor-nav-menu--toggle elementor-nav-menu--burger elementor-widget elementor-widget-global elementor-global-5200 elementor-widget-nav-menu\" data-id=\"e5eeacd\" data-element_type=\"widget\" data-settings=\"{&quot;layout&quot;:&quot;vertical&quot;,&quot;submenu_icon&quot;:{&quot;value&quot;:&quot;fas fa-caret-down&quot;,&quot;library&quot;:&quot;fa-solid&quot;},&quot;toggle&quot;:&quot;burger&quot;}\" data-widget_type=\"nav-menu.default\">\n\t\t\t\t<div class=\"elementor-widget-container\">\n\t\t\t\t\t\t\t\t<nav aria-label=\"Menu\" class=\"elementor-nav-menu--main elementor-nav-menu__container elementor-nav-menu--layout-vertical e--pointer-background e--animation-fade\">\n\t\t\t\t<ul id=\"menu-1-e5eeacd\" class=\"elementor-nav-menu sm-vertical\"><li class=\"menu-item menu-item-type-post_type menu-item-object-page menu-item-6419\"><a href=\"https:\/\/amnromania.ro\/en\/day-ayurveda\/\" class=\"elementor-item\">Ayurveda Day<\/a><\/li>\n<li class=\"menu-item menu-item-type-post_type menu-item-object-page menu-item-11894\"><a href=\"https:\/\/amnromania.ro\/en\/presentations\/\" class=\"elementor-item\">Presentations<\/a><\/li>\n<li class=\"menu-item menu-item-type-post_type menu-item-object-page menu-item-11880\"><a href=\"https:\/\/amnromania.ro\/en\/festivities\/\" class=\"elementor-item\">Festivities<\/a><\/li>\n<li class=\"menu-item menu-item-type-post_type menu-item-object-page menu-item-11893\"><a href=\"https:\/\/amnromania.ro\/en\/conferences\/\" class=\"elementor-item\">Conferences<\/a><\/li>\n<\/ul>\t\t\t<\/nav>\n\t\t\t\t\t<div class=\"elementor-menu-toggle\" role=\"button\" tabindex=\"0\" aria-label=\"Toggle menu\" aria-expanded=\"false\">\n\t\t\t<i aria-hidden=\"true\" role=\"presentation\" class=\"elementor-menu-toggle__icon--open eicon-menu-bar\"><\/i><i aria-hidden=\"true\" role=\"presentation\" class=\"elementor-menu-toggle__icon--close eicon-close\"><\/i>\t\t<\/div>\n\t\t\t\t\t<nav class=\"elementor-nav-menu--dropdown elementor-nav-menu__container\" aria-hidden=\"true\">\n\t\t\t\t<ul id=\"menu-2-e5eeacd\" class=\"elementor-nav-menu sm-vertical\"><li class=\"menu-item menu-item-type-post_type menu-item-object-page menu-item-6419\"><a href=\"https:\/\/amnromania.ro\/en\/day-ayurveda\/\" class=\"elementor-item\" tabindex=\"-1\">Ayurveda Day<\/a><\/li>\n<li class=\"menu-item menu-item-type-post_type menu-item-object-page menu-item-11894\"><a href=\"https:\/\/amnromania.ro\/en\/presentations\/\" class=\"elementor-item\" tabindex=\"-1\">Presentations<\/a><\/li>\n<li class=\"menu-item menu-item-type-post_type menu-item-object-page menu-item-11880\"><a href=\"https:\/\/amnromania.ro\/en\/festivities\/\" class=\"elementor-item\" tabindex=\"-1\">Festivities<\/a><\/li>\n<li class=\"menu-item menu-item-type-post_type menu-item-object-page menu-item-11893\"><a href=\"https:\/\/amnromania.ro\/en\/conferences\/\" class=\"elementor-item\" tabindex=\"-1\">Conferences<\/a><\/li>\n<\/ul>\t\t\t<\/nav>\n\t\t\t\t\t\t<\/div>\n\t\t\t\t<\/div>\n\t\t\t\t\t<\/div>\n\t\t<\/div>\n\t\t\t\t<div class=\"elementor-column elementor-col-50 elementor-top-column elementor-element elementor-element-5980901\" data-id=\"5980901\" data-element_type=\"column\">\n\t\t\t<div class=\"elementor-widget-wrap elementor-element-populated\">\n\t\t\t\t\t\t<div class=\"elementor-element elementor-element-6f960e9 elementor-widget elementor-widget-text-editor\" data-id=\"6f960e9\" data-element_type=\"widget\" data-widget_type=\"text-editor.default\">\n\t\t\t\t<div class=\"elementor-widget-container\">\n\t\t\t\t\t\t\t\t\t<h1 class=\"Titlu-1\" style=\"text-align: center;\"><span style=\"color: #ff9900;\"><strong><img fetchpriority=\"high\" decoding=\"async\" class=\"aligncenter wp-image-6601 size-full\" src=\"https:\/\/amnromania.ro\/wp-content\/uploads\/2020\/11\/RValcea1.jpg\" alt=\"\" width=\"624\" height=\"468\" srcset=\"https:\/\/amnromania.ro\/wp-content\/uploads\/2020\/11\/RValcea1.jpg 624w, https:\/\/amnromania.ro\/wp-content\/uploads\/2020\/11\/RValcea1-300x225.jpg 300w\" sizes=\"(max-width: 624px) 100vw, 624px\" \/><\/strong><\/span><\/h1><h1>\u00a0<\/h1><h1 class=\"Titlu-1\" style=\"text-align: center;\"><span style=\"color: #ff9900;\"><strong>Ayurveda at the Beauty Fair<\/strong><\/span><\/h1><h1 class=\"Titlu-1\" style=\"text-align: center;\"><span style=\"color: #ff9900;\"><strong> and lifestyle<\/strong><\/span><\/h1><p>\u00a0<\/p><p class=\"Semnatura-text-RO-_Interior_\" style=\"text-align: right;\"><span class=\"C-14\">Gabriel Dragan, lecturer in Ayurveda AMN-<wbr \/>Romania<\/span><\/p><p>\u00a0<\/p><p class=\"Text2\">Saturday and Sunday, 21-<wbr \/>22 October 2018, National Association for the Promotion of Non-Conventional Medicines, AMN-<wbr \/>Romania, participated in the\u00a0<span class=\"C-15\">Health and Lifestyle Fair -<wbr \/>\u00a0R\u00e2mnicu V\u00e2lcea.<\/span><\/p><p class=\"Text2\">This event s-<wbr \/>held at\u00a0<span class=\"C-16\">Shopping City in R\u00e2mnicu V\u00e2lcea for two days and offered visitors the opportunity to get acquainted with traditional Ayurvedic ways of maintaining and regaining health.<\/span><\/p><p class=\"Text2\">On this occasion, several reference works published in the field of Ayurveda in Romania were presented.<\/p><p class=\"Text2\">The first volume of the work entitled \"<a href=\"http:\/\/amnromania.ro\/en\/ayurveda-in-romania-amn-romania.html\/\">Ayurveda in Romania<\/a>\", which was published by\u00a0<a href=\"https:\/\/www.youtube.com\/watch?v=BA2hcHIQPYE&amp;t=15s\" target=\"_blank\" rel=\"noopener\">Embassy of India<\/a>\u00a0in Romania in collaboration with AMN Romania (AMN Publishing 2018).<\/p><p class=\"Text2\"><a href=\"http:\/\/editura.ayus.ro\/\" target=\"_blank\" rel=\"noopener\">Selective Systematic Ayurvedic Index<\/a>, volumes 1 and 2, is a work that allows the optimal and quick selection of the most suitable medicinal plants, among those contained in this volume, which show healing properties of a certain type (publisher \"AYUS\").<\/p><p class=\"Text2\"><a href=\"http:\/\/editura.ayus.ro\/cursuri-editura-ayus.html\" target=\"_blank\" rel=\"noopener\">Modern dictionary of Sanskrit terms used in Ayurveda<\/a>A systematic exposition of the meanings of 1400 Sanskrit terms commonly used in the traditional Ayurveda system (AYUS Publishing).<\/p><p class=\"Text2\">At the stand that was located in the gallery\u00a0<span class=\"C-16\">Shopping City\u00a0<\/span>details of the traditional use of\u00a0<a href=\"http:\/\/amnromania.ro\/en\/pulberile_din_plante.html\/\">medicinal plants<\/a>, about the importance of Ayurvedic constitutional typology in the prevention and treatment of functional imbalances of the body, about the role of a lacto-<wbr \/>ovo-<wbr \/>vegetarian appropriate in maintaining health, as well as other specific topics\u00a0<a href=\"http:\/\/amnromania.ro\/en\/intre-conventional-si-neconventional.html\/\">unconventional medicines<\/a>.<\/p><p class=\"Text2\">The questions of the visitors were answered by Ayurveda specialists and Ayurveda lecturers who were<wbr \/>have dedicated more than 15 years to the systematic study and deepening of traditional Indian knowledge of life within the\u00a0<a href=\"https:\/\/www.youtube.com\/watch?v=m8XEZFGN1ns&amp;t=6s\" target=\"_blank\" rel=\"noopener\">courses organised by AMN-<wbr \/>Romania<\/a>.<\/p><p>\u00a0<\/p><p><img decoding=\"async\" class=\"aligncenter wp-image-6602 size-full\" src=\"https:\/\/amnromania.ro\/wp-content\/uploads\/2020\/11\/RValcea2.jpg\" alt=\"\" width=\"618\" height=\"824\" srcset=\"https:\/\/amnromania.ro\/wp-content\/uploads\/2020\/11\/RValcea2.jpg 618w, https:\/\/amnromania.ro\/wp-content\/uploads\/2020\/11\/RValcea2-225x300.jpg 225w\" sizes=\"(max-width: 618px) 100vw, 618px\" \/><\/p>\t\t\t\t\t\t\t\t<\/div>\n\t\t\t\t<\/div>\n\t\t\t\t\t<\/div>\n\t\t<\/div>\n\t\t\t\t\t<\/div>\n\t\t<\/section>\n\t\t\t\t<\/div>","protected":false},"excerpt":{"rendered":"<p>\u00a0 Ayurveda at the Beauty and Lifestyle Fair Gabriel Dr\u0103gan, AMN-Romania Ayurveda lecturer On Saturday and Sunday, 21-22 October 2018, the National Association for the Promotion of Non-Conventional Medicines, AMN-Romania, participated in the Health and Lifestyle Fair - R\u00e2mnicu V\u00e2lcea. This event took place at Shopping City in R\u00e2mnicu V\u00e2lcea for two days and offered visitors [...]<\/p>","protected":false},"author":1,"featured_media":0,"parent":0,"menu_order":0,"comment_status":"closed","ping_status":"closed","template":"","meta":{"_mi_skip_tracking":false,"_analytify_skip_tracking":false,"footnotes":""},"class_list":["post-6429","page","type-page","status-publish","hentry"],"aioseo_notices":[],"aioseo_head":"\n\t\t<!-- All in One SEO Pro 4.7.0 - aioseo.com -->\n\t\t<meta name=\"description\" content=\"S\u00e2mb\u0103t\u0103 \u0219i duminic\u0103, 21-22 octombrie 2018, Asocia\u021bia Na\u021bional\u0103 pentru Promovarea Medicinelor Neconven\u021bionale, AMN-Rom\u00e2nia, a participat la T\u00e2rgul de s\u0103n\u0103tate \u0219i lifestyle \u2013 R\u00e2mnicu V\u00e2lcea.\" \/>\n\t\t<meta name=\"robots\" content=\"max-image-preview:large\" \/>\n\t\t<meta name=\"google-site-verification\" content=\"G-391X30D2FS\" \/>\n\t\t<link rel=\"canonical\" href=\"https:\/\/amnromania.ro\/en\/exhibition-ramnicu-valcea\/\" \/>\n\t\t<meta name=\"generator\" content=\"All in One SEO Pro (AIOSEO) 4.7.0\" \/>\n\t\t<meta property=\"og:locale\" content=\"en_US\" \/>\n\t\t<meta property=\"og:site_name\" content=\"AMN Ayurveda ROM\u00c2NIA | Asociatia Nationala pentru Promovarea Medicinelor Neconventionale\" \/>\n\t\t<meta property=\"og:type\" content=\"article\" \/>\n\t\t<meta property=\"og:title\" content=\"Expozitie Ramnicu Valcea | AMN Ayurveda ROM\u00c2NIA\" \/>\n\t\t<meta property=\"og:description\" content=\"S\u00e2mb\u0103t\u0103 \u0219i duminic\u0103, 21-22 octombrie 2018, Asocia\u021bia Na\u021bional\u0103 pentru Promovarea Medicinelor Neconven\u021bionale, AMN-Rom\u00e2nia, a participat la T\u00e2rgul de s\u0103n\u0103tate \u0219i lifestyle \u2013 R\u00e2mnicu V\u00e2lcea.\" \/>\n\t\t<meta property=\"og:url\" content=\"https:\/\/amnromania.ro\/en\/exhibition-ramnicu-valcea\/\" \/>\n\t\t<meta property=\"og:image\" content=\"https:\/\/amnromania.ro\/ynorsyju\/2021\/06\/Ayurveda-in-Romania-Vol.-2-Ro.jpg\" \/>\n\t\t<meta property=\"og:image:secure_url\" content=\"https:\/\/amnromania.ro\/ynorsyju\/2021\/06\/Ayurveda-in-Romania-Vol.-2-Ro.jpg\" \/>\n\t\t<meta property=\"article:published_time\" content=\"2020-11-11T22:33:56+00:00\" \/>\n\t\t<meta property=\"article:modified_time\" content=\"2020-11-11T23:44:52+00:00\" \/>\n\t\t<meta property=\"article:publisher\" content=\"https:\/\/www.facebook.com\/AMNRomania\" \/>\n\t\t<script type=\"application\/ld+json\" class=\"aioseo-schema\">\n\t\t\t{\"@context\":\"https:\\\/\\\/schema.org\",\"@graph\":[{\"@type\":\"BreadcrumbList\",\"@id\":\"https:\\\/\\\/amnromania.ro\\\/en\\\/exhibition-ramnicu-valcea\\\/#breadcrumblist\",\"itemListElement\":[{\"@type\":\"ListItem\",\"@id\":\"https:\\\/\\\/amnromania.ro\\\/en\\\/#listItem\",\"position\":1,\"name\":\"Home\",\"item\":\"https:\\\/\\\/amnromania.ro\\\/en\\\/\",\"nextItem\":\"https:\\\/\\\/amnromania.ro\\\/en\\\/exhibition-ramnicu-valcea\\\/#listItem\"},{\"@type\":\"ListItem\",\"@id\":\"https:\\\/\\\/amnromania.ro\\\/en\\\/exhibition-ramnicu-valcea\\\/#listItem\",\"position\":2,\"name\":\"Expozitie Ramnicu Valcea\",\"previousItem\":\"https:\\\/\\\/amnromania.ro\\\/en\\\/#listItem\"}]},{\"@type\":\"Organization\",\"@id\":\"https:\\\/\\\/amnromania.ro\\\/en\\\/#organization\",\"name\":\"AMN Ayurveda Romania\",\"url\":\"https:\\\/\\\/amnromania.ro\\\/en\\\/\",\"logo\":{\"@type\":\"ImageObject\",\"url\":\"https:\\\/\\\/amnromania.ro\\\/ynorsyju\\\/2020\\\/10\\\/amn.png\",\"@id\":\"https:\\\/\\\/amnromania.ro\\\/en\\\/exhibition-ramnicu-valcea\\\/#organizationLogo\"},\"image\":{\"@id\":\"https:\\\/\\\/amnromania.ro\\\/en\\\/exhibition-ramnicu-valcea\\\/#organizationLogo\"},\"sameAs\":[\"https:\\\/\\\/www.facebook.com\\\/AMNRomania\",\"https:\\\/\\\/www.youtube.com\\\/channel\\\/UClfqKxiq_uZ11rthDIT3-BQ\\\/videos\"]},{\"@type\":\"WebPage\",\"@id\":\"https:\\\/\\\/amnromania.ro\\\/en\\\/exhibition-ramnicu-valcea\\\/#webpage\",\"url\":\"https:\\\/\\\/amnromania.ro\\\/en\\\/exhibition-ramnicu-valcea\\\/\",\"name\":\"Expozitie Ramnicu Valcea | AMN Ayurveda ROM\\u00c2NIA\",\"description\":\"S\\u00e2mb\\u0103t\\u0103 \\u0219i duminic\\u0103, 21-22 octombrie 2018, Asocia\\u021bia Na\\u021bional\\u0103 pentru Promovarea Medicinelor Neconven\\u021bionale, AMN-Rom\\u00e2nia, a participat la T\\u00e2rgul de s\\u0103n\\u0103tate \\u0219i lifestyle \\u2013 R\\u00e2mnicu V\\u00e2lcea.\",\"inLanguage\":\"en-US\",\"isPartOf\":{\"@id\":\"https:\\\/\\\/amnromania.ro\\\/en\\\/#website\"},\"breadcrumb\":{\"@id\":\"https:\\\/\\\/amnromania.ro\\\/en\\\/exhibition-ramnicu-valcea\\\/#breadcrumblist\"},\"datePublished\":\"2020-11-11T22:33:56+02:00\",\"dateModified\":\"2020-11-11T23:44:52+02:00\"},{\"@type\":\"WebSite\",\"@id\":\"https:\\\/\\\/amnromania.ro\\\/en\\\/#website\",\"url\":\"https:\\\/\\\/amnromania.ro\\\/en\\\/\",\"name\":\"AMN Ayurveda ROM\\u00c2NIA\",\"description\":\"Asociatia Nationala pentru Promovarea Medicinelor Neconventionale\",\"inLanguage\":\"en-US\",\"publisher\":{\"@id\":\"https:\\\/\\\/amnromania.ro\\\/en\\\/#organization\"}}]}\n\t\t<\/script>\n\t\t<!-- All in One SEO Pro -->\r\n\t\t<title>Expozitie Ramnicu Valcea | AMN Ayurveda ROM\u00c2NIA<\/title>\n\n","aioseo_head_json":{"title":"Expozitie Ramnicu Valcea | AMN Ayurveda ROM\u00c2NIA","description":"S\u00e2mb\u0103t\u0103 \u0219i duminic\u0103, 21-22 octombrie 2018, Asocia\u021bia Na\u021bional\u0103 pentru Promovarea Medicinelor Neconven\u021bionale, AMN-Rom\u00e2nia, a participat la T\u00e2rgul de s\u0103n\u0103tate \u0219i lifestyle \u2013 R\u00e2mnicu V\u00e2lcea.","canonical_url":"https:\/\/amnromania.ro\/en\/exhibition-ramnicu-valcea\/","robots":"max-image-preview:large","keywords":"","webmasterTools":{"google-site-verification":"G-391X30D2FS","miscellaneous":""},"og:locale":"en_US","og:site_name":"AMN Ayurveda ROM\u00c2NIA | Asociatia Nationala pentru Promovarea Medicinelor Neconventionale","og:type":"article","og:title":"Expozitie Ramnicu Valcea | AMN Ayurveda ROM\u00c2NIA","og:description":"S\u00e2mb\u0103t\u0103 \u0219i duminic\u0103, 21-22 octombrie 2018, Asocia\u021bia Na\u021bional\u0103 pentru Promovarea Medicinelor Neconven\u021bionale, AMN-Rom\u00e2nia, a participat la T\u00e2rgul de s\u0103n\u0103tate \u0219i lifestyle \u2013 R\u00e2mnicu V\u00e2lcea.","og:url":"https:\/\/amnromania.ro\/en\/exhibition-ramnicu-valcea\/","og:image":"https:\/\/amnromania.ro\/ynorsyju\/2021\/06\/Ayurveda-in-Romania-Vol.-2-Ro.jpg","og:image:secure_url":"https:\/\/amnromania.ro\/ynorsyju\/2021\/06\/Ayurveda-in-Romania-Vol.-2-Ro.jpg","article:published_time":"2020-11-11T22:33:56+00:00","article:modified_time":"2020-11-11T23:44:52+00:00","article:publisher":"https:\/\/www.facebook.com\/AMNRomania","schema":{"@context":"https:\/\/schema.org","@graph":[{"@type":"BreadcrumbList","@id":"https:\/\/amnromania.ro\/en\/exhibition-ramnicu-valcea\/#breadcrumblist","itemListElement":[{"@type":"ListItem","@id":"https:\/\/amnromania.ro\/en\/#listItem","position":1,"name":"Home","item":"https:\/\/amnromania.ro\/en\/","nextItem":"https:\/\/amnromania.ro\/en\/exhibition-ramnicu-valcea\/#listItem"},{"@type":"ListItem","@id":"https:\/\/amnromania.ro\/en\/exhibition-ramnicu-valcea\/#listItem","position":2,"name":"Expozitie Ramnicu Valcea","previousItem":"https:\/\/amnromania.ro\/en\/#listItem"}]},{"@type":"Organization","@id":"https:\/\/amnromania.ro\/en\/#organization","name":"AMN Ayurveda Romania","url":"https:\/\/amnromania.ro\/en\/","logo":{"@type":"ImageObject","url":"https:\/\/amnromania.ro\/ynorsyju\/2020\/10\/amn.png","@id":"https:\/\/amnromania.ro\/en\/exhibition-ramnicu-valcea\/#organizationLogo"},"image":{"@id":"https:\/\/amnromania.ro\/en\/exhibition-ramnicu-valcea\/#organizationLogo"},"sameAs":["https:\/\/www.facebook.com\/AMNRomania","https:\/\/www.youtube.com\/channel\/UClfqKxiq_uZ11rthDIT3-BQ\/videos"]},{"@type":"WebPage","@id":"https:\/\/amnromania.ro\/en\/exhibition-ramnicu-valcea\/#webpage","url":"https:\/\/amnromania.ro\/en\/exhibition-ramnicu-valcea\/","name":"Expozitie Ramnicu Valcea | AMN Ayurveda ROM\u00c2NIA","description":"S\u00e2mb\u0103t\u0103 \u0219i duminic\u0103, 21-22 octombrie 2018, Asocia\u021bia Na\u021bional\u0103 pentru Promovarea Medicinelor Neconven\u021bionale, AMN-Rom\u00e2nia, a participat la T\u00e2rgul de s\u0103n\u0103tate \u0219i lifestyle \u2013 R\u00e2mnicu V\u00e2lcea.","inLanguage":"en-US","isPartOf":{"@id":"https:\/\/amnromania.ro\/en\/#website"},"breadcrumb":{"@id":"https:\/\/amnromania.ro\/en\/exhibition-ramnicu-valcea\/#breadcrumblist"},"datePublished":"2020-11-11T22:33:56+02:00","dateModified":"2020-11-11T23:44:52+02:00"},{"@type":"WebSite","@id":"https:\/\/amnromania.ro\/en\/#website","url":"https:\/\/amnromania.ro\/en\/","name":"AMN Ayurveda ROM\u00c2NIA","description":"Asociatia Nationala pentru Promovarea Medicinelor Neconventionale","inLanguage":"en-US","publisher":{"@id":"https:\/\/amnromania.ro\/en\/#organization"}}]}},"aioseo_meta_data":{"post_id":"6429","title":null,"description":"S\u00e2mb\u0103t\u0103 \u0219i duminic\u0103, 21-22 octombrie 2018, Asocia\u021bia Na\u021bional\u0103 pentru Promovarea Medicinelor Neconven\u021bionale, AMN-Rom\u00e2nia, a participat la T\u00e2rgul de s\u0103n\u0103tate \u0219i lifestyle \u2013 R\u00e2mnicu V\u00e2lcea.","keywords":"","keyphrases":null,"primary_term":null,"canonical_url":"","og_title":null,"og_description":null,"og_object_type":"default","og_image_type":"default","og_image_url":null,"og_image_width":null,"og_image_height":null,"og_image_custom_url":null,"og_image_custom_fields":null,"og_video":null,"og_custom_url":null,"og_article_section":null,"og_article_tags":null,"twitter_use_og":false,"twitter_card":"default","twitter_image_type":"default","twitter_image_url":null,"twitter_image_custom_url":null,"twitter_image_custom_fields":null,"twitter_title":null,"twitter_description":null,"schema":{"blockGraphs":[],"customGraphs":[],"default":{"data":{"Article":[],"Course":[],"Dataset":[],"FAQPage":[],"Movie":[],"Person":[],"Product":[],"Recipe":[],"Service":[],"SoftwareApplication":[],"WebPage":[]},"graphName":"WebPage","isEnabled":true},"graphs":[]},"schema_type":null,"schema_type_options":null,"pillar_content":false,"robots_default":true,"robots_noindex":false,"robots_noarchive":false,"robots_nosnippet":false,"robots_nofollow":false,"robots_noimageindex":false,"robots_noodp":false,"robots_notranslate":false,"robots_max_snippet":null,"robots_max_videopreview":null,"robots_max_imagepreview":"large","priority":null,"frequency":null,"local_seo":null,"limit_modified_date":false,"open_ai":null,"created":"2020-12-21 07:24:32","updated":"2024-01-28 10:45:42"},"aioseo_breadcrumb":"<div class=\"aioseo-breadcrumbs\"><span class=\"aioseo-breadcrumb\">\n\t<a href=\"https:\/\/amnromania.ro\/en\" title=\"Home\">Home<\/a>\n<\/span><span class=\"aioseo-breadcrumb-separator\">&raquo;<\/span><span class=\"aioseo-breadcrumb\">\n\tExpozitie Ramnicu Valcea\n<\/span><\/div>","aioseo_breadcrumb_json":[{"label":"Home","link":"https:\/\/amnromania.ro\/en"},{"label":"Expozitie Ramnicu Valcea","link":"https:\/\/amnromania.ro\/en\/exhibition-ramnicu-valcea\/"}],"_links":{"self":[{"href":"https:\/\/amnromania.ro\/en\/wp-json\/wp\/v2\/pages\/6429","targetHints":{"allow":["GET"]}}],"collection":[{"href":"https:\/\/amnromania.ro\/en\/wp-json\/wp\/v2\/pages"}],"about":[{"href":"https:\/\/amnromania.ro\/en\/wp-json\/wp\/v2\/types\/page"}],"author":[{"embeddable":true,"href":"https:\/\/amnromania.ro\/en\/wp-json\/wp\/v2\/users\/1"}],"replies":[{"embeddable":true,"href":"https:\/\/amnromania.ro\/en\/wp-json\/wp\/v2\/comments?post=6429"}],"version-history":[{"count":0,"href":"https:\/\/amnromania.ro\/en\/wp-json\/wp\/v2\/pages\/6429\/revisions"}],"wp:attachment":[{"href":"https:\/\/amnromania.ro\/en\/wp-json\/wp\/v2\/media?parent=6429"}],"curies":[{"name":"wp","href":"https:\/\/api.w.org\/{rel}","templated":true}]}}