{"id":3534,"date":"2020-11-07T09:17:43","date_gmt":"2020-11-07T09:17:43","guid":{"rendered":"https:\/\/amnromania.ro\/?page_id=3534"},"modified":"2025-03-26T14:39:55","modified_gmt":"2025-03-26T12:39:55","slug":"ayurveda-congress","status":"publish","type":"page","link":"https:\/\/amnromania.ro\/en\/activity\/ayurveda-congress\/","title":{"rendered":"Ayurveda Congress"},"content":{"rendered":"<div data-elementor-type=\"wp-page\" data-elementor-id=\"3534\" class=\"elementor elementor-3534\" data-elementor-post-type=\"page\">\n\t\t\t\t\t\t<section class=\"elementor-section elementor-top-section elementor-element elementor-element-c5d87ce elementor-section-boxed elementor-section-height-default elementor-section-height-default\" data-id=\"c5d87ce\" data-element_type=\"section\">\n\t\t\t\t\t\t<div class=\"elementor-container elementor-column-gap-default\">\n\t\t\t\t\t<div class=\"elementor-column elementor-col-50 elementor-top-column elementor-element elementor-element-f2c2ae5\" data-id=\"f2c2ae5\" data-element_type=\"column\">\n\t\t\t<div class=\"elementor-widget-wrap elementor-element-populated\">\n\t\t\t\t\t\t<div class=\"elementor-element elementor-element-b61e59d elementor-nav-menu__align-start elementor-nav-menu__text-align-center elementor-nav-menu--dropdown-tablet elementor-nav-menu--toggle elementor-nav-menu--burger elementor-widget elementor-widget-global elementor-global-4259 elementor-widget-nav-menu\" data-id=\"b61e59d\" data-element_type=\"widget\" data-settings=\"{&quot;layout&quot;:&quot;vertical&quot;,&quot;submenu_icon&quot;:{&quot;value&quot;:&quot;fas fa-caret-down&quot;,&quot;library&quot;:&quot;fa-solid&quot;},&quot;toggle&quot;:&quot;burger&quot;}\" data-widget_type=\"nav-menu.default\">\n\t\t\t\t<div class=\"elementor-widget-container\">\n\t\t\t\t\t\t\t\t<nav aria-label=\"Menu\" class=\"elementor-nav-menu--main elementor-nav-menu__container elementor-nav-menu--layout-vertical e--pointer-background e--animation-fade\">\n\t\t\t\t<ul id=\"menu-1-b61e59d\" class=\"elementor-nav-menu sm-vertical\"><li class=\"menu-item menu-item-type-post_type menu-item-object-page menu-item-4237\"><a href=\"https:\/\/amnromania.ro\/en\/activity\/ayurveda-courses\/\" class=\"elementor-item\">Ayurveda Courses<\/a><\/li>\n<li class=\"menu-item menu-item-type-post_type menu-item-object-page menu-item-4234\"><a href=\"https:\/\/amnromania.ro\/en\/activity\/ayurveda-contests\/\" class=\"elementor-item\">Ayurveda competitions<\/a><\/li>\n<li class=\"menu-item menu-item-type-post_type menu-item-object-page menu-item-4235\"><a href=\"https:\/\/amnromania.ro\/en\/activity\/ayurveda-conference\/\" class=\"elementor-item\">Ayurveda Conferences<\/a><\/li>\n<li class=\"menu-item menu-item-type-post_type menu-item-object-page menu-item-4236\"><a href=\"https:\/\/amnromania.ro\/en\/activity\/ayurveda-congress\/\" class=\"elementor-item\">Ayurveda Congress<\/a><\/li>\n<li class=\"menu-item menu-item-type-post_type menu-item-object-page menu-item-5535\"><a href=\"https:\/\/amnromania.ro\/en\/activity\/ayurveda-camps\/\" class=\"elementor-item\">Ayurveda Camps<\/a><\/li>\n<\/ul>\t\t\t<\/nav>\n\t\t\t\t\t<div class=\"elementor-menu-toggle\" role=\"button\" tabindex=\"0\" aria-label=\"Toggle menu\" aria-expanded=\"false\">\n\t\t\t<i aria-hidden=\"true\" role=\"presentation\" class=\"elementor-menu-toggle__icon--open eicon-menu-bar\"><\/i><i aria-hidden=\"true\" role=\"presentation\" class=\"elementor-menu-toggle__icon--close eicon-close\"><\/i>\t\t<\/div>\n\t\t\t\t\t<nav class=\"elementor-nav-menu--dropdown elementor-nav-menu__container\" aria-hidden=\"true\">\n\t\t\t\t<ul id=\"menu-2-b61e59d\" class=\"elementor-nav-menu sm-vertical\"><li class=\"menu-item menu-item-type-post_type menu-item-object-page menu-item-4237\"><a href=\"https:\/\/amnromania.ro\/en\/activity\/ayurveda-courses\/\" class=\"elementor-item\" tabindex=\"-1\">Ayurveda Courses<\/a><\/li>\n<li class=\"menu-item menu-item-type-post_type menu-item-object-page menu-item-4234\"><a href=\"https:\/\/amnromania.ro\/en\/activity\/ayurveda-contests\/\" class=\"elementor-item\" tabindex=\"-1\">Ayurveda competitions<\/a><\/li>\n<li class=\"menu-item menu-item-type-post_type menu-item-object-page menu-item-4235\"><a href=\"https:\/\/amnromania.ro\/en\/activity\/ayurveda-conference\/\" class=\"elementor-item\" tabindex=\"-1\">Ayurveda Conferences<\/a><\/li>\n<li class=\"menu-item menu-item-type-post_type menu-item-object-page menu-item-4236\"><a href=\"https:\/\/amnromania.ro\/en\/activity\/ayurveda-congress\/\" class=\"elementor-item\" tabindex=\"-1\">Ayurveda Congress<\/a><\/li>\n<li class=\"menu-item menu-item-type-post_type menu-item-object-page menu-item-5535\"><a href=\"https:\/\/amnromania.ro\/en\/activity\/ayurveda-camps\/\" class=\"elementor-item\" tabindex=\"-1\">Ayurveda Camps<\/a><\/li>\n<\/ul>\t\t\t<\/nav>\n\t\t\t\t\t\t<\/div>\n\t\t\t\t<\/div>\n\t\t\t\t\t<\/div>\n\t\t<\/div>\n\t\t\t\t<div class=\"elementor-column elementor-col-50 elementor-top-column elementor-element elementor-element-192e285\" data-id=\"192e285\" data-element_type=\"column\">\n\t\t\t<div class=\"elementor-widget-wrap elementor-element-populated\">\n\t\t\t\t\t\t<div class=\"elementor-element elementor-element-7bdbbef elementor-widget elementor-widget-text-editor\" data-id=\"7bdbbef\" data-element_type=\"widget\" data-widget_type=\"text-editor.default\">\n\t\t\t\t<div class=\"elementor-widget-container\">\n\t\t\t\t\t\t\t\t\t<h1>\u00a0<\/h1><h1 style=\"text-align: center;\"><span style=\"color: #ffcc99;\"><strong>The Ayurveda Congress, an opportunity for knowledge and training<\/strong><\/span><\/h1><p>\u00a0<\/p><p>The Ayurveda Congresses are organized annually by the National Association for the Promotion of Unconventional Medicines AMN-Romania, in collaboration with the Ayush Cell Information Centre and the Ayus Group Training Centre in Romania. The main objective of these landmark events is to promote the ancient Ayurvedic science, not only in Romania, but also internationally, through existing partnerships and collaborations.<\/p><h2>Ayurveda, an ancient science at the crossroads of tradition and modernity<\/h2><p>The Ayurveda Congress is a unique opportunity to bring to the forefront essential aspects of this discipline, through in-depth studies and presentations dedicated to its various branches, fields and specializations that the traditional system of Ayurveda contains. The event facilitates the exchange of knowledge in an active community of specialists and practitioners, providing participants with access to the latest discoveries and practical applications in the field.<\/p><p>The themes that are covered during the Ayurveda Congress come to highlight the constant concerns that the participants have developed through their training activities (courses, seminars, specialization programs in different branches of Ayurveda), through personal practice and as a result of acquiring this knowledge, information and methods that the Ayurvedic tradition makes available to them.<\/p><h2>Ayurvedic fields of study and specializations<\/h2><p>In the last 30 years, a considerable number of specialized areas of Ayurveda have become accessible for study and practice in Romania. The Ayush Cell Romania Information Center provides the appropriate framework for training in modern specializations for which the Ayurvedic tradition can provide not only valuable information with practical application, but also an innovative, fruitful perspective, bringing new solutions, new ways of solving various imbalances or health problems. Even if they are inspired by an ancient tradition, they are proving to be particularly topical.<\/p><p>For those beginning the study of Ayurveda, the basic specializations, such as Ayurveda-Padartha, Svasthya-Darshana and Prakriti-Nikasha, prove to be particularly useful for understanding the fundamentals of Ayurvedic science. Another area relates to the science of harmonious integration of the being with the natural environment, Svasthavritta, with its corresponding specializations. Another field is the science of the Ayurvedic characterization of natural substances, the field of Ayurvedic 'pharmacology', Dravyaguna.  Another field is the Ayurvedic science of the wise use of medicinal plants, Vanaspati-Jnana, a particularly important branch with many possibilities of connection both with traditional Ayurvedic science and with modern concerns in the discovery and development of plant resources to meet the needs of correcting by natural means the problems with which human beings may be confronted.<\/p><h2>A multidisciplinary and innovative approach<\/h2><p>Thanks to the continuous efforts of the training centers, more and more Ayurvedic fields are available for study and practice in Romania. Participants in dedicated courses and seminars have already started to achieve concrete results, demonstrating the effectiveness of this traditional system applied in a modern context.<\/p><p>The Ayurveda Congress provides a platform to share these advances, highlighting the role of Ayurveda in fields such as alternative medicine, holistic nutrition and complementary therapies.<\/p><p>Congress papers were organized by sections:  pratipada section - principles and directions of promoting Ayurveda today, achara section - personal and assisted Ayurvedic practice, samshodhana section - approach to Ayurveda through interdisciplinary research methods, paddhati section - modern applications of traditional Ayurvedic modalities, nidana section - modern applications of Ayurvedic diagnosis, aushadha section - practical observations on some Ayurvedic remedies, antarvishya section - interdisciplinarity of millenarian Ayurvedic science.<\/p><h2>Motivations for the extended study of Ayurveda in Romania<\/h2><p>The Ayurveda Congresses organized by the National Association for the Promotion of Unconventional Medicines AMN-Romania in collaboration with the Ayush Cell Information Centre and Ayus Group Training Centre in Romania provide an opportunity to get in touch with practitioners with years or decades of experience in Ayurveda study and practice. They have managed to translate their experience into results that deserve to be known by those interested in viable alternatives for flourishing health. These papers of the Ayurveda Congress are also a motivating starting point for all others who are studying or have started to study Ayurveda, so that they too can benefit from the very valuable knowledge that the Ayurvedic tradition has to offer.<\/p><p>The International Congress of Ayurveda is part of the national and international educational program initiated and supported by AMN - Romania since 1995.<\/p>\t\t\t\t\t\t\t\t<\/div>\n\t\t\t\t<\/div>\n\t\t\t\t\t<\/div>\n\t\t<\/div>\n\t\t\t\t\t<\/div>\n\t\t<\/section>\n\t\t\t\t<\/div>","protected":false},"excerpt":{"rendered":"<p>\u00a0 Congresul de Ayurveda, o oportunitate de cunoa\u0219tere \u0219i perfec\u021bionare \u00a0 Congresele de Ayurveda sunt organizate anual de Asocia\u021bia Na\u021bional\u0103 pentru Promovarea Medicinelor Neconven\u021bionale AMN-Rom\u00e2nia, \u00een colaborare cu Centrul de Informare Ayush Cell \u0219i Centrul de Perfec\u021bionare Ayus Group din Rom\u00e2nia. Aceste evenimente de referin\u021b\u0103 au ca principal obiectiv promovarea \u0219tiin\u021bei milenare ayurvedice, nu doar [&hellip;]<\/p>","protected":false},"author":1,"featured_media":0,"parent":110,"menu_order":0,"comment_status":"closed","ping_status":"closed","template":"","meta":{"_mi_skip_tracking":false,"_analytify_skip_tracking":false,"footnotes":""},"class_list":["post-3534","page","type-page","status-publish","hentry"],"aioseo_notices":[],"aioseo_head":"\n\t\t<!-- All in One SEO Pro 4.7.0 - aioseo.com -->\n\t\t<meta name=\"description\" content=\"Autenticitatea tuturor acestor expuneri, ce sunt incluse \u00een programul acestui eveniment special, reprezint\u0103 \u00eens\u0103\u015fi cartea de vizit\u0103 a acestei manifest\u0103ri, unice \u00een Rom\u00e2nia la ora actual\u0103.\" \/>\n\t\t<meta name=\"robots\" content=\"max-image-preview:large\" \/>\n\t\t<meta name=\"google-site-verification\" content=\"G-391X30D2FS\" \/>\n\t\t<link rel=\"canonical\" href=\"https:\/\/amnromania.ro\/en\/activity\/ayurveda-congress\/\" \/>\n\t\t<meta name=\"generator\" content=\"All in One SEO Pro (AIOSEO) 4.7.0\" \/>\n\t\t<meta property=\"og:locale\" content=\"en_US\" \/>\n\t\t<meta property=\"og:site_name\" content=\"AMN Ayurveda ROM\u00c2NIA | Asociatia Nationala pentru Promovarea Medicinelor Neconventionale\" \/>\n\t\t<meta property=\"og:type\" content=\"article\" \/>\n\t\t<meta property=\"og:title\" content=\"Congrese de Ayurveda | AMN Ayurveda ROM\u00c2NIA\" \/>\n\t\t<meta property=\"og:description\" content=\"Autenticitatea tuturor acestor expuneri, ce sunt incluse \u00een programul acestui eveniment special, reprezint\u0103 \u00eens\u0103\u015fi cartea de vizit\u0103 a acestei manifest\u0103ri, unice \u00een Rom\u00e2nia la ora actual\u0103.\" \/>\n\t\t<meta property=\"og:url\" content=\"https:\/\/amnromania.ro\/en\/activity\/ayurveda-congress\/\" \/>\n\t\t<meta property=\"og:image\" content=\"https:\/\/amnromania.ro\/ynorsyju\/2021\/06\/Ayurveda-in-Romania-Vol.-2-Ro.jpg\" \/>\n\t\t<meta property=\"og:image:secure_url\" content=\"https:\/\/amnromania.ro\/ynorsyju\/2021\/06\/Ayurveda-in-Romania-Vol.-2-Ro.jpg\" \/>\n\t\t<meta property=\"article:published_time\" content=\"2020-11-07T09:17:43+00:00\" \/>\n\t\t<meta property=\"article:modified_time\" content=\"2025-03-26T12:39:55+00:00\" \/>\n\t\t<meta property=\"article:publisher\" content=\"https:\/\/www.facebook.com\/AMNRomania\" \/>\n\t\t<script type=\"application\/ld+json\" class=\"aioseo-schema\">\n\t\t\t{\"@context\":\"https:\\\/\\\/schema.org\",\"@graph\":[{\"@type\":\"BreadcrumbList\",\"@id\":\"https:\\\/\\\/amnromania.ro\\\/en\\\/activity\\\/ayurveda-congress\\\/#breadcrumblist\",\"itemListElement\":[{\"@type\":\"ListItem\",\"@id\":\"https:\\\/\\\/amnromania.ro\\\/en\\\/#listItem\",\"position\":1,\"name\":\"Home\",\"item\":\"https:\\\/\\\/amnromania.ro\\\/en\\\/\",\"nextItem\":\"https:\\\/\\\/amnromania.ro\\\/en\\\/activity\\\/#listItem\"},{\"@type\":\"ListItem\",\"@id\":\"https:\\\/\\\/amnromania.ro\\\/en\\\/activity\\\/#listItem\",\"position\":2,\"name\":\"Activitate\",\"item\":\"https:\\\/\\\/amnromania.ro\\\/en\\\/activity\\\/\",\"nextItem\":\"https:\\\/\\\/amnromania.ro\\\/en\\\/activity\\\/ayurveda-congress\\\/#listItem\",\"previousItem\":\"https:\\\/\\\/amnromania.ro\\\/en\\\/#listItem\"},{\"@type\":\"ListItem\",\"@id\":\"https:\\\/\\\/amnromania.ro\\\/en\\\/activity\\\/ayurveda-congress\\\/#listItem\",\"position\":3,\"name\":\"Congrese de Ayurveda\",\"previousItem\":\"https:\\\/\\\/amnromania.ro\\\/en\\\/activity\\\/#listItem\"}]},{\"@type\":\"Organization\",\"@id\":\"https:\\\/\\\/amnromania.ro\\\/en\\\/#organization\",\"name\":\"AMN Ayurveda Romania\",\"url\":\"https:\\\/\\\/amnromania.ro\\\/en\\\/\",\"logo\":{\"@type\":\"ImageObject\",\"url\":\"https:\\\/\\\/amnromania.ro\\\/ynorsyju\\\/2020\\\/10\\\/amn.png\",\"@id\":\"https:\\\/\\\/amnromania.ro\\\/en\\\/activity\\\/ayurveda-congress\\\/#organizationLogo\"},\"image\":{\"@id\":\"https:\\\/\\\/amnromania.ro\\\/en\\\/activity\\\/ayurveda-congress\\\/#organizationLogo\"},\"sameAs\":[\"https:\\\/\\\/www.facebook.com\\\/AMNRomania\",\"https:\\\/\\\/www.youtube.com\\\/channel\\\/UClfqKxiq_uZ11rthDIT3-BQ\\\/videos\"]},{\"@type\":\"WebPage\",\"@id\":\"https:\\\/\\\/amnromania.ro\\\/en\\\/activity\\\/ayurveda-congress\\\/#webpage\",\"url\":\"https:\\\/\\\/amnromania.ro\\\/en\\\/activity\\\/ayurveda-congress\\\/\",\"name\":\"Congrese de Ayurveda | AMN Ayurveda ROM\\u00c2NIA\",\"description\":\"Autenticitatea tuturor acestor expuneri, ce sunt incluse \\u00een programul acestui eveniment special, reprezint\\u0103 \\u00eens\\u0103\\u015fi cartea de vizit\\u0103 a acestei manifest\\u0103ri, unice \\u00een Rom\\u00e2nia la ora actual\\u0103.\",\"inLanguage\":\"en-US\",\"isPartOf\":{\"@id\":\"https:\\\/\\\/amnromania.ro\\\/en\\\/#website\"},\"breadcrumb\":{\"@id\":\"https:\\\/\\\/amnromania.ro\\\/en\\\/activity\\\/ayurveda-congress\\\/#breadcrumblist\"},\"datePublished\":\"2020-11-07T09:17:43+02:00\",\"dateModified\":\"2025-03-26T14:39:55+02:00\"},{\"@type\":\"WebSite\",\"@id\":\"https:\\\/\\\/amnromania.ro\\\/en\\\/#website\",\"url\":\"https:\\\/\\\/amnromania.ro\\\/en\\\/\",\"name\":\"AMN Ayurveda ROM\\u00c2NIA\",\"description\":\"Asociatia Nationala pentru Promovarea Medicinelor Neconventionale\",\"inLanguage\":\"en-US\",\"publisher\":{\"@id\":\"https:\\\/\\\/amnromania.ro\\\/en\\\/#organization\"}}]}\n\t\t<\/script>\n\t\t<!-- All in One SEO Pro -->\r\n\t\t<title>Congrese de Ayurveda | AMN Ayurveda ROM\u00c2NIA<\/title>\n\n","aioseo_head_json":{"title":"Congrese de Ayurveda | AMN Ayurveda ROM\u00c2NIA","description":"Autenticitatea tuturor acestor expuneri, ce sunt incluse \u00een programul acestui eveniment special, reprezint\u0103 \u00eens\u0103\u015fi cartea de vizit\u0103 a acestei manifest\u0103ri, unice \u00een Rom\u00e2nia la ora actual\u0103.","canonical_url":"https:\/\/amnromania.ro\/en\/activity\/ayurveda-congress\/","robots":"max-image-preview:large","keywords":"","webmasterTools":{"google-site-verification":"G-391X30D2FS","miscellaneous":""},"og:locale":"en_US","og:site_name":"AMN Ayurveda ROM\u00c2NIA | Asociatia Nationala pentru Promovarea Medicinelor Neconventionale","og:type":"article","og:title":"Congrese de Ayurveda | AMN Ayurveda ROM\u00c2NIA","og:description":"Autenticitatea tuturor acestor expuneri, ce sunt incluse \u00een programul acestui eveniment special, reprezint\u0103 \u00eens\u0103\u015fi cartea de vizit\u0103 a acestei manifest\u0103ri, unice \u00een Rom\u00e2nia la ora actual\u0103.","og:url":"https:\/\/amnromania.ro\/en\/activity\/ayurveda-congress\/","og:image":"https:\/\/amnromania.ro\/ynorsyju\/2021\/06\/Ayurveda-in-Romania-Vol.-2-Ro.jpg","og:image:secure_url":"https:\/\/amnromania.ro\/ynorsyju\/2021\/06\/Ayurveda-in-Romania-Vol.-2-Ro.jpg","article:published_time":"2020-11-07T09:17:43+00:00","article:modified_time":"2025-03-26T12:39:55+00:00","article:publisher":"https:\/\/www.facebook.com\/AMNRomania","schema":{"@context":"https:\/\/schema.org","@graph":[{"@type":"BreadcrumbList","@id":"https:\/\/amnromania.ro\/en\/activity\/ayurveda-congress\/#breadcrumblist","itemListElement":[{"@type":"ListItem","@id":"https:\/\/amnromania.ro\/en\/#listItem","position":1,"name":"Home","item":"https:\/\/amnromania.ro\/en\/","nextItem":"https:\/\/amnromania.ro\/en\/activity\/#listItem"},{"@type":"ListItem","@id":"https:\/\/amnromania.ro\/en\/activity\/#listItem","position":2,"name":"Activitate","item":"https:\/\/amnromania.ro\/en\/activity\/","nextItem":"https:\/\/amnromania.ro\/en\/activity\/ayurveda-congress\/#listItem","previousItem":"https:\/\/amnromania.ro\/en\/#listItem"},{"@type":"ListItem","@id":"https:\/\/amnromania.ro\/en\/activity\/ayurveda-congress\/#listItem","position":3,"name":"Congrese de Ayurveda","previousItem":"https:\/\/amnromania.ro\/en\/activity\/#listItem"}]},{"@type":"Organization","@id":"https:\/\/amnromania.ro\/en\/#organization","name":"AMN Ayurveda Romania","url":"https:\/\/amnromania.ro\/en\/","logo":{"@type":"ImageObject","url":"https:\/\/amnromania.ro\/ynorsyju\/2020\/10\/amn.png","@id":"https:\/\/amnromania.ro\/en\/activity\/ayurveda-congress\/#organizationLogo"},"image":{"@id":"https:\/\/amnromania.ro\/en\/activity\/ayurveda-congress\/#organizationLogo"},"sameAs":["https:\/\/www.facebook.com\/AMNRomania","https:\/\/www.youtube.com\/channel\/UClfqKxiq_uZ11rthDIT3-BQ\/videos"]},{"@type":"WebPage","@id":"https:\/\/amnromania.ro\/en\/activity\/ayurveda-congress\/#webpage","url":"https:\/\/amnromania.ro\/en\/activity\/ayurveda-congress\/","name":"Congrese de Ayurveda | AMN Ayurveda ROM\u00c2NIA","description":"Autenticitatea tuturor acestor expuneri, ce sunt incluse \u00een programul acestui eveniment special, reprezint\u0103 \u00eens\u0103\u015fi cartea de vizit\u0103 a acestei manifest\u0103ri, unice \u00een Rom\u00e2nia la ora actual\u0103.","inLanguage":"en-US","isPartOf":{"@id":"https:\/\/amnromania.ro\/en\/#website"},"breadcrumb":{"@id":"https:\/\/amnromania.ro\/en\/activity\/ayurveda-congress\/#breadcrumblist"},"datePublished":"2020-11-07T09:17:43+02:00","dateModified":"2025-03-26T14:39:55+02:00"},{"@type":"WebSite","@id":"https:\/\/amnromania.ro\/en\/#website","url":"https:\/\/amnromania.ro\/en\/","name":"AMN Ayurveda ROM\u00c2NIA","description":"Asociatia Nationala pentru Promovarea Medicinelor Neconventionale","inLanguage":"en-US","publisher":{"@id":"https:\/\/amnromania.ro\/en\/#organization"}}]}},"aioseo_meta_data":{"post_id":"3534","title":null,"description":"Autenticitatea tuturor acestor expuneri, ce sunt incluse \u00een programul acestui eveniment special, reprezint\u0103 \u00eens\u0103\u015fi cartea de vizit\u0103 a acestei manifest\u0103ri, unice \u00een Rom\u00e2nia la ora actual\u0103.","keywords":null,"keyphrases":null,"primary_term":null,"canonical_url":null,"og_title":null,"og_description":null,"og_object_type":"default","og_image_type":"default","og_image_url":null,"og_image_width":null,"og_image_height":null,"og_image_custom_url":null,"og_image_custom_fields":null,"og_video":null,"og_custom_url":null,"og_article_section":null,"og_article_tags":null,"twitter_use_og":false,"twitter_card":"default","twitter_image_type":"default","twitter_image_url":null,"twitter_image_custom_url":null,"twitter_image_custom_fields":null,"twitter_title":null,"twitter_description":null,"schema":{"blockGraphs":[],"customGraphs":[],"default":{"data":{"Article":[],"Course":[],"Dataset":[],"FAQPage":[],"Movie":[],"Person":[],"Product":[],"Recipe":[],"Service":[],"SoftwareApplication":[],"WebPage":[]},"graphName":"WebPage","isEnabled":true},"graphs":[]},"schema_type":null,"schema_type_options":null,"pillar_content":false,"robots_default":true,"robots_noindex":false,"robots_noarchive":false,"robots_nosnippet":false,"robots_nofollow":false,"robots_noimageindex":false,"robots_noodp":false,"robots_notranslate":false,"robots_max_snippet":null,"robots_max_videopreview":null,"robots_max_imagepreview":"large","priority":null,"frequency":null,"local_seo":null,"limit_modified_date":false,"open_ai":null,"created":"2020-12-21 07:24:39","updated":"2025-03-26 12:44:30"},"aioseo_breadcrumb":"<div class=\"aioseo-breadcrumbs\"><span class=\"aioseo-breadcrumb\">\n\t<a href=\"https:\/\/amnromania.ro\/en\" title=\"Home\">Home<\/a>\n<\/span><span class=\"aioseo-breadcrumb-separator\">&raquo;<\/span><span class=\"aioseo-breadcrumb\">\n\t<a href=\"https:\/\/amnromania.ro\/en\/activity\/\" title=\"Activitate\">Activitate<\/a>\n<\/span><span class=\"aioseo-breadcrumb-separator\">&raquo;<\/span><span class=\"aioseo-breadcrumb\">\n\tCongrese de Ayurveda\n<\/span><\/div>","aioseo_breadcrumb_json":[{"label":"Home","link":"https:\/\/amnromania.ro\/en"},{"label":"Activitate","link":"https:\/\/amnromania.ro\/en\/activity\/"},{"label":"Congrese de Ayurveda","link":"https:\/\/amnromania.ro\/en\/activity\/ayurveda-congress\/"}],"_links":{"self":[{"href":"https:\/\/amnromania.ro\/en\/wp-json\/wp\/v2\/pages\/3534","targetHints":{"allow":["GET"]}}],"collection":[{"href":"https:\/\/amnromania.ro\/en\/wp-json\/wp\/v2\/pages"}],"about":[{"href":"https:\/\/amnromania.ro\/en\/wp-json\/wp\/v2\/types\/page"}],"author":[{"embeddable":true,"href":"https:\/\/amnromania.ro\/en\/wp-json\/wp\/v2\/users\/1"}],"replies":[{"embeddable":true,"href":"https:\/\/amnromania.ro\/en\/wp-json\/wp\/v2\/comments?post=3534"}],"version-history":[{"count":6,"href":"https:\/\/amnromania.ro\/en\/wp-json\/wp\/v2\/pages\/3534\/revisions"}],"predecessor-version":[{"id":12604,"href":"https:\/\/amnromania.ro\/en\/wp-json\/wp\/v2\/pages\/3534\/revisions\/12604"}],"up":[{"embeddable":true,"href":"https:\/\/amnromania.ro\/en\/wp-json\/wp\/v2\/pages\/110"}],"wp:attachment":[{"href":"https:\/\/amnromania.ro\/en\/wp-json\/wp\/v2\/media?parent=3534"}],"curies":[{"name":"wp","href":"https:\/\/api.w.org\/{rel}","templated":true}]}}