{"id":3532,"date":"2020-11-07T09:17:27","date_gmt":"2020-11-07T09:17:27","guid":{"rendered":"https:\/\/amnromania.ro\/?page_id=3532"},"modified":"2020-11-09T19:08:46","modified_gmt":"2020-11-09T19:08:46","slug":"ayurveda-camps","status":"publish","type":"page","link":"https:\/\/amnromania.ro\/en\/activity\/ayurveda-camps\/","title":{"rendered":"Ayurveda Camps"},"content":{"rendered":"<div data-elementor-type=\"wp-page\" data-elementor-id=\"3532\" class=\"elementor elementor-3532\" data-elementor-post-type=\"page\">\n\t\t\t\t\t\t<section class=\"elementor-section elementor-top-section elementor-element elementor-element-e82cea3 elementor-section-boxed elementor-section-height-default elementor-section-height-default\" data-id=\"e82cea3\" data-element_type=\"section\">\n\t\t\t\t\t\t<div class=\"elementor-container elementor-column-gap-default\">\n\t\t\t\t\t<div class=\"elementor-column elementor-col-50 elementor-top-column elementor-element elementor-element-5ef8dc5\" data-id=\"5ef8dc5\" data-element_type=\"column\">\n\t\t\t<div class=\"elementor-widget-wrap elementor-element-populated\">\n\t\t\t\t\t\t<div class=\"elementor-element elementor-element-ecf1e6d elementor-nav-menu__align-start elementor-nav-menu__text-align-center elementor-nav-menu--dropdown-tablet elementor-nav-menu--toggle elementor-nav-menu--burger elementor-widget elementor-widget-global elementor-global-4259 elementor-widget-nav-menu\" data-id=\"ecf1e6d\" data-element_type=\"widget\" data-settings=\"{&quot;layout&quot;:&quot;vertical&quot;,&quot;submenu_icon&quot;:{&quot;value&quot;:&quot;fas fa-caret-down&quot;,&quot;library&quot;:&quot;fa-solid&quot;},&quot;toggle&quot;:&quot;burger&quot;}\" data-widget_type=\"nav-menu.default\">\n\t\t\t\t<div class=\"elementor-widget-container\">\n\t\t\t\t\t\t\t\t<nav aria-label=\"Menu\" class=\"elementor-nav-menu--main elementor-nav-menu__container elementor-nav-menu--layout-vertical e--pointer-background e--animation-fade\">\n\t\t\t\t<ul id=\"menu-1-ecf1e6d\" class=\"elementor-nav-menu sm-vertical\"><li class=\"menu-item menu-item-type-post_type menu-item-object-page menu-item-4237\"><a href=\"https:\/\/amnromania.ro\/en\/activity\/ayurveda-courses\/\" class=\"elementor-item\">Ayurveda Courses<\/a><\/li>\n<li class=\"menu-item menu-item-type-post_type menu-item-object-page menu-item-4234\"><a href=\"https:\/\/amnromania.ro\/en\/activity\/ayurveda-contests\/\" class=\"elementor-item\">Ayurveda competitions<\/a><\/li>\n<li class=\"menu-item menu-item-type-post_type menu-item-object-page menu-item-4235\"><a href=\"https:\/\/amnromania.ro\/en\/activity\/ayurveda-conference\/\" class=\"elementor-item\">Ayurveda Conferences<\/a><\/li>\n<li class=\"menu-item menu-item-type-post_type menu-item-object-page menu-item-4236\"><a href=\"https:\/\/amnromania.ro\/en\/activity\/ayurveda-congress\/\" class=\"elementor-item\">Ayurveda Congress<\/a><\/li>\n<li class=\"menu-item menu-item-type-post_type menu-item-object-page menu-item-5535\"><a href=\"https:\/\/amnromania.ro\/en\/activity\/ayurveda-camps\/\" class=\"elementor-item\">Ayurveda Camps<\/a><\/li>\n<\/ul>\t\t\t<\/nav>\n\t\t\t\t\t<div class=\"elementor-menu-toggle\" role=\"button\" tabindex=\"0\" aria-label=\"Toggle menu\" aria-expanded=\"false\">\n\t\t\t<i aria-hidden=\"true\" role=\"presentation\" class=\"elementor-menu-toggle__icon--open eicon-menu-bar\"><\/i><i aria-hidden=\"true\" role=\"presentation\" class=\"elementor-menu-toggle__icon--close eicon-close\"><\/i>\t\t<\/div>\n\t\t\t\t\t<nav class=\"elementor-nav-menu--dropdown elementor-nav-menu__container\" aria-hidden=\"true\">\n\t\t\t\t<ul id=\"menu-2-ecf1e6d\" class=\"elementor-nav-menu sm-vertical\"><li class=\"menu-item menu-item-type-post_type menu-item-object-page menu-item-4237\"><a href=\"https:\/\/amnromania.ro\/en\/activity\/ayurveda-courses\/\" class=\"elementor-item\" tabindex=\"-1\">Ayurveda Courses<\/a><\/li>\n<li class=\"menu-item menu-item-type-post_type menu-item-object-page menu-item-4234\"><a href=\"https:\/\/amnromania.ro\/en\/activity\/ayurveda-contests\/\" class=\"elementor-item\" tabindex=\"-1\">Ayurveda competitions<\/a><\/li>\n<li class=\"menu-item menu-item-type-post_type menu-item-object-page menu-item-4235\"><a href=\"https:\/\/amnromania.ro\/en\/activity\/ayurveda-conference\/\" class=\"elementor-item\" tabindex=\"-1\">Ayurveda Conferences<\/a><\/li>\n<li class=\"menu-item menu-item-type-post_type menu-item-object-page menu-item-4236\"><a href=\"https:\/\/amnromania.ro\/en\/activity\/ayurveda-congress\/\" class=\"elementor-item\" tabindex=\"-1\">Ayurveda Congress<\/a><\/li>\n<li class=\"menu-item menu-item-type-post_type menu-item-object-page menu-item-5535\"><a href=\"https:\/\/amnromania.ro\/en\/activity\/ayurveda-camps\/\" class=\"elementor-item\" tabindex=\"-1\">Ayurveda Camps<\/a><\/li>\n<\/ul>\t\t\t<\/nav>\n\t\t\t\t\t\t<\/div>\n\t\t\t\t<\/div>\n\t\t\t\t\t<\/div>\n\t\t<\/div>\n\t\t\t\t<div class=\"elementor-column elementor-col-50 elementor-top-column elementor-element elementor-element-58c52fd\" data-id=\"58c52fd\" data-element_type=\"column\">\n\t\t\t<div class=\"elementor-widget-wrap elementor-element-populated\">\n\t\t\t\t\t\t<div class=\"elementor-element elementor-element-e1cd89c elementor-widget elementor-widget-text-editor\" data-id=\"e1cd89c\" data-element_type=\"widget\" data-widget_type=\"text-editor.default\">\n\t\t\t\t<div class=\"elementor-widget-container\">\n\t\t\t\t\t\t\t\t\t<p>\u00a0<\/p><h1 style=\"text-align: center;\"><strong>SPECIFICS OF AYURVEDA CAMPS HELD IN ROMANIA<\/strong><\/h1><h3 style=\"text-align: right;\">Aurora Nicolae, lecturer of Ayurveda AMN-Romania<\/h3><h2>\u00a0<\/h2><h2>WHAT IS AN AYURVEDA CAMP<\/h2><p>An Ayurveda camp is the privileged place where people who have been studying Ayurveda for several years or less, with different levels of education, from different social backgrounds, with different professions and even with different nationalities come to a wonderful place in nature where they then live, live and study Ayurveda together for 5-7 days, based on a common programme of activities, designed to give each participant some important insights into certain aspects of the vast field of the ancient traditional science of Ayurveda.<\/p><h2>Organization of Ayurveda Camps<\/h2><p>The Ayurveda Camp is an annual event organized by AMN-Romania and has already become a tradition in Romania. The Ayurveda camps started to be organized by AMN-Romania in 1995 and since then they have been held year after year in the summer of the year, usually in July, in different mountain areas of Romania.<\/p><p>Ayurveda camps have been and still are held in picturesque places, in the middle of nature, in regions relatively far away from large urban areas, usually near a river, in pleasant and quiet natural areas, in clearings where the atmosphere is conducive to study and deep meditation.<\/p><h2>Picturesque mountain areas<\/h2><p>In Romania, the Carpathian Mountains have many such wonderful places that have been able to host one or more of these Ayurveda camps over the 25 years of activity. Ayurveda camps have been held one after the other either in the Apuseni Mountains, in the Vrancei Mountains or in the Nemira Mountains, but most of the time Ayurveda camps have taken place in the Maramures Mountains, in places that have become a tradition for the local people of Maramures.<\/p><p>Most of the Ayurveda camps were held in the historical region of Maramure\u0219, near Bude\u0219ti, in a mountainous region where there is a nearby pyramidal mountain with a significant name that sounds almost identical to the name of the Great God of Indian tradition - Shiva.<\/p><p>Ayurveda camps are held during the summer and dozens to hundreds of participants attend such an event. However, those who come to an Ayurveda camp participate in a spiritual programme that consists of meditations preceded by some thematic presentations on Ayurveda, especially Ayurvedic esotericism, linked to aspects of the properties of medicinal plants.<\/p><h2>Running an Ayurveda camp<\/h2><p>Camp participants carry out activities that are directly related to Ayurveda topics, interact with each other in program activities and go on nature trips in the vicinity of the camp site.<\/p><p>Ayurveda camps provide those who study Ayurveda during a year-long Ayurveda course with the opportunity to share with each other the knowledge they have acquired and especially the spiritual experiences they have had that are related to the topics covered in the program.<\/p><h2>The atmosphere of an Ayurveda camp<\/h2><p>During an Ayurveda camp, participants exchange experiences, share their personal experiences and discuss together important and varied topics of the esoteric knowledge of Ayurveda.<\/p><p>Whether they work in the medical or engineering field, whether they are young students or retired, whether they have an advanced level of Ayurvedic knowledge or have just learned the first basic, elementary notions of Ayurveda, in such an Ayurveda camp there is always a unified, loving, supportive and deeply transformative spiritual atmosphere that fosters a higher, purer and more fruitful form of esoteric knowledge of some of life's deepest mysteries.<\/p><h2>A simple and healthy way to live<\/h2><p>In the few days of an Ayurveda camp, all participants live simply and healthily, right in the middle of nature, mostly living in tents, near flowing mountain water and under the protective shelter of vigorous trees in the meadows.<\/p><p>In an Ayurveda camp, participants live in tents, set up their own tents, prepare vegetarian food together, relax and rest in the middle of nature, most practice various traditional yoga procedures in unison, go on short mountain hikes in groups, mostly for direct recognition of the plants that grow in the region, but most importantly, they all meditate together in unison on themes that are revealing for the esoteric knowledge of the Ayurveda system.<\/p><h2>An extraordinary experience<\/h2><p>In such an Ayurveda Camp, creative activity, relaxation, knowledge, spiritual practice and fruitful learning are all harmoniously blended.<\/p><p>An Ayurveda camp is an almost endless source of extraordinary experience and it depends on the commitment of all participants to the smooth running of the whole programme.<\/p><p>Participating in an Ayurveda Spiritual Camp is an extraordinary experience. Here you can discover people and fundamental truths about life in a natural, beautiful setting.<\/p>\t\t\t\t\t\t\t\t<\/div>\n\t\t\t\t<\/div>\n\t\t\t\t\t<\/div>\n\t\t<\/div>\n\t\t\t\t\t<\/div>\n\t\t<\/section>\n\t\t\t\t<\/div>","protected":false},"excerpt":{"rendered":"<p>\u00a0 THE SPECIFICS OF AYURVEDA CAMPS HAPPENING IN ROMANIA Aurora Nicolae, Ayurveda lecturer AMN-Romania WHAT IS AN AYURVEDA CAMP An Ayurveda camp is a privileged place where people who have been studying Ayurveda, either for several years or less, with different levels of training, coming from different social backgrounds, [...]<\/p>","protected":false},"author":1,"featured_media":0,"parent":110,"menu_order":0,"comment_status":"closed","ping_status":"closed","template":"","meta":{"_mi_skip_tracking":false,"_analytify_skip_tracking":false,"footnotes":""},"class_list":["post-3532","page","type-page","status-publish","hentry"],"aioseo_notices":[],"aioseo_head":"\n\t\t<!-- All in One SEO Pro 4.7.0 - aioseo.com -->\n\t\t<meta name=\"description\" content=\"Participarea \u00eentr-o Tab\u0103r\u0103 spiritual\u0103 de Ayurveda este o experien\u0163\u0103 extraordinar\u0103. Aici po\u0163i descoperi oameni \u015fi adev\u0103ruri fundamentale despre via\u0163\u0103, \u00eentr-un cadrul feeric, natural.\" \/>\n\t\t<meta name=\"robots\" content=\"max-image-preview:large\" \/>\n\t\t<meta name=\"google-site-verification\" content=\"G-391X30D2FS\" \/>\n\t\t<link rel=\"canonical\" href=\"https:\/\/amnromania.ro\/en\/activity\/ayurveda-camps\/\" \/>\n\t\t<meta name=\"generator\" content=\"All in One SEO Pro (AIOSEO) 4.7.0\" \/>\n\t\t<meta property=\"og:locale\" content=\"en_US\" \/>\n\t\t<meta property=\"og:site_name\" content=\"AMN Ayurveda ROM\u00c2NIA | Asociatia Nationala pentru Promovarea Medicinelor Neconventionale\" \/>\n\t\t<meta property=\"og:type\" content=\"article\" \/>\n\t\t<meta property=\"og:title\" content=\"Tabere de Ayurveda | AMN Ayurveda ROM\u00c2NIA\" \/>\n\t\t<meta property=\"og:description\" content=\"Participarea \u00eentr-o Tab\u0103r\u0103 spiritual\u0103 de Ayurveda este o experien\u0163\u0103 extraordinar\u0103. Aici po\u0163i descoperi oameni \u015fi adev\u0103ruri fundamentale despre via\u0163\u0103, \u00eentr-un cadrul feeric, natural.\" \/>\n\t\t<meta property=\"og:url\" content=\"https:\/\/amnromania.ro\/en\/activity\/ayurveda-camps\/\" \/>\n\t\t<meta property=\"og:image\" content=\"https:\/\/amnromania.ro\/ynorsyju\/2021\/06\/Ayurveda-in-Romania-Vol.-2-Ro.jpg\" \/>\n\t\t<meta property=\"og:image:secure_url\" content=\"https:\/\/amnromania.ro\/ynorsyju\/2021\/06\/Ayurveda-in-Romania-Vol.-2-Ro.jpg\" \/>\n\t\t<meta property=\"article:published_time\" content=\"2020-11-07T09:17:27+00:00\" \/>\n\t\t<meta property=\"article:modified_time\" content=\"2020-11-09T19:08:46+00:00\" \/>\n\t\t<meta property=\"article:publisher\" content=\"https:\/\/www.facebook.com\/AMNRomania\" \/>\n\t\t<script type=\"application\/ld+json\" class=\"aioseo-schema\">\n\t\t\t{\"@context\":\"https:\\\/\\\/schema.org\",\"@graph\":[{\"@type\":\"BreadcrumbList\",\"@id\":\"https:\\\/\\\/amnromania.ro\\\/en\\\/activity\\\/ayurveda-camps\\\/#breadcrumblist\",\"itemListElement\":[{\"@type\":\"ListItem\",\"@id\":\"https:\\\/\\\/amnromania.ro\\\/en\\\/#listItem\",\"position\":1,\"name\":\"Home\",\"item\":\"https:\\\/\\\/amnromania.ro\\\/en\\\/\",\"nextItem\":\"https:\\\/\\\/amnromania.ro\\\/en\\\/activity\\\/#listItem\"},{\"@type\":\"ListItem\",\"@id\":\"https:\\\/\\\/amnromania.ro\\\/en\\\/activity\\\/#listItem\",\"position\":2,\"name\":\"Activitate\",\"item\":\"https:\\\/\\\/amnromania.ro\\\/en\\\/activity\\\/\",\"nextItem\":\"https:\\\/\\\/amnromania.ro\\\/en\\\/activity\\\/ayurveda-camps\\\/#listItem\",\"previousItem\":\"https:\\\/\\\/amnromania.ro\\\/en\\\/#listItem\"},{\"@type\":\"ListItem\",\"@id\":\"https:\\\/\\\/amnromania.ro\\\/en\\\/activity\\\/ayurveda-camps\\\/#listItem\",\"position\":3,\"name\":\"Tabere de Ayurveda\",\"previousItem\":\"https:\\\/\\\/amnromania.ro\\\/en\\\/activity\\\/#listItem\"}]},{\"@type\":\"Organization\",\"@id\":\"https:\\\/\\\/amnromania.ro\\\/en\\\/#organization\",\"name\":\"AMN Ayurveda Romania\",\"url\":\"https:\\\/\\\/amnromania.ro\\\/en\\\/\",\"logo\":{\"@type\":\"ImageObject\",\"url\":\"https:\\\/\\\/amnromania.ro\\\/ynorsyju\\\/2020\\\/10\\\/amn.png\",\"@id\":\"https:\\\/\\\/amnromania.ro\\\/en\\\/activity\\\/ayurveda-camps\\\/#organizationLogo\"},\"image\":{\"@id\":\"https:\\\/\\\/amnromania.ro\\\/en\\\/activity\\\/ayurveda-camps\\\/#organizationLogo\"},\"sameAs\":[\"https:\\\/\\\/www.facebook.com\\\/AMNRomania\",\"https:\\\/\\\/www.youtube.com\\\/channel\\\/UClfqKxiq_uZ11rthDIT3-BQ\\\/videos\"]},{\"@type\":\"WebPage\",\"@id\":\"https:\\\/\\\/amnromania.ro\\\/en\\\/activity\\\/ayurveda-camps\\\/#webpage\",\"url\":\"https:\\\/\\\/amnromania.ro\\\/en\\\/activity\\\/ayurveda-camps\\\/\",\"name\":\"Tabere de Ayurveda | AMN Ayurveda ROM\\u00c2NIA\",\"description\":\"Participarea \\u00eentr-o Tab\\u0103r\\u0103 spiritual\\u0103 de Ayurveda este o experien\\u0163\\u0103 extraordinar\\u0103. Aici po\\u0163i descoperi oameni \\u015fi adev\\u0103ruri fundamentale despre via\\u0163\\u0103, \\u00eentr-un cadrul feeric, natural.\",\"inLanguage\":\"en-US\",\"isPartOf\":{\"@id\":\"https:\\\/\\\/amnromania.ro\\\/en\\\/#website\"},\"breadcrumb\":{\"@id\":\"https:\\\/\\\/amnromania.ro\\\/en\\\/activity\\\/ayurveda-camps\\\/#breadcrumblist\"},\"datePublished\":\"2020-11-07T09:17:27+02:00\",\"dateModified\":\"2020-11-09T19:08:46+02:00\"},{\"@type\":\"WebSite\",\"@id\":\"https:\\\/\\\/amnromania.ro\\\/en\\\/#website\",\"url\":\"https:\\\/\\\/amnromania.ro\\\/en\\\/\",\"name\":\"AMN Ayurveda ROM\\u00c2NIA\",\"description\":\"Asociatia Nationala pentru Promovarea Medicinelor Neconventionale\",\"inLanguage\":\"en-US\",\"publisher\":{\"@id\":\"https:\\\/\\\/amnromania.ro\\\/en\\\/#organization\"}}]}\n\t\t<\/script>\n\t\t<!-- All in One SEO Pro -->\r\n\t\t<title>Tabere de Ayurveda | AMN Ayurveda ROM\u00c2NIA<\/title>\n\n","aioseo_head_json":{"title":"Tabere de Ayurveda | AMN Ayurveda ROM\u00c2NIA","description":"Participarea \u00eentr-o Tab\u0103r\u0103 spiritual\u0103 de Ayurveda este o experien\u0163\u0103 extraordinar\u0103. Aici po\u0163i descoperi oameni \u015fi adev\u0103ruri fundamentale despre via\u0163\u0103, \u00eentr-un cadrul feeric, natural.","canonical_url":"https:\/\/amnromania.ro\/en\/activity\/ayurveda-camps\/","robots":"max-image-preview:large","keywords":"","webmasterTools":{"google-site-verification":"G-391X30D2FS","miscellaneous":""},"og:locale":"en_US","og:site_name":"AMN Ayurveda ROM\u00c2NIA | Asociatia Nationala pentru Promovarea Medicinelor Neconventionale","og:type":"article","og:title":"Tabere de Ayurveda | AMN Ayurveda ROM\u00c2NIA","og:description":"Participarea \u00eentr-o Tab\u0103r\u0103 spiritual\u0103 de Ayurveda este o experien\u0163\u0103 extraordinar\u0103. Aici po\u0163i descoperi oameni \u015fi adev\u0103ruri fundamentale despre via\u0163\u0103, \u00eentr-un cadrul feeric, natural.","og:url":"https:\/\/amnromania.ro\/en\/activity\/ayurveda-camps\/","og:image":"https:\/\/amnromania.ro\/ynorsyju\/2021\/06\/Ayurveda-in-Romania-Vol.-2-Ro.jpg","og:image:secure_url":"https:\/\/amnromania.ro\/ynorsyju\/2021\/06\/Ayurveda-in-Romania-Vol.-2-Ro.jpg","article:published_time":"2020-11-07T09:17:27+00:00","article:modified_time":"2020-11-09T19:08:46+00:00","article:publisher":"https:\/\/www.facebook.com\/AMNRomania","schema":{"@context":"https:\/\/schema.org","@graph":[{"@type":"BreadcrumbList","@id":"https:\/\/amnromania.ro\/en\/activity\/ayurveda-camps\/#breadcrumblist","itemListElement":[{"@type":"ListItem","@id":"https:\/\/amnromania.ro\/en\/#listItem","position":1,"name":"Home","item":"https:\/\/amnromania.ro\/en\/","nextItem":"https:\/\/amnromania.ro\/en\/activity\/#listItem"},{"@type":"ListItem","@id":"https:\/\/amnromania.ro\/en\/activity\/#listItem","position":2,"name":"Activitate","item":"https:\/\/amnromania.ro\/en\/activity\/","nextItem":"https:\/\/amnromania.ro\/en\/activity\/ayurveda-camps\/#listItem","previousItem":"https:\/\/amnromania.ro\/en\/#listItem"},{"@type":"ListItem","@id":"https:\/\/amnromania.ro\/en\/activity\/ayurveda-camps\/#listItem","position":3,"name":"Tabere de Ayurveda","previousItem":"https:\/\/amnromania.ro\/en\/activity\/#listItem"}]},{"@type":"Organization","@id":"https:\/\/amnromania.ro\/en\/#organization","name":"AMN Ayurveda Romania","url":"https:\/\/amnromania.ro\/en\/","logo":{"@type":"ImageObject","url":"https:\/\/amnromania.ro\/ynorsyju\/2020\/10\/amn.png","@id":"https:\/\/amnromania.ro\/en\/activity\/ayurveda-camps\/#organizationLogo"},"image":{"@id":"https:\/\/amnromania.ro\/en\/activity\/ayurveda-camps\/#organizationLogo"},"sameAs":["https:\/\/www.facebook.com\/AMNRomania","https:\/\/www.youtube.com\/channel\/UClfqKxiq_uZ11rthDIT3-BQ\/videos"]},{"@type":"WebPage","@id":"https:\/\/amnromania.ro\/en\/activity\/ayurveda-camps\/#webpage","url":"https:\/\/amnromania.ro\/en\/activity\/ayurveda-camps\/","name":"Tabere de Ayurveda | AMN Ayurveda ROM\u00c2NIA","description":"Participarea \u00eentr-o Tab\u0103r\u0103 spiritual\u0103 de Ayurveda este o experien\u0163\u0103 extraordinar\u0103. Aici po\u0163i descoperi oameni \u015fi adev\u0103ruri fundamentale despre via\u0163\u0103, \u00eentr-un cadrul feeric, natural.","inLanguage":"en-US","isPartOf":{"@id":"https:\/\/amnromania.ro\/en\/#website"},"breadcrumb":{"@id":"https:\/\/amnromania.ro\/en\/activity\/ayurveda-camps\/#breadcrumblist"},"datePublished":"2020-11-07T09:17:27+02:00","dateModified":"2020-11-09T19:08:46+02:00"},{"@type":"WebSite","@id":"https:\/\/amnromania.ro\/en\/#website","url":"https:\/\/amnromania.ro\/en\/","name":"AMN Ayurveda ROM\u00c2NIA","description":"Asociatia Nationala pentru Promovarea Medicinelor Neconventionale","inLanguage":"en-US","publisher":{"@id":"https:\/\/amnromania.ro\/en\/#organization"}}]}},"aioseo_meta_data":{"post_id":"3532","title":null,"description":"Participarea \u00eentr-o Tab\u0103r\u0103 spiritual\u0103 de Ayurveda este o experien\u0163\u0103 extraordinar\u0103. Aici po\u0163i descoperi oameni \u015fi adev\u0103ruri fundamentale despre via\u0163\u0103, \u00eentr-un cadrul feeric, natural.","keywords":null,"keyphrases":null,"primary_term":null,"canonical_url":null,"og_title":null,"og_description":null,"og_object_type":"default","og_image_type":"default","og_image_url":null,"og_image_width":null,"og_image_height":null,"og_image_custom_url":null,"og_image_custom_fields":null,"og_video":null,"og_custom_url":null,"og_article_section":null,"og_article_tags":null,"twitter_use_og":false,"twitter_card":"default","twitter_image_type":"default","twitter_image_url":null,"twitter_image_custom_url":null,"twitter_image_custom_fields":null,"twitter_title":null,"twitter_description":null,"schema":{"blockGraphs":[],"customGraphs":[],"default":{"data":{"Article":[],"Course":[],"Dataset":[],"FAQPage":[],"Movie":[],"Person":[],"Product":[],"Recipe":[],"Service":[],"SoftwareApplication":[],"WebPage":[]},"graphName":"WebPage","isEnabled":true},"graphs":[]},"schema_type":null,"schema_type_options":null,"pillar_content":false,"robots_default":true,"robots_noindex":false,"robots_noarchive":false,"robots_nosnippet":false,"robots_nofollow":false,"robots_noimageindex":false,"robots_noodp":false,"robots_notranslate":false,"robots_max_snippet":null,"robots_max_videopreview":null,"robots_max_imagepreview":"large","priority":null,"frequency":null,"local_seo":null,"limit_modified_date":false,"open_ai":null,"created":"2020-12-21 07:24:39","updated":"2024-01-28 10:49:14"},"aioseo_breadcrumb":"<div class=\"aioseo-breadcrumbs\"><span class=\"aioseo-breadcrumb\">\n\t<a href=\"https:\/\/amnromania.ro\/en\" title=\"Home\">Home<\/a>\n<\/span><span class=\"aioseo-breadcrumb-separator\">&raquo;<\/span><span class=\"aioseo-breadcrumb\">\n\t<a href=\"https:\/\/amnromania.ro\/en\/activity\/\" title=\"Activitate\">Activitate<\/a>\n<\/span><span class=\"aioseo-breadcrumb-separator\">&raquo;<\/span><span class=\"aioseo-breadcrumb\">\n\tTabere de Ayurveda\n<\/span><\/div>","aioseo_breadcrumb_json":[{"label":"Home","link":"https:\/\/amnromania.ro\/en"},{"label":"Activitate","link":"https:\/\/amnromania.ro\/en\/activity\/"},{"label":"Tabere de Ayurveda","link":"https:\/\/amnromania.ro\/en\/activity\/ayurveda-camps\/"}],"_links":{"self":[{"href":"https:\/\/amnromania.ro\/en\/wp-json\/wp\/v2\/pages\/3532","targetHints":{"allow":["GET"]}}],"collection":[{"href":"https:\/\/amnromania.ro\/en\/wp-json\/wp\/v2\/pages"}],"about":[{"href":"https:\/\/amnromania.ro\/en\/wp-json\/wp\/v2\/types\/page"}],"author":[{"embeddable":true,"href":"https:\/\/amnromania.ro\/en\/wp-json\/wp\/v2\/users\/1"}],"replies":[{"embeddable":true,"href":"https:\/\/amnromania.ro\/en\/wp-json\/wp\/v2\/comments?post=3532"}],"version-history":[{"count":0,"href":"https:\/\/amnromania.ro\/en\/wp-json\/wp\/v2\/pages\/3532\/revisions"}],"up":[{"embeddable":true,"href":"https:\/\/amnromania.ro\/en\/wp-json\/wp\/v2\/pages\/110"}],"wp:attachment":[{"href":"https:\/\/amnromania.ro\/en\/wp-json\/wp\/v2\/media?parent=3532"}],"curies":[{"name":"wp","href":"https:\/\/api.w.org\/{rel}","templated":true}]}}