{"id":3528,"date":"2020-11-07T09:16:50","date_gmt":"2020-11-07T09:16:50","guid":{"rendered":"https:\/\/amnromania.ro\/?page_id=3528"},"modified":"2022-03-28T20:46:28","modified_gmt":"2022-03-28T18:46:28","slug":"ayurveda-conference","status":"publish","type":"page","link":"https:\/\/amnromania.ro\/en\/activity\/ayurveda-conference\/","title":{"rendered":"Ayurveda Conferences"},"content":{"rendered":"<div data-elementor-type=\"wp-page\" data-elementor-id=\"3528\" class=\"elementor elementor-3528\" data-elementor-post-type=\"page\">\n\t\t\t\t\t\t<section class=\"elementor-section elementor-top-section elementor-element elementor-element-45766f8 elementor-section-boxed elementor-section-height-default elementor-section-height-default\" data-id=\"45766f8\" data-element_type=\"section\">\n\t\t\t\t\t\t<div class=\"elementor-container elementor-column-gap-default\">\n\t\t\t\t\t<div class=\"elementor-column elementor-col-50 elementor-top-column elementor-element elementor-element-a7da455\" data-id=\"a7da455\" data-element_type=\"column\">\n\t\t\t<div class=\"elementor-widget-wrap elementor-element-populated\">\n\t\t\t\t\t\t<div class=\"elementor-element elementor-element-eb2d88e elementor-nav-menu__align-start elementor-nav-menu__text-align-center elementor-nav-menu--dropdown-tablet elementor-nav-menu--toggle elementor-nav-menu--burger elementor-widget elementor-widget-global elementor-global-4259 elementor-widget-nav-menu\" data-id=\"eb2d88e\" data-element_type=\"widget\" data-settings=\"{&quot;layout&quot;:&quot;vertical&quot;,&quot;submenu_icon&quot;:{&quot;value&quot;:&quot;fas fa-caret-down&quot;,&quot;library&quot;:&quot;fa-solid&quot;},&quot;toggle&quot;:&quot;burger&quot;}\" data-widget_type=\"nav-menu.default\">\n\t\t\t\t<div class=\"elementor-widget-container\">\n\t\t\t\t\t\t\t\t<nav aria-label=\"Menu\" class=\"elementor-nav-menu--main elementor-nav-menu__container elementor-nav-menu--layout-vertical e--pointer-background e--animation-fade\">\n\t\t\t\t<ul id=\"menu-1-eb2d88e\" class=\"elementor-nav-menu sm-vertical\"><li class=\"menu-item menu-item-type-post_type menu-item-object-page menu-item-4237\"><a href=\"https:\/\/amnromania.ro\/en\/activity\/ayurveda-courses\/\" class=\"elementor-item\">Ayurveda Courses<\/a><\/li>\n<li class=\"menu-item menu-item-type-post_type menu-item-object-page menu-item-4234\"><a href=\"https:\/\/amnromania.ro\/en\/activity\/ayurveda-contests\/\" class=\"elementor-item\">Ayurveda competitions<\/a><\/li>\n<li class=\"menu-item menu-item-type-post_type menu-item-object-page menu-item-4235\"><a href=\"https:\/\/amnromania.ro\/en\/activity\/ayurveda-conference\/\" class=\"elementor-item\">Ayurveda Conferences<\/a><\/li>\n<li class=\"menu-item menu-item-type-post_type menu-item-object-page menu-item-4236\"><a href=\"https:\/\/amnromania.ro\/en\/activity\/ayurveda-congress\/\" class=\"elementor-item\">Ayurveda Congress<\/a><\/li>\n<li class=\"menu-item menu-item-type-post_type menu-item-object-page menu-item-5535\"><a href=\"https:\/\/amnromania.ro\/en\/activity\/ayurveda-camps\/\" class=\"elementor-item\">Ayurveda Camps<\/a><\/li>\n<\/ul>\t\t\t<\/nav>\n\t\t\t\t\t<div class=\"elementor-menu-toggle\" role=\"button\" tabindex=\"0\" aria-label=\"Toggle menu\" aria-expanded=\"false\">\n\t\t\t<i aria-hidden=\"true\" role=\"presentation\" class=\"elementor-menu-toggle__icon--open eicon-menu-bar\"><\/i><i aria-hidden=\"true\" role=\"presentation\" class=\"elementor-menu-toggle__icon--close eicon-close\"><\/i>\t\t<\/div>\n\t\t\t\t\t<nav class=\"elementor-nav-menu--dropdown elementor-nav-menu__container\" aria-hidden=\"true\">\n\t\t\t\t<ul id=\"menu-2-eb2d88e\" class=\"elementor-nav-menu sm-vertical\"><li class=\"menu-item menu-item-type-post_type menu-item-object-page menu-item-4237\"><a href=\"https:\/\/amnromania.ro\/en\/activity\/ayurveda-courses\/\" class=\"elementor-item\" tabindex=\"-1\">Ayurveda Courses<\/a><\/li>\n<li class=\"menu-item menu-item-type-post_type menu-item-object-page menu-item-4234\"><a href=\"https:\/\/amnromania.ro\/en\/activity\/ayurveda-contests\/\" class=\"elementor-item\" tabindex=\"-1\">Ayurveda competitions<\/a><\/li>\n<li class=\"menu-item menu-item-type-post_type menu-item-object-page menu-item-4235\"><a href=\"https:\/\/amnromania.ro\/en\/activity\/ayurveda-conference\/\" class=\"elementor-item\" tabindex=\"-1\">Ayurveda Conferences<\/a><\/li>\n<li class=\"menu-item menu-item-type-post_type menu-item-object-page menu-item-4236\"><a href=\"https:\/\/amnromania.ro\/en\/activity\/ayurveda-congress\/\" class=\"elementor-item\" tabindex=\"-1\">Ayurveda Congress<\/a><\/li>\n<li class=\"menu-item menu-item-type-post_type menu-item-object-page menu-item-5535\"><a href=\"https:\/\/amnromania.ro\/en\/activity\/ayurveda-camps\/\" class=\"elementor-item\" tabindex=\"-1\">Ayurveda Camps<\/a><\/li>\n<\/ul>\t\t\t<\/nav>\n\t\t\t\t\t\t<\/div>\n\t\t\t\t<\/div>\n\t\t\t\t<section class=\"elementor-section elementor-inner-section elementor-element elementor-element-ea8ac50 elementor-section-boxed elementor-section-height-default elementor-section-height-default\" data-id=\"ea8ac50\" data-element_type=\"section\">\n\t\t\t\t\t\t<div class=\"elementor-container elementor-column-gap-default\">\n\t\t\t\t\t<div class=\"elementor-column elementor-col-100 elementor-inner-column elementor-element elementor-element-f9661a3 elementor-hidden-tablet elementor-hidden-phone\" data-id=\"f9661a3\" data-element_type=\"column\">\n\t\t\t<div class=\"elementor-widget-wrap elementor-element-populated\">\n\t\t\t\t\t\t<div class=\"elementor-element elementor-element-d171d71 elementor-cta--skin-classic elementor-animated-content elementor-bg-transform elementor-bg-transform-zoom-in elementor-widget elementor-widget-global elementor-global-3577 elementor-widget-call-to-action\" data-id=\"d171d71\" data-element_type=\"widget\" data-widget_type=\"call-to-action.default\">\n\t\t\t\t<div class=\"elementor-widget-container\">\n\t\t\t\t\t\t\t<a class=\"elementor-cta\" href=\"https:\/\/amnromania.ro\/en\/ayurveda-in-romania-vol-3\/\">\n\t\t\t\t\t<div class=\"elementor-cta__bg-wrapper\">\n\t\t\t\t<div class=\"elementor-cta__bg elementor-bg\" style=\"background-image: url(https:\/\/amnromania.ro\/wp-content\/uploads\/2023\/11\/ayurveda-in-romania-vol-3-ro.jpg.webp);\" role=\"img\" aria-label=\"ayurveda-in-romania-vol-3-ro.jpg\"><\/div>\n\t\t\t\t<div class=\"elementor-cta__bg-overlay\"><\/div>\n\t\t\t<\/div>\n\t\t\t\t\t\t\t<div class=\"elementor-cta__content\">\n\t\t\t\t\n\t\t\t\t\t\t\t\t\t<h2 class=\"elementor-cta__title elementor-cta__content-item elementor-content-item\">\n\t\t\t\t\t\tAyurveda in Romania Vol. 3\t\t\t\t\t<\/h2>\n\t\t\t\t\n\t\t\t\t\t\t\t\t\t<div class=\"elementor-cta__description elementor-cta__content-item elementor-content-item\">\n\t\t\t\t\t\tThe paper highlights the popularity that Ayurveda has enjoyed in Romania and the advanced level at which the Ayurveda system is known and promoted in Romania in the last 30 years through AMN-Romania.\t\t\t\t\t<\/div>\n\t\t\t\t\n\t\t\t\t\t\t\t\t\t<div class=\"elementor-cta__button-wrapper elementor-cta__content-item elementor-content-item\">\n\t\t\t\t\t<span class=\"elementor-cta__button elementor-button elementor-size-\">\n\t\t\t\t\t\tDetails\t\t\t\t\t<\/span>\n\t\t\t\t\t<\/div>\n\t\t\t\t\t\t\t<\/div>\n\t\t\t\t\t\t<\/a>\n\t\t\t\t\t\t<\/div>\n\t\t\t\t<\/div>\n\t\t\t\t\t<\/div>\n\t\t<\/div>\n\t\t\t\t\t<\/div>\n\t\t<\/section>\n\t\t\t\t\t<\/div>\n\t\t<\/div>\n\t\t\t\t<div class=\"elementor-column elementor-col-50 elementor-top-column elementor-element elementor-element-6e1de71\" data-id=\"6e1de71\" data-element_type=\"column\">\n\t\t\t<div class=\"elementor-widget-wrap elementor-element-populated\">\n\t\t\t\t\t\t<div class=\"elementor-element elementor-element-a48c6db elementor-widget elementor-widget-text-editor\" data-id=\"a48c6db\" data-element_type=\"widget\" data-widget_type=\"text-editor.default\">\n\t\t\t\t<div class=\"elementor-widget-container\">\n\t\t\t\t\t\t\t\t\t<div id=\"txt_53\" style=\"text-align: center;\">\u00a0<\/div><div id=\"txt_3434\" class=\"OBJ-10\"><h1 style=\"text-align: center;\"><strong>IN-DEPTH KNOWLEDGE OF AYURVEDA IN ROMANIA<\/strong><\/h1><\/div><div id=\"txt_3472\"><p class=\"Text2\">As far as the in-depth knowledge of Ayurveda in Romania is concerned, the contribution to this important goal was made possible mainly through the opening, support and coordination of Ayurveda courses in Romania, carried out since 1995 within the National Association for the Promotion of Non-Conventional Medicine in Romania.<\/p><p><span style=\"color: var( --e-global-color-text ); font-family: var( --e-global-typography-text-font-family ), Sans-serif; font-size: var( --e-global-typography-text-font-size ); font-weight: var( --e-global-typography-text-font-weight );\">In this organizational form it was possible to offer valuable knowledge of Ayurveda to all those interested in this field in Romania, both to the general public and to specialists, practically to all those interested in a healthy life and all the good aspects that the Ayurvedic tradition offers through its traditional knowledge. The AMN Ayurveda course has been an opportunity for many people to learn and practically apply a wealth of Ayurvedic knowledge in Romania.<\/span><\/p><p class=\"Text2\">We can say that at present, through Ayurveda, there are many fruitful directions of possible development that will be able to gradually improve many of the areas of human professional activity that are carried out, in various forms, in modern society today. We can even speak of a multidisciplinarity of Ayurveda, and this aspect is in fact a nodal point, a point-<wbr \/>key to the knowledge of Ayurveda, which will be able to offer, even in the near future, the prospect of many related developments, not only concerning human health, but also many other areas of life in general, as well as a multitude of related areas of modern scientific activity.<\/p><p class=\"Text2\">In the field of Ayurveda we have de-<wbr \/>It deals with a vast traditional science, which holds remarkable resources of knowledge about the life of the human being and about life in general.<\/p><\/div>\t\t\t\t\t\t\t\t<\/div>\n\t\t\t\t<\/div>\n\t\t\t\t<div class=\"elementor-element elementor-element-d1ede5c elementor-widget elementor-widget-spacer\" data-id=\"d1ede5c\" data-element_type=\"widget\" data-widget_type=\"spacer.default\">\n\t\t\t\t<div class=\"elementor-widget-container\">\n\t\t\t\t\t\t\t<div class=\"elementor-spacer\">\n\t\t\t<div class=\"elementor-spacer-inner\"><\/div>\n\t\t<\/div>\n\t\t\t\t\t\t<\/div>\n\t\t\t\t<\/div>\n\t\t\t\t<div class=\"elementor-element elementor-element-4ca729c elementor-widget elementor-widget-spacer\" data-id=\"4ca729c\" data-element_type=\"widget\" data-widget_type=\"spacer.default\">\n\t\t\t\t<div class=\"elementor-widget-container\">\n\t\t\t\t\t\t\t<div class=\"elementor-spacer\">\n\t\t\t<div class=\"elementor-spacer-inner\"><\/div>\n\t\t<\/div>\n\t\t\t\t\t\t<\/div>\n\t\t\t\t<\/div>\n\t\t\t\t\t<\/div>\n\t\t<\/div>\n\t\t\t\t\t<\/div>\n\t\t<\/section>\n\t\t\t\t<\/div>","protected":false},"excerpt":{"rendered":"<p>Ayurveda in Romania The paper highlights the popularity that Ayurveda has enjoyed in Romania and the advanced level to which the Ayurveda system is known and promoted in Romania in the last 25 years through AMN-Romania. Details DEEP KNOWLEDGE OF THE AYURVEDA SYSTEM IN ROMANIA Regarding the in-depth knowledge of Ayurveda in Romania, [...]<\/p>","protected":false},"author":1,"featured_media":0,"parent":110,"menu_order":0,"comment_status":"closed","ping_status":"closed","template":"","meta":{"_mi_skip_tracking":false,"_analytify_skip_tracking":false,"footnotes":""},"class_list":["post-3528","page","type-page","status-publish","hentry"],"aioseo_notices":[],"aioseo_head":"\n\t\t<!-- All in One SEO Pro 4.7.0 - aioseo.com -->\n\t\t<meta name=\"description\" content=\"\u00cen domeniul Ayurvedei avem de-a face cu o \u015ftiin\u0163\u0103 tradi\u0163ional\u0103 vast\u0103, care de\u0163ine resurse remarcabile de cuno\u015ftere cu privire la via\u0163a fiin\u0163ei umane \u015fi cu privire la via\u0163\u0103, \u00een general.\" \/>\n\t\t<meta name=\"robots\" content=\"max-image-preview:large\" \/>\n\t\t<meta name=\"google-site-verification\" content=\"G-391X30D2FS\" \/>\n\t\t<link rel=\"canonical\" href=\"https:\/\/amnromania.ro\/en\/activity\/ayurveda-conference\/\" \/>\n\t\t<meta name=\"generator\" content=\"All in One SEO Pro (AIOSEO) 4.7.0\" \/>\n\t\t<meta property=\"og:locale\" content=\"en_US\" \/>\n\t\t<meta property=\"og:site_name\" content=\"AMN Ayurveda ROM\u00c2NIA | Asociatia Nationala pentru Promovarea Medicinelor Neconventionale\" \/>\n\t\t<meta property=\"og:type\" content=\"article\" \/>\n\t\t<meta property=\"og:title\" content=\"Conferinte de Ayurveda | AMN Ayurveda ROM\u00c2NIA\" \/>\n\t\t<meta property=\"og:description\" content=\"\u00cen domeniul Ayurvedei avem de-a face cu o \u015ftiin\u0163\u0103 tradi\u0163ional\u0103 vast\u0103, care de\u0163ine resurse remarcabile de cuno\u015ftere cu privire la via\u0163a fiin\u0163ei umane \u015fi cu privire la via\u0163\u0103, \u00een general.\" \/>\n\t\t<meta property=\"og:url\" content=\"https:\/\/amnromania.ro\/en\/activity\/ayurveda-conference\/\" \/>\n\t\t<meta property=\"og:image\" content=\"https:\/\/amnromania.ro\/ynorsyju\/2021\/06\/Ayurveda-in-Romania-Vol.-2-Ro.jpg\" \/>\n\t\t<meta property=\"og:image:secure_url\" content=\"https:\/\/amnromania.ro\/ynorsyju\/2021\/06\/Ayurveda-in-Romania-Vol.-2-Ro.jpg\" \/>\n\t\t<meta property=\"article:published_time\" content=\"2020-11-07T09:16:50+00:00\" \/>\n\t\t<meta property=\"article:modified_time\" content=\"2022-03-28T18:46:28+00:00\" \/>\n\t\t<meta property=\"article:publisher\" content=\"https:\/\/www.facebook.com\/AMNRomania\" \/>\n\t\t<script type=\"application\/ld+json\" class=\"aioseo-schema\">\n\t\t\t{\"@context\":\"https:\\\/\\\/schema.org\",\"@graph\":[{\"@type\":\"BreadcrumbList\",\"@id\":\"https:\\\/\\\/amnromania.ro\\\/en\\\/activity\\\/ayurveda-conference\\\/#breadcrumblist\",\"itemListElement\":[{\"@type\":\"ListItem\",\"@id\":\"https:\\\/\\\/amnromania.ro\\\/en\\\/#listItem\",\"position\":1,\"name\":\"Home\",\"item\":\"https:\\\/\\\/amnromania.ro\\\/en\\\/\",\"nextItem\":\"https:\\\/\\\/amnromania.ro\\\/en\\\/activity\\\/#listItem\"},{\"@type\":\"ListItem\",\"@id\":\"https:\\\/\\\/amnromania.ro\\\/en\\\/activity\\\/#listItem\",\"position\":2,\"name\":\"Activitate\",\"item\":\"https:\\\/\\\/amnromania.ro\\\/en\\\/activity\\\/\",\"nextItem\":\"https:\\\/\\\/amnromania.ro\\\/en\\\/activity\\\/ayurveda-conference\\\/#listItem\",\"previousItem\":\"https:\\\/\\\/amnromania.ro\\\/en\\\/#listItem\"},{\"@type\":\"ListItem\",\"@id\":\"https:\\\/\\\/amnromania.ro\\\/en\\\/activity\\\/ayurveda-conference\\\/#listItem\",\"position\":3,\"name\":\"Conferinte de Ayurveda\",\"previousItem\":\"https:\\\/\\\/amnromania.ro\\\/en\\\/activity\\\/#listItem\"}]},{\"@type\":\"Organization\",\"@id\":\"https:\\\/\\\/amnromania.ro\\\/en\\\/#organization\",\"name\":\"AMN Ayurveda Romania\",\"url\":\"https:\\\/\\\/amnromania.ro\\\/en\\\/\",\"logo\":{\"@type\":\"ImageObject\",\"url\":\"https:\\\/\\\/amnromania.ro\\\/ynorsyju\\\/2020\\\/10\\\/amn.png\",\"@id\":\"https:\\\/\\\/amnromania.ro\\\/en\\\/activity\\\/ayurveda-conference\\\/#organizationLogo\"},\"image\":{\"@id\":\"https:\\\/\\\/amnromania.ro\\\/en\\\/activity\\\/ayurveda-conference\\\/#organizationLogo\"},\"sameAs\":[\"https:\\\/\\\/www.facebook.com\\\/AMNRomania\",\"https:\\\/\\\/www.youtube.com\\\/channel\\\/UClfqKxiq_uZ11rthDIT3-BQ\\\/videos\"]},{\"@type\":\"WebPage\",\"@id\":\"https:\\\/\\\/amnromania.ro\\\/en\\\/activity\\\/ayurveda-conference\\\/#webpage\",\"url\":\"https:\\\/\\\/amnromania.ro\\\/en\\\/activity\\\/ayurveda-conference\\\/\",\"name\":\"Conferinte de Ayurveda | AMN Ayurveda ROM\\u00c2NIA\",\"description\":\"\\u00cen domeniul Ayurvedei avem de-a face cu o \\u015ftiin\\u0163\\u0103 tradi\\u0163ional\\u0103 vast\\u0103, care de\\u0163ine resurse remarcabile de cuno\\u015ftere cu privire la via\\u0163a fiin\\u0163ei umane \\u015fi cu privire la via\\u0163\\u0103, \\u00een general.\",\"inLanguage\":\"en-US\",\"isPartOf\":{\"@id\":\"https:\\\/\\\/amnromania.ro\\\/en\\\/#website\"},\"breadcrumb\":{\"@id\":\"https:\\\/\\\/amnromania.ro\\\/en\\\/activity\\\/ayurveda-conference\\\/#breadcrumblist\"},\"datePublished\":\"2020-11-07T09:16:50+02:00\",\"dateModified\":\"2022-03-28T20:46:28+02:00\"},{\"@type\":\"WebSite\",\"@id\":\"https:\\\/\\\/amnromania.ro\\\/en\\\/#website\",\"url\":\"https:\\\/\\\/amnromania.ro\\\/en\\\/\",\"name\":\"AMN Ayurveda ROM\\u00c2NIA\",\"description\":\"Asociatia Nationala pentru Promovarea Medicinelor Neconventionale\",\"inLanguage\":\"en-US\",\"publisher\":{\"@id\":\"https:\\\/\\\/amnromania.ro\\\/en\\\/#organization\"}}]}\n\t\t<\/script>\n\t\t<!-- All in One SEO Pro -->\r\n\t\t<title>Conferinte de Ayurveda | AMN Ayurveda ROM\u00c2NIA<\/title>\n\n","aioseo_head_json":{"title":"Conferinte de Ayurveda | AMN Ayurveda ROM\u00c2NIA","description":"\u00cen domeniul Ayurvedei avem de-a face cu o \u015ftiin\u0163\u0103 tradi\u0163ional\u0103 vast\u0103, care de\u0163ine resurse remarcabile de cuno\u015ftere cu privire la via\u0163a fiin\u0163ei umane \u015fi cu privire la via\u0163\u0103, \u00een general.","canonical_url":"https:\/\/amnromania.ro\/en\/activity\/ayurveda-conference\/","robots":"max-image-preview:large","keywords":"","webmasterTools":{"google-site-verification":"G-391X30D2FS","miscellaneous":""},"og:locale":"en_US","og:site_name":"AMN Ayurveda ROM\u00c2NIA | Asociatia Nationala pentru Promovarea Medicinelor Neconventionale","og:type":"article","og:title":"Conferinte de Ayurveda | AMN Ayurveda ROM\u00c2NIA","og:description":"\u00cen domeniul Ayurvedei avem de-a face cu o \u015ftiin\u0163\u0103 tradi\u0163ional\u0103 vast\u0103, care de\u0163ine resurse remarcabile de cuno\u015ftere cu privire la via\u0163a fiin\u0163ei umane \u015fi cu privire la via\u0163\u0103, \u00een general.","og:url":"https:\/\/amnromania.ro\/en\/activity\/ayurveda-conference\/","og:image":"https:\/\/amnromania.ro\/ynorsyju\/2021\/06\/Ayurveda-in-Romania-Vol.-2-Ro.jpg","og:image:secure_url":"https:\/\/amnromania.ro\/ynorsyju\/2021\/06\/Ayurveda-in-Romania-Vol.-2-Ro.jpg","article:published_time":"2020-11-07T09:16:50+00:00","article:modified_time":"2022-03-28T18:46:28+00:00","article:publisher":"https:\/\/www.facebook.com\/AMNRomania","schema":{"@context":"https:\/\/schema.org","@graph":[{"@type":"BreadcrumbList","@id":"https:\/\/amnromania.ro\/en\/activity\/ayurveda-conference\/#breadcrumblist","itemListElement":[{"@type":"ListItem","@id":"https:\/\/amnromania.ro\/en\/#listItem","position":1,"name":"Home","item":"https:\/\/amnromania.ro\/en\/","nextItem":"https:\/\/amnromania.ro\/en\/activity\/#listItem"},{"@type":"ListItem","@id":"https:\/\/amnromania.ro\/en\/activity\/#listItem","position":2,"name":"Activitate","item":"https:\/\/amnromania.ro\/en\/activity\/","nextItem":"https:\/\/amnromania.ro\/en\/activity\/ayurveda-conference\/#listItem","previousItem":"https:\/\/amnromania.ro\/en\/#listItem"},{"@type":"ListItem","@id":"https:\/\/amnromania.ro\/en\/activity\/ayurveda-conference\/#listItem","position":3,"name":"Conferinte de Ayurveda","previousItem":"https:\/\/amnromania.ro\/en\/activity\/#listItem"}]},{"@type":"Organization","@id":"https:\/\/amnromania.ro\/en\/#organization","name":"AMN Ayurveda Romania","url":"https:\/\/amnromania.ro\/en\/","logo":{"@type":"ImageObject","url":"https:\/\/amnromania.ro\/ynorsyju\/2020\/10\/amn.png","@id":"https:\/\/amnromania.ro\/en\/activity\/ayurveda-conference\/#organizationLogo"},"image":{"@id":"https:\/\/amnromania.ro\/en\/activity\/ayurveda-conference\/#organizationLogo"},"sameAs":["https:\/\/www.facebook.com\/AMNRomania","https:\/\/www.youtube.com\/channel\/UClfqKxiq_uZ11rthDIT3-BQ\/videos"]},{"@type":"WebPage","@id":"https:\/\/amnromania.ro\/en\/activity\/ayurveda-conference\/#webpage","url":"https:\/\/amnromania.ro\/en\/activity\/ayurveda-conference\/","name":"Conferinte de Ayurveda | AMN Ayurveda ROM\u00c2NIA","description":"\u00cen domeniul Ayurvedei avem de-a face cu o \u015ftiin\u0163\u0103 tradi\u0163ional\u0103 vast\u0103, care de\u0163ine resurse remarcabile de cuno\u015ftere cu privire la via\u0163a fiin\u0163ei umane \u015fi cu privire la via\u0163\u0103, \u00een general.","inLanguage":"en-US","isPartOf":{"@id":"https:\/\/amnromania.ro\/en\/#website"},"breadcrumb":{"@id":"https:\/\/amnromania.ro\/en\/activity\/ayurveda-conference\/#breadcrumblist"},"datePublished":"2020-11-07T09:16:50+02:00","dateModified":"2022-03-28T20:46:28+02:00"},{"@type":"WebSite","@id":"https:\/\/amnromania.ro\/en\/#website","url":"https:\/\/amnromania.ro\/en\/","name":"AMN Ayurveda ROM\u00c2NIA","description":"Asociatia Nationala pentru Promovarea Medicinelor Neconventionale","inLanguage":"en-US","publisher":{"@id":"https:\/\/amnromania.ro\/en\/#organization"}}]}},"aioseo_meta_data":{"post_id":"3528","title":null,"description":"\u00cen domeniul Ayurvedei avem de-a face cu o \u015ftiin\u0163\u0103 tradi\u0163ional\u0103 vast\u0103, care de\u0163ine resurse remarcabile de cuno\u015ftere cu privire la via\u0163a fiin\u0163ei umane \u015fi cu privire la via\u0163\u0103, \u00een general.","keywords":null,"keyphrases":null,"primary_term":null,"canonical_url":null,"og_title":null,"og_description":null,"og_object_type":"default","og_image_type":"default","og_image_url":null,"og_image_width":null,"og_image_height":null,"og_image_custom_url":null,"og_image_custom_fields":null,"og_video":null,"og_custom_url":null,"og_article_section":null,"og_article_tags":null,"twitter_use_og":false,"twitter_card":"default","twitter_image_type":"default","twitter_image_url":null,"twitter_image_custom_url":null,"twitter_image_custom_fields":null,"twitter_title":null,"twitter_description":null,"schema":{"blockGraphs":[],"customGraphs":[],"default":{"data":{"Article":[],"Course":[],"Dataset":[],"FAQPage":[],"Movie":[],"Person":[],"Product":[],"Recipe":[],"Service":[],"SoftwareApplication":[],"WebPage":[]},"graphName":"WebPage","isEnabled":true},"graphs":[]},"schema_type":null,"schema_type_options":null,"pillar_content":false,"robots_default":true,"robots_noindex":false,"robots_noarchive":false,"robots_nosnippet":false,"robots_nofollow":false,"robots_noimageindex":false,"robots_noodp":false,"robots_notranslate":false,"robots_max_snippet":null,"robots_max_videopreview":null,"robots_max_imagepreview":"large","priority":null,"frequency":null,"local_seo":null,"limit_modified_date":false,"open_ai":null,"created":"2020-12-21 07:24:39","updated":"2024-01-28 10:49:14"},"aioseo_breadcrumb":"<div class=\"aioseo-breadcrumbs\"><span class=\"aioseo-breadcrumb\">\n\t<a href=\"https:\/\/amnromania.ro\/en\" title=\"Home\">Home<\/a>\n<\/span><span class=\"aioseo-breadcrumb-separator\">&raquo;<\/span><span class=\"aioseo-breadcrumb\">\n\t<a href=\"https:\/\/amnromania.ro\/en\/activity\/\" title=\"Activitate\">Activitate<\/a>\n<\/span><span class=\"aioseo-breadcrumb-separator\">&raquo;<\/span><span class=\"aioseo-breadcrumb\">\n\tConferinte de Ayurveda\n<\/span><\/div>","aioseo_breadcrumb_json":[{"label":"Home","link":"https:\/\/amnromania.ro\/en"},{"label":"Activitate","link":"https:\/\/amnromania.ro\/en\/activity\/"},{"label":"Conferinte de Ayurveda","link":"https:\/\/amnromania.ro\/en\/activity\/ayurveda-conference\/"}],"_links":{"self":[{"href":"https:\/\/amnromania.ro\/en\/wp-json\/wp\/v2\/pages\/3528","targetHints":{"allow":["GET"]}}],"collection":[{"href":"https:\/\/amnromania.ro\/en\/wp-json\/wp\/v2\/pages"}],"about":[{"href":"https:\/\/amnromania.ro\/en\/wp-json\/wp\/v2\/types\/page"}],"author":[{"embeddable":true,"href":"https:\/\/amnromania.ro\/en\/wp-json\/wp\/v2\/users\/1"}],"replies":[{"embeddable":true,"href":"https:\/\/amnromania.ro\/en\/wp-json\/wp\/v2\/comments?post=3528"}],"version-history":[{"count":0,"href":"https:\/\/amnromania.ro\/en\/wp-json\/wp\/v2\/pages\/3528\/revisions"}],"up":[{"embeddable":true,"href":"https:\/\/amnromania.ro\/en\/wp-json\/wp\/v2\/pages\/110"}],"wp:attachment":[{"href":"https:\/\/amnromania.ro\/en\/wp-json\/wp\/v2\/media?parent=3528"}],"curies":[{"name":"wp","href":"https:\/\/api.w.org\/{rel}","templated":true}]}}