{"id":3494,"date":"2020-11-07T08:59:53","date_gmt":"2020-11-07T08:59:53","guid":{"rendered":"https:\/\/amnromania.ro\/?page_id=3494"},"modified":"2020-11-08T21:08:42","modified_gmt":"2020-11-08T21:08:42","slug":"bodyweight","status":"publish","type":"page","link":"https:\/\/amnromania.ro\/en\/fields\/psychotherapy\/bodyweight\/","title":{"rendered":"Body weight"},"content":{"rendered":"<div data-elementor-type=\"wp-page\" data-elementor-id=\"3494\" class=\"elementor elementor-3494\" data-elementor-post-type=\"page\">\n\t\t\t\t\t\t<section class=\"elementor-section elementor-top-section elementor-element elementor-element-979eed8 elementor-section-boxed elementor-section-height-default elementor-section-height-default\" data-id=\"979eed8\" data-element_type=\"section\">\n\t\t\t\t\t\t<div class=\"elementor-container elementor-column-gap-default\">\n\t\t\t\t\t<div class=\"elementor-column elementor-col-50 elementor-top-column elementor-element elementor-element-14f738e\" data-id=\"14f738e\" data-element_type=\"column\">\n\t\t\t<div class=\"elementor-widget-wrap elementor-element-populated\">\n\t\t\t\t\t\t<div class=\"elementor-element elementor-element-c1a270f elementor-nav-menu__align-start elementor-nav-menu__text-align-center elementor-nav-menu--dropdown-tablet elementor-nav-menu--toggle elementor-nav-menu--burger elementor-widget elementor-widget-global elementor-global-2418 elementor-widget-nav-menu\" data-id=\"c1a270f\" data-element_type=\"widget\" data-settings=\"{&quot;layout&quot;:&quot;vertical&quot;,&quot;submenu_icon&quot;:{&quot;value&quot;:&quot;fas fa-caret-down&quot;,&quot;library&quot;:&quot;fa-solid&quot;},&quot;toggle&quot;:&quot;burger&quot;}\" data-widget_type=\"nav-menu.default\">\n\t\t\t\t<div class=\"elementor-widget-container\">\n\t\t\t\t\t\t\t\t<nav aria-label=\"Menu\" class=\"elementor-nav-menu--main elementor-nav-menu__container elementor-nav-menu--layout-vertical e--pointer-background e--animation-fade\">\n\t\t\t\t<ul id=\"menu-1-c1a270f\" class=\"elementor-nav-menu sm-vertical\"><li class=\"menu-item menu-item-type-post_type menu-item-object-page menu-item-2414\"><a href=\"https:\/\/amnromania.ro\/en\/fields\/aromatherapy-2\/\" class=\"elementor-item\">Aromatherapy<\/a><\/li>\n<li class=\"menu-item menu-item-type-post_type menu-item-object-page menu-item-3268\"><a href=\"https:\/\/amnromania.ro\/en\/fields\/apitherapy\/\" class=\"elementor-item\">Apitherapy<\/a><\/li>\n<li class=\"menu-item menu-item-type-post_type menu-item-object-page menu-item-2412\"><a href=\"https:\/\/amnromania.ro\/en\/fields\/crystal-therapy\/\" class=\"elementor-item\">Crystal therapy<\/a><\/li>\n<li class=\"menu-item menu-item-type-post_type menu-item-object-page menu-item-2413\"><a href=\"https:\/\/amnromania.ro\/en\/fields\/chromotherapy\/\" class=\"elementor-item\">Chromotherapy<\/a><\/li>\n<li class=\"menu-item menu-item-type-post_type menu-item-object-page menu-item-3269\"><a href=\"https:\/\/amnromania.ro\/en\/fields\/dermotherapy\/\" class=\"elementor-item\">Dermotherapy<\/a><\/li>\n<li class=\"menu-item menu-item-type-post_type menu-item-object-page menu-item-3267\"><a href=\"https:\/\/amnromania.ro\/en\/fields\/diet-therapy\/\" class=\"elementor-item\">Dietotherapy<\/a><\/li>\n<li class=\"menu-item menu-item-type-post_type menu-item-object-page menu-item-3266\"><a href=\"https:\/\/amnromania.ro\/en\/fields\/phytotherapy\/\" class=\"elementor-item\">Phytotherapy<\/a><\/li>\n<li class=\"menu-item menu-item-type-post_type menu-item-object-page menu-item-3265\"><a href=\"https:\/\/amnromania.ro\/en\/fields\/floritherapy\/\" class=\"elementor-item\">Floritherapy<\/a><\/li>\n<li class=\"menu-item menu-item-type-post_type menu-item-object-page menu-item-3264\"><a href=\"https:\/\/amnromania.ro\/en\/fields\/hydrotherapy\/\" class=\"elementor-item\">Hydrotherapy<\/a><\/li>\n<li class=\"menu-item menu-item-type-post_type menu-item-object-page menu-item-3263\"><a href=\"https:\/\/amnromania.ro\/en\/fields\/weather-therapy\/\" class=\"elementor-item\">Meteorotherapy<\/a><\/li>\n<li class=\"menu-item menu-item-type-post_type menu-item-object-page menu-item-3262\"><a href=\"https:\/\/amnromania.ro\/en\/fields\/music-therapy\/\" class=\"elementor-item\">Music therapy<\/a><\/li>\n<li class=\"menu-item menu-item-type-post_type menu-item-object-page menu-item-3261\"><a href=\"https:\/\/amnromania.ro\/en\/fields\/psychotherapy\/\" class=\"elementor-item\">Psychotherapy<\/a><\/li>\n<li class=\"menu-item menu-item-type-post_type menu-item-object-page menu-item-3260\"><a href=\"https:\/\/amnromania.ro\/en\/fields\/thermotherapy\/\" class=\"elementor-item\">Thermotherapy<\/a><\/li>\n<li class=\"menu-item menu-item-type-post_type menu-item-object-page menu-item-3259\"><a href=\"https:\/\/amnromania.ro\/en\/fields\/humour-therapy\/\" class=\"elementor-item\">Humor Therapy<\/a><\/li>\n<\/ul>\t\t\t<\/nav>\n\t\t\t\t\t<div class=\"elementor-menu-toggle\" role=\"button\" tabindex=\"0\" aria-label=\"Toggle menu\" aria-expanded=\"false\">\n\t\t\t<i aria-hidden=\"true\" role=\"presentation\" class=\"elementor-menu-toggle__icon--open eicon-menu-bar\"><\/i><i aria-hidden=\"true\" role=\"presentation\" class=\"elementor-menu-toggle__icon--close eicon-close\"><\/i>\t\t<\/div>\n\t\t\t\t\t<nav class=\"elementor-nav-menu--dropdown elementor-nav-menu__container\" aria-hidden=\"true\">\n\t\t\t\t<ul id=\"menu-2-c1a270f\" class=\"elementor-nav-menu sm-vertical\"><li class=\"menu-item menu-item-type-post_type menu-item-object-page menu-item-2414\"><a href=\"https:\/\/amnromania.ro\/en\/fields\/aromatherapy-2\/\" class=\"elementor-item\" tabindex=\"-1\">Aromatherapy<\/a><\/li>\n<li class=\"menu-item menu-item-type-post_type menu-item-object-page menu-item-3268\"><a href=\"https:\/\/amnromania.ro\/en\/fields\/apitherapy\/\" class=\"elementor-item\" tabindex=\"-1\">Apitherapy<\/a><\/li>\n<li class=\"menu-item menu-item-type-post_type menu-item-object-page menu-item-2412\"><a href=\"https:\/\/amnromania.ro\/en\/fields\/crystal-therapy\/\" class=\"elementor-item\" tabindex=\"-1\">Crystal therapy<\/a><\/li>\n<li class=\"menu-item menu-item-type-post_type menu-item-object-page menu-item-2413\"><a href=\"https:\/\/amnromania.ro\/en\/fields\/chromotherapy\/\" class=\"elementor-item\" tabindex=\"-1\">Chromotherapy<\/a><\/li>\n<li class=\"menu-item menu-item-type-post_type menu-item-object-page menu-item-3269\"><a href=\"https:\/\/amnromania.ro\/en\/fields\/dermotherapy\/\" class=\"elementor-item\" tabindex=\"-1\">Dermotherapy<\/a><\/li>\n<li class=\"menu-item menu-item-type-post_type menu-item-object-page menu-item-3267\"><a href=\"https:\/\/amnromania.ro\/en\/fields\/diet-therapy\/\" class=\"elementor-item\" tabindex=\"-1\">Dietotherapy<\/a><\/li>\n<li class=\"menu-item menu-item-type-post_type menu-item-object-page menu-item-3266\"><a href=\"https:\/\/amnromania.ro\/en\/fields\/phytotherapy\/\" class=\"elementor-item\" tabindex=\"-1\">Phytotherapy<\/a><\/li>\n<li class=\"menu-item menu-item-type-post_type menu-item-object-page menu-item-3265\"><a href=\"https:\/\/amnromania.ro\/en\/fields\/floritherapy\/\" class=\"elementor-item\" tabindex=\"-1\">Floritherapy<\/a><\/li>\n<li class=\"menu-item menu-item-type-post_type menu-item-object-page menu-item-3264\"><a href=\"https:\/\/amnromania.ro\/en\/fields\/hydrotherapy\/\" class=\"elementor-item\" tabindex=\"-1\">Hydrotherapy<\/a><\/li>\n<li class=\"menu-item menu-item-type-post_type menu-item-object-page menu-item-3263\"><a href=\"https:\/\/amnromania.ro\/en\/fields\/weather-therapy\/\" class=\"elementor-item\" tabindex=\"-1\">Meteorotherapy<\/a><\/li>\n<li class=\"menu-item menu-item-type-post_type menu-item-object-page menu-item-3262\"><a href=\"https:\/\/amnromania.ro\/en\/fields\/music-therapy\/\" class=\"elementor-item\" tabindex=\"-1\">Music therapy<\/a><\/li>\n<li class=\"menu-item menu-item-type-post_type menu-item-object-page menu-item-3261\"><a href=\"https:\/\/amnromania.ro\/en\/fields\/psychotherapy\/\" class=\"elementor-item\" tabindex=\"-1\">Psychotherapy<\/a><\/li>\n<li class=\"menu-item menu-item-type-post_type menu-item-object-page menu-item-3260\"><a href=\"https:\/\/amnromania.ro\/en\/fields\/thermotherapy\/\" class=\"elementor-item\" tabindex=\"-1\">Thermotherapy<\/a><\/li>\n<li class=\"menu-item menu-item-type-post_type menu-item-object-page menu-item-3259\"><a href=\"https:\/\/amnromania.ro\/en\/fields\/humour-therapy\/\" class=\"elementor-item\" tabindex=\"-1\">Humor Therapy<\/a><\/li>\n<\/ul>\t\t\t<\/nav>\n\t\t\t\t\t\t<\/div>\n\t\t\t\t<\/div>\n\t\t\t\t\t<\/div>\n\t\t<\/div>\n\t\t\t\t<div class=\"elementor-column elementor-col-50 elementor-top-column elementor-element elementor-element-afd8865\" data-id=\"afd8865\" data-element_type=\"column\">\n\t\t\t<div class=\"elementor-widget-wrap elementor-element-populated\">\n\t\t\t\t\t\t<div class=\"elementor-element elementor-element-2382e69 elementor-widget elementor-widget-text-editor\" data-id=\"2382e69\" data-element_type=\"widget\" data-widget_type=\"text-editor.default\">\n\t\t\t\t<div class=\"elementor-widget-container\">\n\t\t\t\t\t\t\t\t\t<h1 class=\"Normal P-15\" style=\"text-align: center;\"><strong><span class=\"C-13\" style=\"color: #008000;\">BODY WEIGHT AND LONGEVITY<\/span><\/strong><\/h1><p class=\"Normal P-16\"><span class=\"C-14\"><br \/>British researchers recently found a surprising fact about the link between human body weight and longevity. The British researchers found that long human life is reserved mostly for people who are slightly overweight and somewhat less for those whose body weight is calculated according to current optimal standards. S-<wbr \/>observed that, according to statistics, slightly overweight people have a survival rate up to 6% higher than those with a weight so-<wbr \/>so-called normal or \"optimal\".<\/span><\/p><p class=\"Normal P-16\"><span class=\"C-14\">Examining the causes of this phenomenon, surprising at first glance, British researchers have discovered two aspects that may explain the longevity benefits of a slight excess body weight.<\/span><\/p><p class=\"Normal P-16\"><span class=\"C-14\">The first reason is that those who are slightly heavier than the standard body weight also have greater vitality. Increased vitality is determined by the slight extra weight only as long as the being does not exceed a certain threshold of excess weight and thus does not end up facing the disadvantages that usually over-<wbr \/>excessive corpulence brings them. Thus, researchers have found that such individuals with a small body weight in excess of the standard can successfully cope with mild imbalances, which usually require even more attention to environmental factors or a healthy lifestyle to remedy. We add to this first conclusion the observation that, according to the traditional data provided by the millenary science of Ayurveda, vitality can currently counterbalance up to<wbr \/>to a certain degree, possible slight imbalances of vital factors (dosha), as long as the degree of disturbance of the dosha-<wbr \/>urges does not go beyond the first phase, that of accumulation (sancaya), which is described in Ayurveda as a reversible condition.<\/span><\/p><p class=\"Normal P-16\"><span class=\"C-14\">Another reason for the advantage of having a little extra body weight for longevity is that in case of illness the body has more resources and natural reserves for natural regeneration. In Ayurveda it is known that in times of illness the body's individual vital energy potential (bala) tends to be strained and thus can become considerably diminished due to illness. The vital potential (bala) is essential in the natural healing process, so that the depletion of energy resources from the standard threshold can, under these conditions, delay natural healing, even in the case of slight imbalances for people with standard body weight. However, for those with a body weight slightly above standard the vital potential is considerably higher. British researchers have also found that in<wbr \/>Indeed, those with a body weight that is slightly above the standard values have sufficient vital reserves to overcome such difficult periods by using these extra resources of vitality that the small excess weight gives them for natural regeneration and healing.<\/span><\/p><p class=\"Normal P-16\"><span class=\"C-14\">Therefore, based on these remarkable observations confirming some of the traditional Ayurvedic recommendations, we can further state that, according to Ayurvedic teachings, the assessment of the optimal human body weight needs to be made mainly from the perspective of the wise use of vital reserves and not only from the limited perspective of the strict assessment of body weight against a certain standard, calculated by measuring it exclusively under normal conditions. This remarkable observation by British researchers highlights the practical value of traditional Ayurvedic advice and recommendations regarding the \"small healthy surplus of body weight\", which is found especially in human beings with a harmonious constitutional predominance of kapha dosha or, more generally, in those who, by natural means, manage to have and maintain a body weight slightly above the value calculated according to body height.<\/span><\/p>\t\t\t\t\t\t\t\t<\/div>\n\t\t\t\t<\/div>\n\t\t\t\t\t<\/div>\n\t\t<\/div>\n\t\t\t\t\t<\/div>\n\t\t<\/section>\n\t\t\t\t<\/div>","protected":false},"excerpt":{"rendered":"<p>BODY WEIGHT AND LONGEVITY British researchers recently found a surprising fact about the link between human body weight and longevity. British researchers have found that long human life is reserved mostly for people with a small excess weight and somewhat less for those with a body weight that is calculated according to the standards [...]<\/p>","protected":false},"author":1,"featured_media":0,"parent":3242,"menu_order":0,"comment_status":"closed","ping_status":"closed","template":"","meta":{"_mi_skip_tracking":false,"_analytify_skip_tracking":false,"footnotes":""},"class_list":["post-3494","page","type-page","status-publish","hentry"],"aioseo_notices":[],"aioseo_head":"\n\t\t<!-- All in One SEO Pro 4.7.0 - aioseo.com -->\n\t\t<meta name=\"description\" content=\"Vitalitatea m\u0103rit\u0103 este determinat\u0103 de u\u015foara greutate \u00een plus doar at\u00e2t timp c\u00e2t fiin\u0163a nu dep\u0103\u015fe\u015fte un anumit prag de surplus al greut\u0103\u0163ii\" \/>\n\t\t<meta name=\"robots\" content=\"max-image-preview:large\" \/>\n\t\t<meta name=\"google-site-verification\" content=\"G-391X30D2FS\" \/>\n\t\t<link rel=\"canonical\" href=\"https:\/\/amnromania.ro\/en\/fields\/psychotherapy\/bodyweight\/\" \/>\n\t\t<meta name=\"generator\" content=\"All in One SEO Pro (AIOSEO) 4.7.0\" \/>\n\t\t<meta property=\"og:locale\" content=\"en_US\" \/>\n\t\t<meta property=\"og:site_name\" content=\"AMN Ayurveda ROM\u00c2NIA | Asociatia Nationala pentru Promovarea Medicinelor Neconventionale\" \/>\n\t\t<meta property=\"og:type\" content=\"article\" \/>\n\t\t<meta property=\"og:title\" content=\"Greutatea corporala | AMN Ayurveda ROM\u00c2NIA\" \/>\n\t\t<meta property=\"og:description\" content=\"Vitalitatea m\u0103rit\u0103 este determinat\u0103 de u\u015foara greutate \u00een plus doar at\u00e2t timp c\u00e2t fiin\u0163a nu dep\u0103\u015fe\u015fte un anumit prag de surplus al greut\u0103\u0163ii\" \/>\n\t\t<meta property=\"og:url\" content=\"https:\/\/amnromania.ro\/en\/fields\/psychotherapy\/bodyweight\/\" \/>\n\t\t<meta property=\"og:image\" content=\"https:\/\/amnromania.ro\/ynorsyju\/2021\/06\/Ayurveda-in-Romania-Vol.-2-Ro.jpg\" \/>\n\t\t<meta property=\"og:image:secure_url\" content=\"https:\/\/amnromania.ro\/ynorsyju\/2021\/06\/Ayurveda-in-Romania-Vol.-2-Ro.jpg\" \/>\n\t\t<meta property=\"article:published_time\" content=\"2020-11-07T08:59:53+00:00\" \/>\n\t\t<meta property=\"article:modified_time\" content=\"2020-11-08T21:08:42+00:00\" \/>\n\t\t<meta property=\"article:publisher\" content=\"https:\/\/www.facebook.com\/AMNRomania\" \/>\n\t\t<script type=\"application\/ld+json\" class=\"aioseo-schema\">\n\t\t\t{\"@context\":\"https:\\\/\\\/schema.org\",\"@graph\":[{\"@type\":\"BreadcrumbList\",\"@id\":\"https:\\\/\\\/amnromania.ro\\\/en\\\/fields\\\/psychotherapy\\\/bodyweight\\\/#breadcrumblist\",\"itemListElement\":[{\"@type\":\"ListItem\",\"@id\":\"https:\\\/\\\/amnromania.ro\\\/en\\\/#listItem\",\"position\":1,\"name\":\"Home\",\"item\":\"https:\\\/\\\/amnromania.ro\\\/en\\\/\",\"nextItem\":\"https:\\\/\\\/amnromania.ro\\\/en\\\/fields\\\/#listItem\"},{\"@type\":\"ListItem\",\"@id\":\"https:\\\/\\\/amnromania.ro\\\/en\\\/fields\\\/#listItem\",\"position\":2,\"name\":\"Domenii\",\"item\":\"https:\\\/\\\/amnromania.ro\\\/en\\\/fields\\\/\",\"nextItem\":\"https:\\\/\\\/amnromania.ro\\\/en\\\/fields\\\/psychotherapy\\\/#listItem\",\"previousItem\":\"https:\\\/\\\/amnromania.ro\\\/en\\\/#listItem\"},{\"@type\":\"ListItem\",\"@id\":\"https:\\\/\\\/amnromania.ro\\\/en\\\/fields\\\/psychotherapy\\\/#listItem\",\"position\":3,\"name\":\"Psihoterapie\",\"item\":\"https:\\\/\\\/amnromania.ro\\\/en\\\/fields\\\/psychotherapy\\\/\",\"nextItem\":\"https:\\\/\\\/amnromania.ro\\\/en\\\/fields\\\/psychotherapy\\\/bodyweight\\\/#listItem\",\"previousItem\":\"https:\\\/\\\/amnromania.ro\\\/en\\\/fields\\\/#listItem\"},{\"@type\":\"ListItem\",\"@id\":\"https:\\\/\\\/amnromania.ro\\\/en\\\/fields\\\/psychotherapy\\\/bodyweight\\\/#listItem\",\"position\":4,\"name\":\"Greutatea corporala\",\"previousItem\":\"https:\\\/\\\/amnromania.ro\\\/en\\\/fields\\\/psychotherapy\\\/#listItem\"}]},{\"@type\":\"Organization\",\"@id\":\"https:\\\/\\\/amnromania.ro\\\/en\\\/#organization\",\"name\":\"AMN Ayurveda Romania\",\"url\":\"https:\\\/\\\/amnromania.ro\\\/en\\\/\",\"logo\":{\"@type\":\"ImageObject\",\"url\":\"https:\\\/\\\/amnromania.ro\\\/ynorsyju\\\/2020\\\/10\\\/amn.png\",\"@id\":\"https:\\\/\\\/amnromania.ro\\\/en\\\/fields\\\/psychotherapy\\\/bodyweight\\\/#organizationLogo\"},\"image\":{\"@id\":\"https:\\\/\\\/amnromania.ro\\\/en\\\/fields\\\/psychotherapy\\\/bodyweight\\\/#organizationLogo\"},\"sameAs\":[\"https:\\\/\\\/www.facebook.com\\\/AMNRomania\",\"https:\\\/\\\/www.youtube.com\\\/channel\\\/UClfqKxiq_uZ11rthDIT3-BQ\\\/videos\"]},{\"@type\":\"WebPage\",\"@id\":\"https:\\\/\\\/amnromania.ro\\\/en\\\/fields\\\/psychotherapy\\\/bodyweight\\\/#webpage\",\"url\":\"https:\\\/\\\/amnromania.ro\\\/en\\\/fields\\\/psychotherapy\\\/bodyweight\\\/\",\"name\":\"Greutatea corporala | AMN Ayurveda ROM\\u00c2NIA\",\"description\":\"Vitalitatea m\\u0103rit\\u0103 este determinat\\u0103 de u\\u015foara greutate \\u00een plus doar at\\u00e2t timp c\\u00e2t fiin\\u0163a nu dep\\u0103\\u015fe\\u015fte un anumit prag de surplus al greut\\u0103\\u0163ii\",\"inLanguage\":\"en-US\",\"isPartOf\":{\"@id\":\"https:\\\/\\\/amnromania.ro\\\/en\\\/#website\"},\"breadcrumb\":{\"@id\":\"https:\\\/\\\/amnromania.ro\\\/en\\\/fields\\\/psychotherapy\\\/bodyweight\\\/#breadcrumblist\"},\"datePublished\":\"2020-11-07T08:59:53+02:00\",\"dateModified\":\"2020-11-08T21:08:42+02:00\"},{\"@type\":\"WebSite\",\"@id\":\"https:\\\/\\\/amnromania.ro\\\/en\\\/#website\",\"url\":\"https:\\\/\\\/amnromania.ro\\\/en\\\/\",\"name\":\"AMN Ayurveda ROM\\u00c2NIA\",\"description\":\"Asociatia Nationala pentru Promovarea Medicinelor Neconventionale\",\"inLanguage\":\"en-US\",\"publisher\":{\"@id\":\"https:\\\/\\\/amnromania.ro\\\/en\\\/#organization\"}}]}\n\t\t<\/script>\n\t\t<!-- All in One SEO Pro -->\r\n\t\t<title>Greutatea corporala | AMN Ayurveda ROM\u00c2NIA<\/title>\n\n","aioseo_head_json":{"title":"Greutatea corporala | AMN Ayurveda ROM\u00c2NIA","description":"Vitalitatea m\u0103rit\u0103 este determinat\u0103 de u\u015foara greutate \u00een plus doar at\u00e2t timp c\u00e2t fiin\u0163a nu dep\u0103\u015fe\u015fte un anumit prag de surplus al greut\u0103\u0163ii","canonical_url":"https:\/\/amnromania.ro\/en\/fields\/psychotherapy\/bodyweight\/","robots":"max-image-preview:large","keywords":"","webmasterTools":{"google-site-verification":"G-391X30D2FS","miscellaneous":""},"og:locale":"en_US","og:site_name":"AMN Ayurveda ROM\u00c2NIA | Asociatia Nationala pentru Promovarea Medicinelor Neconventionale","og:type":"article","og:title":"Greutatea corporala | AMN Ayurveda ROM\u00c2NIA","og:description":"Vitalitatea m\u0103rit\u0103 este determinat\u0103 de u\u015foara greutate \u00een plus doar at\u00e2t timp c\u00e2t fiin\u0163a nu dep\u0103\u015fe\u015fte un anumit prag de surplus al greut\u0103\u0163ii","og:url":"https:\/\/amnromania.ro\/en\/fields\/psychotherapy\/bodyweight\/","og:image":"https:\/\/amnromania.ro\/ynorsyju\/2021\/06\/Ayurveda-in-Romania-Vol.-2-Ro.jpg","og:image:secure_url":"https:\/\/amnromania.ro\/ynorsyju\/2021\/06\/Ayurveda-in-Romania-Vol.-2-Ro.jpg","article:published_time":"2020-11-07T08:59:53+00:00","article:modified_time":"2020-11-08T21:08:42+00:00","article:publisher":"https:\/\/www.facebook.com\/AMNRomania","schema":{"@context":"https:\/\/schema.org","@graph":[{"@type":"BreadcrumbList","@id":"https:\/\/amnromania.ro\/en\/fields\/psychotherapy\/bodyweight\/#breadcrumblist","itemListElement":[{"@type":"ListItem","@id":"https:\/\/amnromania.ro\/en\/#listItem","position":1,"name":"Home","item":"https:\/\/amnromania.ro\/en\/","nextItem":"https:\/\/amnromania.ro\/en\/fields\/#listItem"},{"@type":"ListItem","@id":"https:\/\/amnromania.ro\/en\/fields\/#listItem","position":2,"name":"Domenii","item":"https:\/\/amnromania.ro\/en\/fields\/","nextItem":"https:\/\/amnromania.ro\/en\/fields\/psychotherapy\/#listItem","previousItem":"https:\/\/amnromania.ro\/en\/#listItem"},{"@type":"ListItem","@id":"https:\/\/amnromania.ro\/en\/fields\/psychotherapy\/#listItem","position":3,"name":"Psihoterapie","item":"https:\/\/amnromania.ro\/en\/fields\/psychotherapy\/","nextItem":"https:\/\/amnromania.ro\/en\/fields\/psychotherapy\/bodyweight\/#listItem","previousItem":"https:\/\/amnromania.ro\/en\/fields\/#listItem"},{"@type":"ListItem","@id":"https:\/\/amnromania.ro\/en\/fields\/psychotherapy\/bodyweight\/#listItem","position":4,"name":"Greutatea corporala","previousItem":"https:\/\/amnromania.ro\/en\/fields\/psychotherapy\/#listItem"}]},{"@type":"Organization","@id":"https:\/\/amnromania.ro\/en\/#organization","name":"AMN Ayurveda Romania","url":"https:\/\/amnromania.ro\/en\/","logo":{"@type":"ImageObject","url":"https:\/\/amnromania.ro\/ynorsyju\/2020\/10\/amn.png","@id":"https:\/\/amnromania.ro\/en\/fields\/psychotherapy\/bodyweight\/#organizationLogo"},"image":{"@id":"https:\/\/amnromania.ro\/en\/fields\/psychotherapy\/bodyweight\/#organizationLogo"},"sameAs":["https:\/\/www.facebook.com\/AMNRomania","https:\/\/www.youtube.com\/channel\/UClfqKxiq_uZ11rthDIT3-BQ\/videos"]},{"@type":"WebPage","@id":"https:\/\/amnromania.ro\/en\/fields\/psychotherapy\/bodyweight\/#webpage","url":"https:\/\/amnromania.ro\/en\/fields\/psychotherapy\/bodyweight\/","name":"Greutatea corporala | AMN Ayurveda ROM\u00c2NIA","description":"Vitalitatea m\u0103rit\u0103 este determinat\u0103 de u\u015foara greutate \u00een plus doar at\u00e2t timp c\u00e2t fiin\u0163a nu dep\u0103\u015fe\u015fte un anumit prag de surplus al greut\u0103\u0163ii","inLanguage":"en-US","isPartOf":{"@id":"https:\/\/amnromania.ro\/en\/#website"},"breadcrumb":{"@id":"https:\/\/amnromania.ro\/en\/fields\/psychotherapy\/bodyweight\/#breadcrumblist"},"datePublished":"2020-11-07T08:59:53+02:00","dateModified":"2020-11-08T21:08:42+02:00"},{"@type":"WebSite","@id":"https:\/\/amnromania.ro\/en\/#website","url":"https:\/\/amnromania.ro\/en\/","name":"AMN Ayurveda ROM\u00c2NIA","description":"Asociatia Nationala pentru Promovarea Medicinelor Neconventionale","inLanguage":"en-US","publisher":{"@id":"https:\/\/amnromania.ro\/en\/#organization"}}]}},"aioseo_meta_data":{"post_id":"3494","title":null,"description":"Vitalitatea m\u0103rit\u0103 este determinat\u0103 de u\u015foara greutate \u00een plus doar at\u00e2t timp c\u00e2t fiin\u0163a nu dep\u0103\u015fe\u015fte un anumit prag de surplus al greut\u0103\u0163ii","keywords":null,"keyphrases":null,"primary_term":null,"canonical_url":null,"og_title":null,"og_description":null,"og_object_type":"default","og_image_type":"default","og_image_url":null,"og_image_width":null,"og_image_height":null,"og_image_custom_url":null,"og_image_custom_fields":null,"og_video":null,"og_custom_url":null,"og_article_section":null,"og_article_tags":null,"twitter_use_og":false,"twitter_card":"default","twitter_image_type":"default","twitter_image_url":null,"twitter_image_custom_url":null,"twitter_image_custom_fields":null,"twitter_title":null,"twitter_description":null,"schema":{"blockGraphs":[],"customGraphs":[],"default":{"data":{"Article":[],"Course":[],"Dataset":[],"FAQPage":[],"Movie":[],"Person":[],"Product":[],"Recipe":[],"Service":[],"SoftwareApplication":[],"WebPage":[]},"graphName":"WebPage","isEnabled":true},"graphs":[]},"schema_type":null,"schema_type_options":null,"pillar_content":false,"robots_default":true,"robots_noindex":false,"robots_noarchive":false,"robots_nosnippet":false,"robots_nofollow":false,"robots_noimageindex":false,"robots_noodp":false,"robots_notranslate":false,"robots_max_snippet":null,"robots_max_videopreview":null,"robots_max_imagepreview":"large","priority":null,"frequency":null,"local_seo":null,"limit_modified_date":false,"open_ai":null,"created":"2020-12-21 07:24:39","updated":"2024-01-28 10:49:14"},"aioseo_breadcrumb":"<div class=\"aioseo-breadcrumbs\"><span class=\"aioseo-breadcrumb\">\n\t<a href=\"https:\/\/amnromania.ro\/en\" title=\"Home\">Home<\/a>\n<\/span><span class=\"aioseo-breadcrumb-separator\">&raquo;<\/span><span class=\"aioseo-breadcrumb\">\n\t<a href=\"https:\/\/amnromania.ro\/en\/fields\/\" title=\"Domenii\">Domenii<\/a>\n<\/span><span class=\"aioseo-breadcrumb-separator\">&raquo;<\/span><span class=\"aioseo-breadcrumb\">\n\t<a href=\"https:\/\/amnromania.ro\/en\/fields\/psychotherapy\/\" title=\"Psihoterapie\">Psihoterapie<\/a>\n<\/span><span class=\"aioseo-breadcrumb-separator\">&raquo;<\/span><span class=\"aioseo-breadcrumb\">\n\tGreutatea corporala\n<\/span><\/div>","aioseo_breadcrumb_json":[{"label":"Home","link":"https:\/\/amnromania.ro\/en"},{"label":"Domenii","link":"https:\/\/amnromania.ro\/en\/fields\/"},{"label":"Psihoterapie","link":"https:\/\/amnromania.ro\/en\/fields\/psychotherapy\/"},{"label":"Greutatea corporala","link":"https:\/\/amnromania.ro\/en\/fields\/psychotherapy\/bodyweight\/"}],"_links":{"self":[{"href":"https:\/\/amnromania.ro\/en\/wp-json\/wp\/v2\/pages\/3494","targetHints":{"allow":["GET"]}}],"collection":[{"href":"https:\/\/amnromania.ro\/en\/wp-json\/wp\/v2\/pages"}],"about":[{"href":"https:\/\/amnromania.ro\/en\/wp-json\/wp\/v2\/types\/page"}],"author":[{"embeddable":true,"href":"https:\/\/amnromania.ro\/en\/wp-json\/wp\/v2\/users\/1"}],"replies":[{"embeddable":true,"href":"https:\/\/amnromania.ro\/en\/wp-json\/wp\/v2\/comments?post=3494"}],"version-history":[{"count":0,"href":"https:\/\/amnromania.ro\/en\/wp-json\/wp\/v2\/pages\/3494\/revisions"}],"up":[{"embeddable":true,"href":"https:\/\/amnromania.ro\/en\/wp-json\/wp\/v2\/pages\/3242"}],"wp:attachment":[{"href":"https:\/\/amnromania.ro\/en\/wp-json\/wp\/v2\/media?parent=3494"}],"curies":[{"name":"wp","href":"https:\/\/api.w.org\/{rel}","templated":true}]}}