{"id":3465,"date":"2020-11-07T08:43:39","date_gmt":"2020-11-07T08:43:39","guid":{"rendered":"https:\/\/amnromania.ro\/?page_id=3465"},"modified":"2020-11-08T16:23:58","modified_gmt":"2020-11-08T16:23:58","slug":"sulphurous-waters","status":"publish","type":"page","link":"https:\/\/amnromania.ro\/en\/fields\/hydrotherapy\/sulphurous-waters\/","title":{"rendered":"Sulphurous waters"},"content":{"rendered":"<div data-elementor-type=\"wp-page\" data-elementor-id=\"3465\" class=\"elementor elementor-3465\" data-elementor-post-type=\"page\">\n\t\t\t\t\t\t<section class=\"elementor-section elementor-top-section elementor-element elementor-element-147b87b elementor-section-boxed elementor-section-height-default elementor-section-height-default\" data-id=\"147b87b\" data-element_type=\"section\">\n\t\t\t\t\t\t<div class=\"elementor-container elementor-column-gap-default\">\n\t\t\t\t\t<div class=\"elementor-column elementor-col-50 elementor-top-column elementor-element elementor-element-0cd1fb7\" data-id=\"0cd1fb7\" data-element_type=\"column\">\n\t\t\t<div class=\"elementor-widget-wrap elementor-element-populated\">\n\t\t\t\t\t\t<div class=\"elementor-element elementor-element-fb557a1 elementor-nav-menu__align-start elementor-nav-menu__text-align-center elementor-nav-menu--dropdown-tablet elementor-nav-menu--toggle elementor-nav-menu--burger elementor-widget elementor-widget-global elementor-global-2418 elementor-widget-nav-menu\" data-id=\"fb557a1\" data-element_type=\"widget\" data-settings=\"{&quot;layout&quot;:&quot;vertical&quot;,&quot;submenu_icon&quot;:{&quot;value&quot;:&quot;fas fa-caret-down&quot;,&quot;library&quot;:&quot;fa-solid&quot;},&quot;toggle&quot;:&quot;burger&quot;}\" data-widget_type=\"nav-menu.default\">\n\t\t\t\t<div class=\"elementor-widget-container\">\n\t\t\t\t\t\t\t\t<nav aria-label=\"Menu\" class=\"elementor-nav-menu--main elementor-nav-menu__container elementor-nav-menu--layout-vertical e--pointer-background e--animation-fade\">\n\t\t\t\t<ul id=\"menu-1-fb557a1\" class=\"elementor-nav-menu sm-vertical\"><li class=\"menu-item menu-item-type-post_type menu-item-object-page menu-item-2414\"><a href=\"https:\/\/amnromania.ro\/en\/fields\/aromatherapy-2\/\" class=\"elementor-item\">Aromatherapy<\/a><\/li>\n<li class=\"menu-item menu-item-type-post_type menu-item-object-page menu-item-3268\"><a href=\"https:\/\/amnromania.ro\/en\/fields\/apitherapy\/\" class=\"elementor-item\">Apitherapy<\/a><\/li>\n<li class=\"menu-item menu-item-type-post_type menu-item-object-page menu-item-2412\"><a href=\"https:\/\/amnromania.ro\/en\/fields\/crystal-therapy\/\" class=\"elementor-item\">Crystal therapy<\/a><\/li>\n<li class=\"menu-item menu-item-type-post_type menu-item-object-page menu-item-2413\"><a href=\"https:\/\/amnromania.ro\/en\/fields\/chromotherapy\/\" class=\"elementor-item\">Chromotherapy<\/a><\/li>\n<li class=\"menu-item menu-item-type-post_type menu-item-object-page menu-item-3269\"><a href=\"https:\/\/amnromania.ro\/en\/fields\/dermotherapy\/\" class=\"elementor-item\">Dermotherapy<\/a><\/li>\n<li class=\"menu-item menu-item-type-post_type menu-item-object-page menu-item-3267\"><a href=\"https:\/\/amnromania.ro\/en\/fields\/diet-therapy\/\" class=\"elementor-item\">Dietotherapy<\/a><\/li>\n<li class=\"menu-item menu-item-type-post_type menu-item-object-page menu-item-3266\"><a href=\"https:\/\/amnromania.ro\/en\/fields\/phytotherapy\/\" class=\"elementor-item\">Phytotherapy<\/a><\/li>\n<li class=\"menu-item menu-item-type-post_type menu-item-object-page menu-item-3265\"><a href=\"https:\/\/amnromania.ro\/en\/fields\/floritherapy\/\" class=\"elementor-item\">Floritherapy<\/a><\/li>\n<li class=\"menu-item menu-item-type-post_type menu-item-object-page menu-item-3264\"><a href=\"https:\/\/amnromania.ro\/en\/fields\/hydrotherapy\/\" class=\"elementor-item\">Hydrotherapy<\/a><\/li>\n<li class=\"menu-item menu-item-type-post_type menu-item-object-page menu-item-3263\"><a href=\"https:\/\/amnromania.ro\/en\/fields\/weather-therapy\/\" class=\"elementor-item\">Meteorotherapy<\/a><\/li>\n<li class=\"menu-item menu-item-type-post_type menu-item-object-page menu-item-3262\"><a href=\"https:\/\/amnromania.ro\/en\/fields\/music-therapy\/\" class=\"elementor-item\">Music therapy<\/a><\/li>\n<li class=\"menu-item menu-item-type-post_type menu-item-object-page menu-item-3261\"><a href=\"https:\/\/amnromania.ro\/en\/fields\/psychotherapy\/\" class=\"elementor-item\">Psychotherapy<\/a><\/li>\n<li class=\"menu-item menu-item-type-post_type menu-item-object-page menu-item-3260\"><a href=\"https:\/\/amnromania.ro\/en\/fields\/thermotherapy\/\" class=\"elementor-item\">Thermotherapy<\/a><\/li>\n<li class=\"menu-item menu-item-type-post_type menu-item-object-page menu-item-3259\"><a href=\"https:\/\/amnromania.ro\/en\/fields\/humour-therapy\/\" class=\"elementor-item\">Humor Therapy<\/a><\/li>\n<\/ul>\t\t\t<\/nav>\n\t\t\t\t\t<div class=\"elementor-menu-toggle\" role=\"button\" tabindex=\"0\" aria-label=\"Toggle menu\" aria-expanded=\"false\">\n\t\t\t<i aria-hidden=\"true\" role=\"presentation\" class=\"elementor-menu-toggle__icon--open eicon-menu-bar\"><\/i><i aria-hidden=\"true\" role=\"presentation\" class=\"elementor-menu-toggle__icon--close eicon-close\"><\/i>\t\t<\/div>\n\t\t\t\t\t<nav class=\"elementor-nav-menu--dropdown elementor-nav-menu__container\" aria-hidden=\"true\">\n\t\t\t\t<ul id=\"menu-2-fb557a1\" class=\"elementor-nav-menu sm-vertical\"><li class=\"menu-item menu-item-type-post_type menu-item-object-page menu-item-2414\"><a href=\"https:\/\/amnromania.ro\/en\/fields\/aromatherapy-2\/\" class=\"elementor-item\" tabindex=\"-1\">Aromatherapy<\/a><\/li>\n<li class=\"menu-item menu-item-type-post_type menu-item-object-page menu-item-3268\"><a href=\"https:\/\/amnromania.ro\/en\/fields\/apitherapy\/\" class=\"elementor-item\" tabindex=\"-1\">Apitherapy<\/a><\/li>\n<li class=\"menu-item menu-item-type-post_type menu-item-object-page menu-item-2412\"><a href=\"https:\/\/amnromania.ro\/en\/fields\/crystal-therapy\/\" class=\"elementor-item\" tabindex=\"-1\">Crystal therapy<\/a><\/li>\n<li class=\"menu-item menu-item-type-post_type menu-item-object-page menu-item-2413\"><a href=\"https:\/\/amnromania.ro\/en\/fields\/chromotherapy\/\" class=\"elementor-item\" tabindex=\"-1\">Chromotherapy<\/a><\/li>\n<li class=\"menu-item menu-item-type-post_type menu-item-object-page menu-item-3269\"><a href=\"https:\/\/amnromania.ro\/en\/fields\/dermotherapy\/\" class=\"elementor-item\" tabindex=\"-1\">Dermotherapy<\/a><\/li>\n<li class=\"menu-item menu-item-type-post_type menu-item-object-page menu-item-3267\"><a href=\"https:\/\/amnromania.ro\/en\/fields\/diet-therapy\/\" class=\"elementor-item\" tabindex=\"-1\">Dietotherapy<\/a><\/li>\n<li class=\"menu-item menu-item-type-post_type menu-item-object-page menu-item-3266\"><a href=\"https:\/\/amnromania.ro\/en\/fields\/phytotherapy\/\" class=\"elementor-item\" tabindex=\"-1\">Phytotherapy<\/a><\/li>\n<li class=\"menu-item menu-item-type-post_type menu-item-object-page menu-item-3265\"><a href=\"https:\/\/amnromania.ro\/en\/fields\/floritherapy\/\" class=\"elementor-item\" tabindex=\"-1\">Floritherapy<\/a><\/li>\n<li class=\"menu-item menu-item-type-post_type menu-item-object-page menu-item-3264\"><a href=\"https:\/\/amnromania.ro\/en\/fields\/hydrotherapy\/\" class=\"elementor-item\" tabindex=\"-1\">Hydrotherapy<\/a><\/li>\n<li class=\"menu-item menu-item-type-post_type menu-item-object-page menu-item-3263\"><a href=\"https:\/\/amnromania.ro\/en\/fields\/weather-therapy\/\" class=\"elementor-item\" tabindex=\"-1\">Meteorotherapy<\/a><\/li>\n<li class=\"menu-item menu-item-type-post_type menu-item-object-page menu-item-3262\"><a href=\"https:\/\/amnromania.ro\/en\/fields\/music-therapy\/\" class=\"elementor-item\" tabindex=\"-1\">Music therapy<\/a><\/li>\n<li class=\"menu-item menu-item-type-post_type menu-item-object-page menu-item-3261\"><a href=\"https:\/\/amnromania.ro\/en\/fields\/psychotherapy\/\" class=\"elementor-item\" tabindex=\"-1\">Psychotherapy<\/a><\/li>\n<li class=\"menu-item menu-item-type-post_type menu-item-object-page menu-item-3260\"><a href=\"https:\/\/amnromania.ro\/en\/fields\/thermotherapy\/\" class=\"elementor-item\" tabindex=\"-1\">Thermotherapy<\/a><\/li>\n<li class=\"menu-item menu-item-type-post_type menu-item-object-page menu-item-3259\"><a href=\"https:\/\/amnromania.ro\/en\/fields\/humour-therapy\/\" class=\"elementor-item\" tabindex=\"-1\">Humor Therapy<\/a><\/li>\n<\/ul>\t\t\t<\/nav>\n\t\t\t\t\t\t<\/div>\n\t\t\t\t<\/div>\n\t\t\t\t\t<\/div>\n\t\t<\/div>\n\t\t\t\t<div class=\"elementor-column elementor-col-50 elementor-top-column elementor-element elementor-element-fe63fdc\" data-id=\"fe63fdc\" data-element_type=\"column\">\n\t\t\t<div class=\"elementor-widget-wrap elementor-element-populated\">\n\t\t\t\t\t\t<div class=\"elementor-element elementor-element-2929bc5 elementor-widget elementor-widget-text-editor\" data-id=\"2929bc5\" data-element_type=\"widget\" data-widget_type=\"text-editor.default\">\n\t\t\t\t<div class=\"elementor-widget-container\">\n\t\t\t\t\t\t\t\t\t<h1 style=\"text-align: center;\"><span style=\"color: #008000;\"><b>SULPHUROUS WATERS<\/b><\/span><\/h1><p class=\"Text2\">The use of sulphurous waters has always been known as a very effective therapeutic method. Administered either internally or externally in the form of baths or even compresses, sulphurous waters can cure a wide range of ailments.<\/p><h2><span style=\"color: #008000;\"><b>Effects of internal administration of sulphurous waters<\/b><\/span><\/h2><p class=\"Text2\">Tasting bitter-<wbr \/>astringent and a strong specific smell, sulphurous waters administered internally in small doses have a laxative, diuretic and sudorific effect, while administered in larger doses have a purgative effect. They are therefore indicated in constipation, especially when associated with haemorrhoids.<\/p><p class=\"Text2\">They have a stimulating effect on the secretory glands of the skin and bronchial mucous membranes. They are useful in diseases of the liver: hepatomegaly, dyspepsia; in splenomegaly, in diseases of the digestive system, colic, ascites, in certain cases of chronic fever.<\/p><p class=\"Text2\">In Ayurvedic tradition, purified sulphur was part of some remedies, along with other minerals or herbs. For example, for intestinal parasites, sulphur was mixed with Indian herbs such as Vidanga. Sulphur preparations are also an excellent remedy for treating involuntary or premature emission of semen, impotence, weakness of the back and tendency to paralysis. Sulphur salt is also an excellent purifying remedy.<\/p><h2><span style=\"color: #008000;\">Effects of sulphurous thermal baths<\/span><\/h2><p class=\"Text2\">Sulphurous thermal baths cure skin conditions such as psoriasis, pityriasis, eczema, scabies, itching, acne. Advanced diseases such as leprosy can be cured by using ointments containing a higher concentration of sulphur. These thermal baths are useful in cases of asthma, cough, rheumatism, gout, consumption or chronic debility.<\/p><p><img fetchpriority=\"high\" decoding=\"async\" class=\"aligncenter wp-image-4416 size-large\" src=\"https:\/\/amnromania.ro\/wp-content\/uploads\/2020\/11\/ape-sulfuroase-1024x686.jpg\" alt=\"\" width=\"1024\" height=\"686\" srcset=\"https:\/\/amnromania.ro\/wp-content\/uploads\/2020\/11\/ape-sulfuroase-1024x686.jpg 1024w, https:\/\/amnromania.ro\/wp-content\/uploads\/2020\/11\/ape-sulfuroase-300x201.jpg 300w, https:\/\/amnromania.ro\/wp-content\/uploads\/2020\/11\/ape-sulfuroase-768x514.jpg 768w, https:\/\/amnromania.ro\/wp-content\/uploads\/2020\/11\/ape-sulfuroase.jpg 1345w\" sizes=\"(max-width: 1024px) 100vw, 1024px\" \/><\/p>\t\t\t\t\t\t\t\t<\/div>\n\t\t\t\t<\/div>\n\t\t\t\t\t<\/div>\n\t\t<\/div>\n\t\t\t\t\t<\/div>\n\t\t<\/section>\n\t\t\t\t<\/div>","protected":false},"excerpt":{"rendered":"<p>SULPHURIC WATER The use of sulphurous waters has always been known as a very effective therapeutic method. Administered either internally or externally in the form of baths or even compresses, sulphurous waters can cure a wide range of ailments. Effects of internal administration of sulphur waters With a bitter-astringent taste and a strong, distinctive smell, sulphur waters [...]<\/p>","protected":false},"author":1,"featured_media":0,"parent":3236,"menu_order":0,"comment_status":"closed","ping_status":"closed","template":"","meta":{"_mi_skip_tracking":false,"_analytify_skip_tracking":false,"footnotes":""},"class_list":["post-3465","page","type-page","status-publish","hentry"],"aioseo_notices":[],"aioseo_head":"\n\t\t<!-- All in One SEO Pro 4.7.0 - aioseo.com -->\n\t\t<meta name=\"description\" content=\"Av\u00e2nd un gust amar-astringent \u015fi un miros specific puternic, apele sulfuroase administrate intern, \u00een doze mici au efect laxativ, diuretic \u015fi sudorific, pe c\u00e2nd administrate \u00een doze mai mari au efect purgativ. De aceea sunt indicate \u00een constipa\u0163ie, mai ales c\u00e2nd aceasta este asociat\u0103 cu hemoroizi.\" \/>\n\t\t<meta name=\"robots\" content=\"max-image-preview:large\" \/>\n\t\t<meta name=\"google-site-verification\" content=\"G-391X30D2FS\" \/>\n\t\t<link rel=\"canonical\" href=\"https:\/\/amnromania.ro\/en\/fields\/hydrotherapy\/sulphurous-waters\/\" \/>\n\t\t<meta name=\"generator\" content=\"All in One SEO Pro (AIOSEO) 4.7.0\" \/>\n\t\t<meta property=\"og:locale\" content=\"en_US\" \/>\n\t\t<meta property=\"og:site_name\" content=\"AMN Ayurveda ROM\u00c2NIA | Asociatia Nationala pentru Promovarea Medicinelor Neconventionale\" \/>\n\t\t<meta property=\"og:type\" content=\"article\" \/>\n\t\t<meta property=\"og:title\" content=\"Apele sulfuroase | AMN Ayurveda ROM\u00c2NIA\" \/>\n\t\t<meta property=\"og:description\" content=\"Av\u00e2nd un gust amar-astringent \u015fi un miros specific puternic, apele sulfuroase administrate intern, \u00een doze mici au efect laxativ, diuretic \u015fi sudorific, pe c\u00e2nd administrate \u00een doze mai mari au efect purgativ. De aceea sunt indicate \u00een constipa\u0163ie, mai ales c\u00e2nd aceasta este asociat\u0103 cu hemoroizi.\" \/>\n\t\t<meta property=\"og:url\" content=\"https:\/\/amnromania.ro\/en\/fields\/hydrotherapy\/sulphurous-waters\/\" \/>\n\t\t<meta property=\"og:image\" content=\"https:\/\/amnromania.ro\/ynorsyju\/2021\/06\/Ayurveda-in-Romania-Vol.-2-Ro.jpg\" \/>\n\t\t<meta property=\"og:image:secure_url\" content=\"https:\/\/amnromania.ro\/ynorsyju\/2021\/06\/Ayurveda-in-Romania-Vol.-2-Ro.jpg\" \/>\n\t\t<meta property=\"article:published_time\" content=\"2020-11-07T08:43:39+00:00\" \/>\n\t\t<meta property=\"article:modified_time\" content=\"2020-11-08T16:23:58+00:00\" \/>\n\t\t<meta property=\"article:publisher\" content=\"https:\/\/www.facebook.com\/AMNRomania\" \/>\n\t\t<script type=\"application\/ld+json\" class=\"aioseo-schema\">\n\t\t\t{\"@context\":\"https:\\\/\\\/schema.org\",\"@graph\":[{\"@type\":\"BreadcrumbList\",\"@id\":\"https:\\\/\\\/amnromania.ro\\\/en\\\/fields\\\/hydrotherapy\\\/sulphurous-waters\\\/#breadcrumblist\",\"itemListElement\":[{\"@type\":\"ListItem\",\"@id\":\"https:\\\/\\\/amnromania.ro\\\/en\\\/#listItem\",\"position\":1,\"name\":\"Home\",\"item\":\"https:\\\/\\\/amnromania.ro\\\/en\\\/\",\"nextItem\":\"https:\\\/\\\/amnromania.ro\\\/en\\\/fields\\\/#listItem\"},{\"@type\":\"ListItem\",\"@id\":\"https:\\\/\\\/amnromania.ro\\\/en\\\/fields\\\/#listItem\",\"position\":2,\"name\":\"Domenii\",\"item\":\"https:\\\/\\\/amnromania.ro\\\/en\\\/fields\\\/\",\"nextItem\":\"https:\\\/\\\/amnromania.ro\\\/en\\\/fields\\\/hydrotherapy\\\/#listItem\",\"previousItem\":\"https:\\\/\\\/amnromania.ro\\\/en\\\/#listItem\"},{\"@type\":\"ListItem\",\"@id\":\"https:\\\/\\\/amnromania.ro\\\/en\\\/fields\\\/hydrotherapy\\\/#listItem\",\"position\":3,\"name\":\"Hidroterapie\",\"item\":\"https:\\\/\\\/amnromania.ro\\\/en\\\/fields\\\/hydrotherapy\\\/\",\"nextItem\":\"https:\\\/\\\/amnromania.ro\\\/en\\\/fields\\\/hydrotherapy\\\/sulphurous-waters\\\/#listItem\",\"previousItem\":\"https:\\\/\\\/amnromania.ro\\\/en\\\/fields\\\/#listItem\"},{\"@type\":\"ListItem\",\"@id\":\"https:\\\/\\\/amnromania.ro\\\/en\\\/fields\\\/hydrotherapy\\\/sulphurous-waters\\\/#listItem\",\"position\":4,\"name\":\"Apele sulfuroase\",\"previousItem\":\"https:\\\/\\\/amnromania.ro\\\/en\\\/fields\\\/hydrotherapy\\\/#listItem\"}]},{\"@type\":\"Organization\",\"@id\":\"https:\\\/\\\/amnromania.ro\\\/en\\\/#organization\",\"name\":\"AMN Ayurveda Romania\",\"url\":\"https:\\\/\\\/amnromania.ro\\\/en\\\/\",\"logo\":{\"@type\":\"ImageObject\",\"url\":\"https:\\\/\\\/amnromania.ro\\\/ynorsyju\\\/2020\\\/10\\\/amn.png\",\"@id\":\"https:\\\/\\\/amnromania.ro\\\/en\\\/fields\\\/hydrotherapy\\\/sulphurous-waters\\\/#organizationLogo\"},\"image\":{\"@id\":\"https:\\\/\\\/amnromania.ro\\\/en\\\/fields\\\/hydrotherapy\\\/sulphurous-waters\\\/#organizationLogo\"},\"sameAs\":[\"https:\\\/\\\/www.facebook.com\\\/AMNRomania\",\"https:\\\/\\\/www.youtube.com\\\/channel\\\/UClfqKxiq_uZ11rthDIT3-BQ\\\/videos\"]},{\"@type\":\"WebPage\",\"@id\":\"https:\\\/\\\/amnromania.ro\\\/en\\\/fields\\\/hydrotherapy\\\/sulphurous-waters\\\/#webpage\",\"url\":\"https:\\\/\\\/amnromania.ro\\\/en\\\/fields\\\/hydrotherapy\\\/sulphurous-waters\\\/\",\"name\":\"Apele sulfuroase | AMN Ayurveda ROM\\u00c2NIA\",\"description\":\"Av\\u00e2nd un gust amar-astringent \\u015fi un miros specific puternic, apele sulfuroase administrate intern, \\u00een doze mici au efect laxativ, diuretic \\u015fi sudorific, pe c\\u00e2nd administrate \\u00een doze mai mari au efect purgativ. De aceea sunt indicate \\u00een constipa\\u0163ie, mai ales c\\u00e2nd aceasta este asociat\\u0103 cu hemoroizi.\",\"inLanguage\":\"en-US\",\"isPartOf\":{\"@id\":\"https:\\\/\\\/amnromania.ro\\\/en\\\/#website\"},\"breadcrumb\":{\"@id\":\"https:\\\/\\\/amnromania.ro\\\/en\\\/fields\\\/hydrotherapy\\\/sulphurous-waters\\\/#breadcrumblist\"},\"datePublished\":\"2020-11-07T08:43:39+02:00\",\"dateModified\":\"2020-11-08T16:23:58+02:00\"},{\"@type\":\"WebSite\",\"@id\":\"https:\\\/\\\/amnromania.ro\\\/en\\\/#website\",\"url\":\"https:\\\/\\\/amnromania.ro\\\/en\\\/\",\"name\":\"AMN Ayurveda ROM\\u00c2NIA\",\"description\":\"Asociatia Nationala pentru Promovarea Medicinelor Neconventionale\",\"inLanguage\":\"en-US\",\"publisher\":{\"@id\":\"https:\\\/\\\/amnromania.ro\\\/en\\\/#organization\"}}]}\n\t\t<\/script>\n\t\t<!-- All in One SEO Pro -->\r\n\t\t<title>Apele sulfuroase | AMN Ayurveda ROM\u00c2NIA<\/title>\n\n","aioseo_head_json":{"title":"Apele sulfuroase | AMN Ayurveda ROM\u00c2NIA","description":"Av\u00e2nd un gust amar-astringent \u015fi un miros specific puternic, apele sulfuroase administrate intern, \u00een doze mici au efect laxativ, diuretic \u015fi sudorific, pe c\u00e2nd administrate \u00een doze mai mari au efect purgativ. De aceea sunt indicate \u00een constipa\u0163ie, mai ales c\u00e2nd aceasta este asociat\u0103 cu hemoroizi.","canonical_url":"https:\/\/amnromania.ro\/en\/fields\/hydrotherapy\/sulphurous-waters\/","robots":"max-image-preview:large","keywords":"","webmasterTools":{"google-site-verification":"G-391X30D2FS","miscellaneous":""},"og:locale":"en_US","og:site_name":"AMN Ayurveda ROM\u00c2NIA | Asociatia Nationala pentru Promovarea Medicinelor Neconventionale","og:type":"article","og:title":"Apele sulfuroase | AMN Ayurveda ROM\u00c2NIA","og:description":"Av\u00e2nd un gust amar-astringent \u015fi un miros specific puternic, apele sulfuroase administrate intern, \u00een doze mici au efect laxativ, diuretic \u015fi sudorific, pe c\u00e2nd administrate \u00een doze mai mari au efect purgativ. De aceea sunt indicate \u00een constipa\u0163ie, mai ales c\u00e2nd aceasta este asociat\u0103 cu hemoroizi.","og:url":"https:\/\/amnromania.ro\/en\/fields\/hydrotherapy\/sulphurous-waters\/","og:image":"https:\/\/amnromania.ro\/ynorsyju\/2021\/06\/Ayurveda-in-Romania-Vol.-2-Ro.jpg","og:image:secure_url":"https:\/\/amnromania.ro\/ynorsyju\/2021\/06\/Ayurveda-in-Romania-Vol.-2-Ro.jpg","article:published_time":"2020-11-07T08:43:39+00:00","article:modified_time":"2020-11-08T16:23:58+00:00","article:publisher":"https:\/\/www.facebook.com\/AMNRomania","schema":{"@context":"https:\/\/schema.org","@graph":[{"@type":"BreadcrumbList","@id":"https:\/\/amnromania.ro\/en\/fields\/hydrotherapy\/sulphurous-waters\/#breadcrumblist","itemListElement":[{"@type":"ListItem","@id":"https:\/\/amnromania.ro\/en\/#listItem","position":1,"name":"Home","item":"https:\/\/amnromania.ro\/en\/","nextItem":"https:\/\/amnromania.ro\/en\/fields\/#listItem"},{"@type":"ListItem","@id":"https:\/\/amnromania.ro\/en\/fields\/#listItem","position":2,"name":"Domenii","item":"https:\/\/amnromania.ro\/en\/fields\/","nextItem":"https:\/\/amnromania.ro\/en\/fields\/hydrotherapy\/#listItem","previousItem":"https:\/\/amnromania.ro\/en\/#listItem"},{"@type":"ListItem","@id":"https:\/\/amnromania.ro\/en\/fields\/hydrotherapy\/#listItem","position":3,"name":"Hidroterapie","item":"https:\/\/amnromania.ro\/en\/fields\/hydrotherapy\/","nextItem":"https:\/\/amnromania.ro\/en\/fields\/hydrotherapy\/sulphurous-waters\/#listItem","previousItem":"https:\/\/amnromania.ro\/en\/fields\/#listItem"},{"@type":"ListItem","@id":"https:\/\/amnromania.ro\/en\/fields\/hydrotherapy\/sulphurous-waters\/#listItem","position":4,"name":"Apele sulfuroase","previousItem":"https:\/\/amnromania.ro\/en\/fields\/hydrotherapy\/#listItem"}]},{"@type":"Organization","@id":"https:\/\/amnromania.ro\/en\/#organization","name":"AMN Ayurveda Romania","url":"https:\/\/amnromania.ro\/en\/","logo":{"@type":"ImageObject","url":"https:\/\/amnromania.ro\/ynorsyju\/2020\/10\/amn.png","@id":"https:\/\/amnromania.ro\/en\/fields\/hydrotherapy\/sulphurous-waters\/#organizationLogo"},"image":{"@id":"https:\/\/amnromania.ro\/en\/fields\/hydrotherapy\/sulphurous-waters\/#organizationLogo"},"sameAs":["https:\/\/www.facebook.com\/AMNRomania","https:\/\/www.youtube.com\/channel\/UClfqKxiq_uZ11rthDIT3-BQ\/videos"]},{"@type":"WebPage","@id":"https:\/\/amnromania.ro\/en\/fields\/hydrotherapy\/sulphurous-waters\/#webpage","url":"https:\/\/amnromania.ro\/en\/fields\/hydrotherapy\/sulphurous-waters\/","name":"Apele sulfuroase | AMN Ayurveda ROM\u00c2NIA","description":"Av\u00e2nd un gust amar-astringent \u015fi un miros specific puternic, apele sulfuroase administrate intern, \u00een doze mici au efect laxativ, diuretic \u015fi sudorific, pe c\u00e2nd administrate \u00een doze mai mari au efect purgativ. De aceea sunt indicate \u00een constipa\u0163ie, mai ales c\u00e2nd aceasta este asociat\u0103 cu hemoroizi.","inLanguage":"en-US","isPartOf":{"@id":"https:\/\/amnromania.ro\/en\/#website"},"breadcrumb":{"@id":"https:\/\/amnromania.ro\/en\/fields\/hydrotherapy\/sulphurous-waters\/#breadcrumblist"},"datePublished":"2020-11-07T08:43:39+02:00","dateModified":"2020-11-08T16:23:58+02:00"},{"@type":"WebSite","@id":"https:\/\/amnromania.ro\/en\/#website","url":"https:\/\/amnromania.ro\/en\/","name":"AMN Ayurveda ROM\u00c2NIA","description":"Asociatia Nationala pentru Promovarea Medicinelor Neconventionale","inLanguage":"en-US","publisher":{"@id":"https:\/\/amnromania.ro\/en\/#organization"}}]}},"aioseo_meta_data":{"post_id":"3465","title":null,"description":"Av\u00e2nd un gust amar-astringent \u015fi un miros specific puternic, apele sulfuroase administrate intern, \u00een doze mici au efect laxativ, diuretic \u015fi sudorific, pe c\u00e2nd administrate \u00een doze mai mari au efect purgativ. De aceea sunt indicate \u00een constipa\u0163ie, mai ales c\u00e2nd aceasta este asociat\u0103 cu hemoroizi.","keywords":null,"keyphrases":null,"primary_term":null,"canonical_url":null,"og_title":null,"og_description":null,"og_object_type":"default","og_image_type":"default","og_image_url":null,"og_image_width":null,"og_image_height":null,"og_image_custom_url":null,"og_image_custom_fields":null,"og_video":null,"og_custom_url":null,"og_article_section":null,"og_article_tags":null,"twitter_use_og":false,"twitter_card":"default","twitter_image_type":"default","twitter_image_url":null,"twitter_image_custom_url":null,"twitter_image_custom_fields":null,"twitter_title":null,"twitter_description":null,"schema":{"blockGraphs":[],"customGraphs":[],"default":{"data":{"Article":[],"Course":[],"Dataset":[],"FAQPage":[],"Movie":[],"Person":[],"Product":[],"Recipe":[],"Service":[],"SoftwareApplication":[],"WebPage":[]},"graphName":"WebPage","isEnabled":true},"graphs":[]},"schema_type":null,"schema_type_options":null,"pillar_content":false,"robots_default":true,"robots_noindex":false,"robots_noarchive":false,"robots_nosnippet":false,"robots_nofollow":false,"robots_noimageindex":false,"robots_noodp":false,"robots_notranslate":false,"robots_max_snippet":null,"robots_max_videopreview":null,"robots_max_imagepreview":"large","priority":null,"frequency":null,"local_seo":null,"limit_modified_date":false,"open_ai":null,"created":"2020-12-21 07:24:49","updated":"2024-01-28 10:50:09"},"aioseo_breadcrumb":"<div class=\"aioseo-breadcrumbs\"><span class=\"aioseo-breadcrumb\">\n\t<a href=\"https:\/\/amnromania.ro\/en\" title=\"Home\">Home<\/a>\n<\/span><span class=\"aioseo-breadcrumb-separator\">&raquo;<\/span><span class=\"aioseo-breadcrumb\">\n\t<a href=\"https:\/\/amnromania.ro\/en\/fields\/\" title=\"Domenii\">Domenii<\/a>\n<\/span><span class=\"aioseo-breadcrumb-separator\">&raquo;<\/span><span class=\"aioseo-breadcrumb\">\n\t<a href=\"https:\/\/amnromania.ro\/en\/fields\/hydrotherapy\/\" title=\"Hidroterapie\">Hidroterapie<\/a>\n<\/span><span class=\"aioseo-breadcrumb-separator\">&raquo;<\/span><span class=\"aioseo-breadcrumb\">\n\tApele sulfuroase\n<\/span><\/div>","aioseo_breadcrumb_json":[{"label":"Home","link":"https:\/\/amnromania.ro\/en"},{"label":"Domenii","link":"https:\/\/amnromania.ro\/en\/fields\/"},{"label":"Hidroterapie","link":"https:\/\/amnromania.ro\/en\/fields\/hydrotherapy\/"},{"label":"Apele sulfuroase","link":"https:\/\/amnromania.ro\/en\/fields\/hydrotherapy\/sulphurous-waters\/"}],"_links":{"self":[{"href":"https:\/\/amnromania.ro\/en\/wp-json\/wp\/v2\/pages\/3465","targetHints":{"allow":["GET"]}}],"collection":[{"href":"https:\/\/amnromania.ro\/en\/wp-json\/wp\/v2\/pages"}],"about":[{"href":"https:\/\/amnromania.ro\/en\/wp-json\/wp\/v2\/types\/page"}],"author":[{"embeddable":true,"href":"https:\/\/amnromania.ro\/en\/wp-json\/wp\/v2\/users\/1"}],"replies":[{"embeddable":true,"href":"https:\/\/amnromania.ro\/en\/wp-json\/wp\/v2\/comments?post=3465"}],"version-history":[{"count":0,"href":"https:\/\/amnromania.ro\/en\/wp-json\/wp\/v2\/pages\/3465\/revisions"}],"up":[{"embeddable":true,"href":"https:\/\/amnromania.ro\/en\/wp-json\/wp\/v2\/pages\/3236"}],"wp:attachment":[{"href":"https:\/\/amnromania.ro\/en\/wp-json\/wp\/v2\/media?parent=3465"}],"curies":[{"name":"wp","href":"https:\/\/api.w.org\/{rel}","templated":true}]}}