{"id":3226,"date":"2020-11-06T22:37:30","date_gmt":"2020-11-06T22:37:30","guid":{"rendered":"https:\/\/amnromania.ro\/?page_id=3226"},"modified":"2020-11-08T21:35:10","modified_gmt":"2020-11-08T21:35:10","slug":"dermotherapy","status":"publish","type":"page","link":"https:\/\/amnromania.ro\/en\/fields\/dermotherapy\/","title":{"rendered":"Dermotherapy"},"content":{"rendered":"<div data-elementor-type=\"wp-page\" data-elementor-id=\"3226\" class=\"elementor elementor-3226\" data-elementor-post-type=\"page\">\n\t\t\t\t\t\t<section class=\"elementor-section elementor-top-section elementor-element elementor-element-9770504 elementor-section-boxed elementor-section-height-default elementor-section-height-default\" data-id=\"9770504\" data-element_type=\"section\">\n\t\t\t\t\t\t<div class=\"elementor-container elementor-column-gap-default\">\n\t\t\t\t\t<div class=\"elementor-column elementor-col-50 elementor-top-column elementor-element elementor-element-70b5361\" data-id=\"70b5361\" data-element_type=\"column\">\n\t\t\t<div class=\"elementor-widget-wrap elementor-element-populated\">\n\t\t\t\t\t\t<div class=\"elementor-element elementor-element-056d33f elementor-nav-menu__align-start elementor-nav-menu__text-align-center elementor-nav-menu--dropdown-tablet elementor-nav-menu--toggle elementor-nav-menu--burger elementor-widget elementor-widget-global elementor-global-2418 elementor-widget-nav-menu\" data-id=\"056d33f\" data-element_type=\"widget\" data-settings=\"{&quot;layout&quot;:&quot;vertical&quot;,&quot;submenu_icon&quot;:{&quot;value&quot;:&quot;fas fa-caret-down&quot;,&quot;library&quot;:&quot;fa-solid&quot;},&quot;toggle&quot;:&quot;burger&quot;}\" data-widget_type=\"nav-menu.default\">\n\t\t\t\t<div class=\"elementor-widget-container\">\n\t\t\t\t\t\t\t\t<nav aria-label=\"Menu\" class=\"elementor-nav-menu--main elementor-nav-menu__container elementor-nav-menu--layout-vertical e--pointer-background e--animation-fade\">\n\t\t\t\t<ul id=\"menu-1-056d33f\" class=\"elementor-nav-menu sm-vertical\"><li class=\"menu-item menu-item-type-post_type menu-item-object-page menu-item-2414\"><a href=\"https:\/\/amnromania.ro\/en\/fields\/aromatherapy-2\/\" class=\"elementor-item\">Aromatherapy<\/a><\/li>\n<li class=\"menu-item menu-item-type-post_type menu-item-object-page menu-item-3268\"><a href=\"https:\/\/amnromania.ro\/en\/fields\/apitherapy\/\" class=\"elementor-item\">Apitherapy<\/a><\/li>\n<li class=\"menu-item menu-item-type-post_type menu-item-object-page menu-item-2412\"><a href=\"https:\/\/amnromania.ro\/en\/fields\/crystal-therapy\/\" class=\"elementor-item\">Crystal therapy<\/a><\/li>\n<li class=\"menu-item menu-item-type-post_type menu-item-object-page menu-item-2413\"><a href=\"https:\/\/amnromania.ro\/en\/fields\/chromotherapy\/\" class=\"elementor-item\">Chromotherapy<\/a><\/li>\n<li class=\"menu-item menu-item-type-post_type menu-item-object-page menu-item-3269\"><a href=\"https:\/\/amnromania.ro\/en\/fields\/dermotherapy\/\" class=\"elementor-item\">Dermotherapy<\/a><\/li>\n<li class=\"menu-item menu-item-type-post_type menu-item-object-page menu-item-3267\"><a href=\"https:\/\/amnromania.ro\/en\/fields\/diet-therapy\/\" class=\"elementor-item\">Dietotherapy<\/a><\/li>\n<li class=\"menu-item menu-item-type-post_type menu-item-object-page menu-item-3266\"><a href=\"https:\/\/amnromania.ro\/en\/fields\/phytotherapy\/\" class=\"elementor-item\">Phytotherapy<\/a><\/li>\n<li class=\"menu-item menu-item-type-post_type menu-item-object-page menu-item-3265\"><a href=\"https:\/\/amnromania.ro\/en\/fields\/floritherapy\/\" class=\"elementor-item\">Floritherapy<\/a><\/li>\n<li class=\"menu-item menu-item-type-post_type menu-item-object-page menu-item-3264\"><a href=\"https:\/\/amnromania.ro\/en\/fields\/hydrotherapy\/\" class=\"elementor-item\">Hydrotherapy<\/a><\/li>\n<li class=\"menu-item menu-item-type-post_type menu-item-object-page menu-item-3263\"><a href=\"https:\/\/amnromania.ro\/en\/fields\/weather-therapy\/\" class=\"elementor-item\">Meteorotherapy<\/a><\/li>\n<li class=\"menu-item menu-item-type-post_type menu-item-object-page menu-item-3262\"><a href=\"https:\/\/amnromania.ro\/en\/fields\/music-therapy\/\" class=\"elementor-item\">Music therapy<\/a><\/li>\n<li class=\"menu-item menu-item-type-post_type menu-item-object-page menu-item-3261\"><a href=\"https:\/\/amnromania.ro\/en\/fields\/psychotherapy\/\" class=\"elementor-item\">Psychotherapy<\/a><\/li>\n<li class=\"menu-item menu-item-type-post_type menu-item-object-page menu-item-3260\"><a href=\"https:\/\/amnromania.ro\/en\/fields\/thermotherapy\/\" class=\"elementor-item\">Thermotherapy<\/a><\/li>\n<li class=\"menu-item menu-item-type-post_type menu-item-object-page menu-item-3259\"><a href=\"https:\/\/amnromania.ro\/en\/fields\/humour-therapy\/\" class=\"elementor-item\">Humor Therapy<\/a><\/li>\n<\/ul>\t\t\t<\/nav>\n\t\t\t\t\t<div class=\"elementor-menu-toggle\" role=\"button\" tabindex=\"0\" aria-label=\"Toggle menu\" aria-expanded=\"false\">\n\t\t\t<i aria-hidden=\"true\" role=\"presentation\" class=\"elementor-menu-toggle__icon--open eicon-menu-bar\"><\/i><i aria-hidden=\"true\" role=\"presentation\" class=\"elementor-menu-toggle__icon--close eicon-close\"><\/i>\t\t<\/div>\n\t\t\t\t\t<nav class=\"elementor-nav-menu--dropdown elementor-nav-menu__container\" aria-hidden=\"true\">\n\t\t\t\t<ul id=\"menu-2-056d33f\" class=\"elementor-nav-menu sm-vertical\"><li class=\"menu-item menu-item-type-post_type menu-item-object-page menu-item-2414\"><a href=\"https:\/\/amnromania.ro\/en\/fields\/aromatherapy-2\/\" class=\"elementor-item\" tabindex=\"-1\">Aromatherapy<\/a><\/li>\n<li class=\"menu-item menu-item-type-post_type menu-item-object-page menu-item-3268\"><a href=\"https:\/\/amnromania.ro\/en\/fields\/apitherapy\/\" class=\"elementor-item\" tabindex=\"-1\">Apitherapy<\/a><\/li>\n<li class=\"menu-item menu-item-type-post_type menu-item-object-page menu-item-2412\"><a href=\"https:\/\/amnromania.ro\/en\/fields\/crystal-therapy\/\" class=\"elementor-item\" tabindex=\"-1\">Crystal therapy<\/a><\/li>\n<li class=\"menu-item menu-item-type-post_type menu-item-object-page menu-item-2413\"><a href=\"https:\/\/amnromania.ro\/en\/fields\/chromotherapy\/\" class=\"elementor-item\" tabindex=\"-1\">Chromotherapy<\/a><\/li>\n<li class=\"menu-item menu-item-type-post_type menu-item-object-page menu-item-3269\"><a href=\"https:\/\/amnromania.ro\/en\/fields\/dermotherapy\/\" class=\"elementor-item\" tabindex=\"-1\">Dermotherapy<\/a><\/li>\n<li class=\"menu-item menu-item-type-post_type menu-item-object-page menu-item-3267\"><a href=\"https:\/\/amnromania.ro\/en\/fields\/diet-therapy\/\" class=\"elementor-item\" tabindex=\"-1\">Dietotherapy<\/a><\/li>\n<li class=\"menu-item menu-item-type-post_type menu-item-object-page menu-item-3266\"><a href=\"https:\/\/amnromania.ro\/en\/fields\/phytotherapy\/\" class=\"elementor-item\" tabindex=\"-1\">Phytotherapy<\/a><\/li>\n<li class=\"menu-item menu-item-type-post_type menu-item-object-page menu-item-3265\"><a href=\"https:\/\/amnromania.ro\/en\/fields\/floritherapy\/\" class=\"elementor-item\" tabindex=\"-1\">Floritherapy<\/a><\/li>\n<li class=\"menu-item menu-item-type-post_type menu-item-object-page menu-item-3264\"><a href=\"https:\/\/amnromania.ro\/en\/fields\/hydrotherapy\/\" class=\"elementor-item\" tabindex=\"-1\">Hydrotherapy<\/a><\/li>\n<li class=\"menu-item menu-item-type-post_type menu-item-object-page menu-item-3263\"><a href=\"https:\/\/amnromania.ro\/en\/fields\/weather-therapy\/\" class=\"elementor-item\" tabindex=\"-1\">Meteorotherapy<\/a><\/li>\n<li class=\"menu-item menu-item-type-post_type menu-item-object-page menu-item-3262\"><a href=\"https:\/\/amnromania.ro\/en\/fields\/music-therapy\/\" class=\"elementor-item\" tabindex=\"-1\">Music therapy<\/a><\/li>\n<li class=\"menu-item menu-item-type-post_type menu-item-object-page menu-item-3261\"><a href=\"https:\/\/amnromania.ro\/en\/fields\/psychotherapy\/\" class=\"elementor-item\" tabindex=\"-1\">Psychotherapy<\/a><\/li>\n<li class=\"menu-item menu-item-type-post_type menu-item-object-page menu-item-3260\"><a href=\"https:\/\/amnromania.ro\/en\/fields\/thermotherapy\/\" class=\"elementor-item\" tabindex=\"-1\">Thermotherapy<\/a><\/li>\n<li class=\"menu-item menu-item-type-post_type menu-item-object-page menu-item-3259\"><a href=\"https:\/\/amnromania.ro\/en\/fields\/humour-therapy\/\" class=\"elementor-item\" tabindex=\"-1\">Humor Therapy<\/a><\/li>\n<\/ul>\t\t\t<\/nav>\n\t\t\t\t\t\t<\/div>\n\t\t\t\t<\/div>\n\t\t\t\t\t<\/div>\n\t\t<\/div>\n\t\t\t\t<div class=\"elementor-column elementor-col-50 elementor-top-column elementor-element elementor-element-8f398ad\" data-id=\"8f398ad\" data-element_type=\"column\">\n\t\t\t<div class=\"elementor-widget-wrap elementor-element-populated\">\n\t\t\t\t\t\t<div class=\"elementor-element elementor-element-8348b61 elementor-widget elementor-widget-text-editor\" data-id=\"8348b61\" data-element_type=\"widget\" data-widget_type=\"text-editor.default\">\n\t\t\t\t<div class=\"elementor-widget-container\">\n\t\t\t\t\t\t\t\t\t<h1 class=\"Titlu-1\" style=\"text-align: center;\"><strong><span style=\"color: #008000;\"><span class=\"C-14\">DERMOTHERAPY (<\/span><span class=\"C-15\">TVACHA-<wbr \/>KRIYA<\/span><span class=\"C-14\">)<\/span><\/span><\/strong><\/h1><p>\u00a0<\/p><p class=\"Text2\">In the millennia-old tradition of Ayurveda, a whole series of practical modalities with multiple beneficial therapeutic effects on the skin are mentioned (<span class=\"C-16\">tvacha<\/span>) and hair (<span class=\"C-16\">kesha<\/span>).<img fetchpriority=\"high\" decoding=\"async\" class=\"size-medium wp-image-4680 alignright\" src=\"https:\/\/amnromania.ro\/wp-content\/uploads\/2020\/11\/dermoterapia2-300x300.jpg\" alt=\"\" width=\"300\" height=\"300\" srcset=\"https:\/\/amnromania.ro\/wp-content\/uploads\/2020\/11\/dermoterapia2-300x300.jpg 300w, https:\/\/amnromania.ro\/wp-content\/uploads\/2020\/11\/dermoterapia2-1024x1024.jpg 1024w, https:\/\/amnromania.ro\/wp-content\/uploads\/2020\/11\/dermoterapia2-150x150.jpg 150w, https:\/\/amnromania.ro\/wp-content\/uploads\/2020\/11\/dermoterapia2-768x768.jpg 768w, https:\/\/amnromania.ro\/wp-content\/uploads\/2020\/11\/dermoterapia2-1536x1536.jpg 1536w, https:\/\/amnromania.ro\/wp-content\/uploads\/2020\/11\/dermoterapia2.jpg 1920w\" sizes=\"(max-width: 300px) 100vw, 300px\" \/><\/p><p class=\"Text2\">Dermotherapy is a set of unconventional therapeutic methods that involve direct application to the skin of natural substances that have therapeutic effects.<\/p><p class=\"Text2\">Such preparations can penetrate the skin tissue and use some micro<wbr \/>channels on the surface of the skin. Toning applications made in succession use these micro<wbr \/>opening channels on the surface of the skin to nourish the different layers of the skin.<\/p><p class=\"Text2\">Topical application using these micro<wbr \/>channel (<span class=\"C-16\">srota<\/span>) can transfer a large number of active ingredients to the regions of the skin where they are needed. In this way, scars, fine lines, wrinkles and blemishes are removed and replaced with new, healthy, wrinkle-free skin by accelerating a natural regeneration process that takes place on many levels.<\/p>\t\t\t\t\t\t\t\t<\/div>\n\t\t\t\t<\/div>\n\t\t\t\t\t<\/div>\n\t\t<\/div>\n\t\t\t\t\t<\/div>\n\t\t<\/section>\n\t\t\t\t<\/div>","protected":false},"excerpt":{"rendered":"<p>DERMOTHERAPY (TVACHA-KRIYA) In the millennia-old tradition of Ayurveda, a whole series of practical modalities with multiple beneficial therapeutic effects on the skin (tvacha) and hair (kesha) are mentioned. Dermotherapy is a set of unconventional therapeutic methods involving direct application to the skin of natural substances that have therapeutic effects. Such [...]<\/p>","protected":false},"author":1,"featured_media":0,"parent":148,"menu_order":0,"comment_status":"closed","ping_status":"closed","template":"","meta":{"_mi_skip_tracking":false,"_analytify_skip_tracking":false,"footnotes":""},"class_list":["post-3226","page","type-page","status-publish","hentry"],"aioseo_notices":[],"aioseo_head":"\n\t\t<!-- All in One SEO Pro 4.7.0 - aioseo.com -->\n\t\t<meta name=\"description\" content=\"\u00cen tradi\u021bia milenar\u0103 a sistemului Ayurveda sunt men\u021bionate o serie \u00eentreag\u0103 de modalit\u0103\u021bi practice cu multiple efecte terapeutice benefice asupra pielii (tvacha) \u0219i a p\u0103rului (kesha).\" \/>\n\t\t<meta name=\"robots\" content=\"max-image-preview:large\" \/>\n\t\t<meta name=\"google-site-verification\" content=\"G-391X30D2FS\" \/>\n\t\t<link rel=\"canonical\" href=\"https:\/\/amnromania.ro\/en\/fields\/dermotherapy\/\" \/>\n\t\t<meta name=\"generator\" content=\"All in One SEO Pro (AIOSEO) 4.7.0\" \/>\n\t\t<meta property=\"og:locale\" content=\"en_US\" \/>\n\t\t<meta property=\"og:site_name\" content=\"AMN Ayurveda ROM\u00c2NIA | Asociatia Nationala pentru Promovarea Medicinelor Neconventionale\" \/>\n\t\t<meta property=\"og:type\" content=\"article\" \/>\n\t\t<meta property=\"og:title\" content=\"Dermoterapie | AMN Ayurveda ROM\u00c2NIA\" \/>\n\t\t<meta property=\"og:description\" content=\"\u00cen tradi\u021bia milenar\u0103 a sistemului Ayurveda sunt men\u021bionate o serie \u00eentreag\u0103 de modalit\u0103\u021bi practice cu multiple efecte terapeutice benefice asupra pielii (tvacha) \u0219i a p\u0103rului (kesha).\" \/>\n\t\t<meta property=\"og:url\" content=\"https:\/\/amnromania.ro\/en\/fields\/dermotherapy\/\" \/>\n\t\t<meta property=\"og:image\" content=\"https:\/\/amnromania.ro\/ynorsyju\/2021\/06\/Ayurveda-in-Romania-Vol.-2-Ro.jpg\" \/>\n\t\t<meta property=\"og:image:secure_url\" content=\"https:\/\/amnromania.ro\/ynorsyju\/2021\/06\/Ayurveda-in-Romania-Vol.-2-Ro.jpg\" \/>\n\t\t<meta property=\"article:published_time\" content=\"2020-11-06T22:37:30+00:00\" \/>\n\t\t<meta property=\"article:modified_time\" content=\"2020-11-08T21:35:10+00:00\" \/>\n\t\t<meta property=\"article:publisher\" content=\"https:\/\/www.facebook.com\/AMNRomania\" \/>\n\t\t<script type=\"application\/ld+json\" class=\"aioseo-schema\">\n\t\t\t{\"@context\":\"https:\\\/\\\/schema.org\",\"@graph\":[{\"@type\":\"BreadcrumbList\",\"@id\":\"https:\\\/\\\/amnromania.ro\\\/en\\\/fields\\\/dermotherapy\\\/#breadcrumblist\",\"itemListElement\":[{\"@type\":\"ListItem\",\"@id\":\"https:\\\/\\\/amnromania.ro\\\/en\\\/#listItem\",\"position\":1,\"name\":\"Home\",\"item\":\"https:\\\/\\\/amnromania.ro\\\/en\\\/\",\"nextItem\":\"https:\\\/\\\/amnromania.ro\\\/en\\\/fields\\\/#listItem\"},{\"@type\":\"ListItem\",\"@id\":\"https:\\\/\\\/amnromania.ro\\\/en\\\/fields\\\/#listItem\",\"position\":2,\"name\":\"Domenii\",\"item\":\"https:\\\/\\\/amnromania.ro\\\/en\\\/fields\\\/\",\"nextItem\":\"https:\\\/\\\/amnromania.ro\\\/en\\\/fields\\\/dermotherapy\\\/#listItem\",\"previousItem\":\"https:\\\/\\\/amnromania.ro\\\/en\\\/#listItem\"},{\"@type\":\"ListItem\",\"@id\":\"https:\\\/\\\/amnromania.ro\\\/en\\\/fields\\\/dermotherapy\\\/#listItem\",\"position\":3,\"name\":\"Dermoterapie\",\"previousItem\":\"https:\\\/\\\/amnromania.ro\\\/en\\\/fields\\\/#listItem\"}]},{\"@type\":\"Organization\",\"@id\":\"https:\\\/\\\/amnromania.ro\\\/en\\\/#organization\",\"name\":\"AMN Ayurveda Romania\",\"url\":\"https:\\\/\\\/amnromania.ro\\\/en\\\/\",\"logo\":{\"@type\":\"ImageObject\",\"url\":\"https:\\\/\\\/amnromania.ro\\\/ynorsyju\\\/2020\\\/10\\\/amn.png\",\"@id\":\"https:\\\/\\\/amnromania.ro\\\/en\\\/fields\\\/dermotherapy\\\/#organizationLogo\"},\"image\":{\"@id\":\"https:\\\/\\\/amnromania.ro\\\/en\\\/fields\\\/dermotherapy\\\/#organizationLogo\"},\"sameAs\":[\"https:\\\/\\\/www.facebook.com\\\/AMNRomania\",\"https:\\\/\\\/www.youtube.com\\\/channel\\\/UClfqKxiq_uZ11rthDIT3-BQ\\\/videos\"]},{\"@type\":\"WebPage\",\"@id\":\"https:\\\/\\\/amnromania.ro\\\/en\\\/fields\\\/dermotherapy\\\/#webpage\",\"url\":\"https:\\\/\\\/amnromania.ro\\\/en\\\/fields\\\/dermotherapy\\\/\",\"name\":\"Dermoterapie | AMN Ayurveda ROM\\u00c2NIA\",\"description\":\"\\u00cen tradi\\u021bia milenar\\u0103 a sistemului Ayurveda sunt men\\u021bionate o serie \\u00eentreag\\u0103 de modalit\\u0103\\u021bi practice cu multiple efecte terapeutice benefice asupra pielii (tvacha) \\u0219i a p\\u0103rului (kesha).\",\"inLanguage\":\"en-US\",\"isPartOf\":{\"@id\":\"https:\\\/\\\/amnromania.ro\\\/en\\\/#website\"},\"breadcrumb\":{\"@id\":\"https:\\\/\\\/amnromania.ro\\\/en\\\/fields\\\/dermotherapy\\\/#breadcrumblist\"},\"datePublished\":\"2020-11-06T22:37:30+02:00\",\"dateModified\":\"2020-11-08T21:35:10+02:00\"},{\"@type\":\"WebSite\",\"@id\":\"https:\\\/\\\/amnromania.ro\\\/en\\\/#website\",\"url\":\"https:\\\/\\\/amnromania.ro\\\/en\\\/\",\"name\":\"AMN Ayurveda ROM\\u00c2NIA\",\"description\":\"Asociatia Nationala pentru Promovarea Medicinelor Neconventionale\",\"inLanguage\":\"en-US\",\"publisher\":{\"@id\":\"https:\\\/\\\/amnromania.ro\\\/en\\\/#organization\"}}]}\n\t\t<\/script>\n\t\t<!-- All in One SEO Pro -->\r\n\t\t<title>Dermoterapie | AMN Ayurveda ROM\u00c2NIA<\/title>\n\n","aioseo_head_json":{"title":"Dermoterapie | AMN Ayurveda ROM\u00c2NIA","description":"\u00cen tradi\u021bia milenar\u0103 a sistemului Ayurveda sunt men\u021bionate o serie \u00eentreag\u0103 de modalit\u0103\u021bi practice cu multiple efecte terapeutice benefice asupra pielii (tvacha) \u0219i a p\u0103rului (kesha).","canonical_url":"https:\/\/amnromania.ro\/en\/fields\/dermotherapy\/","robots":"max-image-preview:large","keywords":"","webmasterTools":{"google-site-verification":"G-391X30D2FS","miscellaneous":""},"og:locale":"en_US","og:site_name":"AMN Ayurveda ROM\u00c2NIA | Asociatia Nationala pentru Promovarea Medicinelor Neconventionale","og:type":"article","og:title":"Dermoterapie | AMN Ayurveda ROM\u00c2NIA","og:description":"\u00cen tradi\u021bia milenar\u0103 a sistemului Ayurveda sunt men\u021bionate o serie \u00eentreag\u0103 de modalit\u0103\u021bi practice cu multiple efecte terapeutice benefice asupra pielii (tvacha) \u0219i a p\u0103rului (kesha).","og:url":"https:\/\/amnromania.ro\/en\/fields\/dermotherapy\/","og:image":"https:\/\/amnromania.ro\/ynorsyju\/2021\/06\/Ayurveda-in-Romania-Vol.-2-Ro.jpg","og:image:secure_url":"https:\/\/amnromania.ro\/ynorsyju\/2021\/06\/Ayurveda-in-Romania-Vol.-2-Ro.jpg","article:published_time":"2020-11-06T22:37:30+00:00","article:modified_time":"2020-11-08T21:35:10+00:00","article:publisher":"https:\/\/www.facebook.com\/AMNRomania","schema":{"@context":"https:\/\/schema.org","@graph":[{"@type":"BreadcrumbList","@id":"https:\/\/amnromania.ro\/en\/fields\/dermotherapy\/#breadcrumblist","itemListElement":[{"@type":"ListItem","@id":"https:\/\/amnromania.ro\/en\/#listItem","position":1,"name":"Home","item":"https:\/\/amnromania.ro\/en\/","nextItem":"https:\/\/amnromania.ro\/en\/fields\/#listItem"},{"@type":"ListItem","@id":"https:\/\/amnromania.ro\/en\/fields\/#listItem","position":2,"name":"Domenii","item":"https:\/\/amnromania.ro\/en\/fields\/","nextItem":"https:\/\/amnromania.ro\/en\/fields\/dermotherapy\/#listItem","previousItem":"https:\/\/amnromania.ro\/en\/#listItem"},{"@type":"ListItem","@id":"https:\/\/amnromania.ro\/en\/fields\/dermotherapy\/#listItem","position":3,"name":"Dermoterapie","previousItem":"https:\/\/amnromania.ro\/en\/fields\/#listItem"}]},{"@type":"Organization","@id":"https:\/\/amnromania.ro\/en\/#organization","name":"AMN Ayurveda Romania","url":"https:\/\/amnromania.ro\/en\/","logo":{"@type":"ImageObject","url":"https:\/\/amnromania.ro\/ynorsyju\/2020\/10\/amn.png","@id":"https:\/\/amnromania.ro\/en\/fields\/dermotherapy\/#organizationLogo"},"image":{"@id":"https:\/\/amnromania.ro\/en\/fields\/dermotherapy\/#organizationLogo"},"sameAs":["https:\/\/www.facebook.com\/AMNRomania","https:\/\/www.youtube.com\/channel\/UClfqKxiq_uZ11rthDIT3-BQ\/videos"]},{"@type":"WebPage","@id":"https:\/\/amnromania.ro\/en\/fields\/dermotherapy\/#webpage","url":"https:\/\/amnromania.ro\/en\/fields\/dermotherapy\/","name":"Dermoterapie | AMN Ayurveda ROM\u00c2NIA","description":"\u00cen tradi\u021bia milenar\u0103 a sistemului Ayurveda sunt men\u021bionate o serie \u00eentreag\u0103 de modalit\u0103\u021bi practice cu multiple efecte terapeutice benefice asupra pielii (tvacha) \u0219i a p\u0103rului (kesha).","inLanguage":"en-US","isPartOf":{"@id":"https:\/\/amnromania.ro\/en\/#website"},"breadcrumb":{"@id":"https:\/\/amnromania.ro\/en\/fields\/dermotherapy\/#breadcrumblist"},"datePublished":"2020-11-06T22:37:30+02:00","dateModified":"2020-11-08T21:35:10+02:00"},{"@type":"WebSite","@id":"https:\/\/amnromania.ro\/en\/#website","url":"https:\/\/amnromania.ro\/en\/","name":"AMN Ayurveda ROM\u00c2NIA","description":"Asociatia Nationala pentru Promovarea Medicinelor Neconventionale","inLanguage":"en-US","publisher":{"@id":"https:\/\/amnromania.ro\/en\/#organization"}}]}},"aioseo_meta_data":{"post_id":"3226","title":null,"description":"\u00cen tradi\u021bia milenar\u0103 a sistemului Ayurveda sunt men\u021bionate o serie \u00eentreag\u0103 de modalit\u0103\u021bi practice cu multiple efecte terapeutice benefice asupra pielii (tvacha) \u0219i a p\u0103rului (kesha).","keywords":null,"keyphrases":null,"primary_term":null,"canonical_url":null,"og_title":null,"og_description":null,"og_object_type":"default","og_image_type":"default","og_image_url":null,"og_image_width":null,"og_image_height":null,"og_image_custom_url":null,"og_image_custom_fields":null,"og_video":null,"og_custom_url":null,"og_article_section":null,"og_article_tags":null,"twitter_use_og":false,"twitter_card":"default","twitter_image_type":"default","twitter_image_url":null,"twitter_image_custom_url":null,"twitter_image_custom_fields":null,"twitter_title":null,"twitter_description":null,"schema":{"blockGraphs":[],"customGraphs":[],"default":{"data":{"Article":[],"Course":[],"Dataset":[],"FAQPage":[],"Movie":[],"Person":[],"Product":[],"Recipe":[],"Service":[],"SoftwareApplication":[],"WebPage":[]},"graphName":"WebPage","isEnabled":true},"graphs":[]},"schema_type":null,"schema_type_options":null,"pillar_content":false,"robots_default":true,"robots_noindex":false,"robots_noarchive":false,"robots_nosnippet":false,"robots_nofollow":false,"robots_noimageindex":false,"robots_noodp":false,"robots_notranslate":false,"robots_max_snippet":null,"robots_max_videopreview":null,"robots_max_imagepreview":"large","priority":null,"frequency":null,"local_seo":null,"limit_modified_date":false,"open_ai":null,"created":"2020-12-21 07:24:50","updated":"2024-01-28 10:46:32"},"aioseo_breadcrumb":"<div class=\"aioseo-breadcrumbs\"><span class=\"aioseo-breadcrumb\">\n\t<a href=\"https:\/\/amnromania.ro\/en\" title=\"Home\">Home<\/a>\n<\/span><span class=\"aioseo-breadcrumb-separator\">&raquo;<\/span><span class=\"aioseo-breadcrumb\">\n\t<a href=\"https:\/\/amnromania.ro\/en\/fields\/\" title=\"Domenii\">Domenii<\/a>\n<\/span><span class=\"aioseo-breadcrumb-separator\">&raquo;<\/span><span class=\"aioseo-breadcrumb\">\n\tDermoterapie\n<\/span><\/div>","aioseo_breadcrumb_json":[{"label":"Home","link":"https:\/\/amnromania.ro\/en"},{"label":"Domenii","link":"https:\/\/amnromania.ro\/en\/fields\/"},{"label":"Dermoterapie","link":"https:\/\/amnromania.ro\/en\/fields\/dermotherapy\/"}],"_links":{"self":[{"href":"https:\/\/amnromania.ro\/en\/wp-json\/wp\/v2\/pages\/3226","targetHints":{"allow":["GET"]}}],"collection":[{"href":"https:\/\/amnromania.ro\/en\/wp-json\/wp\/v2\/pages"}],"about":[{"href":"https:\/\/amnromania.ro\/en\/wp-json\/wp\/v2\/types\/page"}],"author":[{"embeddable":true,"href":"https:\/\/amnromania.ro\/en\/wp-json\/wp\/v2\/users\/1"}],"replies":[{"embeddable":true,"href":"https:\/\/amnromania.ro\/en\/wp-json\/wp\/v2\/comments?post=3226"}],"version-history":[{"count":0,"href":"https:\/\/amnromania.ro\/en\/wp-json\/wp\/v2\/pages\/3226\/revisions"}],"up":[{"embeddable":true,"href":"https:\/\/amnromania.ro\/en\/wp-json\/wp\/v2\/pages\/148"}],"wp:attachment":[{"href":"https:\/\/amnromania.ro\/en\/wp-json\/wp\/v2\/media?parent=3226"}],"curies":[{"name":"wp","href":"https:\/\/api.w.org\/{rel}","templated":true}]}}