{"id":2056,"date":"2020-11-05T17:09:30","date_gmt":"2020-11-05T17:09:30","guid":{"rendered":"https:\/\/amnromania.ro\/?page_id=2056"},"modified":"2020-11-08T17:46:53","modified_gmt":"2020-11-08T17:46:53","slug":"how-to","status":"publish","type":"page","link":"https:\/\/amnromania.ro\/en\/ayurveda\/how-to\/","title":{"rendered":"Practical arrangements"},"content":{"rendered":"<div data-elementor-type=\"wp-page\" data-elementor-id=\"2056\" class=\"elementor elementor-2056\" data-elementor-post-type=\"page\">\n\t\t\t\t\t\t<section class=\"elementor-section elementor-top-section elementor-element elementor-element-639868c elementor-section-boxed elementor-section-height-default elementor-section-height-default\" data-id=\"639868c\" data-element_type=\"section\">\n\t\t\t\t\t\t<div class=\"elementor-container elementor-column-gap-default\">\n\t\t\t\t\t<div class=\"elementor-column elementor-col-50 elementor-top-column elementor-element elementor-element-8b06af1\" data-id=\"8b06af1\" data-element_type=\"column\">\n\t\t\t<div class=\"elementor-widget-wrap elementor-element-populated\">\n\t\t\t\t\t\t<div class=\"elementor-element elementor-element-7942e02 elementor-nav-menu__align-start elementor-nav-menu__text-align-center elementor-nav-menu--dropdown-tablet elementor-nav-menu--toggle elementor-nav-menu--burger elementor-widget elementor-widget-global elementor-global-2579 elementor-widget-nav-menu\" data-id=\"7942e02\" data-element_type=\"widget\" data-settings=\"{&quot;layout&quot;:&quot;vertical&quot;,&quot;submenu_icon&quot;:{&quot;value&quot;:&quot;fas fa-chevron-down&quot;,&quot;library&quot;:&quot;fa-solid&quot;},&quot;toggle&quot;:&quot;burger&quot;}\" data-widget_type=\"nav-menu.default\">\n\t\t\t\t<div class=\"elementor-widget-container\">\n\t\t\t\t\t\t\t\t<nav aria-label=\"Menu\" class=\"elementor-nav-menu--main elementor-nav-menu__container elementor-nav-menu--layout-vertical e--pointer-background e--animation-fade\">\n\t\t\t\t<ul id=\"menu-1-7942e02\" class=\"elementor-nav-menu sm-vertical\"><li class=\"menu-item menu-item-type-post_type menu-item-object-page menu-item-2034\"><a href=\"https:\/\/amnromania.ro\/en\/ayurveda\/dimension-esoteric\/\" class=\"elementor-item\">The esoteric dimension<\/a><\/li>\n<li class=\"menu-item menu-item-type-post_type menu-item-object-page menu-item-2026\"><a href=\"https:\/\/amnromania.ro\/en\/ayurveda\/o-life-happiness\/\" class=\"elementor-item\">A happy life<\/a><\/li>\n<li class=\"menu-item menu-item-type-post_type menu-item-object-page menu-item-2027\"><a href=\"https:\/\/amnromania.ro\/en\/ayurveda\/beauty-feminine\/\" class=\"elementor-item\">Feminine beauty<\/a><\/li>\n<li class=\"menu-item menu-item-type-post_type menu-item-object-page menu-item-2028\"><a href=\"https:\/\/amnromania.ro\/en\/ayurveda\/balanced-food-in-ayurveda\/\" class=\"elementor-item\">Balanced nutrition in ayurveda<\/a><\/li>\n<li class=\"menu-item menu-item-type-post_type menu-item-object-page menu-item-2029\"><a href=\"https:\/\/amnromania.ro\/en\/ayurveda\/nutrition-and-longevity\/\" class=\"elementor-item\">Natural food and longevity<\/a><\/li>\n<li class=\"menu-item menu-item-type-post_type menu-item-object-page menu-item-2030\"><a href=\"https:\/\/amnromania.ro\/en\/ayurveda\/ayurveda-and-health\/\" class=\"elementor-item\">Ayurveda and health<\/a><\/li>\n<li class=\"menu-item menu-item-type-post_type menu-item-object-page menu-item-2031\"><a href=\"https:\/\/amnromania.ro\/en\/ayurveda\/ayurveda-system-of-healing\/\" class=\"elementor-item\">Ayurveda - healing system<\/a><\/li>\n<li class=\"menu-item menu-item-type-post_type menu-item-object-page menu-item-2032\"><a href=\"https:\/\/amnromania.ro\/en\/ayurveda\/uniqueness-perspective-ayurvedic\/\" class=\"elementor-item\">Uniqueness of the Ayurvedic perspective<\/a><\/li>\n<li class=\"menu-item menu-item-type-post_type menu-item-object-page menu-item-2033\"><a href=\"https:\/\/amnromania.ro\/en\/ayurveda\/ayurvedic-knowledge\/\" class=\"elementor-item\">Ayurvedic knowledge<\/a><\/li>\n<li class=\"menu-item menu-item-type-post_type menu-item-object-page menu-item-2058\"><a href=\"https:\/\/amnromania.ro\/en\/ayurveda\/how-to\/\" class=\"elementor-item\">Practical arrangements<\/a><\/li>\n<\/ul>\t\t\t<\/nav>\n\t\t\t\t\t<div class=\"elementor-menu-toggle\" role=\"button\" tabindex=\"0\" aria-label=\"Toggle menu\" aria-expanded=\"false\">\n\t\t\t<i aria-hidden=\"true\" role=\"presentation\" class=\"elementor-menu-toggle__icon--open eicon-menu-bar\"><\/i><i aria-hidden=\"true\" role=\"presentation\" class=\"elementor-menu-toggle__icon--close eicon-close\"><\/i>\t\t<\/div>\n\t\t\t\t\t<nav class=\"elementor-nav-menu--dropdown elementor-nav-menu__container\" aria-hidden=\"true\">\n\t\t\t\t<ul id=\"menu-2-7942e02\" class=\"elementor-nav-menu sm-vertical\"><li class=\"menu-item menu-item-type-post_type menu-item-object-page menu-item-2034\"><a href=\"https:\/\/amnromania.ro\/en\/ayurveda\/dimension-esoteric\/\" class=\"elementor-item\" tabindex=\"-1\">The esoteric dimension<\/a><\/li>\n<li class=\"menu-item menu-item-type-post_type menu-item-object-page menu-item-2026\"><a href=\"https:\/\/amnromania.ro\/en\/ayurveda\/o-life-happiness\/\" class=\"elementor-item\" tabindex=\"-1\">A happy life<\/a><\/li>\n<li class=\"menu-item menu-item-type-post_type menu-item-object-page menu-item-2027\"><a href=\"https:\/\/amnromania.ro\/en\/ayurveda\/beauty-feminine\/\" class=\"elementor-item\" tabindex=\"-1\">Feminine beauty<\/a><\/li>\n<li class=\"menu-item menu-item-type-post_type menu-item-object-page menu-item-2028\"><a href=\"https:\/\/amnromania.ro\/en\/ayurveda\/balanced-food-in-ayurveda\/\" class=\"elementor-item\" tabindex=\"-1\">Balanced nutrition in ayurveda<\/a><\/li>\n<li class=\"menu-item menu-item-type-post_type menu-item-object-page menu-item-2029\"><a href=\"https:\/\/amnromania.ro\/en\/ayurveda\/nutrition-and-longevity\/\" class=\"elementor-item\" tabindex=\"-1\">Natural food and longevity<\/a><\/li>\n<li class=\"menu-item menu-item-type-post_type menu-item-object-page menu-item-2030\"><a href=\"https:\/\/amnromania.ro\/en\/ayurveda\/ayurveda-and-health\/\" class=\"elementor-item\" tabindex=\"-1\">Ayurveda and health<\/a><\/li>\n<li class=\"menu-item menu-item-type-post_type menu-item-object-page menu-item-2031\"><a href=\"https:\/\/amnromania.ro\/en\/ayurveda\/ayurveda-system-of-healing\/\" class=\"elementor-item\" tabindex=\"-1\">Ayurveda - healing system<\/a><\/li>\n<li class=\"menu-item menu-item-type-post_type menu-item-object-page menu-item-2032\"><a href=\"https:\/\/amnromania.ro\/en\/ayurveda\/uniqueness-perspective-ayurvedic\/\" class=\"elementor-item\" tabindex=\"-1\">Uniqueness of the Ayurvedic perspective<\/a><\/li>\n<li class=\"menu-item menu-item-type-post_type menu-item-object-page menu-item-2033\"><a href=\"https:\/\/amnromania.ro\/en\/ayurveda\/ayurvedic-knowledge\/\" class=\"elementor-item\" tabindex=\"-1\">Ayurvedic knowledge<\/a><\/li>\n<li class=\"menu-item menu-item-type-post_type menu-item-object-page menu-item-2058\"><a href=\"https:\/\/amnromania.ro\/en\/ayurveda\/how-to\/\" class=\"elementor-item\" tabindex=\"-1\">Practical arrangements<\/a><\/li>\n<\/ul>\t\t\t<\/nav>\n\t\t\t\t\t\t<\/div>\n\t\t\t\t<\/div>\n\t\t\t\t\t<\/div>\n\t\t<\/div>\n\t\t\t\t<div class=\"elementor-column elementor-col-50 elementor-top-column elementor-element elementor-element-58cd236\" data-id=\"58cd236\" data-element_type=\"column\">\n\t\t\t<div class=\"elementor-widget-wrap elementor-element-populated\">\n\t\t\t\t\t\t<div class=\"elementor-element elementor-element-92558a6 elementor-widget elementor-widget-text-editor\" data-id=\"92558a6\" data-element_type=\"widget\" data-widget_type=\"text-editor.default\">\n\t\t\t\t<div class=\"elementor-widget-container\">\n\t\t\t\t\t\t\t\t\t<h1>\u00a0<\/h1><h1 style=\"text-align: center;\"><span style=\"color: #00ccff;\"><strong>Practical ways of Ayurveda<\/strong><\/span><\/h1><p>\u00a0<\/p><h2><span style=\"color: #00ccff;\">Features of Ayurveda<\/span><\/h2><p>Ayurveda is a very practical system of health care and recovery. Its modalities are accessible and easily applicable and not least, inexpensive. Also, Ayurvedic knowledge has objective contents that only direct experience can reveal. Ayurvedic modalities are non-traumatic, non-invasive and do not disturb other forms of treatment. They can potentiate the effect of almost any form of healing and can therefore be administered, without any problems or side-effects, together with other conventional treatments.<\/p><h2><span style=\"color: #00ccff;\">Types of Ayurvedic procedures<\/span><\/h2><p>From this point of view it is good to know that in Ayurveda there are:<\/p><p>1. Ayurvedic procedures which are indicated for people in relatively normal health (not suffering from any serious ailment). These procedures are intended both to protect the human being who applies them (by not allowing any illness to develop) and to help him or her become increasingly harmonious.<\/p><p>2. Ayurvedic procedures for people already suffering from certain conditions. These procedures are designed to eliminate, first and foremost, the condition(s). Application of this type of Ayurvedic procedures requires a thorough knowledge of Ayurveda.<\/p><h2><span style=\"color: #00ccff;\">Ayurveda Objectives<\/span><\/h2><p>As is well known, any medical science has two objectives: the first is to prevent diseases (including health promotion) and the second is to treat them with a view to cure them when they have already occurred. Of these, the former is always better and preferable, just as it is much wiser to keep out of the mud than to have to wash it off yourself.<\/p><p>Unfortunately, however, both in the minds of many and in practice, medicine today is mostly the science of curing disease. If you're not yet really ill, in the view of most people, there's no need to see a doctor. Thus, we can see that nowadays people have lost the notion of a healthy lifestyle. Most people live 'at random', and when, at some point, an illness occurs (because our bodies do not function 'at random', but always according to very precise laws), it is often seen as an unfair stroke of fate, or as bad luck, and not as a natural result of mistakes made.<\/p><p>Beyond that, in the past, a practitioner of Ayurveda was considered a true Ayurvedic practitioner only when those he cared for did not become ill. One who wishes to apply Ayurvedic knowledge will begin by knowing what preventive methods to use to prevent illness, and if illness does tend to set in, it can be 'caught' early, when it has not yet established itself in the physical body.<\/p><h2><span style=\"color: #00ccff;\">Svasthavritta<\/span><\/h2><p>All preventive procedures, which are intended to maintain health and prevent diseases, are included in Ayurveda in the branch called SVASTHAVRITTA.<\/p><p>In Ayurveda there are a number of healing methods, often also used for preventive purposes, which are applied differently depending on the constitutional type.<\/p>\t\t\t\t\t\t\t\t<\/div>\n\t\t\t\t<\/div>\n\t\t\t\t\t<\/div>\n\t\t<\/div>\n\t\t\t\t\t<\/div>\n\t\t<\/section>\n\t\t\t\t<\/div>","protected":false},"excerpt":{"rendered":"<p>\u00a0 Practical ways of Ayurveda Ayurveda is a very practical system of health care and recovery. Its ways are accessible and easily applicable and not least, inexpensive. Also, Ayurvedic knowledge has objective contents that only direct experience can reveal. Ayurvedic practice modalities are non-traumatic, non-invasive [...]<\/p>","protected":false},"author":1,"featured_media":0,"parent":114,"menu_order":0,"comment_status":"closed","ping_status":"closed","template":"","meta":{"_mi_skip_tracking":false,"_analytify_skip_tracking":false,"footnotes":""},"class_list":["post-2056","page","type-page","status-publish","hentry"],"aioseo_notices":[],"aioseo_head":"\n\t\t<!-- All in One SEO Pro 4.7.0 - aioseo.com -->\n\t\t<meta name=\"description\" content=\"Ayurveda este un sistem foarte practic de ocrotire \u015fi recuperare a s\u0103n\u0103t\u0103\u0163ii. Modalit\u0103\u0163ile sale sunt accesibile \u015fi u\u015for aplicabile \u015fi nu \u00een ultimul r\u00e2nd, ieftine.\" \/>\n\t\t<meta name=\"robots\" content=\"max-image-preview:large\" \/>\n\t\t<meta name=\"google-site-verification\" content=\"G-391X30D2FS\" \/>\n\t\t<link rel=\"canonical\" href=\"https:\/\/amnromania.ro\/en\/ayurveda\/how-to\/\" \/>\n\t\t<meta name=\"generator\" content=\"All in One SEO Pro (AIOSEO) 4.7.0\" \/>\n\t\t<meta property=\"og:locale\" content=\"en_US\" \/>\n\t\t<meta property=\"og:site_name\" content=\"AMN Ayurveda ROM\u00c2NIA | Asociatia Nationala pentru Promovarea Medicinelor Neconventionale\" \/>\n\t\t<meta property=\"og:type\" content=\"article\" \/>\n\t\t<meta property=\"og:title\" content=\"Modalitati practice | AMN Ayurveda ROM\u00c2NIA\" \/>\n\t\t<meta property=\"og:description\" content=\"Ayurveda este un sistem foarte practic de ocrotire \u015fi recuperare a s\u0103n\u0103t\u0103\u0163ii. Modalit\u0103\u0163ile sale sunt accesibile \u015fi u\u015for aplicabile \u015fi nu \u00een ultimul r\u00e2nd, ieftine.\" \/>\n\t\t<meta property=\"og:url\" content=\"https:\/\/amnromania.ro\/en\/ayurveda\/how-to\/\" \/>\n\t\t<meta property=\"og:image\" content=\"https:\/\/amnromania.ro\/ynorsyju\/2021\/06\/Ayurveda-in-Romania-Vol.-2-Ro.jpg\" \/>\n\t\t<meta property=\"og:image:secure_url\" content=\"https:\/\/amnromania.ro\/ynorsyju\/2021\/06\/Ayurveda-in-Romania-Vol.-2-Ro.jpg\" \/>\n\t\t<meta property=\"article:published_time\" content=\"2020-11-05T17:09:30+00:00\" \/>\n\t\t<meta property=\"article:modified_time\" content=\"2020-11-08T17:46:53+00:00\" \/>\n\t\t<meta property=\"article:publisher\" content=\"https:\/\/www.facebook.com\/AMNRomania\" \/>\n\t\t<script type=\"application\/ld+json\" class=\"aioseo-schema\">\n\t\t\t{\"@context\":\"https:\\\/\\\/schema.org\",\"@graph\":[{\"@type\":\"BreadcrumbList\",\"@id\":\"https:\\\/\\\/amnromania.ro\\\/en\\\/ayurveda\\\/how-to\\\/#breadcrumblist\",\"itemListElement\":[{\"@type\":\"ListItem\",\"@id\":\"https:\\\/\\\/amnromania.ro\\\/en\\\/#listItem\",\"position\":1,\"name\":\"Home\",\"item\":\"https:\\\/\\\/amnromania.ro\\\/en\\\/\",\"nextItem\":\"https:\\\/\\\/amnromania.ro\\\/en\\\/ayurveda\\\/#listItem\"},{\"@type\":\"ListItem\",\"@id\":\"https:\\\/\\\/amnromania.ro\\\/en\\\/ayurveda\\\/#listItem\",\"position\":2,\"name\":\"Ayurveda\",\"item\":\"https:\\\/\\\/amnromania.ro\\\/en\\\/ayurveda\\\/\",\"nextItem\":\"https:\\\/\\\/amnromania.ro\\\/en\\\/ayurveda\\\/how-to\\\/#listItem\",\"previousItem\":\"https:\\\/\\\/amnromania.ro\\\/en\\\/#listItem\"},{\"@type\":\"ListItem\",\"@id\":\"https:\\\/\\\/amnromania.ro\\\/en\\\/ayurveda\\\/how-to\\\/#listItem\",\"position\":3,\"name\":\"Modalitati practice\",\"previousItem\":\"https:\\\/\\\/amnromania.ro\\\/en\\\/ayurveda\\\/#listItem\"}]},{\"@type\":\"Organization\",\"@id\":\"https:\\\/\\\/amnromania.ro\\\/en\\\/#organization\",\"name\":\"AMN Ayurveda Romania\",\"url\":\"https:\\\/\\\/amnromania.ro\\\/en\\\/\",\"logo\":{\"@type\":\"ImageObject\",\"url\":\"https:\\\/\\\/amnromania.ro\\\/ynorsyju\\\/2020\\\/10\\\/amn.png\",\"@id\":\"https:\\\/\\\/amnromania.ro\\\/en\\\/ayurveda\\\/how-to\\\/#organizationLogo\"},\"image\":{\"@id\":\"https:\\\/\\\/amnromania.ro\\\/en\\\/ayurveda\\\/how-to\\\/#organizationLogo\"},\"sameAs\":[\"https:\\\/\\\/www.facebook.com\\\/AMNRomania\",\"https:\\\/\\\/www.youtube.com\\\/channel\\\/UClfqKxiq_uZ11rthDIT3-BQ\\\/videos\"]},{\"@type\":\"WebPage\",\"@id\":\"https:\\\/\\\/amnromania.ro\\\/en\\\/ayurveda\\\/how-to\\\/#webpage\",\"url\":\"https:\\\/\\\/amnromania.ro\\\/en\\\/ayurveda\\\/how-to\\\/\",\"name\":\"Modalitati practice | AMN Ayurveda ROM\\u00c2NIA\",\"description\":\"Ayurveda este un sistem foarte practic de ocrotire \\u015fi recuperare a s\\u0103n\\u0103t\\u0103\\u0163ii. Modalit\\u0103\\u0163ile sale sunt accesibile \\u015fi u\\u015for aplicabile \\u015fi nu \\u00een ultimul r\\u00e2nd, ieftine.\",\"inLanguage\":\"en-US\",\"isPartOf\":{\"@id\":\"https:\\\/\\\/amnromania.ro\\\/en\\\/#website\"},\"breadcrumb\":{\"@id\":\"https:\\\/\\\/amnromania.ro\\\/en\\\/ayurveda\\\/how-to\\\/#breadcrumblist\"},\"datePublished\":\"2020-11-05T17:09:30+02:00\",\"dateModified\":\"2020-11-08T17:46:53+02:00\"},{\"@type\":\"WebSite\",\"@id\":\"https:\\\/\\\/amnromania.ro\\\/en\\\/#website\",\"url\":\"https:\\\/\\\/amnromania.ro\\\/en\\\/\",\"name\":\"AMN Ayurveda ROM\\u00c2NIA\",\"description\":\"Asociatia Nationala pentru Promovarea Medicinelor Neconventionale\",\"inLanguage\":\"en-US\",\"publisher\":{\"@id\":\"https:\\\/\\\/amnromania.ro\\\/en\\\/#organization\"}}]}\n\t\t<\/script>\n\t\t<!-- All in One SEO Pro -->\r\n\t\t<title>Modalitati practice | AMN Ayurveda ROM\u00c2NIA<\/title>\n\n","aioseo_head_json":{"title":"Modalitati practice | AMN Ayurveda ROM\u00c2NIA","description":"Ayurveda este un sistem foarte practic de ocrotire \u015fi recuperare a s\u0103n\u0103t\u0103\u0163ii. Modalit\u0103\u0163ile sale sunt accesibile \u015fi u\u015for aplicabile \u015fi nu \u00een ultimul r\u00e2nd, ieftine.","canonical_url":"https:\/\/amnromania.ro\/en\/ayurveda\/how-to\/","robots":"max-image-preview:large","keywords":"","webmasterTools":{"google-site-verification":"G-391X30D2FS","miscellaneous":""},"og:locale":"en_US","og:site_name":"AMN Ayurveda ROM\u00c2NIA | Asociatia Nationala pentru Promovarea Medicinelor Neconventionale","og:type":"article","og:title":"Modalitati practice | AMN Ayurveda ROM\u00c2NIA","og:description":"Ayurveda este un sistem foarte practic de ocrotire \u015fi recuperare a s\u0103n\u0103t\u0103\u0163ii. Modalit\u0103\u0163ile sale sunt accesibile \u015fi u\u015for aplicabile \u015fi nu \u00een ultimul r\u00e2nd, ieftine.","og:url":"https:\/\/amnromania.ro\/en\/ayurveda\/how-to\/","og:image":"https:\/\/amnromania.ro\/ynorsyju\/2021\/06\/Ayurveda-in-Romania-Vol.-2-Ro.jpg","og:image:secure_url":"https:\/\/amnromania.ro\/ynorsyju\/2021\/06\/Ayurveda-in-Romania-Vol.-2-Ro.jpg","article:published_time":"2020-11-05T17:09:30+00:00","article:modified_time":"2020-11-08T17:46:53+00:00","article:publisher":"https:\/\/www.facebook.com\/AMNRomania","schema":{"@context":"https:\/\/schema.org","@graph":[{"@type":"BreadcrumbList","@id":"https:\/\/amnromania.ro\/en\/ayurveda\/how-to\/#breadcrumblist","itemListElement":[{"@type":"ListItem","@id":"https:\/\/amnromania.ro\/en\/#listItem","position":1,"name":"Home","item":"https:\/\/amnromania.ro\/en\/","nextItem":"https:\/\/amnromania.ro\/en\/ayurveda\/#listItem"},{"@type":"ListItem","@id":"https:\/\/amnromania.ro\/en\/ayurveda\/#listItem","position":2,"name":"Ayurveda","item":"https:\/\/amnromania.ro\/en\/ayurveda\/","nextItem":"https:\/\/amnromania.ro\/en\/ayurveda\/how-to\/#listItem","previousItem":"https:\/\/amnromania.ro\/en\/#listItem"},{"@type":"ListItem","@id":"https:\/\/amnromania.ro\/en\/ayurveda\/how-to\/#listItem","position":3,"name":"Modalitati practice","previousItem":"https:\/\/amnromania.ro\/en\/ayurveda\/#listItem"}]},{"@type":"Organization","@id":"https:\/\/amnromania.ro\/en\/#organization","name":"AMN Ayurveda Romania","url":"https:\/\/amnromania.ro\/en\/","logo":{"@type":"ImageObject","url":"https:\/\/amnromania.ro\/ynorsyju\/2020\/10\/amn.png","@id":"https:\/\/amnromania.ro\/en\/ayurveda\/how-to\/#organizationLogo"},"image":{"@id":"https:\/\/amnromania.ro\/en\/ayurveda\/how-to\/#organizationLogo"},"sameAs":["https:\/\/www.facebook.com\/AMNRomania","https:\/\/www.youtube.com\/channel\/UClfqKxiq_uZ11rthDIT3-BQ\/videos"]},{"@type":"WebPage","@id":"https:\/\/amnromania.ro\/en\/ayurveda\/how-to\/#webpage","url":"https:\/\/amnromania.ro\/en\/ayurveda\/how-to\/","name":"Modalitati practice | AMN Ayurveda ROM\u00c2NIA","description":"Ayurveda este un sistem foarte practic de ocrotire \u015fi recuperare a s\u0103n\u0103t\u0103\u0163ii. Modalit\u0103\u0163ile sale sunt accesibile \u015fi u\u015for aplicabile \u015fi nu \u00een ultimul r\u00e2nd, ieftine.","inLanguage":"en-US","isPartOf":{"@id":"https:\/\/amnromania.ro\/en\/#website"},"breadcrumb":{"@id":"https:\/\/amnromania.ro\/en\/ayurveda\/how-to\/#breadcrumblist"},"datePublished":"2020-11-05T17:09:30+02:00","dateModified":"2020-11-08T17:46:53+02:00"},{"@type":"WebSite","@id":"https:\/\/amnromania.ro\/en\/#website","url":"https:\/\/amnromania.ro\/en\/","name":"AMN Ayurveda ROM\u00c2NIA","description":"Asociatia Nationala pentru Promovarea Medicinelor Neconventionale","inLanguage":"en-US","publisher":{"@id":"https:\/\/amnromania.ro\/en\/#organization"}}]}},"aioseo_meta_data":{"post_id":"2056","title":null,"description":"Ayurveda este un sistem foarte practic de ocrotire \u015fi recuperare a s\u0103n\u0103t\u0103\u0163ii. Modalit\u0103\u0163ile sale sunt accesibile \u015fi u\u015for aplicabile \u015fi nu \u00een ultimul r\u00e2nd, ieftine.","keywords":null,"keyphrases":null,"primary_term":null,"canonical_url":null,"og_title":null,"og_description":null,"og_object_type":"default","og_image_type":"default","og_image_url":null,"og_image_width":null,"og_image_height":null,"og_image_custom_url":null,"og_image_custom_fields":null,"og_video":null,"og_custom_url":null,"og_article_section":null,"og_article_tags":null,"twitter_use_og":false,"twitter_card":"default","twitter_image_type":"default","twitter_image_url":null,"twitter_image_custom_url":null,"twitter_image_custom_fields":null,"twitter_title":null,"twitter_description":null,"schema":{"blockGraphs":[],"customGraphs":[],"default":{"data":{"Article":[],"Course":[],"Dataset":[],"FAQPage":[],"Movie":[],"Person":[],"Product":[],"Recipe":[],"Service":[],"SoftwareApplication":[],"WebPage":[]},"graphName":"WebPage","isEnabled":true},"graphs":[]},"schema_type":null,"schema_type_options":null,"pillar_content":false,"robots_default":true,"robots_noindex":false,"robots_noarchive":false,"robots_nosnippet":false,"robots_nofollow":false,"robots_noimageindex":false,"robots_noodp":false,"robots_notranslate":false,"robots_max_snippet":null,"robots_max_videopreview":null,"robots_max_imagepreview":"large","priority":null,"frequency":null,"local_seo":null,"limit_modified_date":false,"open_ai":null,"created":"2020-12-21 07:24:50","updated":"2024-01-28 10:52:43"},"aioseo_breadcrumb":"<div class=\"aioseo-breadcrumbs\"><span class=\"aioseo-breadcrumb\">\n\t<a href=\"https:\/\/amnromania.ro\/en\" title=\"Home\">Home<\/a>\n<\/span><span class=\"aioseo-breadcrumb-separator\">&raquo;<\/span><span class=\"aioseo-breadcrumb\">\n\t<a href=\"https:\/\/amnromania.ro\/en\/ayurveda\/\" title=\"Ayurveda\">Ayurveda<\/a>\n<\/span><span class=\"aioseo-breadcrumb-separator\">&raquo;<\/span><span class=\"aioseo-breadcrumb\">\n\tModalitati practice\n<\/span><\/div>","aioseo_breadcrumb_json":[{"label":"Home","link":"https:\/\/amnromania.ro\/en"},{"label":"Ayurveda","link":"https:\/\/amnromania.ro\/en\/ayurveda\/"},{"label":"Modalitati practice","link":"https:\/\/amnromania.ro\/en\/ayurveda\/how-to\/"}],"_links":{"self":[{"href":"https:\/\/amnromania.ro\/en\/wp-json\/wp\/v2\/pages\/2056","targetHints":{"allow":["GET"]}}],"collection":[{"href":"https:\/\/amnromania.ro\/en\/wp-json\/wp\/v2\/pages"}],"about":[{"href":"https:\/\/amnromania.ro\/en\/wp-json\/wp\/v2\/types\/page"}],"author":[{"embeddable":true,"href":"https:\/\/amnromania.ro\/en\/wp-json\/wp\/v2\/users\/1"}],"replies":[{"embeddable":true,"href":"https:\/\/amnromania.ro\/en\/wp-json\/wp\/v2\/comments?post=2056"}],"version-history":[{"count":0,"href":"https:\/\/amnromania.ro\/en\/wp-json\/wp\/v2\/pages\/2056\/revisions"}],"up":[{"embeddable":true,"href":"https:\/\/amnromania.ro\/en\/wp-json\/wp\/v2\/pages\/114"}],"wp:attachment":[{"href":"https:\/\/amnromania.ro\/en\/wp-json\/wp\/v2\/media?parent=2056"}],"curies":[{"name":"wp","href":"https:\/\/api.w.org\/{rel}","templated":true}]}}