{"id":2005,"date":"2020-11-05T16:48:26","date_gmt":"2020-11-05T16:48:26","guid":{"rendered":"https:\/\/amnromania.ro\/?page_id=2005"},"modified":"2020-11-08T19:51:50","modified_gmt":"2020-11-08T19:51:50","slug":"uniqueness-perspective-ayurvedic","status":"publish","type":"page","link":"https:\/\/amnromania.ro\/en\/ayurveda\/uniqueness-perspective-ayurvedic\/","title":{"rendered":"Uniqueness of the Ayurvedic perspective"},"content":{"rendered":"<div data-elementor-type=\"wp-page\" data-elementor-id=\"2005\" class=\"elementor elementor-2005\" data-elementor-post-type=\"page\">\n\t\t\t\t\t\t<section class=\"elementor-section elementor-top-section elementor-element elementor-element-2f41dbf elementor-section-boxed elementor-section-height-default elementor-section-height-default\" data-id=\"2f41dbf\" data-element_type=\"section\">\n\t\t\t\t\t\t<div class=\"elementor-container elementor-column-gap-default\">\n\t\t\t\t\t<div class=\"elementor-column elementor-col-50 elementor-top-column elementor-element elementor-element-ca2ca9b\" data-id=\"ca2ca9b\" data-element_type=\"column\">\n\t\t\t<div class=\"elementor-widget-wrap elementor-element-populated\">\n\t\t\t\t\t\t<div class=\"elementor-element elementor-element-69cb545 elementor-nav-menu__align-start elementor-nav-menu__text-align-center elementor-nav-menu--dropdown-tablet elementor-nav-menu--toggle elementor-nav-menu--burger elementor-widget elementor-widget-global elementor-global-2579 elementor-widget-nav-menu\" data-id=\"69cb545\" data-element_type=\"widget\" data-settings=\"{&quot;layout&quot;:&quot;vertical&quot;,&quot;submenu_icon&quot;:{&quot;value&quot;:&quot;fas fa-chevron-down&quot;,&quot;library&quot;:&quot;fa-solid&quot;},&quot;toggle&quot;:&quot;burger&quot;}\" data-widget_type=\"nav-menu.default\">\n\t\t\t\t<div class=\"elementor-widget-container\">\n\t\t\t\t\t\t\t\t<nav aria-label=\"Menu\" class=\"elementor-nav-menu--main elementor-nav-menu__container elementor-nav-menu--layout-vertical e--pointer-background e--animation-fade\">\n\t\t\t\t<ul id=\"menu-1-69cb545\" class=\"elementor-nav-menu sm-vertical\"><li class=\"menu-item menu-item-type-post_type menu-item-object-page menu-item-2034\"><a href=\"https:\/\/amnromania.ro\/en\/ayurveda\/dimension-esoteric\/\" class=\"elementor-item\">The esoteric dimension<\/a><\/li>\n<li class=\"menu-item menu-item-type-post_type menu-item-object-page menu-item-2026\"><a href=\"https:\/\/amnromania.ro\/en\/ayurveda\/o-life-happiness\/\" class=\"elementor-item\">A happy life<\/a><\/li>\n<li class=\"menu-item menu-item-type-post_type menu-item-object-page menu-item-2027\"><a href=\"https:\/\/amnromania.ro\/en\/ayurveda\/beauty-feminine\/\" class=\"elementor-item\">Feminine beauty<\/a><\/li>\n<li class=\"menu-item menu-item-type-post_type menu-item-object-page menu-item-2028\"><a href=\"https:\/\/amnromania.ro\/en\/ayurveda\/balanced-food-in-ayurveda\/\" class=\"elementor-item\">Balanced nutrition in ayurveda<\/a><\/li>\n<li class=\"menu-item menu-item-type-post_type menu-item-object-page menu-item-2029\"><a href=\"https:\/\/amnromania.ro\/en\/ayurveda\/nutrition-and-longevity\/\" class=\"elementor-item\">Natural food and longevity<\/a><\/li>\n<li class=\"menu-item menu-item-type-post_type menu-item-object-page menu-item-2030\"><a href=\"https:\/\/amnromania.ro\/en\/ayurveda\/ayurveda-and-health\/\" class=\"elementor-item\">Ayurveda and health<\/a><\/li>\n<li class=\"menu-item menu-item-type-post_type menu-item-object-page menu-item-2031\"><a href=\"https:\/\/amnromania.ro\/en\/ayurveda\/ayurveda-system-of-healing\/\" class=\"elementor-item\">Ayurveda - healing system<\/a><\/li>\n<li class=\"menu-item menu-item-type-post_type menu-item-object-page menu-item-2032\"><a href=\"https:\/\/amnromania.ro\/en\/ayurveda\/uniqueness-perspective-ayurvedic\/\" class=\"elementor-item\">Uniqueness of the Ayurvedic perspective<\/a><\/li>\n<li class=\"menu-item menu-item-type-post_type menu-item-object-page menu-item-2033\"><a href=\"https:\/\/amnromania.ro\/en\/ayurveda\/ayurvedic-knowledge\/\" class=\"elementor-item\">Ayurvedic knowledge<\/a><\/li>\n<li class=\"menu-item menu-item-type-post_type menu-item-object-page menu-item-2058\"><a href=\"https:\/\/amnromania.ro\/en\/ayurveda\/how-to\/\" class=\"elementor-item\">Practical arrangements<\/a><\/li>\n<\/ul>\t\t\t<\/nav>\n\t\t\t\t\t<div class=\"elementor-menu-toggle\" role=\"button\" tabindex=\"0\" aria-label=\"Toggle menu\" aria-expanded=\"false\">\n\t\t\t<i aria-hidden=\"true\" role=\"presentation\" class=\"elementor-menu-toggle__icon--open eicon-menu-bar\"><\/i><i aria-hidden=\"true\" role=\"presentation\" class=\"elementor-menu-toggle__icon--close eicon-close\"><\/i>\t\t<\/div>\n\t\t\t\t\t<nav class=\"elementor-nav-menu--dropdown elementor-nav-menu__container\" aria-hidden=\"true\">\n\t\t\t\t<ul id=\"menu-2-69cb545\" class=\"elementor-nav-menu sm-vertical\"><li class=\"menu-item menu-item-type-post_type menu-item-object-page menu-item-2034\"><a href=\"https:\/\/amnromania.ro\/en\/ayurveda\/dimension-esoteric\/\" class=\"elementor-item\" tabindex=\"-1\">The esoteric dimension<\/a><\/li>\n<li class=\"menu-item menu-item-type-post_type menu-item-object-page menu-item-2026\"><a href=\"https:\/\/amnromania.ro\/en\/ayurveda\/o-life-happiness\/\" class=\"elementor-item\" tabindex=\"-1\">A happy life<\/a><\/li>\n<li class=\"menu-item menu-item-type-post_type menu-item-object-page menu-item-2027\"><a href=\"https:\/\/amnromania.ro\/en\/ayurveda\/beauty-feminine\/\" class=\"elementor-item\" tabindex=\"-1\">Feminine beauty<\/a><\/li>\n<li class=\"menu-item menu-item-type-post_type menu-item-object-page menu-item-2028\"><a href=\"https:\/\/amnromania.ro\/en\/ayurveda\/balanced-food-in-ayurveda\/\" class=\"elementor-item\" tabindex=\"-1\">Balanced nutrition in ayurveda<\/a><\/li>\n<li class=\"menu-item menu-item-type-post_type menu-item-object-page menu-item-2029\"><a href=\"https:\/\/amnromania.ro\/en\/ayurveda\/nutrition-and-longevity\/\" class=\"elementor-item\" tabindex=\"-1\">Natural food and longevity<\/a><\/li>\n<li class=\"menu-item menu-item-type-post_type menu-item-object-page menu-item-2030\"><a href=\"https:\/\/amnromania.ro\/en\/ayurveda\/ayurveda-and-health\/\" class=\"elementor-item\" tabindex=\"-1\">Ayurveda and health<\/a><\/li>\n<li class=\"menu-item menu-item-type-post_type menu-item-object-page menu-item-2031\"><a href=\"https:\/\/amnromania.ro\/en\/ayurveda\/ayurveda-system-of-healing\/\" class=\"elementor-item\" tabindex=\"-1\">Ayurveda - healing system<\/a><\/li>\n<li class=\"menu-item menu-item-type-post_type menu-item-object-page menu-item-2032\"><a href=\"https:\/\/amnromania.ro\/en\/ayurveda\/uniqueness-perspective-ayurvedic\/\" class=\"elementor-item\" tabindex=\"-1\">Uniqueness of the Ayurvedic perspective<\/a><\/li>\n<li class=\"menu-item menu-item-type-post_type menu-item-object-page menu-item-2033\"><a href=\"https:\/\/amnromania.ro\/en\/ayurveda\/ayurvedic-knowledge\/\" class=\"elementor-item\" tabindex=\"-1\">Ayurvedic knowledge<\/a><\/li>\n<li class=\"menu-item menu-item-type-post_type menu-item-object-page menu-item-2058\"><a href=\"https:\/\/amnromania.ro\/en\/ayurveda\/how-to\/\" class=\"elementor-item\" tabindex=\"-1\">Practical arrangements<\/a><\/li>\n<\/ul>\t\t\t<\/nav>\n\t\t\t\t\t\t<\/div>\n\t\t\t\t<\/div>\n\t\t\t\t\t<\/div>\n\t\t<\/div>\n\t\t\t\t<div class=\"elementor-column elementor-col-50 elementor-top-column elementor-element elementor-element-8a80ead\" data-id=\"8a80ead\" data-element_type=\"column\">\n\t\t\t<div class=\"elementor-widget-wrap elementor-element-populated\">\n\t\t\t\t\t\t<div class=\"elementor-element elementor-element-c6c4f44 elementor-widget elementor-widget-text-editor\" data-id=\"c6c4f44\" data-element_type=\"widget\" data-widget_type=\"text-editor.default\">\n\t\t\t\t<div class=\"elementor-widget-container\">\n\t\t\t\t\t\t\t\t\t<h1 style=\"text-align: center;\"><b><img fetchpriority=\"high\" decoding=\"async\" class=\"aligncenter wp-image-2755 size-full\" src=\"https:\/\/amnromania.ro\/wp-content\/uploads\/2020\/11\/unicitatea-perspectivei-ayurvedice.jpg\" alt=\"\" width=\"559\" height=\"340\" srcset=\"https:\/\/amnromania.ro\/wp-content\/uploads\/2020\/11\/unicitatea-perspectivei-ayurvedice.jpg 559w, https:\/\/amnromania.ro\/wp-content\/uploads\/2020\/11\/unicitatea-perspectivei-ayurvedice-300x182.jpg 300w\" sizes=\"(max-width: 559px) 100vw, 559px\" \/><\/b><\/h1><h1>\u00a0<\/h1><h1 style=\"text-align: center;\"><span style=\"color: #3366ff;\"><b>THE UNIQUENESS OF THE PERSPECTIVE OFFERED BY THE ANCIENT AYURVEDIC TRADITION<\/b><\/span><\/h1><p>\u00a0<\/p><h2><span style=\"color: #3366ff;\"><b>Unconventional medicine<\/b><\/span><\/h2><p class=\"Text2\">Unconventional medicine has become increasingly popular these days. In many situations human beings choose to treat themselves with herbs and natural products. Of course, there are also people who do not use natural means, precisely because they cannot believe in natural or traditional medicine.<\/p><p class=\"Text2\">But, first and foremost, the practical use of natural means of healing is not a matter to be approached as a choice of believing or not believing. In reality, such a choice is a matter of knowledge.<\/p><p class=\"Text2\">Given that modern medicine itself has ancient origins, it is useful to know what underlies this science. We know that today the father of modern medicine is almost unanimously considered to be Hippocrates.<\/p><h2><span style=\"color: #3366ff;\"><b>Etymology of the word \"medicine\"<\/b><\/span><\/h2><p class=\"Text2\">Perhaps less well known is the fact that the modern name \"medicine\" itself derives, or, in other words, comes from a<wbr \/>an Indo term<wbr \/>European. Indo root<wbr \/>European \"<span class=\"C-20\">med<\/span>\" is what gave rise to the Latin terms \"<span class=\"C-20\">mederi<\/span>\", which means \"to take care of someone\" and \"meditari\", which means \"to think\" or \"to reflect\".<\/p><p class=\"Text2\">Thus, if we go through such a short history of medicine, which in reality is in fact spread over a long period of time, even if only from an etymological point of view, we find that what we now call \"medicine\", together with all the methods so-<wbr \/>The so-called unconventional healing methods, to which spirituality is added, practically all of them have a common root.<\/p><p class=\"Text2\">The act of caring for someone, the act of caring for someone, which is in fact the very origin of the term \"medicine\", has its origins in many of the healing traditions that are spread across the globe and which we now somewhat distantly call \"unconventional medicines\". We call them so precisely because they do not correspond to current conventional standards.<\/p><p class=\"Text2\">But in reality, even modern medicine and-<wbr \/>drew inspiration, and-<wbr \/>based development, on the knowledge that comes from these very traditional healing systems, including\u00a0<a href=\"http:\/\/amnromania.ro\/en\/Ayurveda.html\/\">Ayurveda<\/a>which we are looking to reactivate and see what is valid and what can be put to good use.<\/p><p class=\"Text2\">Moreover, we can say that some systems of unconventional medicine are true treasures of knowledge, such as the traditional medical system Ayurveda, which is in fact the traditional Indian Knowledge of Life.<\/p><h2><span style=\"color: #3366ff;\"><b>Ayurveda<\/b><\/span><\/h2><p class=\"Text2\">In Sanskrit, Ayurveda is composed of two terms, namely \"<span class=\"C-20\">ayus<\/span>\", which means \"life\" in Sanskrit and \"<span class=\"C-20\">see<\/span>\", which means \"knowledge\". So, we can say that Ayurveda is actually the knowledge of life in its entirety and complexity.<\/p><p class=\"Text2\">Ayurveda is much more than what the vast majority of human beings today have as a representation of traditional medicine.<\/p><p class=\"Text2\">Ayurveda is in fact a genuine system of health education. We can say, even more than that, that Ayurveda is in fact a genuine system of self-education.<\/p><h2><span style=\"color: #3366ff;\"><b>Lifestyle and prevention<\/b><\/span><\/h2><p class=\"Text2\">Each of us thinks about prevention, each of us thinks about a healthy lifestyle, each of us knows that certain things, certain actions or certain choices we make in life are not always the best.<\/p><p class=\"Text2\">Later, after some time, we may find that an adverse choice has either resulted in a disorder, a disease, an illness or even a simple shortcoming.<\/p><p class=\"Text2\">When we lucidly realise what the determinative, causal connection is between them, we make an important connection in consciousness.<\/p><h2><span style=\"color: #3366ff;\"><b>Health education<\/b><\/span><\/h2><p class=\"Text2\">Among the non-conventional medicines, we can say that the traditional Ayurveda system offers a much broader educational base, teaching the being to live in a healthy way.<\/p><p class=\"Text2\">In reality, there is no contradiction between non-conventional medicine, and in particular Ayurveda, and modern medicine.<\/p><p class=\"Text2\">They complement each other, help each other and can thus provide people with additional knowledge, which can then be used on all levels.<\/p>\t\t\t\t\t\t\t\t<\/div>\n\t\t\t\t<\/div>\n\t\t\t\t\t<\/div>\n\t\t<\/div>\n\t\t\t\t\t<\/div>\n\t\t<\/section>\n\t\t\t\t<\/div>","protected":false},"excerpt":{"rendered":"<p>\u00a0 THE UNIQUENESS OF PERSPECTIVE OFFERED BY THE MILLENNIUM AYURVEDIC TRADITION Unconventional medicine Unconventional medicine has become increasingly popular today. In many situations human beings choose to treat themselves with herbs and natural products. Of course, there are also people who do not use natural means, precisely because they cannot [...]<\/p>","protected":false},"author":1,"featured_media":0,"parent":114,"menu_order":0,"comment_status":"closed","ping_status":"closed","template":"","meta":{"_mi_skip_tracking":false,"_analytify_skip_tracking":false,"footnotes":""},"class_list":["post-2005","page","type-page","status-publish","hentry"],"aioseo_notices":[],"aioseo_head":"\n\t\t<!-- All in One SEO Pro 4.7.0 - aioseo.com -->\n\t\t<meta name=\"description\" content=\"Folosirea practic\u0103 a mijloacelor naturale de vindecare nu este o problem\u0103 care s\u0103 fie abordat\u0103 ca o alegere de a crede sau de a nu crede. \u00cen realitate, o astfel de op\u0163iune este o chestiune legat\u0103 de cunoa\u015ftere.\" \/>\n\t\t<meta name=\"robots\" content=\"max-image-preview:large\" \/>\n\t\t<meta name=\"google-site-verification\" content=\"G-391X30D2FS\" \/>\n\t\t<link rel=\"canonical\" href=\"https:\/\/amnromania.ro\/en\/ayurveda\/uniqueness-perspective-ayurvedic\/\" \/>\n\t\t<meta name=\"generator\" content=\"All in One SEO Pro (AIOSEO) 4.7.0\" \/>\n\t\t<meta property=\"og:locale\" content=\"en_US\" \/>\n\t\t<meta property=\"og:site_name\" content=\"AMN Ayurveda ROM\u00c2NIA | Asociatia Nationala pentru Promovarea Medicinelor Neconventionale\" \/>\n\t\t<meta property=\"og:type\" content=\"article\" \/>\n\t\t<meta property=\"og:title\" content=\"Unicitatea perspectivei ayurvedice | AMN Ayurveda ROM\u00c2NIA\" \/>\n\t\t<meta property=\"og:description\" content=\"Folosirea practic\u0103 a mijloacelor naturale de vindecare nu este o problem\u0103 care s\u0103 fie abordat\u0103 ca o alegere de a crede sau de a nu crede. \u00cen realitate, o astfel de op\u0163iune este o chestiune legat\u0103 de cunoa\u015ftere.\" \/>\n\t\t<meta property=\"og:url\" content=\"https:\/\/amnromania.ro\/en\/ayurveda\/uniqueness-perspective-ayurvedic\/\" \/>\n\t\t<meta property=\"og:image\" content=\"https:\/\/amnromania.ro\/ynorsyju\/2021\/06\/Ayurveda-in-Romania-Vol.-2-Ro.jpg\" \/>\n\t\t<meta property=\"og:image:secure_url\" content=\"https:\/\/amnromania.ro\/ynorsyju\/2021\/06\/Ayurveda-in-Romania-Vol.-2-Ro.jpg\" \/>\n\t\t<meta property=\"article:published_time\" content=\"2020-11-05T16:48:26+00:00\" \/>\n\t\t<meta property=\"article:modified_time\" content=\"2020-11-08T19:51:50+00:00\" \/>\n\t\t<meta property=\"article:publisher\" content=\"https:\/\/www.facebook.com\/AMNRomania\" \/>\n\t\t<script type=\"application\/ld+json\" class=\"aioseo-schema\">\n\t\t\t{\"@context\":\"https:\\\/\\\/schema.org\",\"@graph\":[{\"@type\":\"BreadcrumbList\",\"@id\":\"https:\\\/\\\/amnromania.ro\\\/en\\\/ayurveda\\\/uniqueness-perspective-ayurvedic\\\/#breadcrumblist\",\"itemListElement\":[{\"@type\":\"ListItem\",\"@id\":\"https:\\\/\\\/amnromania.ro\\\/en\\\/#listItem\",\"position\":1,\"name\":\"Home\",\"item\":\"https:\\\/\\\/amnromania.ro\\\/en\\\/\",\"nextItem\":\"https:\\\/\\\/amnromania.ro\\\/en\\\/ayurveda\\\/#listItem\"},{\"@type\":\"ListItem\",\"@id\":\"https:\\\/\\\/amnromania.ro\\\/en\\\/ayurveda\\\/#listItem\",\"position\":2,\"name\":\"Ayurveda\",\"item\":\"https:\\\/\\\/amnromania.ro\\\/en\\\/ayurveda\\\/\",\"nextItem\":\"https:\\\/\\\/amnromania.ro\\\/en\\\/ayurveda\\\/uniqueness-perspective-ayurvedic\\\/#listItem\",\"previousItem\":\"https:\\\/\\\/amnromania.ro\\\/en\\\/#listItem\"},{\"@type\":\"ListItem\",\"@id\":\"https:\\\/\\\/amnromania.ro\\\/en\\\/ayurveda\\\/uniqueness-perspective-ayurvedic\\\/#listItem\",\"position\":3,\"name\":\"Unicitatea perspectivei ayurvedice\",\"previousItem\":\"https:\\\/\\\/amnromania.ro\\\/en\\\/ayurveda\\\/#listItem\"}]},{\"@type\":\"Organization\",\"@id\":\"https:\\\/\\\/amnromania.ro\\\/en\\\/#organization\",\"name\":\"AMN Ayurveda Romania\",\"url\":\"https:\\\/\\\/amnromania.ro\\\/en\\\/\",\"logo\":{\"@type\":\"ImageObject\",\"url\":\"https:\\\/\\\/amnromania.ro\\\/ynorsyju\\\/2020\\\/10\\\/amn.png\",\"@id\":\"https:\\\/\\\/amnromania.ro\\\/en\\\/ayurveda\\\/uniqueness-perspective-ayurvedic\\\/#organizationLogo\"},\"image\":{\"@id\":\"https:\\\/\\\/amnromania.ro\\\/en\\\/ayurveda\\\/uniqueness-perspective-ayurvedic\\\/#organizationLogo\"},\"sameAs\":[\"https:\\\/\\\/www.facebook.com\\\/AMNRomania\",\"https:\\\/\\\/www.youtube.com\\\/channel\\\/UClfqKxiq_uZ11rthDIT3-BQ\\\/videos\"]},{\"@type\":\"WebPage\",\"@id\":\"https:\\\/\\\/amnromania.ro\\\/en\\\/ayurveda\\\/uniqueness-perspective-ayurvedic\\\/#webpage\",\"url\":\"https:\\\/\\\/amnromania.ro\\\/en\\\/ayurveda\\\/uniqueness-perspective-ayurvedic\\\/\",\"name\":\"Unicitatea perspectivei ayurvedice | AMN Ayurveda ROM\\u00c2NIA\",\"description\":\"Folosirea practic\\u0103 a mijloacelor naturale de vindecare nu este o problem\\u0103 care s\\u0103 fie abordat\\u0103 ca o alegere de a crede sau de a nu crede. \\u00cen realitate, o astfel de op\\u0163iune este o chestiune legat\\u0103 de cunoa\\u015ftere.\",\"inLanguage\":\"en-US\",\"isPartOf\":{\"@id\":\"https:\\\/\\\/amnromania.ro\\\/en\\\/#website\"},\"breadcrumb\":{\"@id\":\"https:\\\/\\\/amnromania.ro\\\/en\\\/ayurveda\\\/uniqueness-perspective-ayurvedic\\\/#breadcrumblist\"},\"datePublished\":\"2020-11-05T16:48:26+02:00\",\"dateModified\":\"2020-11-08T19:51:50+02:00\"},{\"@type\":\"WebSite\",\"@id\":\"https:\\\/\\\/amnromania.ro\\\/en\\\/#website\",\"url\":\"https:\\\/\\\/amnromania.ro\\\/en\\\/\",\"name\":\"AMN Ayurveda ROM\\u00c2NIA\",\"description\":\"Asociatia Nationala pentru Promovarea Medicinelor Neconventionale\",\"inLanguage\":\"en-US\",\"publisher\":{\"@id\":\"https:\\\/\\\/amnromania.ro\\\/en\\\/#organization\"}}]}\n\t\t<\/script>\n\t\t<!-- All in One SEO Pro -->\r\n\t\t<title>Unicitatea perspectivei ayurvedice | AMN Ayurveda ROM\u00c2NIA<\/title>\n\n","aioseo_head_json":{"title":"Unicitatea perspectivei ayurvedice | AMN Ayurveda ROM\u00c2NIA","description":"Folosirea practic\u0103 a mijloacelor naturale de vindecare nu este o problem\u0103 care s\u0103 fie abordat\u0103 ca o alegere de a crede sau de a nu crede. \u00cen realitate, o astfel de op\u0163iune este o chestiune legat\u0103 de cunoa\u015ftere.","canonical_url":"https:\/\/amnromania.ro\/en\/ayurveda\/uniqueness-perspective-ayurvedic\/","robots":"max-image-preview:large","keywords":"","webmasterTools":{"google-site-verification":"G-391X30D2FS","miscellaneous":""},"og:locale":"en_US","og:site_name":"AMN Ayurveda ROM\u00c2NIA | Asociatia Nationala pentru Promovarea Medicinelor Neconventionale","og:type":"article","og:title":"Unicitatea perspectivei ayurvedice | AMN Ayurveda ROM\u00c2NIA","og:description":"Folosirea practic\u0103 a mijloacelor naturale de vindecare nu este o problem\u0103 care s\u0103 fie abordat\u0103 ca o alegere de a crede sau de a nu crede. \u00cen realitate, o astfel de op\u0163iune este o chestiune legat\u0103 de cunoa\u015ftere.","og:url":"https:\/\/amnromania.ro\/en\/ayurveda\/uniqueness-perspective-ayurvedic\/","og:image":"https:\/\/amnromania.ro\/ynorsyju\/2021\/06\/Ayurveda-in-Romania-Vol.-2-Ro.jpg","og:image:secure_url":"https:\/\/amnromania.ro\/ynorsyju\/2021\/06\/Ayurveda-in-Romania-Vol.-2-Ro.jpg","article:published_time":"2020-11-05T16:48:26+00:00","article:modified_time":"2020-11-08T19:51:50+00:00","article:publisher":"https:\/\/www.facebook.com\/AMNRomania","schema":{"@context":"https:\/\/schema.org","@graph":[{"@type":"BreadcrumbList","@id":"https:\/\/amnromania.ro\/en\/ayurveda\/uniqueness-perspective-ayurvedic\/#breadcrumblist","itemListElement":[{"@type":"ListItem","@id":"https:\/\/amnromania.ro\/en\/#listItem","position":1,"name":"Home","item":"https:\/\/amnromania.ro\/en\/","nextItem":"https:\/\/amnromania.ro\/en\/ayurveda\/#listItem"},{"@type":"ListItem","@id":"https:\/\/amnromania.ro\/en\/ayurveda\/#listItem","position":2,"name":"Ayurveda","item":"https:\/\/amnromania.ro\/en\/ayurveda\/","nextItem":"https:\/\/amnromania.ro\/en\/ayurveda\/uniqueness-perspective-ayurvedic\/#listItem","previousItem":"https:\/\/amnromania.ro\/en\/#listItem"},{"@type":"ListItem","@id":"https:\/\/amnromania.ro\/en\/ayurveda\/uniqueness-perspective-ayurvedic\/#listItem","position":3,"name":"Unicitatea perspectivei ayurvedice","previousItem":"https:\/\/amnromania.ro\/en\/ayurveda\/#listItem"}]},{"@type":"Organization","@id":"https:\/\/amnromania.ro\/en\/#organization","name":"AMN Ayurveda Romania","url":"https:\/\/amnromania.ro\/en\/","logo":{"@type":"ImageObject","url":"https:\/\/amnromania.ro\/ynorsyju\/2020\/10\/amn.png","@id":"https:\/\/amnromania.ro\/en\/ayurveda\/uniqueness-perspective-ayurvedic\/#organizationLogo"},"image":{"@id":"https:\/\/amnromania.ro\/en\/ayurveda\/uniqueness-perspective-ayurvedic\/#organizationLogo"},"sameAs":["https:\/\/www.facebook.com\/AMNRomania","https:\/\/www.youtube.com\/channel\/UClfqKxiq_uZ11rthDIT3-BQ\/videos"]},{"@type":"WebPage","@id":"https:\/\/amnromania.ro\/en\/ayurveda\/uniqueness-perspective-ayurvedic\/#webpage","url":"https:\/\/amnromania.ro\/en\/ayurveda\/uniqueness-perspective-ayurvedic\/","name":"Unicitatea perspectivei ayurvedice | AMN Ayurveda ROM\u00c2NIA","description":"Folosirea practic\u0103 a mijloacelor naturale de vindecare nu este o problem\u0103 care s\u0103 fie abordat\u0103 ca o alegere de a crede sau de a nu crede. \u00cen realitate, o astfel de op\u0163iune este o chestiune legat\u0103 de cunoa\u015ftere.","inLanguage":"en-US","isPartOf":{"@id":"https:\/\/amnromania.ro\/en\/#website"},"breadcrumb":{"@id":"https:\/\/amnromania.ro\/en\/ayurveda\/uniqueness-perspective-ayurvedic\/#breadcrumblist"},"datePublished":"2020-11-05T16:48:26+02:00","dateModified":"2020-11-08T19:51:50+02:00"},{"@type":"WebSite","@id":"https:\/\/amnromania.ro\/en\/#website","url":"https:\/\/amnromania.ro\/en\/","name":"AMN Ayurveda ROM\u00c2NIA","description":"Asociatia Nationala pentru Promovarea Medicinelor Neconventionale","inLanguage":"en-US","publisher":{"@id":"https:\/\/amnromania.ro\/en\/#organization"}}]}},"aioseo_meta_data":{"post_id":"2005","title":null,"description":"Folosirea practic\u0103 a mijloacelor naturale de vindecare nu este o problem\u0103 care s\u0103 fie abordat\u0103 ca o alegere de a crede sau de a nu crede. \u00cen realitate, o astfel de op\u0163iune este o chestiune legat\u0103 de cunoa\u015ftere.","keywords":null,"keyphrases":null,"primary_term":null,"canonical_url":null,"og_title":null,"og_description":null,"og_object_type":"default","og_image_type":"default","og_image_url":null,"og_image_width":null,"og_image_height":null,"og_image_custom_url":null,"og_image_custom_fields":null,"og_video":null,"og_custom_url":null,"og_article_section":null,"og_article_tags":null,"twitter_use_og":false,"twitter_card":"default","twitter_image_type":"default","twitter_image_url":null,"twitter_image_custom_url":null,"twitter_image_custom_fields":null,"twitter_title":null,"twitter_description":null,"schema":{"blockGraphs":[],"customGraphs":[],"default":{"data":{"Article":[],"Course":[],"Dataset":[],"FAQPage":[],"Movie":[],"Person":[],"Product":[],"Recipe":[],"Service":[],"SoftwareApplication":[],"WebPage":[]},"graphName":"WebPage","isEnabled":true},"graphs":[]},"schema_type":null,"schema_type_options":null,"pillar_content":false,"robots_default":true,"robots_noindex":false,"robots_noarchive":false,"robots_nosnippet":false,"robots_nofollow":false,"robots_noimageindex":false,"robots_noodp":false,"robots_notranslate":false,"robots_max_snippet":null,"robots_max_videopreview":null,"robots_max_imagepreview":"large","priority":null,"frequency":null,"local_seo":null,"limit_modified_date":false,"open_ai":null,"created":"2020-12-21 07:26:24","updated":"2024-01-28 10:53:51"},"aioseo_breadcrumb":"<div class=\"aioseo-breadcrumbs\"><span class=\"aioseo-breadcrumb\">\n\t<a href=\"https:\/\/amnromania.ro\/en\" title=\"Home\">Home<\/a>\n<\/span><span class=\"aioseo-breadcrumb-separator\">&raquo;<\/span><span class=\"aioseo-breadcrumb\">\n\t<a href=\"https:\/\/amnromania.ro\/en\/ayurveda\/\" title=\"Ayurveda\">Ayurveda<\/a>\n<\/span><span class=\"aioseo-breadcrumb-separator\">&raquo;<\/span><span class=\"aioseo-breadcrumb\">\n\tUnicitatea perspectivei ayurvedice\n<\/span><\/div>","aioseo_breadcrumb_json":[{"label":"Home","link":"https:\/\/amnromania.ro\/en"},{"label":"Ayurveda","link":"https:\/\/amnromania.ro\/en\/ayurveda\/"},{"label":"Unicitatea perspectivei ayurvedice","link":"https:\/\/amnromania.ro\/en\/ayurveda\/uniqueness-perspective-ayurvedic\/"}],"_links":{"self":[{"href":"https:\/\/amnromania.ro\/en\/wp-json\/wp\/v2\/pages\/2005","targetHints":{"allow":["GET"]}}],"collection":[{"href":"https:\/\/amnromania.ro\/en\/wp-json\/wp\/v2\/pages"}],"about":[{"href":"https:\/\/amnromania.ro\/en\/wp-json\/wp\/v2\/types\/page"}],"author":[{"embeddable":true,"href":"https:\/\/amnromania.ro\/en\/wp-json\/wp\/v2\/users\/1"}],"replies":[{"embeddable":true,"href":"https:\/\/amnromania.ro\/en\/wp-json\/wp\/v2\/comments?post=2005"}],"version-history":[{"count":0,"href":"https:\/\/amnromania.ro\/en\/wp-json\/wp\/v2\/pages\/2005\/revisions"}],"up":[{"embeddable":true,"href":"https:\/\/amnromania.ro\/en\/wp-json\/wp\/v2\/pages\/114"}],"wp:attachment":[{"href":"https:\/\/amnromania.ro\/en\/wp-json\/wp\/v2\/media?parent=2005"}],"curies":[{"name":"wp","href":"https:\/\/api.w.org\/{rel}","templated":true}]}}