{"id":12458,"date":"2024-10-28T08:18:49","date_gmt":"2024-10-28T06:18:49","guid":{"rendered":"https:\/\/amnromania.ro\/?page_id=12458"},"modified":"2024-10-28T10:14:18","modified_gmt":"2024-10-28T08:14:18","slug":"day-ayurveda-2024","status":"publish","type":"page","link":"https:\/\/amnromania.ro\/en\/day-ayurveda-2024\/","title":{"rendered":"Ayurveda Day 2024"},"content":{"rendered":"<div data-elementor-type=\"wp-page\" data-elementor-id=\"12458\" class=\"elementor elementor-12458\" data-elementor-post-type=\"page\">\n\t\t\t\t\t\t<section class=\"elementor-section elementor-top-section elementor-element elementor-element-0b3894c elementor-section-boxed elementor-section-height-default elementor-section-height-default\" data-id=\"0b3894c\" data-element_type=\"section\">\n\t\t\t\t\t\t<div class=\"elementor-container elementor-column-gap-default\">\n\t\t\t\t\t<div class=\"elementor-column elementor-col-50 elementor-top-column elementor-element elementor-element-6b7e2ca\" data-id=\"6b7e2ca\" data-element_type=\"column\">\n\t\t\t<div class=\"elementor-widget-wrap elementor-element-populated\">\n\t\t\t\t\t\t<div class=\"elementor-element elementor-element-6f25bc3 elementor-nav-menu__align-start elementor-nav-menu__text-align-center elementor-nav-menu--dropdown-tablet elementor-nav-menu--toggle elementor-nav-menu--burger elementor-widget elementor-widget-global elementor-global-5200 elementor-widget-nav-menu\" data-id=\"6f25bc3\" data-element_type=\"widget\" data-settings=\"{&quot;layout&quot;:&quot;vertical&quot;,&quot;submenu_icon&quot;:{&quot;value&quot;:&quot;fas fa-caret-down&quot;,&quot;library&quot;:&quot;fa-solid&quot;},&quot;toggle&quot;:&quot;burger&quot;}\" data-widget_type=\"nav-menu.default\">\n\t\t\t\t<div class=\"elementor-widget-container\">\n\t\t\t\t\t\t\t\t<nav aria-label=\"Menu\" class=\"elementor-nav-menu--main elementor-nav-menu__container elementor-nav-menu--layout-vertical e--pointer-background e--animation-fade\">\n\t\t\t\t<ul id=\"menu-1-6f25bc3\" class=\"elementor-nav-menu sm-vertical\"><li class=\"menu-item menu-item-type-post_type menu-item-object-page menu-item-6419\"><a href=\"https:\/\/amnromania.ro\/en\/day-ayurveda\/\" class=\"elementor-item\">Ayurveda Day<\/a><\/li>\n<li class=\"menu-item menu-item-type-post_type menu-item-object-page menu-item-11894\"><a href=\"https:\/\/amnromania.ro\/en\/presentations\/\" class=\"elementor-item\">Presentations<\/a><\/li>\n<li class=\"menu-item menu-item-type-post_type menu-item-object-page menu-item-11880\"><a href=\"https:\/\/amnromania.ro\/en\/festivities\/\" class=\"elementor-item\">Festivities<\/a><\/li>\n<li class=\"menu-item menu-item-type-post_type menu-item-object-page menu-item-11893\"><a href=\"https:\/\/amnromania.ro\/en\/conferences\/\" class=\"elementor-item\">Conferences<\/a><\/li>\n<\/ul>\t\t\t<\/nav>\n\t\t\t\t\t<div class=\"elementor-menu-toggle\" role=\"button\" tabindex=\"0\" aria-label=\"Toggle menu\" aria-expanded=\"false\">\n\t\t\t<i aria-hidden=\"true\" role=\"presentation\" class=\"elementor-menu-toggle__icon--open eicon-menu-bar\"><\/i><i aria-hidden=\"true\" role=\"presentation\" class=\"elementor-menu-toggle__icon--close eicon-close\"><\/i>\t\t<\/div>\n\t\t\t\t\t<nav class=\"elementor-nav-menu--dropdown elementor-nav-menu__container\" aria-hidden=\"true\">\n\t\t\t\t<ul id=\"menu-2-6f25bc3\" class=\"elementor-nav-menu sm-vertical\"><li class=\"menu-item menu-item-type-post_type menu-item-object-page menu-item-6419\"><a href=\"https:\/\/amnromania.ro\/en\/day-ayurveda\/\" class=\"elementor-item\" tabindex=\"-1\">Ayurveda Day<\/a><\/li>\n<li class=\"menu-item menu-item-type-post_type menu-item-object-page menu-item-11894\"><a href=\"https:\/\/amnromania.ro\/en\/presentations\/\" class=\"elementor-item\" tabindex=\"-1\">Presentations<\/a><\/li>\n<li class=\"menu-item menu-item-type-post_type menu-item-object-page menu-item-11880\"><a href=\"https:\/\/amnromania.ro\/en\/festivities\/\" class=\"elementor-item\" tabindex=\"-1\">Festivities<\/a><\/li>\n<li class=\"menu-item menu-item-type-post_type menu-item-object-page menu-item-11893\"><a href=\"https:\/\/amnromania.ro\/en\/conferences\/\" class=\"elementor-item\" tabindex=\"-1\">Conferences<\/a><\/li>\n<\/ul>\t\t\t<\/nav>\n\t\t\t\t\t\t<\/div>\n\t\t\t\t<\/div>\n\t\t\t\t\t<\/div>\n\t\t<\/div>\n\t\t\t\t<div class=\"elementor-column elementor-col-50 elementor-top-column elementor-element elementor-element-b20d60a\" data-id=\"b20d60a\" data-element_type=\"column\">\n\t\t\t<div class=\"elementor-widget-wrap elementor-element-populated\">\n\t\t\t\t\t\t<div class=\"elementor-element elementor-element-cca4f60 elementor-widget elementor-widget-text-editor\" data-id=\"cca4f60\" data-element_type=\"widget\" data-widget_type=\"text-editor.default\">\n\t\t\t\t<div class=\"elementor-widget-container\">\n\t\t\t\t\t\t\t\t\t<p>Invitation to the online event: Ayurveda Day 2024 in Romania<\/p>\t\t\t\t\t\t\t\t<\/div>\n\t\t\t\t<\/div>\n\t\t\t\t<div class=\"elementor-element elementor-element-c269c76 elementor-widget elementor-widget-heading\" data-id=\"c269c76\" data-element_type=\"widget\" data-widget_type=\"heading.default\">\n\t\t\t\t<div class=\"elementor-widget-container\">\n\t\t\t\t\t<h1 class=\"elementor-heading-title elementor-size-default\">Ayurveda Day 2024 in Romania<br><\/h1>\t\t\t\t<\/div>\n\t\t\t\t<\/div>\n\t\t\t\t<div class=\"elementor-element elementor-element-7a59d6a elementor-widget elementor-widget-image\" data-id=\"7a59d6a\" data-element_type=\"widget\" data-widget_type=\"image.default\">\n\t\t\t\t<div class=\"elementor-widget-container\">\n\t\t\t\t\t\t\t\t\t\t\t\t\t\t\t<img decoding=\"async\" src=\"https:\/\/amnromania.ro\/wp-content\/uploads\/elementor\/thumbs\/photo_2024-10-28_08-34-02-qw7mx6qsah1enf54v79exd8klffdkglo510kyxf41s.jpg\" title=\"photo_2024-10-28_08-34-02\" alt=\"photo_2024-10-28_08-34-02\" loading=\"lazy\" \/>\t\t\t\t\t\t\t\t\t\t\t\t\t\t\t<\/div>\n\t\t\t\t<\/div>\n\t\t\t\t<div class=\"elementor-element elementor-element-fde1445 elementor-widget elementor-widget-text-editor\" data-id=\"fde1445\" data-element_type=\"widget\" data-widget_type=\"text-editor.default\">\n\t\t\t\t<div class=\"elementor-widget-container\">\n\t\t\t\t\t\t\t\t\t<p>\u00a0<\/p><p>AMN-Romania - The National Association for the Promotion of Unconventional Medicines in Romania, Ayush Cell Romania and Ayus Grup Romania invite you to participate in the online event <strong>\"Ayurveda Day 2024 in Romania\"<\/strong>which will take place on <strong>October 29, 2024<\/strong>time <strong>12:00<\/strong> (Romanian time) \/ <strong>15:30<\/strong> (India time).<\/p><p><strong>Event details:<\/strong><\/p><ul><li><strong>Theme:<\/strong> Ayurveda Day 2024 - AMN-Romania - Ayush Cell Romania - 29.10.2024 - 12:00 (Romanian time)<\/li><li><strong>Date and time:<\/strong> October 29, 2024, 12:00 PM (Bucharest)<\/li><\/ul><p><strong>Zoom participation:<\/strong><\/p><ul><li><a href=\"https:\/\/us02web.zoom.us\/j\/87644592221?pwd=v9GdYfWr2BLfCCUFOvd9kqPzhU8VMr.1\" target=\"_new\" rel=\"noopener\">Go to Zoom meeting<\/a><\/li><li><strong>Meeting ID:<\/strong> 876 4459 2221<\/li><li><strong>Access code:<\/strong> 703889<\/li><\/ul><p>We will have the honor to have as our guest Her Excellency <strong>Manika Jain<\/strong>, Ambassador of India in Romania, along with other personalities in the field of Ayurvedic medicine and unconventional therapies.<\/p>\t\t\t\t\t\t\t\t<\/div>\n\t\t\t\t<\/div>\n\t\t\t\t\t<\/div>\n\t\t<\/div>\n\t\t\t\t\t<\/div>\n\t\t<\/section>\n\t\t\t\t<\/div>","protected":false},"excerpt":{"rendered":"<p>Invitation for the online event: Ayurveda Day 2024 in Romania Ayurveda Day 2024 in Romania AMN-Romania - National Association for the Promotion of Unconventional Medicines in Romania, Ayush Cell Romania and Ayus Grup Romania invite you to participate in the online event \"Ayurveda Day 2024 in Romania\", which will take place on October 29, 2024, at 12:00 [...]<\/p>","protected":false},"author":1,"featured_media":0,"parent":0,"menu_order":0,"comment_status":"closed","ping_status":"closed","template":"","meta":{"_mi_skip_tracking":false,"_analytify_skip_tracking":false,"footnotes":""},"class_list":["post-12458","page","type-page","status-publish","hentry"],"aioseo_notices":[],"aioseo_head":"\n\t\t<!-- All in One SEO Pro 4.7.0 - aioseo.com -->\n\t\t<meta name=\"description\" content=\"Ziua Ayurveda Prezentari Festivitati Conferinte Ziua Ayurveda Prezentari Festivitati Conferinte Invita\u021bie pentru evenimentul online: Ayurveda Day 2024 \u00een Rom\u00e2nia Ziua Ayurveda 2024 \u00een Rom\u00e2nia AMN-Rom\u00e2nia \u2013 Asocia\u021bia Na\u021bional\u0103 pentru Promovarea Medicinelor Neconven\u021bionale din Rom\u00e2nia, Ayush Cell Rom\u00e2nia \u0219i Ayus Grup Rom\u00e2nia v\u0103 invit\u0103 s\u0103 participa\u021bi la evenimentul online \u201cAyurveda Day 2024 in Romania\u201d, ce va\" \/>\n\t\t<meta name=\"robots\" content=\"max-image-preview:large\" \/>\n\t\t<meta name=\"google-site-verification\" content=\"G-391X30D2FS\" \/>\n\t\t<link rel=\"canonical\" href=\"https:\/\/amnromania.ro\/en\/day-ayurveda-2024\/\" \/>\n\t\t<meta name=\"generator\" content=\"All in One SEO Pro (AIOSEO) 4.7.0\" \/>\n\t\t<meta property=\"og:locale\" content=\"en_US\" \/>\n\t\t<meta property=\"og:site_name\" content=\"AMN Ayurveda ROM\u00c2NIA | Asociatia Nationala pentru Promovarea Medicinelor Neconventionale\" \/>\n\t\t<meta property=\"og:type\" content=\"article\" \/>\n\t\t<meta property=\"og:title\" content=\"Ziua Ayurveda 2024 | AMN Ayurveda ROM\u00c2NIA\" \/>\n\t\t<meta property=\"og:description\" content=\"Ziua Ayurveda Prezentari Festivitati Conferinte Ziua Ayurveda Prezentari Festivitati Conferinte Invita\u021bie pentru evenimentul online: Ayurveda Day 2024 \u00een Rom\u00e2nia Ziua Ayurveda 2024 \u00een Rom\u00e2nia AMN-Rom\u00e2nia \u2013 Asocia\u021bia Na\u021bional\u0103 pentru Promovarea Medicinelor Neconven\u021bionale din Rom\u00e2nia, Ayush Cell Rom\u00e2nia \u0219i Ayus Grup Rom\u00e2nia v\u0103 invit\u0103 s\u0103 participa\u021bi la evenimentul online \u201cAyurveda Day 2024 in Romania\u201d, ce va\" \/>\n\t\t<meta property=\"og:url\" content=\"https:\/\/amnromania.ro\/en\/day-ayurveda-2024\/\" \/>\n\t\t<meta property=\"og:image\" content=\"https:\/\/amnromania.ro\/ynorsyju\/2021\/06\/Ayurveda-in-Romania-Vol.-2-Ro.jpg\" \/>\n\t\t<meta property=\"og:image:secure_url\" content=\"https:\/\/amnromania.ro\/ynorsyju\/2021\/06\/Ayurveda-in-Romania-Vol.-2-Ro.jpg\" \/>\n\t\t<meta property=\"article:published_time\" content=\"2024-10-28T06:18:49+00:00\" \/>\n\t\t<meta property=\"article:modified_time\" content=\"2024-10-28T08:14:18+00:00\" \/>\n\t\t<meta property=\"article:publisher\" content=\"https:\/\/www.facebook.com\/AMNRomania\" \/>\n\t\t<script type=\"application\/ld+json\" class=\"aioseo-schema\">\n\t\t\t{\"@context\":\"https:\\\/\\\/schema.org\",\"@graph\":[{\"@type\":\"BreadcrumbList\",\"@id\":\"https:\\\/\\\/amnromania.ro\\\/en\\\/day-ayurveda-2024\\\/#breadcrumblist\",\"itemListElement\":[{\"@type\":\"ListItem\",\"@id\":\"https:\\\/\\\/amnromania.ro\\\/en\\\/#listItem\",\"position\":1,\"name\":\"Home\",\"item\":\"https:\\\/\\\/amnromania.ro\\\/en\\\/\",\"nextItem\":\"https:\\\/\\\/amnromania.ro\\\/en\\\/day-ayurveda-2024\\\/#listItem\"},{\"@type\":\"ListItem\",\"@id\":\"https:\\\/\\\/amnromania.ro\\\/en\\\/day-ayurveda-2024\\\/#listItem\",\"position\":2,\"name\":\"Ziua Ayurveda 2024\",\"previousItem\":\"https:\\\/\\\/amnromania.ro\\\/en\\\/#listItem\"}]},{\"@type\":\"Organization\",\"@id\":\"https:\\\/\\\/amnromania.ro\\\/en\\\/#organization\",\"name\":\"AMN Ayurveda Romania\",\"url\":\"https:\\\/\\\/amnromania.ro\\\/en\\\/\",\"logo\":{\"@type\":\"ImageObject\",\"url\":\"https:\\\/\\\/amnromania.ro\\\/ynorsyju\\\/2020\\\/10\\\/amn.png\",\"@id\":\"https:\\\/\\\/amnromania.ro\\\/en\\\/day-ayurveda-2024\\\/#organizationLogo\"},\"image\":{\"@id\":\"https:\\\/\\\/amnromania.ro\\\/en\\\/day-ayurveda-2024\\\/#organizationLogo\"},\"sameAs\":[\"https:\\\/\\\/www.facebook.com\\\/AMNRomania\",\"https:\\\/\\\/www.youtube.com\\\/channel\\\/UClfqKxiq_uZ11rthDIT3-BQ\\\/videos\"]},{\"@type\":\"WebPage\",\"@id\":\"https:\\\/\\\/amnromania.ro\\\/en\\\/day-ayurveda-2024\\\/#webpage\",\"url\":\"https:\\\/\\\/amnromania.ro\\\/en\\\/day-ayurveda-2024\\\/\",\"name\":\"Ziua Ayurveda 2024 | AMN Ayurveda ROM\\u00c2NIA\",\"description\":\"Ziua Ayurveda Prezentari Festivitati Conferinte Ziua Ayurveda Prezentari Festivitati Conferinte Invita\\u021bie pentru evenimentul online: Ayurveda Day 2024 \\u00een Rom\\u00e2nia Ziua Ayurveda 2024 \\u00een Rom\\u00e2nia AMN-Rom\\u00e2nia \\u2013 Asocia\\u021bia Na\\u021bional\\u0103 pentru Promovarea Medicinelor Neconven\\u021bionale din Rom\\u00e2nia, Ayush Cell Rom\\u00e2nia \\u0219i Ayus Grup Rom\\u00e2nia v\\u0103 invit\\u0103 s\\u0103 participa\\u021bi la evenimentul online \\u201cAyurveda Day 2024 in Romania\\u201d, ce va\",\"inLanguage\":\"en-US\",\"isPartOf\":{\"@id\":\"https:\\\/\\\/amnromania.ro\\\/en\\\/#website\"},\"breadcrumb\":{\"@id\":\"https:\\\/\\\/amnromania.ro\\\/en\\\/day-ayurveda-2024\\\/#breadcrumblist\"},\"datePublished\":\"2024-10-28T08:18:49+02:00\",\"dateModified\":\"2024-10-28T10:14:18+02:00\"},{\"@type\":\"WebSite\",\"@id\":\"https:\\\/\\\/amnromania.ro\\\/en\\\/#website\",\"url\":\"https:\\\/\\\/amnromania.ro\\\/en\\\/\",\"name\":\"AMN Ayurveda ROM\\u00c2NIA\",\"description\":\"Asociatia Nationala pentru Promovarea Medicinelor Neconventionale\",\"inLanguage\":\"en-US\",\"publisher\":{\"@id\":\"https:\\\/\\\/amnromania.ro\\\/en\\\/#organization\"}}]}\n\t\t<\/script>\n\t\t<!-- All in One SEO Pro -->\r\n\t\t<title>Ziua Ayurveda 2024 | AMN Ayurveda ROM\u00c2NIA<\/title>\n\n","aioseo_head_json":{"title":"Ziua Ayurveda 2024 | AMN Ayurveda ROM\u00c2NIA","description":"Ziua Ayurveda Prezentari Festivitati Conferinte Ziua Ayurveda Prezentari Festivitati Conferinte Invita\u021bie pentru evenimentul online: Ayurveda Day 2024 \u00een Rom\u00e2nia Ziua Ayurveda 2024 \u00een Rom\u00e2nia AMN-Rom\u00e2nia \u2013 Asocia\u021bia Na\u021bional\u0103 pentru Promovarea Medicinelor Neconven\u021bionale din Rom\u00e2nia, Ayush Cell Rom\u00e2nia \u0219i Ayus Grup Rom\u00e2nia v\u0103 invit\u0103 s\u0103 participa\u021bi la evenimentul online \u201cAyurveda Day 2024 in Romania\u201d, ce va","canonical_url":"https:\/\/amnromania.ro\/en\/day-ayurveda-2024\/","robots":"max-image-preview:large","keywords":"","webmasterTools":{"google-site-verification":"G-391X30D2FS","miscellaneous":""},"og:locale":"en_US","og:site_name":"AMN Ayurveda ROM\u00c2NIA | Asociatia Nationala pentru Promovarea Medicinelor Neconventionale","og:type":"article","og:title":"Ziua Ayurveda 2024 | AMN Ayurveda ROM\u00c2NIA","og:description":"Ziua Ayurveda Prezentari Festivitati Conferinte Ziua Ayurveda Prezentari Festivitati Conferinte Invita\u021bie pentru evenimentul online: Ayurveda Day 2024 \u00een Rom\u00e2nia Ziua Ayurveda 2024 \u00een Rom\u00e2nia AMN-Rom\u00e2nia \u2013 Asocia\u021bia Na\u021bional\u0103 pentru Promovarea Medicinelor Neconven\u021bionale din Rom\u00e2nia, Ayush Cell Rom\u00e2nia \u0219i Ayus Grup Rom\u00e2nia v\u0103 invit\u0103 s\u0103 participa\u021bi la evenimentul online \u201cAyurveda Day 2024 in Romania\u201d, ce va","og:url":"https:\/\/amnromania.ro\/en\/day-ayurveda-2024\/","og:image":"https:\/\/amnromania.ro\/ynorsyju\/2021\/06\/Ayurveda-in-Romania-Vol.-2-Ro.jpg","og:image:secure_url":"https:\/\/amnromania.ro\/ynorsyju\/2021\/06\/Ayurveda-in-Romania-Vol.-2-Ro.jpg","article:published_time":"2024-10-28T06:18:49+00:00","article:modified_time":"2024-10-28T08:14:18+00:00","article:publisher":"https:\/\/www.facebook.com\/AMNRomania","schema":{"@context":"https:\/\/schema.org","@graph":[{"@type":"BreadcrumbList","@id":"https:\/\/amnromania.ro\/en\/day-ayurveda-2024\/#breadcrumblist","itemListElement":[{"@type":"ListItem","@id":"https:\/\/amnromania.ro\/en\/#listItem","position":1,"name":"Home","item":"https:\/\/amnromania.ro\/en\/","nextItem":"https:\/\/amnromania.ro\/en\/day-ayurveda-2024\/#listItem"},{"@type":"ListItem","@id":"https:\/\/amnromania.ro\/en\/day-ayurveda-2024\/#listItem","position":2,"name":"Ziua Ayurveda 2024","previousItem":"https:\/\/amnromania.ro\/en\/#listItem"}]},{"@type":"Organization","@id":"https:\/\/amnromania.ro\/en\/#organization","name":"AMN Ayurveda Romania","url":"https:\/\/amnromania.ro\/en\/","logo":{"@type":"ImageObject","url":"https:\/\/amnromania.ro\/ynorsyju\/2020\/10\/amn.png","@id":"https:\/\/amnromania.ro\/en\/day-ayurveda-2024\/#organizationLogo"},"image":{"@id":"https:\/\/amnromania.ro\/en\/day-ayurveda-2024\/#organizationLogo"},"sameAs":["https:\/\/www.facebook.com\/AMNRomania","https:\/\/www.youtube.com\/channel\/UClfqKxiq_uZ11rthDIT3-BQ\/videos"]},{"@type":"WebPage","@id":"https:\/\/amnromania.ro\/en\/day-ayurveda-2024\/#webpage","url":"https:\/\/amnromania.ro\/en\/day-ayurveda-2024\/","name":"Ziua Ayurveda 2024 | AMN Ayurveda ROM\u00c2NIA","description":"Ziua Ayurveda Prezentari Festivitati Conferinte Ziua Ayurveda Prezentari Festivitati Conferinte Invita\u021bie pentru evenimentul online: Ayurveda Day 2024 \u00een Rom\u00e2nia Ziua Ayurveda 2024 \u00een Rom\u00e2nia AMN-Rom\u00e2nia \u2013 Asocia\u021bia Na\u021bional\u0103 pentru Promovarea Medicinelor Neconven\u021bionale din Rom\u00e2nia, Ayush Cell Rom\u00e2nia \u0219i Ayus Grup Rom\u00e2nia v\u0103 invit\u0103 s\u0103 participa\u021bi la evenimentul online \u201cAyurveda Day 2024 in Romania\u201d, ce va","inLanguage":"en-US","isPartOf":{"@id":"https:\/\/amnromania.ro\/en\/#website"},"breadcrumb":{"@id":"https:\/\/amnromania.ro\/en\/day-ayurveda-2024\/#breadcrumblist"},"datePublished":"2024-10-28T08:18:49+02:00","dateModified":"2024-10-28T10:14:18+02:00"},{"@type":"WebSite","@id":"https:\/\/amnromania.ro\/en\/#website","url":"https:\/\/amnromania.ro\/en\/","name":"AMN Ayurveda ROM\u00c2NIA","description":"Asociatia Nationala pentru Promovarea Medicinelor Neconventionale","inLanguage":"en-US","publisher":{"@id":"https:\/\/amnromania.ro\/en\/#organization"}}]}},"aioseo_meta_data":{"post_id":"12458","title":null,"description":null,"keywords":"[]","keyphrases":"{\"focus\":{\"keyphrase\":\"\",\"score\":0,\"analysis\":{\"keyphraseInTitle\":{\"score\":0,\"maxScore\":9,\"error\":1}}},\"additional\":[]}","primary_term":null,"canonical_url":null,"og_title":null,"og_description":null,"og_object_type":"default","og_image_type":"default","og_image_url":null,"og_image_width":null,"og_image_height":null,"og_image_custom_url":null,"og_image_custom_fields":null,"og_video":"","og_custom_url":null,"og_article_section":null,"og_article_tags":"[]","twitter_use_og":false,"twitter_card":"default","twitter_image_type":"default","twitter_image_url":null,"twitter_image_custom_url":null,"twitter_image_custom_fields":null,"twitter_title":null,"twitter_description":null,"schema":{"blockGraphs":[],"customGraphs":[],"default":{"data":{"Article":[],"Course":[],"Dataset":[],"FAQPage":[],"Movie":[],"Person":[],"Product":[],"Recipe":[],"Service":[],"SoftwareApplication":[],"WebPage":[]},"graphName":"WebPage","isEnabled":true},"graphs":[]},"schema_type":"default","schema_type_options":null,"pillar_content":false,"robots_default":true,"robots_noindex":false,"robots_noarchive":false,"robots_nosnippet":false,"robots_nofollow":false,"robots_noimageindex":false,"robots_noodp":false,"robots_notranslate":false,"robots_max_snippet":"-1","robots_max_videopreview":"-1","robots_max_imagepreview":"large","priority":null,"frequency":"default","local_seo":null,"limit_modified_date":false,"open_ai":{"title":{"suggestions":[],"usage":0},"description":{"suggestions":[],"usage":0}},"created":"2024-10-28 06:18:32","updated":"2024-10-28 08:21:47"},"aioseo_breadcrumb":"<div class=\"aioseo-breadcrumbs\"><span class=\"aioseo-breadcrumb\">\n\t<a href=\"https:\/\/amnromania.ro\/en\" title=\"Home\">Home<\/a>\n<\/span><span class=\"aioseo-breadcrumb-separator\">&raquo;<\/span><span class=\"aioseo-breadcrumb\">\n\tZiua Ayurveda 2024\n<\/span><\/div>","aioseo_breadcrumb_json":[{"label":"Home","link":"https:\/\/amnromania.ro\/en"},{"label":"Ziua Ayurveda 2024","link":"https:\/\/amnromania.ro\/en\/day-ayurveda-2024\/"}],"_links":{"self":[{"href":"https:\/\/amnromania.ro\/en\/wp-json\/wp\/v2\/pages\/12458","targetHints":{"allow":["GET"]}}],"collection":[{"href":"https:\/\/amnromania.ro\/en\/wp-json\/wp\/v2\/pages"}],"about":[{"href":"https:\/\/amnromania.ro\/en\/wp-json\/wp\/v2\/types\/page"}],"author":[{"embeddable":true,"href":"https:\/\/amnromania.ro\/en\/wp-json\/wp\/v2\/users\/1"}],"replies":[{"embeddable":true,"href":"https:\/\/amnromania.ro\/en\/wp-json\/wp\/v2\/comments?post=12458"}],"version-history":[{"count":31,"href":"https:\/\/amnromania.ro\/en\/wp-json\/wp\/v2\/pages\/12458\/revisions"}],"predecessor-version":[{"id":12490,"href":"https:\/\/amnromania.ro\/en\/wp-json\/wp\/v2\/pages\/12458\/revisions\/12490"}],"wp:attachment":[{"href":"https:\/\/amnromania.ro\/en\/wp-json\/wp\/v2\/media?parent=12458"}],"curies":[{"name":"wp","href":"https:\/\/api.w.org\/{rel}","templated":true}]}}