{"id":12270,"date":"2024-06-29T10:01:27","date_gmt":"2024-06-29T08:01:27","guid":{"rendered":"https:\/\/amnromania.ro\/?page_id=12270"},"modified":"2025-04-16T00:26:50","modified_gmt":"2025-04-15T22:26:50","slug":"tabara-de-ayurveda-2024","status":"publish","type":"page","link":"https:\/\/amnromania.ro\/en\/tabara-de-ayurveda-2024\/","title":{"rendered":"Ayurveda Tabara 2024"},"content":{"rendered":"<div data-elementor-type=\"wp-page\" data-elementor-id=\"12270\" class=\"elementor elementor-12270\" data-elementor-post-type=\"page\">\n\t\t\t\t\t\t<section class=\"elementor-section elementor-top-section elementor-element elementor-element-806a875 elementor-section-boxed elementor-section-height-default elementor-section-height-default\" data-id=\"806a875\" data-element_type=\"section\">\n\t\t\t\t\t\t<div class=\"elementor-container elementor-column-gap-default\">\n\t\t\t\t\t<div class=\"elementor-column elementor-col-50 elementor-top-column elementor-element elementor-element-c61d618\" data-id=\"c61d618\" data-element_type=\"column\">\n\t\t\t<div class=\"elementor-widget-wrap elementor-element-populated\">\n\t\t\t\t\t\t<div class=\"elementor-element elementor-element-aada3f3 elementor-nav-menu__align-start elementor-nav-menu__text-align-center elementor-nav-menu--dropdown-tablet elementor-nav-menu--toggle elementor-nav-menu--burger elementor-widget elementor-widget-global elementor-global-4259 elementor-widget-nav-menu\" data-id=\"aada3f3\" data-element_type=\"widget\" data-settings=\"{&quot;layout&quot;:&quot;vertical&quot;,&quot;submenu_icon&quot;:{&quot;value&quot;:&quot;fas fa-caret-down&quot;,&quot;library&quot;:&quot;fa-solid&quot;},&quot;toggle&quot;:&quot;burger&quot;}\" data-widget_type=\"nav-menu.default\">\n\t\t\t\t<div class=\"elementor-widget-container\">\n\t\t\t\t\t\t\t\t<nav aria-label=\"Menu\" class=\"elementor-nav-menu--main elementor-nav-menu__container elementor-nav-menu--layout-vertical e--pointer-background e--animation-fade\">\n\t\t\t\t<ul id=\"menu-1-aada3f3\" class=\"elementor-nav-menu sm-vertical\"><li class=\"menu-item menu-item-type-post_type menu-item-object-page menu-item-4237\"><a href=\"https:\/\/amnromania.ro\/en\/activity\/ayurveda-courses\/\" class=\"elementor-item\">Ayurveda Courses<\/a><\/li>\n<li class=\"menu-item menu-item-type-post_type menu-item-object-page menu-item-4234\"><a href=\"https:\/\/amnromania.ro\/en\/activity\/ayurveda-contests\/\" class=\"elementor-item\">Ayurveda competitions<\/a><\/li>\n<li class=\"menu-item menu-item-type-post_type menu-item-object-page menu-item-4235\"><a href=\"https:\/\/amnromania.ro\/en\/activity\/ayurveda-conference\/\" class=\"elementor-item\">Ayurveda Conferences<\/a><\/li>\n<li class=\"menu-item menu-item-type-post_type menu-item-object-page menu-item-4236\"><a href=\"https:\/\/amnromania.ro\/en\/activity\/ayurveda-congress\/\" class=\"elementor-item\">Ayurveda Congress<\/a><\/li>\n<li class=\"menu-item menu-item-type-post_type menu-item-object-page menu-item-5535\"><a href=\"https:\/\/amnromania.ro\/en\/activity\/ayurveda-camps\/\" class=\"elementor-item\">Ayurveda Camps<\/a><\/li>\n<\/ul>\t\t\t<\/nav>\n\t\t\t\t\t<div class=\"elementor-menu-toggle\" role=\"button\" tabindex=\"0\" aria-label=\"Toggle menu\" aria-expanded=\"false\">\n\t\t\t<i aria-hidden=\"true\" role=\"presentation\" class=\"elementor-menu-toggle__icon--open eicon-menu-bar\"><\/i><i aria-hidden=\"true\" role=\"presentation\" class=\"elementor-menu-toggle__icon--close eicon-close\"><\/i>\t\t<\/div>\n\t\t\t\t\t<nav class=\"elementor-nav-menu--dropdown elementor-nav-menu__container\" aria-hidden=\"true\">\n\t\t\t\t<ul id=\"menu-2-aada3f3\" class=\"elementor-nav-menu sm-vertical\"><li class=\"menu-item menu-item-type-post_type menu-item-object-page menu-item-4237\"><a href=\"https:\/\/amnromania.ro\/en\/activity\/ayurveda-courses\/\" class=\"elementor-item\" tabindex=\"-1\">Ayurveda Courses<\/a><\/li>\n<li class=\"menu-item menu-item-type-post_type menu-item-object-page menu-item-4234\"><a href=\"https:\/\/amnromania.ro\/en\/activity\/ayurveda-contests\/\" class=\"elementor-item\" tabindex=\"-1\">Ayurveda competitions<\/a><\/li>\n<li class=\"menu-item menu-item-type-post_type menu-item-object-page menu-item-4235\"><a href=\"https:\/\/amnromania.ro\/en\/activity\/ayurveda-conference\/\" class=\"elementor-item\" tabindex=\"-1\">Ayurveda Conferences<\/a><\/li>\n<li class=\"menu-item menu-item-type-post_type menu-item-object-page menu-item-4236\"><a href=\"https:\/\/amnromania.ro\/en\/activity\/ayurveda-congress\/\" class=\"elementor-item\" tabindex=\"-1\">Ayurveda Congress<\/a><\/li>\n<li class=\"menu-item menu-item-type-post_type menu-item-object-page menu-item-5535\"><a href=\"https:\/\/amnromania.ro\/en\/activity\/ayurveda-camps\/\" class=\"elementor-item\" tabindex=\"-1\">Ayurveda Camps<\/a><\/li>\n<\/ul>\t\t\t<\/nav>\n\t\t\t\t\t\t<\/div>\n\t\t\t\t<\/div>\n\t\t\t\t\t<\/div>\n\t\t<\/div>\n\t\t\t\t<div class=\"elementor-column elementor-col-50 elementor-top-column elementor-element elementor-element-894c38c\" data-id=\"894c38c\" data-element_type=\"column\">\n\t\t\t<div class=\"elementor-widget-wrap elementor-element-populated\">\n\t\t\t\t\t\t<div class=\"elementor-element elementor-element-82e53ab elementor-widget elementor-widget-heading\" data-id=\"82e53ab\" data-element_type=\"widget\" data-widget_type=\"heading.default\">\n\t\t\t\t<div class=\"elementor-widget-container\">\n\t\t\t\t\t<h1 class=\"elementor-heading-title elementor-size-default\">Ayurveda Camp 2024\nSummer Stage<\/h1>\t\t\t\t<\/div>\n\t\t\t\t<\/div>\n\t\t\t\t<div class=\"elementor-element elementor-element-9a1045a elementor-widget-tablet__width-initial elementor-widget elementor-widget-text-editor\" data-id=\"9a1045a\" data-element_type=\"widget\" data-widget_type=\"text-editor.default\">\n\t\t\t\t<div class=\"elementor-widget-container\">\n\t\t\t\t\t\t\t\t\t<h3>\u00a0<\/h3><h3><strong>The camp is organized in two parts:<\/strong><\/h3><p>\u00a0<\/p><h3><strong>Part 1: July 16 - 21<\/strong><\/h3><ul><li>1 session\/day, from 18:30 - 21:30, by registration.<\/li><\/ul><h3><strong>Theme of the first part: Pancha-Kosha<\/strong><\/h3><p>The Sanskrit term kosha denotes the basic structure of the fabric of the individual being. Literally, it means sheath, layer, tire or covering.<\/p><p>Within the Ayurvedic system, the term kosha refers to the vibrational energy fields that correspond to the five fundamental elements in their subtle form (tattva-e) and are distinct manifestations of Creation. In the case of the human being, there are five koshas and each one represents a layer of the reality of our existence as beings. The five koshas are: 1. anna-maya-kosha, 2. prana-maya-kosha, 3. mano-maya-kosha, 4. vijnana-maya-kosha and 5. ananda-maya-kosha.<\/p><p>In the oriental work Taittirya-Upanishad the description of the five successive sheaths (kosha) of the human being is given, which are said to be the ones that cover or, in other words, \"sheath\" the Eternal Immortal Self (Atman).<\/p><p>The first sheath, starting from the outside, is called the anna-maya-kosha, the gross sheath, the body or sheath (kosha) which is made up of nourishment (anna). The second sheath (prana-maya-kosha) is the vital sheath, the bioenergetic or prana-ic sheath. It is this that animates and unifies the body with the spirit. The third is the sheath of thought (mano-maya-kosha), the sheath of the operative or instrumental mind (manas) which receives the impressions recorded through the senses (indriya). The fourth is the sheath of higher intelligence (vijnana-maya-kosha) or the supramental sheath comprising the discriminative faculties and the volitional function. The fifth sheath (kosha) is called ananda-maya-kosha and is the sheath of bliss or the sheath of bliss (ananda), because these are the states that the human being predominantly experiences when he is closest to the reality of the Supreme Immortal Self (Atman).<\/p><p>The Eternal Immortal Self (Atman) is, however, never affected by the state of these sheaths of his and does not share any of their restrictions.<\/p><p>In this first part of the Ayurveda camp, these concepts will be presented in detail and practical methods will be performed in unison to facilitate both the direct perception of subtle reality and the profoundly beneficial energization of the five mystical sheaths of being, manifested in order to heal and harmonize them.<\/p>\t\t\t\t\t\t\t\t<\/div>\n\t\t\t\t<\/div>\n\t\t\t\t<div class=\"elementor-element elementor-element-5084914 elementor-widget-divider--view-line elementor-widget elementor-widget-divider\" data-id=\"5084914\" data-element_type=\"widget\" data-widget_type=\"divider.default\">\n\t\t\t\t<div class=\"elementor-widget-container\">\n\t\t\t\t\t\t\t<div class=\"elementor-divider\">\n\t\t\t<span class=\"elementor-divider-separator\">\n\t\t\t\t\t\t<\/span>\n\t\t<\/div>\n\t\t\t\t\t\t<\/div>\n\t\t\t\t<\/div>\n\t\t\t\t<div class=\"elementor-element elementor-element-f479124 elementor-widget elementor-widget-text-editor\" data-id=\"f479124\" data-element_type=\"widget\" data-widget_type=\"text-editor.default\">\n\t\t\t\t<div class=\"elementor-widget-container\">\n\t\t\t\t\t\t\t\t\t<h3><strong>Part 2: July 23 - 28<\/strong><\/h3><ul><li>1 session\/day, 18:30 - 21:30, based on recordings and live presentations.\u00a0<strong>Each day a plant appropriate to the program theme will be used. The parcel with the plants will be sent to the delivery address filled in the form on the payment page.<\/strong><\/li><\/ul><h3><strong>Theme of part two: Vijnana-Svasthya<\/strong><\/h3><p>Vijnana-Svasthya is a compound Sanskrit term that combines two important concepts from the Ayurvedic tradition: vijnana and svasthya. This expression refers to supramental awareness and holistic health, forming a complex system of practices designed to improve the overall state of the human being through the mystical resources of consciousness, knowledge and applied deep wisdom.<\/p><p>Vijnana-Svasthya belongs to the third category of ways to improve the general well-being of the being, called sattvavajaya. It is one of the three main types of effective healing modalities used in Ayurveda, along with daivavyapasraya (direct relating through evocation and aspiration to the infinite spheres of force of the divine aspects) and yuktivyapasraya (the wise use of the properties of natural substances for the purpose of rebalancing and harmonizing the being).<\/p><p>Sattvavajaya consists of practical measures to awaken and amplify the beneficial psychic powers in the human being. These measures utilize practical modalities that engage the appropriate and harmonious beneficial consciousness, which most often expresses the state of occult resonance with the modality of balance and harmony (sattva-guna).<\/p><p>In this camp, structured methods for improving the inner state through supramental dynamization will be explored. Each method has its own specificity and focuses on activating different aspects of the internal tool of consciousness, the Antahkarana.<\/p><h3>Examples of Vijnana-Svasthya practices<\/h3><ol><li>Management of the senses (Indriya Jaya): Illustration of an optimal disposition of consciousness to control and harmonize the senses, thus maintaining psycho-emotional stability.<\/li><li>Optimization of internal energy (Urdvareta): Internal energy management through sublimation and distinct modulation.<\/li><li>Relating to the higher focuses of consciousness (Ishvara Pranidhana): Illustration of favorable dispositions of consciousness for connecting with the higher aspects of consciousness, leading to deep and spiritual insight.<\/li><\/ol><p>Vijnana-Svasthya offers an integrative approach to holistic health and consciousness with the help of supramental awareness, thus enhancing balance and harmony of the whole being in everyday life.<\/p>\t\t\t\t\t\t\t\t<\/div>\n\t\t\t\t<\/div>\n\t\t\t\t<div class=\"elementor-element elementor-element-34ab64c elementor-widget elementor-widget-text-editor\" data-id=\"34ab64c\" data-element_type=\"widget\" data-widget_type=\"text-editor.default\">\n\t\t\t\t<div class=\"elementor-widget-container\">\n\t\t\t\t\t\t\t\t\t<p>Registration is available on the website <a href=\"https:\/\/ayushcell.ro\/tabere\/tayv24\" target=\"_blank\" rel=\"noopener\">ayushcell.ro<\/a><\/p>\t\t\t\t\t\t\t\t<\/div>\n\t\t\t\t<\/div>\n\t\t\t\t\t<\/div>\n\t\t<\/div>\n\t\t\t\t\t<\/div>\n\t\t<\/section>\n\t\t\t\t<\/div>","protected":false},"excerpt":{"rendered":"<p>Cursuri de Ayurveda Concursuri de Ayurveda Conferinte de Ayurveda Congrese de Ayurveda Tabere de Ayurveda Menu Cursuri de Ayurveda Concursuri de Ayurveda Conferinte de Ayurveda Congrese de Ayurveda Tabere de Ayurveda Tabara de Ayurveda 2024 Etapa de vara \u00a0 Tab\u0103ra este organizat\u0103 \u00een dou\u0103 p\u0103r\u021bi: \u00a0 Partea 1: 16 &#8211; 21 iulie 1 sesiune\/zi, \u00een [&hellip;]<\/p>","protected":false},"author":1,"featured_media":0,"parent":0,"menu_order":0,"comment_status":"closed","ping_status":"closed","template":"","meta":{"_mi_skip_tracking":false,"_analytify_skip_tracking":false,"footnotes":""},"class_list":["post-12270","page","type-page","status-publish","hentry"],"aioseo_notices":[],"aioseo_head":"\n\t\t<!-- All in One SEO Pro 4.7.0 - aioseo.com -->\n\t\t<meta name=\"description\" content=\"Cursuri de Ayurveda Concursuri de Ayurveda Conferinte de Ayurveda Congrese de Ayurveda Tabere de Ayurveda Cursuri de Ayurveda Concursuri de Ayurveda Conferinte de Ayurveda Congrese de Ayurveda Tabere de Ayurveda Tabara de Ayurveda 2024 Etapa de vara Tab\u0103ra este organizat\u0103 \u00een dou\u0103 p\u0103r\u021bi: Partea 1: 16 \u2013 21 iulie1 sesiune\/zi, \u00een intervalul orar 18:30 \u2013 21:30,\" \/>\n\t\t<meta name=\"robots\" content=\"max-image-preview:large\" \/>\n\t\t<meta name=\"google-site-verification\" content=\"G-391X30D2FS\" \/>\n\t\t<link rel=\"canonical\" href=\"https:\/\/amnromania.ro\/en\/tabara-de-ayurveda-2024\/\" \/>\n\t\t<meta name=\"generator\" content=\"All in One SEO Pro (AIOSEO) 4.7.0\" \/>\n\t\t<meta property=\"og:locale\" content=\"en_US\" \/>\n\t\t<meta property=\"og:site_name\" content=\"AMN Ayurveda ROM\u00c2NIA | Asociatia Nationala pentru Promovarea Medicinelor Neconventionale\" \/>\n\t\t<meta property=\"og:type\" content=\"article\" \/>\n\t\t<meta property=\"og:title\" content=\"Tabara de Ayurveda 2024 | AMN Ayurveda ROM\u00c2NIA\" \/>\n\t\t<meta property=\"og:description\" content=\"Cursuri de Ayurveda Concursuri de Ayurveda Conferinte de Ayurveda Congrese de Ayurveda Tabere de Ayurveda Cursuri de Ayurveda Concursuri de Ayurveda Conferinte de Ayurveda Congrese de Ayurveda Tabere de Ayurveda Tabara de Ayurveda 2024 Etapa de vara Tab\u0103ra este organizat\u0103 \u00een dou\u0103 p\u0103r\u021bi: Partea 1: 16 \u2013 21 iulie1 sesiune\/zi, \u00een intervalul orar 18:30 \u2013 21:30,\" \/>\n\t\t<meta property=\"og:url\" content=\"https:\/\/amnromania.ro\/en\/tabara-de-ayurveda-2024\/\" \/>\n\t\t<meta property=\"og:image\" content=\"https:\/\/amnromania.ro\/ynorsyju\/2021\/06\/Ayurveda-in-Romania-Vol.-2-Ro.jpg\" \/>\n\t\t<meta property=\"og:image:secure_url\" content=\"https:\/\/amnromania.ro\/ynorsyju\/2021\/06\/Ayurveda-in-Romania-Vol.-2-Ro.jpg\" \/>\n\t\t<meta property=\"article:published_time\" content=\"2024-06-29T08:01:27+00:00\" \/>\n\t\t<meta property=\"article:modified_time\" content=\"2025-04-15T22:26:50+00:00\" \/>\n\t\t<meta property=\"article:publisher\" content=\"https:\/\/www.facebook.com\/AMNRomania\" \/>\n\t\t<script type=\"application\/ld+json\" class=\"aioseo-schema\">\n\t\t\t{\"@context\":\"https:\\\/\\\/schema.org\",\"@graph\":[{\"@type\":\"BreadcrumbList\",\"@id\":\"https:\\\/\\\/amnromania.ro\\\/en\\\/tabara-de-ayurveda-2024\\\/#breadcrumblist\",\"itemListElement\":[{\"@type\":\"ListItem\",\"@id\":\"https:\\\/\\\/amnromania.ro\\\/en\\\/#listItem\",\"position\":1,\"name\":\"Home\",\"item\":\"https:\\\/\\\/amnromania.ro\\\/en\\\/\",\"nextItem\":\"https:\\\/\\\/amnromania.ro\\\/en\\\/tabara-de-ayurveda-2024\\\/#listItem\"},{\"@type\":\"ListItem\",\"@id\":\"https:\\\/\\\/amnromania.ro\\\/en\\\/tabara-de-ayurveda-2024\\\/#listItem\",\"position\":2,\"name\":\"Tabara de Ayurveda 2024\",\"previousItem\":\"https:\\\/\\\/amnromania.ro\\\/en\\\/#listItem\"}]},{\"@type\":\"Organization\",\"@id\":\"https:\\\/\\\/amnromania.ro\\\/en\\\/#organization\",\"name\":\"AMN Ayurveda Romania\",\"url\":\"https:\\\/\\\/amnromania.ro\\\/en\\\/\",\"logo\":{\"@type\":\"ImageObject\",\"url\":\"https:\\\/\\\/amnromania.ro\\\/ynorsyju\\\/2020\\\/10\\\/amn.png\",\"@id\":\"https:\\\/\\\/amnromania.ro\\\/en\\\/tabara-de-ayurveda-2024\\\/#organizationLogo\"},\"image\":{\"@id\":\"https:\\\/\\\/amnromania.ro\\\/en\\\/tabara-de-ayurveda-2024\\\/#organizationLogo\"},\"sameAs\":[\"https:\\\/\\\/www.facebook.com\\\/AMNRomania\",\"https:\\\/\\\/www.youtube.com\\\/channel\\\/UClfqKxiq_uZ11rthDIT3-BQ\\\/videos\"]},{\"@type\":\"WebPage\",\"@id\":\"https:\\\/\\\/amnromania.ro\\\/en\\\/tabara-de-ayurveda-2024\\\/#webpage\",\"url\":\"https:\\\/\\\/amnromania.ro\\\/en\\\/tabara-de-ayurveda-2024\\\/\",\"name\":\"Tabara de Ayurveda 2024 | AMN Ayurveda ROM\\u00c2NIA\",\"description\":\"Cursuri de Ayurveda Concursuri de Ayurveda Conferinte de Ayurveda Congrese de Ayurveda Tabere de Ayurveda Cursuri de Ayurveda Concursuri de Ayurveda Conferinte de Ayurveda Congrese de Ayurveda Tabere de Ayurveda Tabara de Ayurveda 2024 Etapa de vara Tab\\u0103ra este organizat\\u0103 \\u00een dou\\u0103 p\\u0103r\\u021bi: Partea 1: 16 \\u2013 21 iulie1 sesiune\\\/zi, \\u00een intervalul orar 18:30 \\u2013 21:30,\",\"inLanguage\":\"en-US\",\"isPartOf\":{\"@id\":\"https:\\\/\\\/amnromania.ro\\\/en\\\/#website\"},\"breadcrumb\":{\"@id\":\"https:\\\/\\\/amnromania.ro\\\/en\\\/tabara-de-ayurveda-2024\\\/#breadcrumblist\"},\"datePublished\":\"2024-06-29T10:01:27+02:00\",\"dateModified\":\"2025-04-16T00:26:50+02:00\"},{\"@type\":\"WebSite\",\"@id\":\"https:\\\/\\\/amnromania.ro\\\/en\\\/#website\",\"url\":\"https:\\\/\\\/amnromania.ro\\\/en\\\/\",\"name\":\"AMN Ayurveda ROM\\u00c2NIA\",\"description\":\"Asociatia Nationala pentru Promovarea Medicinelor Neconventionale\",\"inLanguage\":\"en-US\",\"publisher\":{\"@id\":\"https:\\\/\\\/amnromania.ro\\\/en\\\/#organization\"}}]}\n\t\t<\/script>\n\t\t<!-- All in One SEO Pro -->\r\n\t\t<title>Tabara de Ayurveda 2024 | AMN Ayurveda ROM\u00c2NIA<\/title>\n\n","aioseo_head_json":{"title":"Tabara de Ayurveda 2024 | AMN Ayurveda ROM\u00c2NIA","description":"Cursuri de Ayurveda Concursuri de Ayurveda Conferinte de Ayurveda Congrese de Ayurveda Tabere de Ayurveda Cursuri de Ayurveda Concursuri de Ayurveda Conferinte de Ayurveda Congrese de Ayurveda Tabere de Ayurveda Tabara de Ayurveda 2024 Etapa de vara Tab\u0103ra este organizat\u0103 \u00een dou\u0103 p\u0103r\u021bi: Partea 1: 16 \u2013 21 iulie1 sesiune\/zi, \u00een intervalul orar 18:30 \u2013 21:30,","canonical_url":"https:\/\/amnromania.ro\/en\/tabara-de-ayurveda-2024\/","robots":"max-image-preview:large","keywords":"","webmasterTools":{"google-site-verification":"G-391X30D2FS","miscellaneous":""},"og:locale":"en_US","og:site_name":"AMN Ayurveda ROM\u00c2NIA | Asociatia Nationala pentru Promovarea Medicinelor Neconventionale","og:type":"article","og:title":"Tabara de Ayurveda 2024 | AMN Ayurveda ROM\u00c2NIA","og:description":"Cursuri de Ayurveda Concursuri de Ayurveda Conferinte de Ayurveda Congrese de Ayurveda Tabere de Ayurveda Cursuri de Ayurveda Concursuri de Ayurveda Conferinte de Ayurveda Congrese de Ayurveda Tabere de Ayurveda Tabara de Ayurveda 2024 Etapa de vara Tab\u0103ra este organizat\u0103 \u00een dou\u0103 p\u0103r\u021bi: Partea 1: 16 \u2013 21 iulie1 sesiune\/zi, \u00een intervalul orar 18:30 \u2013 21:30,","og:url":"https:\/\/amnromania.ro\/en\/tabara-de-ayurveda-2024\/","og:image":"https:\/\/amnromania.ro\/ynorsyju\/2021\/06\/Ayurveda-in-Romania-Vol.-2-Ro.jpg","og:image:secure_url":"https:\/\/amnromania.ro\/ynorsyju\/2021\/06\/Ayurveda-in-Romania-Vol.-2-Ro.jpg","article:published_time":"2024-06-29T08:01:27+00:00","article:modified_time":"2025-04-15T22:26:50+00:00","article:publisher":"https:\/\/www.facebook.com\/AMNRomania","schema":{"@context":"https:\/\/schema.org","@graph":[{"@type":"BreadcrumbList","@id":"https:\/\/amnromania.ro\/en\/tabara-de-ayurveda-2024\/#breadcrumblist","itemListElement":[{"@type":"ListItem","@id":"https:\/\/amnromania.ro\/en\/#listItem","position":1,"name":"Home","item":"https:\/\/amnromania.ro\/en\/","nextItem":"https:\/\/amnromania.ro\/en\/tabara-de-ayurveda-2024\/#listItem"},{"@type":"ListItem","@id":"https:\/\/amnromania.ro\/en\/tabara-de-ayurveda-2024\/#listItem","position":2,"name":"Tabara de Ayurveda 2024","previousItem":"https:\/\/amnromania.ro\/en\/#listItem"}]},{"@type":"Organization","@id":"https:\/\/amnromania.ro\/en\/#organization","name":"AMN Ayurveda Romania","url":"https:\/\/amnromania.ro\/en\/","logo":{"@type":"ImageObject","url":"https:\/\/amnromania.ro\/ynorsyju\/2020\/10\/amn.png","@id":"https:\/\/amnromania.ro\/en\/tabara-de-ayurveda-2024\/#organizationLogo"},"image":{"@id":"https:\/\/amnromania.ro\/en\/tabara-de-ayurveda-2024\/#organizationLogo"},"sameAs":["https:\/\/www.facebook.com\/AMNRomania","https:\/\/www.youtube.com\/channel\/UClfqKxiq_uZ11rthDIT3-BQ\/videos"]},{"@type":"WebPage","@id":"https:\/\/amnromania.ro\/en\/tabara-de-ayurveda-2024\/#webpage","url":"https:\/\/amnromania.ro\/en\/tabara-de-ayurveda-2024\/","name":"Tabara de Ayurveda 2024 | AMN Ayurveda ROM\u00c2NIA","description":"Cursuri de Ayurveda Concursuri de Ayurveda Conferinte de Ayurveda Congrese de Ayurveda Tabere de Ayurveda Cursuri de Ayurveda Concursuri de Ayurveda Conferinte de Ayurveda Congrese de Ayurveda Tabere de Ayurveda Tabara de Ayurveda 2024 Etapa de vara Tab\u0103ra este organizat\u0103 \u00een dou\u0103 p\u0103r\u021bi: Partea 1: 16 \u2013 21 iulie1 sesiune\/zi, \u00een intervalul orar 18:30 \u2013 21:30,","inLanguage":"en-US","isPartOf":{"@id":"https:\/\/amnromania.ro\/en\/#website"},"breadcrumb":{"@id":"https:\/\/amnromania.ro\/en\/tabara-de-ayurveda-2024\/#breadcrumblist"},"datePublished":"2024-06-29T10:01:27+02:00","dateModified":"2025-04-16T00:26:50+02:00"},{"@type":"WebSite","@id":"https:\/\/amnromania.ro\/en\/#website","url":"https:\/\/amnromania.ro\/en\/","name":"AMN Ayurveda ROM\u00c2NIA","description":"Asociatia Nationala pentru Promovarea Medicinelor Neconventionale","inLanguage":"en-US","publisher":{"@id":"https:\/\/amnromania.ro\/en\/#organization"}}]}},"aioseo_meta_data":{"post_id":"12270","title":null,"description":null,"keywords":"[]","keyphrases":"{\"focus\":{\"keyphrase\":\"\",\"score\":0,\"analysis\":{\"keyphraseInTitle\":{\"score\":0,\"maxScore\":9,\"error\":1}}},\"additional\":[]}","primary_term":null,"canonical_url":null,"og_title":null,"og_description":null,"og_object_type":"default","og_image_type":"default","og_image_url":null,"og_image_width":null,"og_image_height":null,"og_image_custom_url":null,"og_image_custom_fields":null,"og_video":"","og_custom_url":null,"og_article_section":null,"og_article_tags":"[]","twitter_use_og":false,"twitter_card":"default","twitter_image_type":"default","twitter_image_url":null,"twitter_image_custom_url":null,"twitter_image_custom_fields":null,"twitter_title":null,"twitter_description":null,"schema":{"blockGraphs":[],"customGraphs":[],"default":{"data":{"Article":[],"Course":[],"Dataset":[],"FAQPage":[],"Movie":[],"Person":[],"Product":[],"Recipe":[],"Service":[],"SoftwareApplication":[],"WebPage":[]},"graphName":"WebPage","isEnabled":true},"graphs":[]},"schema_type":"default","schema_type_options":null,"pillar_content":false,"robots_default":true,"robots_noindex":false,"robots_noarchive":false,"robots_nosnippet":false,"robots_nofollow":false,"robots_noimageindex":false,"robots_noodp":false,"robots_notranslate":false,"robots_max_snippet":"-1","robots_max_videopreview":"-1","robots_max_imagepreview":"large","priority":null,"frequency":"default","local_seo":null,"limit_modified_date":false,"open_ai":{"title":{"suggestions":[],"usage":0},"description":{"suggestions":[],"usage":0}},"created":"2024-06-29 08:01:11","updated":"2025-04-15 22:32:46"},"aioseo_breadcrumb":"<div class=\"aioseo-breadcrumbs\"><span class=\"aioseo-breadcrumb\">\n\t<a href=\"https:\/\/amnromania.ro\/en\" title=\"Home\">Home<\/a>\n<\/span><span class=\"aioseo-breadcrumb-separator\">&raquo;<\/span><span class=\"aioseo-breadcrumb\">\n\tTabara de Ayurveda 2024\n<\/span><\/div>","aioseo_breadcrumb_json":[{"label":"Home","link":"https:\/\/amnromania.ro\/en"},{"label":"Tabara de Ayurveda 2024","link":"https:\/\/amnromania.ro\/en\/tabara-de-ayurveda-2024\/"}],"_links":{"self":[{"href":"https:\/\/amnromania.ro\/en\/wp-json\/wp\/v2\/pages\/12270","targetHints":{"allow":["GET"]}}],"collection":[{"href":"https:\/\/amnromania.ro\/en\/wp-json\/wp\/v2\/pages"}],"about":[{"href":"https:\/\/amnromania.ro\/en\/wp-json\/wp\/v2\/types\/page"}],"author":[{"embeddable":true,"href":"https:\/\/amnromania.ro\/en\/wp-json\/wp\/v2\/users\/1"}],"replies":[{"embeddable":true,"href":"https:\/\/amnromania.ro\/en\/wp-json\/wp\/v2\/comments?post=12270"}],"version-history":[{"count":23,"href":"https:\/\/amnromania.ro\/en\/wp-json\/wp\/v2\/pages\/12270\/revisions"}],"predecessor-version":[{"id":12638,"href":"https:\/\/amnromania.ro\/en\/wp-json\/wp\/v2\/pages\/12270\/revisions\/12638"}],"wp:attachment":[{"href":"https:\/\/amnromania.ro\/en\/wp-json\/wp\/v2\/media?parent=12270"}],"curies":[{"name":"wp","href":"https:\/\/api.w.org\/{rel}","templated":true}]}}