{"id":12025,"date":"2024-01-30T21:04:47","date_gmt":"2024-01-30T19:04:47","guid":{"rendered":"https:\/\/amnromania.ro\/?page_id=12025"},"modified":"2024-02-03T22:40:49","modified_gmt":"2024-02-03T20:40:49","slug":"index-ayurvedic-systematic-selective","status":"publish","type":"page","link":"https:\/\/amnromania.ro\/en\/index-ayurvedic-systematic-selective\/","title":{"rendered":"Selective Systematic Ayurvedic Index"},"content":{"rendered":"<div data-elementor-type=\"wp-page\" data-elementor-id=\"12025\" class=\"elementor elementor-12025\" data-elementor-post-type=\"page\">\n\t\t\t\t\t\t<section class=\"elementor-section elementor-top-section elementor-element elementor-element-841ecce elementor-section-boxed elementor-section-height-default elementor-section-height-default\" data-id=\"841ecce\" data-element_type=\"section\">\n\t\t\t\t\t\t<div class=\"elementor-container elementor-column-gap-default\">\n\t\t\t\t\t<div class=\"elementor-column elementor-col-50 elementor-top-column elementor-element elementor-element-3c19297\" data-id=\"3c19297\" data-element_type=\"column\">\n\t\t\t<div class=\"elementor-widget-wrap elementor-element-populated\">\n\t\t\t\t\t\t<div class=\"elementor-element elementor-element-400bed8 elementor-nav-menu__align-start elementor-nav-menu__text-align-center elementor-nav-menu--dropdown-tablet elementor-nav-menu--toggle elementor-nav-menu--burger elementor-widget elementor-widget-global elementor-global-8266 elementor-widget-nav-menu\" data-id=\"400bed8\" data-element_type=\"widget\" data-settings=\"{&quot;layout&quot;:&quot;vertical&quot;,&quot;submenu_icon&quot;:{&quot;value&quot;:&quot;fas fa-caret-down&quot;,&quot;library&quot;:&quot;fa-solid&quot;},&quot;toggle&quot;:&quot;burger&quot;}\" data-widget_type=\"nav-menu.default\">\n\t\t\t\t<div class=\"elementor-widget-container\">\n\t\t\t\t\t\t\t\t<nav aria-label=\"Menu\" class=\"elementor-nav-menu--main elementor-nav-menu__container elementor-nav-menu--layout-vertical e--pointer-background e--animation-fade\">\n\t\t\t\t<ul id=\"menu-1-400bed8\" class=\"elementor-nav-menu sm-vertical\"><li class=\"menu-item menu-item-type-post_type menu-item-object-page menu-item-12075\"><a href=\"https:\/\/amnromania.ro\/en\/ayurveda-in-romania-2\/\" class=\"elementor-item\">Ayurveda in Romania<\/a><\/li>\n<li class=\"menu-item menu-item-type-post_type menu-item-object-page menu-item-12074\"><a href=\"https:\/\/amnromania.ro\/en\/index-ayurvedic-systematic-selective\/\" class=\"elementor-item\">Selective Systematic Ayurvedic Index<\/a><\/li>\n<\/ul>\t\t\t<\/nav>\n\t\t\t\t\t<div class=\"elementor-menu-toggle\" role=\"button\" tabindex=\"0\" aria-label=\"Toggle menu\" aria-expanded=\"false\">\n\t\t\t<i aria-hidden=\"true\" role=\"presentation\" class=\"elementor-menu-toggle__icon--open eicon-menu-bar\"><\/i><i aria-hidden=\"true\" role=\"presentation\" class=\"elementor-menu-toggle__icon--close eicon-close\"><\/i>\t\t<\/div>\n\t\t\t\t\t<nav class=\"elementor-nav-menu--dropdown elementor-nav-menu__container\" aria-hidden=\"true\">\n\t\t\t\t<ul id=\"menu-2-400bed8\" class=\"elementor-nav-menu sm-vertical\"><li class=\"menu-item menu-item-type-post_type menu-item-object-page menu-item-12075\"><a href=\"https:\/\/amnromania.ro\/en\/ayurveda-in-romania-2\/\" class=\"elementor-item\" tabindex=\"-1\">Ayurveda in Romania<\/a><\/li>\n<li class=\"menu-item menu-item-type-post_type menu-item-object-page menu-item-12074\"><a href=\"https:\/\/amnromania.ro\/en\/index-ayurvedic-systematic-selective\/\" class=\"elementor-item\" tabindex=\"-1\">Selective Systematic Ayurvedic Index<\/a><\/li>\n<\/ul>\t\t\t<\/nav>\n\t\t\t\t\t\t<\/div>\n\t\t\t\t<\/div>\n\t\t\t\t\t<\/div>\n\t\t<\/div>\n\t\t\t\t<div class=\"elementor-column elementor-col-50 elementor-top-column elementor-element elementor-element-4e3a978\" data-id=\"4e3a978\" data-element_type=\"column\">\n\t\t\t<div class=\"elementor-widget-wrap elementor-element-populated\">\n\t\t\t\t\t\t<section class=\"elementor-section elementor-inner-section elementor-element elementor-element-250829b elementor-section-boxed elementor-section-height-default elementor-section-height-default\" data-id=\"250829b\" data-element_type=\"section\">\n\t\t\t\t\t\t<div class=\"elementor-container elementor-column-gap-default\">\n\t\t\t\t\t<div class=\"elementor-column elementor-col-100 elementor-inner-column elementor-element elementor-element-3ab7c3e\" data-id=\"3ab7c3e\" data-element_type=\"column\">\n\t\t\t<div class=\"elementor-widget-wrap elementor-element-populated\">\n\t\t\t\t\t\t\t<\/div>\n\t\t<\/div>\n\t\t\t\t\t<\/div>\n\t\t<\/section>\n\t\t\t\t<div class=\"elementor-element elementor-element-c23f5fe elementor-widget elementor-widget-text-editor\" data-id=\"c23f5fe\" data-element_type=\"widget\" data-widget_type=\"text-editor.default\">\n\t\t\t\t<div class=\"elementor-widget-container\">\n\t\t\t\t\t\t\t\t\t<h1 style=\"text-align: center;\"><span style=\"color: #ff0000;\">Selective Systematic Ayurvedic Index\u00a0<\/span><\/h1><p style=\"text-align: center;\"><strong>Authors: Andrei Gamulea, Aurora Nicolae<\/strong><\/p><p>\u00a0<\/p><p>All the plants selected in the volumes of this Selective Systematic Ayurvedic Index are traditionally used, both in Romania and in Europe, for their many beneficial properties.<\/p><p>The selected plants have been systematized based on an innovative methodology of research and Ayurvedic characterization of plants, which resulted from several years of in-depth study and thorough training in the ancient science of the traditional Ayurveda system.<\/p><p>This work can be an original opening for a new science of human well-being and represents a complex synthesis based both on the basic operating principles of Ayurveda and on a deep knowledge of the structure of the human being. This synthesis illustrates the modern harnessing of fundamental aspects of the age-old science of the traditional Ayurvedic system.<\/p>\t\t\t\t\t\t\t\t<\/div>\n\t\t\t\t<\/div>\n\t\t\t\t\t<\/div>\n\t\t<\/div>\n\t\t\t\t\t<\/div>\n\t\t<\/section>\n\t\t\t\t<\/div>","protected":false},"excerpt":{"rendered":"<p>Selected Systematic Ayurvedic Index Authors: Andrei Gamulea, Aurora Nicolae All the plants selected in the volumes of this Selective Systematic Ayurvedic Index are traditionally used, both in Romania and in Europe, for their numerous beneficial properties. The selected plants have been systematized on the basis of an innovative methodology of research and Ayurvedic plant characterization, [...]<\/p>","protected":false},"author":1,"featured_media":0,"parent":0,"menu_order":0,"comment_status":"closed","ping_status":"closed","template":"","meta":{"_mi_skip_tracking":false,"_analytify_skip_tracking":false,"footnotes":""},"class_list":["post-12025","page","type-page","status-publish","hentry"],"aioseo_notices":[],"aioseo_head":"\n\t\t<!-- All in One SEO Pro 4.7.0 - aioseo.com -->\n\t\t<meta name=\"description\" content=\"Ayurveda in Romania Index Ayurvedic Sistematic Selectiv Ayurveda in Romania Index Ayurvedic Sistematic Selectiv Index Ayurvedic Sistematic Selectiv Autori: Andrei Gamulea, Aurora Nicolae Toate plantele selectate \u00een volumele acestui Index Ayurvedic Sistematic Selectiv sunt utilizate \u00een mod tradi\u021bional, at\u00e2t \u00een Rom\u00e2nia, c\u00e2t \u0219i \u00een Europa, pentru numeroasele lor propriet\u0103\u0163i binef\u0103c\u0103toare.Plantele selectate au fost sistematizate pe baza unei\" \/>\n\t\t<meta name=\"robots\" content=\"max-image-preview:large\" \/>\n\t\t<meta name=\"google-site-verification\" content=\"G-391X30D2FS\" \/>\n\t\t<link rel=\"canonical\" href=\"https:\/\/amnromania.ro\/en\/index-ayurvedic-systematic-selective\/\" \/>\n\t\t<meta name=\"generator\" content=\"All in One SEO Pro (AIOSEO) 4.7.0\" \/>\n\t\t<meta property=\"og:locale\" content=\"en_US\" \/>\n\t\t<meta property=\"og:site_name\" content=\"AMN Ayurveda ROM\u00c2NIA | Asociatia Nationala pentru Promovarea Medicinelor Neconventionale\" \/>\n\t\t<meta property=\"og:type\" content=\"article\" \/>\n\t\t<meta property=\"og:title\" content=\"Index Ayurvedic Sistematic Selectiv | AMN Ayurveda ROM\u00c2NIA\" \/>\n\t\t<meta property=\"og:description\" content=\"Ayurveda in Romania Index Ayurvedic Sistematic Selectiv Ayurveda in Romania Index Ayurvedic Sistematic Selectiv Index Ayurvedic Sistematic Selectiv Autori: Andrei Gamulea, Aurora Nicolae Toate plantele selectate \u00een volumele acestui Index Ayurvedic Sistematic Selectiv sunt utilizate \u00een mod tradi\u021bional, at\u00e2t \u00een Rom\u00e2nia, c\u00e2t \u0219i \u00een Europa, pentru numeroasele lor propriet\u0103\u0163i binef\u0103c\u0103toare.Plantele selectate au fost sistematizate pe baza unei\" \/>\n\t\t<meta property=\"og:url\" content=\"https:\/\/amnromania.ro\/en\/index-ayurvedic-systematic-selective\/\" \/>\n\t\t<meta property=\"og:image\" content=\"https:\/\/amnromania.ro\/ynorsyju\/2021\/06\/Ayurveda-in-Romania-Vol.-2-Ro.jpg\" \/>\n\t\t<meta property=\"og:image:secure_url\" content=\"https:\/\/amnromania.ro\/ynorsyju\/2021\/06\/Ayurveda-in-Romania-Vol.-2-Ro.jpg\" \/>\n\t\t<meta property=\"article:published_time\" content=\"2024-01-30T19:04:47+00:00\" \/>\n\t\t<meta property=\"article:modified_time\" content=\"2024-02-03T20:40:49+00:00\" \/>\n\t\t<meta property=\"article:publisher\" content=\"https:\/\/www.facebook.com\/AMNRomania\" \/>\n\t\t<script type=\"application\/ld+json\" class=\"aioseo-schema\">\n\t\t\t{\"@context\":\"https:\\\/\\\/schema.org\",\"@graph\":[{\"@type\":\"BreadcrumbList\",\"@id\":\"https:\\\/\\\/amnromania.ro\\\/en\\\/index-ayurvedic-systematic-selective\\\/#breadcrumblist\",\"itemListElement\":[{\"@type\":\"ListItem\",\"@id\":\"https:\\\/\\\/amnromania.ro\\\/en\\\/#listItem\",\"position\":1,\"name\":\"Home\",\"item\":\"https:\\\/\\\/amnromania.ro\\\/en\\\/\",\"nextItem\":\"https:\\\/\\\/amnromania.ro\\\/en\\\/index-ayurvedic-systematic-selective\\\/#listItem\"},{\"@type\":\"ListItem\",\"@id\":\"https:\\\/\\\/amnromania.ro\\\/en\\\/index-ayurvedic-systematic-selective\\\/#listItem\",\"position\":2,\"name\":\"Index Ayurvedic Sistematic Selectiv\",\"previousItem\":\"https:\\\/\\\/amnromania.ro\\\/en\\\/#listItem\"}]},{\"@type\":\"Organization\",\"@id\":\"https:\\\/\\\/amnromania.ro\\\/en\\\/#organization\",\"name\":\"AMN Ayurveda Romania\",\"url\":\"https:\\\/\\\/amnromania.ro\\\/en\\\/\",\"logo\":{\"@type\":\"ImageObject\",\"url\":\"https:\\\/\\\/amnromania.ro\\\/ynorsyju\\\/2020\\\/10\\\/amn.png\",\"@id\":\"https:\\\/\\\/amnromania.ro\\\/en\\\/index-ayurvedic-systematic-selective\\\/#organizationLogo\"},\"image\":{\"@id\":\"https:\\\/\\\/amnromania.ro\\\/en\\\/index-ayurvedic-systematic-selective\\\/#organizationLogo\"},\"sameAs\":[\"https:\\\/\\\/www.facebook.com\\\/AMNRomania\",\"https:\\\/\\\/www.youtube.com\\\/channel\\\/UClfqKxiq_uZ11rthDIT3-BQ\\\/videos\"]},{\"@type\":\"WebPage\",\"@id\":\"https:\\\/\\\/amnromania.ro\\\/en\\\/index-ayurvedic-systematic-selective\\\/#webpage\",\"url\":\"https:\\\/\\\/amnromania.ro\\\/en\\\/index-ayurvedic-systematic-selective\\\/\",\"name\":\"Index Ayurvedic Sistematic Selectiv | AMN Ayurveda ROM\\u00c2NIA\",\"description\":\"Ayurveda in Romania Index Ayurvedic Sistematic Selectiv Ayurveda in Romania Index Ayurvedic Sistematic Selectiv Index Ayurvedic Sistematic Selectiv Autori: Andrei Gamulea, Aurora Nicolae Toate plantele selectate \\u00een volumele acestui Index Ayurvedic Sistematic Selectiv sunt utilizate \\u00een mod tradi\\u021bional, at\\u00e2t \\u00een Rom\\u00e2nia, c\\u00e2t \\u0219i \\u00een Europa, pentru numeroasele lor propriet\\u0103\\u0163i binef\\u0103c\\u0103toare.Plantele selectate au fost sistematizate pe baza unei\",\"inLanguage\":\"en-US\",\"isPartOf\":{\"@id\":\"https:\\\/\\\/amnromania.ro\\\/en\\\/#website\"},\"breadcrumb\":{\"@id\":\"https:\\\/\\\/amnromania.ro\\\/en\\\/index-ayurvedic-systematic-selective\\\/#breadcrumblist\"},\"datePublished\":\"2024-01-30T21:04:47+02:00\",\"dateModified\":\"2024-02-03T22:40:49+02:00\"},{\"@type\":\"WebSite\",\"@id\":\"https:\\\/\\\/amnromania.ro\\\/en\\\/#website\",\"url\":\"https:\\\/\\\/amnromania.ro\\\/en\\\/\",\"name\":\"AMN Ayurveda ROM\\u00c2NIA\",\"description\":\"Asociatia Nationala pentru Promovarea Medicinelor Neconventionale\",\"inLanguage\":\"en-US\",\"publisher\":{\"@id\":\"https:\\\/\\\/amnromania.ro\\\/en\\\/#organization\"}}]}\n\t\t<\/script>\n\t\t<!-- All in One SEO Pro -->\r\n\t\t<title>Index Ayurvedic Sistematic Selectiv | AMN Ayurveda ROM\u00c2NIA<\/title>\n\n","aioseo_head_json":{"title":"Index Ayurvedic Sistematic Selectiv | AMN Ayurveda ROM\u00c2NIA","description":"Ayurveda in Romania Index Ayurvedic Sistematic Selectiv Ayurveda in Romania Index Ayurvedic Sistematic Selectiv Index Ayurvedic Sistematic Selectiv Autori: Andrei Gamulea, Aurora Nicolae Toate plantele selectate \u00een volumele acestui Index Ayurvedic Sistematic Selectiv sunt utilizate \u00een mod tradi\u021bional, at\u00e2t \u00een Rom\u00e2nia, c\u00e2t \u0219i \u00een Europa, pentru numeroasele lor propriet\u0103\u0163i binef\u0103c\u0103toare.Plantele selectate au fost sistematizate pe baza unei","canonical_url":"https:\/\/amnromania.ro\/en\/index-ayurvedic-systematic-selective\/","robots":"max-image-preview:large","keywords":"","webmasterTools":{"google-site-verification":"G-391X30D2FS","miscellaneous":""},"og:locale":"en_US","og:site_name":"AMN Ayurveda ROM\u00c2NIA | Asociatia Nationala pentru Promovarea Medicinelor Neconventionale","og:type":"article","og:title":"Index Ayurvedic Sistematic Selectiv | AMN Ayurveda ROM\u00c2NIA","og:description":"Ayurveda in Romania Index Ayurvedic Sistematic Selectiv Ayurveda in Romania Index Ayurvedic Sistematic Selectiv Index Ayurvedic Sistematic Selectiv Autori: Andrei Gamulea, Aurora Nicolae Toate plantele selectate \u00een volumele acestui Index Ayurvedic Sistematic Selectiv sunt utilizate \u00een mod tradi\u021bional, at\u00e2t \u00een Rom\u00e2nia, c\u00e2t \u0219i \u00een Europa, pentru numeroasele lor propriet\u0103\u0163i binef\u0103c\u0103toare.Plantele selectate au fost sistematizate pe baza unei","og:url":"https:\/\/amnromania.ro\/en\/index-ayurvedic-systematic-selective\/","og:image":"https:\/\/amnromania.ro\/ynorsyju\/2021\/06\/Ayurveda-in-Romania-Vol.-2-Ro.jpg","og:image:secure_url":"https:\/\/amnromania.ro\/ynorsyju\/2021\/06\/Ayurveda-in-Romania-Vol.-2-Ro.jpg","article:published_time":"2024-01-30T19:04:47+00:00","article:modified_time":"2024-02-03T20:40:49+00:00","article:publisher":"https:\/\/www.facebook.com\/AMNRomania","schema":{"@context":"https:\/\/schema.org","@graph":[{"@type":"BreadcrumbList","@id":"https:\/\/amnromania.ro\/en\/index-ayurvedic-systematic-selective\/#breadcrumblist","itemListElement":[{"@type":"ListItem","@id":"https:\/\/amnromania.ro\/en\/#listItem","position":1,"name":"Home","item":"https:\/\/amnromania.ro\/en\/","nextItem":"https:\/\/amnromania.ro\/en\/index-ayurvedic-systematic-selective\/#listItem"},{"@type":"ListItem","@id":"https:\/\/amnromania.ro\/en\/index-ayurvedic-systematic-selective\/#listItem","position":2,"name":"Index Ayurvedic Sistematic Selectiv","previousItem":"https:\/\/amnromania.ro\/en\/#listItem"}]},{"@type":"Organization","@id":"https:\/\/amnromania.ro\/en\/#organization","name":"AMN Ayurveda Romania","url":"https:\/\/amnromania.ro\/en\/","logo":{"@type":"ImageObject","url":"https:\/\/amnromania.ro\/ynorsyju\/2020\/10\/amn.png","@id":"https:\/\/amnromania.ro\/en\/index-ayurvedic-systematic-selective\/#organizationLogo"},"image":{"@id":"https:\/\/amnromania.ro\/en\/index-ayurvedic-systematic-selective\/#organizationLogo"},"sameAs":["https:\/\/www.facebook.com\/AMNRomania","https:\/\/www.youtube.com\/channel\/UClfqKxiq_uZ11rthDIT3-BQ\/videos"]},{"@type":"WebPage","@id":"https:\/\/amnromania.ro\/en\/index-ayurvedic-systematic-selective\/#webpage","url":"https:\/\/amnromania.ro\/en\/index-ayurvedic-systematic-selective\/","name":"Index Ayurvedic Sistematic Selectiv | AMN Ayurveda ROM\u00c2NIA","description":"Ayurveda in Romania Index Ayurvedic Sistematic Selectiv Ayurveda in Romania Index Ayurvedic Sistematic Selectiv Index Ayurvedic Sistematic Selectiv Autori: Andrei Gamulea, Aurora Nicolae Toate plantele selectate \u00een volumele acestui Index Ayurvedic Sistematic Selectiv sunt utilizate \u00een mod tradi\u021bional, at\u00e2t \u00een Rom\u00e2nia, c\u00e2t \u0219i \u00een Europa, pentru numeroasele lor propriet\u0103\u0163i binef\u0103c\u0103toare.Plantele selectate au fost sistematizate pe baza unei","inLanguage":"en-US","isPartOf":{"@id":"https:\/\/amnromania.ro\/en\/#website"},"breadcrumb":{"@id":"https:\/\/amnromania.ro\/en\/index-ayurvedic-systematic-selective\/#breadcrumblist"},"datePublished":"2024-01-30T21:04:47+02:00","dateModified":"2024-02-03T22:40:49+02:00"},{"@type":"WebSite","@id":"https:\/\/amnromania.ro\/en\/#website","url":"https:\/\/amnromania.ro\/en\/","name":"AMN Ayurveda ROM\u00c2NIA","description":"Asociatia Nationala pentru Promovarea Medicinelor Neconventionale","inLanguage":"en-US","publisher":{"@id":"https:\/\/amnromania.ro\/en\/#organization"}}]}},"aioseo_meta_data":{"post_id":"12025","title":null,"description":null,"keywords":"[]","keyphrases":"{\"focus\":{\"keyphrase\":\"Index Ayurvedic Sistematic Selectiv\",\"score\":83,\"analysis\":{\"keyphraseInTitle\":{\"score\":9,\"maxScore\":9,\"error\":0},\"keyphraseInDescription\":[],\"keyphraseLength\":{\"score\":9,\"maxScore\":9,\"error\":0,\"length\":4},\"keyphraseInURL\":{\"score\":1,\"maxScore\":5,\"error\":1}}},\"additional\":[{\"keyphrase\":\"Index Ayurvedic\",\"score\":100,\"analysis\":{\"keyphraseInDescription\":[],\"keyphraseLength\":{\"score\":9,\"maxScore\":9,\"error\":0,\"length\":2}}}]}","primary_term":null,"canonical_url":null,"og_title":null,"og_description":null,"og_object_type":"default","og_image_type":"default","og_image_url":null,"og_image_width":null,"og_image_height":null,"og_image_custom_url":null,"og_image_custom_fields":null,"og_video":"","og_custom_url":null,"og_article_section":null,"og_article_tags":"[]","twitter_use_og":false,"twitter_card":"default","twitter_image_type":"default","twitter_image_url":null,"twitter_image_custom_url":null,"twitter_image_custom_fields":null,"twitter_title":null,"twitter_description":null,"schema":{"blockGraphs":[],"customGraphs":[],"default":{"data":{"Article":[],"Course":[],"Dataset":[],"FAQPage":[],"Movie":[],"Person":[],"Product":[],"Recipe":[],"Service":[],"SoftwareApplication":[],"WebPage":[]},"graphName":"WebPage","isEnabled":true},"graphs":[]},"schema_type":"default","schema_type_options":null,"pillar_content":false,"robots_default":true,"robots_noindex":false,"robots_noarchive":false,"robots_nosnippet":false,"robots_nofollow":false,"robots_noimageindex":false,"robots_noodp":false,"robots_notranslate":false,"robots_max_snippet":"-1","robots_max_videopreview":"-1","robots_max_imagepreview":"large","priority":null,"frequency":"default","local_seo":null,"limit_modified_date":false,"open_ai":{"title":{"suggestions":[],"usage":0},"description":{"suggestions":[],"usage":0}},"created":"2024-01-30 19:04:04","updated":"2024-02-03 20:50:39"},"aioseo_breadcrumb":"<div class=\"aioseo-breadcrumbs\"><span class=\"aioseo-breadcrumb\">\n\t<a href=\"https:\/\/amnromania.ro\/en\" title=\"Home\">Home<\/a>\n<\/span><span class=\"aioseo-breadcrumb-separator\">&raquo;<\/span><span class=\"aioseo-breadcrumb\">\n\tIndex Ayurvedic Sistematic Selectiv\n<\/span><\/div>","aioseo_breadcrumb_json":[{"label":"Home","link":"https:\/\/amnromania.ro\/en"},{"label":"Index Ayurvedic Sistematic Selectiv","link":"https:\/\/amnromania.ro\/en\/index-ayurvedic-systematic-selective\/"}],"_links":{"self":[{"href":"https:\/\/amnromania.ro\/en\/wp-json\/wp\/v2\/pages\/12025","targetHints":{"allow":["GET"]}}],"collection":[{"href":"https:\/\/amnromania.ro\/en\/wp-json\/wp\/v2\/pages"}],"about":[{"href":"https:\/\/amnromania.ro\/en\/wp-json\/wp\/v2\/types\/page"}],"author":[{"embeddable":true,"href":"https:\/\/amnromania.ro\/en\/wp-json\/wp\/v2\/users\/1"}],"replies":[{"embeddable":true,"href":"https:\/\/amnromania.ro\/en\/wp-json\/wp\/v2\/comments?post=12025"}],"version-history":[{"count":7,"href":"https:\/\/amnromania.ro\/en\/wp-json\/wp\/v2\/pages\/12025\/revisions"}],"predecessor-version":[{"id":12152,"href":"https:\/\/amnromania.ro\/en\/wp-json\/wp\/v2\/pages\/12025\/revisions\/12152"}],"wp:attachment":[{"href":"https:\/\/amnromania.ro\/en\/wp-json\/wp\/v2\/media?parent=12025"}],"curies":[{"name":"wp","href":"https:\/\/api.w.org\/{rel}","templated":true}]}}