{"id":11932,"date":"2024-01-28T12:22:23","date_gmt":"2024-01-28T10:22:23","guid":{"rendered":"https:\/\/amnromania.ro\/?page_id=11932"},"modified":"2024-01-28T12:31:26","modified_gmt":"2024-01-28T10:31:26","slug":"day-hindi-2021","status":"publish","type":"page","link":"https:\/\/amnromania.ro\/en\/day-hindi-2021\/","title":{"rendered":"Hindi Day 2021"},"content":{"rendered":"<div data-elementor-type=\"wp-page\" data-elementor-id=\"11932\" class=\"elementor elementor-11932\" data-elementor-post-type=\"page\">\n\t\t\t\t\t\t<section class=\"elementor-section elementor-top-section elementor-element elementor-element-36f52bb elementor-section-boxed elementor-section-height-default elementor-section-height-default\" data-id=\"36f52bb\" data-element_type=\"section\">\n\t\t\t\t\t\t<div class=\"elementor-container elementor-column-gap-default\">\n\t\t\t\t\t<div class=\"elementor-column elementor-col-50 elementor-top-column elementor-element elementor-element-f537d60\" data-id=\"f537d60\" data-element_type=\"column\">\n\t\t\t<div class=\"elementor-widget-wrap elementor-element-populated\">\n\t\t\t\t\t\t<div class=\"elementor-element elementor-element-aaa69f9 elementor-nav-menu__align-start elementor-nav-menu__text-align-center elementor-nav-menu--dropdown-tablet elementor-nav-menu--toggle elementor-nav-menu--burger elementor-widget elementor-widget-global elementor-global-5200 elementor-widget-nav-menu\" data-id=\"aaa69f9\" data-element_type=\"widget\" data-settings=\"{&quot;layout&quot;:&quot;vertical&quot;,&quot;submenu_icon&quot;:{&quot;value&quot;:&quot;fas fa-caret-down&quot;,&quot;library&quot;:&quot;fa-solid&quot;},&quot;toggle&quot;:&quot;burger&quot;}\" data-widget_type=\"nav-menu.default\">\n\t\t\t\t<div class=\"elementor-widget-container\">\n\t\t\t\t\t\t\t\t<nav aria-label=\"Menu\" class=\"elementor-nav-menu--main elementor-nav-menu__container elementor-nav-menu--layout-vertical e--pointer-background e--animation-fade\">\n\t\t\t\t<ul id=\"menu-1-aaa69f9\" class=\"elementor-nav-menu sm-vertical\"><li class=\"menu-item menu-item-type-post_type menu-item-object-page menu-item-6419\"><a href=\"https:\/\/amnromania.ro\/en\/day-ayurveda\/\" class=\"elementor-item\">Ayurveda Day<\/a><\/li>\n<li class=\"menu-item menu-item-type-post_type menu-item-object-page menu-item-11894\"><a href=\"https:\/\/amnromania.ro\/en\/presentations\/\" class=\"elementor-item\">Presentations<\/a><\/li>\n<li class=\"menu-item menu-item-type-post_type menu-item-object-page menu-item-11880\"><a href=\"https:\/\/amnromania.ro\/en\/festivities\/\" class=\"elementor-item\">Festivities<\/a><\/li>\n<li class=\"menu-item menu-item-type-post_type menu-item-object-page menu-item-11893\"><a href=\"https:\/\/amnromania.ro\/en\/conferences\/\" class=\"elementor-item\">Conferences<\/a><\/li>\n<\/ul>\t\t\t<\/nav>\n\t\t\t\t\t<div class=\"elementor-menu-toggle\" role=\"button\" tabindex=\"0\" aria-label=\"Toggle menu\" aria-expanded=\"false\">\n\t\t\t<i aria-hidden=\"true\" role=\"presentation\" class=\"elementor-menu-toggle__icon--open eicon-menu-bar\"><\/i><i aria-hidden=\"true\" role=\"presentation\" class=\"elementor-menu-toggle__icon--close eicon-close\"><\/i>\t\t<\/div>\n\t\t\t\t\t<nav class=\"elementor-nav-menu--dropdown elementor-nav-menu__container\" aria-hidden=\"true\">\n\t\t\t\t<ul id=\"menu-2-aaa69f9\" class=\"elementor-nav-menu sm-vertical\"><li class=\"menu-item menu-item-type-post_type menu-item-object-page menu-item-6419\"><a href=\"https:\/\/amnromania.ro\/en\/day-ayurveda\/\" class=\"elementor-item\" tabindex=\"-1\">Ayurveda Day<\/a><\/li>\n<li class=\"menu-item menu-item-type-post_type menu-item-object-page menu-item-11894\"><a href=\"https:\/\/amnromania.ro\/en\/presentations\/\" class=\"elementor-item\" tabindex=\"-1\">Presentations<\/a><\/li>\n<li class=\"menu-item menu-item-type-post_type menu-item-object-page menu-item-11880\"><a href=\"https:\/\/amnromania.ro\/en\/festivities\/\" class=\"elementor-item\" tabindex=\"-1\">Festivities<\/a><\/li>\n<li class=\"menu-item menu-item-type-post_type menu-item-object-page menu-item-11893\"><a href=\"https:\/\/amnromania.ro\/en\/conferences\/\" class=\"elementor-item\" tabindex=\"-1\">Conferences<\/a><\/li>\n<\/ul>\t\t\t<\/nav>\n\t\t\t\t\t\t<\/div>\n\t\t\t\t<\/div>\n\t\t\t\t\t<\/div>\n\t\t<\/div>\n\t\t\t\t<div class=\"elementor-column elementor-col-50 elementor-top-column elementor-element elementor-element-8fd16cd\" data-id=\"8fd16cd\" data-element_type=\"column\">\n\t\t\t<div class=\"elementor-widget-wrap elementor-element-populated\">\n\t\t\t\t\t\t<div class=\"elementor-element elementor-element-727d2a8 elementor-widget elementor-widget-text-editor\" data-id=\"727d2a8\" data-element_type=\"widget\" data-widget_type=\"text-editor.default\">\n\t\t\t\t<div class=\"elementor-widget-container\">\n\t\t\t\t\t\t\t\t\t<h1 style=\"text-align: center;\">Hindi Day - Hindi Diwas<\/h1><div style=\"text-align: center;\">14 September 2021<\/div><div>\u00a0<\/div><p>Hindi Diwas, celebrated annually on 14 September, is a day of homage and recognition of the Hindi language in Indian communities around the world. This significant day marks the historic moment on 14 September 1949 when the Constituent Assembly of India chose Hindi, written in the Devanagari alphabet, as one of the official languages of the independent state of India. September 14, 1949 marked the 50th birthday of Hindi scholar and promoter Beohar Rajendra Simha, whose constant efforts contributed to the adoption of Hindi as one of India's 22 official languages. This decision underlined the importance of Hindi in building India's national identity, reflecting the country's linguistic and cultural diversity.<\/p><p>Native speakers of Hindi dialects make up an estimated 30% - 41% of India's population (360 million speakers). Hindi is currently one of the two official languages in India's Constitution, English being the second.<\/p><p><img fetchpriority=\"high\" decoding=\"async\" class=\"size-medium wp-image-11934 alignleft\" src=\"https:\/\/amnromania.ro\/wp-content\/uploads\/2024\/01\/20210914_180856-300x169.jpg\" alt=\"Hindi Day - Hindi Diwas\" width=\"300\" height=\"169\" srcset=\"https:\/\/amnromania.ro\/wp-content\/uploads\/2024\/01\/20210914_180856-300x169.jpg 300w, https:\/\/amnromania.ro\/wp-content\/uploads\/2024\/01\/20210914_180856-1024x576.jpg 1024w, https:\/\/amnromania.ro\/wp-content\/uploads\/2024\/01\/20210914_180856-768x432.jpg 768w, https:\/\/amnromania.ro\/wp-content\/uploads\/2024\/01\/20210914_180856-1536x864.jpg 1536w, https:\/\/amnromania.ro\/wp-content\/uploads\/2024\/01\/20210914_180856-2048x1152.jpg 2048w, https:\/\/amnromania.ro\/wp-content\/uploads\/2024\/01\/20210914_180856-18x10.jpg 18w\" sizes=\"(max-width: 300px) 100vw, 300px\" \/><\/p><p>Hindi, with its origins in Sanskrit, is recognised as one of the oldest Indo-European languages and is the fourth most widely spoken language in the world. Hindi has also influenced other languages, including English, contributing words such as avatar, jungle, guru, karma, mantra, yoga, ayurveda and shampoo.<\/p><p>On the occasion of the recent celebration of Hindi Diwas, the Embassy of India in Romania, Moldova and Albania organised a special event highlighting the role of Hindi as a cultural bridge between nations. His Excellency Rahul Shrivastava, Ambassador of India to Romania, presented important aspects of the language's history and announced a cultural agreement between Romania and India to promote the languages and cultures of both countries.<\/p><p>\u00a0<\/p><div id=\"attachment_11935\" style=\"width: 310px\" class=\"wp-caption alignright\"><img decoding=\"async\" aria-describedby=\"caption-attachment-11935\" class=\"size-medium wp-image-11935\" src=\"https:\/\/amnromania.ro\/wp-content\/uploads\/2024\/01\/20210914_191452-300x169.jpg\" alt=\"\" width=\"300\" height=\"169\" srcset=\"https:\/\/amnromania.ro\/wp-content\/uploads\/2024\/01\/20210914_191452-300x169.jpg 300w, https:\/\/amnromania.ro\/wp-content\/uploads\/2024\/01\/20210914_191452-1024x576.jpg 1024w, https:\/\/amnromania.ro\/wp-content\/uploads\/2024\/01\/20210914_191452-768x432.jpg 768w, https:\/\/amnromania.ro\/wp-content\/uploads\/2024\/01\/20210914_191452-1536x864.jpg 1536w, https:\/\/amnromania.ro\/wp-content\/uploads\/2024\/01\/20210914_191452-2048x1152.jpg 2048w, https:\/\/amnromania.ro\/wp-content\/uploads\/2024\/01\/20210914_191452-18x10.jpg 18w\" sizes=\"(max-width: 300px) 100vw, 300px\" \/><p id=\"caption-attachment-11935\" class=\"wp-caption-text\">Hindi day<\/p><\/div><p>The event included poetry and music recitals in Hindi, showcasing the diversity and richness of Indian culture. Andrei Gamulea, President of the Romanian Association for the Promotion of Non-Conventional Medicine, was one of the special guests.<\/p><p>Thus, Hindi Diwas is more than a celebration of the Hindi language, it is a symbol of cultural diversity and plurality in India and the world, promoting intercultural understanding and respect. This day reiterates the importance of Hindi as envisioned by Mahatma Gandhi, who considered Hindi as the 'language of the masses' and advocated its recognition as the national language of India.<\/p>\t\t\t\t\t\t\t\t<\/div>\n\t\t\t\t<\/div>\n\t\t\t\t\t<\/div>\n\t\t<\/div>\n\t\t\t\t\t<\/div>\n\t\t<\/section>\n\t\t\t\t<\/div>","protected":false},"excerpt":{"rendered":"<p>Hindi Day - Hindi Diwas 14 September 2021 Hindi Diwas, celebrated annually on 14 September, is a day of homage and recognition of the Hindi language in Indian communities around the world. This significant day marks the historic moment on 14 September 1949 when the Constituent Assembly of India chose Hindi, written in the Devanagari alphabet, as the [...]<\/p>","protected":false},"author":1,"featured_media":11935,"parent":0,"menu_order":0,"comment_status":"closed","ping_status":"closed","template":"","meta":{"_mi_skip_tracking":false,"_analytify_skip_tracking":false,"footnotes":""},"class_list":["post-11932","page","type-page","status-publish","has-post-thumbnail","hentry"],"aioseo_notices":[],"aioseo_head":"\n\t\t<!-- All in One SEO Pro 4.7.0 - aioseo.com -->\n\t\t<meta name=\"description\" content=\"Ziua Ayurveda Prezentari Festivitati Conferinte Ziua Ayurveda Prezentari Festivitati Conferinte Ziua Hindi \u2013 Hindi Diwas14 septembrie 2021 Hindi Diwas, s\u0103rb\u0103torit\u0103 anual pe 14 septembrie, reprezint\u0103 o zi de omagiu \u0219i recunoa\u0219tere a limbii Hindi \u00een comunit\u0103\u021bile indiene din \u00eentreaga lume. Aceast\u0103 zi semnificativ\u0103 marcheaz\u0103 momentul istoric din 14 septembrie 1949, c\u00e2nd Adunarea Constituant\u0103 a Indiei a\" \/>\n\t\t<meta name=\"robots\" content=\"max-image-preview:large\" \/>\n\t\t<meta name=\"google-site-verification\" content=\"G-391X30D2FS\" \/>\n\t\t<link rel=\"canonical\" href=\"https:\/\/amnromania.ro\/en\/day-hindi-2021\/\" \/>\n\t\t<meta name=\"generator\" content=\"All in One SEO Pro (AIOSEO) 4.7.0\" \/>\n\t\t<meta property=\"og:locale\" content=\"en_US\" \/>\n\t\t<meta property=\"og:site_name\" content=\"AMN Ayurveda ROM\u00c2NIA | Asociatia Nationala pentru Promovarea Medicinelor Neconventionale\" \/>\n\t\t<meta property=\"og:type\" content=\"article\" \/>\n\t\t<meta property=\"og:title\" content=\"Ziua Hindi 2021 | AMN Ayurveda ROM\u00c2NIA\" \/>\n\t\t<meta property=\"og:description\" content=\"Ziua Ayurveda Prezentari Festivitati Conferinte Ziua Ayurveda Prezentari Festivitati Conferinte Ziua Hindi \u2013 Hindi Diwas14 septembrie 2021 Hindi Diwas, s\u0103rb\u0103torit\u0103 anual pe 14 septembrie, reprezint\u0103 o zi de omagiu \u0219i recunoa\u0219tere a limbii Hindi \u00een comunit\u0103\u021bile indiene din \u00eentreaga lume. Aceast\u0103 zi semnificativ\u0103 marcheaz\u0103 momentul istoric din 14 septembrie 1949, c\u00e2nd Adunarea Constituant\u0103 a Indiei a\" \/>\n\t\t<meta property=\"og:url\" content=\"https:\/\/amnromania.ro\/en\/day-hindi-2021\/\" \/>\n\t\t<meta property=\"og:image\" content=\"https:\/\/amnromania.ro\/wp-content\/uploads\/2024\/01\/20210914_191452-scaled.jpg\" \/>\n\t\t<meta property=\"og:image:secure_url\" content=\"https:\/\/amnromania.ro\/wp-content\/uploads\/2024\/01\/20210914_191452-scaled.jpg\" \/>\n\t\t<meta property=\"og:image:width\" content=\"2560\" \/>\n\t\t<meta property=\"og:image:height\" content=\"1440\" \/>\n\t\t<meta property=\"article:published_time\" content=\"2024-01-28T10:22:23+00:00\" \/>\n\t\t<meta property=\"article:modified_time\" content=\"2024-01-28T10:31:26+00:00\" \/>\n\t\t<meta property=\"article:publisher\" content=\"https:\/\/www.facebook.com\/AMNRomania\" \/>\n\t\t<script type=\"application\/ld+json\" class=\"aioseo-schema\">\n\t\t\t{\"@context\":\"https:\\\/\\\/schema.org\",\"@graph\":[{\"@type\":\"BreadcrumbList\",\"@id\":\"https:\\\/\\\/amnromania.ro\\\/en\\\/day-hindi-2021\\\/#breadcrumblist\",\"itemListElement\":[{\"@type\":\"ListItem\",\"@id\":\"https:\\\/\\\/amnromania.ro\\\/en\\\/#listItem\",\"position\":1,\"name\":\"Home\",\"item\":\"https:\\\/\\\/amnromania.ro\\\/en\\\/\",\"nextItem\":\"https:\\\/\\\/amnromania.ro\\\/en\\\/day-hindi-2021\\\/#listItem\"},{\"@type\":\"ListItem\",\"@id\":\"https:\\\/\\\/amnromania.ro\\\/en\\\/day-hindi-2021\\\/#listItem\",\"position\":2,\"name\":\"Ziua Hindi 2021\",\"previousItem\":\"https:\\\/\\\/amnromania.ro\\\/en\\\/#listItem\"}]},{\"@type\":\"Organization\",\"@id\":\"https:\\\/\\\/amnromania.ro\\\/en\\\/#organization\",\"name\":\"AMN Ayurveda Romania\",\"url\":\"https:\\\/\\\/amnromania.ro\\\/en\\\/\",\"logo\":{\"@type\":\"ImageObject\",\"url\":\"https:\\\/\\\/amnromania.ro\\\/ynorsyju\\\/2020\\\/10\\\/amn.png\",\"@id\":\"https:\\\/\\\/amnromania.ro\\\/en\\\/day-hindi-2021\\\/#organizationLogo\"},\"image\":{\"@id\":\"https:\\\/\\\/amnromania.ro\\\/en\\\/day-hindi-2021\\\/#organizationLogo\"},\"sameAs\":[\"https:\\\/\\\/www.facebook.com\\\/AMNRomania\",\"https:\\\/\\\/www.youtube.com\\\/channel\\\/UClfqKxiq_uZ11rthDIT3-BQ\\\/videos\"]},{\"@type\":\"WebPage\",\"@id\":\"https:\\\/\\\/amnromania.ro\\\/en\\\/day-hindi-2021\\\/#webpage\",\"url\":\"https:\\\/\\\/amnromania.ro\\\/en\\\/day-hindi-2021\\\/\",\"name\":\"Ziua Hindi 2021 | AMN Ayurveda ROM\\u00c2NIA\",\"description\":\"Ziua Ayurveda Prezentari Festivitati Conferinte Ziua Ayurveda Prezentari Festivitati Conferinte Ziua Hindi \\u2013 Hindi Diwas14 septembrie 2021 Hindi Diwas, s\\u0103rb\\u0103torit\\u0103 anual pe 14 septembrie, reprezint\\u0103 o zi de omagiu \\u0219i recunoa\\u0219tere a limbii Hindi \\u00een comunit\\u0103\\u021bile indiene din \\u00eentreaga lume. Aceast\\u0103 zi semnificativ\\u0103 marcheaz\\u0103 momentul istoric din 14 septembrie 1949, c\\u00e2nd Adunarea Constituant\\u0103 a Indiei a\",\"inLanguage\":\"en-US\",\"isPartOf\":{\"@id\":\"https:\\\/\\\/amnromania.ro\\\/en\\\/#website\"},\"breadcrumb\":{\"@id\":\"https:\\\/\\\/amnromania.ro\\\/en\\\/day-hindi-2021\\\/#breadcrumblist\"},\"image\":{\"@type\":\"ImageObject\",\"url\":\"https:\\\/\\\/amnromania.ro\\\/wp-content\\\/uploads\\\/2024\\\/01\\\/20210914_191452-scaled.jpg\",\"@id\":\"https:\\\/\\\/amnromania.ro\\\/en\\\/day-hindi-2021\\\/#mainImage\",\"width\":2560,\"height\":1440,\"caption\":\"Hindi day - Ziua Hindi\"},\"primaryImageOfPage\":{\"@id\":\"https:\\\/\\\/amnromania.ro\\\/en\\\/day-hindi-2021\\\/#mainImage\"},\"datePublished\":\"2024-01-28T12:22:23+02:00\",\"dateModified\":\"2024-01-28T12:31:26+02:00\"},{\"@type\":\"WebSite\",\"@id\":\"https:\\\/\\\/amnromania.ro\\\/en\\\/#website\",\"url\":\"https:\\\/\\\/amnromania.ro\\\/en\\\/\",\"name\":\"AMN Ayurveda ROM\\u00c2NIA\",\"description\":\"Asociatia Nationala pentru Promovarea Medicinelor Neconventionale\",\"inLanguage\":\"en-US\",\"publisher\":{\"@id\":\"https:\\\/\\\/amnromania.ro\\\/en\\\/#organization\"}}]}\n\t\t<\/script>\n\t\t<!-- All in One SEO Pro -->\r\n\t\t<title>Ziua Hindi 2021 | AMN Ayurveda ROM\u00c2NIA<\/title>\n\n","aioseo_head_json":{"title":"Ziua Hindi 2021 | AMN Ayurveda ROM\u00c2NIA","description":"Ziua Ayurveda Prezentari Festivitati Conferinte Ziua Ayurveda Prezentari Festivitati Conferinte Ziua Hindi \u2013 Hindi Diwas14 septembrie 2021 Hindi Diwas, s\u0103rb\u0103torit\u0103 anual pe 14 septembrie, reprezint\u0103 o zi de omagiu \u0219i recunoa\u0219tere a limbii Hindi \u00een comunit\u0103\u021bile indiene din \u00eentreaga lume. Aceast\u0103 zi semnificativ\u0103 marcheaz\u0103 momentul istoric din 14 septembrie 1949, c\u00e2nd Adunarea Constituant\u0103 a Indiei a","canonical_url":"https:\/\/amnromania.ro\/en\/day-hindi-2021\/","robots":"max-image-preview:large","keywords":"","webmasterTools":{"google-site-verification":"G-391X30D2FS","miscellaneous":""},"og:locale":"en_US","og:site_name":"AMN Ayurveda ROM\u00c2NIA | Asociatia Nationala pentru Promovarea Medicinelor Neconventionale","og:type":"article","og:title":"Ziua Hindi 2021 | AMN Ayurveda ROM\u00c2NIA","og:description":"Ziua Ayurveda Prezentari Festivitati Conferinte Ziua Ayurveda Prezentari Festivitati Conferinte Ziua Hindi \u2013 Hindi Diwas14 septembrie 2021 Hindi Diwas, s\u0103rb\u0103torit\u0103 anual pe 14 septembrie, reprezint\u0103 o zi de omagiu \u0219i recunoa\u0219tere a limbii Hindi \u00een comunit\u0103\u021bile indiene din \u00eentreaga lume. Aceast\u0103 zi semnificativ\u0103 marcheaz\u0103 momentul istoric din 14 septembrie 1949, c\u00e2nd Adunarea Constituant\u0103 a Indiei a","og:url":"https:\/\/amnromania.ro\/en\/day-hindi-2021\/","og:image":"https:\/\/amnromania.ro\/wp-content\/uploads\/2024\/01\/20210914_191452-scaled.jpg","og:image:secure_url":"https:\/\/amnromania.ro\/wp-content\/uploads\/2024\/01\/20210914_191452-scaled.jpg","og:image:width":"2560","og:image:height":"1440","article:published_time":"2024-01-28T10:22:23+00:00","article:modified_time":"2024-01-28T10:31:26+00:00","article:publisher":"https:\/\/www.facebook.com\/AMNRomania","schema":{"@context":"https:\/\/schema.org","@graph":[{"@type":"BreadcrumbList","@id":"https:\/\/amnromania.ro\/en\/day-hindi-2021\/#breadcrumblist","itemListElement":[{"@type":"ListItem","@id":"https:\/\/amnromania.ro\/en\/#listItem","position":1,"name":"Home","item":"https:\/\/amnromania.ro\/en\/","nextItem":"https:\/\/amnromania.ro\/en\/day-hindi-2021\/#listItem"},{"@type":"ListItem","@id":"https:\/\/amnromania.ro\/en\/day-hindi-2021\/#listItem","position":2,"name":"Ziua Hindi 2021","previousItem":"https:\/\/amnromania.ro\/en\/#listItem"}]},{"@type":"Organization","@id":"https:\/\/amnromania.ro\/en\/#organization","name":"AMN Ayurveda Romania","url":"https:\/\/amnromania.ro\/en\/","logo":{"@type":"ImageObject","url":"https:\/\/amnromania.ro\/ynorsyju\/2020\/10\/amn.png","@id":"https:\/\/amnromania.ro\/en\/day-hindi-2021\/#organizationLogo"},"image":{"@id":"https:\/\/amnromania.ro\/en\/day-hindi-2021\/#organizationLogo"},"sameAs":["https:\/\/www.facebook.com\/AMNRomania","https:\/\/www.youtube.com\/channel\/UClfqKxiq_uZ11rthDIT3-BQ\/videos"]},{"@type":"WebPage","@id":"https:\/\/amnromania.ro\/en\/day-hindi-2021\/#webpage","url":"https:\/\/amnromania.ro\/en\/day-hindi-2021\/","name":"Ziua Hindi 2021 | AMN Ayurveda ROM\u00c2NIA","description":"Ziua Ayurveda Prezentari Festivitati Conferinte Ziua Ayurveda Prezentari Festivitati Conferinte Ziua Hindi \u2013 Hindi Diwas14 septembrie 2021 Hindi Diwas, s\u0103rb\u0103torit\u0103 anual pe 14 septembrie, reprezint\u0103 o zi de omagiu \u0219i recunoa\u0219tere a limbii Hindi \u00een comunit\u0103\u021bile indiene din \u00eentreaga lume. Aceast\u0103 zi semnificativ\u0103 marcheaz\u0103 momentul istoric din 14 septembrie 1949, c\u00e2nd Adunarea Constituant\u0103 a Indiei a","inLanguage":"en-US","isPartOf":{"@id":"https:\/\/amnromania.ro\/en\/#website"},"breadcrumb":{"@id":"https:\/\/amnromania.ro\/en\/day-hindi-2021\/#breadcrumblist"},"image":{"@type":"ImageObject","url":"https:\/\/amnromania.ro\/wp-content\/uploads\/2024\/01\/20210914_191452-scaled.jpg","@id":"https:\/\/amnromania.ro\/en\/day-hindi-2021\/#mainImage","width":2560,"height":1440,"caption":"Hindi day - Ziua Hindi"},"primaryImageOfPage":{"@id":"https:\/\/amnromania.ro\/en\/day-hindi-2021\/#mainImage"},"datePublished":"2024-01-28T12:22:23+02:00","dateModified":"2024-01-28T12:31:26+02:00"},{"@type":"WebSite","@id":"https:\/\/amnromania.ro\/en\/#website","url":"https:\/\/amnromania.ro\/en\/","name":"AMN Ayurveda ROM\u00c2NIA","description":"Asociatia Nationala pentru Promovarea Medicinelor Neconventionale","inLanguage":"en-US","publisher":{"@id":"https:\/\/amnromania.ro\/en\/#organization"}}]}},"aioseo_meta_data":{"post_id":"11932","title":null,"description":null,"keywords":"[]","keyphrases":"{\"focus\":{\"keyphrase\":\"Ziua Hindi\",\"score\":88,\"analysis\":{\"keyphraseInTitle\":{\"title\":\"Focus keyphrase in SEO title\",\"description\":\"Focus keyphrase found in SEO title.\",\"score\":9,\"maxScore\":9,\"error\":0},\"keyphraseInDescription\":{\"title\":\"Focus keyphrase in meta description\",\"description\":\"Focus keyphrase found in meta description.\",\"score\":9,\"maxScore\":9,\"error\":0},\"keyphraseLength\":{\"title\":\"Focus keyphrase length\",\"description\":\"Good job!\",\"score\":9,\"maxScore\":9,\"error\":0,\"length\":2},\"keyphraseInURL\":{\"title\":\"Focus keyphrase in URL\",\"description\":\"Focus keyphrase used in the URL.\",\"score\":5,\"maxScore\":5,\"error\":0},\"keyphraseInIntroduction\":{\"title\":\"Focus keyphrase in introduction\",\"description\":\"Your Focus keyphrase does not appear in the first paragraph. Make sure the topic is clear immediately.\",\"score\":3,\"maxScore\":9,\"error\":1},\"keyphraseInSubHeadings\":[],\"keyphraseInImageAlt\":{\"title\":\"Focus keyphrase in image alt attributes\",\"description\":\"Focus keyphrase found in image alt attribute(s).\",\"score\":9,\"maxScore\":9,\"error\":0}}},\"additional\":[{\"keyphrase\":\"Hindi Diwas\",\"score\":100,\"analysis\":{\"keyphraseInDescription\":{\"title\":\"Keyphrase in meta description\",\"description\":\"Keyphrase found in meta description.\",\"score\":9,\"maxScore\":9,\"error\":0},\"keyphraseLength\":{\"title\":\"Keyphrase length\",\"description\":\"Good job!\",\"score\":9,\"maxScore\":9,\"error\":0,\"length\":2},\"keyphraseInIntroduction\":{\"title\":\"Keyphrase in introduction\",\"description\":\"Your Keyphrase appears in the first paragraph. Well done!\",\"score\":9,\"maxScore\":9,\"error\":0},\"keyphraseInImageAlt\":{\"title\":\"Keyphrase in image alt attributes\",\"description\":\"Keyphrase found in image alt attribute(s).\",\"score\":9,\"maxScore\":9,\"error\":0}}}]}","primary_term":null,"canonical_url":null,"og_title":null,"og_description":null,"og_object_type":"default","og_image_type":"featured","og_image_url":"https:\/\/amnromania.ro\/wp-content\/uploads\/2024\/01\/20210914_191452-scaled.jpg","og_image_width":"2560","og_image_height":"1440","og_image_custom_url":null,"og_image_custom_fields":null,"og_video":"","og_custom_url":null,"og_article_section":null,"og_article_tags":"[]","twitter_use_og":false,"twitter_card":"default","twitter_image_type":"featured","twitter_image_url":"https:\/\/amnromania.ro\/wp-content\/uploads\/2024\/01\/20210914_191452-scaled.jpg","twitter_image_custom_url":null,"twitter_image_custom_fields":null,"twitter_title":null,"twitter_description":null,"schema":{"blockGraphs":[],"customGraphs":[],"default":{"data":{"Article":[],"Course":[],"Dataset":[],"FAQPage":[],"Movie":[],"Person":[],"Product":[],"Recipe":[],"Service":[],"SoftwareApplication":[],"WebPage":{"id":"#aioseo-web-page-65b6315e9b280","slug":"web-page","graphName":"WebPage","label":"Web Page","properties":{"type":"WebPage","name":"","description":""}}},"graphName":"WebPage","isEnabled":true},"graphs":[]},"schema_type":"default","schema_type_options":"{\"article\":{\"articleType\":\"BlogPosting\"},\"course\":{\"name\":\"\",\"description\":\"\",\"provider\":\"\"},\"faq\":{\"pages\":[]},\"product\":{\"reviews\":[]},\"recipe\":{\"ingredients\":[],\"instructions\":[],\"keywords\":[]},\"software\":{\"reviews\":[],\"operatingSystems\":[]},\"webPage\":{\"webPageType\":\"WebPage\"},\"blockGraphs\":[]}","pillar_content":false,"robots_default":true,"robots_noindex":false,"robots_noarchive":false,"robots_nosnippet":false,"robots_nofollow":false,"robots_noimageindex":false,"robots_noodp":false,"robots_notranslate":false,"robots_max_snippet":"-1","robots_max_videopreview":"-1","robots_max_imagepreview":"large","priority":null,"frequency":"default","local_seo":null,"limit_modified_date":false,"open_ai":null,"created":"2024-01-28 10:16:12","updated":"2024-01-28 10:50:06"},"aioseo_breadcrumb":"<div class=\"aioseo-breadcrumbs\"><span class=\"aioseo-breadcrumb\">\n\t<a href=\"https:\/\/amnromania.ro\/en\" title=\"Home\">Home<\/a>\n<\/span><span class=\"aioseo-breadcrumb-separator\">&raquo;<\/span><span class=\"aioseo-breadcrumb\">\n\tZiua Hindi 2021\n<\/span><\/div>","aioseo_breadcrumb_json":[{"label":"Home","link":"https:\/\/amnromania.ro\/en"},{"label":"Ziua Hindi 2021","link":"https:\/\/amnromania.ro\/en\/day-hindi-2021\/"}],"_links":{"self":[{"href":"https:\/\/amnromania.ro\/en\/wp-json\/wp\/v2\/pages\/11932","targetHints":{"allow":["GET"]}}],"collection":[{"href":"https:\/\/amnromania.ro\/en\/wp-json\/wp\/v2\/pages"}],"about":[{"href":"https:\/\/amnromania.ro\/en\/wp-json\/wp\/v2\/types\/page"}],"author":[{"embeddable":true,"href":"https:\/\/amnromania.ro\/en\/wp-json\/wp\/v2\/users\/1"}],"replies":[{"embeddable":true,"href":"https:\/\/amnromania.ro\/en\/wp-json\/wp\/v2\/comments?post=11932"}],"version-history":[{"count":5,"href":"https:\/\/amnromania.ro\/en\/wp-json\/wp\/v2\/pages\/11932\/revisions"}],"predecessor-version":[{"id":11939,"href":"https:\/\/amnromania.ro\/en\/wp-json\/wp\/v2\/pages\/11932\/revisions\/11939"}],"wp:featuredmedia":[{"embeddable":true,"href":"https:\/\/amnromania.ro\/en\/wp-json\/wp\/v2\/media\/11935"}],"wp:attachment":[{"href":"https:\/\/amnromania.ro\/en\/wp-json\/wp\/v2\/media?parent=11932"}],"curies":[{"name":"wp","href":"https:\/\/api.w.org\/{rel}","templated":true}]}}