{"id":11858,"date":"2024-01-23T21:19:04","date_gmt":"2024-01-23T19:19:04","guid":{"rendered":"https:\/\/amnromania.ro\/?page_id=11858"},"modified":"2024-01-25T21:59:02","modified_gmt":"2024-01-25T19:59:02","slug":"india-day-2023","status":"publish","type":"page","link":"https:\/\/amnromania.ro\/en\/india-day-2023\/","title":{"rendered":"India Republic Day 2023"},"content":{"rendered":"<div data-elementor-type=\"wp-page\" data-elementor-id=\"11858\" class=\"elementor elementor-11858\" data-elementor-post-type=\"page\">\n\t\t\t\t\t\t<section class=\"elementor-section elementor-top-section elementor-element elementor-element-717c92a elementor-section-boxed elementor-section-height-default elementor-section-height-default\" data-id=\"717c92a\" data-element_type=\"section\">\n\t\t\t\t\t\t<div class=\"elementor-container elementor-column-gap-default\">\n\t\t\t\t\t<div class=\"elementor-column elementor-col-50 elementor-top-column elementor-element elementor-element-c99cd07\" data-id=\"c99cd07\" data-element_type=\"column\">\n\t\t\t<div class=\"elementor-widget-wrap elementor-element-populated\">\n\t\t\t\t\t\t<div class=\"elementor-element elementor-element-aad61b0 elementor-nav-menu__align-start elementor-nav-menu__text-align-center elementor-nav-menu--dropdown-tablet elementor-nav-menu--toggle elementor-nav-menu--burger elementor-widget elementor-widget-global elementor-global-5200 elementor-widget-nav-menu\" data-id=\"aad61b0\" data-element_type=\"widget\" data-settings=\"{&quot;layout&quot;:&quot;vertical&quot;,&quot;submenu_icon&quot;:{&quot;value&quot;:&quot;fas fa-caret-down&quot;,&quot;library&quot;:&quot;fa-solid&quot;},&quot;toggle&quot;:&quot;burger&quot;}\" data-widget_type=\"nav-menu.default\">\n\t\t\t\t<div class=\"elementor-widget-container\">\n\t\t\t\t\t\t\t\t<nav aria-label=\"Menu\" class=\"elementor-nav-menu--main elementor-nav-menu__container elementor-nav-menu--layout-vertical e--pointer-background e--animation-fade\">\n\t\t\t\t<ul id=\"menu-1-aad61b0\" class=\"elementor-nav-menu sm-vertical\"><li class=\"menu-item menu-item-type-post_type menu-item-object-page menu-item-6419\"><a href=\"https:\/\/amnromania.ro\/en\/day-ayurveda\/\" class=\"elementor-item\">Ayurveda Day<\/a><\/li>\n<li class=\"menu-item menu-item-type-post_type menu-item-object-page menu-item-11894\"><a href=\"https:\/\/amnromania.ro\/en\/presentations\/\" class=\"elementor-item\">Presentations<\/a><\/li>\n<li class=\"menu-item menu-item-type-post_type menu-item-object-page menu-item-11880\"><a href=\"https:\/\/amnromania.ro\/en\/festivities\/\" class=\"elementor-item\">Festivities<\/a><\/li>\n<li class=\"menu-item menu-item-type-post_type menu-item-object-page menu-item-11893\"><a href=\"https:\/\/amnromania.ro\/en\/conferences\/\" class=\"elementor-item\">Conferences<\/a><\/li>\n<\/ul>\t\t\t<\/nav>\n\t\t\t\t\t<div class=\"elementor-menu-toggle\" role=\"button\" tabindex=\"0\" aria-label=\"Toggle menu\" aria-expanded=\"false\">\n\t\t\t<i aria-hidden=\"true\" role=\"presentation\" class=\"elementor-menu-toggle__icon--open eicon-menu-bar\"><\/i><i aria-hidden=\"true\" role=\"presentation\" class=\"elementor-menu-toggle__icon--close eicon-close\"><\/i>\t\t<\/div>\n\t\t\t\t\t<nav class=\"elementor-nav-menu--dropdown elementor-nav-menu__container\" aria-hidden=\"true\">\n\t\t\t\t<ul id=\"menu-2-aad61b0\" class=\"elementor-nav-menu sm-vertical\"><li class=\"menu-item menu-item-type-post_type menu-item-object-page menu-item-6419\"><a href=\"https:\/\/amnromania.ro\/en\/day-ayurveda\/\" class=\"elementor-item\" tabindex=\"-1\">Ayurveda Day<\/a><\/li>\n<li class=\"menu-item menu-item-type-post_type menu-item-object-page menu-item-11894\"><a href=\"https:\/\/amnromania.ro\/en\/presentations\/\" class=\"elementor-item\" tabindex=\"-1\">Presentations<\/a><\/li>\n<li class=\"menu-item menu-item-type-post_type menu-item-object-page menu-item-11880\"><a href=\"https:\/\/amnromania.ro\/en\/festivities\/\" class=\"elementor-item\" tabindex=\"-1\">Festivities<\/a><\/li>\n<li class=\"menu-item menu-item-type-post_type menu-item-object-page menu-item-11893\"><a href=\"https:\/\/amnromania.ro\/en\/conferences\/\" class=\"elementor-item\" tabindex=\"-1\">Conferences<\/a><\/li>\n<\/ul>\t\t\t<\/nav>\n\t\t\t\t\t\t<\/div>\n\t\t\t\t<\/div>\n\t\t\t\t\t<\/div>\n\t\t<\/div>\n\t\t\t\t<div class=\"elementor-column elementor-col-50 elementor-top-column elementor-element elementor-element-e4128f9\" data-id=\"e4128f9\" data-element_type=\"column\">\n\t\t\t<div class=\"elementor-widget-wrap elementor-element-populated\">\n\t\t\t\t\t\t<div class=\"elementor-element elementor-element-30508df elementor-widget elementor-widget-text-editor\" data-id=\"30508df\" data-element_type=\"widget\" data-widget_type=\"text-editor.default\">\n\t\t\t\t<div class=\"elementor-widget-container\">\n\t\t\t\t\t\t\t\t\t<h1 style=\"text-align: center;\"><strong><span style=\"color: #ff9900;\">India Republic Day 2023<\/span><\/strong><\/h1><p style=\"text-align: right;\">\"No culture can live if it tries to be exclusive.\" (Mahatma Gandhi)<\/p><p style=\"text-align: left;\">On 26 January 2023, Bucharest hosted the ceremonies to celebrate the 74th anniversary of the Republic Day of India, an event organised in two festive sequences. The first, of an official and solemn nature, took place at the Embassy of India, where His Excellency Rahul Shrivastava, Ambassador of India to Bucharest, raised the national flag of India, marking the beginning of the ceremonies. This was followed by the singing of the Indian national anthem and the reading of the message delivered by the President of India.<\/p><p><img decoding=\"async\" src=\"https:\/\/amnromania.ro\/wp-content\/uploads\/2024\/01\/photo_2024-01-22_10-08-02-300x135.jpg\" alt=\"\" width=\"300\" height=\"135\" \/><\/p><p>In his speech, His Excellency Ambassador Rahul Shrivastava highlighted the importance of this day for the Indian people and underlined the close ties between India and Romania. He also conveyed greetings to Indians in Romania, Moldova and Albania and to all those who support and admire India in these countries.<\/p><p>The second leg of the Republic of India Day celebrations took place at the JW Mariott Grand Hotel Bucharest, where the Embassy of India hosted a lavish reception. The event was attended by many distinguished guests, including representatives from the diplomatic community, senior government officials, prestigious academics, business leaders, members of the Indian diaspora and close friends of India. Guests from the National Association for the Promotion of Non-Conventional Medicines in Romania - AMN-Romania were among those present, highlighting the cooperation between the two countries.<\/p><p><img fetchpriority=\"high\" decoding=\"async\" src=\"https:\/\/amnromania.ro\/wp-content\/uploads\/2024\/01\/Ziua-india-la-Bucuresti-2023-300x204.jpg\" alt=\"\" width=\"300\" height=\"204\" \/><\/p><p>The reception was marked by a vibrant atmosphere where Indian culture, gastronomy and traditions were highlighted. Guests were treated to authentic Indian food and cultural performances including traditional dances and music, providing an authentic experience of the beauty and cultural diversity of India.<\/p><p>The event highlighted not only the friendship and close relations between India and Romania, but also the importance of intercultural dialogue and openness to cultural diversity, as Mahatma Gandhi's wisdom reminds us.<\/p>\t\t\t\t\t\t\t\t<\/div>\n\t\t\t\t<\/div>\n\t\t\t\t\t<\/div>\n\t\t<\/div>\n\t\t\t\t\t<\/div>\n\t\t<\/section>\n\t\t\t\t<\/div>","protected":false},"excerpt":{"rendered":"<p>Republic Day India 2023 \"No culture can live if it tries to be exclusive.\" (Mahatma Gandhi) On 26 January 2023, Bucharest hosted the ceremonies to celebrate the 74th anniversary of India's Republic Day, an event organised in two festive sequences. The first, of an official and solemn nature, took place [...]<\/p>","protected":false},"author":1,"featured_media":0,"parent":0,"menu_order":0,"comment_status":"closed","ping_status":"closed","template":"","meta":{"_mi_skip_tracking":false,"_analytify_skip_tracking":false,"footnotes":""},"class_list":["post-11858","page","type-page","status-publish","hentry"],"aioseo_notices":[],"aioseo_head":"\n\t\t<!-- All in One SEO Pro 4.7.0 - aioseo.com -->\n\t\t<meta name=\"description\" content=\"Ziua Ayurveda Prezentari Festivitati Conferinte Ziua Ayurveda Prezentari Festivitati Conferinte Ziua Republicii India 2023\u201eNicio cultur\u0103 nu poate tr\u0103i dac\u0103 \u00eencearc\u0103 s\u0103 fie exclusiv\u0103.\u201d (Mahatma Gandhi)\u00cen data de 26 ianuarie 2023, Bucure\u0219tiul a g\u0103zduit ceremoniile de celebrare a celei de-a 74-a anivers\u0103ri a Zilei Republicii India, eveniment organizat \u00een dou\u0103 secven\u021be festive. Prima dintre acestea, cu\" \/>\n\t\t<meta name=\"robots\" content=\"max-image-preview:large\" \/>\n\t\t<meta name=\"google-site-verification\" content=\"G-391X30D2FS\" \/>\n\t\t<link rel=\"canonical\" href=\"https:\/\/amnromania.ro\/en\/india-day-2023\/\" \/>\n\t\t<meta name=\"generator\" content=\"All in One SEO Pro (AIOSEO) 4.7.0\" \/>\n\t\t<meta property=\"og:locale\" content=\"en_US\" \/>\n\t\t<meta property=\"og:site_name\" content=\"AMN Ayurveda ROM\u00c2NIA | Asociatia Nationala pentru Promovarea Medicinelor Neconventionale\" \/>\n\t\t<meta property=\"og:type\" content=\"article\" \/>\n\t\t<meta property=\"og:title\" content=\"Ziua Republicii India 2023 | AMN Ayurveda ROM\u00c2NIA\" \/>\n\t\t<meta property=\"og:description\" content=\"Ziua Ayurveda Prezentari Festivitati Conferinte Ziua Ayurveda Prezentari Festivitati Conferinte Ziua Republicii India 2023\u201eNicio cultur\u0103 nu poate tr\u0103i dac\u0103 \u00eencearc\u0103 s\u0103 fie exclusiv\u0103.\u201d (Mahatma Gandhi)\u00cen data de 26 ianuarie 2023, Bucure\u0219tiul a g\u0103zduit ceremoniile de celebrare a celei de-a 74-a anivers\u0103ri a Zilei Republicii India, eveniment organizat \u00een dou\u0103 secven\u021be festive. Prima dintre acestea, cu\" \/>\n\t\t<meta property=\"og:url\" content=\"https:\/\/amnromania.ro\/en\/india-day-2023\/\" \/>\n\t\t<meta property=\"og:image\" content=\"https:\/\/amnromania.ro\/ynorsyju\/2021\/06\/Ayurveda-in-Romania-Vol.-2-Ro.jpg\" \/>\n\t\t<meta property=\"og:image:secure_url\" content=\"https:\/\/amnromania.ro\/ynorsyju\/2021\/06\/Ayurveda-in-Romania-Vol.-2-Ro.jpg\" \/>\n\t\t<meta property=\"article:published_time\" content=\"2024-01-23T19:19:04+00:00\" \/>\n\t\t<meta property=\"article:modified_time\" content=\"2024-01-25T19:59:02+00:00\" \/>\n\t\t<meta property=\"article:publisher\" content=\"https:\/\/www.facebook.com\/AMNRomania\" \/>\n\t\t<script type=\"application\/ld+json\" class=\"aioseo-schema\">\n\t\t\t{\"@context\":\"https:\\\/\\\/schema.org\",\"@graph\":[{\"@type\":\"BreadcrumbList\",\"@id\":\"https:\\\/\\\/amnromania.ro\\\/en\\\/india-day-2023\\\/#breadcrumblist\",\"itemListElement\":[{\"@type\":\"ListItem\",\"@id\":\"https:\\\/\\\/amnromania.ro\\\/en\\\/#listItem\",\"position\":1,\"name\":\"Home\",\"item\":\"https:\\\/\\\/amnromania.ro\\\/en\\\/\",\"nextItem\":\"https:\\\/\\\/amnromania.ro\\\/en\\\/india-day-2023\\\/#listItem\"},{\"@type\":\"ListItem\",\"@id\":\"https:\\\/\\\/amnromania.ro\\\/en\\\/india-day-2023\\\/#listItem\",\"position\":2,\"name\":\"Ziua Republicii India 2023\",\"previousItem\":\"https:\\\/\\\/amnromania.ro\\\/en\\\/#listItem\"}]},{\"@type\":\"Organization\",\"@id\":\"https:\\\/\\\/amnromania.ro\\\/en\\\/#organization\",\"name\":\"AMN Ayurveda Romania\",\"url\":\"https:\\\/\\\/amnromania.ro\\\/en\\\/\",\"logo\":{\"@type\":\"ImageObject\",\"url\":\"https:\\\/\\\/amnromania.ro\\\/ynorsyju\\\/2020\\\/10\\\/amn.png\",\"@id\":\"https:\\\/\\\/amnromania.ro\\\/en\\\/india-day-2023\\\/#organizationLogo\"},\"image\":{\"@id\":\"https:\\\/\\\/amnromania.ro\\\/en\\\/india-day-2023\\\/#organizationLogo\"},\"sameAs\":[\"https:\\\/\\\/www.facebook.com\\\/AMNRomania\",\"https:\\\/\\\/www.youtube.com\\\/channel\\\/UClfqKxiq_uZ11rthDIT3-BQ\\\/videos\"]},{\"@type\":\"WebPage\",\"@id\":\"https:\\\/\\\/amnromania.ro\\\/en\\\/india-day-2023\\\/#webpage\",\"url\":\"https:\\\/\\\/amnromania.ro\\\/en\\\/india-day-2023\\\/\",\"name\":\"Ziua Republicii India 2023 | AMN Ayurveda ROM\\u00c2NIA\",\"description\":\"Ziua Ayurveda Prezentari Festivitati Conferinte Ziua Ayurveda Prezentari Festivitati Conferinte Ziua Republicii India 2023\\u201eNicio cultur\\u0103 nu poate tr\\u0103i dac\\u0103 \\u00eencearc\\u0103 s\\u0103 fie exclusiv\\u0103.\\u201d (Mahatma Gandhi)\\u00cen data de 26 ianuarie 2023, Bucure\\u0219tiul a g\\u0103zduit ceremoniile de celebrare a celei de-a 74-a anivers\\u0103ri a Zilei Republicii India, eveniment organizat \\u00een dou\\u0103 secven\\u021be festive. Prima dintre acestea, cu\",\"inLanguage\":\"en-US\",\"isPartOf\":{\"@id\":\"https:\\\/\\\/amnromania.ro\\\/en\\\/#website\"},\"breadcrumb\":{\"@id\":\"https:\\\/\\\/amnromania.ro\\\/en\\\/india-day-2023\\\/#breadcrumblist\"},\"datePublished\":\"2024-01-23T21:19:04+02:00\",\"dateModified\":\"2024-01-25T21:59:02+02:00\"},{\"@type\":\"WebSite\",\"@id\":\"https:\\\/\\\/amnromania.ro\\\/en\\\/#website\",\"url\":\"https:\\\/\\\/amnromania.ro\\\/en\\\/\",\"name\":\"AMN Ayurveda ROM\\u00c2NIA\",\"description\":\"Asociatia Nationala pentru Promovarea Medicinelor Neconventionale\",\"inLanguage\":\"en-US\",\"publisher\":{\"@id\":\"https:\\\/\\\/amnromania.ro\\\/en\\\/#organization\"}}]}\n\t\t<\/script>\n\t\t<!-- All in One SEO Pro -->\r\n\t\t<title>Ziua Republicii India 2023 | AMN Ayurveda ROM\u00c2NIA<\/title>\n\n","aioseo_head_json":{"title":"Ziua Republicii India 2023 | AMN Ayurveda ROM\u00c2NIA","description":"Ziua Ayurveda Prezentari Festivitati Conferinte Ziua Ayurveda Prezentari Festivitati Conferinte Ziua Republicii India 2023\u201eNicio cultur\u0103 nu poate tr\u0103i dac\u0103 \u00eencearc\u0103 s\u0103 fie exclusiv\u0103.\u201d (Mahatma Gandhi)\u00cen data de 26 ianuarie 2023, Bucure\u0219tiul a g\u0103zduit ceremoniile de celebrare a celei de-a 74-a anivers\u0103ri a Zilei Republicii India, eveniment organizat \u00een dou\u0103 secven\u021be festive. Prima dintre acestea, cu","canonical_url":"https:\/\/amnromania.ro\/en\/india-day-2023\/","robots":"max-image-preview:large","keywords":"","webmasterTools":{"google-site-verification":"G-391X30D2FS","miscellaneous":""},"og:locale":"en_US","og:site_name":"AMN Ayurveda ROM\u00c2NIA | Asociatia Nationala pentru Promovarea Medicinelor Neconventionale","og:type":"article","og:title":"Ziua Republicii India 2023 | AMN Ayurveda ROM\u00c2NIA","og:description":"Ziua Ayurveda Prezentari Festivitati Conferinte Ziua Ayurveda Prezentari Festivitati Conferinte Ziua Republicii India 2023\u201eNicio cultur\u0103 nu poate tr\u0103i dac\u0103 \u00eencearc\u0103 s\u0103 fie exclusiv\u0103.\u201d (Mahatma Gandhi)\u00cen data de 26 ianuarie 2023, Bucure\u0219tiul a g\u0103zduit ceremoniile de celebrare a celei de-a 74-a anivers\u0103ri a Zilei Republicii India, eveniment organizat \u00een dou\u0103 secven\u021be festive. Prima dintre acestea, cu","og:url":"https:\/\/amnromania.ro\/en\/india-day-2023\/","og:image":"https:\/\/amnromania.ro\/ynorsyju\/2021\/06\/Ayurveda-in-Romania-Vol.-2-Ro.jpg","og:image:secure_url":"https:\/\/amnromania.ro\/ynorsyju\/2021\/06\/Ayurveda-in-Romania-Vol.-2-Ro.jpg","article:published_time":"2024-01-23T19:19:04+00:00","article:modified_time":"2024-01-25T19:59:02+00:00","article:publisher":"https:\/\/www.facebook.com\/AMNRomania","schema":{"@context":"https:\/\/schema.org","@graph":[{"@type":"BreadcrumbList","@id":"https:\/\/amnromania.ro\/en\/india-day-2023\/#breadcrumblist","itemListElement":[{"@type":"ListItem","@id":"https:\/\/amnromania.ro\/en\/#listItem","position":1,"name":"Home","item":"https:\/\/amnromania.ro\/en\/","nextItem":"https:\/\/amnromania.ro\/en\/india-day-2023\/#listItem"},{"@type":"ListItem","@id":"https:\/\/amnromania.ro\/en\/india-day-2023\/#listItem","position":2,"name":"Ziua Republicii India 2023","previousItem":"https:\/\/amnromania.ro\/en\/#listItem"}]},{"@type":"Organization","@id":"https:\/\/amnromania.ro\/en\/#organization","name":"AMN Ayurveda Romania","url":"https:\/\/amnromania.ro\/en\/","logo":{"@type":"ImageObject","url":"https:\/\/amnromania.ro\/ynorsyju\/2020\/10\/amn.png","@id":"https:\/\/amnromania.ro\/en\/india-day-2023\/#organizationLogo"},"image":{"@id":"https:\/\/amnromania.ro\/en\/india-day-2023\/#organizationLogo"},"sameAs":["https:\/\/www.facebook.com\/AMNRomania","https:\/\/www.youtube.com\/channel\/UClfqKxiq_uZ11rthDIT3-BQ\/videos"]},{"@type":"WebPage","@id":"https:\/\/amnromania.ro\/en\/india-day-2023\/#webpage","url":"https:\/\/amnromania.ro\/en\/india-day-2023\/","name":"Ziua Republicii India 2023 | AMN Ayurveda ROM\u00c2NIA","description":"Ziua Ayurveda Prezentari Festivitati Conferinte Ziua Ayurveda Prezentari Festivitati Conferinte Ziua Republicii India 2023\u201eNicio cultur\u0103 nu poate tr\u0103i dac\u0103 \u00eencearc\u0103 s\u0103 fie exclusiv\u0103.\u201d (Mahatma Gandhi)\u00cen data de 26 ianuarie 2023, Bucure\u0219tiul a g\u0103zduit ceremoniile de celebrare a celei de-a 74-a anivers\u0103ri a Zilei Republicii India, eveniment organizat \u00een dou\u0103 secven\u021be festive. Prima dintre acestea, cu","inLanguage":"en-US","isPartOf":{"@id":"https:\/\/amnromania.ro\/en\/#website"},"breadcrumb":{"@id":"https:\/\/amnromania.ro\/en\/india-day-2023\/#breadcrumblist"},"datePublished":"2024-01-23T21:19:04+02:00","dateModified":"2024-01-25T21:59:02+02:00"},{"@type":"WebSite","@id":"https:\/\/amnromania.ro\/en\/#website","url":"https:\/\/amnromania.ro\/en\/","name":"AMN Ayurveda ROM\u00c2NIA","description":"Asociatia Nationala pentru Promovarea Medicinelor Neconventionale","inLanguage":"en-US","publisher":{"@id":"https:\/\/amnromania.ro\/en\/#organization"}}]}},"aioseo_meta_data":{"post_id":"11858","title":null,"description":null,"keywords":"[]","keyphrases":"{\"focus\":{\"keyphrase\":\"Ziua India 2023\",\"score\":56,\"analysis\":{\"keyphraseInTitle\":{\"title\":\"Focus keyphrase in SEO title\",\"description\":\"Focus keyphrase not found in SEO title.\",\"score\":3,\"maxScore\":9,\"error\":1},\"keyphraseInDescription\":[],\"keyphraseLength\":{\"title\":\"Focus keyphrase length\",\"description\":\"Good job!\",\"score\":9,\"maxScore\":9,\"error\":0,\"length\":2},\"keyphraseInURL\":{\"title\":\"Focus keyphrase in URL\",\"description\":\"Focus keyphrase not found in the URL.\",\"score\":1,\"maxScore\":5,\"error\":1},\"keyphraseInIntroduction\":{\"title\":\"Focus keyphrase in introduction\",\"description\":\"Your Focus keyphrase does not appear in the first paragraph. Make sure the topic is clear immediately.\",\"score\":3,\"maxScore\":9,\"error\":1},\"keyphraseInSubHeadings\":[],\"keyphraseInImageAlt\":{\"title\":\"Focus keyphrase in image alt attributes\",\"description\":\"Focus keyphrase not found in image alt attribute(s). Add an image with your Focus keyphrase as alt text.\",\"score\":3,\"maxScore\":9,\"error\":1}}},\"additional\":[]}","primary_term":null,"canonical_url":null,"og_title":null,"og_description":null,"og_object_type":"default","og_image_type":"default","og_image_url":null,"og_image_width":null,"og_image_height":null,"og_image_custom_url":null,"og_image_custom_fields":null,"og_video":"","og_custom_url":null,"og_article_section":null,"og_article_tags":"[]","twitter_use_og":false,"twitter_card":"default","twitter_image_type":"default","twitter_image_url":null,"twitter_image_custom_url":null,"twitter_image_custom_fields":null,"twitter_title":null,"twitter_description":null,"schema":{"blockGraphs":[],"customGraphs":[],"default":{"data":{"Article":[],"Course":[],"Dataset":[],"FAQPage":[],"Movie":[],"Person":[],"Product":[],"Recipe":[],"Service":[],"SoftwareApplication":[],"WebPage":{"id":"#aioseo-web-page-65b63588854bb","slug":"web-page","graphName":"WebPage","label":"Web Page","properties":{"type":"WebPage","name":"","description":""}}},"graphName":"WebPage","isEnabled":true},"graphs":[]},"schema_type":"default","schema_type_options":"{\"article\":{\"articleType\":\"BlogPosting\"},\"course\":{\"name\":\"\",\"description\":\"\",\"provider\":\"\"},\"faq\":{\"pages\":[]},\"product\":{\"reviews\":[]},\"recipe\":{\"ingredients\":[],\"instructions\":[],\"keywords\":[]},\"software\":{\"reviews\":[],\"operatingSystems\":[]},\"webPage\":{\"webPageType\":\"WebPage\"},\"blockGraphs\":[]}","pillar_content":false,"robots_default":true,"robots_noindex":false,"robots_noarchive":false,"robots_nosnippet":false,"robots_nofollow":false,"robots_noimageindex":false,"robots_noodp":false,"robots_notranslate":false,"robots_max_snippet":"-1","robots_max_videopreview":"-1","robots_max_imagepreview":"large","priority":null,"frequency":"default","local_seo":null,"limit_modified_date":false,"open_ai":null,"created":"2024-01-23 19:11:36","updated":"2024-01-28 11:07:52"},"aioseo_breadcrumb":"<div class=\"aioseo-breadcrumbs\"><span class=\"aioseo-breadcrumb\">\n\t<a href=\"https:\/\/amnromania.ro\/en\" title=\"Home\">Home<\/a>\n<\/span><span class=\"aioseo-breadcrumb-separator\">&raquo;<\/span><span class=\"aioseo-breadcrumb\">\n\tZiua Republicii India 2023\n<\/span><\/div>","aioseo_breadcrumb_json":[{"label":"Home","link":"https:\/\/amnromania.ro\/en"},{"label":"Ziua Republicii India 2023","link":"https:\/\/amnromania.ro\/en\/india-day-2023\/"}],"_links":{"self":[{"href":"https:\/\/amnromania.ro\/en\/wp-json\/wp\/v2\/pages\/11858","targetHints":{"allow":["GET"]}}],"collection":[{"href":"https:\/\/amnromania.ro\/en\/wp-json\/wp\/v2\/pages"}],"about":[{"href":"https:\/\/amnromania.ro\/en\/wp-json\/wp\/v2\/types\/page"}],"author":[{"embeddable":true,"href":"https:\/\/amnromania.ro\/en\/wp-json\/wp\/v2\/users\/1"}],"replies":[{"embeddable":true,"href":"https:\/\/amnromania.ro\/en\/wp-json\/wp\/v2\/comments?post=11858"}],"version-history":[{"count":15,"href":"https:\/\/amnromania.ro\/en\/wp-json\/wp\/v2\/pages\/11858\/revisions"}],"predecessor-version":[{"id":11925,"href":"https:\/\/amnromania.ro\/en\/wp-json\/wp\/v2\/pages\/11858\/revisions\/11925"}],"wp:attachment":[{"href":"https:\/\/amnromania.ro\/en\/wp-json\/wp\/v2\/media?parent=11858"}],"curies":[{"name":"wp","href":"https:\/\/api.w.org\/{rel}","templated":true}]}}