{"id":11618,"date":"2023-10-16T11:25:07","date_gmt":"2023-10-16T09:25:07","guid":{"rendered":"https:\/\/amnromania.ro\/?page_id=11618"},"modified":"2023-10-16T11:33:26","modified_gmt":"2023-10-16T09:33:26","slug":"somatometry-ayurveda","status":"publish","type":"page","link":"https:\/\/amnromania.ro\/en\/somatometry-ayurveda\/","title":{"rendered":"Somatotherapy and Ayurveda"},"content":{"rendered":"<div data-elementor-type=\"wp-page\" data-elementor-id=\"11618\" class=\"elementor elementor-11618\" data-elementor-post-type=\"page\">\n\t\t\t\t\t\t<section class=\"elementor-section elementor-top-section elementor-element elementor-element-53bc744 elementor-section-boxed elementor-section-height-default elementor-section-height-default\" data-id=\"53bc744\" data-element_type=\"section\">\n\t\t\t\t\t\t<div class=\"elementor-container elementor-column-gap-default\">\n\t\t\t\t\t<div class=\"elementor-column elementor-col-50 elementor-top-column elementor-element elementor-element-7bb8325\" data-id=\"7bb8325\" data-element_type=\"column\">\n\t\t\t<div class=\"elementor-widget-wrap elementor-element-populated\">\n\t\t\t\t\t\t<div class=\"elementor-element elementor-element-55cf0fd elementor-nav-menu__align-start elementor-nav-menu__text-align-center elementor-nav-menu--dropdown-tablet elementor-nav-menu--toggle elementor-nav-menu--burger elementor-widget elementor-widget-global elementor-global-4259 elementor-widget-nav-menu\" data-id=\"55cf0fd\" data-element_type=\"widget\" data-settings=\"{&quot;layout&quot;:&quot;vertical&quot;,&quot;submenu_icon&quot;:{&quot;value&quot;:&quot;fas fa-caret-down&quot;,&quot;library&quot;:&quot;fa-solid&quot;},&quot;toggle&quot;:&quot;burger&quot;}\" data-widget_type=\"nav-menu.default\">\n\t\t\t\t<div class=\"elementor-widget-container\">\n\t\t\t\t\t\t\t\t<nav aria-label=\"Menu\" class=\"elementor-nav-menu--main elementor-nav-menu__container elementor-nav-menu--layout-vertical e--pointer-background e--animation-fade\">\n\t\t\t\t<ul id=\"menu-1-55cf0fd\" class=\"elementor-nav-menu sm-vertical\"><li class=\"menu-item menu-item-type-post_type menu-item-object-page menu-item-4237\"><a href=\"https:\/\/amnromania.ro\/en\/activity\/ayurveda-courses\/\" class=\"elementor-item\">Ayurveda Courses<\/a><\/li>\n<li class=\"menu-item menu-item-type-post_type menu-item-object-page menu-item-4234\"><a href=\"https:\/\/amnromania.ro\/en\/activity\/ayurveda-contests\/\" class=\"elementor-item\">Ayurveda competitions<\/a><\/li>\n<li class=\"menu-item menu-item-type-post_type menu-item-object-page menu-item-4235\"><a href=\"https:\/\/amnromania.ro\/en\/activity\/ayurveda-conference\/\" class=\"elementor-item\">Ayurveda Conferences<\/a><\/li>\n<li class=\"menu-item menu-item-type-post_type menu-item-object-page menu-item-4236\"><a href=\"https:\/\/amnromania.ro\/en\/activity\/ayurveda-congress\/\" class=\"elementor-item\">Ayurveda Congress<\/a><\/li>\n<li class=\"menu-item menu-item-type-post_type menu-item-object-page menu-item-5535\"><a href=\"https:\/\/amnromania.ro\/en\/activity\/ayurveda-camps\/\" class=\"elementor-item\">Ayurveda Camps<\/a><\/li>\n<\/ul>\t\t\t<\/nav>\n\t\t\t\t\t<div class=\"elementor-menu-toggle\" role=\"button\" tabindex=\"0\" aria-label=\"Toggle menu\" aria-expanded=\"false\">\n\t\t\t<i aria-hidden=\"true\" role=\"presentation\" class=\"elementor-menu-toggle__icon--open eicon-menu-bar\"><\/i><i aria-hidden=\"true\" role=\"presentation\" class=\"elementor-menu-toggle__icon--close eicon-close\"><\/i>\t\t<\/div>\n\t\t\t\t\t<nav class=\"elementor-nav-menu--dropdown elementor-nav-menu__container\" aria-hidden=\"true\">\n\t\t\t\t<ul id=\"menu-2-55cf0fd\" class=\"elementor-nav-menu sm-vertical\"><li class=\"menu-item menu-item-type-post_type menu-item-object-page menu-item-4237\"><a href=\"https:\/\/amnromania.ro\/en\/activity\/ayurveda-courses\/\" class=\"elementor-item\" tabindex=\"-1\">Ayurveda Courses<\/a><\/li>\n<li class=\"menu-item menu-item-type-post_type menu-item-object-page menu-item-4234\"><a href=\"https:\/\/amnromania.ro\/en\/activity\/ayurveda-contests\/\" class=\"elementor-item\" tabindex=\"-1\">Ayurveda competitions<\/a><\/li>\n<li class=\"menu-item menu-item-type-post_type menu-item-object-page menu-item-4235\"><a href=\"https:\/\/amnromania.ro\/en\/activity\/ayurveda-conference\/\" class=\"elementor-item\" tabindex=\"-1\">Ayurveda Conferences<\/a><\/li>\n<li class=\"menu-item menu-item-type-post_type menu-item-object-page menu-item-4236\"><a href=\"https:\/\/amnromania.ro\/en\/activity\/ayurveda-congress\/\" class=\"elementor-item\" tabindex=\"-1\">Ayurveda Congress<\/a><\/li>\n<li class=\"menu-item menu-item-type-post_type menu-item-object-page menu-item-5535\"><a href=\"https:\/\/amnromania.ro\/en\/activity\/ayurveda-camps\/\" class=\"elementor-item\" tabindex=\"-1\">Ayurveda Camps<\/a><\/li>\n<\/ul>\t\t\t<\/nav>\n\t\t\t\t\t\t<\/div>\n\t\t\t\t<\/div>\n\t\t\t\t\t<\/div>\n\t\t<\/div>\n\t\t\t\t<div class=\"elementor-column elementor-col-50 elementor-top-column elementor-element elementor-element-e4cf0bd\" data-id=\"e4cf0bd\" data-element_type=\"column\">\n\t\t\t<div class=\"elementor-widget-wrap elementor-element-populated\">\n\t\t\t\t\t\t<div class=\"elementor-element elementor-element-6aeb2ff elementor-widget elementor-widget-text-editor\" data-id=\"6aeb2ff\" data-element_type=\"widget\" data-widget_type=\"text-editor.default\">\n\t\t\t\t<div class=\"elementor-widget-container\">\n\t\t\t\t\t\t\t\t\t<h1 style=\"text-align: center;\"><span style=\"color: #ffcc00;\">SOMATOMETRY AND AYURVEDA<\/span><\/h1><h2 style=\"text-align: center;\"><span style=\"color: #ffcc00;\">MEASURING THE HUMAN BODY<\/span><\/h2><div>\u00a0<\/div><p>Somatometry can be simply defined as the discipline that deals with measuring the dimensions of the human body and its constituent parts. The information provided by the science of somatometry is nowadays mainly used in areas where medicine interferes with art, culture, psychology or technology, such as for example in artistic anatomy, anthropology, physiognomy or ergonomics.<\/p><p>Somatometry provides objective, reliable, reproducible data for successive, accurate measurements, which are then used in imaging medicine, e.g. the dimensions of internal organs in ultrasound, anatomical topographic sectioning in computed tomography, image measurement in tumour pathology, cystic pathology or lithiasis.<\/p><p><img fetchpriority=\"high\" decoding=\"async\" class=\"size-medium wp-image-11624 alignleft\" src=\"https:\/\/amnromania.ro\/wp-content\/uploads\/2023\/10\/padure-300x225.jpg\" alt=\"\" width=\"300\" height=\"225\" srcset=\"https:\/\/amnromania.ro\/wp-content\/uploads\/2023\/10\/padure-300x225.jpg 300w, https:\/\/amnromania.ro\/wp-content\/uploads\/2023\/10\/padure-1024x768.jpg 1024w, https:\/\/amnromania.ro\/wp-content\/uploads\/2023\/10\/padure-768x576.jpg 768w, https:\/\/amnromania.ro\/wp-content\/uploads\/2023\/10\/padure-16x12.jpg 16w, https:\/\/amnromania.ro\/wp-content\/uploads\/2023\/10\/padure.jpg 1280w\" sizes=\"(max-width: 300px) 100vw, 300px\" \/>On the other hand somatometry uses a correlative-intuitive-statistical interpretation of data, as in physiognomy. For example, it has been found that people with larger ears or taller people are generally found to have a higher latent longevity potential. The last mentioned interpretation, although relatively subjective, perhaps more subjective than the objective data used in current imaging, and the subjectivity comes precisely from its predictive nature, is nevertheless important for clinical practice and has proven its validity in concrete situations.<\/p><p>In modern conventional medicine the diagnosis is often made on the basis of a somatometric analysis, which can be relevant and particularly useful.<\/p><p>Pulmonary emphysema can be clinically diagnosed from the plastic image of a \"barrel chest\", with increased diameters, a more open subcostal angle, narrowed intercostal spaces and a reduced distance between the thyroid cartilage of the larynx and the sternum. Other uses of somatometry are in the fields of history, archaeology and anthropology (estimating the height of ancient populations by measuring the size of skeletons). The careful correlation of physiognomy with psychology and statistical data processing has made it possible to develop computer programmes that can recognise or confirm the existence of personal skills in detailed psychological tests. As is precisely indicated in the tradition of the Ayurvedic system, the proportions of the body indicate the existence of certain physical potentialities.<\/p><p>Somatometry can provide insights into the vital dynamic and energetic aspects of the human being that are useful in determining the level of health and bodily physical performance.<\/p><p>Linking traditional Ayurvedic data with somatometry can enhance these traditional data, as has already been done for example in sports or in astronautical medicine.<\/p><p>The dimensions of the body and its segments, as indicated by the science of Ayurvedic typologies (dosha-prakriti), can indicate very important data for natural healing, data which are useful in determining the exact personal specificities, in assessing the vitality of the human being, in estimating the probable degree of reaction to certain potential disturbing factors, in assessing the vital potential which can be mobilised during the healing process.<\/p><p>The age-old science of Ayurveda, as well as acupuncture and acupressure practiced in both India and the traditional Chinese healing system, is based on the practical aspects of somatometry. The millennia-old practical wisdom of the Ayurvedic system has led to the establishment of specific, proportional body measurements for each individual human being, seen as a large and complex whole, made up of multiple proportionalities. In the field of natural healing, Ayurveda uses the information provided by somatometric methods, and it has come to be known as a distinct health discipline.<\/p><p>The basic measure used in Ayurveda is called angula and the one used in acupuncture is cun. Both Ayurveda and acupuncture and acupressure in the Chinese tradition routinely use the practical aspects that are specific to somatometry to assess the size of internal organs by measuring the distances between certain landmarks in the body.<\/p><p>Body measurements made in the traditional manner indicated highlight a number of essential aspects of the proportionality of body composition and thus provide valuable data which then prove to be particularly useful for assessing the health of the human being.<\/p>\t\t\t\t\t\t\t\t<\/div>\n\t\t\t\t<\/div>\n\t\t\t\t\t<\/div>\n\t\t<\/div>\n\t\t\t\t\t<\/div>\n\t\t<\/section>\n\t\t\t\t<\/div>","protected":false},"excerpt":{"rendered":"<p>SOMATOMETRY AND AYURVEDA MEASUREMENT OF THE HUMAN BODY Somatometry can be simply defined as the discipline that deals with measuring the dimensions of the human body and its constituent parts. The information provided by the science of somatometry is nowadays mainly used in areas where medicine interferes with art, culture, psychology or technology, such as [...]<\/p>","protected":false},"author":1,"featured_media":0,"parent":0,"menu_order":0,"comment_status":"closed","ping_status":"closed","template":"","meta":{"_mi_skip_tracking":false,"_analytify_skip_tracking":false,"footnotes":""},"class_list":["post-11618","page","type-page","status-publish","hentry"],"aioseo_notices":[],"aioseo_head":"\n\t\t<!-- All in One SEO Pro 4.7.0 - aioseo.com -->\n\t\t<meta name=\"description\" content=\"Cursuri de Ayurveda Concursuri de Ayurveda Conferinte de Ayurveda Congrese de Ayurveda Tabere de Ayurveda Cursuri de Ayurveda Concursuri de Ayurveda Conferinte de Ayurveda Congrese de Ayurveda Tabere de Ayurveda SOMATOMETRIA \u015eI AYURVEDAM\u0102SURAREA TRUPULUI UMAN Somatometria poate fi definit\u0103 simplu ca fiind disciplina care se ocup\u0103 cu m\u0103surarea dimensiunilor trupului uman \u015fi ale p\u0103r\u021bilor sale constitutive.\" \/>\n\t\t<meta name=\"robots\" content=\"max-image-preview:large\" \/>\n\t\t<meta name=\"google-site-verification\" content=\"G-391X30D2FS\" \/>\n\t\t<link rel=\"canonical\" href=\"https:\/\/amnromania.ro\/en\/somatometry-ayurveda\/\" \/>\n\t\t<meta name=\"generator\" content=\"All in One SEO Pro (AIOSEO) 4.7.0\" \/>\n\t\t<meta property=\"og:locale\" content=\"en_US\" \/>\n\t\t<meta property=\"og:site_name\" content=\"AMN Ayurveda ROM\u00c2NIA | Asociatia Nationala pentru Promovarea Medicinelor Neconventionale\" \/>\n\t\t<meta property=\"og:type\" content=\"article\" \/>\n\t\t<meta property=\"og:title\" content=\"Somatoterapia si Ayurveda | AMN Ayurveda ROM\u00c2NIA\" \/>\n\t\t<meta property=\"og:description\" content=\"Cursuri de Ayurveda Concursuri de Ayurveda Conferinte de Ayurveda Congrese de Ayurveda Tabere de Ayurveda Cursuri de Ayurveda Concursuri de Ayurveda Conferinte de Ayurveda Congrese de Ayurveda Tabere de Ayurveda SOMATOMETRIA \u015eI AYURVEDAM\u0102SURAREA TRUPULUI UMAN Somatometria poate fi definit\u0103 simplu ca fiind disciplina care se ocup\u0103 cu m\u0103surarea dimensiunilor trupului uman \u015fi ale p\u0103r\u021bilor sale constitutive.\" \/>\n\t\t<meta property=\"og:url\" content=\"https:\/\/amnromania.ro\/en\/somatometry-ayurveda\/\" \/>\n\t\t<meta property=\"og:image\" content=\"https:\/\/amnromania.ro\/ynorsyju\/2021\/06\/Ayurveda-in-Romania-Vol.-2-Ro.jpg\" \/>\n\t\t<meta property=\"og:image:secure_url\" content=\"https:\/\/amnromania.ro\/ynorsyju\/2021\/06\/Ayurveda-in-Romania-Vol.-2-Ro.jpg\" \/>\n\t\t<meta property=\"article:published_time\" content=\"2023-10-16T09:25:07+00:00\" \/>\n\t\t<meta property=\"article:modified_time\" content=\"2023-10-16T09:33:26+00:00\" \/>\n\t\t<meta property=\"article:publisher\" content=\"https:\/\/www.facebook.com\/AMNRomania\" \/>\n\t\t<script type=\"application\/ld+json\" class=\"aioseo-schema\">\n\t\t\t{\"@context\":\"https:\\\/\\\/schema.org\",\"@graph\":[{\"@type\":\"BreadcrumbList\",\"@id\":\"https:\\\/\\\/amnromania.ro\\\/en\\\/somatometry-ayurveda\\\/#breadcrumblist\",\"itemListElement\":[{\"@type\":\"ListItem\",\"@id\":\"https:\\\/\\\/amnromania.ro\\\/en\\\/#listItem\",\"position\":1,\"name\":\"Home\",\"item\":\"https:\\\/\\\/amnromania.ro\\\/en\\\/\",\"nextItem\":\"https:\\\/\\\/amnromania.ro\\\/en\\\/somatometry-ayurveda\\\/#listItem\"},{\"@type\":\"ListItem\",\"@id\":\"https:\\\/\\\/amnromania.ro\\\/en\\\/somatometry-ayurveda\\\/#listItem\",\"position\":2,\"name\":\"Somatoterapia si Ayurveda\",\"previousItem\":\"https:\\\/\\\/amnromania.ro\\\/en\\\/#listItem\"}]},{\"@type\":\"Organization\",\"@id\":\"https:\\\/\\\/amnromania.ro\\\/en\\\/#organization\",\"name\":\"AMN Ayurveda Romania\",\"url\":\"https:\\\/\\\/amnromania.ro\\\/en\\\/\",\"logo\":{\"@type\":\"ImageObject\",\"url\":\"https:\\\/\\\/amnromania.ro\\\/ynorsyju\\\/2020\\\/10\\\/amn.png\",\"@id\":\"https:\\\/\\\/amnromania.ro\\\/en\\\/somatometry-ayurveda\\\/#organizationLogo\"},\"image\":{\"@id\":\"https:\\\/\\\/amnromania.ro\\\/en\\\/somatometry-ayurveda\\\/#organizationLogo\"},\"sameAs\":[\"https:\\\/\\\/www.facebook.com\\\/AMNRomania\",\"https:\\\/\\\/www.youtube.com\\\/channel\\\/UClfqKxiq_uZ11rthDIT3-BQ\\\/videos\"]},{\"@type\":\"WebPage\",\"@id\":\"https:\\\/\\\/amnromania.ro\\\/en\\\/somatometry-ayurveda\\\/#webpage\",\"url\":\"https:\\\/\\\/amnromania.ro\\\/en\\\/somatometry-ayurveda\\\/\",\"name\":\"Somatoterapia si Ayurveda | AMN Ayurveda ROM\\u00c2NIA\",\"description\":\"Cursuri de Ayurveda Concursuri de Ayurveda Conferinte de Ayurveda Congrese de Ayurveda Tabere de Ayurveda Cursuri de Ayurveda Concursuri de Ayurveda Conferinte de Ayurveda Congrese de Ayurveda Tabere de Ayurveda SOMATOMETRIA \\u015eI AYURVEDAM\\u0102SURAREA TRUPULUI UMAN Somatometria poate fi definit\\u0103 simplu ca fiind disciplina care se ocup\\u0103 cu m\\u0103surarea dimensiunilor trupului uman \\u015fi ale p\\u0103r\\u021bilor sale constitutive.\",\"inLanguage\":\"en-US\",\"isPartOf\":{\"@id\":\"https:\\\/\\\/amnromania.ro\\\/en\\\/#website\"},\"breadcrumb\":{\"@id\":\"https:\\\/\\\/amnromania.ro\\\/en\\\/somatometry-ayurveda\\\/#breadcrumblist\"},\"datePublished\":\"2023-10-16T11:25:07+02:00\",\"dateModified\":\"2023-10-16T11:33:26+02:00\"},{\"@type\":\"WebSite\",\"@id\":\"https:\\\/\\\/amnromania.ro\\\/en\\\/#website\",\"url\":\"https:\\\/\\\/amnromania.ro\\\/en\\\/\",\"name\":\"AMN Ayurveda ROM\\u00c2NIA\",\"description\":\"Asociatia Nationala pentru Promovarea Medicinelor Neconventionale\",\"inLanguage\":\"en-US\",\"publisher\":{\"@id\":\"https:\\\/\\\/amnromania.ro\\\/en\\\/#organization\"}}]}\n\t\t<\/script>\n\t\t<!-- All in One SEO Pro -->\r\n\t\t<title>Somatoterapia si Ayurveda | AMN Ayurveda ROM\u00c2NIA<\/title>\n\n","aioseo_head_json":{"title":"Somatoterapia si Ayurveda | AMN Ayurveda ROM\u00c2NIA","description":"Cursuri de Ayurveda Concursuri de Ayurveda Conferinte de Ayurveda Congrese de Ayurveda Tabere de Ayurveda Cursuri de Ayurveda Concursuri de Ayurveda Conferinte de Ayurveda Congrese de Ayurveda Tabere de Ayurveda SOMATOMETRIA \u015eI AYURVEDAM\u0102SURAREA TRUPULUI UMAN Somatometria poate fi definit\u0103 simplu ca fiind disciplina care se ocup\u0103 cu m\u0103surarea dimensiunilor trupului uman \u015fi ale p\u0103r\u021bilor sale constitutive.","canonical_url":"https:\/\/amnromania.ro\/en\/somatometry-ayurveda\/","robots":"max-image-preview:large","keywords":"","webmasterTools":{"google-site-verification":"G-391X30D2FS","miscellaneous":""},"og:locale":"en_US","og:site_name":"AMN Ayurveda ROM\u00c2NIA | Asociatia Nationala pentru Promovarea Medicinelor Neconventionale","og:type":"article","og:title":"Somatoterapia si Ayurveda | AMN Ayurveda ROM\u00c2NIA","og:description":"Cursuri de Ayurveda Concursuri de Ayurveda Conferinte de Ayurveda Congrese de Ayurveda Tabere de Ayurveda Cursuri de Ayurveda Concursuri de Ayurveda Conferinte de Ayurveda Congrese de Ayurveda Tabere de Ayurveda SOMATOMETRIA \u015eI AYURVEDAM\u0102SURAREA TRUPULUI UMAN Somatometria poate fi definit\u0103 simplu ca fiind disciplina care se ocup\u0103 cu m\u0103surarea dimensiunilor trupului uman \u015fi ale p\u0103r\u021bilor sale constitutive.","og:url":"https:\/\/amnromania.ro\/en\/somatometry-ayurveda\/","og:image":"https:\/\/amnromania.ro\/ynorsyju\/2021\/06\/Ayurveda-in-Romania-Vol.-2-Ro.jpg","og:image:secure_url":"https:\/\/amnromania.ro\/ynorsyju\/2021\/06\/Ayurveda-in-Romania-Vol.-2-Ro.jpg","article:published_time":"2023-10-16T09:25:07+00:00","article:modified_time":"2023-10-16T09:33:26+00:00","article:publisher":"https:\/\/www.facebook.com\/AMNRomania","schema":{"@context":"https:\/\/schema.org","@graph":[{"@type":"BreadcrumbList","@id":"https:\/\/amnromania.ro\/en\/somatometry-ayurveda\/#breadcrumblist","itemListElement":[{"@type":"ListItem","@id":"https:\/\/amnromania.ro\/en\/#listItem","position":1,"name":"Home","item":"https:\/\/amnromania.ro\/en\/","nextItem":"https:\/\/amnromania.ro\/en\/somatometry-ayurveda\/#listItem"},{"@type":"ListItem","@id":"https:\/\/amnromania.ro\/en\/somatometry-ayurveda\/#listItem","position":2,"name":"Somatoterapia si Ayurveda","previousItem":"https:\/\/amnromania.ro\/en\/#listItem"}]},{"@type":"Organization","@id":"https:\/\/amnromania.ro\/en\/#organization","name":"AMN Ayurveda Romania","url":"https:\/\/amnromania.ro\/en\/","logo":{"@type":"ImageObject","url":"https:\/\/amnromania.ro\/ynorsyju\/2020\/10\/amn.png","@id":"https:\/\/amnromania.ro\/en\/somatometry-ayurveda\/#organizationLogo"},"image":{"@id":"https:\/\/amnromania.ro\/en\/somatometry-ayurveda\/#organizationLogo"},"sameAs":["https:\/\/www.facebook.com\/AMNRomania","https:\/\/www.youtube.com\/channel\/UClfqKxiq_uZ11rthDIT3-BQ\/videos"]},{"@type":"WebPage","@id":"https:\/\/amnromania.ro\/en\/somatometry-ayurveda\/#webpage","url":"https:\/\/amnromania.ro\/en\/somatometry-ayurveda\/","name":"Somatoterapia si Ayurveda | AMN Ayurveda ROM\u00c2NIA","description":"Cursuri de Ayurveda Concursuri de Ayurveda Conferinte de Ayurveda Congrese de Ayurveda Tabere de Ayurveda Cursuri de Ayurveda Concursuri de Ayurveda Conferinte de Ayurveda Congrese de Ayurveda Tabere de Ayurveda SOMATOMETRIA \u015eI AYURVEDAM\u0102SURAREA TRUPULUI UMAN Somatometria poate fi definit\u0103 simplu ca fiind disciplina care se ocup\u0103 cu m\u0103surarea dimensiunilor trupului uman \u015fi ale p\u0103r\u021bilor sale constitutive.","inLanguage":"en-US","isPartOf":{"@id":"https:\/\/amnromania.ro\/en\/#website"},"breadcrumb":{"@id":"https:\/\/amnromania.ro\/en\/somatometry-ayurveda\/#breadcrumblist"},"datePublished":"2023-10-16T11:25:07+02:00","dateModified":"2023-10-16T11:33:26+02:00"},{"@type":"WebSite","@id":"https:\/\/amnromania.ro\/en\/#website","url":"https:\/\/amnromania.ro\/en\/","name":"AMN Ayurveda ROM\u00c2NIA","description":"Asociatia Nationala pentru Promovarea Medicinelor Neconventionale","inLanguage":"en-US","publisher":{"@id":"https:\/\/amnromania.ro\/en\/#organization"}}]}},"aioseo_meta_data":{"post_id":"11618","title":null,"description":null,"keywords":"[]","keyphrases":"{\"focus\":{\"keyphrase\":\"\",\"score\":0,\"analysis\":{\"keyphraseInTitle\":{\"score\":0,\"maxScore\":9,\"error\":1}}},\"additional\":[]}","primary_term":null,"canonical_url":null,"og_title":null,"og_description":null,"og_object_type":"default","og_image_type":"default","og_image_url":null,"og_image_width":null,"og_image_height":null,"og_image_custom_url":null,"og_image_custom_fields":null,"og_video":"","og_custom_url":null,"og_article_section":null,"og_article_tags":"[]","twitter_use_og":false,"twitter_card":"default","twitter_image_type":"default","twitter_image_url":null,"twitter_image_custom_url":null,"twitter_image_custom_fields":null,"twitter_title":null,"twitter_description":null,"schema":{"blockGraphs":[],"customGraphs":[],"default":{"data":{"Article":[],"Course":[],"Dataset":[],"FAQPage":[],"Movie":[],"Person":[],"Product":[],"Recipe":[],"Service":[],"SoftwareApplication":[],"WebPage":{"id":"#aioseo-web-page-65b635887d8fc","slug":"web-page","graphName":"WebPage","label":"Web Page","properties":{"type":"WebPage","name":"","description":""}}},"graphName":"WebPage","isEnabled":true},"graphs":[]},"schema_type":"default","schema_type_options":"{\"article\":{\"articleType\":\"BlogPosting\"},\"course\":{\"name\":\"\",\"description\":\"\",\"provider\":\"\"},\"faq\":{\"pages\":[]},\"product\":{\"reviews\":[]},\"recipe\":{\"ingredients\":[],\"instructions\":[],\"keywords\":[]},\"software\":{\"reviews\":[],\"operatingSystems\":[]},\"webPage\":{\"webPageType\":\"WebPage\"},\"blockGraphs\":[]}","pillar_content":false,"robots_default":true,"robots_noindex":false,"robots_noarchive":false,"robots_nosnippet":false,"robots_nofollow":false,"robots_noimageindex":false,"robots_noodp":false,"robots_notranslate":false,"robots_max_snippet":"-1","robots_max_videopreview":"-1","robots_max_imagepreview":"large","priority":null,"frequency":"default","local_seo":null,"limit_modified_date":false,"open_ai":null,"created":"2023-10-16 09:24:47","updated":"2024-01-28 11:07:52"},"aioseo_breadcrumb":"<div class=\"aioseo-breadcrumbs\"><span class=\"aioseo-breadcrumb\">\n\t<a href=\"https:\/\/amnromania.ro\/en\" title=\"Home\">Home<\/a>\n<\/span><span class=\"aioseo-breadcrumb-separator\">&raquo;<\/span><span class=\"aioseo-breadcrumb\">\n\tSomatoterapia si Ayurveda\n<\/span><\/div>","aioseo_breadcrumb_json":[{"label":"Home","link":"https:\/\/amnromania.ro\/en"},{"label":"Somatoterapia si Ayurveda","link":"https:\/\/amnromania.ro\/en\/somatometry-ayurveda\/"}],"_links":{"self":[{"href":"https:\/\/amnromania.ro\/en\/wp-json\/wp\/v2\/pages\/11618","targetHints":{"allow":["GET"]}}],"collection":[{"href":"https:\/\/amnromania.ro\/en\/wp-json\/wp\/v2\/pages"}],"about":[{"href":"https:\/\/amnromania.ro\/en\/wp-json\/wp\/v2\/types\/page"}],"author":[{"embeddable":true,"href":"https:\/\/amnromania.ro\/en\/wp-json\/wp\/v2\/users\/1"}],"replies":[{"embeddable":true,"href":"https:\/\/amnromania.ro\/en\/wp-json\/wp\/v2\/comments?post=11618"}],"version-history":[{"count":8,"href":"https:\/\/amnromania.ro\/en\/wp-json\/wp\/v2\/pages\/11618\/revisions"}],"predecessor-version":[{"id":11627,"href":"https:\/\/amnromania.ro\/en\/wp-json\/wp\/v2\/pages\/11618\/revisions\/11627"}],"wp:attachment":[{"href":"https:\/\/amnromania.ro\/en\/wp-json\/wp\/v2\/media?parent=11618"}],"curies":[{"name":"wp","href":"https:\/\/api.w.org\/{rel}","templated":true}]}}