{"id":114,"date":"2020-11-04T02:05:17","date_gmt":"2020-11-04T00:05:17","guid":{"rendered":"http:\/\/amnromania.ro\/?page_id=114"},"modified":"2023-02-04T12:22:23","modified_gmt":"2023-02-04T10:22:23","slug":"ayurveda","status":"publish","type":"page","link":"https:\/\/amnromania.ro\/en\/ayurveda\/","title":{"rendered":"Ayurveda"},"content":{"rendered":"<div data-elementor-type=\"wp-page\" data-elementor-id=\"114\" class=\"elementor elementor-114\" data-elementor-post-type=\"page\">\n\t\t\t\t\t\t<section class=\"elementor-section elementor-top-section elementor-element elementor-element-2200afa elementor-section-boxed elementor-section-height-default elementor-section-height-default\" data-id=\"2200afa\" data-element_type=\"section\">\n\t\t\t\t\t\t<div class=\"elementor-container elementor-column-gap-default\">\n\t\t\t\t\t<div class=\"elementor-column elementor-col-50 elementor-top-column elementor-element elementor-element-3c5c1f4\" data-id=\"3c5c1f4\" data-element_type=\"column\">\n\t\t\t<div class=\"elementor-widget-wrap elementor-element-populated\">\n\t\t\t\t\t\t<div class=\"elementor-element elementor-element-eaf349a elementor-nav-menu__align-start elementor-nav-menu__text-align-center elementor-nav-menu--dropdown-tablet elementor-nav-menu--toggle elementor-nav-menu--burger elementor-widget elementor-widget-global elementor-global-2579 elementor-widget-nav-menu\" data-id=\"eaf349a\" data-element_type=\"widget\" data-settings=\"{&quot;layout&quot;:&quot;vertical&quot;,&quot;submenu_icon&quot;:{&quot;value&quot;:&quot;fas fa-chevron-down&quot;,&quot;library&quot;:&quot;fa-solid&quot;},&quot;toggle&quot;:&quot;burger&quot;}\" data-widget_type=\"nav-menu.default\">\n\t\t\t\t<div class=\"elementor-widget-container\">\n\t\t\t\t\t\t\t\t<nav aria-label=\"Menu\" class=\"elementor-nav-menu--main elementor-nav-menu__container elementor-nav-menu--layout-vertical e--pointer-background e--animation-fade\">\n\t\t\t\t<ul id=\"menu-1-eaf349a\" class=\"elementor-nav-menu sm-vertical\"><li class=\"menu-item menu-item-type-post_type menu-item-object-page menu-item-2034\"><a href=\"https:\/\/amnromania.ro\/en\/ayurveda\/dimension-esoteric\/\" class=\"elementor-item\">The esoteric dimension<\/a><\/li>\n<li class=\"menu-item menu-item-type-post_type menu-item-object-page menu-item-2026\"><a href=\"https:\/\/amnromania.ro\/en\/ayurveda\/o-life-happiness\/\" class=\"elementor-item\">A happy life<\/a><\/li>\n<li class=\"menu-item menu-item-type-post_type menu-item-object-page menu-item-2027\"><a href=\"https:\/\/amnromania.ro\/en\/ayurveda\/beauty-feminine\/\" class=\"elementor-item\">Feminine beauty<\/a><\/li>\n<li class=\"menu-item menu-item-type-post_type menu-item-object-page menu-item-2028\"><a href=\"https:\/\/amnromania.ro\/en\/ayurveda\/balanced-food-in-ayurveda\/\" class=\"elementor-item\">Balanced nutrition in ayurveda<\/a><\/li>\n<li class=\"menu-item menu-item-type-post_type menu-item-object-page menu-item-2029\"><a href=\"https:\/\/amnromania.ro\/en\/ayurveda\/nutrition-and-longevity\/\" class=\"elementor-item\">Natural food and longevity<\/a><\/li>\n<li class=\"menu-item menu-item-type-post_type menu-item-object-page menu-item-2030\"><a href=\"https:\/\/amnromania.ro\/en\/ayurveda\/ayurveda-and-health\/\" class=\"elementor-item\">Ayurveda and health<\/a><\/li>\n<li class=\"menu-item menu-item-type-post_type menu-item-object-page menu-item-2031\"><a href=\"https:\/\/amnromania.ro\/en\/ayurveda\/ayurveda-system-of-healing\/\" class=\"elementor-item\">Ayurveda - healing system<\/a><\/li>\n<li class=\"menu-item menu-item-type-post_type menu-item-object-page menu-item-2032\"><a href=\"https:\/\/amnromania.ro\/en\/ayurveda\/uniqueness-perspective-ayurvedic\/\" class=\"elementor-item\">Uniqueness of the Ayurvedic perspective<\/a><\/li>\n<li class=\"menu-item menu-item-type-post_type menu-item-object-page menu-item-2033\"><a href=\"https:\/\/amnromania.ro\/en\/ayurveda\/ayurvedic-knowledge\/\" class=\"elementor-item\">Ayurvedic knowledge<\/a><\/li>\n<li class=\"menu-item menu-item-type-post_type menu-item-object-page menu-item-2058\"><a href=\"https:\/\/amnromania.ro\/en\/ayurveda\/how-to\/\" class=\"elementor-item\">Practical arrangements<\/a><\/li>\n<\/ul>\t\t\t<\/nav>\n\t\t\t\t\t<div class=\"elementor-menu-toggle\" role=\"button\" tabindex=\"0\" aria-label=\"Toggle menu\" aria-expanded=\"false\">\n\t\t\t<i aria-hidden=\"true\" role=\"presentation\" class=\"elementor-menu-toggle__icon--open eicon-menu-bar\"><\/i><i aria-hidden=\"true\" role=\"presentation\" class=\"elementor-menu-toggle__icon--close eicon-close\"><\/i>\t\t<\/div>\n\t\t\t\t\t<nav class=\"elementor-nav-menu--dropdown elementor-nav-menu__container\" aria-hidden=\"true\">\n\t\t\t\t<ul id=\"menu-2-eaf349a\" class=\"elementor-nav-menu sm-vertical\"><li class=\"menu-item menu-item-type-post_type menu-item-object-page menu-item-2034\"><a href=\"https:\/\/amnromania.ro\/en\/ayurveda\/dimension-esoteric\/\" class=\"elementor-item\" tabindex=\"-1\">The esoteric dimension<\/a><\/li>\n<li class=\"menu-item menu-item-type-post_type menu-item-object-page menu-item-2026\"><a href=\"https:\/\/amnromania.ro\/en\/ayurveda\/o-life-happiness\/\" class=\"elementor-item\" tabindex=\"-1\">A happy life<\/a><\/li>\n<li class=\"menu-item menu-item-type-post_type menu-item-object-page menu-item-2027\"><a href=\"https:\/\/amnromania.ro\/en\/ayurveda\/beauty-feminine\/\" class=\"elementor-item\" tabindex=\"-1\">Feminine beauty<\/a><\/li>\n<li class=\"menu-item menu-item-type-post_type menu-item-object-page menu-item-2028\"><a href=\"https:\/\/amnromania.ro\/en\/ayurveda\/balanced-food-in-ayurveda\/\" class=\"elementor-item\" tabindex=\"-1\">Balanced nutrition in ayurveda<\/a><\/li>\n<li class=\"menu-item menu-item-type-post_type menu-item-object-page menu-item-2029\"><a href=\"https:\/\/amnromania.ro\/en\/ayurveda\/nutrition-and-longevity\/\" class=\"elementor-item\" tabindex=\"-1\">Natural food and longevity<\/a><\/li>\n<li class=\"menu-item menu-item-type-post_type menu-item-object-page menu-item-2030\"><a href=\"https:\/\/amnromania.ro\/en\/ayurveda\/ayurveda-and-health\/\" class=\"elementor-item\" tabindex=\"-1\">Ayurveda and health<\/a><\/li>\n<li class=\"menu-item menu-item-type-post_type menu-item-object-page menu-item-2031\"><a href=\"https:\/\/amnromania.ro\/en\/ayurveda\/ayurveda-system-of-healing\/\" class=\"elementor-item\" tabindex=\"-1\">Ayurveda - healing system<\/a><\/li>\n<li class=\"menu-item menu-item-type-post_type menu-item-object-page menu-item-2032\"><a href=\"https:\/\/amnromania.ro\/en\/ayurveda\/uniqueness-perspective-ayurvedic\/\" class=\"elementor-item\" tabindex=\"-1\">Uniqueness of the Ayurvedic perspective<\/a><\/li>\n<li class=\"menu-item menu-item-type-post_type menu-item-object-page menu-item-2033\"><a href=\"https:\/\/amnromania.ro\/en\/ayurveda\/ayurvedic-knowledge\/\" class=\"elementor-item\" tabindex=\"-1\">Ayurvedic knowledge<\/a><\/li>\n<li class=\"menu-item menu-item-type-post_type menu-item-object-page menu-item-2058\"><a href=\"https:\/\/amnromania.ro\/en\/ayurveda\/how-to\/\" class=\"elementor-item\" tabindex=\"-1\">Practical arrangements<\/a><\/li>\n<\/ul>\t\t\t<\/nav>\n\t\t\t\t\t\t<\/div>\n\t\t\t\t<\/div>\n\t\t\t\t<div class=\"elementor-element elementor-element-e38c8e7 elementor-cta--skin-classic elementor-animated-content elementor-bg-transform elementor-bg-transform-zoom-in elementor-widget elementor-widget-global elementor-global-3577 elementor-widget-call-to-action\" data-id=\"e38c8e7\" data-element_type=\"widget\" data-widget_type=\"call-to-action.default\">\n\t\t\t\t<div class=\"elementor-widget-container\">\n\t\t\t\t\t\t\t<a class=\"elementor-cta\" href=\"https:\/\/amnromania.ro\/en\/ayurveda-in-romania-vol-3\/\">\n\t\t\t\t\t<div class=\"elementor-cta__bg-wrapper\">\n\t\t\t\t<div class=\"elementor-cta__bg elementor-bg\" style=\"background-image: url(https:\/\/amnromania.ro\/wp-content\/uploads\/2023\/11\/ayurveda-in-romania-vol-3-ro.jpg.webp);\" role=\"img\" aria-label=\"ayurveda-in-romania-vol-3-ro.jpg\"><\/div>\n\t\t\t\t<div class=\"elementor-cta__bg-overlay\"><\/div>\n\t\t\t<\/div>\n\t\t\t\t\t\t\t<div class=\"elementor-cta__content\">\n\t\t\t\t\n\t\t\t\t\t\t\t\t\t<h2 class=\"elementor-cta__title elementor-cta__content-item elementor-content-item\">\n\t\t\t\t\t\tAyurveda in Romania Vol. 3\t\t\t\t\t<\/h2>\n\t\t\t\t\n\t\t\t\t\t\t\t\t\t<div class=\"elementor-cta__description elementor-cta__content-item elementor-content-item\">\n\t\t\t\t\t\tThe paper highlights the popularity that Ayurveda has enjoyed in Romania and the advanced level at which the Ayurveda system is known and promoted in Romania in the last 30 years through AMN-Romania.\t\t\t\t\t<\/div>\n\t\t\t\t\n\t\t\t\t\t\t\t\t\t<div class=\"elementor-cta__button-wrapper elementor-cta__content-item elementor-content-item\">\n\t\t\t\t\t<span class=\"elementor-cta__button elementor-button elementor-size-\">\n\t\t\t\t\t\tDetails\t\t\t\t\t<\/span>\n\t\t\t\t\t<\/div>\n\t\t\t\t\t\t\t<\/div>\n\t\t\t\t\t\t<\/a>\n\t\t\t\t\t\t<\/div>\n\t\t\t\t<\/div>\n\t\t\t\t\t<\/div>\n\t\t<\/div>\n\t\t\t\t<div class=\"elementor-column elementor-col-50 elementor-top-column elementor-element elementor-element-b14d1d5\" data-id=\"b14d1d5\" data-element_type=\"column\">\n\t\t\t<div class=\"elementor-widget-wrap elementor-element-populated\">\n\t\t\t\t\t\t<div class=\"elementor-element elementor-element-0296077 elementor-widget elementor-widget-text-editor\" data-id=\"0296077\" data-element_type=\"widget\" data-widget_type=\"text-editor.default\">\n\t\t\t\t<div class=\"elementor-widget-container\">\n\t\t\t\t\t\t\t\t\t<h1 style=\"text-align: center;\"><span style=\"color: #017ec7;\"><strong>WHAT IS AYURVEDA?<\/strong><\/span><\/h1><div><span style=\"color: #017ec7;\"><strong><br><\/strong><\/span><\/div>\n<div>&nbsp;<\/div>\n<h2><span style=\"color: #017ec7;\">Fundamental principles of Ayurveda<\/span><\/h2>\n<p>The traditional science of AYURVEDA system reflects the profound reality of human life through the knowledge of fundamental principles that manifest in nature, both within and outside the human being.<\/p>\n<p>AYURVEDA is based on universal principles, which are valid regardless of the geographical area in which they are applied.&nbsp;<\/p>\n<p><img fetchpriority=\"high\" decoding=\"async\" class=\"alignright\" src=\"https:\/\/amnromania.ro\/wp-content\/uploads\/2020\/10\/mana-maicii-domnului-300x225.jpeg\" alt=\"\" width=\"325\" height=\"244\"><\/p>\n<p>AYURVEDA promotes a natural way of life that can be carried out based on these essential principles of healthy living. This is possible and achievable independently of the cultural system in which the age-old Ayurvedic knowledge is applied.<\/p>\n<p>Knowledge of the traditional AYURVEDA system has now become increasingly widespread throughout the world.<\/p>\n<p>Unlike many other systems of health maintenance and complementary or alternative healing, AYURVEDA has begun to be known and applied practically in many countries of the world.<\/p>\n<p>What the traditional AYURVEDA system offers to the modern man is primarily a broad, comprehensive, accessible and perfectly natural perspective on the state of balance and health.<\/p>\n<h2><span style=\"color: #017ec7;\">Advances in the knowledge of Ayurveda<\/span><\/h2>\n<p>Today, the AYURVEDA system has a great advantage over other traditional healing systems in that it represents a form of knowledge that has been very well systematised, with a pronounced scientific character.<\/p>\n<p>AYURVEDA is a holistic traditional system that treats the human being as a whole and has the advantage of being a complex system of knowledge of the most mysterious aspects of life.<\/p>\n<p>The knowledge that AYURVEDA includes is unique in the way it is presented, which, although thousands of years old, is clear, systematic and precise, perfectly adapted to the requirements of modern scientific thinking.<\/p>\n<h2><span style=\"color: #017ec7;\">Ayurveda today<\/span><\/h2>\n<p>Today, the AYURVEDA system has a great advantage over other traditional healing systems in that it represents a form of knowledge that has been very well systematised, with a pronounced scientific character.<\/p>\n<p>AYURVEDA is a holistic traditional system that treats the human being as a whole and has the advantage of being a complex system of knowledge of the most mysterious aspects of life.<\/p>\n<p>The knowledge that AYURVEDA includes is unique in the way it is presented, which, although thousands of years old, is clear, systematic and precise, perfectly adapted to the requirements of modern scientific thinking.<\/p>\n<h2><span style=\"color: #017ec7;\">Ayurveda courses registration<\/span><\/h2>\n<div><strong>From September 2021, enrolment is open for the new year of Ayurveda course<\/strong>. Courses are held both in physical locations and online.&nbsp;<span style=\"font-family: var( --e-global-typography-text-font-family ), Sans-serif; font-size: var( --e-global-typography-text-font-size ); font-weight: var( --e-global-typography-text-font-weight );\">For registration, participation, organizational details or other information please contact us using the button below:<\/span><\/div>\t\t\t\t\t\t\t\t<\/div>\n\t\t\t\t<\/div>\n\t\t\t\t\t<\/div>\n\t\t<\/div>\n\t\t\t\t\t<\/div>\n\t\t<\/section>\n\t\t\t\t<\/div>","protected":false},"excerpt":{"rendered":"<p>Ayurveda in Romania The paper highlights the popularity that Ayurveda has enjoyed in Romania and the advanced level to which the Ayurveda system is known and promoted in Romania in the last 25 years through AMN-Romania. Details WHAT IS AYURVEDA?   The fundamental principles of Ayurveda The traditional science of the AYURVEDA system reflects the profound reality of life [...]<\/p>","protected":false},"author":1,"featured_media":0,"parent":0,"menu_order":2,"comment_status":"closed","ping_status":"closed","template":"","meta":{"_mi_skip_tracking":false,"_analytify_skip_tracking":false,"footnotes":""},"class_list":["post-114","page","type-page","status-publish","hentry"],"aioseo_notices":[],"aioseo_head":"\n\t\t<!-- All in One SEO Pro 4.7.0 - aioseo.com -->\n\t\t<meta name=\"description\" content=\"AYURVEDA promoveaz\u0103 un mod de via\u0163\u0103 natural, care se poate desf\u0103\u015fura pe baza acestor principii esen\u0163iale de via\u0163\u0103 s\u0103n\u0103toas\u0103.\" \/>\n\t\t<meta name=\"robots\" content=\"max-image-preview:large\" \/>\n\t\t<meta name=\"google-site-verification\" content=\"G-391X30D2FS\" \/>\n\t\t<meta name=\"keywords\" content=\"ayurveda\" \/>\n\t\t<link rel=\"canonical\" href=\"https:\/\/amnromania.ro\/en\/ayurveda\/\" \/>\n\t\t<meta name=\"generator\" content=\"All in One SEO Pro (AIOSEO) 4.7.0\" \/>\n\t\t<meta property=\"og:locale\" content=\"en_US\" \/>\n\t\t<meta property=\"og:site_name\" content=\"AMN Ayurveda ROM\u00c2NIA | Asociatia Nationala pentru Promovarea Medicinelor Neconventionale\" \/>\n\t\t<meta property=\"og:type\" content=\"article\" \/>\n\t\t<meta property=\"og:title\" content=\"Ayurveda | AMN Ayurveda ROM\u00c2NIA\" \/>\n\t\t<meta property=\"og:description\" content=\"AYURVEDA promoveaz\u0103 un mod de via\u0163\u0103 natural, care se poate desf\u0103\u015fura pe baza acestor principii esen\u0163iale de via\u0163\u0103 s\u0103n\u0103toas\u0103.\" \/>\n\t\t<meta property=\"og:url\" content=\"https:\/\/amnromania.ro\/en\/ayurveda\/\" \/>\n\t\t<meta property=\"og:image\" content=\"https:\/\/amnromania.ro\/ynorsyju\/2021\/06\/Ayurveda-in-Romania-Vol.-2-Ro.jpg\" \/>\n\t\t<meta property=\"og:image:secure_url\" content=\"https:\/\/amnromania.ro\/ynorsyju\/2021\/06\/Ayurveda-in-Romania-Vol.-2-Ro.jpg\" \/>\n\t\t<meta property=\"article:published_time\" content=\"2020-11-04T00:05:17+00:00\" \/>\n\t\t<meta property=\"article:modified_time\" content=\"2023-02-04T10:22:23+00:00\" \/>\n\t\t<meta property=\"article:publisher\" content=\"https:\/\/www.facebook.com\/AMNRomania\" \/>\n\t\t<script type=\"application\/ld+json\" class=\"aioseo-schema\">\n\t\t\t{\"@context\":\"https:\\\/\\\/schema.org\",\"@graph\":[{\"@type\":\"BreadcrumbList\",\"@id\":\"https:\\\/\\\/amnromania.ro\\\/en\\\/ayurveda\\\/#breadcrumblist\",\"itemListElement\":[{\"@type\":\"ListItem\",\"@id\":\"https:\\\/\\\/amnromania.ro\\\/en\\\/#listItem\",\"position\":1,\"name\":\"Home\",\"item\":\"https:\\\/\\\/amnromania.ro\\\/en\\\/\",\"nextItem\":\"https:\\\/\\\/amnromania.ro\\\/en\\\/ayurveda\\\/#listItem\"},{\"@type\":\"ListItem\",\"@id\":\"https:\\\/\\\/amnromania.ro\\\/en\\\/ayurveda\\\/#listItem\",\"position\":2,\"name\":\"Ayurveda\",\"previousItem\":\"https:\\\/\\\/amnromania.ro\\\/en\\\/#listItem\"}]},{\"@type\":\"Organization\",\"@id\":\"https:\\\/\\\/amnromania.ro\\\/en\\\/#organization\",\"name\":\"AMN Ayurveda Romania\",\"url\":\"https:\\\/\\\/amnromania.ro\\\/en\\\/\",\"logo\":{\"@type\":\"ImageObject\",\"url\":\"https:\\\/\\\/amnromania.ro\\\/ynorsyju\\\/2020\\\/10\\\/amn.png\",\"@id\":\"https:\\\/\\\/amnromania.ro\\\/en\\\/ayurveda\\\/#organizationLogo\"},\"image\":{\"@id\":\"https:\\\/\\\/amnromania.ro\\\/en\\\/ayurveda\\\/#organizationLogo\"},\"sameAs\":[\"https:\\\/\\\/www.facebook.com\\\/AMNRomania\",\"https:\\\/\\\/www.youtube.com\\\/channel\\\/UClfqKxiq_uZ11rthDIT3-BQ\\\/videos\"]},{\"@type\":\"WebPage\",\"@id\":\"https:\\\/\\\/amnromania.ro\\\/en\\\/ayurveda\\\/#webpage\",\"url\":\"https:\\\/\\\/amnromania.ro\\\/en\\\/ayurveda\\\/\",\"name\":\"Ayurveda | AMN Ayurveda ROM\\u00c2NIA\",\"description\":\"AYURVEDA promoveaz\\u0103 un mod de via\\u0163\\u0103 natural, care se poate desf\\u0103\\u015fura pe baza acestor principii esen\\u0163iale de via\\u0163\\u0103 s\\u0103n\\u0103toas\\u0103.\",\"inLanguage\":\"en-US\",\"isPartOf\":{\"@id\":\"https:\\\/\\\/amnromania.ro\\\/en\\\/#website\"},\"breadcrumb\":{\"@id\":\"https:\\\/\\\/amnromania.ro\\\/en\\\/ayurveda\\\/#breadcrumblist\"},\"datePublished\":\"2020-11-04T02:05:17+02:00\",\"dateModified\":\"2023-02-04T12:22:23+02:00\"},{\"@type\":\"WebSite\",\"@id\":\"https:\\\/\\\/amnromania.ro\\\/en\\\/#website\",\"url\":\"https:\\\/\\\/amnromania.ro\\\/en\\\/\",\"name\":\"AMN Ayurveda ROM\\u00c2NIA\",\"description\":\"Asociatia Nationala pentru Promovarea Medicinelor Neconventionale\",\"inLanguage\":\"en-US\",\"publisher\":{\"@id\":\"https:\\\/\\\/amnromania.ro\\\/en\\\/#organization\"}}]}\n\t\t<\/script>\n\t\t<!-- All in One SEO Pro -->\r\n\t\t<title>Ayurveda | AMN Ayurveda ROM\u00c2NIA<\/title>\n\n","aioseo_head_json":{"title":"Ayurveda | AMN Ayurveda ROM\u00c2NIA","description":"AYURVEDA promoveaz\u0103 un mod de via\u0163\u0103 natural, care se poate desf\u0103\u015fura pe baza acestor principii esen\u0163iale de via\u0163\u0103 s\u0103n\u0103toas\u0103.","canonical_url":"https:\/\/amnromania.ro\/en\/ayurveda\/","robots":"max-image-preview:large","keywords":"ayurveda","webmasterTools":{"google-site-verification":"G-391X30D2FS","miscellaneous":""},"og:locale":"en_US","og:site_name":"AMN Ayurveda ROM\u00c2NIA | Asociatia Nationala pentru Promovarea Medicinelor Neconventionale","og:type":"article","og:title":"Ayurveda | AMN Ayurveda ROM\u00c2NIA","og:description":"AYURVEDA promoveaz\u0103 un mod de via\u0163\u0103 natural, care se poate desf\u0103\u015fura pe baza acestor principii esen\u0163iale de via\u0163\u0103 s\u0103n\u0103toas\u0103.","og:url":"https:\/\/amnromania.ro\/en\/ayurveda\/","og:image":"https:\/\/amnromania.ro\/ynorsyju\/2021\/06\/Ayurveda-in-Romania-Vol.-2-Ro.jpg","og:image:secure_url":"https:\/\/amnromania.ro\/ynorsyju\/2021\/06\/Ayurveda-in-Romania-Vol.-2-Ro.jpg","article:published_time":"2020-11-04T00:05:17+00:00","article:modified_time":"2023-02-04T10:22:23+00:00","article:publisher":"https:\/\/www.facebook.com\/AMNRomania","schema":{"@context":"https:\/\/schema.org","@graph":[{"@type":"BreadcrumbList","@id":"https:\/\/amnromania.ro\/en\/ayurveda\/#breadcrumblist","itemListElement":[{"@type":"ListItem","@id":"https:\/\/amnromania.ro\/en\/#listItem","position":1,"name":"Home","item":"https:\/\/amnromania.ro\/en\/","nextItem":"https:\/\/amnromania.ro\/en\/ayurveda\/#listItem"},{"@type":"ListItem","@id":"https:\/\/amnromania.ro\/en\/ayurveda\/#listItem","position":2,"name":"Ayurveda","previousItem":"https:\/\/amnromania.ro\/en\/#listItem"}]},{"@type":"Organization","@id":"https:\/\/amnromania.ro\/en\/#organization","name":"AMN Ayurveda Romania","url":"https:\/\/amnromania.ro\/en\/","logo":{"@type":"ImageObject","url":"https:\/\/amnromania.ro\/ynorsyju\/2020\/10\/amn.png","@id":"https:\/\/amnromania.ro\/en\/ayurveda\/#organizationLogo"},"image":{"@id":"https:\/\/amnromania.ro\/en\/ayurveda\/#organizationLogo"},"sameAs":["https:\/\/www.facebook.com\/AMNRomania","https:\/\/www.youtube.com\/channel\/UClfqKxiq_uZ11rthDIT3-BQ\/videos"]},{"@type":"WebPage","@id":"https:\/\/amnromania.ro\/en\/ayurveda\/#webpage","url":"https:\/\/amnromania.ro\/en\/ayurveda\/","name":"Ayurveda | AMN Ayurveda ROM\u00c2NIA","description":"AYURVEDA promoveaz\u0103 un mod de via\u0163\u0103 natural, care se poate desf\u0103\u015fura pe baza acestor principii esen\u0163iale de via\u0163\u0103 s\u0103n\u0103toas\u0103.","inLanguage":"en-US","isPartOf":{"@id":"https:\/\/amnromania.ro\/en\/#website"},"breadcrumb":{"@id":"https:\/\/amnromania.ro\/en\/ayurveda\/#breadcrumblist"},"datePublished":"2020-11-04T02:05:17+02:00","dateModified":"2023-02-04T12:22:23+02:00"},{"@type":"WebSite","@id":"https:\/\/amnromania.ro\/en\/#website","url":"https:\/\/amnromania.ro\/en\/","name":"AMN Ayurveda ROM\u00c2NIA","description":"Asociatia Nationala pentru Promovarea Medicinelor Neconventionale","inLanguage":"en-US","publisher":{"@id":"https:\/\/amnromania.ro\/en\/#organization"}}]}},"aioseo_meta_data":{"post_id":"114","title":"Ayurveda | #site_title&nbsp;&nbsp;","description":"AYURVEDA promoveaz\u0103 un mod de via\u0163\u0103 natural, care se poate desf\u0103\u015fura pe baza acestor principii esen\u0163iale de via\u0163\u0103 s\u0103n\u0103toas\u0103.","keywords":"[{\"label\":\"ayurveda\",\"value\":\"ayurveda\"}]","keyphrases":"{\"focus\":{\"keyphrase\":\"ayurveda\",\"score\":90,\"analysis\":{\"keyphraseInTitle\":{\"title\":\"Focus keyphrase in SEO title\",\"description\":\"Focus keyphrase found in SEO title.\",\"score\":9,\"maxScore\":9,\"error\":0},\"keyphraseInDescription\":{\"title\":\"Focus keyphrase in meta description\",\"description\":\"Focus keyphrase found in meta description.\",\"score\":9,\"maxScore\":9,\"error\":0},\"keyphraseLength\":{\"title\":\"Focus keyphrase length\",\"description\":\"Good job!\",\"score\":9,\"maxScore\":9,\"error\":0,\"length\":1},\"keyphraseInURL\":{\"title\":\"Focus keyphrase in URL\",\"description\":\"Focus keyphrase used in the URL.\",\"score\":5,\"maxScore\":5,\"error\":0},\"keyphraseInIntroduction\":{\"title\":\"Focus keyphrase in introduction\",\"description\":\"Your Focus keyphrase appears in the first paragraph. Well done!\",\"score\":9,\"maxScore\":9,\"error\":0},\"keyphraseInSubHeadings\":{\"title\":\"Focus keyphrase in Subheadings\",\"description\":\"Your H2 and H3 subheadings reflects the topic of your copy. Good job!\",\"score\":9,\"maxScore\":9,\"error\":0},\"keyphraseInImageAlt\":{\"title\":\"Focus keyphrase in image alt attributes\",\"description\":\"Focus keyphrase not found in image alt attribute(s). Add an image with your Focus keyphrase as alt text.\",\"score\":3,\"maxScore\":9,\"error\":1}}},\"additional\":[{\"keyphrase\":\"ayurveda\",\"score\":83,\"analysis\":{\"keyphraseInDescription\":{\"title\":\"Keyphrase in meta description\",\"description\":\"Keyphrase found in meta description.\",\"score\":9,\"maxScore\":9,\"error\":0},\"keyphraseLength\":{\"title\":\"Keyphrase length\",\"description\":\"Good job!\",\"score\":9,\"maxScore\":9,\"error\":0,\"length\":1},\"keyphraseInIntroduction\":{\"title\":\"Keyphrase in introduction\",\"description\":\"Your Keyphrase appears in the first paragraph. Well done!\",\"score\":9,\"maxScore\":9,\"error\":0},\"keyphraseInImageAlt\":{\"title\":\"Keyphrase in image alt attributes\",\"description\":\"Keyphrase not found in image alt attribute(s). Add an image with your Keyphrase as alt text.\",\"score\":3,\"maxScore\":9,\"error\":1}}}]}","primary_term":null,"canonical_url":null,"og_title":null,"og_description":null,"og_object_type":"default","og_image_type":"default","og_image_url":null,"og_image_width":null,"og_image_height":null,"og_image_custom_url":null,"og_image_custom_fields":null,"og_video":"","og_custom_url":null,"og_article_section":null,"og_article_tags":"[]","twitter_use_og":false,"twitter_card":"default","twitter_image_type":"default","twitter_image_url":null,"twitter_image_custom_url":null,"twitter_image_custom_fields":null,"twitter_title":null,"twitter_description":null,"schema":{"blockGraphs":[],"customGraphs":[],"default":{"data":{"Article":[],"Course":[],"Dataset":[],"FAQPage":[],"Movie":[],"Person":[],"Product":[],"Recipe":[],"Service":[],"SoftwareApplication":[],"WebPage":{"id":"#aioseo-web-page-65b631fb74c71","slug":"web-page","graphName":"WebPage","label":"Pagina web","properties":{"type":"WebPage","name":"","description":""}}},"graphName":"WebPage","isEnabled":true},"graphs":[]},"schema_type":"default","schema_type_options":"{\"article\":{\"articleType\":\"BlogPosting\"},\"course\":{\"name\":\"\",\"description\":\"\",\"provider\":\"\"},\"faq\":{\"pages\":[]},\"product\":{\"reviews\":[]},\"recipe\":{\"ingredients\":[],\"instructions\":[],\"keywords\":[]},\"software\":{\"reviews\":[],\"operatingSystems\":[]},\"webPage\":{\"webPageType\":\"WebPage\"},\"blockGraphs\":[]}","pillar_content":false,"robots_default":true,"robots_noindex":false,"robots_noarchive":false,"robots_nosnippet":false,"robots_nofollow":false,"robots_noimageindex":false,"robots_noodp":false,"robots_notranslate":false,"robots_max_snippet":"-1","robots_max_videopreview":"-1","robots_max_imagepreview":"large","priority":null,"frequency":"default","local_seo":null,"limit_modified_date":false,"open_ai":null,"created":"2020-12-21 07:26:24","updated":"2024-01-28 10:52:43"},"aioseo_breadcrumb":"<div class=\"aioseo-breadcrumbs\"><span class=\"aioseo-breadcrumb\">\n\t<a href=\"https:\/\/amnromania.ro\/en\" title=\"Home\">Home<\/a>\n<\/span><span class=\"aioseo-breadcrumb-separator\">&raquo;<\/span><span class=\"aioseo-breadcrumb\">\n\tAyurveda\n<\/span><\/div>","aioseo_breadcrumb_json":[{"label":"Home","link":"https:\/\/amnromania.ro\/en"},{"label":"Ayurveda","link":"https:\/\/amnromania.ro\/en\/ayurveda\/"}],"_links":{"self":[{"href":"https:\/\/amnromania.ro\/en\/wp-json\/wp\/v2\/pages\/114","targetHints":{"allow":["GET"]}}],"collection":[{"href":"https:\/\/amnromania.ro\/en\/wp-json\/wp\/v2\/pages"}],"about":[{"href":"https:\/\/amnromania.ro\/en\/wp-json\/wp\/v2\/types\/page"}],"author":[{"embeddable":true,"href":"https:\/\/amnromania.ro\/en\/wp-json\/wp\/v2\/users\/1"}],"replies":[{"embeddable":true,"href":"https:\/\/amnromania.ro\/en\/wp-json\/wp\/v2\/comments?post=114"}],"version-history":[{"count":0,"href":"https:\/\/amnromania.ro\/en\/wp-json\/wp\/v2\/pages\/114\/revisions"}],"wp:attachment":[{"href":"https:\/\/amnromania.ro\/en\/wp-json\/wp\/v2\/media?parent=114"}],"curies":[{"name":"wp","href":"https:\/\/api.w.org\/{rel}","templated":true}]}}