{"id":11299,"date":"2023-06-22T07:09:28","date_gmt":"2023-06-22T05:09:28","guid":{"rendered":"https:\/\/amnromania.ro\/?page_id=11299"},"modified":"2023-07-08T06:50:01","modified_gmt":"2023-07-08T04:50:01","slug":"competition-2023","status":"publish","type":"page","link":"https:\/\/amnromania.ro\/en\/competition-2023\/","title":{"rendered":"Competition 2023"},"content":{"rendered":"<div data-elementor-type=\"wp-page\" data-elementor-id=\"11299\" class=\"elementor elementor-11299\" data-elementor-post-type=\"page\">\n\t\t\t\t\t\t<section class=\"elementor-section elementor-top-section elementor-element elementor-element-44025f7 elementor-section-boxed elementor-section-height-default elementor-section-height-default\" data-id=\"44025f7\" data-element_type=\"section\">\n\t\t\t\t\t\t<div class=\"elementor-container elementor-column-gap-default\">\n\t\t\t\t\t<div class=\"elementor-column elementor-col-50 elementor-top-column elementor-element elementor-element-d6ea61b\" data-id=\"d6ea61b\" data-element_type=\"column\">\n\t\t\t<div class=\"elementor-widget-wrap elementor-element-populated\">\n\t\t\t\t\t\t<div class=\"elementor-element elementor-element-7da2cf7 elementor-nav-menu__align-start elementor-nav-menu__text-align-center elementor-nav-menu--dropdown-tablet elementor-nav-menu--toggle elementor-nav-menu--burger elementor-widget elementor-widget-global elementor-global-4259 elementor-widget-nav-menu\" data-id=\"7da2cf7\" data-element_type=\"widget\" data-settings=\"{&quot;layout&quot;:&quot;vertical&quot;,&quot;submenu_icon&quot;:{&quot;value&quot;:&quot;fas fa-caret-down&quot;,&quot;library&quot;:&quot;fa-solid&quot;},&quot;toggle&quot;:&quot;burger&quot;}\" data-widget_type=\"nav-menu.default\">\n\t\t\t\t<div class=\"elementor-widget-container\">\n\t\t\t\t\t\t\t\t<nav aria-label=\"Menu\" class=\"elementor-nav-menu--main elementor-nav-menu__container elementor-nav-menu--layout-vertical e--pointer-background e--animation-fade\">\n\t\t\t\t<ul id=\"menu-1-7da2cf7\" class=\"elementor-nav-menu sm-vertical\"><li class=\"menu-item menu-item-type-post_type menu-item-object-page menu-item-4237\"><a href=\"https:\/\/amnromania.ro\/en\/activity\/ayurveda-courses\/\" class=\"elementor-item\">Ayurveda Courses<\/a><\/li>\n<li class=\"menu-item menu-item-type-post_type menu-item-object-page menu-item-4234\"><a href=\"https:\/\/amnromania.ro\/en\/activity\/ayurveda-contests\/\" class=\"elementor-item\">Ayurveda competitions<\/a><\/li>\n<li class=\"menu-item menu-item-type-post_type menu-item-object-page menu-item-4235\"><a href=\"https:\/\/amnromania.ro\/en\/activity\/ayurveda-conference\/\" class=\"elementor-item\">Ayurveda Conferences<\/a><\/li>\n<li class=\"menu-item menu-item-type-post_type menu-item-object-page menu-item-4236\"><a href=\"https:\/\/amnromania.ro\/en\/activity\/ayurveda-congress\/\" class=\"elementor-item\">Ayurveda Congress<\/a><\/li>\n<li class=\"menu-item menu-item-type-post_type menu-item-object-page menu-item-5535\"><a href=\"https:\/\/amnromania.ro\/en\/activity\/ayurveda-camps\/\" class=\"elementor-item\">Ayurveda Camps<\/a><\/li>\n<\/ul>\t\t\t<\/nav>\n\t\t\t\t\t<div class=\"elementor-menu-toggle\" role=\"button\" tabindex=\"0\" aria-label=\"Toggle menu\" aria-expanded=\"false\">\n\t\t\t<i aria-hidden=\"true\" role=\"presentation\" class=\"elementor-menu-toggle__icon--open eicon-menu-bar\"><\/i><i aria-hidden=\"true\" role=\"presentation\" class=\"elementor-menu-toggle__icon--close eicon-close\"><\/i>\t\t<\/div>\n\t\t\t\t\t<nav class=\"elementor-nav-menu--dropdown elementor-nav-menu__container\" aria-hidden=\"true\">\n\t\t\t\t<ul id=\"menu-2-7da2cf7\" class=\"elementor-nav-menu sm-vertical\"><li class=\"menu-item menu-item-type-post_type menu-item-object-page menu-item-4237\"><a href=\"https:\/\/amnromania.ro\/en\/activity\/ayurveda-courses\/\" class=\"elementor-item\" tabindex=\"-1\">Ayurveda Courses<\/a><\/li>\n<li class=\"menu-item menu-item-type-post_type menu-item-object-page menu-item-4234\"><a href=\"https:\/\/amnromania.ro\/en\/activity\/ayurveda-contests\/\" class=\"elementor-item\" tabindex=\"-1\">Ayurveda competitions<\/a><\/li>\n<li class=\"menu-item menu-item-type-post_type menu-item-object-page menu-item-4235\"><a href=\"https:\/\/amnromania.ro\/en\/activity\/ayurveda-conference\/\" class=\"elementor-item\" tabindex=\"-1\">Ayurveda Conferences<\/a><\/li>\n<li class=\"menu-item menu-item-type-post_type menu-item-object-page menu-item-4236\"><a href=\"https:\/\/amnromania.ro\/en\/activity\/ayurveda-congress\/\" class=\"elementor-item\" tabindex=\"-1\">Ayurveda Congress<\/a><\/li>\n<li class=\"menu-item menu-item-type-post_type menu-item-object-page menu-item-5535\"><a href=\"https:\/\/amnromania.ro\/en\/activity\/ayurveda-camps\/\" class=\"elementor-item\" tabindex=\"-1\">Ayurveda Camps<\/a><\/li>\n<\/ul>\t\t\t<\/nav>\n\t\t\t\t\t\t<\/div>\n\t\t\t\t<\/div>\n\t\t\t\t\t<\/div>\n\t\t<\/div>\n\t\t\t\t<div class=\"elementor-column elementor-col-50 elementor-top-column elementor-element elementor-element-5c8b30c\" data-id=\"5c8b30c\" data-element_type=\"column\">\n\t\t\t<div class=\"elementor-widget-wrap elementor-element-populated\">\n\t\t\t\t\t\t<div class=\"elementor-element elementor-element-f581029 elementor-widget elementor-widget-heading\" data-id=\"f581029\" data-element_type=\"widget\" data-widget_type=\"heading.default\">\n\t\t\t\t<div class=\"elementor-widget-container\">\n\t\t\t\t\t<h1 class=\"elementor-heading-title elementor-size-default\">International Ayurveda Competition 2023<\/h1>\t\t\t\t<\/div>\n\t\t\t\t<\/div>\n\t\t\t\t<div class=\"elementor-element elementor-element-a70fa22 elementor-widget elementor-widget-text-editor\" data-id=\"a70fa22\" data-element_type=\"widget\" data-widget_type=\"text-editor.default\">\n\t\t\t\t<div class=\"elementor-widget-container\">\n\t\t\t\t\t\t\t\t\t<p>The International Ayurveda Competition 2023, organised online by AMN-Romania in collaboration with DMIMS(DU)-India, will be held in two stages. The tests and the competition programme are available in Romanian and English.<\/p><p><img fetchpriority=\"high\" decoding=\"async\" class=\"alignnone wp-image-11349 size-full\" src=\"https:\/\/amnromania.ro\/wp-content\/uploads\/2023\/07\/Coperta-Concurs-de-ayurveda-2023.jpg\" alt=\"\" width=\"1920\" height=\"1080\" srcset=\"https:\/\/amnromania.ro\/wp-content\/uploads\/2023\/07\/Coperta-Concurs-de-ayurveda-2023.jpg 1920w, https:\/\/amnromania.ro\/wp-content\/uploads\/2023\/07\/Coperta-Concurs-de-ayurveda-2023-300x169.jpg 300w, https:\/\/amnromania.ro\/wp-content\/uploads\/2023\/07\/Coperta-Concurs-de-ayurveda-2023-1024x576.jpg 1024w, https:\/\/amnromania.ro\/wp-content\/uploads\/2023\/07\/Coperta-Concurs-de-ayurveda-2023-768x432.jpg 768w, https:\/\/amnromania.ro\/wp-content\/uploads\/2023\/07\/Coperta-Concurs-de-ayurveda-2023-1536x864.jpg 1536w, https:\/\/amnromania.ro\/wp-content\/uploads\/2023\/07\/Coperta-Concurs-de-ayurveda-2023-18x10.jpg 18w\" sizes=\"(max-width: 1920px) 100vw, 1920px\" \/><\/p><h2 style=\"text-align: center;\"><strong>Stages of the Competition<\/strong><\/h2><h2 style=\"text-align: left;\"><strong>Stage 1<\/strong><\/h2><p>Date: 05 August 2023, between 10:45 and 13:45 (Romanian time)<\/p><p><strong>Stage content:<\/strong><\/p><ol><li>Intelligence test (anumana) with 10 questions<\/li><li>Perception and intelligence test (pratyaksha-anumana) with 3 tests<\/li><li>Perception test (pratyaksha) with 3 samples<\/li><\/ol><p><strong>Stage 1 programme:<\/strong><\/p><ul><li>10:45 - 11:05: Introductory presentation and registration<\/li><li>11:05 - 11:15: Preparation for the intelligence test (anumana)<\/li><li>11:15 - 11:45: Intelligence test (anumana)<\/li><li>11:45 - 11:55: Completion of answers to the intelligence test (anumana)<\/li><li>11:55 - 12:00: Preparation for the test of perception and intelligence (pratyaksha-anumana)<\/li><li>12:00 - 12:30: Test of perception and intelligence (pratyaksha-anumana)<\/li><li>12:30 - 12:40: Completion of answers to the perception and intelligence test (pratyaksha-anumana)<\/li><li>12:40 - 12:45: Preparation for the perception test (pratyaksha)<\/li><li>12:45 - 13:15: Perception test (pratyaksha)<\/li><li>13:15 - 13:25: Completion of answers to the perception test (pratyaksha)<\/li><li>13:25 - 13:45: Summary of stage 1<\/li><\/ul><h2>\u00a0<\/h2><h2 style=\"text-align: left;\"><strong>Stage 2<\/strong><\/h2><p>Date: 12 August 2023, between 10:45 and 13:45 (Romanian time)<\/p><p><strong>Stage content:<\/strong><\/p><ol><li>Ayurvedic knowledge test (apta) with 23 questions<\/li><li>Ayurvedic knowledge and perception test (apta-pratyaksha) with 3 tests<\/li><li>Ayurvedic knowledge and intelligence test (apta-anumana) with 23 questions<\/li><\/ol><p><strong>Stage 2 programme:<\/strong><\/p><ul><li>10:45 - 11:05: Introductory presentation and registration<\/li><li>11:05 - 11:15: Preparation for Ayurvedic knowledge test (apta)<\/li><li>11:15 - 11:45: Ayurvedic knowledge test (apta)<\/li><li>11:45 - 11:55: Answers to the Ayurvedic knowledge test (apta)<\/li><li>11:55 - 12:00: Preparation for the Ayurvedic knowledge and perception test (apta-pratyaksha)<\/li><li>12:00 - 12:30: Test of Ayurvedic knowledge and perception (apta-pratyaksha)<\/li><li>12:30 - 12:40: Answers to the Ayurvedic knowledge and perception test (apta-pratyaksha)<\/li><li>12:40 - 12:45: Preparation for the Ayurvedic knowledge and intelligence test (apta-anumana)<\/li><li>12:45 - 13:15: Ayurvedic knowledge and intelligence test (apta-anumana)<\/li><li>13:15 - 13:25: Answers to the Ayurvedic knowledge and intelligence test (apta-anumana)<\/li><li>13:25 - 13:45: Summary of stage 2<\/li><\/ul><h2>\u00a0<\/h2><h2 style=\"text-align: center;\"><strong>Registration<\/strong><\/h2><p>To register, participants should send an email to <a href=\"mailto:ayurvedaromania@gmail.com\" target=\"_new\">ayurvedaromania@gmail.com<\/a> with their name and the email address (a Gmail address is required) they want to use in the contest. Entries can be made from 10 July 2023.<\/p><p>After registration, each participant will receive an email with instructions for participation. After each test, participants will submit their answers using the form received, by the time indicated in the schedule for that stage.<\/p><p>Further details about the competition, including the programme and the running of previous editions, can be found at <a href=\"https:\/\/amnromania.ro\/en\/activity\/ayurveda-contests\/.\/\">https:\/\/amnromania.ro\/activitate\/concursuri-de-ayurveda<\/a><\/p><p>The tests will be sent to participants directly via the Zoom platform chat. Answers will be filled in the online form received.<\/p><p><strong><span style=\"color: #ff0000;\">Participants must have a Gmail email address to access the online forms. Gmail addresses can be created here: <a href=\"https:\/\/accounts.google.com\/signup\/v2\/createaccount?service=mail&amp;continue=https%3A%2F%2Fmail.google.com%2Fmail%2F&amp;flowName=GlifWebSignIn&amp;flowEntry=SignUp\">https:\/\/mail.google.com\/<\/a><\/span><\/strong><\/p><p>Tests 1 and 3 of the International Ayurveda Competition 2023 contain questions from specialised areas of Ayurveda. Each group of Ayurveda courses is referenced by code. The test code will also be found in the corresponding header of each competition sheet.<\/p><p>Participants may choose to participate in any of the specialized areas included in the Ayurveda Competition. Participation in more than one of the areas listed is permitted.<\/p><table class=\"NormalTable\"><tbody><tr><td style=\"text-align: center;\" width=\"223\"><span class=\"fontstyle0\">Test code <\/span><\/td><td style=\"text-align: center;\" width=\"367\"><span class=\"fontstyle0\">Section <\/span><\/td><td style=\"text-align: center;\" width=\"384\"><span class=\"fontstyle0\">Capitol <\/span><\/td><td style=\"text-align: center;\" width=\"298\"><span class=\"fontstyle0\">Courses<\/span><\/td><\/tr><tr><td width=\"223\"><span class=\"fontstyle2\">2301 <\/span><\/td><td width=\"367\"><span class=\"fontstyle2\">Dosha-Prakriti <\/span><\/td><td width=\"384\"><span class=\"fontstyle2\">Ayurveda-Padartha <\/span><\/td><td width=\"298\"><span class=\"fontstyle2\">[01 - 19]*<\/span><\/td><\/tr><tr><td width=\"223\"><span class=\"fontstyle2\">2302 <\/span><\/td><td width=\"367\"><span class=\"fontstyle2\">Dosha-Prakriti <\/span><\/td><td width=\"384\"><span class=\"fontstyle2\">Prakriti-Nikasha <\/span><\/td><td width=\"298\"><span class=\"fontstyle2\">[01 - 29]*<\/span><\/td><\/tr><tr><td width=\"223\"><span class=\"fontstyle2\">2303 <\/span><\/td><td width=\"367\"><span class=\"fontstyle2\">Dravyaguna <\/span><\/td><td width=\"384\"><span class=\"fontstyle2\">Karman <\/span><\/td><td width=\"298\"><span class=\"fontstyle2\">[01 - 12]*<\/span><\/td><\/tr><tr><td width=\"223\"><span class=\"fontstyle2\">2304 <\/span><\/td><td width=\"367\"><span class=\"fontstyle2\">Amnaya <\/span><\/td><td width=\"384\"><span class=\"fontstyle2\">Rishi-Pratna <\/span><\/td><td width=\"298\"><span class=\"fontstyle2\">[01 - 18]*<\/span><\/td><\/tr><\/tbody><\/table><p style=\"text-align: right;\"><span class=\"fontstyle0\">* Ayurveda Course - Ayus Publishing House - Ayus Grup - Ayus Cell Romania - 2015-2023<\/span><\/p>\t\t\t\t\t\t\t\t<\/div>\n\t\t\t\t<\/div>\n\t\t\t\t\t<\/div>\n\t\t<\/div>\n\t\t\t\t\t<\/div>\n\t\t<\/section>\n\t\t\t\t<\/div>","protected":false},"excerpt":{"rendered":"<p>International Ayurveda Competition 2023 The International Ayurveda Competition 2023, organized online by AMN-Romania in collaboration with DMIMS(DU)-India, will be held in two stages. The tests and the competition programme are available in Romanian and English. Competition stages Stage 1 Date: 05 August 2023, between 10:45 and 13:45 (Romanian time) Content [...]<\/p>","protected":false},"author":1,"featured_media":0,"parent":0,"menu_order":0,"comment_status":"closed","ping_status":"closed","template":"","meta":{"_mi_skip_tracking":false,"_analytify_skip_tracking":false,"footnotes":""},"class_list":["post-11299","page","type-page","status-publish","hentry"],"aioseo_notices":[],"aioseo_head":"\n\t\t<!-- All in One SEO Pro 4.7.0 - aioseo.com -->\n\t\t<meta name=\"description\" content=\"Cursuri de Ayurveda Concursuri de Ayurveda Conferinte de Ayurveda Congrese de Ayurveda Tabere de Ayurveda Cursuri de Ayurveda Concursuri de Ayurveda Conferinte de Ayurveda Congrese de Ayurveda Tabere de Ayurveda Concurs International de Ayurveda 2023 Concursul Interna\u021bional de Ayurveda 2023, organizat \u00een sistem on-line de AMN-Rom\u00e2nia \u00een colaborare cu DMIMS(DU)-India, se va desf\u0103\u0219ura \u00een dou\u0103\" \/>\n\t\t<meta name=\"robots\" content=\"max-image-preview:large\" \/>\n\t\t<meta name=\"google-site-verification\" content=\"G-391X30D2FS\" \/>\n\t\t<link rel=\"canonical\" href=\"https:\/\/amnromania.ro\/en\/competition-2023\/\" \/>\n\t\t<meta name=\"generator\" content=\"All in One SEO Pro (AIOSEO) 4.7.0\" \/>\n\t\t<meta property=\"og:locale\" content=\"en_US\" \/>\n\t\t<meta property=\"og:site_name\" content=\"AMN Ayurveda ROM\u00c2NIA | Asociatia Nationala pentru Promovarea Medicinelor Neconventionale\" \/>\n\t\t<meta property=\"og:type\" content=\"article\" \/>\n\t\t<meta property=\"og:title\" content=\"Concurs 2023 | AMN Ayurveda ROM\u00c2NIA\" \/>\n\t\t<meta property=\"og:description\" content=\"Cursuri de Ayurveda Concursuri de Ayurveda Conferinte de Ayurveda Congrese de Ayurveda Tabere de Ayurveda Cursuri de Ayurveda Concursuri de Ayurveda Conferinte de Ayurveda Congrese de Ayurveda Tabere de Ayurveda Concurs International de Ayurveda 2023 Concursul Interna\u021bional de Ayurveda 2023, organizat \u00een sistem on-line de AMN-Rom\u00e2nia \u00een colaborare cu DMIMS(DU)-India, se va desf\u0103\u0219ura \u00een dou\u0103\" \/>\n\t\t<meta property=\"og:url\" content=\"https:\/\/amnromania.ro\/en\/competition-2023\/\" \/>\n\t\t<meta property=\"og:image\" content=\"https:\/\/amnromania.ro\/ynorsyju\/2021\/06\/Ayurveda-in-Romania-Vol.-2-Ro.jpg\" \/>\n\t\t<meta property=\"og:image:secure_url\" content=\"https:\/\/amnromania.ro\/ynorsyju\/2021\/06\/Ayurveda-in-Romania-Vol.-2-Ro.jpg\" \/>\n\t\t<meta property=\"article:published_time\" content=\"2023-06-22T05:09:28+00:00\" \/>\n\t\t<meta property=\"article:modified_time\" content=\"2023-07-08T04:50:01+00:00\" \/>\n\t\t<meta property=\"article:publisher\" content=\"https:\/\/www.facebook.com\/AMNRomania\" \/>\n\t\t<script type=\"application\/ld+json\" class=\"aioseo-schema\">\n\t\t\t{\"@context\":\"https:\\\/\\\/schema.org\",\"@graph\":[{\"@type\":\"BreadcrumbList\",\"@id\":\"https:\\\/\\\/amnromania.ro\\\/en\\\/competition-2023\\\/#breadcrumblist\",\"itemListElement\":[{\"@type\":\"ListItem\",\"@id\":\"https:\\\/\\\/amnromania.ro\\\/en\\\/#listItem\",\"position\":1,\"name\":\"Home\",\"item\":\"https:\\\/\\\/amnromania.ro\\\/en\\\/\",\"nextItem\":\"https:\\\/\\\/amnromania.ro\\\/en\\\/competition-2023\\\/#listItem\"},{\"@type\":\"ListItem\",\"@id\":\"https:\\\/\\\/amnromania.ro\\\/en\\\/competition-2023\\\/#listItem\",\"position\":2,\"name\":\"Concurs 2023\",\"previousItem\":\"https:\\\/\\\/amnromania.ro\\\/en\\\/#listItem\"}]},{\"@type\":\"Organization\",\"@id\":\"https:\\\/\\\/amnromania.ro\\\/en\\\/#organization\",\"name\":\"AMN Ayurveda Romania\",\"url\":\"https:\\\/\\\/amnromania.ro\\\/en\\\/\",\"logo\":{\"@type\":\"ImageObject\",\"url\":\"https:\\\/\\\/amnromania.ro\\\/ynorsyju\\\/2020\\\/10\\\/amn.png\",\"@id\":\"https:\\\/\\\/amnromania.ro\\\/en\\\/competition-2023\\\/#organizationLogo\"},\"image\":{\"@id\":\"https:\\\/\\\/amnromania.ro\\\/en\\\/competition-2023\\\/#organizationLogo\"},\"sameAs\":[\"https:\\\/\\\/www.facebook.com\\\/AMNRomania\",\"https:\\\/\\\/www.youtube.com\\\/channel\\\/UClfqKxiq_uZ11rthDIT3-BQ\\\/videos\"]},{\"@type\":\"WebPage\",\"@id\":\"https:\\\/\\\/amnromania.ro\\\/en\\\/competition-2023\\\/#webpage\",\"url\":\"https:\\\/\\\/amnromania.ro\\\/en\\\/competition-2023\\\/\",\"name\":\"Concurs 2023 | AMN Ayurveda ROM\\u00c2NIA\",\"description\":\"Cursuri de Ayurveda Concursuri de Ayurveda Conferinte de Ayurveda Congrese de Ayurveda Tabere de Ayurveda Cursuri de Ayurveda Concursuri de Ayurveda Conferinte de Ayurveda Congrese de Ayurveda Tabere de Ayurveda Concurs International de Ayurveda 2023 Concursul Interna\\u021bional de Ayurveda 2023, organizat \\u00een sistem on-line de AMN-Rom\\u00e2nia \\u00een colaborare cu DMIMS(DU)-India, se va desf\\u0103\\u0219ura \\u00een dou\\u0103\",\"inLanguage\":\"en-US\",\"isPartOf\":{\"@id\":\"https:\\\/\\\/amnromania.ro\\\/en\\\/#website\"},\"breadcrumb\":{\"@id\":\"https:\\\/\\\/amnromania.ro\\\/en\\\/competition-2023\\\/#breadcrumblist\"},\"datePublished\":\"2023-06-22T07:09:28+02:00\",\"dateModified\":\"2023-07-08T06:50:01+02:00\"},{\"@type\":\"WebSite\",\"@id\":\"https:\\\/\\\/amnromania.ro\\\/en\\\/#website\",\"url\":\"https:\\\/\\\/amnromania.ro\\\/en\\\/\",\"name\":\"AMN Ayurveda ROM\\u00c2NIA\",\"description\":\"Asociatia Nationala pentru Promovarea Medicinelor Neconventionale\",\"inLanguage\":\"en-US\",\"publisher\":{\"@id\":\"https:\\\/\\\/amnromania.ro\\\/en\\\/#organization\"}}]}\n\t\t<\/script>\n\t\t<!-- All in One SEO Pro -->\r\n\t\t<title>Concurs 2023 | AMN Ayurveda ROM\u00c2NIA<\/title>\n\n","aioseo_head_json":{"title":"Concurs 2023 | AMN Ayurveda ROM\u00c2NIA","description":"Cursuri de Ayurveda Concursuri de Ayurveda Conferinte de Ayurveda Congrese de Ayurveda Tabere de Ayurveda Cursuri de Ayurveda Concursuri de Ayurveda Conferinte de Ayurveda Congrese de Ayurveda Tabere de Ayurveda Concurs International de Ayurveda 2023 Concursul Interna\u021bional de Ayurveda 2023, organizat \u00een sistem on-line de AMN-Rom\u00e2nia \u00een colaborare cu DMIMS(DU)-India, se va desf\u0103\u0219ura \u00een dou\u0103","canonical_url":"https:\/\/amnromania.ro\/en\/competition-2023\/","robots":"max-image-preview:large","keywords":"","webmasterTools":{"google-site-verification":"G-391X30D2FS","miscellaneous":""},"og:locale":"en_US","og:site_name":"AMN Ayurveda ROM\u00c2NIA | Asociatia Nationala pentru Promovarea Medicinelor Neconventionale","og:type":"article","og:title":"Concurs 2023 | AMN Ayurveda ROM\u00c2NIA","og:description":"Cursuri de Ayurveda Concursuri de Ayurveda Conferinte de Ayurveda Congrese de Ayurveda Tabere de Ayurveda Cursuri de Ayurveda Concursuri de Ayurveda Conferinte de Ayurveda Congrese de Ayurveda Tabere de Ayurveda Concurs International de Ayurveda 2023 Concursul Interna\u021bional de Ayurveda 2023, organizat \u00een sistem on-line de AMN-Rom\u00e2nia \u00een colaborare cu DMIMS(DU)-India, se va desf\u0103\u0219ura \u00een dou\u0103","og:url":"https:\/\/amnromania.ro\/en\/competition-2023\/","og:image":"https:\/\/amnromania.ro\/ynorsyju\/2021\/06\/Ayurveda-in-Romania-Vol.-2-Ro.jpg","og:image:secure_url":"https:\/\/amnromania.ro\/ynorsyju\/2021\/06\/Ayurveda-in-Romania-Vol.-2-Ro.jpg","article:published_time":"2023-06-22T05:09:28+00:00","article:modified_time":"2023-07-08T04:50:01+00:00","article:publisher":"https:\/\/www.facebook.com\/AMNRomania","schema":{"@context":"https:\/\/schema.org","@graph":[{"@type":"BreadcrumbList","@id":"https:\/\/amnromania.ro\/en\/competition-2023\/#breadcrumblist","itemListElement":[{"@type":"ListItem","@id":"https:\/\/amnromania.ro\/en\/#listItem","position":1,"name":"Home","item":"https:\/\/amnromania.ro\/en\/","nextItem":"https:\/\/amnromania.ro\/en\/competition-2023\/#listItem"},{"@type":"ListItem","@id":"https:\/\/amnromania.ro\/en\/competition-2023\/#listItem","position":2,"name":"Concurs 2023","previousItem":"https:\/\/amnromania.ro\/en\/#listItem"}]},{"@type":"Organization","@id":"https:\/\/amnromania.ro\/en\/#organization","name":"AMN Ayurveda Romania","url":"https:\/\/amnromania.ro\/en\/","logo":{"@type":"ImageObject","url":"https:\/\/amnromania.ro\/ynorsyju\/2020\/10\/amn.png","@id":"https:\/\/amnromania.ro\/en\/competition-2023\/#organizationLogo"},"image":{"@id":"https:\/\/amnromania.ro\/en\/competition-2023\/#organizationLogo"},"sameAs":["https:\/\/www.facebook.com\/AMNRomania","https:\/\/www.youtube.com\/channel\/UClfqKxiq_uZ11rthDIT3-BQ\/videos"]},{"@type":"WebPage","@id":"https:\/\/amnromania.ro\/en\/competition-2023\/#webpage","url":"https:\/\/amnromania.ro\/en\/competition-2023\/","name":"Concurs 2023 | AMN Ayurveda ROM\u00c2NIA","description":"Cursuri de Ayurveda Concursuri de Ayurveda Conferinte de Ayurveda Congrese de Ayurveda Tabere de Ayurveda Cursuri de Ayurveda Concursuri de Ayurveda Conferinte de Ayurveda Congrese de Ayurveda Tabere de Ayurveda Concurs International de Ayurveda 2023 Concursul Interna\u021bional de Ayurveda 2023, organizat \u00een sistem on-line de AMN-Rom\u00e2nia \u00een colaborare cu DMIMS(DU)-India, se va desf\u0103\u0219ura \u00een dou\u0103","inLanguage":"en-US","isPartOf":{"@id":"https:\/\/amnromania.ro\/en\/#website"},"breadcrumb":{"@id":"https:\/\/amnromania.ro\/en\/competition-2023\/#breadcrumblist"},"datePublished":"2023-06-22T07:09:28+02:00","dateModified":"2023-07-08T06:50:01+02:00"},{"@type":"WebSite","@id":"https:\/\/amnromania.ro\/en\/#website","url":"https:\/\/amnromania.ro\/en\/","name":"AMN Ayurveda ROM\u00c2NIA","description":"Asociatia Nationala pentru Promovarea Medicinelor Neconventionale","inLanguage":"en-US","publisher":{"@id":"https:\/\/amnromania.ro\/en\/#organization"}}]}},"aioseo_meta_data":{"post_id":"11299","title":null,"description":null,"keywords":"[]","keyphrases":"{\"focus\":{\"keyphrase\":\"\",\"score\":0,\"analysis\":{\"keyphraseInTitle\":{\"score\":0,\"maxScore\":9,\"error\":1}}},\"additional\":[]}","primary_term":null,"canonical_url":null,"og_title":null,"og_description":null,"og_object_type":"default","og_image_type":"default","og_image_url":null,"og_image_width":null,"og_image_height":null,"og_image_custom_url":null,"og_image_custom_fields":null,"og_video":"","og_custom_url":null,"og_article_section":null,"og_article_tags":"[]","twitter_use_og":false,"twitter_card":"default","twitter_image_type":"default","twitter_image_url":null,"twitter_image_custom_url":null,"twitter_image_custom_fields":null,"twitter_title":null,"twitter_description":null,"schema":{"blockGraphs":[],"customGraphs":[],"default":{"data":{"Article":[],"Course":[],"Dataset":[],"FAQPage":[],"Movie":[],"Person":[],"Product":[],"Recipe":[],"Service":[],"SoftwareApplication":[],"WebPage":{"id":"#aioseo-web-page-65b635887a019","slug":"web-page","graphName":"WebPage","label":"Web Page","properties":{"type":"WebPage","name":"","description":""}}},"graphName":"WebPage","isEnabled":true},"graphs":[]},"schema_type":"default","schema_type_options":"{\"article\":{\"articleType\":\"BlogPosting\"},\"course\":{\"name\":\"\",\"description\":\"\",\"provider\":\"\"},\"faq\":{\"pages\":[]},\"product\":{\"reviews\":[]},\"recipe\":{\"ingredients\":[],\"instructions\":[],\"keywords\":[]},\"software\":{\"reviews\":[],\"operatingSystems\":[]},\"webPage\":{\"webPageType\":\"WebPage\"},\"blockGraphs\":[]}","pillar_content":false,"robots_default":true,"robots_noindex":false,"robots_noarchive":false,"robots_nosnippet":false,"robots_nofollow":false,"robots_noimageindex":false,"robots_noodp":false,"robots_notranslate":false,"robots_max_snippet":"-1","robots_max_videopreview":"-1","robots_max_imagepreview":"large","priority":null,"frequency":"default","local_seo":null,"limit_modified_date":false,"open_ai":null,"created":"2023-06-22 05:09:16","updated":"2024-01-28 11:07:52"},"aioseo_breadcrumb":"<div class=\"aioseo-breadcrumbs\"><span class=\"aioseo-breadcrumb\">\n\t<a href=\"https:\/\/amnromania.ro\/en\" title=\"Home\">Home<\/a>\n<\/span><span class=\"aioseo-breadcrumb-separator\">&raquo;<\/span><span class=\"aioseo-breadcrumb\">\n\tConcurs 2023\n<\/span><\/div>","aioseo_breadcrumb_json":[{"label":"Home","link":"https:\/\/amnromania.ro\/en"},{"label":"Concurs 2023","link":"https:\/\/amnromania.ro\/en\/competition-2023\/"}],"_links":{"self":[{"href":"https:\/\/amnromania.ro\/en\/wp-json\/wp\/v2\/pages\/11299","targetHints":{"allow":["GET"]}}],"collection":[{"href":"https:\/\/amnromania.ro\/en\/wp-json\/wp\/v2\/pages"}],"about":[{"href":"https:\/\/amnromania.ro\/en\/wp-json\/wp\/v2\/types\/page"}],"author":[{"embeddable":true,"href":"https:\/\/amnromania.ro\/en\/wp-json\/wp\/v2\/users\/1"}],"replies":[{"embeddable":true,"href":"https:\/\/amnromania.ro\/en\/wp-json\/wp\/v2\/comments?post=11299"}],"version-history":[{"count":46,"href":"https:\/\/amnromania.ro\/en\/wp-json\/wp\/v2\/pages\/11299\/revisions"}],"predecessor-version":[{"id":11352,"href":"https:\/\/amnromania.ro\/en\/wp-json\/wp\/v2\/pages\/11299\/revisions\/11352"}],"wp:attachment":[{"href":"https:\/\/amnromania.ro\/en\/wp-json\/wp\/v2\/media?parent=11299"}],"curies":[{"name":"wp","href":"https:\/\/api.w.org\/{rel}","templated":true}]}}