{"id":11278,"date":"2023-06-22T06:57:40","date_gmt":"2023-06-22T04:57:40","guid":{"rendered":"https:\/\/amnromania.ro\/?page_id=11278"},"modified":"2023-08-02T14:18:33","modified_gmt":"2023-08-02T12:18:33","slug":"tabara-de-ayurveda-2023","status":"publish","type":"page","link":"https:\/\/amnromania.ro\/en\/tabara-de-ayurveda-2023\/","title":{"rendered":"Ayurveda Tabara 2023"},"content":{"rendered":"<div data-elementor-type=\"wp-page\" data-elementor-id=\"11278\" class=\"elementor elementor-11278\" data-elementor-post-type=\"page\">\n\t\t\t\t\t\t<section class=\"elementor-section elementor-top-section elementor-element elementor-element-c059961 elementor-section-boxed elementor-section-height-default elementor-section-height-default\" data-id=\"c059961\" data-element_type=\"section\">\n\t\t\t\t\t\t<div class=\"elementor-container elementor-column-gap-default\">\n\t\t\t\t\t<div class=\"elementor-column elementor-col-50 elementor-top-column elementor-element elementor-element-10eedd1\" data-id=\"10eedd1\" data-element_type=\"column\">\n\t\t\t<div class=\"elementor-widget-wrap elementor-element-populated\">\n\t\t\t\t\t\t<div class=\"elementor-element elementor-element-8512976 elementor-nav-menu__align-start elementor-nav-menu__text-align-center elementor-nav-menu--dropdown-tablet elementor-nav-menu--toggle elementor-nav-menu--burger elementor-widget elementor-widget-global elementor-global-4259 elementor-widget-nav-menu\" data-id=\"8512976\" data-element_type=\"widget\" data-settings=\"{&quot;layout&quot;:&quot;vertical&quot;,&quot;submenu_icon&quot;:{&quot;value&quot;:&quot;fas fa-caret-down&quot;,&quot;library&quot;:&quot;fa-solid&quot;},&quot;toggle&quot;:&quot;burger&quot;}\" data-widget_type=\"nav-menu.default\">\n\t\t\t\t<div class=\"elementor-widget-container\">\n\t\t\t\t\t\t\t\t<nav aria-label=\"Menu\" class=\"elementor-nav-menu--main elementor-nav-menu__container elementor-nav-menu--layout-vertical e--pointer-background e--animation-fade\">\n\t\t\t\t<ul id=\"menu-1-8512976\" class=\"elementor-nav-menu sm-vertical\"><li class=\"menu-item menu-item-type-post_type menu-item-object-page menu-item-4237\"><a href=\"https:\/\/amnromania.ro\/en\/activity\/ayurveda-courses\/\" class=\"elementor-item\">Ayurveda Courses<\/a><\/li>\n<li class=\"menu-item menu-item-type-post_type menu-item-object-page menu-item-4234\"><a href=\"https:\/\/amnromania.ro\/en\/activity\/ayurveda-contests\/\" class=\"elementor-item\">Ayurveda competitions<\/a><\/li>\n<li class=\"menu-item menu-item-type-post_type menu-item-object-page menu-item-4235\"><a href=\"https:\/\/amnromania.ro\/en\/activity\/ayurveda-conference\/\" class=\"elementor-item\">Ayurveda Conferences<\/a><\/li>\n<li class=\"menu-item menu-item-type-post_type menu-item-object-page menu-item-4236\"><a href=\"https:\/\/amnromania.ro\/en\/activity\/ayurveda-congress\/\" class=\"elementor-item\">Ayurveda Congress<\/a><\/li>\n<li class=\"menu-item menu-item-type-post_type menu-item-object-page menu-item-5535\"><a href=\"https:\/\/amnromania.ro\/en\/activity\/ayurveda-camps\/\" class=\"elementor-item\">Ayurveda Camps<\/a><\/li>\n<\/ul>\t\t\t<\/nav>\n\t\t\t\t\t<div class=\"elementor-menu-toggle\" role=\"button\" tabindex=\"0\" aria-label=\"Toggle menu\" aria-expanded=\"false\">\n\t\t\t<i aria-hidden=\"true\" role=\"presentation\" class=\"elementor-menu-toggle__icon--open eicon-menu-bar\"><\/i><i aria-hidden=\"true\" role=\"presentation\" class=\"elementor-menu-toggle__icon--close eicon-close\"><\/i>\t\t<\/div>\n\t\t\t\t\t<nav class=\"elementor-nav-menu--dropdown elementor-nav-menu__container\" aria-hidden=\"true\">\n\t\t\t\t<ul id=\"menu-2-8512976\" class=\"elementor-nav-menu sm-vertical\"><li class=\"menu-item menu-item-type-post_type menu-item-object-page menu-item-4237\"><a href=\"https:\/\/amnromania.ro\/en\/activity\/ayurveda-courses\/\" class=\"elementor-item\" tabindex=\"-1\">Ayurveda Courses<\/a><\/li>\n<li class=\"menu-item menu-item-type-post_type menu-item-object-page menu-item-4234\"><a href=\"https:\/\/amnromania.ro\/en\/activity\/ayurveda-contests\/\" class=\"elementor-item\" tabindex=\"-1\">Ayurveda competitions<\/a><\/li>\n<li class=\"menu-item menu-item-type-post_type menu-item-object-page menu-item-4235\"><a href=\"https:\/\/amnromania.ro\/en\/activity\/ayurveda-conference\/\" class=\"elementor-item\" tabindex=\"-1\">Ayurveda Conferences<\/a><\/li>\n<li class=\"menu-item menu-item-type-post_type menu-item-object-page menu-item-4236\"><a href=\"https:\/\/amnromania.ro\/en\/activity\/ayurveda-congress\/\" class=\"elementor-item\" tabindex=\"-1\">Ayurveda Congress<\/a><\/li>\n<li class=\"menu-item menu-item-type-post_type menu-item-object-page menu-item-5535\"><a href=\"https:\/\/amnromania.ro\/en\/activity\/ayurveda-camps\/\" class=\"elementor-item\" tabindex=\"-1\">Ayurveda Camps<\/a><\/li>\n<\/ul>\t\t\t<\/nav>\n\t\t\t\t\t\t<\/div>\n\t\t\t\t<\/div>\n\t\t\t\t\t<\/div>\n\t\t<\/div>\n\t\t\t\t<div class=\"elementor-column elementor-col-50 elementor-top-column elementor-element elementor-element-9275196\" data-id=\"9275196\" data-element_type=\"column\">\n\t\t\t<div class=\"elementor-widget-wrap elementor-element-populated\">\n\t\t\t\t\t\t<div class=\"elementor-element elementor-element-e6daddf elementor-widget elementor-widget-heading\" data-id=\"e6daddf\" data-element_type=\"widget\" data-widget_type=\"heading.default\">\n\t\t\t\t<div class=\"elementor-widget-container\">\n\t\t\t\t\t<h1 class=\"elementor-heading-title elementor-size-default\">Ayurveda Tabara 2023<\/h1>\t\t\t\t<\/div>\n\t\t\t\t<\/div>\n\t\t\t\t<div class=\"elementor-element elementor-element-9592ec4 elementor-widget elementor-widget-text-editor\" data-id=\"9592ec4\" data-element_type=\"widget\" data-widget_type=\"text-editor.default\">\n\t\t\t\t<div class=\"elementor-widget-container\">\n\t\t\t\t\t\t\t\t\t<h2><span style=\"color: var( --e-global-color-text ); font-family: var( --e-global-typography-text-font-family ), Sans-serif; font-size: var( --e-global-typography-text-font-size ); font-weight: var( --e-global-typography-text-font-weight );\">The Ayurveda Camp 2023 organized by AMN-Romania is held this year online on the ZOOM platform and has two stages:<\/span><\/h2><p><strong>Summer stage<\/strong><\/p><p>- part 1 - 23, 24, 25 June 2023<br \/>- part 2 - 28, 29, 30 July 2023<\/p><p><strong>Autumn stage<\/strong><\/p><p>part 1 - 27, 28, 29 October 2023<\/p><p>part 2 - 24, 25, 26 November 2023<\/p><p>Both AMN-Romania Ayurveda course participants and those who do not currently attend Ayurveda courses can register and participate in the Ayurveda Camp 2023 online programme.<\/p><p><strong>Information and registration:\u00a0<a href=\"https:\/\/tabere.amnromania.ro\/\" target=\"_blank\" rel=\"noopener\">camps.amnromania.ro<\/a><\/strong><\/p>\t\t\t\t\t\t\t\t<\/div>\n\t\t\t\t<\/div>\n\t\t\t\t<div class=\"elementor-element elementor-element-3a5a48f elementor-widget elementor-widget-text-editor\" data-id=\"3a5a48f\" data-element_type=\"widget\" data-widget_type=\"text-editor.default\">\n\t\t\t\t<div class=\"elementor-widget-container\">\n\t\t\t\t\t\t\t\t\t<div class=\"elementor-element elementor-element-4b6d7a2 elementor-widget elementor-widget-text-editor\" data-id=\"4b6d7a2\" data-element_type=\"widget\" data-widget_type=\"text-editor.default\"><div class=\"elementor-widget-container\"><p>Programme<\/p><p><strong>part 1 - 23-25 June 2023 SHAD-PADARTHA<\/strong><\/p><p>\u00a0<\/p><p style=\"text-align: center;\"><strong>23 June 2023<\/strong><\/p><p>\u00a0<\/p><p><strong>MORNING PROGRAMME:<\/strong><\/p><p>\u00a0<\/p><ul><li>The integral and unconditional consecration to God the Father of the fruits of the sublime subtle energy of the beginning of this spiritual manifestation<\/li><li>Overview of the Ayurveda Camp 2023 programme - summer phase - part 1<\/li><li>Gradual manifestation of the subtle spherical spiritual field of the Ayurveda Camp 2023 - summer stage - part 1<\/li><li>Inner call of guiding spiritual manifestation and subtle-telepathic support of the Spiritual Guide<\/li><li>The intense, fervent and frantically aspiring invocation of the manifestation of God's grace and of the transforming and profoundly inspiring presence of God the Father<\/li><li>The state of deep spiritual communion with the great sage Kapila<\/li><\/ul><p>\u00a0<\/p><p><strong>AFTERNOON PROGRAMME:<\/strong><\/p><p>\u00a0<\/p><ul><li>Revealing with the intuitive guidance of God the Father the mystical reality of the universal Principle of sameness (Samanya-Padartha)<\/li><li>The revelation with the intuitive guidance of God the Father of the mystical reality of the universal Principle of differentiation of subtle-vibratory manifestations (Vishesha-Padartha)<\/li><\/ul><p>\u00a0<\/p><p style=\"text-align: center;\"><strong>24 JUNE 2023<\/strong><\/p><p>\u00a0<\/p><p><strong>MORNING PROGRAMME:<\/strong><\/p><p>\u00a0<\/p><ul><li>The state of deep spiritual communion with the sage Asita<\/li><li>Revelation with the intuitive guidance of God the Father of the mystical reality of the Universal Principle of Substantiality (Dravya-Padartha)<\/li><\/ul><p>\u00a0<\/p><p><strong>AFTERNOON PROGRAMME:<\/strong><\/p><p>\u00a0<\/p><ul><li>Revealing with the intuitive guidance of God the Father the reality of the universal mystical principle of qualitative ordering (Guna-Padartha)<\/li><li>Revealing with the intuitive guidance of God the Father the mystical reality of the Universal Principle of Action (Karman-Padartha)<\/li><\/ul><p>\u00a0<\/p><p style=\"text-align: center;\"><strong>25 June 2023<\/strong><\/p><p>\u00a0<\/p><p><strong>MORNING PROGRAMME<\/strong><\/p><p>\u00a0<\/p><ul><li>The state of deep spiritual communion with the sage Variovida<\/li><li>Revealing with the intuitive guidance of God the Father the mystical reality of the universal Principle of inseparable simultaneity (Samavaya-Padartha)<\/li><\/ul><p>\u00a0<\/p><p><strong>AFTERNOON PROGRAMME<\/strong><\/p><p>\u00a0<\/p><ul><li>Revealing with the intuitive guidance of God the Father the synthetic understanding of the six universal Principles of esoteric knowledge of Ayurveda (Samyoga-SarvaPadartha)<\/li><li>The state of ample, humble and profound gratitude to God the Father for the Divine Grace that has been offered to us in this spiritual manifestation.<\/li><li>Loving gratitude to the Spiritual Guide for the subtle spiritual support offered in this spiritual manifestation<\/li><li>Gradual reabsorption of the subtle spherical spiritual field of the Ayurveda Camp 2023 - summer stage - part 1<\/li><\/ul><p>\u00a0<\/p><p>\u00a0<\/p><p><strong>part 2 - 28-30 July 2023 GUPTA-CIKITSA<\/strong><\/p><p>\u00a0<\/p><p style=\"text-align: center;\"><strong>28 July 2023<\/strong><\/p><p>\u00a0<\/p><p>MORNING PROGRAMME:<\/p><p>\u00a0<\/p><ul><li>Overview of the Ayurveda Camp 2023 programme - summer phase - part 2<\/li><li>Gradual manifestation of the subtle spherical spiritual field of the Ayurveda Camp 2023 - summer stage - part 2<\/li><li>Inner call of guiding spiritual manifestation and subtle-telepathic support of the Spiritual Guide<\/li><li>The intense, fervent and frantically aspiring invocation of the manifestation of God's grace and of the transforming and profoundly inspiring presence of God the Father<\/li><li>The state of deep spiritual communion with the great sage Atreya<\/li><\/ul><p>\u00a0<\/p><p><strong>AFTERNOON PROGRAMME:<\/strong><\/p><p>\u00a0<\/p><ul><li>Revelation with the intuitive guidance of God the Father of the mystical manifestations of the subtle internal ordering flow (Abhyantara-Pravaha)<\/li><li>Revelation with the intuitive guidance of God the Father of the mystical manifestations of the subtle ordering stream of reference (Sandarbha-Pravaha)<\/li><\/ul><p>\u00a0<\/p><p style=\"text-align: center;\"><strong>29 July 2023<\/strong><\/p><p>\u00a0<\/p><p><strong>MORNING PROGRAMME:<\/strong><\/p><p>\u00a0<\/p><ul><li>The state of deep spiritual communion with the great sage Jamadagni<\/li><li>Revelation with the help of God the Father's intuitive guidance of the subtle manifestations of the subtle functional ordering flow (Vyapara-Pravaha)<\/li><\/ul><p>\u00a0<\/p><p><strong>AFTERNOON PROGRAMME:<\/strong><\/p><p>\u00a0<\/p><ul><li>Revealing with the help of God the Father's intuitive guidance the subtle manifestations of the subtle ordering flow of maintenance (Niragha-Pravaha)<\/li><li>Revelation with the intuitive guidance of God the Father of the mystical manifestations of the subtle normative ordering flow (Virodha-Pravaha)<\/li><\/ul><p>\u00a0<\/p><p style=\"text-align: center;\"><strong>30 July 2023<\/strong><\/p><p>\u00a0<\/p><p><strong>MORNING PROGRAMME:<\/strong><\/p><p>\u00a0<\/p><ul><li>The state of deep spiritual communion with the great sage Bharadvaja<\/li><li>Revelation with the intuitive guidance of God the Father of the mystical manifestations of the subtle regulating flow (Akramana-Pravaha)<\/li><\/ul><p>\u00a0<\/p><p><strong>AFTERNOON PROGRAMME:<\/strong><\/p><p>\u00a0<\/p><ul><li>Revelation with the intuitive guidance of God the Father of the mystical manifestations of the subtle aggregate ordering flow (Samuchaya-Pravaha)<\/li><li>The state of ample, humble and profound gratitude to God the Father for the Divine Grace that has been offered to us in this spiritual manifestation.<\/li><li>Loving meditation of gratitude to the Spirit Guide for the subtle spiritual support offered in this spiritual manifestation<\/li><li>Gradual reabsorption of the subtle spherical spiritual field of the Ayurveda Camp 2023 - summer phase - part 2<\/li><\/ul><p>\u00a0<\/p><\/div><\/div><div class=\"elementor-element elementor-element-dc632ad elementor-widget elementor-widget-text-editor\" data-id=\"dc632ad\" data-element_type=\"widget\" data-widget_type=\"text-editor.default\"><div class=\"elementor-widget-container\">\u00a0<\/div><\/div>\t\t\t\t\t\t\t\t<\/div>\n\t\t\t\t<\/div>\n\t\t\t\t\t<\/div>\n\t\t<\/div>\n\t\t\t\t\t<\/div>\n\t\t<\/section>\n\t\t\t\t<\/div>","protected":false},"excerpt":{"rendered":"<p>Ayurveda Camp 2023 The Ayurveda Camp 2023 organized by AMN-Romania is held this year online on the ZOOM platform and has two stages: summer stage - part 1 - 23, 24, 25 June 2023- part 2 - 28, 29, 30 July 2023 autumn stage - part 1 - 27, 28, 29 [...]<\/p>","protected":false},"author":1,"featured_media":0,"parent":0,"menu_order":0,"comment_status":"closed","ping_status":"closed","template":"","meta":{"_mi_skip_tracking":false,"_analytify_skip_tracking":false,"footnotes":""},"class_list":["post-11278","page","type-page","status-publish","hentry"],"aioseo_notices":[],"aioseo_head":"\n\t\t<!-- All in One SEO Pro 4.7.0 - aioseo.com -->\n\t\t<meta name=\"description\" content=\"Cursuri de Ayurveda Concursuri de Ayurveda Conferinte de Ayurveda Congrese de Ayurveda Tabere de Ayurveda Cursuri de Ayurveda Concursuri de Ayurveda Conferinte de Ayurveda Congrese de Ayurveda Tabere de Ayurveda Tabara de Ayurveda 2023 Tab\u0103ra de Ayurveda 2023 organizat\u0103 de AMN-Rom\u00e2nia se desf\u0103\u0219oar\u0103 \u00een acest an \u00een sistem on-line pe platforma ZOOM si are dou\u0103\" \/>\n\t\t<meta name=\"robots\" content=\"max-image-preview:large\" \/>\n\t\t<meta name=\"google-site-verification\" content=\"G-391X30D2FS\" \/>\n\t\t<link rel=\"canonical\" href=\"https:\/\/amnromania.ro\/en\/tabara-de-ayurveda-2023\/\" \/>\n\t\t<meta name=\"generator\" content=\"All in One SEO Pro (AIOSEO) 4.7.0\" \/>\n\t\t<meta property=\"og:locale\" content=\"en_US\" \/>\n\t\t<meta property=\"og:site_name\" content=\"AMN Ayurveda ROM\u00c2NIA | Asociatia Nationala pentru Promovarea Medicinelor Neconventionale\" \/>\n\t\t<meta property=\"og:type\" content=\"article\" \/>\n\t\t<meta property=\"og:title\" content=\"Tabara de Ayurveda 2023 | AMN Ayurveda ROM\u00c2NIA\" \/>\n\t\t<meta property=\"og:description\" content=\"Cursuri de Ayurveda Concursuri de Ayurveda Conferinte de Ayurveda Congrese de Ayurveda Tabere de Ayurveda Cursuri de Ayurveda Concursuri de Ayurveda Conferinte de Ayurveda Congrese de Ayurveda Tabere de Ayurveda Tabara de Ayurveda 2023 Tab\u0103ra de Ayurveda 2023 organizat\u0103 de AMN-Rom\u00e2nia se desf\u0103\u0219oar\u0103 \u00een acest an \u00een sistem on-line pe platforma ZOOM si are dou\u0103\" \/>\n\t\t<meta property=\"og:url\" content=\"https:\/\/amnromania.ro\/en\/tabara-de-ayurveda-2023\/\" \/>\n\t\t<meta property=\"og:image\" content=\"https:\/\/amnromania.ro\/ynorsyju\/2021\/06\/Ayurveda-in-Romania-Vol.-2-Ro.jpg\" \/>\n\t\t<meta property=\"og:image:secure_url\" content=\"https:\/\/amnromania.ro\/ynorsyju\/2021\/06\/Ayurveda-in-Romania-Vol.-2-Ro.jpg\" \/>\n\t\t<meta property=\"article:published_time\" content=\"2023-06-22T04:57:40+00:00\" \/>\n\t\t<meta property=\"article:modified_time\" content=\"2023-08-02T12:18:33+00:00\" \/>\n\t\t<meta property=\"article:publisher\" content=\"https:\/\/www.facebook.com\/AMNRomania\" \/>\n\t\t<script type=\"application\/ld+json\" class=\"aioseo-schema\">\n\t\t\t{\"@context\":\"https:\\\/\\\/schema.org\",\"@graph\":[{\"@type\":\"BreadcrumbList\",\"@id\":\"https:\\\/\\\/amnromania.ro\\\/en\\\/tabara-de-ayurveda-2023\\\/#breadcrumblist\",\"itemListElement\":[{\"@type\":\"ListItem\",\"@id\":\"https:\\\/\\\/amnromania.ro\\\/en\\\/#listItem\",\"position\":1,\"name\":\"Home\",\"item\":\"https:\\\/\\\/amnromania.ro\\\/en\\\/\",\"nextItem\":\"https:\\\/\\\/amnromania.ro\\\/en\\\/tabara-de-ayurveda-2023\\\/#listItem\"},{\"@type\":\"ListItem\",\"@id\":\"https:\\\/\\\/amnromania.ro\\\/en\\\/tabara-de-ayurveda-2023\\\/#listItem\",\"position\":2,\"name\":\"Tabara de Ayurveda 2023\",\"previousItem\":\"https:\\\/\\\/amnromania.ro\\\/en\\\/#listItem\"}]},{\"@type\":\"Organization\",\"@id\":\"https:\\\/\\\/amnromania.ro\\\/en\\\/#organization\",\"name\":\"AMN Ayurveda Romania\",\"url\":\"https:\\\/\\\/amnromania.ro\\\/en\\\/\",\"logo\":{\"@type\":\"ImageObject\",\"url\":\"https:\\\/\\\/amnromania.ro\\\/ynorsyju\\\/2020\\\/10\\\/amn.png\",\"@id\":\"https:\\\/\\\/amnromania.ro\\\/en\\\/tabara-de-ayurveda-2023\\\/#organizationLogo\"},\"image\":{\"@id\":\"https:\\\/\\\/amnromania.ro\\\/en\\\/tabara-de-ayurveda-2023\\\/#organizationLogo\"},\"sameAs\":[\"https:\\\/\\\/www.facebook.com\\\/AMNRomania\",\"https:\\\/\\\/www.youtube.com\\\/channel\\\/UClfqKxiq_uZ11rthDIT3-BQ\\\/videos\"]},{\"@type\":\"WebPage\",\"@id\":\"https:\\\/\\\/amnromania.ro\\\/en\\\/tabara-de-ayurveda-2023\\\/#webpage\",\"url\":\"https:\\\/\\\/amnromania.ro\\\/en\\\/tabara-de-ayurveda-2023\\\/\",\"name\":\"Tabara de Ayurveda 2023 | AMN Ayurveda ROM\\u00c2NIA\",\"description\":\"Cursuri de Ayurveda Concursuri de Ayurveda Conferinte de Ayurveda Congrese de Ayurveda Tabere de Ayurveda Cursuri de Ayurveda Concursuri de Ayurveda Conferinte de Ayurveda Congrese de Ayurveda Tabere de Ayurveda Tabara de Ayurveda 2023 Tab\\u0103ra de Ayurveda 2023 organizat\\u0103 de AMN-Rom\\u00e2nia se desf\\u0103\\u0219oar\\u0103 \\u00een acest an \\u00een sistem on-line pe platforma ZOOM si are dou\\u0103\",\"inLanguage\":\"en-US\",\"isPartOf\":{\"@id\":\"https:\\\/\\\/amnromania.ro\\\/en\\\/#website\"},\"breadcrumb\":{\"@id\":\"https:\\\/\\\/amnromania.ro\\\/en\\\/tabara-de-ayurveda-2023\\\/#breadcrumblist\"},\"datePublished\":\"2023-06-22T06:57:40+02:00\",\"dateModified\":\"2023-08-02T14:18:33+02:00\"},{\"@type\":\"WebSite\",\"@id\":\"https:\\\/\\\/amnromania.ro\\\/en\\\/#website\",\"url\":\"https:\\\/\\\/amnromania.ro\\\/en\\\/\",\"name\":\"AMN Ayurveda ROM\\u00c2NIA\",\"description\":\"Asociatia Nationala pentru Promovarea Medicinelor Neconventionale\",\"inLanguage\":\"en-US\",\"publisher\":{\"@id\":\"https:\\\/\\\/amnromania.ro\\\/en\\\/#organization\"}}]}\n\t\t<\/script>\n\t\t<!-- All in One SEO Pro -->\r\n\t\t<title>Tabara de Ayurveda 2023 | AMN Ayurveda ROM\u00c2NIA<\/title>\n\n","aioseo_head_json":{"title":"Tabara de Ayurveda 2023 | AMN Ayurveda ROM\u00c2NIA","description":"Cursuri de Ayurveda Concursuri de Ayurveda Conferinte de Ayurveda Congrese de Ayurveda Tabere de Ayurveda Cursuri de Ayurveda Concursuri de Ayurveda Conferinte de Ayurveda Congrese de Ayurveda Tabere de Ayurveda Tabara de Ayurveda 2023 Tab\u0103ra de Ayurveda 2023 organizat\u0103 de AMN-Rom\u00e2nia se desf\u0103\u0219oar\u0103 \u00een acest an \u00een sistem on-line pe platforma ZOOM si are dou\u0103","canonical_url":"https:\/\/amnromania.ro\/en\/tabara-de-ayurveda-2023\/","robots":"max-image-preview:large","keywords":"","webmasterTools":{"google-site-verification":"G-391X30D2FS","miscellaneous":""},"og:locale":"en_US","og:site_name":"AMN Ayurveda ROM\u00c2NIA | Asociatia Nationala pentru Promovarea Medicinelor Neconventionale","og:type":"article","og:title":"Tabara de Ayurveda 2023 | AMN Ayurveda ROM\u00c2NIA","og:description":"Cursuri de Ayurveda Concursuri de Ayurveda Conferinte de Ayurveda Congrese de Ayurveda Tabere de Ayurveda Cursuri de Ayurveda Concursuri de Ayurveda Conferinte de Ayurveda Congrese de Ayurveda Tabere de Ayurveda Tabara de Ayurveda 2023 Tab\u0103ra de Ayurveda 2023 organizat\u0103 de AMN-Rom\u00e2nia se desf\u0103\u0219oar\u0103 \u00een acest an \u00een sistem on-line pe platforma ZOOM si are dou\u0103","og:url":"https:\/\/amnromania.ro\/en\/tabara-de-ayurveda-2023\/","og:image":"https:\/\/amnromania.ro\/ynorsyju\/2021\/06\/Ayurveda-in-Romania-Vol.-2-Ro.jpg","og:image:secure_url":"https:\/\/amnromania.ro\/ynorsyju\/2021\/06\/Ayurveda-in-Romania-Vol.-2-Ro.jpg","article:published_time":"2023-06-22T04:57:40+00:00","article:modified_time":"2023-08-02T12:18:33+00:00","article:publisher":"https:\/\/www.facebook.com\/AMNRomania","schema":{"@context":"https:\/\/schema.org","@graph":[{"@type":"BreadcrumbList","@id":"https:\/\/amnromania.ro\/en\/tabara-de-ayurveda-2023\/#breadcrumblist","itemListElement":[{"@type":"ListItem","@id":"https:\/\/amnromania.ro\/en\/#listItem","position":1,"name":"Home","item":"https:\/\/amnromania.ro\/en\/","nextItem":"https:\/\/amnromania.ro\/en\/tabara-de-ayurveda-2023\/#listItem"},{"@type":"ListItem","@id":"https:\/\/amnromania.ro\/en\/tabara-de-ayurveda-2023\/#listItem","position":2,"name":"Tabara de Ayurveda 2023","previousItem":"https:\/\/amnromania.ro\/en\/#listItem"}]},{"@type":"Organization","@id":"https:\/\/amnromania.ro\/en\/#organization","name":"AMN Ayurveda Romania","url":"https:\/\/amnromania.ro\/en\/","logo":{"@type":"ImageObject","url":"https:\/\/amnromania.ro\/ynorsyju\/2020\/10\/amn.png","@id":"https:\/\/amnromania.ro\/en\/tabara-de-ayurveda-2023\/#organizationLogo"},"image":{"@id":"https:\/\/amnromania.ro\/en\/tabara-de-ayurveda-2023\/#organizationLogo"},"sameAs":["https:\/\/www.facebook.com\/AMNRomania","https:\/\/www.youtube.com\/channel\/UClfqKxiq_uZ11rthDIT3-BQ\/videos"]},{"@type":"WebPage","@id":"https:\/\/amnromania.ro\/en\/tabara-de-ayurveda-2023\/#webpage","url":"https:\/\/amnromania.ro\/en\/tabara-de-ayurveda-2023\/","name":"Tabara de Ayurveda 2023 | AMN Ayurveda ROM\u00c2NIA","description":"Cursuri de Ayurveda Concursuri de Ayurveda Conferinte de Ayurveda Congrese de Ayurveda Tabere de Ayurveda Cursuri de Ayurveda Concursuri de Ayurveda Conferinte de Ayurveda Congrese de Ayurveda Tabere de Ayurveda Tabara de Ayurveda 2023 Tab\u0103ra de Ayurveda 2023 organizat\u0103 de AMN-Rom\u00e2nia se desf\u0103\u0219oar\u0103 \u00een acest an \u00een sistem on-line pe platforma ZOOM si are dou\u0103","inLanguage":"en-US","isPartOf":{"@id":"https:\/\/amnromania.ro\/en\/#website"},"breadcrumb":{"@id":"https:\/\/amnromania.ro\/en\/tabara-de-ayurveda-2023\/#breadcrumblist"},"datePublished":"2023-06-22T06:57:40+02:00","dateModified":"2023-08-02T14:18:33+02:00"},{"@type":"WebSite","@id":"https:\/\/amnromania.ro\/en\/#website","url":"https:\/\/amnromania.ro\/en\/","name":"AMN Ayurveda ROM\u00c2NIA","description":"Asociatia Nationala pentru Promovarea Medicinelor Neconventionale","inLanguage":"en-US","publisher":{"@id":"https:\/\/amnromania.ro\/en\/#organization"}}]}},"aioseo_meta_data":{"post_id":"11278","title":null,"description":null,"keywords":"[]","keyphrases":"{\"focus\":{\"keyphrase\":\"\",\"score\":0,\"analysis\":{\"keyphraseInTitle\":{\"score\":0,\"maxScore\":9,\"error\":1}}},\"additional\":[]}","primary_term":null,"canonical_url":null,"og_title":null,"og_description":null,"og_object_type":"default","og_image_type":"default","og_image_url":null,"og_image_width":null,"og_image_height":null,"og_image_custom_url":null,"og_image_custom_fields":null,"og_video":"","og_custom_url":null,"og_article_section":null,"og_article_tags":"[]","twitter_use_og":false,"twitter_card":"default","twitter_image_type":"default","twitter_image_url":null,"twitter_image_custom_url":null,"twitter_image_custom_fields":null,"twitter_title":null,"twitter_description":null,"schema":{"blockGraphs":[],"customGraphs":[],"default":{"data":{"Article":[],"Course":[],"Dataset":[],"FAQPage":[],"Movie":[],"Person":[],"Product":[],"Recipe":[],"Service":[],"SoftwareApplication":[],"WebPage":{"id":"#aioseo-web-page-65b6358878882","slug":"web-page","graphName":"WebPage","label":"Web Page","properties":{"type":"WebPage","name":"","description":""}}},"graphName":"WebPage","isEnabled":true},"graphs":[]},"schema_type":"default","schema_type_options":"{\"article\":{\"articleType\":\"BlogPosting\"},\"course\":{\"name\":\"\",\"description\":\"\",\"provider\":\"\"},\"faq\":{\"pages\":[]},\"product\":{\"reviews\":[]},\"recipe\":{\"ingredients\":[],\"instructions\":[],\"keywords\":[]},\"software\":{\"reviews\":[],\"operatingSystems\":[]},\"webPage\":{\"webPageType\":\"WebPage\"},\"blockGraphs\":[]}","pillar_content":false,"robots_default":true,"robots_noindex":false,"robots_noarchive":false,"robots_nosnippet":false,"robots_nofollow":false,"robots_noimageindex":false,"robots_noodp":false,"robots_notranslate":false,"robots_max_snippet":"-1","robots_max_videopreview":"-1","robots_max_imagepreview":"large","priority":null,"frequency":"default","local_seo":null,"limit_modified_date":false,"open_ai":null,"created":"2023-06-22 04:57:25","updated":"2024-01-28 11:07:52"},"aioseo_breadcrumb":"<div class=\"aioseo-breadcrumbs\"><span class=\"aioseo-breadcrumb\">\n\t<a href=\"https:\/\/amnromania.ro\/en\" title=\"Home\">Home<\/a>\n<\/span><span class=\"aioseo-breadcrumb-separator\">&raquo;<\/span><span class=\"aioseo-breadcrumb\">\n\tTabara de Ayurveda 2023\n<\/span><\/div>","aioseo_breadcrumb_json":[{"label":"Home","link":"https:\/\/amnromania.ro\/en"},{"label":"Tabara de Ayurveda 2023","link":"https:\/\/amnromania.ro\/en\/tabara-de-ayurveda-2023\/"}],"_links":{"self":[{"href":"https:\/\/amnromania.ro\/en\/wp-json\/wp\/v2\/pages\/11278","targetHints":{"allow":["GET"]}}],"collection":[{"href":"https:\/\/amnromania.ro\/en\/wp-json\/wp\/v2\/pages"}],"about":[{"href":"https:\/\/amnromania.ro\/en\/wp-json\/wp\/v2\/types\/page"}],"author":[{"embeddable":true,"href":"https:\/\/amnromania.ro\/en\/wp-json\/wp\/v2\/users\/1"}],"replies":[{"embeddable":true,"href":"https:\/\/amnromania.ro\/en\/wp-json\/wp\/v2\/comments?post=11278"}],"version-history":[{"count":22,"href":"https:\/\/amnromania.ro\/en\/wp-json\/wp\/v2\/pages\/11278\/revisions"}],"predecessor-version":[{"id":11356,"href":"https:\/\/amnromania.ro\/en\/wp-json\/wp\/v2\/pages\/11278\/revisions\/11356"}],"wp:attachment":[{"href":"https:\/\/amnromania.ro\/en\/wp-json\/wp\/v2\/media?parent=11278"}],"curies":[{"name":"wp","href":"https:\/\/api.w.org\/{rel}","templated":true}]}}